{"id":8665,"date":"2024-09-10T08:43:13","date_gmt":"2024-09-10T08:43:13","guid":{"rendered":"https:\/\/alchemy-asia.com\/vi\/?post_type=product&#038;p=8665"},"modified":"2024-09-10T08:43:13","modified_gmt":"2024-09-10T08:43:13","slug":"the-famous-grouse-smoky-black","status":"publish","type":"product","link":"https:\/\/alchemy-asia.com\/vi\/san-pham\/the-famous-grouse-smoky-black\/","title":{"rendered":"The Famous Grouse Smoky Black"},"content":{"rendered":"","protected":false},"excerpt":{"rendered":"<p data-sourcepos=\"5:1-5:20\"><strong>V\u1ecb kh\u00f3i quy\u1ebfn r\u0169<\/strong><\/p>\n<p data-sourcepos=\"7:1-7:78\">Kh\u00e1m ph\u00e1 m\u1ed9t kh\u00eda c\u1ea1nh m\u1edbi m\u1ebb c\u1ee7a The Famous Grouse v\u1edbi phi\u00ean b\u1ea3n Smoky Black.<\/p>\n<p data-sourcepos=\"9:1-9:117\">\u0110\u01b0\u1ee3c pha tr\u1ed9n chuy\u00ean nghi\u1ec7p t\u1eeb m\u1ea1ch nha than b\u00f9n hi\u1ebfm c\u00f3, t\u1ea1o n\u00ean m\u1ed9t lo\u1ea1i r\u01b0\u1ee3u whisky th\u01a1m kh\u00f3i nh\u01b0ng v\u1eabn ng\u1ecdt ng\u00e0o.<\/p>\n<p data-sourcepos=\"11:1-11:34\">M\u01b0\u1ee3t m\u00e0, c\u00f3 v\u1ecb than b\u00f9n v\u00e0 th\u01a1m ng\u00e1t, \u0111\u00e2y l\u00e0 m\u1ed9t s\u1ef1 pha tr\u1ed9n ph\u1ee9c h\u1ee3p nh\u01b0ng d\u1ec5 th\u01b0\u1edfng th\u1ee9c v\u1edbi h\u01b0\u01a1ng tr\u00e1i c\u00e2y kh\u00f4 v\u00e0 kh\u00f3i thoang tho\u1ea3ng.<\/p>\n<p data-sourcepos=\"13:1-13:13\"><strong>\u0110\u1eb7c \u0111i\u1ec3m:<\/strong><\/p>\n<ul data-sourcepos=\"15:1-18:32\">\n<li data-sourcepos=\"15:1-15:50\"><strong>Ngo\u1ea1i quan:<\/strong> M\u00e0u v\u00e0ng n\u00e2u s\u1eabm, trong v\u00e0 s\u00e1ng.<\/li>\n<li data-sourcepos=\"16:1-16:37\"><strong>H\u01b0\u01a1ng th\u01a1m:<\/strong> Kh\u00f3i, th\u01a1m, \u0111\u1eadm \u0111\u00e0.<\/li>\n<li data-sourcepos=\"17:1-17:82\"><strong>V\u1ecb:<\/strong> Tr\u00e1i c\u00e2y kh\u00f4 v\u00e0 gia v\u1ecb (th\u1ea3o h\u1ed3i\/\u0111inh h\u01b0\u01a1ng), c\u00f3 kh\u00f3i nh\u01b0ng v\u1eabn m\u01b0\u1ee3t m\u00e0.<\/li>\n<li data-sourcepos=\"18:1-18:32\"><strong>H\u1eadu v\u1ecb:<\/strong> D\u00e0i, ng\u1ecdt v\u00e0 kh\u00f3i.<\/li>\n<\/ul>\n","protected":false},"featured_media":8666,"comment_status":"open","ping_status":"closed","template":"","meta":{"_acf_changed":false},"product_cat":[57],"product_tag":[],"class_list":{"0":"post-8665","1":"product","2":"type-product","3":"status-publish","4":"has-post-thumbnail","6":"product_cat-scotch-whisky-blended","7":"brand-the-famous-grouse","9":"first","10":"instock","11":"shipping-taxable","12":"product-type-simple"},"acf":[],"yoast_head":"<!-- This site is optimized with the Yoast SEO plugin v23.0 - https:\/\/yoast.com\/wordpress\/plugins\/seo\/ -->\n<title>The Famous Grouse Smoky Black - Alchemy Asia<\/title>\n<meta name=\"robots\" content=\"index, follow, max-snippet:-1, max-image-preview:large, max-video-preview:-1\" \/>\n<link rel=\"canonical\" href=\"https:\/\/alchemy-asia.com\/vi\/san-pham\/the-famous-grouse-smoky-black\/\" \/>\n<meta property=\"og:locale\" content=\"vi_VN\" \/>\n<meta property=\"og:type\" content=\"article\" \/>\n<meta property=\"og:title\" content=\"The Famous Grouse Smoky Black - Alchemy Asia\" \/>\n<meta property=\"og:description\" content=\"V\u1ecb kh\u00f3i quy\u1ebfn r\u0169 Kh\u00e1m ph\u00e1 m\u1ed9t kh\u00eda c\u1ea1nh m\u1edbi m\u1ebb c\u1ee7a The Famous Grouse v\u1edbi phi\u00ean b\u1ea3n Smoky Black. \u0110\u01b0\u1ee3c pha tr\u1ed9n chuy\u00ean nghi\u1ec7p t\u1eeb m\u1ea1ch nha than b\u00f9n hi\u1ebfm c\u00f3, t\u1ea1o n\u00ean m\u1ed9t lo\u1ea1i r\u01b0\u1ee3u whisky th\u01a1m kh\u00f3i nh\u01b0ng v\u1eabn ng\u1ecdt ng\u00e0o. M\u01b0\u1ee3t m\u00e0, c\u00f3 v\u1ecb than b\u00f9n v\u00e0 th\u01a1m ng\u00e1t, \u0111\u00e2y l\u00e0 m\u1ed9t s\u1ef1 pha tr\u1ed9n ph\u1ee9c h\u1ee3p nh\u01b0ng d\u1ec5 th\u01b0\u1edfng th\u1ee9c v\u1edbi h\u01b0\u01a1ng tr\u00e1i c\u00e2y kh\u00f4 v\u00e0 kh\u00f3i thoang tho\u1ea3ng. \u0110\u1eb7c \u0111i\u1ec3m:    Ngo\u1ea1i quan: M\u00e0u v\u00e0ng n\u00e2u s\u1eabm, trong v\u00e0 s\u00e1ng.  H\u01b0\u01a1ng th\u01a1m: Kh\u00f3i, th\u01a1m, \u0111\u1eadm \u0111\u00e0.  V\u1ecb: Tr\u00e1i c\u00e2y kh\u00f4 v\u00e0 gia v\u1ecb (th\u1ea3o h\u1ed3i\/\u0111inh h\u01b0\u01a1ng), c\u00f3 kh\u00f3i nh\u01b0ng v\u1eabn m\u01b0\u1ee3t m\u00e0.  H\u1eadu v\u1ecb: D\u00e0i, ng\u1ecdt v\u00e0 kh\u00f3i.\" \/>\n<meta property=\"og:url\" content=\"https:\/\/alchemy-asia.com\/vi\/san-pham\/the-famous-grouse-smoky-black\/\" \/>\n<meta property=\"og:site_name\" content=\"Alchemy Asia\" \/>\n<meta property=\"og:image\" content=\"https:\/\/alchemy-asia.com\/vi\/wp-content\/uploads\/sites\/3\/2024\/07\/Untitled-1-9.png\" \/>\n\t<meta property=\"og:image:width\" content=\"2480\" \/>\n\t<meta property=\"og:image:height\" content=\"2480\" \/>\n\t<meta property=\"og:image:type\" content=\"image\/png\" \/>\n<meta name=\"twitter:card\" content=\"summary_large_image\" \/>\n<meta name=\"twitter:label1\" content=\"\u01af\u1edbc t\u00ednh th\u1eddi gian \u0111\u1ecdc\" \/>\n\t<meta name=\"twitter:data1\" content=\"1 ph\u00fat\" \/>\n<script type=\"application\/ld+json\" class=\"yoast-schema-graph\">{\"@context\":\"https:\/\/schema.org\",\"@graph\":[{\"@type\":\"WebPage\",\"@id\":\"https:\/\/alchemy-asia.com\/vi\/san-pham\/the-famous-grouse-smoky-black\/\",\"url\":\"https:\/\/alchemy-asia.com\/vi\/san-pham\/the-famous-grouse-smoky-black\/\",\"name\":\"The Famous Grouse Smoky Black - Alchemy Asia\",\"isPartOf\":{\"@id\":\"https:\/\/alchemy-asia.com\/vi\/#website\"},\"primaryImageOfPage\":{\"@id\":\"https:\/\/alchemy-asia.com\/vi\/san-pham\/the-famous-grouse-smoky-black\/#primaryimage\"},\"image\":{\"@id\":\"https:\/\/alchemy-asia.com\/vi\/san-pham\/the-famous-grouse-smoky-black\/#primaryimage\"},\"thumbnailUrl\":\"https:\/\/alchemy-asia.com\/vi\/wp-content\/uploads\/sites\/3\/2024\/07\/Untitled-1-9.png\",\"datePublished\":\"2024-09-10T08:43:13+00:00\",\"dateModified\":\"2024-09-10T08:43:13+00:00\",\"breadcrumb\":{\"@id\":\"https:\/\/alchemy-asia.com\/vi\/san-pham\/the-famous-grouse-smoky-black\/#breadcrumb\"},\"inLanguage\":\"vi\",\"potentialAction\":[{\"@type\":\"ReadAction\",\"target\":[\"https:\/\/alchemy-asia.com\/vi\/san-pham\/the-famous-grouse-smoky-black\/\"]}]},{\"@type\":\"ImageObject\",\"inLanguage\":\"vi\",\"@id\":\"https:\/\/alchemy-asia.com\/vi\/san-pham\/the-famous-grouse-smoky-black\/#primaryimage\",\"url\":\"https:\/\/alchemy-asia.com\/vi\/wp-content\/uploads\/sites\/3\/2024\/07\/Untitled-1-9.png\",\"contentUrl\":\"https:\/\/alchemy-asia.com\/vi\/wp-content\/uploads\/sites\/3\/2024\/07\/Untitled-1-9.png\",\"width\":2480,\"height\":2480,\"caption\":\"The Famous Grouse Smoky Black\"},{\"@type\":\"BreadcrumbList\",\"@id\":\"https:\/\/alchemy-asia.com\/vi\/san-pham\/the-famous-grouse-smoky-black\/#breadcrumb\",\"itemListElement\":[{\"@type\":\"ListItem\",\"position\":1,\"name\":\"Home\",\"item\":\"https:\/\/alchemy-asia.com\/vi\/\"},{\"@type\":\"ListItem\",\"position\":2,\"name\":\"The Famous Grouse Smoky Black\"}]},{\"@type\":\"WebSite\",\"@id\":\"https:\/\/alchemy-asia.com\/vi\/#website\",\"url\":\"https:\/\/alchemy-asia.com\/vi\/\",\"name\":\"Alchemy Asia\",\"description\":\"Just another Alchemy Asia Sites site\",\"potentialAction\":[{\"@type\":\"SearchAction\",\"target\":{\"@type\":\"EntryPoint\",\"urlTemplate\":\"https:\/\/alchemy-asia.com\/vi\/?s={search_term_string}\"},\"query-input\":\"required name=search_term_string\"}],\"inLanguage\":\"vi\"}]}<\/script>\n<!-- \/ Yoast SEO plugin. -->","yoast_head_json":{"title":"The Famous Grouse Smoky Black - Alchemy Asia","robots":{"index":"index","follow":"follow","max-snippet":"max-snippet:-1","max-image-preview":"max-image-preview:large","max-video-preview":"max-video-preview:-1"},"canonical":"https:\/\/alchemy-asia.com\/vi\/san-pham\/the-famous-grouse-smoky-black\/","og_locale":"vi_VN","og_type":"article","og_title":"The Famous Grouse Smoky Black - Alchemy Asia","og_description":"V\u1ecb kh\u00f3i quy\u1ebfn r\u0169 Kh\u00e1m ph\u00e1 m\u1ed9t kh\u00eda c\u1ea1nh m\u1edbi m\u1ebb c\u1ee7a The Famous Grouse v\u1edbi phi\u00ean b\u1ea3n Smoky Black. \u0110\u01b0\u1ee3c pha tr\u1ed9n chuy\u00ean nghi\u1ec7p t\u1eeb m\u1ea1ch nha than b\u00f9n hi\u1ebfm c\u00f3, t\u1ea1o n\u00ean m\u1ed9t lo\u1ea1i r\u01b0\u1ee3u whisky th\u01a1m kh\u00f3i nh\u01b0ng v\u1eabn ng\u1ecdt ng\u00e0o. M\u01b0\u1ee3t m\u00e0, c\u00f3 v\u1ecb than b\u00f9n v\u00e0 th\u01a1m ng\u00e1t, \u0111\u00e2y l\u00e0 m\u1ed9t s\u1ef1 pha tr\u1ed9n ph\u1ee9c h\u1ee3p nh\u01b0ng d\u1ec5 th\u01b0\u1edfng th\u1ee9c v\u1edbi h\u01b0\u01a1ng tr\u00e1i c\u00e2y kh\u00f4 v\u00e0 kh\u00f3i thoang tho\u1ea3ng. \u0110\u1eb7c \u0111i\u1ec3m:    Ngo\u1ea1i quan: M\u00e0u v\u00e0ng n\u00e2u s\u1eabm, trong v\u00e0 s\u00e1ng.  H\u01b0\u01a1ng th\u01a1m: Kh\u00f3i, th\u01a1m, \u0111\u1eadm \u0111\u00e0.  V\u1ecb: Tr\u00e1i c\u00e2y kh\u00f4 v\u00e0 gia v\u1ecb (th\u1ea3o h\u1ed3i\/\u0111inh h\u01b0\u01a1ng), c\u00f3 kh\u00f3i nh\u01b0ng v\u1eabn m\u01b0\u1ee3t m\u00e0.  H\u1eadu v\u1ecb: D\u00e0i, ng\u1ecdt v\u00e0 kh\u00f3i.","og_url":"https:\/\/alchemy-asia.com\/vi\/san-pham\/the-famous-grouse-smoky-black\/","og_site_name":"Alchemy Asia","og_image":[{"width":2480,"height":2480,"url":"https:\/\/alchemy-asia.com\/vi\/wp-content\/uploads\/sites\/3\/2024\/07\/Untitled-1-9.png","type":"image\/png"}],"twitter_card":"summary_large_image","twitter_misc":{"\u01af\u1edbc t\u00ednh th\u1eddi gian \u0111\u1ecdc":"1 ph\u00fat"},"schema":{"@context":"https:\/\/schema.org","@graph":[{"@type":"WebPage","@id":"https:\/\/alchemy-asia.com\/vi\/san-pham\/the-famous-grouse-smoky-black\/","url":"https:\/\/alchemy-asia.com\/vi\/san-pham\/the-famous-grouse-smoky-black\/","name":"The Famous Grouse Smoky Black - Alchemy Asia","isPartOf":{"@id":"https:\/\/alchemy-asia.com\/vi\/#website"},"primaryImageOfPage":{"@id":"https:\/\/alchemy-asia.com\/vi\/san-pham\/the-famous-grouse-smoky-black\/#primaryimage"},"image":{"@id":"https:\/\/alchemy-asia.com\/vi\/san-pham\/the-famous-grouse-smoky-black\/#primaryimage"},"thumbnailUrl":"https:\/\/alchemy-asia.com\/vi\/wp-content\/uploads\/sites\/3\/2024\/07\/Untitled-1-9.png","datePublished":"2024-09-10T08:43:13+00:00","dateModified":"2024-09-10T08:43:13+00:00","breadcrumb":{"@id":"https:\/\/alchemy-asia.com\/vi\/san-pham\/the-famous-grouse-smoky-black\/#breadcrumb"},"inLanguage":"vi","potentialAction":[{"@type":"ReadAction","target":["https:\/\/alchemy-asia.com\/vi\/san-pham\/the-famous-grouse-smoky-black\/"]}]},{"@type":"ImageObject","inLanguage":"vi","@id":"https:\/\/alchemy-asia.com\/vi\/san-pham\/the-famous-grouse-smoky-black\/#primaryimage","url":"https:\/\/alchemy-asia.com\/vi\/wp-content\/uploads\/sites\/3\/2024\/07\/Untitled-1-9.png","contentUrl":"https:\/\/alchemy-asia.com\/vi\/wp-content\/uploads\/sites\/3\/2024\/07\/Untitled-1-9.png","width":2480,"height":2480,"caption":"The Famous Grouse Smoky Black"},{"@type":"BreadcrumbList","@id":"https:\/\/alchemy-asia.com\/vi\/san-pham\/the-famous-grouse-smoky-black\/#breadcrumb","itemListElement":[{"@type":"ListItem","position":1,"name":"Home","item":"https:\/\/alchemy-asia.com\/vi\/"},{"@type":"ListItem","position":2,"name":"The Famous Grouse Smoky Black"}]},{"@type":"WebSite","@id":"https:\/\/alchemy-asia.com\/vi\/#website","url":"https:\/\/alchemy-asia.com\/vi\/","name":"Alchemy Asia","description":"Just another Alchemy Asia Sites site","potentialAction":[{"@type":"SearchAction","target":{"@type":"EntryPoint","urlTemplate":"https:\/\/alchemy-asia.com\/vi\/?s={search_term_string}"},"query-input":"required name=search_term_string"}],"inLanguage":"vi"}]}},"_links":{"self":[{"href":"https:\/\/alchemy-asia.com\/vi\/wp-json\/wp\/v2\/product\/8665","targetHints":{"allow":["GET"]}}],"collection":[{"href":"https:\/\/alchemy-asia.com\/vi\/wp-json\/wp\/v2\/product"}],"about":[{"href":"https:\/\/alchemy-asia.com\/vi\/wp-json\/wp\/v2\/types\/product"}],"replies":[{"embeddable":true,"href":"https:\/\/alchemy-asia.com\/vi\/wp-json\/wp\/v2\/comments?post=8665"}],"wp:featuredmedia":[{"embeddable":true,"href":"https:\/\/alchemy-asia.com\/vi\/wp-json\/wp\/v2\/media\/8666"}],"wp:attachment":[{"href":"https:\/\/alchemy-asia.com\/vi\/wp-json\/wp\/v2\/media?parent=8665"}],"wp:term":[{"taxonomy":"product_cat","embeddable":true,"href":"https:\/\/alchemy-asia.com\/vi\/wp-json\/wp\/v2\/product_cat?post=8665"},{"taxonomy":"product_tag","embeddable":true,"href":"https:\/\/alchemy-asia.com\/vi\/wp-json\/wp\/v2\/product_tag?post=8665"}],"curies":[{"name":"wp","href":"https:\/\/api.w.org\/{rel}","templated":true}]}}