{"id":8667,"date":"2024-09-10T08:28:27","date_gmt":"2024-09-10T08:28:27","guid":{"rendered":"https:\/\/alchemy-asia.com\/vi\/?post_type=product&#038;p=8667"},"modified":"2024-09-10T08:28:28","modified_gmt":"2024-09-10T08:28:28","slug":"kaibutsu-doragon-whisky","status":"publish","type":"product","link":"https:\/\/alchemy-asia.com\/vi\/san-pham\/kaibutsu-doragon-whisky\/","title":{"rendered":"Kaibutsu Doragon Whisky"},"content":{"rendered":"","protected":false},"excerpt":{"rendered":"<p><span data-sheets-root=\"1\" data-sheets-value=\"{&quot;1&quot;:2,&quot;2&quot;:&quot;\u1ea8n ch\u1ee9a b\u00ean trong m\u1ed7i chai Doragon l\u00e0 m\u1ed9t Long h\u1ed3n c\u1ed5 \u0111\u1ea1i - \u0111\u1ea7y k\u1ef3 b\u00ed v\u00e0 kh\u00f3 \u0111o\u00e1n. \\nDoragon c\u00f3 th\u1ec3 g\u00e2y kh\u00f3 ch\u1ecbu \u1edf \u1ea5n t\u01b0\u1ee3ng \u0111\u1ea7u ti\u00ean, nh\u01b0ng sau \u0111\u00f3 l\u1ea1i l\u00e0 m\u1ed9t c\u1ea3m gi\u00e1c th\u00f4ng su\u1ed1t m\u00e0 tr\u00ed tu\u1ec7 v\u00e0 s\u1ef1 th\u1ecbnh v\u01b0\u1ee3ng m\u00e0 Doragon mang l\u1ea1i. \\n\\nN\u1ed1t h\u01b0\u01a1ng: \\nS\u1ef1 k\u1ebft h\u1ee3p ho\u00e0n h\u1ea3o c\u1ee7a r\u01b0\u1ee3u whisky h\u1ea1t m\u1ea1ch truy\u1ec1n th\u1ed1ng v\u1edbi h\u01b0\u01a1ng th\u01a1m c\u1ee7a k\u1eb9o b\u01a1 c\u1ee9ng v\u00e0 v\u1ecb ng\u1ecdt d\u1ecbu nh\u1eb9 c\u1ee7a k\u1eb9o caramel. H\u01b0\u01a1ng th\u01a1m d\u1ec5 ch\u1ecbu c\u1ee7a g\u1ed7 s\u1ed3i v\u00e0 hoa anh \u0111\u00e0o Nh\u1eadt B\u1ea3n t\u1ea1o n\u00ean m\u1ed9t tr\u1ea3i nghi\u1ec7m th\u00fa v\u1ecb v\u00e0 s\u1ea3ng kho\u00e1&quot;}\" data-sheets-userformat=\"{&quot;2&quot;:1057791,&quot;3&quot;:{&quot;1&quot;:0},&quot;4&quot;:{&quot;1&quot;:2,&quot;2&quot;:16776960},&quot;5&quot;:{&quot;1&quot;:[{&quot;1&quot;:2,&quot;2&quot;:0,&quot;5&quot;:{&quot;1&quot;:2,&quot;2&quot;:0}},{&quot;1&quot;:0,&quot;2&quot;:0,&quot;3&quot;:3},{&quot;1&quot;:1,&quot;2&quot;:0,&quot;4&quot;:1}]},&quot;6&quot;:{&quot;1&quot;:[{&quot;1&quot;:2,&quot;2&quot;:0,&quot;5&quot;:{&quot;1&quot;:2,&quot;2&quot;:0}},{&quot;1&quot;:0,&quot;2&quot;:0,&quot;3&quot;:3},{&quot;1&quot;:1,&quot;2&quot;:0,&quot;4&quot;:1}]},&quot;7&quot;:{&quot;1&quot;:[{&quot;1&quot;:2,&quot;2&quot;:0,&quot;5&quot;:{&quot;1&quot;:2,&quot;2&quot;:0}},{&quot;1&quot;:0,&quot;2&quot;:0,&quot;3&quot;:3},{&quot;1&quot;:1,&quot;2&quot;:0,&quot;4&quot;:1}]},&quot;8&quot;:{&quot;1&quot;:[{&quot;1&quot;:2,&quot;2&quot;:0,&quot;5&quot;:{&quot;1&quot;:2,&quot;2&quot;:0}},{&quot;1&quot;:0,&quot;2&quot;:0,&quot;3&quot;:3},{&quot;1&quot;:1,&quot;2&quot;:0,&quot;4&quot;:1}]},&quot;9&quot;:0,&quot;10&quot;:1,&quot;11&quot;:4,&quot;12&quot;:0,&quot;16&quot;:13,&quot;23&quot;:1}\" data-sheets-textstyleruns=\"{&quot;1&quot;:0}\uee10{&quot;1&quot;:230,&quot;2&quot;:{&quot;5&quot;:1}}\uee10{&quot;1&quot;:241}\">\u1ea8n ch\u1ee9a b\u00ean trong m\u1ed7i chai Doragon l\u00e0 m\u1ed9t Long h\u1ed3n c\u1ed5 \u0111\u1ea1i &#8211; \u0111\u1ea7y k\u1ef3 b\u00ed v\u00e0 kh\u00f3 \u0111o\u00e1n.<br \/>\nDoragon c\u00f3 th\u1ec3 g\u00e2y kh\u00f3 ch\u1ecbu \u1edf \u1ea5n t\u01b0\u1ee3ng \u0111\u1ea7u ti\u00ean, nh\u01b0ng sau \u0111\u00f3 l\u1ea1i l\u00e0 m\u1ed9t c\u1ea3m gi\u00e1c th\u00f4ng su\u1ed1t m\u00e0 tr\u00ed tu\u1ec7 v\u00e0 s\u1ef1 th\u1ecbnh v\u01b0\u1ee3ng m\u00e0 Doragon mang l\u1ea1i.<\/span><\/p>\n<p>N\u1ed1t h\u01b0\u01a1ng:<br \/>\nS\u1ef1 k\u1ebft h\u1ee3p ho\u00e0n h\u1ea3o c\u1ee7a r\u01b0\u1ee3u whisky h\u1ea1t m\u1ea1ch truy\u1ec1n th\u1ed1ng v\u1edbi h\u01b0\u01a1ng th\u01a1m c\u1ee7a k\u1eb9o b\u01a1 c\u1ee9ng v\u00e0 v\u1ecb ng\u1ecdt d\u1ecbu nh\u1eb9 c\u1ee7a k\u1eb9o caramel. H\u01b0\u01a1ng th\u01a1m d\u1ec5 ch\u1ecbu c\u1ee7a g\u1ed7 s\u1ed3i v\u00e0 hoa anh \u0111\u00e0o Nh\u1eadt B\u1ea3n t\u1ea1o n\u00ean m\u1ed9t tr\u1ea3i nghi\u1ec7m th\u00fa v\u1ecb v\u00e0 s\u1ea3ng kho\u00e1<\/p>\n","protected":false},"featured_media":8669,"comment_status":"open","ping_status":"closed","template":"","meta":{"_acf_changed":false},"product_cat":[123],"product_tag":[],"class_list":{"0":"post-8667","1":"product","2":"type-product","3":"status-publish","4":"has-post-thumbnail","6":"product_cat-japanese-whisky-blended","7":"brand-kaibutsu","9":"first","10":"instock","11":"shipping-taxable","12":"product-type-simple"},"acf":[],"yoast_head":"<!-- This site is optimized with the Yoast SEO plugin v23.0 - https:\/\/yoast.com\/wordpress\/plugins\/seo\/ -->\n<title>Kaibutsu Doragon Whisky - Alchemy Asia<\/title>\n<meta name=\"robots\" content=\"index, follow, max-snippet:-1, max-image-preview:large, max-video-preview:-1\" \/>\n<link rel=\"canonical\" href=\"https:\/\/alchemy-asia.com\/vi\/san-pham\/kaibutsu-doragon-whisky\/\" \/>\n<meta property=\"og:locale\" content=\"vi_VN\" \/>\n<meta property=\"og:type\" content=\"article\" \/>\n<meta property=\"og:title\" content=\"Kaibutsu Doragon Whisky - Alchemy Asia\" \/>\n<meta property=\"og:description\" content=\"\u1ea8n ch\u1ee9a b\u00ean trong m\u1ed7i chai Doragon l\u00e0 m\u1ed9t Long h\u1ed3n c\u1ed5 \u0111\u1ea1i - \u0111\u1ea7y k\u1ef3 b\u00ed v\u00e0 kh\u00f3 \u0111o\u00e1n. Doragon c\u00f3 th\u1ec3 g\u00e2y kh\u00f3 ch\u1ecbu \u1edf \u1ea5n t\u01b0\u1ee3ng \u0111\u1ea7u ti\u00ean, nh\u01b0ng sau \u0111\u00f3 l\u1ea1i l\u00e0 m\u1ed9t c\u1ea3m gi\u00e1c th\u00f4ng su\u1ed1t m\u00e0 tr\u00ed tu\u1ec7 v\u00e0 s\u1ef1 th\u1ecbnh v\u01b0\u1ee3ng m\u00e0 Doragon mang l\u1ea1i.  N\u1ed1t h\u01b0\u01a1ng: S\u1ef1 k\u1ebft h\u1ee3p ho\u00e0n h\u1ea3o c\u1ee7a r\u01b0\u1ee3u whisky h\u1ea1t m\u1ea1ch truy\u1ec1n th\u1ed1ng v\u1edbi h\u01b0\u01a1ng th\u01a1m c\u1ee7a k\u1eb9o b\u01a1 c\u1ee9ng v\u00e0 v\u1ecb ng\u1ecdt d\u1ecbu nh\u1eb9 c\u1ee7a k\u1eb9o caramel. H\u01b0\u01a1ng th\u01a1m d\u1ec5 ch\u1ecbu c\u1ee7a g\u1ed7 s\u1ed3i v\u00e0 hoa anh \u0111\u00e0o Nh\u1eadt B\u1ea3n t\u1ea1o n\u00ean m\u1ed9t tr\u1ea3i nghi\u1ec7m th\u00fa v\u1ecb v\u00e0 s\u1ea3ng kho\u00e1\" \/>\n<meta property=\"og:url\" content=\"https:\/\/alchemy-asia.com\/vi\/san-pham\/kaibutsu-doragon-whisky\/\" \/>\n<meta property=\"og:site_name\" content=\"Alchemy Asia\" \/>\n<meta property=\"article:modified_time\" content=\"2024-09-10T08:28:28+00:00\" \/>\n<meta property=\"og:image\" content=\"https:\/\/alchemy-asia.com\/vi\/wp-content\/uploads\/sites\/3\/2024\/07\/Bottle-b.png\" \/>\n\t<meta property=\"og:image:width\" content=\"2100\" \/>\n\t<meta property=\"og:image:height\" content=\"2100\" \/>\n\t<meta property=\"og:image:type\" content=\"image\/png\" \/>\n<meta name=\"twitter:card\" content=\"summary_large_image\" \/>\n<meta name=\"twitter:label1\" content=\"\u01af\u1edbc t\u00ednh th\u1eddi gian \u0111\u1ecdc\" \/>\n\t<meta name=\"twitter:data1\" content=\"1 ph\u00fat\" \/>\n<script type=\"application\/ld+json\" class=\"yoast-schema-graph\">{\"@context\":\"https:\/\/schema.org\",\"@graph\":[{\"@type\":\"WebPage\",\"@id\":\"https:\/\/alchemy-asia.com\/vi\/san-pham\/kaibutsu-doragon-whisky\/\",\"url\":\"https:\/\/alchemy-asia.com\/vi\/san-pham\/kaibutsu-doragon-whisky\/\",\"name\":\"Kaibutsu Doragon Whisky - Alchemy Asia\",\"isPartOf\":{\"@id\":\"https:\/\/alchemy-asia.com\/vi\/#website\"},\"primaryImageOfPage\":{\"@id\":\"https:\/\/alchemy-asia.com\/vi\/san-pham\/kaibutsu-doragon-whisky\/#primaryimage\"},\"image\":{\"@id\":\"https:\/\/alchemy-asia.com\/vi\/san-pham\/kaibutsu-doragon-whisky\/#primaryimage\"},\"thumbnailUrl\":\"https:\/\/alchemy-asia.com\/vi\/wp-content\/uploads\/sites\/3\/2024\/07\/Bottle-b.png\",\"datePublished\":\"2024-09-10T08:28:27+00:00\",\"dateModified\":\"2024-09-10T08:28:28+00:00\",\"breadcrumb\":{\"@id\":\"https:\/\/alchemy-asia.com\/vi\/san-pham\/kaibutsu-doragon-whisky\/#breadcrumb\"},\"inLanguage\":\"vi\",\"potentialAction\":[{\"@type\":\"ReadAction\",\"target\":[\"https:\/\/alchemy-asia.com\/vi\/san-pham\/kaibutsu-doragon-whisky\/\"]}]},{\"@type\":\"ImageObject\",\"inLanguage\":\"vi\",\"@id\":\"https:\/\/alchemy-asia.com\/vi\/san-pham\/kaibutsu-doragon-whisky\/#primaryimage\",\"url\":\"https:\/\/alchemy-asia.com\/vi\/wp-content\/uploads\/sites\/3\/2024\/07\/Bottle-b.png\",\"contentUrl\":\"https:\/\/alchemy-asia.com\/vi\/wp-content\/uploads\/sites\/3\/2024\/07\/Bottle-b.png\",\"width\":2100,\"height\":2100,\"caption\":\"Kaibutsu Doragon Whisky Bottle\"},{\"@type\":\"BreadcrumbList\",\"@id\":\"https:\/\/alchemy-asia.com\/vi\/san-pham\/kaibutsu-doragon-whisky\/#breadcrumb\",\"itemListElement\":[{\"@type\":\"ListItem\",\"position\":1,\"name\":\"Home\",\"item\":\"https:\/\/alchemy-asia.com\/vi\/\"},{\"@type\":\"ListItem\",\"position\":2,\"name\":\"Kaibutsu Doragon Whisky\"}]},{\"@type\":\"WebSite\",\"@id\":\"https:\/\/alchemy-asia.com\/vi\/#website\",\"url\":\"https:\/\/alchemy-asia.com\/vi\/\",\"name\":\"Alchemy Asia\",\"description\":\"Just another Alchemy Asia Sites site\",\"potentialAction\":[{\"@type\":\"SearchAction\",\"target\":{\"@type\":\"EntryPoint\",\"urlTemplate\":\"https:\/\/alchemy-asia.com\/vi\/?s={search_term_string}\"},\"query-input\":\"required name=search_term_string\"}],\"inLanguage\":\"vi\"}]}<\/script>\n<!-- \/ Yoast SEO plugin. -->","yoast_head_json":{"title":"Kaibutsu Doragon Whisky - Alchemy Asia","robots":{"index":"index","follow":"follow","max-snippet":"max-snippet:-1","max-image-preview":"max-image-preview:large","max-video-preview":"max-video-preview:-1"},"canonical":"https:\/\/alchemy-asia.com\/vi\/san-pham\/kaibutsu-doragon-whisky\/","og_locale":"vi_VN","og_type":"article","og_title":"Kaibutsu Doragon Whisky - Alchemy Asia","og_description":"\u1ea8n ch\u1ee9a b\u00ean trong m\u1ed7i chai Doragon l\u00e0 m\u1ed9t Long h\u1ed3n c\u1ed5 \u0111\u1ea1i - \u0111\u1ea7y k\u1ef3 b\u00ed v\u00e0 kh\u00f3 \u0111o\u00e1n. Doragon c\u00f3 th\u1ec3 g\u00e2y kh\u00f3 ch\u1ecbu \u1edf \u1ea5n t\u01b0\u1ee3ng \u0111\u1ea7u ti\u00ean, nh\u01b0ng sau \u0111\u00f3 l\u1ea1i l\u00e0 m\u1ed9t c\u1ea3m gi\u00e1c th\u00f4ng su\u1ed1t m\u00e0 tr\u00ed tu\u1ec7 v\u00e0 s\u1ef1 th\u1ecbnh v\u01b0\u1ee3ng m\u00e0 Doragon mang l\u1ea1i.  N\u1ed1t h\u01b0\u01a1ng: S\u1ef1 k\u1ebft h\u1ee3p ho\u00e0n h\u1ea3o c\u1ee7a r\u01b0\u1ee3u whisky h\u1ea1t m\u1ea1ch truy\u1ec1n th\u1ed1ng v\u1edbi h\u01b0\u01a1ng th\u01a1m c\u1ee7a k\u1eb9o b\u01a1 c\u1ee9ng v\u00e0 v\u1ecb ng\u1ecdt d\u1ecbu nh\u1eb9 c\u1ee7a k\u1eb9o caramel. H\u01b0\u01a1ng th\u01a1m d\u1ec5 ch\u1ecbu c\u1ee7a g\u1ed7 s\u1ed3i v\u00e0 hoa anh \u0111\u00e0o Nh\u1eadt B\u1ea3n t\u1ea1o n\u00ean m\u1ed9t tr\u1ea3i nghi\u1ec7m th\u00fa v\u1ecb v\u00e0 s\u1ea3ng kho\u00e1","og_url":"https:\/\/alchemy-asia.com\/vi\/san-pham\/kaibutsu-doragon-whisky\/","og_site_name":"Alchemy Asia","article_modified_time":"2024-09-10T08:28:28+00:00","og_image":[{"width":2100,"height":2100,"url":"https:\/\/alchemy-asia.com\/vi\/wp-content\/uploads\/sites\/3\/2024\/07\/Bottle-b.png","type":"image\/png"}],"twitter_card":"summary_large_image","twitter_misc":{"\u01af\u1edbc t\u00ednh th\u1eddi gian \u0111\u1ecdc":"1 ph\u00fat"},"schema":{"@context":"https:\/\/schema.org","@graph":[{"@type":"WebPage","@id":"https:\/\/alchemy-asia.com\/vi\/san-pham\/kaibutsu-doragon-whisky\/","url":"https:\/\/alchemy-asia.com\/vi\/san-pham\/kaibutsu-doragon-whisky\/","name":"Kaibutsu Doragon Whisky - Alchemy Asia","isPartOf":{"@id":"https:\/\/alchemy-asia.com\/vi\/#website"},"primaryImageOfPage":{"@id":"https:\/\/alchemy-asia.com\/vi\/san-pham\/kaibutsu-doragon-whisky\/#primaryimage"},"image":{"@id":"https:\/\/alchemy-asia.com\/vi\/san-pham\/kaibutsu-doragon-whisky\/#primaryimage"},"thumbnailUrl":"https:\/\/alchemy-asia.com\/vi\/wp-content\/uploads\/sites\/3\/2024\/07\/Bottle-b.png","datePublished":"2024-09-10T08:28:27+00:00","dateModified":"2024-09-10T08:28:28+00:00","breadcrumb":{"@id":"https:\/\/alchemy-asia.com\/vi\/san-pham\/kaibutsu-doragon-whisky\/#breadcrumb"},"inLanguage":"vi","potentialAction":[{"@type":"ReadAction","target":["https:\/\/alchemy-asia.com\/vi\/san-pham\/kaibutsu-doragon-whisky\/"]}]},{"@type":"ImageObject","inLanguage":"vi","@id":"https:\/\/alchemy-asia.com\/vi\/san-pham\/kaibutsu-doragon-whisky\/#primaryimage","url":"https:\/\/alchemy-asia.com\/vi\/wp-content\/uploads\/sites\/3\/2024\/07\/Bottle-b.png","contentUrl":"https:\/\/alchemy-asia.com\/vi\/wp-content\/uploads\/sites\/3\/2024\/07\/Bottle-b.png","width":2100,"height":2100,"caption":"Kaibutsu Doragon Whisky Bottle"},{"@type":"BreadcrumbList","@id":"https:\/\/alchemy-asia.com\/vi\/san-pham\/kaibutsu-doragon-whisky\/#breadcrumb","itemListElement":[{"@type":"ListItem","position":1,"name":"Home","item":"https:\/\/alchemy-asia.com\/vi\/"},{"@type":"ListItem","position":2,"name":"Kaibutsu Doragon Whisky"}]},{"@type":"WebSite","@id":"https:\/\/alchemy-asia.com\/vi\/#website","url":"https:\/\/alchemy-asia.com\/vi\/","name":"Alchemy Asia","description":"Just another Alchemy Asia Sites site","potentialAction":[{"@type":"SearchAction","target":{"@type":"EntryPoint","urlTemplate":"https:\/\/alchemy-asia.com\/vi\/?s={search_term_string}"},"query-input":"required name=search_term_string"}],"inLanguage":"vi"}]}},"_links":{"self":[{"href":"https:\/\/alchemy-asia.com\/vi\/wp-json\/wp\/v2\/product\/8667","targetHints":{"allow":["GET"]}}],"collection":[{"href":"https:\/\/alchemy-asia.com\/vi\/wp-json\/wp\/v2\/product"}],"about":[{"href":"https:\/\/alchemy-asia.com\/vi\/wp-json\/wp\/v2\/types\/product"}],"replies":[{"embeddable":true,"href":"https:\/\/alchemy-asia.com\/vi\/wp-json\/wp\/v2\/comments?post=8667"}],"wp:featuredmedia":[{"embeddable":true,"href":"https:\/\/alchemy-asia.com\/vi\/wp-json\/wp\/v2\/media\/8669"}],"wp:attachment":[{"href":"https:\/\/alchemy-asia.com\/vi\/wp-json\/wp\/v2\/media?parent=8667"}],"wp:term":[{"taxonomy":"product_cat","embeddable":true,"href":"https:\/\/alchemy-asia.com\/vi\/wp-json\/wp\/v2\/product_cat?post=8667"},{"taxonomy":"product_tag","embeddable":true,"href":"https:\/\/alchemy-asia.com\/vi\/wp-json\/wp\/v2\/product_tag?post=8667"}],"curies":[{"name":"wp","href":"https:\/\/api.w.org\/{rel}","templated":true}]}}