{"id":8681,"date":"2024-09-10T08:43:11","date_gmt":"2024-09-10T08:43:11","guid":{"rendered":"https:\/\/alchemy-asia.com\/vi\/?post_type=product&#038;p=8681"},"modified":"2024-09-10T08:43:11","modified_gmt":"2024-09-10T08:43:11","slug":"the-glen-grant-12-years-old","status":"publish","type":"product","link":"https:\/\/alchemy-asia.com\/vi\/san-pham\/the-glen-grant-12-years-old\/","title":{"rendered":"The Glen Grant 12 Years Old"},"content":{"rendered":"","protected":false},"excerpt":{"rendered":"<p>H\u00e3y c\u00f9ng tr\u1ea3i nghi\u1ec7m Glen Grant 12 n\u0103m tu\u1ed5i, m\u1ed9t lo\u1ea1i Scotch Whisky m\u1ea1ch nha n\u1ed5i b\u1eadt v\u1edbi \u0111\u1ed9 c\u1ed3n 43%. M\u00e0u v\u00e0ng s\u00e1ng ch\u00f3i c\u1ee7a n\u00f3 t\u01b0\u1ee3ng tr\u01b0ng cho m\u1ed9t h\u00e0nh tr\u00ecnh th\u01a1m m\u00e1t v\u1edbi h\u01b0\u01a1ng m\u1eadt ong, l\u00ea, t\u00e1o, h\u1ea1nh nh\u00e2n v\u00e0 cam qu\u00fdt. Kh\u1ea9u v\u1ecb c\u1ee7a n\u00f3 l\u00e0 h\u01b0\u01a1ng v\u1ecb c\u1ee7a v\u1ecf b\u00e1nh t\u00e1o, caramel v\u00e0 vani nh\u1eb9, t\u1eeb \u0111\u00f3 cho ra m\u1ed9t h\u1eadu v\u1ecb \u0111\u00e1ng nh\u1edb v\u1edbi d\u01b0 v\u1ecb c\u1ee7a tr\u00e1i c\u00e2y v\u00e0 ch\u00fat h\u01b0\u01a1ng li\u1ec7u.<br \/>\nV\u1edbi s\u1ef1 kh\u00e9o l\u00e9o t\u1ec9 m\u1ec9, n\u00f3 d\u01b0\u1eddng nh\u01b0 l\u00e0 m\u1ed9t b\u1ea3n giao h\u01b0\u1edfng xu\u1ea5t s\u1eafc gi\u1eefa h\u01b0\u01a1ng v\u1ecb v\u00e0 m\u00f9i th\u01a1m. Lo\u1ea1i r\u01b0\u1ee3u whisky n\u00e0y l\u00e0 g\u00f3i g\u1ecdn c\u1ee7a di s\u1ea3n v\u0103n h\u00f3a v\u00e0 tay ngh\u1ec1 th\u1ee7 c\u00f4ng xu\u1ea5t ch\u00fang, m\u1eddi g\u1ecdi nhi\u1ec1u ng\u01b0\u1eddi \u0111am m\u00ea th\u01b0\u1edfng th\u1ee9c r\u01b0\u1ee3u whisky Scotch ph\u1ea3i th\u1eed.<\/p>\n","protected":false},"featured_media":8684,"comment_status":"open","ping_status":"closed","template":"","meta":{"_acf_changed":false},"product_cat":[58],"product_tag":[],"class_list":{"0":"post-8681","1":"product","2":"type-product","3":"status-publish","4":"has-post-thumbnail","6":"product_cat-scotch-whisky-single-malt","7":"brand-glen-grant","9":"first","10":"instock","11":"shipping-taxable","12":"product-type-simple"},"acf":[],"yoast_head":"<!-- This site is optimized with the Yoast SEO plugin v23.0 - https:\/\/yoast.com\/wordpress\/plugins\/seo\/ -->\n<title>The Glen Grant 12 Years Old - Alchemy Asia<\/title>\n<meta name=\"robots\" content=\"index, follow, max-snippet:-1, max-image-preview:large, max-video-preview:-1\" \/>\n<link rel=\"canonical\" href=\"https:\/\/alchemy-asia.com\/vi\/san-pham\/the-glen-grant-12-years-old\/\" \/>\n<meta property=\"og:locale\" content=\"vi_VN\" \/>\n<meta property=\"og:type\" content=\"article\" \/>\n<meta property=\"og:title\" content=\"The Glen Grant 12 Years Old - Alchemy Asia\" \/>\n<meta property=\"og:description\" content=\"H\u00e3y c\u00f9ng tr\u1ea3i nghi\u1ec7m Glen Grant 12 n\u0103m tu\u1ed5i, m\u1ed9t lo\u1ea1i Scotch Whisky m\u1ea1ch nha n\u1ed5i b\u1eadt v\u1edbi \u0111\u1ed9 c\u1ed3n 43%. M\u00e0u v\u00e0ng s\u00e1ng ch\u00f3i c\u1ee7a n\u00f3 t\u01b0\u1ee3ng tr\u01b0ng cho m\u1ed9t h\u00e0nh tr\u00ecnh th\u01a1m m\u00e1t v\u1edbi h\u01b0\u01a1ng m\u1eadt ong, l\u00ea, t\u00e1o, h\u1ea1nh nh\u00e2n v\u00e0 cam qu\u00fdt. Kh\u1ea9u v\u1ecb c\u1ee7a n\u00f3 l\u00e0 h\u01b0\u01a1ng v\u1ecb c\u1ee7a v\u1ecf b\u00e1nh t\u00e1o, caramel v\u00e0 vani nh\u1eb9, t\u1eeb \u0111\u00f3 cho ra m\u1ed9t h\u1eadu v\u1ecb \u0111\u00e1ng nh\u1edb v\u1edbi d\u01b0 v\u1ecb c\u1ee7a tr\u00e1i c\u00e2y v\u00e0 ch\u00fat h\u01b0\u01a1ng li\u1ec7u. V\u1edbi s\u1ef1 kh\u00e9o l\u00e9o t\u1ec9 m\u1ec9, n\u00f3 d\u01b0\u1eddng nh\u01b0 l\u00e0 m\u1ed9t b\u1ea3n giao h\u01b0\u1edfng xu\u1ea5t s\u1eafc gi\u1eefa h\u01b0\u01a1ng v\u1ecb v\u00e0 m\u00f9i th\u01a1m. Lo\u1ea1i r\u01b0\u1ee3u whisky n\u00e0y l\u00e0 g\u00f3i g\u1ecdn c\u1ee7a di s\u1ea3n v\u0103n h\u00f3a v\u00e0 tay ngh\u1ec1 th\u1ee7 c\u00f4ng xu\u1ea5t ch\u00fang, m\u1eddi g\u1ecdi nhi\u1ec1u ng\u01b0\u1eddi \u0111am m\u00ea th\u01b0\u1edfng th\u1ee9c r\u01b0\u1ee3u whisky Scotch ph\u1ea3i th\u1eed.\" \/>\n<meta property=\"og:url\" content=\"https:\/\/alchemy-asia.com\/vi\/san-pham\/the-glen-grant-12-years-old\/\" \/>\n<meta property=\"og:site_name\" content=\"Alchemy Asia\" \/>\n<meta property=\"og:image\" content=\"https:\/\/alchemy-asia.com\/vi\/wp-content\/uploads\/sites\/3\/2024\/07\/The-glen-grant-12-SCOTCH-WHISKY-1024x1024.png\" \/>\n\t<meta property=\"og:image:width\" content=\"1024\" \/>\n\t<meta property=\"og:image:height\" content=\"1024\" \/>\n\t<meta property=\"og:image:type\" content=\"image\/png\" \/>\n<meta name=\"twitter:card\" content=\"summary_large_image\" \/>\n<meta name=\"twitter:label1\" content=\"\u01af\u1edbc t\u00ednh th\u1eddi gian \u0111\u1ecdc\" \/>\n\t<meta name=\"twitter:data1\" content=\"1 ph\u00fat\" \/>\n<script type=\"application\/ld+json\" class=\"yoast-schema-graph\">{\"@context\":\"https:\/\/schema.org\",\"@graph\":[{\"@type\":\"WebPage\",\"@id\":\"https:\/\/alchemy-asia.com\/vi\/san-pham\/the-glen-grant-12-years-old\/\",\"url\":\"https:\/\/alchemy-asia.com\/vi\/san-pham\/the-glen-grant-12-years-old\/\",\"name\":\"The Glen Grant 12 Years Old - Alchemy Asia\",\"isPartOf\":{\"@id\":\"https:\/\/alchemy-asia.com\/vi\/#website\"},\"primaryImageOfPage\":{\"@id\":\"https:\/\/alchemy-asia.com\/vi\/san-pham\/the-glen-grant-12-years-old\/#primaryimage\"},\"image\":{\"@id\":\"https:\/\/alchemy-asia.com\/vi\/san-pham\/the-glen-grant-12-years-old\/#primaryimage\"},\"thumbnailUrl\":\"https:\/\/alchemy-asia.com\/vi\/wp-content\/uploads\/sites\/3\/2024\/07\/The-glen-grant-12-SCOTCH-WHISKY.png\",\"datePublished\":\"2024-09-10T08:43:11+00:00\",\"dateModified\":\"2024-09-10T08:43:11+00:00\",\"breadcrumb\":{\"@id\":\"https:\/\/alchemy-asia.com\/vi\/san-pham\/the-glen-grant-12-years-old\/#breadcrumb\"},\"inLanguage\":\"vi\",\"potentialAction\":[{\"@type\":\"ReadAction\",\"target\":[\"https:\/\/alchemy-asia.com\/vi\/san-pham\/the-glen-grant-12-years-old\/\"]}]},{\"@type\":\"ImageObject\",\"inLanguage\":\"vi\",\"@id\":\"https:\/\/alchemy-asia.com\/vi\/san-pham\/the-glen-grant-12-years-old\/#primaryimage\",\"url\":\"https:\/\/alchemy-asia.com\/vi\/wp-content\/uploads\/sites\/3\/2024\/07\/The-glen-grant-12-SCOTCH-WHISKY.png\",\"contentUrl\":\"https:\/\/alchemy-asia.com\/vi\/wp-content\/uploads\/sites\/3\/2024\/07\/The-glen-grant-12-SCOTCH-WHISKY.png\",\"width\":5804,\"height\":5803,\"caption\":\"The Glen Grant 12 Years Old\"},{\"@type\":\"BreadcrumbList\",\"@id\":\"https:\/\/alchemy-asia.com\/vi\/san-pham\/the-glen-grant-12-years-old\/#breadcrumb\",\"itemListElement\":[{\"@type\":\"ListItem\",\"position\":1,\"name\":\"Home\",\"item\":\"https:\/\/alchemy-asia.com\/vi\/\"},{\"@type\":\"ListItem\",\"position\":2,\"name\":\"The Glen Grant 12 Years Old\"}]},{\"@type\":\"WebSite\",\"@id\":\"https:\/\/alchemy-asia.com\/vi\/#website\",\"url\":\"https:\/\/alchemy-asia.com\/vi\/\",\"name\":\"Alchemy Asia\",\"description\":\"Just another Alchemy Asia Sites site\",\"potentialAction\":[{\"@type\":\"SearchAction\",\"target\":{\"@type\":\"EntryPoint\",\"urlTemplate\":\"https:\/\/alchemy-asia.com\/vi\/?s={search_term_string}\"},\"query-input\":\"required name=search_term_string\"}],\"inLanguage\":\"vi\"}]}<\/script>\n<!-- \/ Yoast SEO plugin. -->","yoast_head_json":{"title":"The Glen Grant 12 Years Old - Alchemy Asia","robots":{"index":"index","follow":"follow","max-snippet":"max-snippet:-1","max-image-preview":"max-image-preview:large","max-video-preview":"max-video-preview:-1"},"canonical":"https:\/\/alchemy-asia.com\/vi\/san-pham\/the-glen-grant-12-years-old\/","og_locale":"vi_VN","og_type":"article","og_title":"The Glen Grant 12 Years Old - Alchemy Asia","og_description":"H\u00e3y c\u00f9ng tr\u1ea3i nghi\u1ec7m Glen Grant 12 n\u0103m tu\u1ed5i, m\u1ed9t lo\u1ea1i Scotch Whisky m\u1ea1ch nha n\u1ed5i b\u1eadt v\u1edbi \u0111\u1ed9 c\u1ed3n 43%. M\u00e0u v\u00e0ng s\u00e1ng ch\u00f3i c\u1ee7a n\u00f3 t\u01b0\u1ee3ng tr\u01b0ng cho m\u1ed9t h\u00e0nh tr\u00ecnh th\u01a1m m\u00e1t v\u1edbi h\u01b0\u01a1ng m\u1eadt ong, l\u00ea, t\u00e1o, h\u1ea1nh nh\u00e2n v\u00e0 cam qu\u00fdt. Kh\u1ea9u v\u1ecb c\u1ee7a n\u00f3 l\u00e0 h\u01b0\u01a1ng v\u1ecb c\u1ee7a v\u1ecf b\u00e1nh t\u00e1o, caramel v\u00e0 vani nh\u1eb9, t\u1eeb \u0111\u00f3 cho ra m\u1ed9t h\u1eadu v\u1ecb \u0111\u00e1ng nh\u1edb v\u1edbi d\u01b0 v\u1ecb c\u1ee7a tr\u00e1i c\u00e2y v\u00e0 ch\u00fat h\u01b0\u01a1ng li\u1ec7u. V\u1edbi s\u1ef1 kh\u00e9o l\u00e9o t\u1ec9 m\u1ec9, n\u00f3 d\u01b0\u1eddng nh\u01b0 l\u00e0 m\u1ed9t b\u1ea3n giao h\u01b0\u1edfng xu\u1ea5t s\u1eafc gi\u1eefa h\u01b0\u01a1ng v\u1ecb v\u00e0 m\u00f9i th\u01a1m. Lo\u1ea1i r\u01b0\u1ee3u whisky n\u00e0y l\u00e0 g\u00f3i g\u1ecdn c\u1ee7a di s\u1ea3n v\u0103n h\u00f3a v\u00e0 tay ngh\u1ec1 th\u1ee7 c\u00f4ng xu\u1ea5t ch\u00fang, m\u1eddi g\u1ecdi nhi\u1ec1u ng\u01b0\u1eddi \u0111am m\u00ea th\u01b0\u1edfng th\u1ee9c r\u01b0\u1ee3u whisky Scotch ph\u1ea3i th\u1eed.","og_url":"https:\/\/alchemy-asia.com\/vi\/san-pham\/the-glen-grant-12-years-old\/","og_site_name":"Alchemy Asia","og_image":[{"width":1024,"height":1024,"url":"https:\/\/alchemy-asia.com\/vi\/wp-content\/uploads\/sites\/3\/2024\/07\/The-glen-grant-12-SCOTCH-WHISKY-1024x1024.png","type":"image\/png"}],"twitter_card":"summary_large_image","twitter_misc":{"\u01af\u1edbc t\u00ednh th\u1eddi gian \u0111\u1ecdc":"1 ph\u00fat"},"schema":{"@context":"https:\/\/schema.org","@graph":[{"@type":"WebPage","@id":"https:\/\/alchemy-asia.com\/vi\/san-pham\/the-glen-grant-12-years-old\/","url":"https:\/\/alchemy-asia.com\/vi\/san-pham\/the-glen-grant-12-years-old\/","name":"The Glen Grant 12 Years Old - Alchemy Asia","isPartOf":{"@id":"https:\/\/alchemy-asia.com\/vi\/#website"},"primaryImageOfPage":{"@id":"https:\/\/alchemy-asia.com\/vi\/san-pham\/the-glen-grant-12-years-old\/#primaryimage"},"image":{"@id":"https:\/\/alchemy-asia.com\/vi\/san-pham\/the-glen-grant-12-years-old\/#primaryimage"},"thumbnailUrl":"https:\/\/alchemy-asia.com\/vi\/wp-content\/uploads\/sites\/3\/2024\/07\/The-glen-grant-12-SCOTCH-WHISKY.png","datePublished":"2024-09-10T08:43:11+00:00","dateModified":"2024-09-10T08:43:11+00:00","breadcrumb":{"@id":"https:\/\/alchemy-asia.com\/vi\/san-pham\/the-glen-grant-12-years-old\/#breadcrumb"},"inLanguage":"vi","potentialAction":[{"@type":"ReadAction","target":["https:\/\/alchemy-asia.com\/vi\/san-pham\/the-glen-grant-12-years-old\/"]}]},{"@type":"ImageObject","inLanguage":"vi","@id":"https:\/\/alchemy-asia.com\/vi\/san-pham\/the-glen-grant-12-years-old\/#primaryimage","url":"https:\/\/alchemy-asia.com\/vi\/wp-content\/uploads\/sites\/3\/2024\/07\/The-glen-grant-12-SCOTCH-WHISKY.png","contentUrl":"https:\/\/alchemy-asia.com\/vi\/wp-content\/uploads\/sites\/3\/2024\/07\/The-glen-grant-12-SCOTCH-WHISKY.png","width":5804,"height":5803,"caption":"The Glen Grant 12 Years Old"},{"@type":"BreadcrumbList","@id":"https:\/\/alchemy-asia.com\/vi\/san-pham\/the-glen-grant-12-years-old\/#breadcrumb","itemListElement":[{"@type":"ListItem","position":1,"name":"Home","item":"https:\/\/alchemy-asia.com\/vi\/"},{"@type":"ListItem","position":2,"name":"The Glen Grant 12 Years Old"}]},{"@type":"WebSite","@id":"https:\/\/alchemy-asia.com\/vi\/#website","url":"https:\/\/alchemy-asia.com\/vi\/","name":"Alchemy Asia","description":"Just another Alchemy Asia Sites site","potentialAction":[{"@type":"SearchAction","target":{"@type":"EntryPoint","urlTemplate":"https:\/\/alchemy-asia.com\/vi\/?s={search_term_string}"},"query-input":"required name=search_term_string"}],"inLanguage":"vi"}]}},"_links":{"self":[{"href":"https:\/\/alchemy-asia.com\/vi\/wp-json\/wp\/v2\/product\/8681","targetHints":{"allow":["GET"]}}],"collection":[{"href":"https:\/\/alchemy-asia.com\/vi\/wp-json\/wp\/v2\/product"}],"about":[{"href":"https:\/\/alchemy-asia.com\/vi\/wp-json\/wp\/v2\/types\/product"}],"replies":[{"embeddable":true,"href":"https:\/\/alchemy-asia.com\/vi\/wp-json\/wp\/v2\/comments?post=8681"}],"wp:featuredmedia":[{"embeddable":true,"href":"https:\/\/alchemy-asia.com\/vi\/wp-json\/wp\/v2\/media\/8684"}],"wp:attachment":[{"href":"https:\/\/alchemy-asia.com\/vi\/wp-json\/wp\/v2\/media?parent=8681"}],"wp:term":[{"taxonomy":"product_cat","embeddable":true,"href":"https:\/\/alchemy-asia.com\/vi\/wp-json\/wp\/v2\/product_cat?post=8681"},{"taxonomy":"product_tag","embeddable":true,"href":"https:\/\/alchemy-asia.com\/vi\/wp-json\/wp\/v2\/product_tag?post=8681"}],"curies":[{"name":"wp","href":"https:\/\/api.w.org\/{rel}","templated":true}]}}