{"id":8682,"date":"2024-09-10T08:27:35","date_gmt":"2024-09-10T08:27:35","guid":{"rendered":"https:\/\/alchemy-asia.com\/vi\/?post_type=product&#038;p=8682"},"modified":"2024-09-10T08:27:35","modified_gmt":"2024-09-10T08:27:35","slug":"kingston-62-white-rum","status":"publish","type":"product","link":"https:\/\/alchemy-asia.com\/vi\/san-pham\/kingston-62-white-rum\/","title":{"rendered":"Kingston 62 White Rum \u200b"},"content":{"rendered":"","protected":false},"excerpt":{"rendered":"<p><span data-sheets-root=\"1\" data-sheets-value=\"{&quot;1&quot;:2,&quot;2&quot;:&quot;Kingston 62 White Rum h\u00f2a tr\u1ed9n t\u1eeb 2 lo\u1ea1i rum ch\u01b0ng c\u1ea5t trong b\u00ecnh d\u1ea1ng c\u1ed9t \u0111\u01b0\u1ee3c \u1ee7 t\u1ed1i \u0111a ba n\u0103m trong th\u00f9ng g\u1ed7 s\u1ed3i. R\u01b0\u1ee3u c\u00f3 h\u01b0\u01a1ng th\u01a1m t\u01b0\u01a1i m\u00e1t v\u00e0 ng\u1ecdt nh\u1eb9, c\u00f3 v\u1ecb tr\u00e1i d\u1eeba, ph\u1ea3ng ph\u1ea5t h\u01b0\u01a1ng tr\u00e1i th\u01a1m v\u00e0 chu\u1ed1i. Tuy\u1ec7t v\u1eddi khi d\u00f9ng \u0111\u1ec3 pha m\u1ed9t ly mojito hay nhi\u1ec1u lo\u1ea1i cocktails \u0111\u01a1n gi\u1ea3n kh\u00e1c nh\u01b0 Rum &amp; Ginger.\u200b&quot;}\" data-sheets-userformat=\"{&quot;2&quot;:1057791,&quot;3&quot;:{&quot;1&quot;:0},&quot;4&quot;:{&quot;1&quot;:2,&quot;2&quot;:16776960},&quot;5&quot;:{&quot;1&quot;:[{&quot;1&quot;:2,&quot;2&quot;:0,&quot;5&quot;:{&quot;1&quot;:2,&quot;2&quot;:0}},{&quot;1&quot;:0,&quot;2&quot;:0,&quot;3&quot;:3},{&quot;1&quot;:1,&quot;2&quot;:0,&quot;4&quot;:1}]},&quot;6&quot;:{&quot;1&quot;:[{&quot;1&quot;:2,&quot;2&quot;:0,&quot;5&quot;:{&quot;1&quot;:2,&quot;2&quot;:0}},{&quot;1&quot;:0,&quot;2&quot;:0,&quot;3&quot;:3},{&quot;1&quot;:1,&quot;2&quot;:0,&quot;4&quot;:1}]},&quot;7&quot;:{&quot;1&quot;:[{&quot;1&quot;:2,&quot;2&quot;:0,&quot;5&quot;:{&quot;1&quot;:2,&quot;2&quot;:0}},{&quot;1&quot;:0,&quot;2&quot;:0,&quot;3&quot;:3},{&quot;1&quot;:1,&quot;2&quot;:0,&quot;4&quot;:1}]},&quot;8&quot;:{&quot;1&quot;:[{&quot;1&quot;:2,&quot;2&quot;:0,&quot;5&quot;:{&quot;1&quot;:2,&quot;2&quot;:0}},{&quot;1&quot;:0,&quot;2&quot;:0,&quot;3&quot;:3},{&quot;1&quot;:1,&quot;2&quot;:0,&quot;4&quot;:1}]},&quot;9&quot;:0,&quot;10&quot;:1,&quot;11&quot;:4,&quot;12&quot;:0,&quot;16&quot;:13,&quot;23&quot;:1}\">Kingston 62 White Rum h\u00f2a tr\u1ed9n t\u1eeb 2 lo\u1ea1i rum ch\u01b0ng c\u1ea5t trong b\u00ecnh d\u1ea1ng c\u1ed9t \u0111\u01b0\u1ee3c \u1ee7 t\u1ed1i \u0111a ba n\u0103m trong th\u00f9ng g\u1ed7 s\u1ed3i. R\u01b0\u1ee3u c\u00f3 h\u01b0\u01a1ng th\u01a1m t\u01b0\u01a1i m\u00e1t v\u00e0 ng\u1ecdt nh\u1eb9, c\u00f3 v\u1ecb tr\u00e1i d\u1eeba, ph\u1ea3ng ph\u1ea5t h\u01b0\u01a1ng tr\u00e1i th\u01a1m v\u00e0 chu\u1ed1i. Tuy\u1ec7t v\u1eddi khi d\u00f9ng \u0111\u1ec3 pha m\u1ed9t ly mojito hay nhi\u1ec1u lo\u1ea1i cocktails \u0111\u01a1n gi\u1ea3n kh\u00e1c nh\u01b0 Rum &amp; Ginger.\u200b<\/span><\/p>\n","protected":false},"featured_media":8683,"comment_status":"open","ping_status":"closed","template":"","meta":{"_acf_changed":false},"product_cat":[56],"product_tag":[],"class_list":{"0":"post-8682","1":"product","2":"type-product","3":"status-publish","4":"has-post-thumbnail","6":"product_cat-rum","7":"brand-kingston-62","9":"first","10":"instock","11":"shipping-taxable","12":"product-type-simple"},"acf":[],"yoast_head":"<!-- This site is optimized with the Yoast SEO plugin v23.0 - https:\/\/yoast.com\/wordpress\/plugins\/seo\/ -->\n<title>Kingston 62 White Rum \u200b - Alchemy Asia<\/title>\n<meta name=\"robots\" content=\"index, follow, max-snippet:-1, max-image-preview:large, max-video-preview:-1\" \/>\n<link rel=\"canonical\" href=\"https:\/\/alchemy-asia.com\/vi\/san-pham\/kingston-62-white-rum\/\" \/>\n<meta property=\"og:locale\" content=\"vi_VN\" \/>\n<meta property=\"og:type\" content=\"article\" \/>\n<meta property=\"og:title\" content=\"Kingston 62 White Rum \u200b - Alchemy Asia\" \/>\n<meta property=\"og:description\" content=\"Kingston 62 White Rum h\u00f2a tr\u1ed9n t\u1eeb 2 lo\u1ea1i rum ch\u01b0ng c\u1ea5t trong b\u00ecnh d\u1ea1ng c\u1ed9t \u0111\u01b0\u1ee3c \u1ee7 t\u1ed1i \u0111a ba n\u0103m trong th\u00f9ng g\u1ed7 s\u1ed3i. R\u01b0\u1ee3u c\u00f3 h\u01b0\u01a1ng th\u01a1m t\u01b0\u01a1i m\u00e1t v\u00e0 ng\u1ecdt nh\u1eb9, c\u00f3 v\u1ecb tr\u00e1i d\u1eeba, ph\u1ea3ng ph\u1ea5t h\u01b0\u01a1ng tr\u00e1i th\u01a1m v\u00e0 chu\u1ed1i. Tuy\u1ec7t v\u1eddi khi d\u00f9ng \u0111\u1ec3 pha m\u1ed9t ly mojito hay nhi\u1ec1u lo\u1ea1i cocktails \u0111\u01a1n gi\u1ea3n kh\u00e1c nh\u01b0 Rum &amp; Ginger.\u200b\" \/>\n<meta property=\"og:url\" content=\"https:\/\/alchemy-asia.com\/vi\/san-pham\/kingston-62-white-rum\/\" \/>\n<meta property=\"og:site_name\" content=\"Alchemy Asia\" \/>\n<meta property=\"og:image\" content=\"https:\/\/alchemy-asia.com\/vi\/wp-content\/uploads\/sites\/3\/2024\/07\/Kingston-62-White-Rum-Bottle.png\" \/>\n\t<meta property=\"og:image:width\" content=\"2100\" \/>\n\t<meta property=\"og:image:height\" content=\"2100\" \/>\n\t<meta property=\"og:image:type\" content=\"image\/png\" \/>\n<meta name=\"twitter:card\" content=\"summary_large_image\" \/>\n<meta name=\"twitter:label1\" content=\"\u01af\u1edbc t\u00ednh th\u1eddi gian \u0111\u1ecdc\" \/>\n\t<meta name=\"twitter:data1\" content=\"1 ph\u00fat\" \/>\n<script type=\"application\/ld+json\" class=\"yoast-schema-graph\">{\"@context\":\"https:\/\/schema.org\",\"@graph\":[{\"@type\":\"WebPage\",\"@id\":\"https:\/\/alchemy-asia.com\/vi\/san-pham\/kingston-62-white-rum\/\",\"url\":\"https:\/\/alchemy-asia.com\/vi\/san-pham\/kingston-62-white-rum\/\",\"name\":\"Kingston 62 White Rum \u200b - Alchemy Asia\",\"isPartOf\":{\"@id\":\"https:\/\/alchemy-asia.com\/vi\/#website\"},\"primaryImageOfPage\":{\"@id\":\"https:\/\/alchemy-asia.com\/vi\/san-pham\/kingston-62-white-rum\/#primaryimage\"},\"image\":{\"@id\":\"https:\/\/alchemy-asia.com\/vi\/san-pham\/kingston-62-white-rum\/#primaryimage\"},\"thumbnailUrl\":\"https:\/\/alchemy-asia.com\/vi\/wp-content\/uploads\/sites\/3\/2024\/07\/Kingston-62-White-Rum-Bottle.png\",\"datePublished\":\"2024-09-10T08:27:35+00:00\",\"dateModified\":\"2024-09-10T08:27:35+00:00\",\"breadcrumb\":{\"@id\":\"https:\/\/alchemy-asia.com\/vi\/san-pham\/kingston-62-white-rum\/#breadcrumb\"},\"inLanguage\":\"vi\",\"potentialAction\":[{\"@type\":\"ReadAction\",\"target\":[\"https:\/\/alchemy-asia.com\/vi\/san-pham\/kingston-62-white-rum\/\"]}]},{\"@type\":\"ImageObject\",\"inLanguage\":\"vi\",\"@id\":\"https:\/\/alchemy-asia.com\/vi\/san-pham\/kingston-62-white-rum\/#primaryimage\",\"url\":\"https:\/\/alchemy-asia.com\/vi\/wp-content\/uploads\/sites\/3\/2024\/07\/Kingston-62-White-Rum-Bottle.png\",\"contentUrl\":\"https:\/\/alchemy-asia.com\/vi\/wp-content\/uploads\/sites\/3\/2024\/07\/Kingston-62-White-Rum-Bottle.png\",\"width\":2100,\"height\":2100,\"caption\":\"Kingston 62 White Rum Bottle\"},{\"@type\":\"BreadcrumbList\",\"@id\":\"https:\/\/alchemy-asia.com\/vi\/san-pham\/kingston-62-white-rum\/#breadcrumb\",\"itemListElement\":[{\"@type\":\"ListItem\",\"position\":1,\"name\":\"Home\",\"item\":\"https:\/\/alchemy-asia.com\/vi\/\"},{\"@type\":\"ListItem\",\"position\":2,\"name\":\"Kingston 62 White Rum \u200b\"}]},{\"@type\":\"WebSite\",\"@id\":\"https:\/\/alchemy-asia.com\/vi\/#website\",\"url\":\"https:\/\/alchemy-asia.com\/vi\/\",\"name\":\"Alchemy Asia\",\"description\":\"Just another Alchemy Asia Sites site\",\"potentialAction\":[{\"@type\":\"SearchAction\",\"target\":{\"@type\":\"EntryPoint\",\"urlTemplate\":\"https:\/\/alchemy-asia.com\/vi\/?s={search_term_string}\"},\"query-input\":\"required name=search_term_string\"}],\"inLanguage\":\"vi\"}]}<\/script>\n<!-- \/ Yoast SEO plugin. -->","yoast_head_json":{"title":"Kingston 62 White Rum \u200b - Alchemy Asia","robots":{"index":"index","follow":"follow","max-snippet":"max-snippet:-1","max-image-preview":"max-image-preview:large","max-video-preview":"max-video-preview:-1"},"canonical":"https:\/\/alchemy-asia.com\/vi\/san-pham\/kingston-62-white-rum\/","og_locale":"vi_VN","og_type":"article","og_title":"Kingston 62 White Rum \u200b - Alchemy Asia","og_description":"Kingston 62 White Rum h\u00f2a tr\u1ed9n t\u1eeb 2 lo\u1ea1i rum ch\u01b0ng c\u1ea5t trong b\u00ecnh d\u1ea1ng c\u1ed9t \u0111\u01b0\u1ee3c \u1ee7 t\u1ed1i \u0111a ba n\u0103m trong th\u00f9ng g\u1ed7 s\u1ed3i. R\u01b0\u1ee3u c\u00f3 h\u01b0\u01a1ng th\u01a1m t\u01b0\u01a1i m\u00e1t v\u00e0 ng\u1ecdt nh\u1eb9, c\u00f3 v\u1ecb tr\u00e1i d\u1eeba, ph\u1ea3ng ph\u1ea5t h\u01b0\u01a1ng tr\u00e1i th\u01a1m v\u00e0 chu\u1ed1i. Tuy\u1ec7t v\u1eddi khi d\u00f9ng \u0111\u1ec3 pha m\u1ed9t ly mojito hay nhi\u1ec1u lo\u1ea1i cocktails \u0111\u01a1n gi\u1ea3n kh\u00e1c nh\u01b0 Rum &amp; Ginger.\u200b","og_url":"https:\/\/alchemy-asia.com\/vi\/san-pham\/kingston-62-white-rum\/","og_site_name":"Alchemy Asia","og_image":[{"width":2100,"height":2100,"url":"https:\/\/alchemy-asia.com\/vi\/wp-content\/uploads\/sites\/3\/2024\/07\/Kingston-62-White-Rum-Bottle.png","type":"image\/png"}],"twitter_card":"summary_large_image","twitter_misc":{"\u01af\u1edbc t\u00ednh th\u1eddi gian \u0111\u1ecdc":"1 ph\u00fat"},"schema":{"@context":"https:\/\/schema.org","@graph":[{"@type":"WebPage","@id":"https:\/\/alchemy-asia.com\/vi\/san-pham\/kingston-62-white-rum\/","url":"https:\/\/alchemy-asia.com\/vi\/san-pham\/kingston-62-white-rum\/","name":"Kingston 62 White Rum \u200b - Alchemy Asia","isPartOf":{"@id":"https:\/\/alchemy-asia.com\/vi\/#website"},"primaryImageOfPage":{"@id":"https:\/\/alchemy-asia.com\/vi\/san-pham\/kingston-62-white-rum\/#primaryimage"},"image":{"@id":"https:\/\/alchemy-asia.com\/vi\/san-pham\/kingston-62-white-rum\/#primaryimage"},"thumbnailUrl":"https:\/\/alchemy-asia.com\/vi\/wp-content\/uploads\/sites\/3\/2024\/07\/Kingston-62-White-Rum-Bottle.png","datePublished":"2024-09-10T08:27:35+00:00","dateModified":"2024-09-10T08:27:35+00:00","breadcrumb":{"@id":"https:\/\/alchemy-asia.com\/vi\/san-pham\/kingston-62-white-rum\/#breadcrumb"},"inLanguage":"vi","potentialAction":[{"@type":"ReadAction","target":["https:\/\/alchemy-asia.com\/vi\/san-pham\/kingston-62-white-rum\/"]}]},{"@type":"ImageObject","inLanguage":"vi","@id":"https:\/\/alchemy-asia.com\/vi\/san-pham\/kingston-62-white-rum\/#primaryimage","url":"https:\/\/alchemy-asia.com\/vi\/wp-content\/uploads\/sites\/3\/2024\/07\/Kingston-62-White-Rum-Bottle.png","contentUrl":"https:\/\/alchemy-asia.com\/vi\/wp-content\/uploads\/sites\/3\/2024\/07\/Kingston-62-White-Rum-Bottle.png","width":2100,"height":2100,"caption":"Kingston 62 White Rum Bottle"},{"@type":"BreadcrumbList","@id":"https:\/\/alchemy-asia.com\/vi\/san-pham\/kingston-62-white-rum\/#breadcrumb","itemListElement":[{"@type":"ListItem","position":1,"name":"Home","item":"https:\/\/alchemy-asia.com\/vi\/"},{"@type":"ListItem","position":2,"name":"Kingston 62 White Rum \u200b"}]},{"@type":"WebSite","@id":"https:\/\/alchemy-asia.com\/vi\/#website","url":"https:\/\/alchemy-asia.com\/vi\/","name":"Alchemy Asia","description":"Just another Alchemy Asia Sites site","potentialAction":[{"@type":"SearchAction","target":{"@type":"EntryPoint","urlTemplate":"https:\/\/alchemy-asia.com\/vi\/?s={search_term_string}"},"query-input":"required name=search_term_string"}],"inLanguage":"vi"}]}},"_links":{"self":[{"href":"https:\/\/alchemy-asia.com\/vi\/wp-json\/wp\/v2\/product\/8682","targetHints":{"allow":["GET"]}}],"collection":[{"href":"https:\/\/alchemy-asia.com\/vi\/wp-json\/wp\/v2\/product"}],"about":[{"href":"https:\/\/alchemy-asia.com\/vi\/wp-json\/wp\/v2\/types\/product"}],"replies":[{"embeddable":true,"href":"https:\/\/alchemy-asia.com\/vi\/wp-json\/wp\/v2\/comments?post=8682"}],"wp:featuredmedia":[{"embeddable":true,"href":"https:\/\/alchemy-asia.com\/vi\/wp-json\/wp\/v2\/media\/8683"}],"wp:attachment":[{"href":"https:\/\/alchemy-asia.com\/vi\/wp-json\/wp\/v2\/media?parent=8682"}],"wp:term":[{"taxonomy":"product_cat","embeddable":true,"href":"https:\/\/alchemy-asia.com\/vi\/wp-json\/wp\/v2\/product_cat?post=8682"},{"taxonomy":"product_tag","embeddable":true,"href":"https:\/\/alchemy-asia.com\/vi\/wp-json\/wp\/v2\/product_tag?post=8682"}],"curies":[{"name":"wp","href":"https:\/\/api.w.org\/{rel}","templated":true}]}}