{"id":8688,"date":"2024-09-10T08:43:10","date_gmt":"2024-09-10T08:43:10","guid":{"rendered":"https:\/\/alchemy-asia.com\/vi\/?post_type=product&#038;p=8688"},"modified":"2024-09-10T08:43:10","modified_gmt":"2024-09-10T08:43:10","slug":"the-glen-grant-18-years-old","status":"publish","type":"product","link":"https:\/\/alchemy-asia.com\/vi\/san-pham\/the-glen-grant-18-years-old\/","title":{"rendered":"The Glen Grant 18 Years Old"},"content":{"rendered":"","protected":false},"excerpt":{"rendered":"<p>Glen Grant 18 n\u0103m tu\u1ed5i l\u00e0 hi\u1ec7n th\u00e2n c\u1ee7a nhi\u1ec1u th\u1ebf h\u1ec7 r\u01b0\u1ee3u v\u1edbi s\u1ef1 chuy\u00ean nghi\u1ec7p cao. N\u1eb1m \u1edf trung t\u00e2m Speyside, Scotland, n\u01a1i \u0111\u00e2y c\u00e2n b\u1eb1ng gi\u1eefa truy\u1ec1n th\u1ed1ng v\u00e0 hi\u1ec7n \u0111\u1ea1i. M\u00e0u v\u00e0ng \u00e1nh kim c\u1ee7a n\u00f3 ch\u00ednh l\u00e0 ti\u1ec1n \u0111\u1ec1 cho h\u01b0\u01a1ng th\u01a1m \u0111\u1eadm \u0111\u00e0 v\u00e0 h\u01b0\u01a1ng hoa ng\u1ea1t ng\u00e0o, h\u00f2a quy\u1ec7n m\u1ed9t c\u00e1ch nhu\u1ea7n nhuy\u1ec5n gi\u1eefa m\u00f9i \u0111\u1eadm \u0111\u00e0 c\u1ee7a g\u1ed7 s\u1ed3i v\u00e0 m\u1ed9t ch\u00fat h\u01b0\u01a1ng li\u1ec7u nh\u1eb9 nh\u00e0ng kh\u00e1c. Kh\u1ea9u v\u1ecb ta c\u1ea3m nh\u1eadn \u0111\u01b0\u1ee3c caramel m\u1ea1ch nha, nho kh\u00f4 v\u00e0 h\u01b0\u01a1ng vani th\u01a1m ngon, r\u1ed3i h\u1eadu v\u1ecb d\u1eabn \u0111\u1ebfn m\u1ed9t t\u1ea7ng v\u1ecb ng\u1ecdt ng\u00e0o k\u00e9o d\u00e0i \u0111\u1eb7c tr\u01b0ng b\u1edfi s\u1ef1 pha tr\u1ed9n th\u00fa v\u1ecb c\u1ee7a c\u00e1c lo\u1ea1i qu\u1ea3 h\u1ea1ch v\u00e0 h\u01b0\u01a1ng li\u1ec7u.<br \/>\n\u0110\u01b0\u1ee3c ch\u1ebf t\u00e1c v\u1edbi \u0111\u1ed9 ch\u00ednh x\u00e1c cao, Glen Grant 18 n\u0103m tu\u1ed5i mang \u0111\u1ebfn tr\u1ea3i nghi\u1ec7m &#8220;v\u00e0ng&#8221;, phong ph\u00fa, nh\u01b0 th\u1ec3 m\u1ed9t b\u1ea3n giao h\u01b0\u1edfng c\u1ee7a h\u01b0\u01a1ng th\u01a1m v\u00e0 h\u01b0\u01a1ng v\u1ecb, l\u00e0 bi\u1ec3u t\u01b0\u1ee3ng cho m\u1ed9t di s\u1ea3n l\u00e2u \u0111\u1eddi v\u00e0 s\u1ef1 c\u1ed1ng hi\u1ebfn kh\u00f4ng ng\u1eebng ngh\u1ec9.<\/p>\n","protected":false},"featured_media":8691,"comment_status":"open","ping_status":"closed","template":"","meta":{"_acf_changed":false},"product_cat":[58],"product_tag":[],"class_list":{"0":"post-8688","1":"product","2":"type-product","3":"status-publish","4":"has-post-thumbnail","6":"product_cat-scotch-whisky-single-malt","7":"brand-glen-grant","9":"first","10":"instock","11":"shipping-taxable","12":"product-type-simple"},"acf":[],"yoast_head":"<!-- This site is optimized with the Yoast SEO plugin v23.0 - https:\/\/yoast.com\/wordpress\/plugins\/seo\/ -->\n<title>The Glen Grant 18 Years Old - Alchemy Asia<\/title>\n<meta name=\"robots\" content=\"index, follow, max-snippet:-1, max-image-preview:large, max-video-preview:-1\" \/>\n<link rel=\"canonical\" href=\"https:\/\/alchemy-asia.com\/vi\/san-pham\/the-glen-grant-18-years-old\/\" \/>\n<meta property=\"og:locale\" content=\"vi_VN\" \/>\n<meta property=\"og:type\" content=\"article\" \/>\n<meta property=\"og:title\" content=\"The Glen Grant 18 Years Old - Alchemy Asia\" \/>\n<meta property=\"og:description\" content=\"Glen Grant 18 n\u0103m tu\u1ed5i l\u00e0 hi\u1ec7n th\u00e2n c\u1ee7a nhi\u1ec1u th\u1ebf h\u1ec7 r\u01b0\u1ee3u v\u1edbi s\u1ef1 chuy\u00ean nghi\u1ec7p cao. N\u1eb1m \u1edf trung t\u00e2m Speyside, Scotland, n\u01a1i \u0111\u00e2y c\u00e2n b\u1eb1ng gi\u1eefa truy\u1ec1n th\u1ed1ng v\u00e0 hi\u1ec7n \u0111\u1ea1i. M\u00e0u v\u00e0ng \u00e1nh kim c\u1ee7a n\u00f3 ch\u00ednh l\u00e0 ti\u1ec1n \u0111\u1ec1 cho h\u01b0\u01a1ng th\u01a1m \u0111\u1eadm \u0111\u00e0 v\u00e0 h\u01b0\u01a1ng hoa ng\u1ea1t ng\u00e0o, h\u00f2a quy\u1ec7n m\u1ed9t c\u00e1ch nhu\u1ea7n nhuy\u1ec5n gi\u1eefa m\u00f9i \u0111\u1eadm \u0111\u00e0 c\u1ee7a g\u1ed7 s\u1ed3i v\u00e0 m\u1ed9t ch\u00fat h\u01b0\u01a1ng li\u1ec7u nh\u1eb9 nh\u00e0ng kh\u00e1c. Kh\u1ea9u v\u1ecb ta c\u1ea3m nh\u1eadn \u0111\u01b0\u1ee3c caramel m\u1ea1ch nha, nho kh\u00f4 v\u00e0 h\u01b0\u01a1ng vani th\u01a1m ngon, r\u1ed3i h\u1eadu v\u1ecb d\u1eabn \u0111\u1ebfn m\u1ed9t t\u1ea7ng v\u1ecb ng\u1ecdt ng\u00e0o k\u00e9o d\u00e0i \u0111\u1eb7c tr\u01b0ng b\u1edfi s\u1ef1 pha tr\u1ed9n th\u00fa v\u1ecb c\u1ee7a c\u00e1c lo\u1ea1i qu\u1ea3 h\u1ea1ch v\u00e0 h\u01b0\u01a1ng li\u1ec7u. \u0110\u01b0\u1ee3c ch\u1ebf t\u00e1c v\u1edbi \u0111\u1ed9 ch\u00ednh x\u00e1c cao, Glen Grant 18 n\u0103m tu\u1ed5i mang \u0111\u1ebfn tr\u1ea3i nghi\u1ec7m &quot;v\u00e0ng&quot;, phong ph\u00fa, nh\u01b0 th\u1ec3 m\u1ed9t b\u1ea3n giao h\u01b0\u1edfng c\u1ee7a h\u01b0\u01a1ng th\u01a1m v\u00e0 h\u01b0\u01a1ng v\u1ecb, l\u00e0 bi\u1ec3u t\u01b0\u1ee3ng cho m\u1ed9t di s\u1ea3n l\u00e2u \u0111\u1eddi v\u00e0 s\u1ef1 c\u1ed1ng hi\u1ebfn kh\u00f4ng ng\u1eebng ngh\u1ec9.\" \/>\n<meta property=\"og:url\" content=\"https:\/\/alchemy-asia.com\/vi\/san-pham\/the-glen-grant-18-years-old\/\" \/>\n<meta property=\"og:site_name\" content=\"Alchemy Asia\" \/>\n<meta property=\"og:image\" content=\"https:\/\/alchemy-asia.com\/vi\/wp-content\/uploads\/sites\/3\/2024\/07\/The-glen-grant-18-SCOTCH-WHISKY-1024x1024.png\" \/>\n\t<meta property=\"og:image:width\" content=\"1024\" \/>\n\t<meta property=\"og:image:height\" content=\"1024\" \/>\n\t<meta property=\"og:image:type\" content=\"image\/png\" \/>\n<meta name=\"twitter:card\" content=\"summary_large_image\" \/>\n<meta name=\"twitter:label1\" content=\"\u01af\u1edbc t\u00ednh th\u1eddi gian \u0111\u1ecdc\" \/>\n\t<meta name=\"twitter:data1\" content=\"1 ph\u00fat\" \/>\n<script type=\"application\/ld+json\" class=\"yoast-schema-graph\">{\"@context\":\"https:\/\/schema.org\",\"@graph\":[{\"@type\":\"WebPage\",\"@id\":\"https:\/\/alchemy-asia.com\/vi\/san-pham\/the-glen-grant-18-years-old\/\",\"url\":\"https:\/\/alchemy-asia.com\/vi\/san-pham\/the-glen-grant-18-years-old\/\",\"name\":\"The Glen Grant 18 Years Old - Alchemy Asia\",\"isPartOf\":{\"@id\":\"https:\/\/alchemy-asia.com\/vi\/#website\"},\"primaryImageOfPage\":{\"@id\":\"https:\/\/alchemy-asia.com\/vi\/san-pham\/the-glen-grant-18-years-old\/#primaryimage\"},\"image\":{\"@id\":\"https:\/\/alchemy-asia.com\/vi\/san-pham\/the-glen-grant-18-years-old\/#primaryimage\"},\"thumbnailUrl\":\"https:\/\/alchemy-asia.com\/vi\/wp-content\/uploads\/sites\/3\/2024\/07\/The-glen-grant-18-SCOTCH-WHISKY.png\",\"datePublished\":\"2024-09-10T08:43:10+00:00\",\"dateModified\":\"2024-09-10T08:43:10+00:00\",\"breadcrumb\":{\"@id\":\"https:\/\/alchemy-asia.com\/vi\/san-pham\/the-glen-grant-18-years-old\/#breadcrumb\"},\"inLanguage\":\"vi\",\"potentialAction\":[{\"@type\":\"ReadAction\",\"target\":[\"https:\/\/alchemy-asia.com\/vi\/san-pham\/the-glen-grant-18-years-old\/\"]}]},{\"@type\":\"ImageObject\",\"inLanguage\":\"vi\",\"@id\":\"https:\/\/alchemy-asia.com\/vi\/san-pham\/the-glen-grant-18-years-old\/#primaryimage\",\"url\":\"https:\/\/alchemy-asia.com\/vi\/wp-content\/uploads\/sites\/3\/2024\/07\/The-glen-grant-18-SCOTCH-WHISKY.png\",\"contentUrl\":\"https:\/\/alchemy-asia.com\/vi\/wp-content\/uploads\/sites\/3\/2024\/07\/The-glen-grant-18-SCOTCH-WHISKY.png\",\"width\":5804,\"height\":5803,\"caption\":\"Glen Grant 18 Years Old\"},{\"@type\":\"BreadcrumbList\",\"@id\":\"https:\/\/alchemy-asia.com\/vi\/san-pham\/the-glen-grant-18-years-old\/#breadcrumb\",\"itemListElement\":[{\"@type\":\"ListItem\",\"position\":1,\"name\":\"Home\",\"item\":\"https:\/\/alchemy-asia.com\/vi\/\"},{\"@type\":\"ListItem\",\"position\":2,\"name\":\"The Glen Grant 18 Years Old\"}]},{\"@type\":\"WebSite\",\"@id\":\"https:\/\/alchemy-asia.com\/vi\/#website\",\"url\":\"https:\/\/alchemy-asia.com\/vi\/\",\"name\":\"Alchemy Asia\",\"description\":\"Just another Alchemy Asia Sites site\",\"potentialAction\":[{\"@type\":\"SearchAction\",\"target\":{\"@type\":\"EntryPoint\",\"urlTemplate\":\"https:\/\/alchemy-asia.com\/vi\/?s={search_term_string}\"},\"query-input\":\"required name=search_term_string\"}],\"inLanguage\":\"vi\"}]}<\/script>\n<!-- \/ Yoast SEO plugin. -->","yoast_head_json":{"title":"The Glen Grant 18 Years Old - Alchemy Asia","robots":{"index":"index","follow":"follow","max-snippet":"max-snippet:-1","max-image-preview":"max-image-preview:large","max-video-preview":"max-video-preview:-1"},"canonical":"https:\/\/alchemy-asia.com\/vi\/san-pham\/the-glen-grant-18-years-old\/","og_locale":"vi_VN","og_type":"article","og_title":"The Glen Grant 18 Years Old - Alchemy Asia","og_description":"Glen Grant 18 n\u0103m tu\u1ed5i l\u00e0 hi\u1ec7n th\u00e2n c\u1ee7a nhi\u1ec1u th\u1ebf h\u1ec7 r\u01b0\u1ee3u v\u1edbi s\u1ef1 chuy\u00ean nghi\u1ec7p cao. N\u1eb1m \u1edf trung t\u00e2m Speyside, Scotland, n\u01a1i \u0111\u00e2y c\u00e2n b\u1eb1ng gi\u1eefa truy\u1ec1n th\u1ed1ng v\u00e0 hi\u1ec7n \u0111\u1ea1i. M\u00e0u v\u00e0ng \u00e1nh kim c\u1ee7a n\u00f3 ch\u00ednh l\u00e0 ti\u1ec1n \u0111\u1ec1 cho h\u01b0\u01a1ng th\u01a1m \u0111\u1eadm \u0111\u00e0 v\u00e0 h\u01b0\u01a1ng hoa ng\u1ea1t ng\u00e0o, h\u00f2a quy\u1ec7n m\u1ed9t c\u00e1ch nhu\u1ea7n nhuy\u1ec5n gi\u1eefa m\u00f9i \u0111\u1eadm \u0111\u00e0 c\u1ee7a g\u1ed7 s\u1ed3i v\u00e0 m\u1ed9t ch\u00fat h\u01b0\u01a1ng li\u1ec7u nh\u1eb9 nh\u00e0ng kh\u00e1c. Kh\u1ea9u v\u1ecb ta c\u1ea3m nh\u1eadn \u0111\u01b0\u1ee3c caramel m\u1ea1ch nha, nho kh\u00f4 v\u00e0 h\u01b0\u01a1ng vani th\u01a1m ngon, r\u1ed3i h\u1eadu v\u1ecb d\u1eabn \u0111\u1ebfn m\u1ed9t t\u1ea7ng v\u1ecb ng\u1ecdt ng\u00e0o k\u00e9o d\u00e0i \u0111\u1eb7c tr\u01b0ng b\u1edfi s\u1ef1 pha tr\u1ed9n th\u00fa v\u1ecb c\u1ee7a c\u00e1c lo\u1ea1i qu\u1ea3 h\u1ea1ch v\u00e0 h\u01b0\u01a1ng li\u1ec7u. \u0110\u01b0\u1ee3c ch\u1ebf t\u00e1c v\u1edbi \u0111\u1ed9 ch\u00ednh x\u00e1c cao, Glen Grant 18 n\u0103m tu\u1ed5i mang \u0111\u1ebfn tr\u1ea3i nghi\u1ec7m \"v\u00e0ng\", phong ph\u00fa, nh\u01b0 th\u1ec3 m\u1ed9t b\u1ea3n giao h\u01b0\u1edfng c\u1ee7a h\u01b0\u01a1ng th\u01a1m v\u00e0 h\u01b0\u01a1ng v\u1ecb, l\u00e0 bi\u1ec3u t\u01b0\u1ee3ng cho m\u1ed9t di s\u1ea3n l\u00e2u \u0111\u1eddi v\u00e0 s\u1ef1 c\u1ed1ng hi\u1ebfn kh\u00f4ng ng\u1eebng ngh\u1ec9.","og_url":"https:\/\/alchemy-asia.com\/vi\/san-pham\/the-glen-grant-18-years-old\/","og_site_name":"Alchemy Asia","og_image":[{"width":1024,"height":1024,"url":"https:\/\/alchemy-asia.com\/vi\/wp-content\/uploads\/sites\/3\/2024\/07\/The-glen-grant-18-SCOTCH-WHISKY-1024x1024.png","type":"image\/png"}],"twitter_card":"summary_large_image","twitter_misc":{"\u01af\u1edbc t\u00ednh th\u1eddi gian \u0111\u1ecdc":"1 ph\u00fat"},"schema":{"@context":"https:\/\/schema.org","@graph":[{"@type":"WebPage","@id":"https:\/\/alchemy-asia.com\/vi\/san-pham\/the-glen-grant-18-years-old\/","url":"https:\/\/alchemy-asia.com\/vi\/san-pham\/the-glen-grant-18-years-old\/","name":"The Glen Grant 18 Years Old - Alchemy Asia","isPartOf":{"@id":"https:\/\/alchemy-asia.com\/vi\/#website"},"primaryImageOfPage":{"@id":"https:\/\/alchemy-asia.com\/vi\/san-pham\/the-glen-grant-18-years-old\/#primaryimage"},"image":{"@id":"https:\/\/alchemy-asia.com\/vi\/san-pham\/the-glen-grant-18-years-old\/#primaryimage"},"thumbnailUrl":"https:\/\/alchemy-asia.com\/vi\/wp-content\/uploads\/sites\/3\/2024\/07\/The-glen-grant-18-SCOTCH-WHISKY.png","datePublished":"2024-09-10T08:43:10+00:00","dateModified":"2024-09-10T08:43:10+00:00","breadcrumb":{"@id":"https:\/\/alchemy-asia.com\/vi\/san-pham\/the-glen-grant-18-years-old\/#breadcrumb"},"inLanguage":"vi","potentialAction":[{"@type":"ReadAction","target":["https:\/\/alchemy-asia.com\/vi\/san-pham\/the-glen-grant-18-years-old\/"]}]},{"@type":"ImageObject","inLanguage":"vi","@id":"https:\/\/alchemy-asia.com\/vi\/san-pham\/the-glen-grant-18-years-old\/#primaryimage","url":"https:\/\/alchemy-asia.com\/vi\/wp-content\/uploads\/sites\/3\/2024\/07\/The-glen-grant-18-SCOTCH-WHISKY.png","contentUrl":"https:\/\/alchemy-asia.com\/vi\/wp-content\/uploads\/sites\/3\/2024\/07\/The-glen-grant-18-SCOTCH-WHISKY.png","width":5804,"height":5803,"caption":"Glen Grant 18 Years Old"},{"@type":"BreadcrumbList","@id":"https:\/\/alchemy-asia.com\/vi\/san-pham\/the-glen-grant-18-years-old\/#breadcrumb","itemListElement":[{"@type":"ListItem","position":1,"name":"Home","item":"https:\/\/alchemy-asia.com\/vi\/"},{"@type":"ListItem","position":2,"name":"The Glen Grant 18 Years Old"}]},{"@type":"WebSite","@id":"https:\/\/alchemy-asia.com\/vi\/#website","url":"https:\/\/alchemy-asia.com\/vi\/","name":"Alchemy Asia","description":"Just another Alchemy Asia Sites site","potentialAction":[{"@type":"SearchAction","target":{"@type":"EntryPoint","urlTemplate":"https:\/\/alchemy-asia.com\/vi\/?s={search_term_string}"},"query-input":"required name=search_term_string"}],"inLanguage":"vi"}]}},"_links":{"self":[{"href":"https:\/\/alchemy-asia.com\/vi\/wp-json\/wp\/v2\/product\/8688","targetHints":{"allow":["GET"]}}],"collection":[{"href":"https:\/\/alchemy-asia.com\/vi\/wp-json\/wp\/v2\/product"}],"about":[{"href":"https:\/\/alchemy-asia.com\/vi\/wp-json\/wp\/v2\/types\/product"}],"replies":[{"embeddable":true,"href":"https:\/\/alchemy-asia.com\/vi\/wp-json\/wp\/v2\/comments?post=8688"}],"wp:featuredmedia":[{"embeddable":true,"href":"https:\/\/alchemy-asia.com\/vi\/wp-json\/wp\/v2\/media\/8691"}],"wp:attachment":[{"href":"https:\/\/alchemy-asia.com\/vi\/wp-json\/wp\/v2\/media?parent=8688"}],"wp:term":[{"taxonomy":"product_cat","embeddable":true,"href":"https:\/\/alchemy-asia.com\/vi\/wp-json\/wp\/v2\/product_cat?post=8688"},{"taxonomy":"product_tag","embeddable":true,"href":"https:\/\/alchemy-asia.com\/vi\/wp-json\/wp\/v2\/product_tag?post=8688"}],"curies":[{"name":"wp","href":"https:\/\/api.w.org\/{rel}","templated":true}]}}