{"id":8692,"date":"2024-07-25T04:41:29","date_gmt":"2024-07-25T04:41:29","guid":{"rendered":"https:\/\/alchemy-asia.com\/vi\/?post_type=product&#038;p=8692"},"modified":"2024-07-25T04:42:26","modified_gmt":"2024-07-25T04:42:26","slug":"lady-trieu-contemporary-gift-box","status":"publish","type":"product","link":"https:\/\/alchemy-asia.com\/vi\/san-pham\/lady-trieu-contemporary-gift-box\/","title":{"rendered":"Lady Tri\u1ec7u Contemporary Gift Box"},"content":{"rendered":"","protected":false},"excerpt":{"rendered":"<p><span data-sheets-root=\"1\" data-sheets-value=\"{&quot;1&quot;:2,&quot;2&quot;:&quot;Lady Tri\u1ec7u t\u1ef1 h\u00e0o \u0111\u01b0\u1ee3c s\u1ea3n xu\u1ea5t th\u1ee7 c\u00f4ng theo t\u1eebng l\u00f4 nh\u1ecf. Nh\u01b0 m\u1ed9t b\u1ee9c tranh th\u00eau tinh t\u1ebf, d\u00f2ng Lady Tri\u1ec7u Contemporary Vietnam Gin \u0111\u01b0\u1ee3c t\u1ea1o n\u00ean t\u1eeb c\u00e1c lo\u1ea1i th\u1ea3o m\u1ed9c tinh t\u00fay nh\u1ea5t tr\u1ea3i d\u00e0i kh\u1eafp Vi\u1ec7t Nam.\\n \\nN\u1ed1t h\u01b0\u01a1ng:\\nH\u01b0\u01a1ng cam chanh c\u00f9ng v\u1edbi m\u1ed9t ch\u00fat gia v\u1ecb \u1ea5m, l\u00ean men, mang l\u1ea1i ch\u00fat ng\u1ecdt nh\u1eb9. \u0110\u01b0\u1ee3c c\u00e2n b\u1eb1ng v\u1edbi m\u00f9i th\u01a1m c\u1ee7a qu\u1ea3 b\u00e1ch x\u00f9 v\u00e0 h\u01b0\u01a1ng v\u1ecb ti\u00eau s\u1ea1ch. K\u1ebft th\u00fac v\u1edbi m\u1ed9t ch\u00fat h\u1eadu v\u1ecb c\u1ee7a tr\u00e0 kh\u00f4 th\u01a1m. &quot;}\" data-sheets-userformat=\"{&quot;2&quot;:1057791,&quot;3&quot;:{&quot;1&quot;:0},&quot;4&quot;:{&quot;1&quot;:2,&quot;2&quot;:16776960},&quot;5&quot;:{&quot;1&quot;:[{&quot;1&quot;:2,&quot;2&quot;:0,&quot;5&quot;:{&quot;1&quot;:2,&quot;2&quot;:0}},{&quot;1&quot;:0,&quot;2&quot;:0,&quot;3&quot;:3},{&quot;1&quot;:1,&quot;2&quot;:0,&quot;4&quot;:1}]},&quot;6&quot;:{&quot;1&quot;:[{&quot;1&quot;:2,&quot;2&quot;:0,&quot;5&quot;:{&quot;1&quot;:2,&quot;2&quot;:0}},{&quot;1&quot;:0,&quot;2&quot;:0,&quot;3&quot;:3},{&quot;1&quot;:1,&quot;2&quot;:0,&quot;4&quot;:1}]},&quot;7&quot;:{&quot;1&quot;:[{&quot;1&quot;:2,&quot;2&quot;:0,&quot;5&quot;:{&quot;1&quot;:2,&quot;2&quot;:0}},{&quot;1&quot;:0,&quot;2&quot;:0,&quot;3&quot;:3},{&quot;1&quot;:1,&quot;2&quot;:0,&quot;4&quot;:1}]},&quot;8&quot;:{&quot;1&quot;:[{&quot;1&quot;:2,&quot;2&quot;:0,&quot;5&quot;:{&quot;1&quot;:2,&quot;2&quot;:0}},{&quot;1&quot;:0,&quot;2&quot;:0,&quot;3&quot;:3},{&quot;1&quot;:1,&quot;2&quot;:0,&quot;4&quot;:1}]},&quot;9&quot;:0,&quot;10&quot;:1,&quot;11&quot;:4,&quot;12&quot;:0,&quot;16&quot;:13,&quot;23&quot;:1}\" data-sheets-textstyleruns=\"{&quot;1&quot;:0}\uee10{&quot;1&quot;:206,&quot;2&quot;:{&quot;5&quot;:1}}\uee10{&quot;1&quot;:216}\">Lady Tri\u1ec7u t\u1ef1 h\u00e0o \u0111\u01b0\u1ee3c s\u1ea3n xu\u1ea5t th\u1ee7 c\u00f4ng theo t\u1eebng l\u00f4 nh\u1ecf. Nh\u01b0 m\u1ed9t b\u1ee9c tranh th\u00eau tinh t\u1ebf, d\u00f2ng Lady Tri\u1ec7u Contemporary Vietnam Gin \u0111\u01b0\u1ee3c t\u1ea1o n\u00ean t\u1eeb c\u00e1c lo\u1ea1i th\u1ea3o m\u1ed9c tinh t\u00fay nh\u1ea5t tr\u1ea3i d\u00e0i kh\u1eafp Vi\u1ec7t Nam.<\/span><\/p>\n<p>N\u1ed1t h\u01b0\u01a1ng:<br \/>\nH\u01b0\u01a1ng cam chanh c\u00f9ng v\u1edbi m\u1ed9t ch\u00fat gia v\u1ecb \u1ea5m, l\u00ean men, mang l\u1ea1i ch\u00fat ng\u1ecdt nh\u1eb9. \u0110\u01b0\u1ee3c c\u00e2n b\u1eb1ng v\u1edbi m\u00f9i th\u01a1m c\u1ee7a qu\u1ea3 b\u00e1ch x\u00f9 v\u00e0 h\u01b0\u01a1ng v\u1ecb ti\u00eau s\u1ea1ch. K\u1ebft th\u00fac v\u1edbi m\u1ed9t ch\u00fat h\u1eadu v\u1ecb c\u1ee7a tr\u00e0 kh\u00f4 th\u01a1m.<\/p>\n","protected":false},"featured_media":8695,"comment_status":"open","ping_status":"closed","template":"","meta":{"_acf_changed":false},"product_cat":[52],"product_tag":[],"class_list":{"0":"post-8692","1":"product","2":"type-product","3":"status-publish","4":"has-post-thumbnail","6":"product_cat-gin","7":"brand-lady-trieu","9":"first","10":"instock","11":"shipping-taxable","12":"product-type-simple"},"acf":[],"yoast_head":"<!-- This site is optimized with the Yoast SEO plugin v23.0 - https:\/\/yoast.com\/wordpress\/plugins\/seo\/ -->\n<title>Lady Tri\u1ec7u Contemporary Gift Box - Alchemy Asia<\/title>\n<meta name=\"robots\" content=\"index, follow, max-snippet:-1, max-image-preview:large, max-video-preview:-1\" \/>\n<link rel=\"canonical\" href=\"https:\/\/alchemy-asia.com\/vi\/san-pham\/lady-trieu-contemporary-gift-box\/\" \/>\n<meta property=\"og:locale\" content=\"vi_VN\" \/>\n<meta property=\"og:type\" content=\"article\" \/>\n<meta property=\"og:title\" content=\"Lady Tri\u1ec7u Contemporary Gift Box - Alchemy Asia\" \/>\n<meta property=\"og:description\" content=\"Lady Tri\u1ec7u t\u1ef1 h\u00e0o \u0111\u01b0\u1ee3c s\u1ea3n xu\u1ea5t th\u1ee7 c\u00f4ng theo t\u1eebng l\u00f4 nh\u1ecf. Nh\u01b0 m\u1ed9t b\u1ee9c tranh th\u00eau tinh t\u1ebf, d\u00f2ng Lady Tri\u1ec7u Contemporary Vietnam Gin \u0111\u01b0\u1ee3c t\u1ea1o n\u00ean t\u1eeb c\u00e1c lo\u1ea1i th\u1ea3o m\u1ed9c tinh t\u00fay nh\u1ea5t tr\u1ea3i d\u00e0i kh\u1eafp Vi\u1ec7t Nam.  N\u1ed1t h\u01b0\u01a1ng: H\u01b0\u01a1ng cam chanh c\u00f9ng v\u1edbi m\u1ed9t ch\u00fat gia v\u1ecb \u1ea5m, l\u00ean men, mang l\u1ea1i ch\u00fat ng\u1ecdt nh\u1eb9. \u0110\u01b0\u1ee3c c\u00e2n b\u1eb1ng v\u1edbi m\u00f9i th\u01a1m c\u1ee7a qu\u1ea3 b\u00e1ch x\u00f9 v\u00e0 h\u01b0\u01a1ng v\u1ecb ti\u00eau s\u1ea1ch. K\u1ebft th\u00fac v\u1edbi m\u1ed9t ch\u00fat h\u1eadu v\u1ecb c\u1ee7a tr\u00e0 kh\u00f4 th\u01a1m.\" \/>\n<meta property=\"og:url\" content=\"https:\/\/alchemy-asia.com\/vi\/san-pham\/lady-trieu-contemporary-gift-box\/\" \/>\n<meta property=\"og:site_name\" content=\"Alchemy Asia\" \/>\n<meta property=\"article:modified_time\" content=\"2024-07-25T04:42:26+00:00\" \/>\n<meta property=\"og:image\" content=\"https:\/\/alchemy-asia.com\/vi\/wp-content\/uploads\/sites\/3\/2024\/07\/Lady-Trieu-Contemporary-Giftbox-1-1024x1024.png\" \/>\n\t<meta property=\"og:image:width\" content=\"1024\" \/>\n\t<meta property=\"og:image:height\" content=\"1024\" \/>\n\t<meta property=\"og:image:type\" content=\"image\/png\" \/>\n<meta name=\"twitter:card\" content=\"summary_large_image\" \/>\n<meta name=\"twitter:label1\" content=\"\u01af\u1edbc t\u00ednh th\u1eddi gian \u0111\u1ecdc\" \/>\n\t<meta name=\"twitter:data1\" content=\"1 ph\u00fat\" \/>\n<script type=\"application\/ld+json\" class=\"yoast-schema-graph\">{\"@context\":\"https:\/\/schema.org\",\"@graph\":[{\"@type\":\"WebPage\",\"@id\":\"https:\/\/alchemy-asia.com\/vi\/san-pham\/lady-trieu-contemporary-gift-box\/\",\"url\":\"https:\/\/alchemy-asia.com\/vi\/san-pham\/lady-trieu-contemporary-gift-box\/\",\"name\":\"Lady Tri\u1ec7u Contemporary Gift Box - Alchemy Asia\",\"isPartOf\":{\"@id\":\"https:\/\/alchemy-asia.com\/vi\/#website\"},\"primaryImageOfPage\":{\"@id\":\"https:\/\/alchemy-asia.com\/vi\/san-pham\/lady-trieu-contemporary-gift-box\/#primaryimage\"},\"image\":{\"@id\":\"https:\/\/alchemy-asia.com\/vi\/san-pham\/lady-trieu-contemporary-gift-box\/#primaryimage\"},\"thumbnailUrl\":\"https:\/\/alchemy-asia.com\/vi\/wp-content\/uploads\/sites\/3\/2024\/07\/Lady-Trieu-Contemporary-Giftbox-1.png\",\"datePublished\":\"2024-07-25T04:41:29+00:00\",\"dateModified\":\"2024-07-25T04:42:26+00:00\",\"breadcrumb\":{\"@id\":\"https:\/\/alchemy-asia.com\/vi\/san-pham\/lady-trieu-contemporary-gift-box\/#breadcrumb\"},\"inLanguage\":\"vi\",\"potentialAction\":[{\"@type\":\"ReadAction\",\"target\":[\"https:\/\/alchemy-asia.com\/vi\/san-pham\/lady-trieu-contemporary-gift-box\/\"]}]},{\"@type\":\"ImageObject\",\"inLanguage\":\"vi\",\"@id\":\"https:\/\/alchemy-asia.com\/vi\/san-pham\/lady-trieu-contemporary-gift-box\/#primaryimage\",\"url\":\"https:\/\/alchemy-asia.com\/vi\/wp-content\/uploads\/sites\/3\/2024\/07\/Lady-Trieu-Contemporary-Giftbox-1.png\",\"contentUrl\":\"https:\/\/alchemy-asia.com\/vi\/wp-content\/uploads\/sites\/3\/2024\/07\/Lady-Trieu-Contemporary-Giftbox-1.png\",\"width\":2100,\"height\":2100},{\"@type\":\"BreadcrumbList\",\"@id\":\"https:\/\/alchemy-asia.com\/vi\/san-pham\/lady-trieu-contemporary-gift-box\/#breadcrumb\",\"itemListElement\":[{\"@type\":\"ListItem\",\"position\":1,\"name\":\"Home\",\"item\":\"https:\/\/alchemy-asia.com\/vi\/\"},{\"@type\":\"ListItem\",\"position\":2,\"name\":\"Lady Tri\u1ec7u Contemporary Gift Box\"}]},{\"@type\":\"WebSite\",\"@id\":\"https:\/\/alchemy-asia.com\/vi\/#website\",\"url\":\"https:\/\/alchemy-asia.com\/vi\/\",\"name\":\"Alchemy Asia\",\"description\":\"Just another Alchemy Asia Sites site\",\"potentialAction\":[{\"@type\":\"SearchAction\",\"target\":{\"@type\":\"EntryPoint\",\"urlTemplate\":\"https:\/\/alchemy-asia.com\/vi\/?s={search_term_string}\"},\"query-input\":\"required name=search_term_string\"}],\"inLanguage\":\"vi\"}]}<\/script>\n<!-- \/ Yoast SEO plugin. -->","yoast_head_json":{"title":"Lady Tri\u1ec7u Contemporary Gift Box - Alchemy Asia","robots":{"index":"index","follow":"follow","max-snippet":"max-snippet:-1","max-image-preview":"max-image-preview:large","max-video-preview":"max-video-preview:-1"},"canonical":"https:\/\/alchemy-asia.com\/vi\/san-pham\/lady-trieu-contemporary-gift-box\/","og_locale":"vi_VN","og_type":"article","og_title":"Lady Tri\u1ec7u Contemporary Gift Box - Alchemy Asia","og_description":"Lady Tri\u1ec7u t\u1ef1 h\u00e0o \u0111\u01b0\u1ee3c s\u1ea3n xu\u1ea5t th\u1ee7 c\u00f4ng theo t\u1eebng l\u00f4 nh\u1ecf. Nh\u01b0 m\u1ed9t b\u1ee9c tranh th\u00eau tinh t\u1ebf, d\u00f2ng Lady Tri\u1ec7u Contemporary Vietnam Gin \u0111\u01b0\u1ee3c t\u1ea1o n\u00ean t\u1eeb c\u00e1c lo\u1ea1i th\u1ea3o m\u1ed9c tinh t\u00fay nh\u1ea5t tr\u1ea3i d\u00e0i kh\u1eafp Vi\u1ec7t Nam.  N\u1ed1t h\u01b0\u01a1ng: H\u01b0\u01a1ng cam chanh c\u00f9ng v\u1edbi m\u1ed9t ch\u00fat gia v\u1ecb \u1ea5m, l\u00ean men, mang l\u1ea1i ch\u00fat ng\u1ecdt nh\u1eb9. \u0110\u01b0\u1ee3c c\u00e2n b\u1eb1ng v\u1edbi m\u00f9i th\u01a1m c\u1ee7a qu\u1ea3 b\u00e1ch x\u00f9 v\u00e0 h\u01b0\u01a1ng v\u1ecb ti\u00eau s\u1ea1ch. K\u1ebft th\u00fac v\u1edbi m\u1ed9t ch\u00fat h\u1eadu v\u1ecb c\u1ee7a tr\u00e0 kh\u00f4 th\u01a1m.","og_url":"https:\/\/alchemy-asia.com\/vi\/san-pham\/lady-trieu-contemporary-gift-box\/","og_site_name":"Alchemy Asia","article_modified_time":"2024-07-25T04:42:26+00:00","og_image":[{"width":1024,"height":1024,"url":"https:\/\/alchemy-asia.com\/vi\/wp-content\/uploads\/sites\/3\/2024\/07\/Lady-Trieu-Contemporary-Giftbox-1-1024x1024.png","type":"image\/png"}],"twitter_card":"summary_large_image","twitter_misc":{"\u01af\u1edbc t\u00ednh th\u1eddi gian \u0111\u1ecdc":"1 ph\u00fat"},"schema":{"@context":"https:\/\/schema.org","@graph":[{"@type":"WebPage","@id":"https:\/\/alchemy-asia.com\/vi\/san-pham\/lady-trieu-contemporary-gift-box\/","url":"https:\/\/alchemy-asia.com\/vi\/san-pham\/lady-trieu-contemporary-gift-box\/","name":"Lady Tri\u1ec7u Contemporary Gift Box - Alchemy Asia","isPartOf":{"@id":"https:\/\/alchemy-asia.com\/vi\/#website"},"primaryImageOfPage":{"@id":"https:\/\/alchemy-asia.com\/vi\/san-pham\/lady-trieu-contemporary-gift-box\/#primaryimage"},"image":{"@id":"https:\/\/alchemy-asia.com\/vi\/san-pham\/lady-trieu-contemporary-gift-box\/#primaryimage"},"thumbnailUrl":"https:\/\/alchemy-asia.com\/vi\/wp-content\/uploads\/sites\/3\/2024\/07\/Lady-Trieu-Contemporary-Giftbox-1.png","datePublished":"2024-07-25T04:41:29+00:00","dateModified":"2024-07-25T04:42:26+00:00","breadcrumb":{"@id":"https:\/\/alchemy-asia.com\/vi\/san-pham\/lady-trieu-contemporary-gift-box\/#breadcrumb"},"inLanguage":"vi","potentialAction":[{"@type":"ReadAction","target":["https:\/\/alchemy-asia.com\/vi\/san-pham\/lady-trieu-contemporary-gift-box\/"]}]},{"@type":"ImageObject","inLanguage":"vi","@id":"https:\/\/alchemy-asia.com\/vi\/san-pham\/lady-trieu-contemporary-gift-box\/#primaryimage","url":"https:\/\/alchemy-asia.com\/vi\/wp-content\/uploads\/sites\/3\/2024\/07\/Lady-Trieu-Contemporary-Giftbox-1.png","contentUrl":"https:\/\/alchemy-asia.com\/vi\/wp-content\/uploads\/sites\/3\/2024\/07\/Lady-Trieu-Contemporary-Giftbox-1.png","width":2100,"height":2100},{"@type":"BreadcrumbList","@id":"https:\/\/alchemy-asia.com\/vi\/san-pham\/lady-trieu-contemporary-gift-box\/#breadcrumb","itemListElement":[{"@type":"ListItem","position":1,"name":"Home","item":"https:\/\/alchemy-asia.com\/vi\/"},{"@type":"ListItem","position":2,"name":"Lady Tri\u1ec7u Contemporary Gift Box"}]},{"@type":"WebSite","@id":"https:\/\/alchemy-asia.com\/vi\/#website","url":"https:\/\/alchemy-asia.com\/vi\/","name":"Alchemy Asia","description":"Just another Alchemy Asia Sites site","potentialAction":[{"@type":"SearchAction","target":{"@type":"EntryPoint","urlTemplate":"https:\/\/alchemy-asia.com\/vi\/?s={search_term_string}"},"query-input":"required name=search_term_string"}],"inLanguage":"vi"}]}},"_links":{"self":[{"href":"https:\/\/alchemy-asia.com\/vi\/wp-json\/wp\/v2\/product\/8692","targetHints":{"allow":["GET"]}}],"collection":[{"href":"https:\/\/alchemy-asia.com\/vi\/wp-json\/wp\/v2\/product"}],"about":[{"href":"https:\/\/alchemy-asia.com\/vi\/wp-json\/wp\/v2\/types\/product"}],"replies":[{"embeddable":true,"href":"https:\/\/alchemy-asia.com\/vi\/wp-json\/wp\/v2\/comments?post=8692"}],"wp:featuredmedia":[{"embeddable":true,"href":"https:\/\/alchemy-asia.com\/vi\/wp-json\/wp\/v2\/media\/8695"}],"wp:attachment":[{"href":"https:\/\/alchemy-asia.com\/vi\/wp-json\/wp\/v2\/media?parent=8692"}],"wp:term":[{"taxonomy":"product_cat","embeddable":true,"href":"https:\/\/alchemy-asia.com\/vi\/wp-json\/wp\/v2\/product_cat?post=8692"},{"taxonomy":"product_tag","embeddable":true,"href":"https:\/\/alchemy-asia.com\/vi\/wp-json\/wp\/v2\/product_tag?post=8692"}],"curies":[{"name":"wp","href":"https:\/\/api.w.org\/{rel}","templated":true}]}}