{"id":8693,"date":"2024-09-10T08:43:08","date_gmt":"2024-09-10T08:43:08","guid":{"rendered":"https:\/\/alchemy-asia.com\/vi\/?post_type=product&#038;p=8693"},"modified":"2024-09-10T08:43:08","modified_gmt":"2024-09-10T08:43:08","slug":"the-glen-grant-21-years-old","status":"publish","type":"product","link":"https:\/\/alchemy-asia.com\/vi\/san-pham\/the-glen-grant-21-years-old\/","title":{"rendered":"The Glen Grant 21 Years Old"},"content":{"rendered":"","protected":false},"excerpt":{"rendered":"<p>Glen Grant 21 n\u0103m tu\u1ed5i mang c\u00e2u chuy\u1ec7n k\u1ec3 v\u1ec1 tr\u00ecnh \u0111\u1ed9 ch\u01b0ng c\u1ea5t b\u1eadc th\u1ea7y c\u1ee7a ng\u01b0\u1eddi Scotland. \u0110\u01b0\u1ee3c ph\u00e1t tri\u1ec3n \u1edf Speyside, lo\u1ea1i r\u01b0\u1ee3u n\u00e0y to\u00e1t l\u00ean s\u1ef1 pha tr\u1ed9n gi\u1eefa di s\u1ea3n truy\u1ec1n th\u1ed1ng v\u00e0 tinh th\u1ea7n s\u00e1ng t\u1ea1o m\u1edbi.<br \/>\nGlen Grant 21 n\u0103m tu\u1ed5i n\u1ed5i b\u1eadt nh\u1edd qu\u00e1 tr\u00ecnh \u1ee7 r\u01b0\u1ee3u t\u1ec9 m\u1ec9 trong c\u00e1c th\u00f9ng r\u01b0\u1ee3u ex-oloroso cao c\u1ea5p v\u00e0 th\u00f9ng r\u01b0\u1ee3u g\u1ed7 s\u1ed3i, mang l\u1ea1i m\u1ed9t tr\u1ea3i nghi\u1ec7m \u0111\u1eb7c bi\u1ec7t. V\u1ecb th\u01a1m c\u1ee7a n\u00f3 l\u00f4i cu\u1ed1n b\u1edfi v\u1ecb c\u1ee7a nh\u1eefng qu\u1ea3 \u0111\u00e0o ch\u00edn ng\u1ecdt, k\u1eb9o b\u01a1 c\u1ee9ng v\u00e0 nho kh\u00f4. Kh\u1ea9u v\u1ecb \u0111\u1ea7u ti\u00ean l\u00e0 m\u1ed9t c\u1ea3m gi\u00e1c d\u1ec5 ch\u1ecbu v\u1edbi s\u1ef1 h\u00e0o quy\u1ec7n c\u1ee7a tr\u00e1i c\u00e2y nhi\u1ec7t \u0111\u1edbi \u0111\u1eadm \u0111\u00e0 v\u00e0 h\u01b0\u01a1ng b\u01a1 kem. H\u1eadu v\u1ecb l\u00e0 s\u1ef1 h\u1ee9ng th\u00fa v\u1edbi h\u01b0\u01a1ng th\u01a1m k\u00e9o d\u00e0i c\u1ee7a kem caramen brul\u00e9e. V\u1edbi s\u1ef1 si\u00eang n\u0103ng v\u00e0 t\u1ec9 m\u1ec9 \u0111\u1ebfn t\u1eebng chi ti\u1ebft, lo\u1ea1i thu\u1ed1c r\u01b0\u1ee3u l\u00e2u \u0111\u1eddi n\u00e0y \u0111\u1ed3ng th\u1eddi c\u0169ng l\u00e0 s\u1ef1 k\u1ebft h\u1ee3p h\u00e0i h\u00f2a gi\u1eefa h\u01b0\u01a1ng v\u1ecb v\u00e0 m\u00f9i th\u01a1m, c\u1ee7ng c\u1ed1 m\u1ed9t l\u1ea7n n\u1eefa di s\u1ea3n v\u01b0\u1ee3t th\u1eddi gian c\u1ee7a The Glen Grant v\u00e0 s\u1ef1 ph\u00e1t tri\u1ec3n kh\u00f4ng ng\u1eebng ngh\u1ec9 \u0111\u1ec3 \u0111\u1ea1t \u0111\u01b0\u1ee3c s\u1ef1 xu\u1ea5t s\u1eafc nh\u1ea5t.<\/p>\n","protected":false},"featured_media":8697,"comment_status":"open","ping_status":"closed","template":"","meta":{"_acf_changed":false},"product_cat":[58],"product_tag":[],"class_list":{"0":"post-8693","1":"product","2":"type-product","3":"status-publish","4":"has-post-thumbnail","6":"product_cat-scotch-whisky-single-malt","7":"brand-glen-grant","9":"first","10":"instock","11":"shipping-taxable","12":"product-type-simple"},"acf":[],"yoast_head":"<!-- This site is optimized with the Yoast SEO plugin v23.0 - https:\/\/yoast.com\/wordpress\/plugins\/seo\/ -->\n<title>The Glen Grant 21 Years Old - Alchemy Asia<\/title>\n<meta name=\"robots\" content=\"index, follow, max-snippet:-1, max-image-preview:large, max-video-preview:-1\" \/>\n<link rel=\"canonical\" href=\"https:\/\/alchemy-asia.com\/vi\/san-pham\/the-glen-grant-21-years-old\/\" \/>\n<meta property=\"og:locale\" content=\"vi_VN\" \/>\n<meta property=\"og:type\" content=\"article\" \/>\n<meta property=\"og:title\" content=\"The Glen Grant 21 Years Old - Alchemy Asia\" \/>\n<meta property=\"og:description\" content=\"Glen Grant 21 n\u0103m tu\u1ed5i mang c\u00e2u chuy\u1ec7n k\u1ec3 v\u1ec1 tr\u00ecnh \u0111\u1ed9 ch\u01b0ng c\u1ea5t b\u1eadc th\u1ea7y c\u1ee7a ng\u01b0\u1eddi Scotland. \u0110\u01b0\u1ee3c ph\u00e1t tri\u1ec3n \u1edf Speyside, lo\u1ea1i r\u01b0\u1ee3u n\u00e0y to\u00e1t l\u00ean s\u1ef1 pha tr\u1ed9n gi\u1eefa di s\u1ea3n truy\u1ec1n th\u1ed1ng v\u00e0 tinh th\u1ea7n s\u00e1ng t\u1ea1o m\u1edbi. Glen Grant 21 n\u0103m tu\u1ed5i n\u1ed5i b\u1eadt nh\u1edd qu\u00e1 tr\u00ecnh \u1ee7 r\u01b0\u1ee3u t\u1ec9 m\u1ec9 trong c\u00e1c th\u00f9ng r\u01b0\u1ee3u ex-oloroso cao c\u1ea5p v\u00e0 th\u00f9ng r\u01b0\u1ee3u g\u1ed7 s\u1ed3i, mang l\u1ea1i m\u1ed9t tr\u1ea3i nghi\u1ec7m \u0111\u1eb7c bi\u1ec7t. V\u1ecb th\u01a1m c\u1ee7a n\u00f3 l\u00f4i cu\u1ed1n b\u1edfi v\u1ecb c\u1ee7a nh\u1eefng qu\u1ea3 \u0111\u00e0o ch\u00edn ng\u1ecdt, k\u1eb9o b\u01a1 c\u1ee9ng v\u00e0 nho kh\u00f4. Kh\u1ea9u v\u1ecb \u0111\u1ea7u ti\u00ean l\u00e0 m\u1ed9t c\u1ea3m gi\u00e1c d\u1ec5 ch\u1ecbu v\u1edbi s\u1ef1 h\u00e0o quy\u1ec7n c\u1ee7a tr\u00e1i c\u00e2y nhi\u1ec7t \u0111\u1edbi \u0111\u1eadm \u0111\u00e0 v\u00e0 h\u01b0\u01a1ng b\u01a1 kem. H\u1eadu v\u1ecb l\u00e0 s\u1ef1 h\u1ee9ng th\u00fa v\u1edbi h\u01b0\u01a1ng th\u01a1m k\u00e9o d\u00e0i c\u1ee7a kem caramen brul\u00e9e. V\u1edbi s\u1ef1 si\u00eang n\u0103ng v\u00e0 t\u1ec9 m\u1ec9 \u0111\u1ebfn t\u1eebng chi ti\u1ebft, lo\u1ea1i thu\u1ed1c r\u01b0\u1ee3u l\u00e2u \u0111\u1eddi n\u00e0y \u0111\u1ed3ng th\u1eddi c\u0169ng l\u00e0 s\u1ef1 k\u1ebft h\u1ee3p h\u00e0i h\u00f2a gi\u1eefa h\u01b0\u01a1ng v\u1ecb v\u00e0 m\u00f9i th\u01a1m, c\u1ee7ng c\u1ed1 m\u1ed9t l\u1ea7n n\u1eefa di s\u1ea3n v\u01b0\u1ee3t th\u1eddi gian c\u1ee7a The Glen Grant v\u00e0 s\u1ef1 ph\u00e1t tri\u1ec3n kh\u00f4ng ng\u1eebng ngh\u1ec9 \u0111\u1ec3 \u0111\u1ea1t \u0111\u01b0\u1ee3c s\u1ef1 xu\u1ea5t s\u1eafc nh\u1ea5t.\" \/>\n<meta property=\"og:url\" content=\"https:\/\/alchemy-asia.com\/vi\/san-pham\/the-glen-grant-21-years-old\/\" \/>\n<meta property=\"og:site_name\" content=\"Alchemy Asia\" \/>\n<meta property=\"og:image\" content=\"https:\/\/alchemy-asia.com\/vi\/wp-content\/uploads\/sites\/3\/2024\/07\/The-glen-grant-21-SCOTCH-WHISKY-1024x1024.png\" \/>\n\t<meta property=\"og:image:width\" content=\"1024\" \/>\n\t<meta property=\"og:image:height\" content=\"1024\" \/>\n\t<meta property=\"og:image:type\" content=\"image\/png\" \/>\n<meta name=\"twitter:card\" content=\"summary_large_image\" \/>\n<meta name=\"twitter:label1\" content=\"\u01af\u1edbc t\u00ednh th\u1eddi gian \u0111\u1ecdc\" \/>\n\t<meta name=\"twitter:data1\" content=\"1 ph\u00fat\" \/>\n<script type=\"application\/ld+json\" class=\"yoast-schema-graph\">{\"@context\":\"https:\/\/schema.org\",\"@graph\":[{\"@type\":\"WebPage\",\"@id\":\"https:\/\/alchemy-asia.com\/vi\/san-pham\/the-glen-grant-21-years-old\/\",\"url\":\"https:\/\/alchemy-asia.com\/vi\/san-pham\/the-glen-grant-21-years-old\/\",\"name\":\"The Glen Grant 21 Years Old - Alchemy Asia\",\"isPartOf\":{\"@id\":\"https:\/\/alchemy-asia.com\/vi\/#website\"},\"primaryImageOfPage\":{\"@id\":\"https:\/\/alchemy-asia.com\/vi\/san-pham\/the-glen-grant-21-years-old\/#primaryimage\"},\"image\":{\"@id\":\"https:\/\/alchemy-asia.com\/vi\/san-pham\/the-glen-grant-21-years-old\/#primaryimage\"},\"thumbnailUrl\":\"https:\/\/alchemy-asia.com\/vi\/wp-content\/uploads\/sites\/3\/2024\/07\/The-glen-grant-21-SCOTCH-WHISKY.png\",\"datePublished\":\"2024-09-10T08:43:08+00:00\",\"dateModified\":\"2024-09-10T08:43:08+00:00\",\"breadcrumb\":{\"@id\":\"https:\/\/alchemy-asia.com\/vi\/san-pham\/the-glen-grant-21-years-old\/#breadcrumb\"},\"inLanguage\":\"vi\",\"potentialAction\":[{\"@type\":\"ReadAction\",\"target\":[\"https:\/\/alchemy-asia.com\/vi\/san-pham\/the-glen-grant-21-years-old\/\"]}]},{\"@type\":\"ImageObject\",\"inLanguage\":\"vi\",\"@id\":\"https:\/\/alchemy-asia.com\/vi\/san-pham\/the-glen-grant-21-years-old\/#primaryimage\",\"url\":\"https:\/\/alchemy-asia.com\/vi\/wp-content\/uploads\/sites\/3\/2024\/07\/The-glen-grant-21-SCOTCH-WHISKY.png\",\"contentUrl\":\"https:\/\/alchemy-asia.com\/vi\/wp-content\/uploads\/sites\/3\/2024\/07\/The-glen-grant-21-SCOTCH-WHISKY.png\",\"width\":5804,\"height\":5803,\"caption\":\"The Glen Grant 21 Years Old\"},{\"@type\":\"BreadcrumbList\",\"@id\":\"https:\/\/alchemy-asia.com\/vi\/san-pham\/the-glen-grant-21-years-old\/#breadcrumb\",\"itemListElement\":[{\"@type\":\"ListItem\",\"position\":1,\"name\":\"Home\",\"item\":\"https:\/\/alchemy-asia.com\/vi\/\"},{\"@type\":\"ListItem\",\"position\":2,\"name\":\"The Glen Grant 21 Years Old\"}]},{\"@type\":\"WebSite\",\"@id\":\"https:\/\/alchemy-asia.com\/vi\/#website\",\"url\":\"https:\/\/alchemy-asia.com\/vi\/\",\"name\":\"Alchemy Asia\",\"description\":\"Just another Alchemy Asia Sites site\",\"potentialAction\":[{\"@type\":\"SearchAction\",\"target\":{\"@type\":\"EntryPoint\",\"urlTemplate\":\"https:\/\/alchemy-asia.com\/vi\/?s={search_term_string}\"},\"query-input\":\"required name=search_term_string\"}],\"inLanguage\":\"vi\"}]}<\/script>\n<!-- \/ Yoast SEO plugin. -->","yoast_head_json":{"title":"The Glen Grant 21 Years Old - Alchemy Asia","robots":{"index":"index","follow":"follow","max-snippet":"max-snippet:-1","max-image-preview":"max-image-preview:large","max-video-preview":"max-video-preview:-1"},"canonical":"https:\/\/alchemy-asia.com\/vi\/san-pham\/the-glen-grant-21-years-old\/","og_locale":"vi_VN","og_type":"article","og_title":"The Glen Grant 21 Years Old - Alchemy Asia","og_description":"Glen Grant 21 n\u0103m tu\u1ed5i mang c\u00e2u chuy\u1ec7n k\u1ec3 v\u1ec1 tr\u00ecnh \u0111\u1ed9 ch\u01b0ng c\u1ea5t b\u1eadc th\u1ea7y c\u1ee7a ng\u01b0\u1eddi Scotland. \u0110\u01b0\u1ee3c ph\u00e1t tri\u1ec3n \u1edf Speyside, lo\u1ea1i r\u01b0\u1ee3u n\u00e0y to\u00e1t l\u00ean s\u1ef1 pha tr\u1ed9n gi\u1eefa di s\u1ea3n truy\u1ec1n th\u1ed1ng v\u00e0 tinh th\u1ea7n s\u00e1ng t\u1ea1o m\u1edbi. Glen Grant 21 n\u0103m tu\u1ed5i n\u1ed5i b\u1eadt nh\u1edd qu\u00e1 tr\u00ecnh \u1ee7 r\u01b0\u1ee3u t\u1ec9 m\u1ec9 trong c\u00e1c th\u00f9ng r\u01b0\u1ee3u ex-oloroso cao c\u1ea5p v\u00e0 th\u00f9ng r\u01b0\u1ee3u g\u1ed7 s\u1ed3i, mang l\u1ea1i m\u1ed9t tr\u1ea3i nghi\u1ec7m \u0111\u1eb7c bi\u1ec7t. V\u1ecb th\u01a1m c\u1ee7a n\u00f3 l\u00f4i cu\u1ed1n b\u1edfi v\u1ecb c\u1ee7a nh\u1eefng qu\u1ea3 \u0111\u00e0o ch\u00edn ng\u1ecdt, k\u1eb9o b\u01a1 c\u1ee9ng v\u00e0 nho kh\u00f4. Kh\u1ea9u v\u1ecb \u0111\u1ea7u ti\u00ean l\u00e0 m\u1ed9t c\u1ea3m gi\u00e1c d\u1ec5 ch\u1ecbu v\u1edbi s\u1ef1 h\u00e0o quy\u1ec7n c\u1ee7a tr\u00e1i c\u00e2y nhi\u1ec7t \u0111\u1edbi \u0111\u1eadm \u0111\u00e0 v\u00e0 h\u01b0\u01a1ng b\u01a1 kem. H\u1eadu v\u1ecb l\u00e0 s\u1ef1 h\u1ee9ng th\u00fa v\u1edbi h\u01b0\u01a1ng th\u01a1m k\u00e9o d\u00e0i c\u1ee7a kem caramen brul\u00e9e. V\u1edbi s\u1ef1 si\u00eang n\u0103ng v\u00e0 t\u1ec9 m\u1ec9 \u0111\u1ebfn t\u1eebng chi ti\u1ebft, lo\u1ea1i thu\u1ed1c r\u01b0\u1ee3u l\u00e2u \u0111\u1eddi n\u00e0y \u0111\u1ed3ng th\u1eddi c\u0169ng l\u00e0 s\u1ef1 k\u1ebft h\u1ee3p h\u00e0i h\u00f2a gi\u1eefa h\u01b0\u01a1ng v\u1ecb v\u00e0 m\u00f9i th\u01a1m, c\u1ee7ng c\u1ed1 m\u1ed9t l\u1ea7n n\u1eefa di s\u1ea3n v\u01b0\u1ee3t th\u1eddi gian c\u1ee7a The Glen Grant v\u00e0 s\u1ef1 ph\u00e1t tri\u1ec3n kh\u00f4ng ng\u1eebng ngh\u1ec9 \u0111\u1ec3 \u0111\u1ea1t \u0111\u01b0\u1ee3c s\u1ef1 xu\u1ea5t s\u1eafc nh\u1ea5t.","og_url":"https:\/\/alchemy-asia.com\/vi\/san-pham\/the-glen-grant-21-years-old\/","og_site_name":"Alchemy Asia","og_image":[{"width":1024,"height":1024,"url":"https:\/\/alchemy-asia.com\/vi\/wp-content\/uploads\/sites\/3\/2024\/07\/The-glen-grant-21-SCOTCH-WHISKY-1024x1024.png","type":"image\/png"}],"twitter_card":"summary_large_image","twitter_misc":{"\u01af\u1edbc t\u00ednh th\u1eddi gian \u0111\u1ecdc":"1 ph\u00fat"},"schema":{"@context":"https:\/\/schema.org","@graph":[{"@type":"WebPage","@id":"https:\/\/alchemy-asia.com\/vi\/san-pham\/the-glen-grant-21-years-old\/","url":"https:\/\/alchemy-asia.com\/vi\/san-pham\/the-glen-grant-21-years-old\/","name":"The Glen Grant 21 Years Old - Alchemy Asia","isPartOf":{"@id":"https:\/\/alchemy-asia.com\/vi\/#website"},"primaryImageOfPage":{"@id":"https:\/\/alchemy-asia.com\/vi\/san-pham\/the-glen-grant-21-years-old\/#primaryimage"},"image":{"@id":"https:\/\/alchemy-asia.com\/vi\/san-pham\/the-glen-grant-21-years-old\/#primaryimage"},"thumbnailUrl":"https:\/\/alchemy-asia.com\/vi\/wp-content\/uploads\/sites\/3\/2024\/07\/The-glen-grant-21-SCOTCH-WHISKY.png","datePublished":"2024-09-10T08:43:08+00:00","dateModified":"2024-09-10T08:43:08+00:00","breadcrumb":{"@id":"https:\/\/alchemy-asia.com\/vi\/san-pham\/the-glen-grant-21-years-old\/#breadcrumb"},"inLanguage":"vi","potentialAction":[{"@type":"ReadAction","target":["https:\/\/alchemy-asia.com\/vi\/san-pham\/the-glen-grant-21-years-old\/"]}]},{"@type":"ImageObject","inLanguage":"vi","@id":"https:\/\/alchemy-asia.com\/vi\/san-pham\/the-glen-grant-21-years-old\/#primaryimage","url":"https:\/\/alchemy-asia.com\/vi\/wp-content\/uploads\/sites\/3\/2024\/07\/The-glen-grant-21-SCOTCH-WHISKY.png","contentUrl":"https:\/\/alchemy-asia.com\/vi\/wp-content\/uploads\/sites\/3\/2024\/07\/The-glen-grant-21-SCOTCH-WHISKY.png","width":5804,"height":5803,"caption":"The Glen Grant 21 Years Old"},{"@type":"BreadcrumbList","@id":"https:\/\/alchemy-asia.com\/vi\/san-pham\/the-glen-grant-21-years-old\/#breadcrumb","itemListElement":[{"@type":"ListItem","position":1,"name":"Home","item":"https:\/\/alchemy-asia.com\/vi\/"},{"@type":"ListItem","position":2,"name":"The Glen Grant 21 Years Old"}]},{"@type":"WebSite","@id":"https:\/\/alchemy-asia.com\/vi\/#website","url":"https:\/\/alchemy-asia.com\/vi\/","name":"Alchemy Asia","description":"Just another Alchemy Asia Sites site","potentialAction":[{"@type":"SearchAction","target":{"@type":"EntryPoint","urlTemplate":"https:\/\/alchemy-asia.com\/vi\/?s={search_term_string}"},"query-input":"required name=search_term_string"}],"inLanguage":"vi"}]}},"_links":{"self":[{"href":"https:\/\/alchemy-asia.com\/vi\/wp-json\/wp\/v2\/product\/8693","targetHints":{"allow":["GET"]}}],"collection":[{"href":"https:\/\/alchemy-asia.com\/vi\/wp-json\/wp\/v2\/product"}],"about":[{"href":"https:\/\/alchemy-asia.com\/vi\/wp-json\/wp\/v2\/types\/product"}],"replies":[{"embeddable":true,"href":"https:\/\/alchemy-asia.com\/vi\/wp-json\/wp\/v2\/comments?post=8693"}],"wp:featuredmedia":[{"embeddable":true,"href":"https:\/\/alchemy-asia.com\/vi\/wp-json\/wp\/v2\/media\/8697"}],"wp:attachment":[{"href":"https:\/\/alchemy-asia.com\/vi\/wp-json\/wp\/v2\/media?parent=8693"}],"wp:term":[{"taxonomy":"product_cat","embeddable":true,"href":"https:\/\/alchemy-asia.com\/vi\/wp-json\/wp\/v2\/product_cat?post=8693"},{"taxonomy":"product_tag","embeddable":true,"href":"https:\/\/alchemy-asia.com\/vi\/wp-json\/wp\/v2\/product_tag?post=8693"}],"curies":[{"name":"wp","href":"https:\/\/api.w.org\/{rel}","templated":true}]}}