{"id":8698,"date":"2024-09-10T08:43:06","date_gmt":"2024-09-10T08:43:06","guid":{"rendered":"https:\/\/alchemy-asia.com\/vi\/?post_type=product&#038;p=8698"},"modified":"2024-09-10T08:43:06","modified_gmt":"2024-09-10T08:43:06","slug":"the-glen-grant-arboralis","status":"publish","type":"product","link":"https:\/\/alchemy-asia.com\/vi\/san-pham\/the-glen-grant-arboralis\/","title":{"rendered":"The Glen Grant Arboralis"},"content":{"rendered":"","protected":false},"excerpt":{"rendered":"<p>Glen Grant Arboralis l\u00e0 minh ch\u1ee9ng cho di s\u1ea3n phong ph\u00fa c\u1ee7a Scotland, \u0111\u01b0\u1ee3c ch\u01b0ng c\u1ea5t t\u1eeb n\u0103m 1840 t\u1ea1i trung t\u00e2m Speyside. \u0110\u01b0\u1ee3c ch\u1ebf t\u00e1c b\u1eb1ng ngu\u1ed3n n\u01b0\u1edbc s\u1ea1ch nh\u1ea5t t\u1eeb n\u00fai Ben Rinnes v\u00e0 \u0111\u01b0\u1ee3c \u1ee7 trong c\u00e1c th\u00f9ng g\u1ed7 s\u1ed3i v\u00e0 r\u01b0\u1ee3u bourbon c\u1ee7a T\u00e2y Ban Nha, n\u00f3 v\u1eeba th\u1ec3 hi\u1ec7n s\u1ef1 sang tr\u1ecdng v\u00e0 mang trong m\u00ecnh n\u00e9t \u0111\u1eb9p truy\u1ec1n th\u1ed1ng.<br \/>\nGlen Grant Arboralis c\u0169ng l\u00e0 m\u1ed9t bi\u1ec3u t\u01b0\u1ee3ng c\u1ee7a s\u1ef1 quy\u1ebfn r\u0169, \u0111\u01b0\u1ee3c th\u1ec3 hi\u1ec7n qua m\u00e0u v\u00e0ng s\u00e1ng nh\u1eb9 nh\u00e0ng. H\u01b0\u01a1ng th\u01a1m c\u1ee7a n\u00f3 \u0111\u00e1nh th\u1ee9c c\u00e1c gi\u00e1c quan v\u1edbi s\u1ef1 pha tr\u1ed9n th\u00fa v\u1ecb gi\u1eefa h\u01b0\u01a1ng hoa v\u00e0 tr\u00e1i c\u00e2y, k\u00e8m theo m\u1ed9t ch\u00fat v\u1ecb ng\u1ecdt c\u1ee7a nho kh\u00f4, s\u1ef1 sang tr\u1ecdng c\u1ee7a hoa kim ng\u00e2n, b\u00ean c\u1ea1nh \u0111\u00f3 l\u00e0 m\u1ed9t ch\u00fat h\u01b0\u01a1ng chanh n\u1ed3ng n\u00e0n.<br \/>\nKh\u1ea9u v\u1ecb c\u1ee7a r\u01b0\u1ee3u whisky n\u00e0y s\u1ef1 h\u00e0o quy\u1ec7n c\u1ee7a g\u1ed7 s\u1ed3i, b\u00e1nh b\u01a1 m\u1ec1m, v\u1ecb \u0111\u1eadm \u0111\u00e0 c\u1ee7a tr\u00e1i c\u00e2y s\u1ea5y kh\u00f4 v\u00e0 m\u1ed9t ch\u00fat h\u01b0\u01a1ng li\u1ec7u nh\u1eb9 nh\u00e0ng. H\u1eadu v\u1ecb nh\u01b0 m\u1ed9t &#8220;b\u1ea3n nh\u1ea1c&#8221; c\u1ee7a h\u01b0\u01a1ng v\u1ecb, mang l\u1ea1i tr\u1ea3i nghi\u1ec7m b\u1ec1n l\u00e2u v\u00e0 \u0111\u00e1ng nh\u1edb v\u1edbi h\u01b0\u01a1ng vani m\u1ea1ch nha, qu\u1ea3 l\u00ea m\u1ecdng n\u01b0\u1edbc v\u00e0 th\u00eam ch\u00fat v\u1ecb \u0111\u1eb7c s\u1eafc c\u1ee7a cam qu\u00fdt. M\u1ed7i ng\u1ee5m l\u00e0 m\u1ed9t cu\u1ed9c h\u00e0nh tr\u00ecnh xuy\u00ean th\u1eddi gian, m\u1ed9t h\u01b0\u01a1ng v\u1ecb tuy\u1ec7t v\u1eddi nh\u1ea5t c\u1ee7a Scotland.<\/p>\n","protected":false},"featured_media":8702,"comment_status":"open","ping_status":"closed","template":"","meta":{"_acf_changed":false},"product_cat":[58],"product_tag":[],"class_list":{"0":"post-8698","1":"product","2":"type-product","3":"status-publish","4":"has-post-thumbnail","6":"product_cat-scotch-whisky-single-malt","7":"brand-glen-grant","9":"first","10":"instock","11":"shipping-taxable","12":"product-type-simple"},"acf":[],"yoast_head":"<!-- This site is optimized with the Yoast SEO plugin v23.0 - https:\/\/yoast.com\/wordpress\/plugins\/seo\/ -->\n<title>The Glen Grant Arboralis - Alchemy Asia<\/title>\n<meta name=\"robots\" content=\"index, follow, max-snippet:-1, max-image-preview:large, max-video-preview:-1\" \/>\n<link rel=\"canonical\" href=\"https:\/\/alchemy-asia.com\/vi\/san-pham\/the-glen-grant-arboralis\/\" \/>\n<meta property=\"og:locale\" content=\"vi_VN\" \/>\n<meta property=\"og:type\" content=\"article\" \/>\n<meta property=\"og:title\" content=\"The Glen Grant Arboralis - Alchemy Asia\" \/>\n<meta property=\"og:description\" content=\"Glen Grant Arboralis l\u00e0 minh ch\u1ee9ng cho di s\u1ea3n phong ph\u00fa c\u1ee7a Scotland, \u0111\u01b0\u1ee3c ch\u01b0ng c\u1ea5t t\u1eeb n\u0103m 1840 t\u1ea1i trung t\u00e2m Speyside. \u0110\u01b0\u1ee3c ch\u1ebf t\u00e1c b\u1eb1ng ngu\u1ed3n n\u01b0\u1edbc s\u1ea1ch nh\u1ea5t t\u1eeb n\u00fai Ben Rinnes v\u00e0 \u0111\u01b0\u1ee3c \u1ee7 trong c\u00e1c th\u00f9ng g\u1ed7 s\u1ed3i v\u00e0 r\u01b0\u1ee3u bourbon c\u1ee7a T\u00e2y Ban Nha, n\u00f3 v\u1eeba th\u1ec3 hi\u1ec7n s\u1ef1 sang tr\u1ecdng v\u00e0 mang trong m\u00ecnh n\u00e9t \u0111\u1eb9p truy\u1ec1n th\u1ed1ng. Glen Grant Arboralis c\u0169ng l\u00e0 m\u1ed9t bi\u1ec3u t\u01b0\u1ee3ng c\u1ee7a s\u1ef1 quy\u1ebfn r\u0169, \u0111\u01b0\u1ee3c th\u1ec3 hi\u1ec7n qua m\u00e0u v\u00e0ng s\u00e1ng nh\u1eb9 nh\u00e0ng. H\u01b0\u01a1ng th\u01a1m c\u1ee7a n\u00f3 \u0111\u00e1nh th\u1ee9c c\u00e1c gi\u00e1c quan v\u1edbi s\u1ef1 pha tr\u1ed9n th\u00fa v\u1ecb gi\u1eefa h\u01b0\u01a1ng hoa v\u00e0 tr\u00e1i c\u00e2y, k\u00e8m theo m\u1ed9t ch\u00fat v\u1ecb ng\u1ecdt c\u1ee7a nho kh\u00f4, s\u1ef1 sang tr\u1ecdng c\u1ee7a hoa kim ng\u00e2n, b\u00ean c\u1ea1nh \u0111\u00f3 l\u00e0 m\u1ed9t ch\u00fat h\u01b0\u01a1ng chanh n\u1ed3ng n\u00e0n. Kh\u1ea9u v\u1ecb c\u1ee7a r\u01b0\u1ee3u whisky n\u00e0y s\u1ef1 h\u00e0o quy\u1ec7n c\u1ee7a g\u1ed7 s\u1ed3i, b\u00e1nh b\u01a1 m\u1ec1m, v\u1ecb \u0111\u1eadm \u0111\u00e0 c\u1ee7a tr\u00e1i c\u00e2y s\u1ea5y kh\u00f4 v\u00e0 m\u1ed9t ch\u00fat h\u01b0\u01a1ng li\u1ec7u nh\u1eb9 nh\u00e0ng. H\u1eadu v\u1ecb nh\u01b0 m\u1ed9t &quot;b\u1ea3n nh\u1ea1c&quot; c\u1ee7a h\u01b0\u01a1ng v\u1ecb, mang l\u1ea1i tr\u1ea3i nghi\u1ec7m b\u1ec1n l\u00e2u v\u00e0 \u0111\u00e1ng nh\u1edb v\u1edbi h\u01b0\u01a1ng vani m\u1ea1ch nha, qu\u1ea3 l\u00ea m\u1ecdng n\u01b0\u1edbc v\u00e0 th\u00eam ch\u00fat v\u1ecb \u0111\u1eb7c s\u1eafc c\u1ee7a cam qu\u00fdt. M\u1ed7i ng\u1ee5m l\u00e0 m\u1ed9t cu\u1ed9c h\u00e0nh tr\u00ecnh xuy\u00ean th\u1eddi gian, m\u1ed9t h\u01b0\u01a1ng v\u1ecb tuy\u1ec7t v\u1eddi nh\u1ea5t c\u1ee7a Scotland.\" \/>\n<meta property=\"og:url\" content=\"https:\/\/alchemy-asia.com\/vi\/san-pham\/the-glen-grant-arboralis\/\" \/>\n<meta property=\"og:site_name\" content=\"Alchemy Asia\" \/>\n<meta property=\"og:image\" content=\"https:\/\/alchemy-asia.com\/vi\/wp-content\/uploads\/sites\/3\/2024\/07\/The-glen-grant-Arboralis-SCOTCH-WHISKY-1024x1024.png\" \/>\n\t<meta property=\"og:image:width\" content=\"1024\" \/>\n\t<meta property=\"og:image:height\" content=\"1024\" \/>\n\t<meta property=\"og:image:type\" content=\"image\/png\" \/>\n<meta name=\"twitter:card\" content=\"summary_large_image\" \/>\n<meta name=\"twitter:label1\" content=\"\u01af\u1edbc t\u00ednh th\u1eddi gian \u0111\u1ecdc\" \/>\n\t<meta name=\"twitter:data1\" content=\"1 ph\u00fat\" \/>\n<script type=\"application\/ld+json\" class=\"yoast-schema-graph\">{\"@context\":\"https:\/\/schema.org\",\"@graph\":[{\"@type\":\"WebPage\",\"@id\":\"https:\/\/alchemy-asia.com\/vi\/san-pham\/the-glen-grant-arboralis\/\",\"url\":\"https:\/\/alchemy-asia.com\/vi\/san-pham\/the-glen-grant-arboralis\/\",\"name\":\"The Glen Grant Arboralis - Alchemy Asia\",\"isPartOf\":{\"@id\":\"https:\/\/alchemy-asia.com\/vi\/#website\"},\"primaryImageOfPage\":{\"@id\":\"https:\/\/alchemy-asia.com\/vi\/san-pham\/the-glen-grant-arboralis\/#primaryimage\"},\"image\":{\"@id\":\"https:\/\/alchemy-asia.com\/vi\/san-pham\/the-glen-grant-arboralis\/#primaryimage\"},\"thumbnailUrl\":\"https:\/\/alchemy-asia.com\/vi\/wp-content\/uploads\/sites\/3\/2024\/07\/The-glen-grant-Arboralis-SCOTCH-WHISKY.png\",\"datePublished\":\"2024-09-10T08:43:06+00:00\",\"dateModified\":\"2024-09-10T08:43:06+00:00\",\"breadcrumb\":{\"@id\":\"https:\/\/alchemy-asia.com\/vi\/san-pham\/the-glen-grant-arboralis\/#breadcrumb\"},\"inLanguage\":\"vi\",\"potentialAction\":[{\"@type\":\"ReadAction\",\"target\":[\"https:\/\/alchemy-asia.com\/vi\/san-pham\/the-glen-grant-arboralis\/\"]}]},{\"@type\":\"ImageObject\",\"inLanguage\":\"vi\",\"@id\":\"https:\/\/alchemy-asia.com\/vi\/san-pham\/the-glen-grant-arboralis\/#primaryimage\",\"url\":\"https:\/\/alchemy-asia.com\/vi\/wp-content\/uploads\/sites\/3\/2024\/07\/The-glen-grant-Arboralis-SCOTCH-WHISKY.png\",\"contentUrl\":\"https:\/\/alchemy-asia.com\/vi\/wp-content\/uploads\/sites\/3\/2024\/07\/The-glen-grant-Arboralis-SCOTCH-WHISKY.png\",\"width\":5804,\"height\":5803,\"caption\":\"The Glen Grant Arboralis\"},{\"@type\":\"BreadcrumbList\",\"@id\":\"https:\/\/alchemy-asia.com\/vi\/san-pham\/the-glen-grant-arboralis\/#breadcrumb\",\"itemListElement\":[{\"@type\":\"ListItem\",\"position\":1,\"name\":\"Home\",\"item\":\"https:\/\/alchemy-asia.com\/vi\/\"},{\"@type\":\"ListItem\",\"position\":2,\"name\":\"The Glen Grant Arboralis\"}]},{\"@type\":\"WebSite\",\"@id\":\"https:\/\/alchemy-asia.com\/vi\/#website\",\"url\":\"https:\/\/alchemy-asia.com\/vi\/\",\"name\":\"Alchemy Asia\",\"description\":\"Just another Alchemy Asia Sites site\",\"potentialAction\":[{\"@type\":\"SearchAction\",\"target\":{\"@type\":\"EntryPoint\",\"urlTemplate\":\"https:\/\/alchemy-asia.com\/vi\/?s={search_term_string}\"},\"query-input\":\"required name=search_term_string\"}],\"inLanguage\":\"vi\"}]}<\/script>\n<!-- \/ Yoast SEO plugin. -->","yoast_head_json":{"title":"The Glen Grant Arboralis - Alchemy Asia","robots":{"index":"index","follow":"follow","max-snippet":"max-snippet:-1","max-image-preview":"max-image-preview:large","max-video-preview":"max-video-preview:-1"},"canonical":"https:\/\/alchemy-asia.com\/vi\/san-pham\/the-glen-grant-arboralis\/","og_locale":"vi_VN","og_type":"article","og_title":"The Glen Grant Arboralis - Alchemy Asia","og_description":"Glen Grant Arboralis l\u00e0 minh ch\u1ee9ng cho di s\u1ea3n phong ph\u00fa c\u1ee7a Scotland, \u0111\u01b0\u1ee3c ch\u01b0ng c\u1ea5t t\u1eeb n\u0103m 1840 t\u1ea1i trung t\u00e2m Speyside. \u0110\u01b0\u1ee3c ch\u1ebf t\u00e1c b\u1eb1ng ngu\u1ed3n n\u01b0\u1edbc s\u1ea1ch nh\u1ea5t t\u1eeb n\u00fai Ben Rinnes v\u00e0 \u0111\u01b0\u1ee3c \u1ee7 trong c\u00e1c th\u00f9ng g\u1ed7 s\u1ed3i v\u00e0 r\u01b0\u1ee3u bourbon c\u1ee7a T\u00e2y Ban Nha, n\u00f3 v\u1eeba th\u1ec3 hi\u1ec7n s\u1ef1 sang tr\u1ecdng v\u00e0 mang trong m\u00ecnh n\u00e9t \u0111\u1eb9p truy\u1ec1n th\u1ed1ng. Glen Grant Arboralis c\u0169ng l\u00e0 m\u1ed9t bi\u1ec3u t\u01b0\u1ee3ng c\u1ee7a s\u1ef1 quy\u1ebfn r\u0169, \u0111\u01b0\u1ee3c th\u1ec3 hi\u1ec7n qua m\u00e0u v\u00e0ng s\u00e1ng nh\u1eb9 nh\u00e0ng. H\u01b0\u01a1ng th\u01a1m c\u1ee7a n\u00f3 \u0111\u00e1nh th\u1ee9c c\u00e1c gi\u00e1c quan v\u1edbi s\u1ef1 pha tr\u1ed9n th\u00fa v\u1ecb gi\u1eefa h\u01b0\u01a1ng hoa v\u00e0 tr\u00e1i c\u00e2y, k\u00e8m theo m\u1ed9t ch\u00fat v\u1ecb ng\u1ecdt c\u1ee7a nho kh\u00f4, s\u1ef1 sang tr\u1ecdng c\u1ee7a hoa kim ng\u00e2n, b\u00ean c\u1ea1nh \u0111\u00f3 l\u00e0 m\u1ed9t ch\u00fat h\u01b0\u01a1ng chanh n\u1ed3ng n\u00e0n. Kh\u1ea9u v\u1ecb c\u1ee7a r\u01b0\u1ee3u whisky n\u00e0y s\u1ef1 h\u00e0o quy\u1ec7n c\u1ee7a g\u1ed7 s\u1ed3i, b\u00e1nh b\u01a1 m\u1ec1m, v\u1ecb \u0111\u1eadm \u0111\u00e0 c\u1ee7a tr\u00e1i c\u00e2y s\u1ea5y kh\u00f4 v\u00e0 m\u1ed9t ch\u00fat h\u01b0\u01a1ng li\u1ec7u nh\u1eb9 nh\u00e0ng. H\u1eadu v\u1ecb nh\u01b0 m\u1ed9t \"b\u1ea3n nh\u1ea1c\" c\u1ee7a h\u01b0\u01a1ng v\u1ecb, mang l\u1ea1i tr\u1ea3i nghi\u1ec7m b\u1ec1n l\u00e2u v\u00e0 \u0111\u00e1ng nh\u1edb v\u1edbi h\u01b0\u01a1ng vani m\u1ea1ch nha, qu\u1ea3 l\u00ea m\u1ecdng n\u01b0\u1edbc v\u00e0 th\u00eam ch\u00fat v\u1ecb \u0111\u1eb7c s\u1eafc c\u1ee7a cam qu\u00fdt. M\u1ed7i ng\u1ee5m l\u00e0 m\u1ed9t cu\u1ed9c h\u00e0nh tr\u00ecnh xuy\u00ean th\u1eddi gian, m\u1ed9t h\u01b0\u01a1ng v\u1ecb tuy\u1ec7t v\u1eddi nh\u1ea5t c\u1ee7a Scotland.","og_url":"https:\/\/alchemy-asia.com\/vi\/san-pham\/the-glen-grant-arboralis\/","og_site_name":"Alchemy Asia","og_image":[{"width":1024,"height":1024,"url":"https:\/\/alchemy-asia.com\/vi\/wp-content\/uploads\/sites\/3\/2024\/07\/The-glen-grant-Arboralis-SCOTCH-WHISKY-1024x1024.png","type":"image\/png"}],"twitter_card":"summary_large_image","twitter_misc":{"\u01af\u1edbc t\u00ednh th\u1eddi gian \u0111\u1ecdc":"1 ph\u00fat"},"schema":{"@context":"https:\/\/schema.org","@graph":[{"@type":"WebPage","@id":"https:\/\/alchemy-asia.com\/vi\/san-pham\/the-glen-grant-arboralis\/","url":"https:\/\/alchemy-asia.com\/vi\/san-pham\/the-glen-grant-arboralis\/","name":"The Glen Grant Arboralis - Alchemy Asia","isPartOf":{"@id":"https:\/\/alchemy-asia.com\/vi\/#website"},"primaryImageOfPage":{"@id":"https:\/\/alchemy-asia.com\/vi\/san-pham\/the-glen-grant-arboralis\/#primaryimage"},"image":{"@id":"https:\/\/alchemy-asia.com\/vi\/san-pham\/the-glen-grant-arboralis\/#primaryimage"},"thumbnailUrl":"https:\/\/alchemy-asia.com\/vi\/wp-content\/uploads\/sites\/3\/2024\/07\/The-glen-grant-Arboralis-SCOTCH-WHISKY.png","datePublished":"2024-09-10T08:43:06+00:00","dateModified":"2024-09-10T08:43:06+00:00","breadcrumb":{"@id":"https:\/\/alchemy-asia.com\/vi\/san-pham\/the-glen-grant-arboralis\/#breadcrumb"},"inLanguage":"vi","potentialAction":[{"@type":"ReadAction","target":["https:\/\/alchemy-asia.com\/vi\/san-pham\/the-glen-grant-arboralis\/"]}]},{"@type":"ImageObject","inLanguage":"vi","@id":"https:\/\/alchemy-asia.com\/vi\/san-pham\/the-glen-grant-arboralis\/#primaryimage","url":"https:\/\/alchemy-asia.com\/vi\/wp-content\/uploads\/sites\/3\/2024\/07\/The-glen-grant-Arboralis-SCOTCH-WHISKY.png","contentUrl":"https:\/\/alchemy-asia.com\/vi\/wp-content\/uploads\/sites\/3\/2024\/07\/The-glen-grant-Arboralis-SCOTCH-WHISKY.png","width":5804,"height":5803,"caption":"The Glen Grant Arboralis"},{"@type":"BreadcrumbList","@id":"https:\/\/alchemy-asia.com\/vi\/san-pham\/the-glen-grant-arboralis\/#breadcrumb","itemListElement":[{"@type":"ListItem","position":1,"name":"Home","item":"https:\/\/alchemy-asia.com\/vi\/"},{"@type":"ListItem","position":2,"name":"The Glen Grant Arboralis"}]},{"@type":"WebSite","@id":"https:\/\/alchemy-asia.com\/vi\/#website","url":"https:\/\/alchemy-asia.com\/vi\/","name":"Alchemy Asia","description":"Just another Alchemy Asia Sites site","potentialAction":[{"@type":"SearchAction","target":{"@type":"EntryPoint","urlTemplate":"https:\/\/alchemy-asia.com\/vi\/?s={search_term_string}"},"query-input":"required name=search_term_string"}],"inLanguage":"vi"}]}},"_links":{"self":[{"href":"https:\/\/alchemy-asia.com\/vi\/wp-json\/wp\/v2\/product\/8698","targetHints":{"allow":["GET"]}}],"collection":[{"href":"https:\/\/alchemy-asia.com\/vi\/wp-json\/wp\/v2\/product"}],"about":[{"href":"https:\/\/alchemy-asia.com\/vi\/wp-json\/wp\/v2\/types\/product"}],"replies":[{"embeddable":true,"href":"https:\/\/alchemy-asia.com\/vi\/wp-json\/wp\/v2\/comments?post=8698"}],"wp:featuredmedia":[{"embeddable":true,"href":"https:\/\/alchemy-asia.com\/vi\/wp-json\/wp\/v2\/media\/8702"}],"wp:attachment":[{"href":"https:\/\/alchemy-asia.com\/vi\/wp-json\/wp\/v2\/media?parent=8698"}],"wp:term":[{"taxonomy":"product_cat","embeddable":true,"href":"https:\/\/alchemy-asia.com\/vi\/wp-json\/wp\/v2\/product_cat?post=8698"},{"taxonomy":"product_tag","embeddable":true,"href":"https:\/\/alchemy-asia.com\/vi\/wp-json\/wp\/v2\/product_tag?post=8698"}],"curies":[{"name":"wp","href":"https:\/\/api.w.org\/{rel}","templated":true}]}}