{"id":8703,"date":"2024-07-25T04:43:08","date_gmt":"2024-07-25T04:43:08","guid":{"rendered":"https:\/\/alchemy-asia.com\/vi\/?post_type=product&#038;p=8703"},"modified":"2024-07-25T04:43:08","modified_gmt":"2024-07-25T04:43:08","slug":"lady-trieu-hoi-an-spice-road-gin","status":"publish","type":"product","link":"https:\/\/alchemy-asia.com\/vi\/san-pham\/lady-trieu-hoi-an-spice-road-gin\/","title":{"rendered":"Lady Tri\u1ec7u Hoi An Spice Road Gin"},"content":{"rendered":"","protected":false},"excerpt":{"rendered":"<p><span data-sheets-root=\"1\" data-sheets-value=\"{&quot;1&quot;:2,&quot;2&quot;:&quot;Lady Tri\u1ec7u Gin t\u1ef1 h\u00e0o \u0111\u01b0\u1ee3c s\u1ea3n xu\u1ea5t th\u1ee7 c\u00f4ng theo t\u1eebng l\u00f4 nh\u1ecf. Lady Tri\u1ec7u Hoi An Spice Road Gin s\u1eed d\u1ee5ng nh\u1eefng th\u1ea3o m\u1ed9c Vi\u1ec7t Nam phong ph\u00fa nh\u01b0 g\u1eebng, th\u1ea3o qu\u1ea3 \u0111en, v\u1ecf chanh v\u00e0 v\u1ecf qu\u1ebf. Ngo\u00e0i ra h\u01b0\u01a1ng v\u1ecb c\u00f2n \u0111\u1ebfn t\u1eeb nh\u1eefng h\u1ea1t b\u00e1ch x\u00f9 \u00dd tinh t\u00fay nh\u1ea5t.\\n\\nN\u1ed1t h\u01b0\u01a1ng: \\nH\u01b0\u01a1ng v\u1ecb t\u01b0\u01a1i m\u00e1t, s\u1ed1ng \u0111\u1ed9ng c\u1ee7a cam chanh v\u00e0 h\u01b0\u01a1ng th\u01a1m c\u1ee7a g\u1eebng, v\u1edbi m\u1ed9t ch\u00fat h\u01b0\u01a1ng kh\u00f3i t\u1eeb th\u1ea3o qu\u1ea3 \u0111en.&quot;}\" data-sheets-userformat=\"{&quot;2&quot;:1057791,&quot;3&quot;:{&quot;1&quot;:0},&quot;4&quot;:{&quot;1&quot;:2,&quot;2&quot;:16776960},&quot;5&quot;:{&quot;1&quot;:[{&quot;1&quot;:2,&quot;2&quot;:0,&quot;5&quot;:{&quot;1&quot;:2,&quot;2&quot;:0}},{&quot;1&quot;:0,&quot;2&quot;:0,&quot;3&quot;:3},{&quot;1&quot;:1,&quot;2&quot;:0,&quot;4&quot;:1}]},&quot;6&quot;:{&quot;1&quot;:[{&quot;1&quot;:2,&quot;2&quot;:0,&quot;5&quot;:{&quot;1&quot;:2,&quot;2&quot;:0}},{&quot;1&quot;:0,&quot;2&quot;:0,&quot;3&quot;:3},{&quot;1&quot;:1,&quot;2&quot;:0,&quot;4&quot;:1}]},&quot;7&quot;:{&quot;1&quot;:[{&quot;1&quot;:2,&quot;2&quot;:0,&quot;5&quot;:{&quot;1&quot;:2,&quot;2&quot;:0}},{&quot;1&quot;:0,&quot;2&quot;:0,&quot;3&quot;:3},{&quot;1&quot;:1,&quot;2&quot;:0,&quot;4&quot;:1}]},&quot;8&quot;:{&quot;1&quot;:[{&quot;1&quot;:2,&quot;2&quot;:0,&quot;5&quot;:{&quot;1&quot;:2,&quot;2&quot;:0}},{&quot;1&quot;:0,&quot;2&quot;:0,&quot;3&quot;:3},{&quot;1&quot;:1,&quot;2&quot;:0,&quot;4&quot;:1}]},&quot;9&quot;:0,&quot;10&quot;:1,&quot;11&quot;:4,&quot;12&quot;:0,&quot;16&quot;:13,&quot;23&quot;:1}\" data-sheets-textstyleruns=\"{&quot;1&quot;:0}\uee10{&quot;1&quot;:247,&quot;2&quot;:{&quot;5&quot;:1}}\uee10{&quot;1&quot;:257}\">Lady Tri\u1ec7u Gin t\u1ef1 h\u00e0o \u0111\u01b0\u1ee3c s\u1ea3n xu\u1ea5t th\u1ee7 c\u00f4ng theo t\u1eebng l\u00f4 nh\u1ecf. Lady Tri\u1ec7u Hoi An Spice Road Gin s\u1eed d\u1ee5ng nh\u1eefng th\u1ea3o m\u1ed9c Vi\u1ec7t Nam phong ph\u00fa nh\u01b0 g\u1eebng, th\u1ea3o qu\u1ea3 \u0111en, v\u1ecf chanh v\u00e0 v\u1ecf qu\u1ebf. Ngo\u00e0i ra h\u01b0\u01a1ng v\u1ecb c\u00f2n \u0111\u1ebfn t\u1eeb nh\u1eefng h\u1ea1t b\u00e1ch x\u00f9 \u00dd tinh t\u00fay nh\u1ea5t.<\/span><\/p>\n<p>TASTING NOTES<br \/>\nH\u01b0\u01a1ng v\u1ecb t\u01b0\u01a1i m\u00e1t, s\u1ed1ng \u0111\u1ed9ng c\u1ee7a cam chanh v\u00e0 h\u01b0\u01a1ng th\u01a1m c\u1ee7a g\u1eebng, v\u1edbi m\u1ed9t ch\u00fat h\u01b0\u01a1ng kh\u00f3i t\u1eeb th\u1ea3o qu\u1ea3 \u0111en.<\/p>\n","protected":false},"featured_media":8705,"comment_status":"open","ping_status":"closed","template":"","meta":{"_acf_changed":false},"product_cat":[52],"product_tag":[],"class_list":{"0":"post-8703","1":"product","2":"type-product","3":"status-publish","4":"has-post-thumbnail","6":"product_cat-gin","7":"brand-lady-trieu","9":"first","10":"instock","11":"shipping-taxable","12":"product-type-simple"},"acf":[],"yoast_head":"<!-- This site is optimized with the Yoast SEO plugin v23.0 - https:\/\/yoast.com\/wordpress\/plugins\/seo\/ -->\n<title>Lady Tri\u1ec7u Hoi An Spice Road Gin - Alchemy Asia<\/title>\n<meta name=\"robots\" content=\"index, follow, max-snippet:-1, max-image-preview:large, max-video-preview:-1\" \/>\n<link rel=\"canonical\" href=\"https:\/\/alchemy-asia.com\/vi\/san-pham\/lady-trieu-hoi-an-spice-road-gin\/\" \/>\n<meta property=\"og:locale\" content=\"vi_VN\" \/>\n<meta property=\"og:type\" content=\"article\" \/>\n<meta property=\"og:title\" content=\"Lady Tri\u1ec7u Hoi An Spice Road Gin - Alchemy Asia\" \/>\n<meta property=\"og:description\" content=\"Lady Tri\u1ec7u Gin t\u1ef1 h\u00e0o \u0111\u01b0\u1ee3c s\u1ea3n xu\u1ea5t th\u1ee7 c\u00f4ng theo t\u1eebng l\u00f4 nh\u1ecf. Lady Tri\u1ec7u Hoi An Spice Road Gin s\u1eed d\u1ee5ng nh\u1eefng th\u1ea3o m\u1ed9c Vi\u1ec7t Nam phong ph\u00fa nh\u01b0 g\u1eebng, th\u1ea3o qu\u1ea3 \u0111en, v\u1ecf chanh v\u00e0 v\u1ecf qu\u1ebf. Ngo\u00e0i ra h\u01b0\u01a1ng v\u1ecb c\u00f2n \u0111\u1ebfn t\u1eeb nh\u1eefng h\u1ea1t b\u00e1ch x\u00f9 \u00dd tinh t\u00fay nh\u1ea5t.  TASTING NOTES H\u01b0\u01a1ng v\u1ecb t\u01b0\u01a1i m\u00e1t, s\u1ed1ng \u0111\u1ed9ng c\u1ee7a cam chanh v\u00e0 h\u01b0\u01a1ng th\u01a1m c\u1ee7a g\u1eebng, v\u1edbi m\u1ed9t ch\u00fat h\u01b0\u01a1ng kh\u00f3i t\u1eeb th\u1ea3o qu\u1ea3 \u0111en.\" \/>\n<meta property=\"og:url\" content=\"https:\/\/alchemy-asia.com\/vi\/san-pham\/lady-trieu-hoi-an-spice-road-gin\/\" \/>\n<meta property=\"og:site_name\" content=\"Alchemy Asia\" \/>\n<meta property=\"og:image\" content=\"https:\/\/alchemy-asia.com\/vi\/wp-content\/uploads\/sites\/3\/2024\/07\/Lady-Trieu-HOIAN.png\" \/>\n\t<meta property=\"og:image:width\" content=\"2100\" \/>\n\t<meta property=\"og:image:height\" content=\"2100\" \/>\n\t<meta property=\"og:image:type\" content=\"image\/png\" \/>\n<meta name=\"twitter:card\" content=\"summary_large_image\" \/>\n<meta name=\"twitter:label1\" content=\"\u01af\u1edbc t\u00ednh th\u1eddi gian \u0111\u1ecdc\" \/>\n\t<meta name=\"twitter:data1\" content=\"1 ph\u00fat\" \/>\n<script type=\"application\/ld+json\" class=\"yoast-schema-graph\">{\"@context\":\"https:\/\/schema.org\",\"@graph\":[{\"@type\":\"WebPage\",\"@id\":\"https:\/\/alchemy-asia.com\/vi\/san-pham\/lady-trieu-hoi-an-spice-road-gin\/\",\"url\":\"https:\/\/alchemy-asia.com\/vi\/san-pham\/lady-trieu-hoi-an-spice-road-gin\/\",\"name\":\"Lady Tri\u1ec7u Hoi An Spice Road Gin - Alchemy Asia\",\"isPartOf\":{\"@id\":\"https:\/\/alchemy-asia.com\/vi\/#website\"},\"primaryImageOfPage\":{\"@id\":\"https:\/\/alchemy-asia.com\/vi\/san-pham\/lady-trieu-hoi-an-spice-road-gin\/#primaryimage\"},\"image\":{\"@id\":\"https:\/\/alchemy-asia.com\/vi\/san-pham\/lady-trieu-hoi-an-spice-road-gin\/#primaryimage\"},\"thumbnailUrl\":\"https:\/\/alchemy-asia.com\/vi\/wp-content\/uploads\/sites\/3\/2024\/07\/Lady-Trieu-HOIAN.png\",\"datePublished\":\"2024-07-25T04:43:08+00:00\",\"dateModified\":\"2024-07-25T04:43:08+00:00\",\"breadcrumb\":{\"@id\":\"https:\/\/alchemy-asia.com\/vi\/san-pham\/lady-trieu-hoi-an-spice-road-gin\/#breadcrumb\"},\"inLanguage\":\"vi\",\"potentialAction\":[{\"@type\":\"ReadAction\",\"target\":[\"https:\/\/alchemy-asia.com\/vi\/san-pham\/lady-trieu-hoi-an-spice-road-gin\/\"]}]},{\"@type\":\"ImageObject\",\"inLanguage\":\"vi\",\"@id\":\"https:\/\/alchemy-asia.com\/vi\/san-pham\/lady-trieu-hoi-an-spice-road-gin\/#primaryimage\",\"url\":\"https:\/\/alchemy-asia.com\/vi\/wp-content\/uploads\/sites\/3\/2024\/07\/Lady-Trieu-HOIAN.png\",\"contentUrl\":\"https:\/\/alchemy-asia.com\/vi\/wp-content\/uploads\/sites\/3\/2024\/07\/Lady-Trieu-HOIAN.png\",\"width\":2100,\"height\":2100,\"caption\":\"Lady Tri\u1ec7u HOIAN\"},{\"@type\":\"BreadcrumbList\",\"@id\":\"https:\/\/alchemy-asia.com\/vi\/san-pham\/lady-trieu-hoi-an-spice-road-gin\/#breadcrumb\",\"itemListElement\":[{\"@type\":\"ListItem\",\"position\":1,\"name\":\"Home\",\"item\":\"https:\/\/alchemy-asia.com\/vi\/\"},{\"@type\":\"ListItem\",\"position\":2,\"name\":\"Lady Tri\u1ec7u Hoi An Spice Road Gin\"}]},{\"@type\":\"WebSite\",\"@id\":\"https:\/\/alchemy-asia.com\/vi\/#website\",\"url\":\"https:\/\/alchemy-asia.com\/vi\/\",\"name\":\"Alchemy Asia\",\"description\":\"Just another Alchemy Asia Sites site\",\"potentialAction\":[{\"@type\":\"SearchAction\",\"target\":{\"@type\":\"EntryPoint\",\"urlTemplate\":\"https:\/\/alchemy-asia.com\/vi\/?s={search_term_string}\"},\"query-input\":\"required name=search_term_string\"}],\"inLanguage\":\"vi\"}]}<\/script>\n<!-- \/ Yoast SEO plugin. -->","yoast_head_json":{"title":"Lady Tri\u1ec7u Hoi An Spice Road Gin - Alchemy Asia","robots":{"index":"index","follow":"follow","max-snippet":"max-snippet:-1","max-image-preview":"max-image-preview:large","max-video-preview":"max-video-preview:-1"},"canonical":"https:\/\/alchemy-asia.com\/vi\/san-pham\/lady-trieu-hoi-an-spice-road-gin\/","og_locale":"vi_VN","og_type":"article","og_title":"Lady Tri\u1ec7u Hoi An Spice Road Gin - Alchemy Asia","og_description":"Lady Tri\u1ec7u Gin t\u1ef1 h\u00e0o \u0111\u01b0\u1ee3c s\u1ea3n xu\u1ea5t th\u1ee7 c\u00f4ng theo t\u1eebng l\u00f4 nh\u1ecf. Lady Tri\u1ec7u Hoi An Spice Road Gin s\u1eed d\u1ee5ng nh\u1eefng th\u1ea3o m\u1ed9c Vi\u1ec7t Nam phong ph\u00fa nh\u01b0 g\u1eebng, th\u1ea3o qu\u1ea3 \u0111en, v\u1ecf chanh v\u00e0 v\u1ecf qu\u1ebf. Ngo\u00e0i ra h\u01b0\u01a1ng v\u1ecb c\u00f2n \u0111\u1ebfn t\u1eeb nh\u1eefng h\u1ea1t b\u00e1ch x\u00f9 \u00dd tinh t\u00fay nh\u1ea5t.  TASTING NOTES H\u01b0\u01a1ng v\u1ecb t\u01b0\u01a1i m\u00e1t, s\u1ed1ng \u0111\u1ed9ng c\u1ee7a cam chanh v\u00e0 h\u01b0\u01a1ng th\u01a1m c\u1ee7a g\u1eebng, v\u1edbi m\u1ed9t ch\u00fat h\u01b0\u01a1ng kh\u00f3i t\u1eeb th\u1ea3o qu\u1ea3 \u0111en.","og_url":"https:\/\/alchemy-asia.com\/vi\/san-pham\/lady-trieu-hoi-an-spice-road-gin\/","og_site_name":"Alchemy Asia","og_image":[{"width":2100,"height":2100,"url":"https:\/\/alchemy-asia.com\/vi\/wp-content\/uploads\/sites\/3\/2024\/07\/Lady-Trieu-HOIAN.png","type":"image\/png"}],"twitter_card":"summary_large_image","twitter_misc":{"\u01af\u1edbc t\u00ednh th\u1eddi gian \u0111\u1ecdc":"1 ph\u00fat"},"schema":{"@context":"https:\/\/schema.org","@graph":[{"@type":"WebPage","@id":"https:\/\/alchemy-asia.com\/vi\/san-pham\/lady-trieu-hoi-an-spice-road-gin\/","url":"https:\/\/alchemy-asia.com\/vi\/san-pham\/lady-trieu-hoi-an-spice-road-gin\/","name":"Lady Tri\u1ec7u Hoi An Spice Road Gin - Alchemy Asia","isPartOf":{"@id":"https:\/\/alchemy-asia.com\/vi\/#website"},"primaryImageOfPage":{"@id":"https:\/\/alchemy-asia.com\/vi\/san-pham\/lady-trieu-hoi-an-spice-road-gin\/#primaryimage"},"image":{"@id":"https:\/\/alchemy-asia.com\/vi\/san-pham\/lady-trieu-hoi-an-spice-road-gin\/#primaryimage"},"thumbnailUrl":"https:\/\/alchemy-asia.com\/vi\/wp-content\/uploads\/sites\/3\/2024\/07\/Lady-Trieu-HOIAN.png","datePublished":"2024-07-25T04:43:08+00:00","dateModified":"2024-07-25T04:43:08+00:00","breadcrumb":{"@id":"https:\/\/alchemy-asia.com\/vi\/san-pham\/lady-trieu-hoi-an-spice-road-gin\/#breadcrumb"},"inLanguage":"vi","potentialAction":[{"@type":"ReadAction","target":["https:\/\/alchemy-asia.com\/vi\/san-pham\/lady-trieu-hoi-an-spice-road-gin\/"]}]},{"@type":"ImageObject","inLanguage":"vi","@id":"https:\/\/alchemy-asia.com\/vi\/san-pham\/lady-trieu-hoi-an-spice-road-gin\/#primaryimage","url":"https:\/\/alchemy-asia.com\/vi\/wp-content\/uploads\/sites\/3\/2024\/07\/Lady-Trieu-HOIAN.png","contentUrl":"https:\/\/alchemy-asia.com\/vi\/wp-content\/uploads\/sites\/3\/2024\/07\/Lady-Trieu-HOIAN.png","width":2100,"height":2100,"caption":"Lady Tri\u1ec7u HOIAN"},{"@type":"BreadcrumbList","@id":"https:\/\/alchemy-asia.com\/vi\/san-pham\/lady-trieu-hoi-an-spice-road-gin\/#breadcrumb","itemListElement":[{"@type":"ListItem","position":1,"name":"Home","item":"https:\/\/alchemy-asia.com\/vi\/"},{"@type":"ListItem","position":2,"name":"Lady Tri\u1ec7u Hoi An Spice Road Gin"}]},{"@type":"WebSite","@id":"https:\/\/alchemy-asia.com\/vi\/#website","url":"https:\/\/alchemy-asia.com\/vi\/","name":"Alchemy Asia","description":"Just another Alchemy Asia Sites site","potentialAction":[{"@type":"SearchAction","target":{"@type":"EntryPoint","urlTemplate":"https:\/\/alchemy-asia.com\/vi\/?s={search_term_string}"},"query-input":"required name=search_term_string"}],"inLanguage":"vi"}]}},"_links":{"self":[{"href":"https:\/\/alchemy-asia.com\/vi\/wp-json\/wp\/v2\/product\/8703","targetHints":{"allow":["GET"]}}],"collection":[{"href":"https:\/\/alchemy-asia.com\/vi\/wp-json\/wp\/v2\/product"}],"about":[{"href":"https:\/\/alchemy-asia.com\/vi\/wp-json\/wp\/v2\/types\/product"}],"replies":[{"embeddable":true,"href":"https:\/\/alchemy-asia.com\/vi\/wp-json\/wp\/v2\/comments?post=8703"}],"wp:featuredmedia":[{"embeddable":true,"href":"https:\/\/alchemy-asia.com\/vi\/wp-json\/wp\/v2\/media\/8705"}],"wp:attachment":[{"href":"https:\/\/alchemy-asia.com\/vi\/wp-json\/wp\/v2\/media?parent=8703"}],"wp:term":[{"taxonomy":"product_cat","embeddable":true,"href":"https:\/\/alchemy-asia.com\/vi\/wp-json\/wp\/v2\/product_cat?post=8703"},{"taxonomy":"product_tag","embeddable":true,"href":"https:\/\/alchemy-asia.com\/vi\/wp-json\/wp\/v2\/product_tag?post=8703"}],"curies":[{"name":"wp","href":"https:\/\/api.w.org\/{rel}","templated":true}]}}