{"id":8713,"date":"2024-09-10T08:43:01","date_gmt":"2024-09-10T08:43:01","guid":{"rendered":"https:\/\/alchemy-asia.com\/vi\/?post_type=product&#038;p=8713"},"modified":"2024-09-13T03:53:11","modified_gmt":"2024-09-13T03:53:11","slug":"the-glenrothes-25-years-old","status":"publish","type":"product","link":"https:\/\/alchemy-asia.com\/vi\/san-pham\/the-glenrothes-25-years-old\/","title":{"rendered":"The Glenrothes 25 Years Old"},"content":{"rendered":"","protected":false},"excerpt":{"rendered":"<p>B\u1ed9 s\u01b0u t\u1eadp The Soleo Collection t\u00f4n vinh vi\u1ec7c s\u1ea3n xu\u1ea5t whisky th\u00f4ng qua qu\u00e1 tr\u00ecnh ph\u00e1t tri\u1ec3n c\u1ee7a nho tr\u01b0\u1edbc tr\u01b0\u1edbc khi \u0111\u01b0\u1ee3c dung \u0111\u1ec3 t\u1ea1o ra sherry v\u00e0 \u1ee7 v\u00e0o th\u00f9ng g\u1ed7 s\u1ed3i.<br \/>\nSoleo l\u00e0 qu\u00e1 tr\u00ecnh ph\u01a1i kh\u00f4 truy\u1ec1n th\u1ed1ng d\u01b0\u1edbi \u00e1nh sang m\u1eb7t tr\u1eddi \u0111\u1ec3 t\u1ea1o ra nh\u1eefng d\u00f2ng r\u01b0\u1ee3u sherry ngon nh\u1ea5t. Nho \u0111\u01b0\u1ee3c ph\u01a1i d\u01b0\u1edbi \u00e1nh n\u1eafng m\u1eb7t tr\u1eddi c\u1ee7a v\u00f9ng Andalusia. Khi h\u1ea5p th\u1ee5 \u00e1nh n\u1eafng, m\u00e0u nho s\u1ebd chuy\u1ec3n t\u1eeb xanh l\u00e1 c\u00e2y t\u01b0\u01a1i v\u00e0 v\u00e0ng sang t\u00edm th\u1eabm \u2013 m\u00e0u b\u00e1o hi\u1ec7u th\u1eddi \u0111i\u1ec3m ho\u00e0n h\u1ea3o \u0111\u1ec3 l\u00ean men.<br \/>\nH\u01b0\u01a1ng vi\u0323: Tr\u00e1i c\u00e2y nhi\u1ec7t \u0111\u1edbi c\u1ee7a xo\u00e0i v\u00e0 d\u1ee9a, d\u1eabn \u0111\u1ebfn g\u1ed7 tuy\u1ebft t\u00f9ng.<br \/>\nMu\u0300i vi\u0323: H\u1ea1t rau m\u00f9i, hoa violet v\u00e0 m\u1ed9t ch\u00fat caramel m\u1eb7n.<br \/>\nH\u00e2\u0323u vi\u0323: Ng\u1ecdt ng\u00e0o, k\u00e9o d\u00e0i h\u01b0\u01a1ng hoa v\u00e0 cam qu\u00fdt.<\/p>\n","protected":false},"featured_media":8907,"comment_status":"open","ping_status":"closed","template":"","meta":{"_acf_changed":false},"product_cat":[58],"product_tag":[],"class_list":{"0":"post-8713","1":"product","2":"type-product","3":"status-publish","4":"has-post-thumbnail","6":"product_cat-scotch-whisky-single-malt","7":"brand-the-glenrothes","9":"first","10":"instock","11":"shipping-taxable","12":"product-type-simple"},"acf":[],"yoast_head":"<!-- This site is optimized with the Yoast SEO plugin v23.0 - https:\/\/yoast.com\/wordpress\/plugins\/seo\/ -->\n<title>The Glenrothes 25 Years Old - Alchemy Asia<\/title>\n<meta name=\"robots\" content=\"index, follow, max-snippet:-1, max-image-preview:large, max-video-preview:-1\" \/>\n<link rel=\"canonical\" href=\"https:\/\/alchemy-asia.com\/vi\/san-pham\/the-glenrothes-25-years-old\/\" \/>\n<meta property=\"og:locale\" content=\"vi_VN\" \/>\n<meta property=\"og:type\" content=\"article\" \/>\n<meta property=\"og:title\" content=\"The Glenrothes 25 Years Old - Alchemy Asia\" \/>\n<meta property=\"og:description\" content=\"B\u1ed9 s\u01b0u t\u1eadp The Soleo Collection t\u00f4n vinh vi\u1ec7c s\u1ea3n xu\u1ea5t whisky th\u00f4ng qua qu\u00e1 tr\u00ecnh ph\u00e1t tri\u1ec3n c\u1ee7a nho tr\u01b0\u1edbc tr\u01b0\u1edbc khi \u0111\u01b0\u1ee3c dung \u0111\u1ec3 t\u1ea1o ra sherry v\u00e0 \u1ee7 v\u00e0o th\u00f9ng g\u1ed7 s\u1ed3i. Soleo l\u00e0 qu\u00e1 tr\u00ecnh ph\u01a1i kh\u00f4 truy\u1ec1n th\u1ed1ng d\u01b0\u1edbi \u00e1nh sang m\u1eb7t tr\u1eddi \u0111\u1ec3 t\u1ea1o ra nh\u1eefng d\u00f2ng r\u01b0\u1ee3u sherry ngon nh\u1ea5t. Nho \u0111\u01b0\u1ee3c ph\u01a1i d\u01b0\u1edbi \u00e1nh n\u1eafng m\u1eb7t tr\u1eddi c\u1ee7a v\u00f9ng Andalusia. Khi h\u1ea5p th\u1ee5 \u00e1nh n\u1eafng, m\u00e0u nho s\u1ebd chuy\u1ec3n t\u1eeb xanh l\u00e1 c\u00e2y t\u01b0\u01a1i v\u00e0 v\u00e0ng sang t\u00edm th\u1eabm \u2013 m\u00e0u b\u00e1o hi\u1ec7u th\u1eddi \u0111i\u1ec3m ho\u00e0n h\u1ea3o \u0111\u1ec3 l\u00ean men. H\u01b0\u01a1ng vi\u0323: Tr\u00e1i c\u00e2y nhi\u1ec7t \u0111\u1edbi c\u1ee7a xo\u00e0i v\u00e0 d\u1ee9a, d\u1eabn \u0111\u1ebfn g\u1ed7 tuy\u1ebft t\u00f9ng. Mu\u0300i vi\u0323: H\u1ea1t rau m\u00f9i, hoa violet v\u00e0 m\u1ed9t ch\u00fat caramel m\u1eb7n. H\u00e2\u0323u vi\u0323: Ng\u1ecdt ng\u00e0o, k\u00e9o d\u00e0i h\u01b0\u01a1ng hoa v\u00e0 cam qu\u00fdt.\" \/>\n<meta property=\"og:url\" content=\"https:\/\/alchemy-asia.com\/vi\/san-pham\/the-glenrothes-25-years-old\/\" \/>\n<meta property=\"og:site_name\" content=\"Alchemy Asia\" \/>\n<meta property=\"article:modified_time\" content=\"2024-09-13T03:53:11+00:00\" \/>\n<meta property=\"og:image\" content=\"https:\/\/alchemy-asia.com\/vi\/wp-content\/uploads\/sites\/3\/2024\/09\/The-Glenrothes-25-years.png\" \/>\n\t<meta property=\"og:image:width\" content=\"2480\" \/>\n\t<meta property=\"og:image:height\" content=\"2480\" \/>\n\t<meta property=\"og:image:type\" content=\"image\/png\" \/>\n<meta name=\"twitter:card\" content=\"summary_large_image\" \/>\n<meta name=\"twitter:label1\" content=\"\u01af\u1edbc t\u00ednh th\u1eddi gian \u0111\u1ecdc\" \/>\n\t<meta name=\"twitter:data1\" content=\"1 ph\u00fat\" \/>\n<script type=\"application\/ld+json\" class=\"yoast-schema-graph\">{\"@context\":\"https:\/\/schema.org\",\"@graph\":[{\"@type\":\"WebPage\",\"@id\":\"https:\/\/alchemy-asia.com\/vi\/san-pham\/the-glenrothes-25-years-old\/\",\"url\":\"https:\/\/alchemy-asia.com\/vi\/san-pham\/the-glenrothes-25-years-old\/\",\"name\":\"The Glenrothes 25 Years Old - Alchemy Asia\",\"isPartOf\":{\"@id\":\"https:\/\/alchemy-asia.com\/vi\/#website\"},\"primaryImageOfPage\":{\"@id\":\"https:\/\/alchemy-asia.com\/vi\/san-pham\/the-glenrothes-25-years-old\/#primaryimage\"},\"image\":{\"@id\":\"https:\/\/alchemy-asia.com\/vi\/san-pham\/the-glenrothes-25-years-old\/#primaryimage\"},\"thumbnailUrl\":\"https:\/\/alchemy-asia.com\/vi\/wp-content\/uploads\/sites\/3\/2024\/09\/The-Glenrothes-25-years.png\",\"datePublished\":\"2024-09-10T08:43:01+00:00\",\"dateModified\":\"2024-09-13T03:53:11+00:00\",\"breadcrumb\":{\"@id\":\"https:\/\/alchemy-asia.com\/vi\/san-pham\/the-glenrothes-25-years-old\/#breadcrumb\"},\"inLanguage\":\"vi\",\"potentialAction\":[{\"@type\":\"ReadAction\",\"target\":[\"https:\/\/alchemy-asia.com\/vi\/san-pham\/the-glenrothes-25-years-old\/\"]}]},{\"@type\":\"ImageObject\",\"inLanguage\":\"vi\",\"@id\":\"https:\/\/alchemy-asia.com\/vi\/san-pham\/the-glenrothes-25-years-old\/#primaryimage\",\"url\":\"https:\/\/alchemy-asia.com\/vi\/wp-content\/uploads\/sites\/3\/2024\/09\/The-Glenrothes-25-years.png\",\"contentUrl\":\"https:\/\/alchemy-asia.com\/vi\/wp-content\/uploads\/sites\/3\/2024\/09\/The-Glenrothes-25-years.png\",\"width\":2480,\"height\":2480,\"caption\":\"The Glenrothes 25 years\"},{\"@type\":\"BreadcrumbList\",\"@id\":\"https:\/\/alchemy-asia.com\/vi\/san-pham\/the-glenrothes-25-years-old\/#breadcrumb\",\"itemListElement\":[{\"@type\":\"ListItem\",\"position\":1,\"name\":\"Home\",\"item\":\"https:\/\/alchemy-asia.com\/vi\/\"},{\"@type\":\"ListItem\",\"position\":2,\"name\":\"The Glenrothes 25 Years Old\"}]},{\"@type\":\"WebSite\",\"@id\":\"https:\/\/alchemy-asia.com\/vi\/#website\",\"url\":\"https:\/\/alchemy-asia.com\/vi\/\",\"name\":\"Alchemy Asia\",\"description\":\"Just another Alchemy Asia Sites site\",\"potentialAction\":[{\"@type\":\"SearchAction\",\"target\":{\"@type\":\"EntryPoint\",\"urlTemplate\":\"https:\/\/alchemy-asia.com\/vi\/?s={search_term_string}\"},\"query-input\":\"required name=search_term_string\"}],\"inLanguage\":\"vi\"}]}<\/script>\n<!-- \/ Yoast SEO plugin. -->","yoast_head_json":{"title":"The Glenrothes 25 Years Old - Alchemy Asia","robots":{"index":"index","follow":"follow","max-snippet":"max-snippet:-1","max-image-preview":"max-image-preview:large","max-video-preview":"max-video-preview:-1"},"canonical":"https:\/\/alchemy-asia.com\/vi\/san-pham\/the-glenrothes-25-years-old\/","og_locale":"vi_VN","og_type":"article","og_title":"The Glenrothes 25 Years Old - Alchemy Asia","og_description":"B\u1ed9 s\u01b0u t\u1eadp The Soleo Collection t\u00f4n vinh vi\u1ec7c s\u1ea3n xu\u1ea5t whisky th\u00f4ng qua qu\u00e1 tr\u00ecnh ph\u00e1t tri\u1ec3n c\u1ee7a nho tr\u01b0\u1edbc tr\u01b0\u1edbc khi \u0111\u01b0\u1ee3c dung \u0111\u1ec3 t\u1ea1o ra sherry v\u00e0 \u1ee7 v\u00e0o th\u00f9ng g\u1ed7 s\u1ed3i. Soleo l\u00e0 qu\u00e1 tr\u00ecnh ph\u01a1i kh\u00f4 truy\u1ec1n th\u1ed1ng d\u01b0\u1edbi \u00e1nh sang m\u1eb7t tr\u1eddi \u0111\u1ec3 t\u1ea1o ra nh\u1eefng d\u00f2ng r\u01b0\u1ee3u sherry ngon nh\u1ea5t. Nho \u0111\u01b0\u1ee3c ph\u01a1i d\u01b0\u1edbi \u00e1nh n\u1eafng m\u1eb7t tr\u1eddi c\u1ee7a v\u00f9ng Andalusia. Khi h\u1ea5p th\u1ee5 \u00e1nh n\u1eafng, m\u00e0u nho s\u1ebd chuy\u1ec3n t\u1eeb xanh l\u00e1 c\u00e2y t\u01b0\u01a1i v\u00e0 v\u00e0ng sang t\u00edm th\u1eabm \u2013 m\u00e0u b\u00e1o hi\u1ec7u th\u1eddi \u0111i\u1ec3m ho\u00e0n h\u1ea3o \u0111\u1ec3 l\u00ean men. H\u01b0\u01a1ng vi\u0323: Tr\u00e1i c\u00e2y nhi\u1ec7t \u0111\u1edbi c\u1ee7a xo\u00e0i v\u00e0 d\u1ee9a, d\u1eabn \u0111\u1ebfn g\u1ed7 tuy\u1ebft t\u00f9ng. Mu\u0300i vi\u0323: H\u1ea1t rau m\u00f9i, hoa violet v\u00e0 m\u1ed9t ch\u00fat caramel m\u1eb7n. H\u00e2\u0323u vi\u0323: Ng\u1ecdt ng\u00e0o, k\u00e9o d\u00e0i h\u01b0\u01a1ng hoa v\u00e0 cam qu\u00fdt.","og_url":"https:\/\/alchemy-asia.com\/vi\/san-pham\/the-glenrothes-25-years-old\/","og_site_name":"Alchemy Asia","article_modified_time":"2024-09-13T03:53:11+00:00","og_image":[{"width":2480,"height":2480,"url":"https:\/\/alchemy-asia.com\/vi\/wp-content\/uploads\/sites\/3\/2024\/09\/The-Glenrothes-25-years.png","type":"image\/png"}],"twitter_card":"summary_large_image","twitter_misc":{"\u01af\u1edbc t\u00ednh th\u1eddi gian \u0111\u1ecdc":"1 ph\u00fat"},"schema":{"@context":"https:\/\/schema.org","@graph":[{"@type":"WebPage","@id":"https:\/\/alchemy-asia.com\/vi\/san-pham\/the-glenrothes-25-years-old\/","url":"https:\/\/alchemy-asia.com\/vi\/san-pham\/the-glenrothes-25-years-old\/","name":"The Glenrothes 25 Years Old - Alchemy Asia","isPartOf":{"@id":"https:\/\/alchemy-asia.com\/vi\/#website"},"primaryImageOfPage":{"@id":"https:\/\/alchemy-asia.com\/vi\/san-pham\/the-glenrothes-25-years-old\/#primaryimage"},"image":{"@id":"https:\/\/alchemy-asia.com\/vi\/san-pham\/the-glenrothes-25-years-old\/#primaryimage"},"thumbnailUrl":"https:\/\/alchemy-asia.com\/vi\/wp-content\/uploads\/sites\/3\/2024\/09\/The-Glenrothes-25-years.png","datePublished":"2024-09-10T08:43:01+00:00","dateModified":"2024-09-13T03:53:11+00:00","breadcrumb":{"@id":"https:\/\/alchemy-asia.com\/vi\/san-pham\/the-glenrothes-25-years-old\/#breadcrumb"},"inLanguage":"vi","potentialAction":[{"@type":"ReadAction","target":["https:\/\/alchemy-asia.com\/vi\/san-pham\/the-glenrothes-25-years-old\/"]}]},{"@type":"ImageObject","inLanguage":"vi","@id":"https:\/\/alchemy-asia.com\/vi\/san-pham\/the-glenrothes-25-years-old\/#primaryimage","url":"https:\/\/alchemy-asia.com\/vi\/wp-content\/uploads\/sites\/3\/2024\/09\/The-Glenrothes-25-years.png","contentUrl":"https:\/\/alchemy-asia.com\/vi\/wp-content\/uploads\/sites\/3\/2024\/09\/The-Glenrothes-25-years.png","width":2480,"height":2480,"caption":"The Glenrothes 25 years"},{"@type":"BreadcrumbList","@id":"https:\/\/alchemy-asia.com\/vi\/san-pham\/the-glenrothes-25-years-old\/#breadcrumb","itemListElement":[{"@type":"ListItem","position":1,"name":"Home","item":"https:\/\/alchemy-asia.com\/vi\/"},{"@type":"ListItem","position":2,"name":"The Glenrothes 25 Years Old"}]},{"@type":"WebSite","@id":"https:\/\/alchemy-asia.com\/vi\/#website","url":"https:\/\/alchemy-asia.com\/vi\/","name":"Alchemy Asia","description":"Just another Alchemy Asia Sites site","potentialAction":[{"@type":"SearchAction","target":{"@type":"EntryPoint","urlTemplate":"https:\/\/alchemy-asia.com\/vi\/?s={search_term_string}"},"query-input":"required name=search_term_string"}],"inLanguage":"vi"}]}},"_links":{"self":[{"href":"https:\/\/alchemy-asia.com\/vi\/wp-json\/wp\/v2\/product\/8713","targetHints":{"allow":["GET"]}}],"collection":[{"href":"https:\/\/alchemy-asia.com\/vi\/wp-json\/wp\/v2\/product"}],"about":[{"href":"https:\/\/alchemy-asia.com\/vi\/wp-json\/wp\/v2\/types\/product"}],"replies":[{"embeddable":true,"href":"https:\/\/alchemy-asia.com\/vi\/wp-json\/wp\/v2\/comments?post=8713"}],"wp:featuredmedia":[{"embeddable":true,"href":"https:\/\/alchemy-asia.com\/vi\/wp-json\/wp\/v2\/media\/8907"}],"wp:attachment":[{"href":"https:\/\/alchemy-asia.com\/vi\/wp-json\/wp\/v2\/media?parent=8713"}],"wp:term":[{"taxonomy":"product_cat","embeddable":true,"href":"https:\/\/alchemy-asia.com\/vi\/wp-json\/wp\/v2\/product_cat?post=8713"},{"taxonomy":"product_tag","embeddable":true,"href":"https:\/\/alchemy-asia.com\/vi\/wp-json\/wp\/v2\/product_tag?post=8713"}],"curies":[{"name":"wp","href":"https:\/\/api.w.org\/{rel}","templated":true}]}}