{"id":8716,"date":"2024-09-10T08:43:00","date_gmt":"2024-09-10T08:43:00","guid":{"rendered":"https:\/\/alchemy-asia.com\/vi\/?post_type=product&#038;p=8716"},"modified":"2024-09-10T08:43:00","modified_gmt":"2024-09-10T08:43:00","slug":"x-rated-fusion-liqueur","status":"publish","type":"product","link":"https:\/\/alchemy-asia.com\/vi\/san-pham\/x-rated-fusion-liqueur\/","title":{"rendered":"X-Rated Fusion Liqueur"},"content":{"rendered":"","protected":false},"excerpt":{"rendered":"<p><span data-sheets-root=\"1\" data-sheets-value=\"{&quot;1&quot;:2,&quot;2&quot;:&quot;X-Rated Fusion Liqueur l\u00e0 lo\u1ea1i r\u01b0\u1ee3u n\u1ed5i b\u1eadt cao c\u1ea5p, \u0111\u01b0\u1ee3c pha ch\u1ebf t\u1eeb r\u01b0\u1ee3u vodka si\u00eau cao c\u1ea5p t\u1eeb Ph\u00e1p v\u00e0 pha tr\u1ed9n v\u1edbi n\u01b0\u1edbc \u00e9p tr\u00e1i c\u00e2y nhi\u1ec7t \u0111\u1edbi h\u1eefu c\u01a1 mang \u0111\u1ebfn s\u1ef1 k\u1ebft h\u1ee3p \u0111\u1ed9c \u0111\u00e1o gi\u1eefa c\u00e1c h\u01b0\u01a1ng v\u1ecb, bao g\u1ed3m cam \u0111\u1ecf t\u1eeb Sicily, \u00dd, xo\u00e0i nhi\u1ec7t \u0111\u1edbi v\u00e0 ni\u1ec1m \u0111am m\u00ea. tr\u00e1i c\u00e2y t\u1eeb Brazil, mang l\u1ea1i h\u01b0\u01a1ng v\u1ecb tr\u00e1i c\u00e2y r\u00f5 r\u1ec7t v\u00e0 m\u1ecbn m\u00e0ng. B\u1ea3n s\u1eafc t\u00e1o b\u1ea1o c\u1ee7a X-Rated \u0111\u01b0\u1ee3c th\u1ec3 hi\u1ec7n b\u1eb1ng m\u00e0u h\u1ed3ng t\u01b0\u01a1i \u0111\u1eb7c tr\u01b0ng c\u1ee7a n\u00f3, \u0111\u1ea3m b\u1ea3o n\u00f3 b\u1eaft m\u1eaft trong m\u1ecdi kh\u00f4ng gian. V\u1edbi h\u00ecnh d\u1ea1ng chai kh\u00f4ng th\u1ec3 b\u1eaft ch\u01b0\u1edbc v\u00e0 h\u01b0\u01a1ng v\u1ecb th\u00fa v\u1ecb, X-Rated ho\u00e0n h\u1ea3o cho c\u1ea3 \u0111\u1ed3 u\u1ed1ng v\u00e0 cocktail, n\u00e2ng t\u1ea7m \u0111\u1ed3 u\u1ed1ng hi\u1ec7n \u0111\u1ea1i \u0111\u1ec3 n\u00e2ng ly c\u00f9ng b\u1ea1n b\u00e8 v\u00e0 gia \u0111\u00ecnh, cho d\u00f9 b\u1ea1n ra ngo\u00e0i hay t\u1eadn h\u01b0\u1edfng kho\u1ea3nh kh\u1eafc \u1edf nh\u00e0.&quot;}\" data-sheets-userformat=\"{&quot;2&quot;:1057791,&quot;3&quot;:{&quot;1&quot;:0},&quot;4&quot;:{&quot;1&quot;:2,&quot;2&quot;:16776960},&quot;5&quot;:{&quot;1&quot;:[{&quot;1&quot;:2,&quot;2&quot;:0,&quot;5&quot;:{&quot;1&quot;:2,&quot;2&quot;:0}},{&quot;1&quot;:0,&quot;2&quot;:0,&quot;3&quot;:3},{&quot;1&quot;:1,&quot;2&quot;:0,&quot;4&quot;:1}]},&quot;6&quot;:{&quot;1&quot;:[{&quot;1&quot;:2,&quot;2&quot;:0,&quot;5&quot;:{&quot;1&quot;:2,&quot;2&quot;:0}},{&quot;1&quot;:0,&quot;2&quot;:0,&quot;3&quot;:3},{&quot;1&quot;:1,&quot;2&quot;:0,&quot;4&quot;:1}]},&quot;7&quot;:{&quot;1&quot;:[{&quot;1&quot;:2,&quot;2&quot;:0,&quot;5&quot;:{&quot;1&quot;:2,&quot;2&quot;:0}},{&quot;1&quot;:0,&quot;2&quot;:0,&quot;3&quot;:3},{&quot;1&quot;:1,&quot;2&quot;:0,&quot;4&quot;:1}]},&quot;8&quot;:{&quot;1&quot;:[{&quot;1&quot;:2,&quot;2&quot;:0,&quot;5&quot;:{&quot;1&quot;:2,&quot;2&quot;:0}},{&quot;1&quot;:0,&quot;2&quot;:0,&quot;3&quot;:3},{&quot;1&quot;:1,&quot;2&quot;:0,&quot;4&quot;:1}]},&quot;9&quot;:0,&quot;10&quot;:1,&quot;11&quot;:4,&quot;12&quot;:0,&quot;16&quot;:13,&quot;23&quot;:1}\">X-Rated Fusion Liqueur l\u00e0 lo\u1ea1i r\u01b0\u1ee3u n\u1ed5i b\u1eadt cao c\u1ea5p, \u0111\u01b0\u1ee3c pha ch\u1ebf t\u1eeb r\u01b0\u1ee3u vodka si\u00eau cao c\u1ea5p t\u1eeb Ph\u00e1p v\u00e0 pha tr\u1ed9n v\u1edbi n\u01b0\u1edbc \u00e9p tr\u00e1i c\u00e2y nhi\u1ec7t \u0111\u1edbi h\u1eefu c\u01a1 mang \u0111\u1ebfn s\u1ef1 k\u1ebft h\u1ee3p \u0111\u1ed9c \u0111\u00e1o gi\u1eefa c\u00e1c h\u01b0\u01a1ng v\u1ecb, bao g\u1ed3m cam \u0111\u1ecf t\u1eeb Sicily, \u00dd, xo\u00e0i nhi\u1ec7t \u0111\u1edbi v\u00e0 ni\u1ec1m \u0111am m\u00ea. tr\u00e1i c\u00e2y t\u1eeb Brazil, mang l\u1ea1i h\u01b0\u01a1ng v\u1ecb tr\u00e1i c\u00e2y r\u00f5 r\u1ec7t v\u00e0 m\u1ecbn m\u00e0ng. B\u1ea3n s\u1eafc t\u00e1o b\u1ea1o c\u1ee7a X-Rated \u0111\u01b0\u1ee3c th\u1ec3 hi\u1ec7n b\u1eb1ng m\u00e0u h\u1ed3ng t\u01b0\u01a1i \u0111\u1eb7c tr\u01b0ng c\u1ee7a n\u00f3, \u0111\u1ea3m b\u1ea3o n\u00f3 b\u1eaft m\u1eaft trong m\u1ecdi kh\u00f4ng gian. V\u1edbi h\u00ecnh d\u1ea1ng chai kh\u00f4ng th\u1ec3 b\u1eaft ch\u01b0\u1edbc v\u00e0 h\u01b0\u01a1ng v\u1ecb th\u00fa v\u1ecb, X-Rated ho\u00e0n h\u1ea3o cho c\u1ea3 \u0111\u1ed3 u\u1ed1ng v\u00e0 cocktail, n\u00e2ng t\u1ea7m \u0111\u1ed3 u\u1ed1ng hi\u1ec7n \u0111\u1ea1i \u0111\u1ec3 n\u00e2ng ly c\u00f9ng b\u1ea1n b\u00e8 v\u00e0 gia \u0111\u00ecnh, cho d\u00f9 b\u1ea1n ra ngo\u00e0i hay t\u1eadn h\u01b0\u1edfng kho\u1ea3nh kh\u1eafc \u1edf nh\u00e0.<\/span><\/p>\n","protected":false},"featured_media":8720,"comment_status":"open","ping_status":"closed","template":"","meta":{"_acf_changed":false},"product_cat":[54],"product_tag":[],"class_list":{"0":"post-8716","1":"product","2":"type-product","3":"status-publish","4":"has-post-thumbnail","6":"product_cat-liqueurs","7":"brand-x-rated-fusion","9":"first","10":"instock","11":"shipping-taxable","12":"product-type-simple"},"acf":[],"yoast_head":"<!-- This site is optimized with the Yoast SEO plugin v23.0 - https:\/\/yoast.com\/wordpress\/plugins\/seo\/ -->\n<title>X-Rated Fusion Liqueur - Alchemy Asia<\/title>\n<meta name=\"robots\" content=\"index, follow, max-snippet:-1, max-image-preview:large, max-video-preview:-1\" \/>\n<link rel=\"canonical\" href=\"https:\/\/alchemy-asia.com\/vi\/san-pham\/x-rated-fusion-liqueur\/\" \/>\n<meta property=\"og:locale\" content=\"vi_VN\" \/>\n<meta property=\"og:type\" content=\"article\" \/>\n<meta property=\"og:title\" content=\"X-Rated Fusion Liqueur - Alchemy Asia\" \/>\n<meta property=\"og:description\" content=\"X-Rated Fusion Liqueur l\u00e0 lo\u1ea1i r\u01b0\u1ee3u n\u1ed5i b\u1eadt cao c\u1ea5p, \u0111\u01b0\u1ee3c pha ch\u1ebf t\u1eeb r\u01b0\u1ee3u vodka si\u00eau cao c\u1ea5p t\u1eeb Ph\u00e1p v\u00e0 pha tr\u1ed9n v\u1edbi n\u01b0\u1edbc \u00e9p tr\u00e1i c\u00e2y nhi\u1ec7t \u0111\u1edbi h\u1eefu c\u01a1 mang \u0111\u1ebfn s\u1ef1 k\u1ebft h\u1ee3p \u0111\u1ed9c \u0111\u00e1o gi\u1eefa c\u00e1c h\u01b0\u01a1ng v\u1ecb, bao g\u1ed3m cam \u0111\u1ecf t\u1eeb Sicily, \u00dd, xo\u00e0i nhi\u1ec7t \u0111\u1edbi v\u00e0 ni\u1ec1m \u0111am m\u00ea. tr\u00e1i c\u00e2y t\u1eeb Brazil, mang l\u1ea1i h\u01b0\u01a1ng v\u1ecb tr\u00e1i c\u00e2y r\u00f5 r\u1ec7t v\u00e0 m\u1ecbn m\u00e0ng. B\u1ea3n s\u1eafc t\u00e1o b\u1ea1o c\u1ee7a X-Rated \u0111\u01b0\u1ee3c th\u1ec3 hi\u1ec7n b\u1eb1ng m\u00e0u h\u1ed3ng t\u01b0\u01a1i \u0111\u1eb7c tr\u01b0ng c\u1ee7a n\u00f3, \u0111\u1ea3m b\u1ea3o n\u00f3 b\u1eaft m\u1eaft trong m\u1ecdi kh\u00f4ng gian. V\u1edbi h\u00ecnh d\u1ea1ng chai kh\u00f4ng th\u1ec3 b\u1eaft ch\u01b0\u1edbc v\u00e0 h\u01b0\u01a1ng v\u1ecb th\u00fa v\u1ecb, X-Rated ho\u00e0n h\u1ea3o cho c\u1ea3 \u0111\u1ed3 u\u1ed1ng v\u00e0 cocktail, n\u00e2ng t\u1ea7m \u0111\u1ed3 u\u1ed1ng hi\u1ec7n \u0111\u1ea1i \u0111\u1ec3 n\u00e2ng ly c\u00f9ng b\u1ea1n b\u00e8 v\u00e0 gia \u0111\u00ecnh, cho d\u00f9 b\u1ea1n ra ngo\u00e0i hay t\u1eadn h\u01b0\u1edfng kho\u1ea3nh kh\u1eafc \u1edf nh\u00e0.\" \/>\n<meta property=\"og:url\" content=\"https:\/\/alchemy-asia.com\/vi\/san-pham\/x-rated-fusion-liqueur\/\" \/>\n<meta property=\"og:site_name\" content=\"Alchemy Asia\" \/>\n<meta property=\"og:image\" content=\"https:\/\/alchemy-asia.com\/vi\/wp-content\/uploads\/sites\/3\/2024\/07\/X-Rated-Fusion-Liqueur.png\" \/>\n\t<meta property=\"og:image:width\" content=\"2100\" \/>\n\t<meta property=\"og:image:height\" content=\"2100\" \/>\n\t<meta property=\"og:image:type\" content=\"image\/png\" \/>\n<meta name=\"twitter:card\" content=\"summary_large_image\" \/>\n<meta name=\"twitter:label1\" content=\"\u01af\u1edbc t\u00ednh th\u1eddi gian \u0111\u1ecdc\" \/>\n\t<meta name=\"twitter:data1\" content=\"1 ph\u00fat\" \/>\n<script type=\"application\/ld+json\" class=\"yoast-schema-graph\">{\"@context\":\"https:\/\/schema.org\",\"@graph\":[{\"@type\":\"WebPage\",\"@id\":\"https:\/\/alchemy-asia.com\/vi\/san-pham\/x-rated-fusion-liqueur\/\",\"url\":\"https:\/\/alchemy-asia.com\/vi\/san-pham\/x-rated-fusion-liqueur\/\",\"name\":\"X-Rated Fusion Liqueur - Alchemy Asia\",\"isPartOf\":{\"@id\":\"https:\/\/alchemy-asia.com\/vi\/#website\"},\"primaryImageOfPage\":{\"@id\":\"https:\/\/alchemy-asia.com\/vi\/san-pham\/x-rated-fusion-liqueur\/#primaryimage\"},\"image\":{\"@id\":\"https:\/\/alchemy-asia.com\/vi\/san-pham\/x-rated-fusion-liqueur\/#primaryimage\"},\"thumbnailUrl\":\"https:\/\/alchemy-asia.com\/vi\/wp-content\/uploads\/sites\/3\/2024\/07\/X-Rated-Fusion-Liqueur.png\",\"datePublished\":\"2024-09-10T08:43:00+00:00\",\"dateModified\":\"2024-09-10T08:43:00+00:00\",\"breadcrumb\":{\"@id\":\"https:\/\/alchemy-asia.com\/vi\/san-pham\/x-rated-fusion-liqueur\/#breadcrumb\"},\"inLanguage\":\"vi\",\"potentialAction\":[{\"@type\":\"ReadAction\",\"target\":[\"https:\/\/alchemy-asia.com\/vi\/san-pham\/x-rated-fusion-liqueur\/\"]}]},{\"@type\":\"ImageObject\",\"inLanguage\":\"vi\",\"@id\":\"https:\/\/alchemy-asia.com\/vi\/san-pham\/x-rated-fusion-liqueur\/#primaryimage\",\"url\":\"https:\/\/alchemy-asia.com\/vi\/wp-content\/uploads\/sites\/3\/2024\/07\/X-Rated-Fusion-Liqueur.png\",\"contentUrl\":\"https:\/\/alchemy-asia.com\/vi\/wp-content\/uploads\/sites\/3\/2024\/07\/X-Rated-Fusion-Liqueur.png\",\"width\":2100,\"height\":2100,\"caption\":\"X-Rated Fusion Liqueur\"},{\"@type\":\"BreadcrumbList\",\"@id\":\"https:\/\/alchemy-asia.com\/vi\/san-pham\/x-rated-fusion-liqueur\/#breadcrumb\",\"itemListElement\":[{\"@type\":\"ListItem\",\"position\":1,\"name\":\"Home\",\"item\":\"https:\/\/alchemy-asia.com\/vi\/\"},{\"@type\":\"ListItem\",\"position\":2,\"name\":\"X-Rated Fusion Liqueur\"}]},{\"@type\":\"WebSite\",\"@id\":\"https:\/\/alchemy-asia.com\/vi\/#website\",\"url\":\"https:\/\/alchemy-asia.com\/vi\/\",\"name\":\"Alchemy Asia\",\"description\":\"Just another Alchemy Asia Sites site\",\"potentialAction\":[{\"@type\":\"SearchAction\",\"target\":{\"@type\":\"EntryPoint\",\"urlTemplate\":\"https:\/\/alchemy-asia.com\/vi\/?s={search_term_string}\"},\"query-input\":\"required name=search_term_string\"}],\"inLanguage\":\"vi\"}]}<\/script>\n<!-- \/ Yoast SEO plugin. -->","yoast_head_json":{"title":"X-Rated Fusion Liqueur - Alchemy Asia","robots":{"index":"index","follow":"follow","max-snippet":"max-snippet:-1","max-image-preview":"max-image-preview:large","max-video-preview":"max-video-preview:-1"},"canonical":"https:\/\/alchemy-asia.com\/vi\/san-pham\/x-rated-fusion-liqueur\/","og_locale":"vi_VN","og_type":"article","og_title":"X-Rated Fusion Liqueur - Alchemy Asia","og_description":"X-Rated Fusion Liqueur l\u00e0 lo\u1ea1i r\u01b0\u1ee3u n\u1ed5i b\u1eadt cao c\u1ea5p, \u0111\u01b0\u1ee3c pha ch\u1ebf t\u1eeb r\u01b0\u1ee3u vodka si\u00eau cao c\u1ea5p t\u1eeb Ph\u00e1p v\u00e0 pha tr\u1ed9n v\u1edbi n\u01b0\u1edbc \u00e9p tr\u00e1i c\u00e2y nhi\u1ec7t \u0111\u1edbi h\u1eefu c\u01a1 mang \u0111\u1ebfn s\u1ef1 k\u1ebft h\u1ee3p \u0111\u1ed9c \u0111\u00e1o gi\u1eefa c\u00e1c h\u01b0\u01a1ng v\u1ecb, bao g\u1ed3m cam \u0111\u1ecf t\u1eeb Sicily, \u00dd, xo\u00e0i nhi\u1ec7t \u0111\u1edbi v\u00e0 ni\u1ec1m \u0111am m\u00ea. tr\u00e1i c\u00e2y t\u1eeb Brazil, mang l\u1ea1i h\u01b0\u01a1ng v\u1ecb tr\u00e1i c\u00e2y r\u00f5 r\u1ec7t v\u00e0 m\u1ecbn m\u00e0ng. B\u1ea3n s\u1eafc t\u00e1o b\u1ea1o c\u1ee7a X-Rated \u0111\u01b0\u1ee3c th\u1ec3 hi\u1ec7n b\u1eb1ng m\u00e0u h\u1ed3ng t\u01b0\u01a1i \u0111\u1eb7c tr\u01b0ng c\u1ee7a n\u00f3, \u0111\u1ea3m b\u1ea3o n\u00f3 b\u1eaft m\u1eaft trong m\u1ecdi kh\u00f4ng gian. V\u1edbi h\u00ecnh d\u1ea1ng chai kh\u00f4ng th\u1ec3 b\u1eaft ch\u01b0\u1edbc v\u00e0 h\u01b0\u01a1ng v\u1ecb th\u00fa v\u1ecb, X-Rated ho\u00e0n h\u1ea3o cho c\u1ea3 \u0111\u1ed3 u\u1ed1ng v\u00e0 cocktail, n\u00e2ng t\u1ea7m \u0111\u1ed3 u\u1ed1ng hi\u1ec7n \u0111\u1ea1i \u0111\u1ec3 n\u00e2ng ly c\u00f9ng b\u1ea1n b\u00e8 v\u00e0 gia \u0111\u00ecnh, cho d\u00f9 b\u1ea1n ra ngo\u00e0i hay t\u1eadn h\u01b0\u1edfng kho\u1ea3nh kh\u1eafc \u1edf nh\u00e0.","og_url":"https:\/\/alchemy-asia.com\/vi\/san-pham\/x-rated-fusion-liqueur\/","og_site_name":"Alchemy Asia","og_image":[{"width":2100,"height":2100,"url":"https:\/\/alchemy-asia.com\/vi\/wp-content\/uploads\/sites\/3\/2024\/07\/X-Rated-Fusion-Liqueur.png","type":"image\/png"}],"twitter_card":"summary_large_image","twitter_misc":{"\u01af\u1edbc t\u00ednh th\u1eddi gian \u0111\u1ecdc":"1 ph\u00fat"},"schema":{"@context":"https:\/\/schema.org","@graph":[{"@type":"WebPage","@id":"https:\/\/alchemy-asia.com\/vi\/san-pham\/x-rated-fusion-liqueur\/","url":"https:\/\/alchemy-asia.com\/vi\/san-pham\/x-rated-fusion-liqueur\/","name":"X-Rated Fusion Liqueur - Alchemy Asia","isPartOf":{"@id":"https:\/\/alchemy-asia.com\/vi\/#website"},"primaryImageOfPage":{"@id":"https:\/\/alchemy-asia.com\/vi\/san-pham\/x-rated-fusion-liqueur\/#primaryimage"},"image":{"@id":"https:\/\/alchemy-asia.com\/vi\/san-pham\/x-rated-fusion-liqueur\/#primaryimage"},"thumbnailUrl":"https:\/\/alchemy-asia.com\/vi\/wp-content\/uploads\/sites\/3\/2024\/07\/X-Rated-Fusion-Liqueur.png","datePublished":"2024-09-10T08:43:00+00:00","dateModified":"2024-09-10T08:43:00+00:00","breadcrumb":{"@id":"https:\/\/alchemy-asia.com\/vi\/san-pham\/x-rated-fusion-liqueur\/#breadcrumb"},"inLanguage":"vi","potentialAction":[{"@type":"ReadAction","target":["https:\/\/alchemy-asia.com\/vi\/san-pham\/x-rated-fusion-liqueur\/"]}]},{"@type":"ImageObject","inLanguage":"vi","@id":"https:\/\/alchemy-asia.com\/vi\/san-pham\/x-rated-fusion-liqueur\/#primaryimage","url":"https:\/\/alchemy-asia.com\/vi\/wp-content\/uploads\/sites\/3\/2024\/07\/X-Rated-Fusion-Liqueur.png","contentUrl":"https:\/\/alchemy-asia.com\/vi\/wp-content\/uploads\/sites\/3\/2024\/07\/X-Rated-Fusion-Liqueur.png","width":2100,"height":2100,"caption":"X-Rated Fusion Liqueur"},{"@type":"BreadcrumbList","@id":"https:\/\/alchemy-asia.com\/vi\/san-pham\/x-rated-fusion-liqueur\/#breadcrumb","itemListElement":[{"@type":"ListItem","position":1,"name":"Home","item":"https:\/\/alchemy-asia.com\/vi\/"},{"@type":"ListItem","position":2,"name":"X-Rated Fusion Liqueur"}]},{"@type":"WebSite","@id":"https:\/\/alchemy-asia.com\/vi\/#website","url":"https:\/\/alchemy-asia.com\/vi\/","name":"Alchemy Asia","description":"Just another Alchemy Asia Sites site","potentialAction":[{"@type":"SearchAction","target":{"@type":"EntryPoint","urlTemplate":"https:\/\/alchemy-asia.com\/vi\/?s={search_term_string}"},"query-input":"required name=search_term_string"}],"inLanguage":"vi"}]}},"_links":{"self":[{"href":"https:\/\/alchemy-asia.com\/vi\/wp-json\/wp\/v2\/product\/8716","targetHints":{"allow":["GET"]}}],"collection":[{"href":"https:\/\/alchemy-asia.com\/vi\/wp-json\/wp\/v2\/product"}],"about":[{"href":"https:\/\/alchemy-asia.com\/vi\/wp-json\/wp\/v2\/types\/product"}],"replies":[{"embeddable":true,"href":"https:\/\/alchemy-asia.com\/vi\/wp-json\/wp\/v2\/comments?post=8716"}],"wp:featuredmedia":[{"embeddable":true,"href":"https:\/\/alchemy-asia.com\/vi\/wp-json\/wp\/v2\/media\/8720"}],"wp:attachment":[{"href":"https:\/\/alchemy-asia.com\/vi\/wp-json\/wp\/v2\/media?parent=8716"}],"wp:term":[{"taxonomy":"product_cat","embeddable":true,"href":"https:\/\/alchemy-asia.com\/vi\/wp-json\/wp\/v2\/product_cat?post=8716"},{"taxonomy":"product_tag","embeddable":true,"href":"https:\/\/alchemy-asia.com\/vi\/wp-json\/wp\/v2\/product_tag?post=8716"}],"curies":[{"name":"wp","href":"https:\/\/api.w.org\/{rel}","templated":true}]}}