{"id":8721,"date":"2024-09-10T08:41:46","date_gmt":"2024-09-10T08:41:46","guid":{"rendered":"https:\/\/alchemy-asia.com\/vi\/?post_type=product&#038;p=8721"},"modified":"2024-09-10T08:41:46","modified_gmt":"2024-09-10T08:41:46","slug":"wild-turkey-rye","status":"publish","type":"product","link":"https:\/\/alchemy-asia.com\/vi\/san-pham\/wild-turkey-rye\/","title":{"rendered":"Wild Turkey Rye"},"content":{"rendered":"","protected":false},"excerpt":{"rendered":"<p><span data-sheets-root=\"1\" data-sheets-value=\"{&quot;1&quot;:2,&quot;2&quot;:&quot;Wild Turkey Straight Rye Whiskey l\u00e0 l\u1eddi ca ng\u1ee3i 81 lo\u1ea1i r\u01b0\u1ee3u ch\u01b0ng c\u1ea5t \u0111\u1ea7u ti\u00ean c\u1ee7a M\u1ef9: r\u01b0\u1ee3u whisky l\u00faa m\u1ea1ch \u0111en. \\nKhi s\u1ea3n xu\u1ea5t Wild Turkey Rye, ch\u00fang t\u00f4i \u0111\u00e3 s\u1eed d\u1ee5ng than \u201cc\u00e1 s\u1ea5u\u201d \u0111\u1ec3 t\u0103ng th\u00eam h\u01b0\u01a1ng v\u1ecb nh\u1eb1m t\u1ea1o ra nh\u1eefng n\u1ed1t h\u01b0\u01a1ng l\u1edbn v\u00e0 \u0111\u1ed9 ph\u1ee7 r\u1ed9ng khi\u1ebfn cho r\u01b0\u1ee3u whisky l\u00faa m\u1ea1ch \u0111en tr\u1edf n\u00ean kh\u00e1c bi\u1ec7t so v\u1edbi c\u00e1c lo\u1ea1i r\u01b0\u1ee3u g\u1ed7 s\u1ed3i t\u01b0\u01a1ng t\u1ef1. Wild Turkey Rye gi\u1eef v\u1eefng h\u01b0\u01a1ng v\u1ecb trong b\u1ea5t k\u00ec lo\u1ea1i h\u1ed7n h\u1ee3p n\u00e0o v\u00e0 b\u1eadt v\u1ecb trong c\u00e1c lo\u1ea1i cocktail.&quot;}\" data-sheets-userformat=\"{&quot;2&quot;:1057789,&quot;3&quot;:{&quot;1&quot;:0},&quot;5&quot;:{&quot;1&quot;:[{&quot;1&quot;:2,&quot;2&quot;:0,&quot;5&quot;:{&quot;1&quot;:2,&quot;2&quot;:0}},{&quot;1&quot;:0,&quot;2&quot;:0,&quot;3&quot;:3},{&quot;1&quot;:1,&quot;2&quot;:0,&quot;4&quot;:1}]},&quot;6&quot;:{&quot;1&quot;:[{&quot;1&quot;:2,&quot;2&quot;:0,&quot;5&quot;:{&quot;1&quot;:2,&quot;2&quot;:0}},{&quot;1&quot;:0,&quot;2&quot;:0,&quot;3&quot;:3},{&quot;1&quot;:1,&quot;2&quot;:0,&quot;4&quot;:1}]},&quot;7&quot;:{&quot;1&quot;:[{&quot;1&quot;:2,&quot;2&quot;:0,&quot;5&quot;:{&quot;1&quot;:2,&quot;2&quot;:0}},{&quot;1&quot;:0,&quot;2&quot;:0,&quot;3&quot;:3},{&quot;1&quot;:1,&quot;2&quot;:0,&quot;4&quot;:1}]},&quot;8&quot;:{&quot;1&quot;:[{&quot;1&quot;:2,&quot;2&quot;:0,&quot;5&quot;:{&quot;1&quot;:2,&quot;2&quot;:0}},{&quot;1&quot;:0,&quot;2&quot;:0,&quot;3&quot;:3},{&quot;1&quot;:1,&quot;2&quot;:0,&quot;4&quot;:1}]},&quot;9&quot;:0,&quot;10&quot;:1,&quot;11&quot;:4,&quot;12&quot;:0,&quot;16&quot;:13,&quot;23&quot;:1}\">Wild Turkey Straight Rye Whiskey l\u00e0 l\u1eddi ca ng\u1ee3i 81 lo\u1ea1i r\u01b0\u1ee3u ch\u01b0ng c\u1ea5t \u0111\u1ea7u ti\u00ean c\u1ee7a M\u1ef9: r\u01b0\u1ee3u whisky l\u00faa m\u1ea1ch \u0111en.<br \/>\nKhi s\u1ea3n xu\u1ea5t Wild Turkey Rye, ch\u00fang t\u00f4i \u0111\u00e3 s\u1eed d\u1ee5ng than \u201cc\u00e1 s\u1ea5u\u201d \u0111\u1ec3 t\u0103ng th\u00eam h\u01b0\u01a1ng v\u1ecb nh\u1eb1m t\u1ea1o ra nh\u1eefng n\u1ed1t h\u01b0\u01a1ng l\u1edbn v\u00e0 \u0111\u1ed9 ph\u1ee7 r\u1ed9ng khi\u1ebfn cho r\u01b0\u1ee3u whisky l\u00faa m\u1ea1ch \u0111en tr\u1edf n\u00ean kh\u00e1c bi\u1ec7t so v\u1edbi c\u00e1c lo\u1ea1i r\u01b0\u1ee3u g\u1ed7 s\u1ed3i t\u01b0\u01a1ng t\u1ef1. Wild Turkey Rye gi\u1eef v\u1eefng h\u01b0\u01a1ng v\u1ecb trong b\u1ea5t k\u00ec lo\u1ea1i h\u1ed7n h\u1ee3p n\u00e0o v\u00e0 b\u1eadt v\u1ecb trong c\u00e1c lo\u1ea1i cocktail.<\/span><\/p>\n","protected":false},"featured_media":8723,"comment_status":"open","ping_status":"closed","template":"","meta":{"_acf_changed":false},"product_cat":[49],"product_tag":[],"class_list":{"0":"post-8721","1":"product","2":"type-product","3":"status-publish","4":"has-post-thumbnail","6":"product_cat-american-whiskey","7":"brand-wild-turkey","9":"first","10":"instock","11":"shipping-taxable","12":"product-type-simple"},"acf":[],"yoast_head":"<!-- This site is optimized with the Yoast SEO plugin v23.0 - https:\/\/yoast.com\/wordpress\/plugins\/seo\/ -->\n<title>Wild Turkey Rye - Alchemy Asia<\/title>\n<meta name=\"robots\" content=\"index, follow, max-snippet:-1, max-image-preview:large, max-video-preview:-1\" \/>\n<link rel=\"canonical\" href=\"https:\/\/alchemy-asia.com\/vi\/san-pham\/wild-turkey-rye\/\" \/>\n<meta property=\"og:locale\" content=\"vi_VN\" \/>\n<meta property=\"og:type\" content=\"article\" \/>\n<meta property=\"og:title\" content=\"Wild Turkey Rye - Alchemy Asia\" \/>\n<meta property=\"og:description\" content=\"Wild Turkey Straight Rye Whiskey l\u00e0 l\u1eddi ca ng\u1ee3i 81 lo\u1ea1i r\u01b0\u1ee3u ch\u01b0ng c\u1ea5t \u0111\u1ea7u ti\u00ean c\u1ee7a M\u1ef9: r\u01b0\u1ee3u whisky l\u00faa m\u1ea1ch \u0111en. Khi s\u1ea3n xu\u1ea5t Wild Turkey Rye, ch\u00fang t\u00f4i \u0111\u00e3 s\u1eed d\u1ee5ng than \u201cc\u00e1 s\u1ea5u\u201d \u0111\u1ec3 t\u0103ng th\u00eam h\u01b0\u01a1ng v\u1ecb nh\u1eb1m t\u1ea1o ra nh\u1eefng n\u1ed1t h\u01b0\u01a1ng l\u1edbn v\u00e0 \u0111\u1ed9 ph\u1ee7 r\u1ed9ng khi\u1ebfn cho r\u01b0\u1ee3u whisky l\u00faa m\u1ea1ch \u0111en tr\u1edf n\u00ean kh\u00e1c bi\u1ec7t so v\u1edbi c\u00e1c lo\u1ea1i r\u01b0\u1ee3u g\u1ed7 s\u1ed3i t\u01b0\u01a1ng t\u1ef1. Wild Turkey Rye gi\u1eef v\u1eefng h\u01b0\u01a1ng v\u1ecb trong b\u1ea5t k\u00ec lo\u1ea1i h\u1ed7n h\u1ee3p n\u00e0o v\u00e0 b\u1eadt v\u1ecb trong c\u00e1c lo\u1ea1i cocktail.\" \/>\n<meta property=\"og:url\" content=\"https:\/\/alchemy-asia.com\/vi\/san-pham\/wild-turkey-rye\/\" \/>\n<meta property=\"og:site_name\" content=\"Alchemy Asia\" \/>\n<meta property=\"og:image\" content=\"https:\/\/alchemy-asia.com\/vi\/wp-content\/uploads\/sites\/3\/2024\/07\/Wild-Turkey-RYE-whisky.png\" \/>\n\t<meta property=\"og:image:width\" content=\"2100\" \/>\n\t<meta property=\"og:image:height\" content=\"2100\" \/>\n\t<meta property=\"og:image:type\" content=\"image\/png\" \/>\n<meta name=\"twitter:card\" content=\"summary_large_image\" \/>\n<meta name=\"twitter:label1\" content=\"\u01af\u1edbc t\u00ednh th\u1eddi gian \u0111\u1ecdc\" \/>\n\t<meta name=\"twitter:data1\" content=\"1 ph\u00fat\" \/>\n<script type=\"application\/ld+json\" class=\"yoast-schema-graph\">{\"@context\":\"https:\/\/schema.org\",\"@graph\":[{\"@type\":\"WebPage\",\"@id\":\"https:\/\/alchemy-asia.com\/vi\/san-pham\/wild-turkey-rye\/\",\"url\":\"https:\/\/alchemy-asia.com\/vi\/san-pham\/wild-turkey-rye\/\",\"name\":\"Wild Turkey Rye - Alchemy Asia\",\"isPartOf\":{\"@id\":\"https:\/\/alchemy-asia.com\/vi\/#website\"},\"primaryImageOfPage\":{\"@id\":\"https:\/\/alchemy-asia.com\/vi\/san-pham\/wild-turkey-rye\/#primaryimage\"},\"image\":{\"@id\":\"https:\/\/alchemy-asia.com\/vi\/san-pham\/wild-turkey-rye\/#primaryimage\"},\"thumbnailUrl\":\"https:\/\/alchemy-asia.com\/vi\/wp-content\/uploads\/sites\/3\/2024\/07\/Wild-Turkey-RYE-whisky.png\",\"datePublished\":\"2024-09-10T08:41:46+00:00\",\"dateModified\":\"2024-09-10T08:41:46+00:00\",\"breadcrumb\":{\"@id\":\"https:\/\/alchemy-asia.com\/vi\/san-pham\/wild-turkey-rye\/#breadcrumb\"},\"inLanguage\":\"vi\",\"potentialAction\":[{\"@type\":\"ReadAction\",\"target\":[\"https:\/\/alchemy-asia.com\/vi\/san-pham\/wild-turkey-rye\/\"]}]},{\"@type\":\"ImageObject\",\"inLanguage\":\"vi\",\"@id\":\"https:\/\/alchemy-asia.com\/vi\/san-pham\/wild-turkey-rye\/#primaryimage\",\"url\":\"https:\/\/alchemy-asia.com\/vi\/wp-content\/uploads\/sites\/3\/2024\/07\/Wild-Turkey-RYE-whisky.png\",\"contentUrl\":\"https:\/\/alchemy-asia.com\/vi\/wp-content\/uploads\/sites\/3\/2024\/07\/Wild-Turkey-RYE-whisky.png\",\"width\":2100,\"height\":2100,\"caption\":\"Wild-Turkey-RYE-whisky\"},{\"@type\":\"BreadcrumbList\",\"@id\":\"https:\/\/alchemy-asia.com\/vi\/san-pham\/wild-turkey-rye\/#breadcrumb\",\"itemListElement\":[{\"@type\":\"ListItem\",\"position\":1,\"name\":\"Home\",\"item\":\"https:\/\/alchemy-asia.com\/vi\/\"},{\"@type\":\"ListItem\",\"position\":2,\"name\":\"Wild Turkey Rye\"}]},{\"@type\":\"WebSite\",\"@id\":\"https:\/\/alchemy-asia.com\/vi\/#website\",\"url\":\"https:\/\/alchemy-asia.com\/vi\/\",\"name\":\"Alchemy Asia\",\"description\":\"Just another Alchemy Asia Sites site\",\"potentialAction\":[{\"@type\":\"SearchAction\",\"target\":{\"@type\":\"EntryPoint\",\"urlTemplate\":\"https:\/\/alchemy-asia.com\/vi\/?s={search_term_string}\"},\"query-input\":\"required name=search_term_string\"}],\"inLanguage\":\"vi\"}]}<\/script>\n<!-- \/ Yoast SEO plugin. -->","yoast_head_json":{"title":"Wild Turkey Rye - Alchemy Asia","robots":{"index":"index","follow":"follow","max-snippet":"max-snippet:-1","max-image-preview":"max-image-preview:large","max-video-preview":"max-video-preview:-1"},"canonical":"https:\/\/alchemy-asia.com\/vi\/san-pham\/wild-turkey-rye\/","og_locale":"vi_VN","og_type":"article","og_title":"Wild Turkey Rye - Alchemy Asia","og_description":"Wild Turkey Straight Rye Whiskey l\u00e0 l\u1eddi ca ng\u1ee3i 81 lo\u1ea1i r\u01b0\u1ee3u ch\u01b0ng c\u1ea5t \u0111\u1ea7u ti\u00ean c\u1ee7a M\u1ef9: r\u01b0\u1ee3u whisky l\u00faa m\u1ea1ch \u0111en. Khi s\u1ea3n xu\u1ea5t Wild Turkey Rye, ch\u00fang t\u00f4i \u0111\u00e3 s\u1eed d\u1ee5ng than \u201cc\u00e1 s\u1ea5u\u201d \u0111\u1ec3 t\u0103ng th\u00eam h\u01b0\u01a1ng v\u1ecb nh\u1eb1m t\u1ea1o ra nh\u1eefng n\u1ed1t h\u01b0\u01a1ng l\u1edbn v\u00e0 \u0111\u1ed9 ph\u1ee7 r\u1ed9ng khi\u1ebfn cho r\u01b0\u1ee3u whisky l\u00faa m\u1ea1ch \u0111en tr\u1edf n\u00ean kh\u00e1c bi\u1ec7t so v\u1edbi c\u00e1c lo\u1ea1i r\u01b0\u1ee3u g\u1ed7 s\u1ed3i t\u01b0\u01a1ng t\u1ef1. Wild Turkey Rye gi\u1eef v\u1eefng h\u01b0\u01a1ng v\u1ecb trong b\u1ea5t k\u00ec lo\u1ea1i h\u1ed7n h\u1ee3p n\u00e0o v\u00e0 b\u1eadt v\u1ecb trong c\u00e1c lo\u1ea1i cocktail.","og_url":"https:\/\/alchemy-asia.com\/vi\/san-pham\/wild-turkey-rye\/","og_site_name":"Alchemy Asia","og_image":[{"width":2100,"height":2100,"url":"https:\/\/alchemy-asia.com\/vi\/wp-content\/uploads\/sites\/3\/2024\/07\/Wild-Turkey-RYE-whisky.png","type":"image\/png"}],"twitter_card":"summary_large_image","twitter_misc":{"\u01af\u1edbc t\u00ednh th\u1eddi gian \u0111\u1ecdc":"1 ph\u00fat"},"schema":{"@context":"https:\/\/schema.org","@graph":[{"@type":"WebPage","@id":"https:\/\/alchemy-asia.com\/vi\/san-pham\/wild-turkey-rye\/","url":"https:\/\/alchemy-asia.com\/vi\/san-pham\/wild-turkey-rye\/","name":"Wild Turkey Rye - Alchemy Asia","isPartOf":{"@id":"https:\/\/alchemy-asia.com\/vi\/#website"},"primaryImageOfPage":{"@id":"https:\/\/alchemy-asia.com\/vi\/san-pham\/wild-turkey-rye\/#primaryimage"},"image":{"@id":"https:\/\/alchemy-asia.com\/vi\/san-pham\/wild-turkey-rye\/#primaryimage"},"thumbnailUrl":"https:\/\/alchemy-asia.com\/vi\/wp-content\/uploads\/sites\/3\/2024\/07\/Wild-Turkey-RYE-whisky.png","datePublished":"2024-09-10T08:41:46+00:00","dateModified":"2024-09-10T08:41:46+00:00","breadcrumb":{"@id":"https:\/\/alchemy-asia.com\/vi\/san-pham\/wild-turkey-rye\/#breadcrumb"},"inLanguage":"vi","potentialAction":[{"@type":"ReadAction","target":["https:\/\/alchemy-asia.com\/vi\/san-pham\/wild-turkey-rye\/"]}]},{"@type":"ImageObject","inLanguage":"vi","@id":"https:\/\/alchemy-asia.com\/vi\/san-pham\/wild-turkey-rye\/#primaryimage","url":"https:\/\/alchemy-asia.com\/vi\/wp-content\/uploads\/sites\/3\/2024\/07\/Wild-Turkey-RYE-whisky.png","contentUrl":"https:\/\/alchemy-asia.com\/vi\/wp-content\/uploads\/sites\/3\/2024\/07\/Wild-Turkey-RYE-whisky.png","width":2100,"height":2100,"caption":"Wild-Turkey-RYE-whisky"},{"@type":"BreadcrumbList","@id":"https:\/\/alchemy-asia.com\/vi\/san-pham\/wild-turkey-rye\/#breadcrumb","itemListElement":[{"@type":"ListItem","position":1,"name":"Home","item":"https:\/\/alchemy-asia.com\/vi\/"},{"@type":"ListItem","position":2,"name":"Wild Turkey Rye"}]},{"@type":"WebSite","@id":"https:\/\/alchemy-asia.com\/vi\/#website","url":"https:\/\/alchemy-asia.com\/vi\/","name":"Alchemy Asia","description":"Just another Alchemy Asia Sites site","potentialAction":[{"@type":"SearchAction","target":{"@type":"EntryPoint","urlTemplate":"https:\/\/alchemy-asia.com\/vi\/?s={search_term_string}"},"query-input":"required name=search_term_string"}],"inLanguage":"vi"}]}},"_links":{"self":[{"href":"https:\/\/alchemy-asia.com\/vi\/wp-json\/wp\/v2\/product\/8721","targetHints":{"allow":["GET"]}}],"collection":[{"href":"https:\/\/alchemy-asia.com\/vi\/wp-json\/wp\/v2\/product"}],"about":[{"href":"https:\/\/alchemy-asia.com\/vi\/wp-json\/wp\/v2\/types\/product"}],"replies":[{"embeddable":true,"href":"https:\/\/alchemy-asia.com\/vi\/wp-json\/wp\/v2\/comments?post=8721"}],"wp:featuredmedia":[{"embeddable":true,"href":"https:\/\/alchemy-asia.com\/vi\/wp-json\/wp\/v2\/media\/8723"}],"wp:attachment":[{"href":"https:\/\/alchemy-asia.com\/vi\/wp-json\/wp\/v2\/media?parent=8721"}],"wp:term":[{"taxonomy":"product_cat","embeddable":true,"href":"https:\/\/alchemy-asia.com\/vi\/wp-json\/wp\/v2\/product_cat?post=8721"},{"taxonomy":"product_tag","embeddable":true,"href":"https:\/\/alchemy-asia.com\/vi\/wp-json\/wp\/v2\/product_tag?post=8721"}],"curies":[{"name":"wp","href":"https:\/\/api.w.org\/{rel}","templated":true}]}}