{"id":8722,"date":"2024-09-10T08:41:43","date_gmt":"2024-09-10T08:41:43","guid":{"rendered":"https:\/\/alchemy-asia.com\/vi\/?post_type=product&#038;p=8722"},"modified":"2024-09-10T08:41:44","modified_gmt":"2024-09-10T08:41:44","slug":"the-hakuto","status":"publish","type":"product","link":"https:\/\/alchemy-asia.com\/vi\/san-pham\/the-hakuto\/","title":{"rendered":"The Hakuto"},"content":{"rendered":"","protected":false},"excerpt":{"rendered":"<p>H\u01b0\u01a1ng v\u1ecb chanh\/c\u00e2y tr\u00e1i\/c\u00e2y hoa nh\u1eb9 nh\u00e0ng\/cay n\u1ed3ng \u1ea5m<br \/>\nTh\u1ea3o d\u01b0\u1ee3c:<\/p>\n<p>Qu\u1ea3 tr\u00e1i m\u1ed9c<br \/>\nH\u1ea1t ng\u00f2<br \/>\nL\u00ea Nashi (L\u00ea \u00c1 Ch\u00e2u)<br \/>\nV\u1ecf cam<br \/>\nV\u1ecf yuzu<br \/>\nHoa anh \u0111\u00e0o<br \/>\nTr\u00e0 xanh Gyokuro<br \/>\nTi\u00eau \u0111en<br \/>\nH\u1ea1t ti\u00eau Sancho<\/p>\n","protected":false},"featured_media":8725,"comment_status":"open","ping_status":"closed","template":"","meta":{"_acf_changed":false},"product_cat":[52],"product_tag":[],"class_list":{"0":"post-8722","1":"product","2":"type-product","3":"status-publish","4":"has-post-thumbnail","6":"product_cat-gin","7":"brand-matsui-whisky","9":"first","10":"instock","11":"shipping-taxable","12":"product-type-simple"},"acf":[],"yoast_head":"<!-- This site is optimized with the Yoast SEO plugin v23.0 - https:\/\/yoast.com\/wordpress\/plugins\/seo\/ -->\n<title>The Hakuto - Alchemy Asia<\/title>\n<meta name=\"robots\" content=\"index, follow, max-snippet:-1, max-image-preview:large, max-video-preview:-1\" \/>\n<link rel=\"canonical\" href=\"https:\/\/alchemy-asia.com\/vi\/san-pham\/the-hakuto\/\" \/>\n<meta property=\"og:locale\" content=\"vi_VN\" \/>\n<meta property=\"og:type\" content=\"article\" \/>\n<meta property=\"og:title\" content=\"The Hakuto - Alchemy Asia\" \/>\n<meta property=\"og:description\" content=\"H\u01b0\u01a1ng v\u1ecb chanh\/c\u00e2y tr\u00e1i\/c\u00e2y hoa nh\u1eb9 nh\u00e0ng\/cay n\u1ed3ng \u1ea5m Th\u1ea3o d\u01b0\u1ee3c:  Qu\u1ea3 tr\u00e1i m\u1ed9c H\u1ea1t ng\u00f2 L\u00ea Nashi (L\u00ea \u00c1 Ch\u00e2u) V\u1ecf cam V\u1ecf yuzu Hoa anh \u0111\u00e0o Tr\u00e0 xanh Gyokuro Ti\u00eau \u0111en H\u1ea1t ti\u00eau Sancho\" \/>\n<meta property=\"og:url\" content=\"https:\/\/alchemy-asia.com\/vi\/san-pham\/the-hakuto\/\" \/>\n<meta property=\"og:site_name\" content=\"Alchemy Asia\" \/>\n<meta property=\"article:modified_time\" content=\"2024-09-10T08:41:44+00:00\" \/>\n<meta property=\"og:image\" content=\"https:\/\/alchemy-asia.com\/vi\/wp-content\/uploads\/sites\/3\/2024\/07\/THE-HAKUTO-JAPANESE-CRAFT-GIN-1024x1024.png\" \/>\n\t<meta property=\"og:image:width\" content=\"1024\" \/>\n\t<meta property=\"og:image:height\" content=\"1024\" \/>\n\t<meta property=\"og:image:type\" content=\"image\/png\" \/>\n<meta name=\"twitter:card\" content=\"summary_large_image\" \/>\n<meta name=\"twitter:label1\" content=\"\u01af\u1edbc t\u00ednh th\u1eddi gian \u0111\u1ecdc\" \/>\n\t<meta name=\"twitter:data1\" content=\"1 ph\u00fat\" \/>\n<script type=\"application\/ld+json\" class=\"yoast-schema-graph\">{\"@context\":\"https:\/\/schema.org\",\"@graph\":[{\"@type\":\"WebPage\",\"@id\":\"https:\/\/alchemy-asia.com\/vi\/san-pham\/the-hakuto\/\",\"url\":\"https:\/\/alchemy-asia.com\/vi\/san-pham\/the-hakuto\/\",\"name\":\"The Hakuto - Alchemy Asia\",\"isPartOf\":{\"@id\":\"https:\/\/alchemy-asia.com\/vi\/#website\"},\"primaryImageOfPage\":{\"@id\":\"https:\/\/alchemy-asia.com\/vi\/san-pham\/the-hakuto\/#primaryimage\"},\"image\":{\"@id\":\"https:\/\/alchemy-asia.com\/vi\/san-pham\/the-hakuto\/#primaryimage\"},\"thumbnailUrl\":\"https:\/\/alchemy-asia.com\/vi\/wp-content\/uploads\/sites\/3\/2024\/07\/THE-HAKUTO-JAPANESE-CRAFT-GIN.png\",\"datePublished\":\"2024-09-10T08:41:43+00:00\",\"dateModified\":\"2024-09-10T08:41:44+00:00\",\"breadcrumb\":{\"@id\":\"https:\/\/alchemy-asia.com\/vi\/san-pham\/the-hakuto\/#breadcrumb\"},\"inLanguage\":\"vi\",\"potentialAction\":[{\"@type\":\"ReadAction\",\"target\":[\"https:\/\/alchemy-asia.com\/vi\/san-pham\/the-hakuto\/\"]}]},{\"@type\":\"ImageObject\",\"inLanguage\":\"vi\",\"@id\":\"https:\/\/alchemy-asia.com\/vi\/san-pham\/the-hakuto\/#primaryimage\",\"url\":\"https:\/\/alchemy-asia.com\/vi\/wp-content\/uploads\/sites\/3\/2024\/07\/THE-HAKUTO-JAPANESE-CRAFT-GIN.png\",\"contentUrl\":\"https:\/\/alchemy-asia.com\/vi\/wp-content\/uploads\/sites\/3\/2024\/07\/THE-HAKUTO-JAPANESE-CRAFT-GIN.png\",\"width\":5804,\"height\":5803,\"caption\":\"The Hakuto\"},{\"@type\":\"BreadcrumbList\",\"@id\":\"https:\/\/alchemy-asia.com\/vi\/san-pham\/the-hakuto\/#breadcrumb\",\"itemListElement\":[{\"@type\":\"ListItem\",\"position\":1,\"name\":\"Home\",\"item\":\"https:\/\/alchemy-asia.com\/vi\/\"},{\"@type\":\"ListItem\",\"position\":2,\"name\":\"The Hakuto\"}]},{\"@type\":\"WebSite\",\"@id\":\"https:\/\/alchemy-asia.com\/vi\/#website\",\"url\":\"https:\/\/alchemy-asia.com\/vi\/\",\"name\":\"Alchemy Asia\",\"description\":\"Just another Alchemy Asia Sites site\",\"potentialAction\":[{\"@type\":\"SearchAction\",\"target\":{\"@type\":\"EntryPoint\",\"urlTemplate\":\"https:\/\/alchemy-asia.com\/vi\/?s={search_term_string}\"},\"query-input\":\"required name=search_term_string\"}],\"inLanguage\":\"vi\"}]}<\/script>\n<!-- \/ Yoast SEO plugin. -->","yoast_head_json":{"title":"The Hakuto - Alchemy Asia","robots":{"index":"index","follow":"follow","max-snippet":"max-snippet:-1","max-image-preview":"max-image-preview:large","max-video-preview":"max-video-preview:-1"},"canonical":"https:\/\/alchemy-asia.com\/vi\/san-pham\/the-hakuto\/","og_locale":"vi_VN","og_type":"article","og_title":"The Hakuto - Alchemy Asia","og_description":"H\u01b0\u01a1ng v\u1ecb chanh\/c\u00e2y tr\u00e1i\/c\u00e2y hoa nh\u1eb9 nh\u00e0ng\/cay n\u1ed3ng \u1ea5m Th\u1ea3o d\u01b0\u1ee3c:  Qu\u1ea3 tr\u00e1i m\u1ed9c H\u1ea1t ng\u00f2 L\u00ea Nashi (L\u00ea \u00c1 Ch\u00e2u) V\u1ecf cam V\u1ecf yuzu Hoa anh \u0111\u00e0o Tr\u00e0 xanh Gyokuro Ti\u00eau \u0111en H\u1ea1t ti\u00eau Sancho","og_url":"https:\/\/alchemy-asia.com\/vi\/san-pham\/the-hakuto\/","og_site_name":"Alchemy Asia","article_modified_time":"2024-09-10T08:41:44+00:00","og_image":[{"width":1024,"height":1024,"url":"https:\/\/alchemy-asia.com\/vi\/wp-content\/uploads\/sites\/3\/2024\/07\/THE-HAKUTO-JAPANESE-CRAFT-GIN-1024x1024.png","type":"image\/png"}],"twitter_card":"summary_large_image","twitter_misc":{"\u01af\u1edbc t\u00ednh th\u1eddi gian \u0111\u1ecdc":"1 ph\u00fat"},"schema":{"@context":"https:\/\/schema.org","@graph":[{"@type":"WebPage","@id":"https:\/\/alchemy-asia.com\/vi\/san-pham\/the-hakuto\/","url":"https:\/\/alchemy-asia.com\/vi\/san-pham\/the-hakuto\/","name":"The Hakuto - Alchemy Asia","isPartOf":{"@id":"https:\/\/alchemy-asia.com\/vi\/#website"},"primaryImageOfPage":{"@id":"https:\/\/alchemy-asia.com\/vi\/san-pham\/the-hakuto\/#primaryimage"},"image":{"@id":"https:\/\/alchemy-asia.com\/vi\/san-pham\/the-hakuto\/#primaryimage"},"thumbnailUrl":"https:\/\/alchemy-asia.com\/vi\/wp-content\/uploads\/sites\/3\/2024\/07\/THE-HAKUTO-JAPANESE-CRAFT-GIN.png","datePublished":"2024-09-10T08:41:43+00:00","dateModified":"2024-09-10T08:41:44+00:00","breadcrumb":{"@id":"https:\/\/alchemy-asia.com\/vi\/san-pham\/the-hakuto\/#breadcrumb"},"inLanguage":"vi","potentialAction":[{"@type":"ReadAction","target":["https:\/\/alchemy-asia.com\/vi\/san-pham\/the-hakuto\/"]}]},{"@type":"ImageObject","inLanguage":"vi","@id":"https:\/\/alchemy-asia.com\/vi\/san-pham\/the-hakuto\/#primaryimage","url":"https:\/\/alchemy-asia.com\/vi\/wp-content\/uploads\/sites\/3\/2024\/07\/THE-HAKUTO-JAPANESE-CRAFT-GIN.png","contentUrl":"https:\/\/alchemy-asia.com\/vi\/wp-content\/uploads\/sites\/3\/2024\/07\/THE-HAKUTO-JAPANESE-CRAFT-GIN.png","width":5804,"height":5803,"caption":"The Hakuto"},{"@type":"BreadcrumbList","@id":"https:\/\/alchemy-asia.com\/vi\/san-pham\/the-hakuto\/#breadcrumb","itemListElement":[{"@type":"ListItem","position":1,"name":"Home","item":"https:\/\/alchemy-asia.com\/vi\/"},{"@type":"ListItem","position":2,"name":"The Hakuto"}]},{"@type":"WebSite","@id":"https:\/\/alchemy-asia.com\/vi\/#website","url":"https:\/\/alchemy-asia.com\/vi\/","name":"Alchemy Asia","description":"Just another Alchemy Asia Sites site","potentialAction":[{"@type":"SearchAction","target":{"@type":"EntryPoint","urlTemplate":"https:\/\/alchemy-asia.com\/vi\/?s={search_term_string}"},"query-input":"required name=search_term_string"}],"inLanguage":"vi"}]}},"_links":{"self":[{"href":"https:\/\/alchemy-asia.com\/vi\/wp-json\/wp\/v2\/product\/8722","targetHints":{"allow":["GET"]}}],"collection":[{"href":"https:\/\/alchemy-asia.com\/vi\/wp-json\/wp\/v2\/product"}],"about":[{"href":"https:\/\/alchemy-asia.com\/vi\/wp-json\/wp\/v2\/types\/product"}],"replies":[{"embeddable":true,"href":"https:\/\/alchemy-asia.com\/vi\/wp-json\/wp\/v2\/comments?post=8722"}],"wp:featuredmedia":[{"embeddable":true,"href":"https:\/\/alchemy-asia.com\/vi\/wp-json\/wp\/v2\/media\/8725"}],"wp:attachment":[{"href":"https:\/\/alchemy-asia.com\/vi\/wp-json\/wp\/v2\/media?parent=8722"}],"wp:term":[{"taxonomy":"product_cat","embeddable":true,"href":"https:\/\/alchemy-asia.com\/vi\/wp-json\/wp\/v2\/product_cat?post=8722"},{"taxonomy":"product_tag","embeddable":true,"href":"https:\/\/alchemy-asia.com\/vi\/wp-json\/wp\/v2\/product_tag?post=8722"}],"curies":[{"name":"wp","href":"https:\/\/api.w.org\/{rel}","templated":true}]}}