{"id":8727,"date":"2024-09-10T08:41:42","date_gmt":"2024-09-10T08:41:42","guid":{"rendered":"https:\/\/alchemy-asia.com\/vi\/?post_type=product&#038;p=8727"},"modified":"2024-09-10T08:41:42","modified_gmt":"2024-09-10T08:41:42","slug":"wild-turkey-aged-8-years","status":"publish","type":"product","link":"https:\/\/alchemy-asia.com\/vi\/san-pham\/wild-turkey-aged-8-years\/","title":{"rendered":"Wild Turkey Aged 8 Years"},"content":{"rendered":"","protected":false},"excerpt":{"rendered":"<p><span data-sheets-root=\"1\" data-sheets-value=\"{&quot;1&quot;:2,&quot;2&quot;:&quot;\u0110\u01b0\u1ee3c ch\u1ebf bi\u1ebfn m\u1ed9t c\u00e1ch t\u1eadn t\u00e2m v\u00e0 s\u1ef1 chu\u1ea9n x\u00e1c, Wild Turkey 8 n\u0103m tu\u1ed5i b\u1ed9c l\u1ed9 tinh th\u1ea7n c\u1ee7a linh v\u1eadt \\&quot;g\u00e0 t\u00e2y\\&quot;, t\u01b0\u1ee3ng tr\u01b0ng cho s\u1ef1 t\u1ef1 do hoang d\u00e3 v\u00e0 h\u01b0\u01a1ng v\u1ecb \u0111\u00edch th\u1ef1c. \u1ea8n m\u00ecnh \u1edf Kentucky, Wild Turkey 8 n\u0103m tu\u1ed5i l\u00e0 minh ch\u1ee9ng cho tay ngh\u1ec1 th\u1ee7 c\u00f4ng l\u00e2u \u0111\u1eddi, t\u1ef1 h\u00e0o v\u1edbi n\u1ed3ng \u0111\u1ed9 c\u1ed3n cao 50,5%. C\u00e2u chuy\u1ec7n v\u1ec1 h\u01b0\u01a1ng th\u01a1m c\u1ee7a n\u00f3 m\u1edf ra v\u1edbi s\u1ef1 pha tr\u1ed9n gi\u1eefa s\u1ef1 ng\u1ecdt ng\u00e0o v\u00e0 ch\u00fat cay cay, t\u1ea1o n\u00ean h\u1ed9n h\u1ee3p h\u01b0\u01a1ng v\u1ecb: g\u1ed7 s\u1ed3i, caramel, c\u00e1c lo\u1ea1i h\u1ea1t v\u00e0 m\u1ed9t ch\u00fat h\u01b0\u01a1ng cam qu\u00fdt. \\nKhi u\u1ed1ng ta c\u1ea3m nh\u1eadn \u0111\u01b0\u1ee3c s\u1ef1 pha tr\u1ed9n h\u00e0i h\u00f2a gi\u1eefa v\u1ecb cay, g\u1ed7 s\u1ed3i v\u00e0 tr\u00e1i c\u00e2y, bao g\u1ed3m m\u1eadn v\u00e0 anh \u0111\u00e0o \u0111en, sua \u0111\u00f3 l\u1ea1i c\u00f3 h\u01b0\u01a1ng vani nh\u1eb9. Cu\u1ed1i c\u00f9ng, m\u1ed9t h\u1eadu v\u1ecb ng\u1ecdt ng\u00e0o v\u00e0 cay n\u1ed3ng, ch\u1ee9a \u0111\u1ef1ng h\u01b0\u01a1ng v\u1ecb h\u1ea5p d\u1eabn tinh t\u1ebf v\u00e0 c\u1ea3m nh\u1eadn r\u00f5 r\u1ec7t h\u01a1n m\u00f9i c\u1ee7a g\u1ed7 s\u1ed3i. \\n\u0110\u01b0\u1ee3c \u1ee7 \u0111\u1ebfn m\u1ee9c ho\u00e0n h\u1ea3o, \u0111\u00f3 l\u00e0 minh ch\u1ee9ng cho truy\u1ec1n th\u1ed1ng l\u00e0m r\u01b0\u1ee3u, s\u1ef1 kh\u00e9o l\u00e9o v\u00e0 ch\u1ea5t l\u01b0\u1ee3ng v\u01b0\u1ee3t th\u1eddi gian.&quot;}\" data-sheets-userformat=\"{&quot;2&quot;:1057789,&quot;3&quot;:{&quot;1&quot;:0},&quot;5&quot;:{&quot;1&quot;:[{&quot;1&quot;:2,&quot;2&quot;:0,&quot;5&quot;:{&quot;1&quot;:2,&quot;2&quot;:0}},{&quot;1&quot;:0,&quot;2&quot;:0,&quot;3&quot;:3},{&quot;1&quot;:1,&quot;2&quot;:0,&quot;4&quot;:1}]},&quot;6&quot;:{&quot;1&quot;:[{&quot;1&quot;:2,&quot;2&quot;:0,&quot;5&quot;:{&quot;1&quot;:2,&quot;2&quot;:0}},{&quot;1&quot;:0,&quot;2&quot;:0,&quot;3&quot;:3},{&quot;1&quot;:1,&quot;2&quot;:0,&quot;4&quot;:1}]},&quot;7&quot;:{&quot;1&quot;:[{&quot;1&quot;:2,&quot;2&quot;:0,&quot;5&quot;:{&quot;1&quot;:2,&quot;2&quot;:0}},{&quot;1&quot;:0,&quot;2&quot;:0,&quot;3&quot;:3},{&quot;1&quot;:1,&quot;2&quot;:0,&quot;4&quot;:1}]},&quot;8&quot;:{&quot;1&quot;:[{&quot;1&quot;:2,&quot;2&quot;:0,&quot;5&quot;:{&quot;1&quot;:2,&quot;2&quot;:0}},{&quot;1&quot;:0,&quot;2&quot;:0,&quot;3&quot;:3},{&quot;1&quot;:1,&quot;2&quot;:0,&quot;4&quot;:1}]},&quot;9&quot;:0,&quot;10&quot;:1,&quot;11&quot;:4,&quot;12&quot;:0,&quot;16&quot;:13,&quot;23&quot;:1}\">\u0110\u01b0\u1ee3c ch\u1ebf bi\u1ebfn m\u1ed9t c\u00e1ch t\u1eadn t\u00e2m v\u00e0 s\u1ef1 chu\u1ea9n x\u00e1c, Wild Turkey 8 n\u0103m tu\u1ed5i b\u1ed9c l\u1ed9 tinh th\u1ea7n c\u1ee7a linh v\u1eadt &#8220;g\u00e0 t\u00e2y&#8221;, t\u01b0\u1ee3ng tr\u01b0ng cho s\u1ef1 t\u1ef1 do hoang d\u00e3 v\u00e0 h\u01b0\u01a1ng v\u1ecb \u0111\u00edch th\u1ef1c. \u1ea8n m\u00ecnh \u1edf Kentucky, Wild Turkey 8 n\u0103m tu\u1ed5i l\u00e0 minh ch\u1ee9ng cho tay ngh\u1ec1 th\u1ee7 c\u00f4ng l\u00e2u \u0111\u1eddi, t\u1ef1 h\u00e0o v\u1edbi n\u1ed3ng \u0111\u1ed9 c\u1ed3n cao 50,5%. C\u00e2u chuy\u1ec7n v\u1ec1 h\u01b0\u01a1ng th\u01a1m c\u1ee7a n\u00f3 m\u1edf ra v\u1edbi s\u1ef1 pha tr\u1ed9n gi\u1eefa s\u1ef1 ng\u1ecdt ng\u00e0o v\u00e0 ch\u00fat cay cay, t\u1ea1o n\u00ean h\u1ed9n h\u1ee3p h\u01b0\u01a1ng v\u1ecb: g\u1ed7 s\u1ed3i, caramel, c\u00e1c lo\u1ea1i h\u1ea1t v\u00e0 m\u1ed9t ch\u00fat h\u01b0\u01a1ng cam qu\u00fdt.<br \/>\nKhi u\u1ed1ng ta c\u1ea3m nh\u1eadn \u0111\u01b0\u1ee3c s\u1ef1 pha tr\u1ed9n h\u00e0i h\u00f2a gi\u1eefa v\u1ecb cay, g\u1ed7 s\u1ed3i v\u00e0 tr\u00e1i c\u00e2y, bao g\u1ed3m m\u1eadn v\u00e0 anh \u0111\u00e0o \u0111en, sua \u0111\u00f3 l\u1ea1i c\u00f3 h\u01b0\u01a1ng vani nh\u1eb9. Cu\u1ed1i c\u00f9ng, m\u1ed9t h\u1eadu v\u1ecb ng\u1ecdt ng\u00e0o v\u00e0 cay n\u1ed3ng, ch\u1ee9a \u0111\u1ef1ng h\u01b0\u01a1ng v\u1ecb h\u1ea5p d\u1eabn tinh t\u1ebf v\u00e0 c\u1ea3m nh\u1eadn r\u00f5 r\u1ec7t h\u01a1n m\u00f9i c\u1ee7a g\u1ed7 s\u1ed3i.<br \/>\n\u0110\u01b0\u1ee3c \u1ee7 \u0111\u1ebfn m\u1ee9c ho\u00e0n h\u1ea3o, \u0111\u00f3 l\u00e0 minh ch\u1ee9ng cho truy\u1ec1n th\u1ed1ng l\u00e0m r\u01b0\u1ee3u, s\u1ef1 kh\u00e9o l\u00e9o v\u00e0 ch\u1ea5t l\u01b0\u1ee3ng v\u01b0\u1ee3t th\u1eddi gian.<\/span><\/p>\n","protected":false},"featured_media":8728,"comment_status":"open","ping_status":"closed","template":"","meta":{"_acf_changed":false},"product_cat":[49],"product_tag":[],"class_list":{"0":"post-8727","1":"product","2":"type-product","3":"status-publish","4":"has-post-thumbnail","6":"product_cat-american-whiskey","7":"brand-wild-turkey","9":"first","10":"instock","11":"shipping-taxable","12":"product-type-simple"},"acf":[],"yoast_head":"<!-- This site is optimized with the Yoast SEO plugin v23.0 - https:\/\/yoast.com\/wordpress\/plugins\/seo\/ -->\n<title>Wild Turkey Aged 8 Years - Alchemy Asia<\/title>\n<meta name=\"robots\" content=\"index, follow, max-snippet:-1, max-image-preview:large, max-video-preview:-1\" \/>\n<link rel=\"canonical\" href=\"https:\/\/alchemy-asia.com\/vi\/san-pham\/wild-turkey-aged-8-years\/\" \/>\n<meta property=\"og:locale\" content=\"vi_VN\" \/>\n<meta property=\"og:type\" content=\"article\" \/>\n<meta property=\"og:title\" content=\"Wild Turkey Aged 8 Years - Alchemy Asia\" \/>\n<meta property=\"og:description\" content=\"\u0110\u01b0\u1ee3c ch\u1ebf bi\u1ebfn m\u1ed9t c\u00e1ch t\u1eadn t\u00e2m v\u00e0 s\u1ef1 chu\u1ea9n x\u00e1c, Wild Turkey 8 n\u0103m tu\u1ed5i b\u1ed9c l\u1ed9 tinh th\u1ea7n c\u1ee7a linh v\u1eadt &quot;g\u00e0 t\u00e2y&quot;, t\u01b0\u1ee3ng tr\u01b0ng cho s\u1ef1 t\u1ef1 do hoang d\u00e3 v\u00e0 h\u01b0\u01a1ng v\u1ecb \u0111\u00edch th\u1ef1c. \u1ea8n m\u00ecnh \u1edf Kentucky, Wild Turkey 8 n\u0103m tu\u1ed5i l\u00e0 minh ch\u1ee9ng cho tay ngh\u1ec1 th\u1ee7 c\u00f4ng l\u00e2u \u0111\u1eddi, t\u1ef1 h\u00e0o v\u1edbi n\u1ed3ng \u0111\u1ed9 c\u1ed3n cao 50,5%. C\u00e2u chuy\u1ec7n v\u1ec1 h\u01b0\u01a1ng th\u01a1m c\u1ee7a n\u00f3 m\u1edf ra v\u1edbi s\u1ef1 pha tr\u1ed9n gi\u1eefa s\u1ef1 ng\u1ecdt ng\u00e0o v\u00e0 ch\u00fat cay cay, t\u1ea1o n\u00ean h\u1ed9n h\u1ee3p h\u01b0\u01a1ng v\u1ecb: g\u1ed7 s\u1ed3i, caramel, c\u00e1c lo\u1ea1i h\u1ea1t v\u00e0 m\u1ed9t ch\u00fat h\u01b0\u01a1ng cam qu\u00fdt. Khi u\u1ed1ng ta c\u1ea3m nh\u1eadn \u0111\u01b0\u1ee3c s\u1ef1 pha tr\u1ed9n h\u00e0i h\u00f2a gi\u1eefa v\u1ecb cay, g\u1ed7 s\u1ed3i v\u00e0 tr\u00e1i c\u00e2y, bao g\u1ed3m m\u1eadn v\u00e0 anh \u0111\u00e0o \u0111en, sua \u0111\u00f3 l\u1ea1i c\u00f3 h\u01b0\u01a1ng vani nh\u1eb9. Cu\u1ed1i c\u00f9ng, m\u1ed9t h\u1eadu v\u1ecb ng\u1ecdt ng\u00e0o v\u00e0 cay n\u1ed3ng, ch\u1ee9a \u0111\u1ef1ng h\u01b0\u01a1ng v\u1ecb h\u1ea5p d\u1eabn tinh t\u1ebf v\u00e0 c\u1ea3m nh\u1eadn r\u00f5 r\u1ec7t h\u01a1n m\u00f9i c\u1ee7a g\u1ed7 s\u1ed3i. \u0110\u01b0\u1ee3c \u1ee7 \u0111\u1ebfn m\u1ee9c ho\u00e0n h\u1ea3o, \u0111\u00f3 l\u00e0 minh ch\u1ee9ng cho truy\u1ec1n th\u1ed1ng l\u00e0m r\u01b0\u1ee3u, s\u1ef1 kh\u00e9o l\u00e9o v\u00e0 ch\u1ea5t l\u01b0\u1ee3ng v\u01b0\u1ee3t th\u1eddi gian.\" \/>\n<meta property=\"og:url\" content=\"https:\/\/alchemy-asia.com\/vi\/san-pham\/wild-turkey-aged-8-years\/\" \/>\n<meta property=\"og:site_name\" content=\"Alchemy Asia\" \/>\n<meta property=\"og:image\" content=\"https:\/\/alchemy-asia.com\/vi\/wp-content\/uploads\/sites\/3\/2024\/07\/Wild-Turkey-whisky.png\" \/>\n\t<meta property=\"og:image:width\" content=\"2100\" \/>\n\t<meta property=\"og:image:height\" content=\"2100\" \/>\n\t<meta property=\"og:image:type\" content=\"image\/png\" \/>\n<meta name=\"twitter:card\" content=\"summary_large_image\" \/>\n<meta name=\"twitter:label1\" content=\"\u01af\u1edbc t\u00ednh th\u1eddi gian \u0111\u1ecdc\" \/>\n\t<meta name=\"twitter:data1\" content=\"1 ph\u00fat\" \/>\n<script type=\"application\/ld+json\" class=\"yoast-schema-graph\">{\"@context\":\"https:\/\/schema.org\",\"@graph\":[{\"@type\":\"WebPage\",\"@id\":\"https:\/\/alchemy-asia.com\/vi\/san-pham\/wild-turkey-aged-8-years\/\",\"url\":\"https:\/\/alchemy-asia.com\/vi\/san-pham\/wild-turkey-aged-8-years\/\",\"name\":\"Wild Turkey Aged 8 Years - Alchemy Asia\",\"isPartOf\":{\"@id\":\"https:\/\/alchemy-asia.com\/vi\/#website\"},\"primaryImageOfPage\":{\"@id\":\"https:\/\/alchemy-asia.com\/vi\/san-pham\/wild-turkey-aged-8-years\/#primaryimage\"},\"image\":{\"@id\":\"https:\/\/alchemy-asia.com\/vi\/san-pham\/wild-turkey-aged-8-years\/#primaryimage\"},\"thumbnailUrl\":\"https:\/\/alchemy-asia.com\/vi\/wp-content\/uploads\/sites\/3\/2024\/07\/Wild-Turkey-whisky.png\",\"datePublished\":\"2024-09-10T08:41:42+00:00\",\"dateModified\":\"2024-09-10T08:41:42+00:00\",\"breadcrumb\":{\"@id\":\"https:\/\/alchemy-asia.com\/vi\/san-pham\/wild-turkey-aged-8-years\/#breadcrumb\"},\"inLanguage\":\"vi\",\"potentialAction\":[{\"@type\":\"ReadAction\",\"target\":[\"https:\/\/alchemy-asia.com\/vi\/san-pham\/wild-turkey-aged-8-years\/\"]}]},{\"@type\":\"ImageObject\",\"inLanguage\":\"vi\",\"@id\":\"https:\/\/alchemy-asia.com\/vi\/san-pham\/wild-turkey-aged-8-years\/#primaryimage\",\"url\":\"https:\/\/alchemy-asia.com\/vi\/wp-content\/uploads\/sites\/3\/2024\/07\/Wild-Turkey-whisky.png\",\"contentUrl\":\"https:\/\/alchemy-asia.com\/vi\/wp-content\/uploads\/sites\/3\/2024\/07\/Wild-Turkey-whisky.png\",\"width\":2100,\"height\":2100,\"caption\":\"Wild Turkey whisky\"},{\"@type\":\"BreadcrumbList\",\"@id\":\"https:\/\/alchemy-asia.com\/vi\/san-pham\/wild-turkey-aged-8-years\/#breadcrumb\",\"itemListElement\":[{\"@type\":\"ListItem\",\"position\":1,\"name\":\"Home\",\"item\":\"https:\/\/alchemy-asia.com\/vi\/\"},{\"@type\":\"ListItem\",\"position\":2,\"name\":\"Wild Turkey Aged 8 Years\"}]},{\"@type\":\"WebSite\",\"@id\":\"https:\/\/alchemy-asia.com\/vi\/#website\",\"url\":\"https:\/\/alchemy-asia.com\/vi\/\",\"name\":\"Alchemy Asia\",\"description\":\"Just another Alchemy Asia Sites site\",\"potentialAction\":[{\"@type\":\"SearchAction\",\"target\":{\"@type\":\"EntryPoint\",\"urlTemplate\":\"https:\/\/alchemy-asia.com\/vi\/?s={search_term_string}\"},\"query-input\":\"required name=search_term_string\"}],\"inLanguage\":\"vi\"}]}<\/script>\n<!-- \/ Yoast SEO plugin. -->","yoast_head_json":{"title":"Wild Turkey Aged 8 Years - Alchemy Asia","robots":{"index":"index","follow":"follow","max-snippet":"max-snippet:-1","max-image-preview":"max-image-preview:large","max-video-preview":"max-video-preview:-1"},"canonical":"https:\/\/alchemy-asia.com\/vi\/san-pham\/wild-turkey-aged-8-years\/","og_locale":"vi_VN","og_type":"article","og_title":"Wild Turkey Aged 8 Years - Alchemy Asia","og_description":"\u0110\u01b0\u1ee3c ch\u1ebf bi\u1ebfn m\u1ed9t c\u00e1ch t\u1eadn t\u00e2m v\u00e0 s\u1ef1 chu\u1ea9n x\u00e1c, Wild Turkey 8 n\u0103m tu\u1ed5i b\u1ed9c l\u1ed9 tinh th\u1ea7n c\u1ee7a linh v\u1eadt \"g\u00e0 t\u00e2y\", t\u01b0\u1ee3ng tr\u01b0ng cho s\u1ef1 t\u1ef1 do hoang d\u00e3 v\u00e0 h\u01b0\u01a1ng v\u1ecb \u0111\u00edch th\u1ef1c. \u1ea8n m\u00ecnh \u1edf Kentucky, Wild Turkey 8 n\u0103m tu\u1ed5i l\u00e0 minh ch\u1ee9ng cho tay ngh\u1ec1 th\u1ee7 c\u00f4ng l\u00e2u \u0111\u1eddi, t\u1ef1 h\u00e0o v\u1edbi n\u1ed3ng \u0111\u1ed9 c\u1ed3n cao 50,5%. C\u00e2u chuy\u1ec7n v\u1ec1 h\u01b0\u01a1ng th\u01a1m c\u1ee7a n\u00f3 m\u1edf ra v\u1edbi s\u1ef1 pha tr\u1ed9n gi\u1eefa s\u1ef1 ng\u1ecdt ng\u00e0o v\u00e0 ch\u00fat cay cay, t\u1ea1o n\u00ean h\u1ed9n h\u1ee3p h\u01b0\u01a1ng v\u1ecb: g\u1ed7 s\u1ed3i, caramel, c\u00e1c lo\u1ea1i h\u1ea1t v\u00e0 m\u1ed9t ch\u00fat h\u01b0\u01a1ng cam qu\u00fdt. Khi u\u1ed1ng ta c\u1ea3m nh\u1eadn \u0111\u01b0\u1ee3c s\u1ef1 pha tr\u1ed9n h\u00e0i h\u00f2a gi\u1eefa v\u1ecb cay, g\u1ed7 s\u1ed3i v\u00e0 tr\u00e1i c\u00e2y, bao g\u1ed3m m\u1eadn v\u00e0 anh \u0111\u00e0o \u0111en, sua \u0111\u00f3 l\u1ea1i c\u00f3 h\u01b0\u01a1ng vani nh\u1eb9. Cu\u1ed1i c\u00f9ng, m\u1ed9t h\u1eadu v\u1ecb ng\u1ecdt ng\u00e0o v\u00e0 cay n\u1ed3ng, ch\u1ee9a \u0111\u1ef1ng h\u01b0\u01a1ng v\u1ecb h\u1ea5p d\u1eabn tinh t\u1ebf v\u00e0 c\u1ea3m nh\u1eadn r\u00f5 r\u1ec7t h\u01a1n m\u00f9i c\u1ee7a g\u1ed7 s\u1ed3i. \u0110\u01b0\u1ee3c \u1ee7 \u0111\u1ebfn m\u1ee9c ho\u00e0n h\u1ea3o, \u0111\u00f3 l\u00e0 minh ch\u1ee9ng cho truy\u1ec1n th\u1ed1ng l\u00e0m r\u01b0\u1ee3u, s\u1ef1 kh\u00e9o l\u00e9o v\u00e0 ch\u1ea5t l\u01b0\u1ee3ng v\u01b0\u1ee3t th\u1eddi gian.","og_url":"https:\/\/alchemy-asia.com\/vi\/san-pham\/wild-turkey-aged-8-years\/","og_site_name":"Alchemy Asia","og_image":[{"width":2100,"height":2100,"url":"https:\/\/alchemy-asia.com\/vi\/wp-content\/uploads\/sites\/3\/2024\/07\/Wild-Turkey-whisky.png","type":"image\/png"}],"twitter_card":"summary_large_image","twitter_misc":{"\u01af\u1edbc t\u00ednh th\u1eddi gian \u0111\u1ecdc":"1 ph\u00fat"},"schema":{"@context":"https:\/\/schema.org","@graph":[{"@type":"WebPage","@id":"https:\/\/alchemy-asia.com\/vi\/san-pham\/wild-turkey-aged-8-years\/","url":"https:\/\/alchemy-asia.com\/vi\/san-pham\/wild-turkey-aged-8-years\/","name":"Wild Turkey Aged 8 Years - Alchemy Asia","isPartOf":{"@id":"https:\/\/alchemy-asia.com\/vi\/#website"},"primaryImageOfPage":{"@id":"https:\/\/alchemy-asia.com\/vi\/san-pham\/wild-turkey-aged-8-years\/#primaryimage"},"image":{"@id":"https:\/\/alchemy-asia.com\/vi\/san-pham\/wild-turkey-aged-8-years\/#primaryimage"},"thumbnailUrl":"https:\/\/alchemy-asia.com\/vi\/wp-content\/uploads\/sites\/3\/2024\/07\/Wild-Turkey-whisky.png","datePublished":"2024-09-10T08:41:42+00:00","dateModified":"2024-09-10T08:41:42+00:00","breadcrumb":{"@id":"https:\/\/alchemy-asia.com\/vi\/san-pham\/wild-turkey-aged-8-years\/#breadcrumb"},"inLanguage":"vi","potentialAction":[{"@type":"ReadAction","target":["https:\/\/alchemy-asia.com\/vi\/san-pham\/wild-turkey-aged-8-years\/"]}]},{"@type":"ImageObject","inLanguage":"vi","@id":"https:\/\/alchemy-asia.com\/vi\/san-pham\/wild-turkey-aged-8-years\/#primaryimage","url":"https:\/\/alchemy-asia.com\/vi\/wp-content\/uploads\/sites\/3\/2024\/07\/Wild-Turkey-whisky.png","contentUrl":"https:\/\/alchemy-asia.com\/vi\/wp-content\/uploads\/sites\/3\/2024\/07\/Wild-Turkey-whisky.png","width":2100,"height":2100,"caption":"Wild Turkey whisky"},{"@type":"BreadcrumbList","@id":"https:\/\/alchemy-asia.com\/vi\/san-pham\/wild-turkey-aged-8-years\/#breadcrumb","itemListElement":[{"@type":"ListItem","position":1,"name":"Home","item":"https:\/\/alchemy-asia.com\/vi\/"},{"@type":"ListItem","position":2,"name":"Wild Turkey Aged 8 Years"}]},{"@type":"WebSite","@id":"https:\/\/alchemy-asia.com\/vi\/#website","url":"https:\/\/alchemy-asia.com\/vi\/","name":"Alchemy Asia","description":"Just another Alchemy Asia Sites site","potentialAction":[{"@type":"SearchAction","target":{"@type":"EntryPoint","urlTemplate":"https:\/\/alchemy-asia.com\/vi\/?s={search_term_string}"},"query-input":"required name=search_term_string"}],"inLanguage":"vi"}]}},"_links":{"self":[{"href":"https:\/\/alchemy-asia.com\/vi\/wp-json\/wp\/v2\/product\/8727","targetHints":{"allow":["GET"]}}],"collection":[{"href":"https:\/\/alchemy-asia.com\/vi\/wp-json\/wp\/v2\/product"}],"about":[{"href":"https:\/\/alchemy-asia.com\/vi\/wp-json\/wp\/v2\/types\/product"}],"replies":[{"embeddable":true,"href":"https:\/\/alchemy-asia.com\/vi\/wp-json\/wp\/v2\/comments?post=8727"}],"wp:featuredmedia":[{"embeddable":true,"href":"https:\/\/alchemy-asia.com\/vi\/wp-json\/wp\/v2\/media\/8728"}],"wp:attachment":[{"href":"https:\/\/alchemy-asia.com\/vi\/wp-json\/wp\/v2\/media?parent=8727"}],"wp:term":[{"taxonomy":"product_cat","embeddable":true,"href":"https:\/\/alchemy-asia.com\/vi\/wp-json\/wp\/v2\/product_cat?post=8727"},{"taxonomy":"product_tag","embeddable":true,"href":"https:\/\/alchemy-asia.com\/vi\/wp-json\/wp\/v2\/product_tag?post=8727"}],"curies":[{"name":"wp","href":"https:\/\/api.w.org\/{rel}","templated":true}]}}