{"id":8730,"date":"2024-09-10T08:41:38","date_gmt":"2024-09-10T08:41:38","guid":{"rendered":"https:\/\/alchemy-asia.com\/vi\/?post_type=product&#038;p=8730"},"modified":"2024-09-10T08:41:38","modified_gmt":"2024-09-10T08:41:38","slug":"wild-turkey-aged-12-years","status":"publish","type":"product","link":"https:\/\/alchemy-asia.com\/vi\/san-pham\/wild-turkey-aged-12-years\/","title":{"rendered":"Wild Turkey Aged 12 Years"},"content":{"rendered":"","protected":false},"excerpt":{"rendered":"<p><span data-sheets-root=\"1\" data-sheets-value=\"{&quot;1&quot;:2,&quot;2&quot;:&quot;N\u1eb1m s\u00e2u b\u00ean trong Kentucky v\u00e0 b\u1eaft ngu\u1ed3n l\u00e0 di s\u1ea3n c\u1ee7a m\u1ed9t nh\u00e0 m\u00e1y ch\u01b0ng c\u1ea5t \u0111\u01b0\u1ee3c th\u00e0nh l\u1eadp v\u00e0o n\u0103m 1869, Wild Turkey 12 n\u0103m tu\u1ed5i l\u00e0 h\u00ecnh \u1ea3nh thu nh\u1ecf c\u1ee7a s\u1ef1 c\u1ed1ng hi\u1ebfn l\u00e2u d\u00e0i t\u1eeb gia \u0111\u00ecnh Russell trong vi\u1ec7c ch\u1ebf t\u1ea1o ra lo\u1ea1i r\u01b0\u1ee3u trong th\u00f9ng g\u1ed7 s\u1ed3i n\u1ed5i b\u1eadt nh\u1ea5t, \u0111\u01b0\u1ee3c coi l\u00e0 m\u1ed9t kho b\u00e1u \u0111\u00e1ng \u0111\u01b0\u1ee3c chi\u00eam ng\u01b0\u1ee1ng. V\u1edbi \u0111\u1ed9 c\u1ed3n cao 50,5%, r\u01b0\u1ee3u n\u00e0y h\u1ee9a h\u1eb9n cho m\u1ed9t h\u00e0nh tr\u00ecnh v\u1ecb gi\u00e1c \u0111\u1ed9c \u0111\u00e1o. M\u1ed9t s\u1ef1 pha tr\u1ed9n c\u00e2n b\u1eb1ng gi\u1eefa ch\u1ea5t tannin, tr\u00e1i c\u00e2y, cola anh \u0111\u00e0o v\u00e0 h\u01b0\u01a1ng c\u00e2y \u0103n qu\u1ea3, v\u1edbi ch\u00fat v\u1ecb c\u1ee7a v\u1ecf cam v\u00e0 v\u1ecb cay. Khi n\u1ebfm th\u1eed, c\u00e1c h\u01b0\u01a1ng v\u1ecb h\u1ed9i t\u1ee5 l\u1ea1i: \u0111\u00e0o ch\u00edn, qu\u1ea3 m\u01a1, qu\u1ea3 m\u00e2m x\u00f4i v\u00e0 d\u00e2u t\u1ea7m, \u0111an xen v\u1edbi caramel, s\u00f4 c\u00f4 la v\u00e0 h\u1ed7n h\u1ee3p gia v\u1ecb th\u1ea3o m\u1ed9c. K\u1ebft th\u00fac t\u1ea7ng v\u1ecb mang l\u1ea1i h\u01b0\u01a1ng v\u1ecb tr\u00e1i c\u00e2y kh\u00f4 v\u00e0 h\u01b0\u01a1ng g\u1ed7 s\u1ed3i nh\u1eb9 nh\u00e0ng. H\u00e0nh tr\u00ecnh v\u1ecb gi\u00e1c ph\u1ea3n \u00e1nh khung c\u1ea3nh hoang s\u01a1 c\u1ee7a Kentucky, n\u01a1i \u0111\u1eadm n\u00e9t truy\u1ec1n th\u1ed1ng, chuy\u00ean m\u00f4n cao v\u00e0 th\u1eddi gian c\u00f9ng h\u1ee3p nh\u1ea5t \u0111\u1ec3 t\u1ea1o ra lo\u1ea1i r\u01b0\u1ee3u whisky mang t\u00ednh bi\u1ec3u t\u01b0\u1ee3ng \u0111\u1ee9ng v\u1eefng tr\u01b0\u1edbc th\u1eed th\u00e1ch c\u1ee7a th\u1eddi gian.&quot;}\" data-sheets-userformat=\"{&quot;2&quot;:1057789,&quot;3&quot;:{&quot;1&quot;:0},&quot;5&quot;:{&quot;1&quot;:[{&quot;1&quot;:2,&quot;2&quot;:0,&quot;5&quot;:{&quot;1&quot;:2,&quot;2&quot;:0}},{&quot;1&quot;:0,&quot;2&quot;:0,&quot;3&quot;:3},{&quot;1&quot;:1,&quot;2&quot;:0,&quot;4&quot;:1}]},&quot;6&quot;:{&quot;1&quot;:[{&quot;1&quot;:2,&quot;2&quot;:0,&quot;5&quot;:{&quot;1&quot;:2,&quot;2&quot;:0}},{&quot;1&quot;:0,&quot;2&quot;:0,&quot;3&quot;:3},{&quot;1&quot;:1,&quot;2&quot;:0,&quot;4&quot;:1}]},&quot;7&quot;:{&quot;1&quot;:[{&quot;1&quot;:2,&quot;2&quot;:0,&quot;5&quot;:{&quot;1&quot;:2,&quot;2&quot;:0}},{&quot;1&quot;:0,&quot;2&quot;:0,&quot;3&quot;:3},{&quot;1&quot;:1,&quot;2&quot;:0,&quot;4&quot;:1}]},&quot;8&quot;:{&quot;1&quot;:[{&quot;1&quot;:2,&quot;2&quot;:0,&quot;5&quot;:{&quot;1&quot;:2,&quot;2&quot;:0}},{&quot;1&quot;:0,&quot;2&quot;:0,&quot;3&quot;:3},{&quot;1&quot;:1,&quot;2&quot;:0,&quot;4&quot;:1}]},&quot;9&quot;:0,&quot;10&quot;:1,&quot;11&quot;:4,&quot;12&quot;:0,&quot;16&quot;:13,&quot;23&quot;:1}\">N\u1eb1m s\u00e2u b\u00ean trong Kentucky v\u00e0 b\u1eaft ngu\u1ed3n l\u00e0 di s\u1ea3n c\u1ee7a m\u1ed9t nh\u00e0 m\u00e1y ch\u01b0ng c\u1ea5t \u0111\u01b0\u1ee3c th\u00e0nh l\u1eadp v\u00e0o n\u0103m 1869, Wild Turkey 12 n\u0103m tu\u1ed5i l\u00e0 h\u00ecnh \u1ea3nh thu nh\u1ecf c\u1ee7a s\u1ef1 c\u1ed1ng hi\u1ebfn l\u00e2u d\u00e0i t\u1eeb gia \u0111\u00ecnh Russell trong vi\u1ec7c ch\u1ebf t\u1ea1o ra lo\u1ea1i r\u01b0\u1ee3u trong th\u00f9ng g\u1ed7 s\u1ed3i n\u1ed5i b\u1eadt nh\u1ea5t, \u0111\u01b0\u1ee3c coi l\u00e0 m\u1ed9t kho b\u00e1u \u0111\u00e1ng \u0111\u01b0\u1ee3c chi\u00eam ng\u01b0\u1ee1ng. V\u1edbi \u0111\u1ed9 c\u1ed3n cao 50,5%, r\u01b0\u1ee3u n\u00e0y h\u1ee9a h\u1eb9n cho m\u1ed9t h\u00e0nh tr\u00ecnh v\u1ecb gi\u00e1c \u0111\u1ed9c \u0111\u00e1o. M\u1ed9t s\u1ef1 pha tr\u1ed9n c\u00e2n b\u1eb1ng gi\u1eefa ch\u1ea5t tannin, tr\u00e1i c\u00e2y, cola anh \u0111\u00e0o v\u00e0 h\u01b0\u01a1ng c\u00e2y \u0103n qu\u1ea3, v\u1edbi ch\u00fat v\u1ecb c\u1ee7a v\u1ecf cam v\u00e0 v\u1ecb cay. Khi n\u1ebfm th\u1eed, c\u00e1c h\u01b0\u01a1ng v\u1ecb h\u1ed9i t\u1ee5 l\u1ea1i: \u0111\u00e0o ch\u00edn, qu\u1ea3 m\u01a1, qu\u1ea3 m\u00e2m x\u00f4i v\u00e0 d\u00e2u t\u1ea7m, \u0111an xen v\u1edbi caramel, s\u00f4 c\u00f4 la v\u00e0 h\u1ed7n h\u1ee3p gia v\u1ecb th\u1ea3o m\u1ed9c. K\u1ebft th\u00fac t\u1ea7ng v\u1ecb mang l\u1ea1i h\u01b0\u01a1ng v\u1ecb tr\u00e1i c\u00e2y kh\u00f4 v\u00e0 h\u01b0\u01a1ng g\u1ed7 s\u1ed3i nh\u1eb9 nh\u00e0ng. H\u00e0nh tr\u00ecnh v\u1ecb gi\u00e1c ph\u1ea3n \u00e1nh khung c\u1ea3nh hoang s\u01a1 c\u1ee7a Kentucky, n\u01a1i \u0111\u1eadm n\u00e9t truy\u1ec1n th\u1ed1ng, chuy\u00ean m\u00f4n cao v\u00e0 th\u1eddi gian c\u00f9ng h\u1ee3p nh\u1ea5t \u0111\u1ec3 t\u1ea1o ra lo\u1ea1i r\u01b0\u1ee3u whisky mang t\u00ednh bi\u1ec3u t\u01b0\u1ee3ng \u0111\u1ee9ng v\u1eefng tr\u01b0\u1edbc th\u1eed th\u00e1ch c\u1ee7a th\u1eddi gian.<\/span><\/p>\n","protected":false},"featured_media":8732,"comment_status":"open","ping_status":"closed","template":"","meta":{"_acf_changed":false},"product_cat":[49],"product_tag":[],"class_list":{"0":"post-8730","1":"product","2":"type-product","3":"status-publish","4":"has-post-thumbnail","6":"product_cat-american-whiskey","7":"brand-wild-turkey","9":"first","10":"instock","11":"shipping-taxable","12":"product-type-simple"},"acf":[],"yoast_head":"<!-- This site is optimized with the Yoast SEO plugin v23.0 - https:\/\/yoast.com\/wordpress\/plugins\/seo\/ -->\n<title>Wild Turkey Aged 12 Years - Alchemy Asia<\/title>\n<meta name=\"robots\" content=\"index, follow, max-snippet:-1, max-image-preview:large, max-video-preview:-1\" \/>\n<link rel=\"canonical\" href=\"https:\/\/alchemy-asia.com\/vi\/san-pham\/wild-turkey-aged-12-years\/\" \/>\n<meta property=\"og:locale\" content=\"vi_VN\" \/>\n<meta property=\"og:type\" content=\"article\" \/>\n<meta property=\"og:title\" content=\"Wild Turkey Aged 12 Years - Alchemy Asia\" \/>\n<meta property=\"og:description\" content=\"N\u1eb1m s\u00e2u b\u00ean trong Kentucky v\u00e0 b\u1eaft ngu\u1ed3n l\u00e0 di s\u1ea3n c\u1ee7a m\u1ed9t nh\u00e0 m\u00e1y ch\u01b0ng c\u1ea5t \u0111\u01b0\u1ee3c th\u00e0nh l\u1eadp v\u00e0o n\u0103m 1869, Wild Turkey 12 n\u0103m tu\u1ed5i l\u00e0 h\u00ecnh \u1ea3nh thu nh\u1ecf c\u1ee7a s\u1ef1 c\u1ed1ng hi\u1ebfn l\u00e2u d\u00e0i t\u1eeb gia \u0111\u00ecnh Russell trong vi\u1ec7c ch\u1ebf t\u1ea1o ra lo\u1ea1i r\u01b0\u1ee3u trong th\u00f9ng g\u1ed7 s\u1ed3i n\u1ed5i b\u1eadt nh\u1ea5t, \u0111\u01b0\u1ee3c coi l\u00e0 m\u1ed9t kho b\u00e1u \u0111\u00e1ng \u0111\u01b0\u1ee3c chi\u00eam ng\u01b0\u1ee1ng. V\u1edbi \u0111\u1ed9 c\u1ed3n cao 50,5%, r\u01b0\u1ee3u n\u00e0y h\u1ee9a h\u1eb9n cho m\u1ed9t h\u00e0nh tr\u00ecnh v\u1ecb gi\u00e1c \u0111\u1ed9c \u0111\u00e1o. M\u1ed9t s\u1ef1 pha tr\u1ed9n c\u00e2n b\u1eb1ng gi\u1eefa ch\u1ea5t tannin, tr\u00e1i c\u00e2y, cola anh \u0111\u00e0o v\u00e0 h\u01b0\u01a1ng c\u00e2y \u0103n qu\u1ea3, v\u1edbi ch\u00fat v\u1ecb c\u1ee7a v\u1ecf cam v\u00e0 v\u1ecb cay. Khi n\u1ebfm th\u1eed, c\u00e1c h\u01b0\u01a1ng v\u1ecb h\u1ed9i t\u1ee5 l\u1ea1i: \u0111\u00e0o ch\u00edn, qu\u1ea3 m\u01a1, qu\u1ea3 m\u00e2m x\u00f4i v\u00e0 d\u00e2u t\u1ea7m, \u0111an xen v\u1edbi caramel, s\u00f4 c\u00f4 la v\u00e0 h\u1ed7n h\u1ee3p gia v\u1ecb th\u1ea3o m\u1ed9c. K\u1ebft th\u00fac t\u1ea7ng v\u1ecb mang l\u1ea1i h\u01b0\u01a1ng v\u1ecb tr\u00e1i c\u00e2y kh\u00f4 v\u00e0 h\u01b0\u01a1ng g\u1ed7 s\u1ed3i nh\u1eb9 nh\u00e0ng. H\u00e0nh tr\u00ecnh v\u1ecb gi\u00e1c ph\u1ea3n \u00e1nh khung c\u1ea3nh hoang s\u01a1 c\u1ee7a Kentucky, n\u01a1i \u0111\u1eadm n\u00e9t truy\u1ec1n th\u1ed1ng, chuy\u00ean m\u00f4n cao v\u00e0 th\u1eddi gian c\u00f9ng h\u1ee3p nh\u1ea5t \u0111\u1ec3 t\u1ea1o ra lo\u1ea1i r\u01b0\u1ee3u whisky mang t\u00ednh bi\u1ec3u t\u01b0\u1ee3ng \u0111\u1ee9ng v\u1eefng tr\u01b0\u1edbc th\u1eed th\u00e1ch c\u1ee7a th\u1eddi gian.\" \/>\n<meta property=\"og:url\" content=\"https:\/\/alchemy-asia.com\/vi\/san-pham\/wild-turkey-aged-12-years\/\" \/>\n<meta property=\"og:site_name\" content=\"Alchemy Asia\" \/>\n<meta property=\"og:image\" content=\"https:\/\/alchemy-asia.com\/vi\/wp-content\/uploads\/sites\/3\/2024\/07\/Wild-Turkey-whisky-12.png\" \/>\n\t<meta property=\"og:image:width\" content=\"2100\" \/>\n\t<meta property=\"og:image:height\" content=\"2100\" \/>\n\t<meta property=\"og:image:type\" content=\"image\/png\" \/>\n<meta name=\"twitter:card\" content=\"summary_large_image\" \/>\n<meta name=\"twitter:label1\" content=\"\u01af\u1edbc t\u00ednh th\u1eddi gian \u0111\u1ecdc\" \/>\n\t<meta name=\"twitter:data1\" content=\"1 ph\u00fat\" \/>\n<script type=\"application\/ld+json\" class=\"yoast-schema-graph\">{\"@context\":\"https:\/\/schema.org\",\"@graph\":[{\"@type\":\"WebPage\",\"@id\":\"https:\/\/alchemy-asia.com\/vi\/san-pham\/wild-turkey-aged-12-years\/\",\"url\":\"https:\/\/alchemy-asia.com\/vi\/san-pham\/wild-turkey-aged-12-years\/\",\"name\":\"Wild Turkey Aged 12 Years - Alchemy Asia\",\"isPartOf\":{\"@id\":\"https:\/\/alchemy-asia.com\/vi\/#website\"},\"primaryImageOfPage\":{\"@id\":\"https:\/\/alchemy-asia.com\/vi\/san-pham\/wild-turkey-aged-12-years\/#primaryimage\"},\"image\":{\"@id\":\"https:\/\/alchemy-asia.com\/vi\/san-pham\/wild-turkey-aged-12-years\/#primaryimage\"},\"thumbnailUrl\":\"https:\/\/alchemy-asia.com\/vi\/wp-content\/uploads\/sites\/3\/2024\/07\/Wild-Turkey-whisky-12.png\",\"datePublished\":\"2024-09-10T08:41:38+00:00\",\"dateModified\":\"2024-09-10T08:41:38+00:00\",\"breadcrumb\":{\"@id\":\"https:\/\/alchemy-asia.com\/vi\/san-pham\/wild-turkey-aged-12-years\/#breadcrumb\"},\"inLanguage\":\"vi\",\"potentialAction\":[{\"@type\":\"ReadAction\",\"target\":[\"https:\/\/alchemy-asia.com\/vi\/san-pham\/wild-turkey-aged-12-years\/\"]}]},{\"@type\":\"ImageObject\",\"inLanguage\":\"vi\",\"@id\":\"https:\/\/alchemy-asia.com\/vi\/san-pham\/wild-turkey-aged-12-years\/#primaryimage\",\"url\":\"https:\/\/alchemy-asia.com\/vi\/wp-content\/uploads\/sites\/3\/2024\/07\/Wild-Turkey-whisky-12.png\",\"contentUrl\":\"https:\/\/alchemy-asia.com\/vi\/wp-content\/uploads\/sites\/3\/2024\/07\/Wild-Turkey-whisky-12.png\",\"width\":2100,\"height\":2100,\"caption\":\"Wild Turkey whisky 12\"},{\"@type\":\"BreadcrumbList\",\"@id\":\"https:\/\/alchemy-asia.com\/vi\/san-pham\/wild-turkey-aged-12-years\/#breadcrumb\",\"itemListElement\":[{\"@type\":\"ListItem\",\"position\":1,\"name\":\"Home\",\"item\":\"https:\/\/alchemy-asia.com\/vi\/\"},{\"@type\":\"ListItem\",\"position\":2,\"name\":\"Wild Turkey Aged 12 Years\"}]},{\"@type\":\"WebSite\",\"@id\":\"https:\/\/alchemy-asia.com\/vi\/#website\",\"url\":\"https:\/\/alchemy-asia.com\/vi\/\",\"name\":\"Alchemy Asia\",\"description\":\"Just another Alchemy Asia Sites site\",\"potentialAction\":[{\"@type\":\"SearchAction\",\"target\":{\"@type\":\"EntryPoint\",\"urlTemplate\":\"https:\/\/alchemy-asia.com\/vi\/?s={search_term_string}\"},\"query-input\":\"required name=search_term_string\"}],\"inLanguage\":\"vi\"}]}<\/script>\n<!-- \/ Yoast SEO plugin. -->","yoast_head_json":{"title":"Wild Turkey Aged 12 Years - Alchemy Asia","robots":{"index":"index","follow":"follow","max-snippet":"max-snippet:-1","max-image-preview":"max-image-preview:large","max-video-preview":"max-video-preview:-1"},"canonical":"https:\/\/alchemy-asia.com\/vi\/san-pham\/wild-turkey-aged-12-years\/","og_locale":"vi_VN","og_type":"article","og_title":"Wild Turkey Aged 12 Years - Alchemy Asia","og_description":"N\u1eb1m s\u00e2u b\u00ean trong Kentucky v\u00e0 b\u1eaft ngu\u1ed3n l\u00e0 di s\u1ea3n c\u1ee7a m\u1ed9t nh\u00e0 m\u00e1y ch\u01b0ng c\u1ea5t \u0111\u01b0\u1ee3c th\u00e0nh l\u1eadp v\u00e0o n\u0103m 1869, Wild Turkey 12 n\u0103m tu\u1ed5i l\u00e0 h\u00ecnh \u1ea3nh thu nh\u1ecf c\u1ee7a s\u1ef1 c\u1ed1ng hi\u1ebfn l\u00e2u d\u00e0i t\u1eeb gia \u0111\u00ecnh Russell trong vi\u1ec7c ch\u1ebf t\u1ea1o ra lo\u1ea1i r\u01b0\u1ee3u trong th\u00f9ng g\u1ed7 s\u1ed3i n\u1ed5i b\u1eadt nh\u1ea5t, \u0111\u01b0\u1ee3c coi l\u00e0 m\u1ed9t kho b\u00e1u \u0111\u00e1ng \u0111\u01b0\u1ee3c chi\u00eam ng\u01b0\u1ee1ng. V\u1edbi \u0111\u1ed9 c\u1ed3n cao 50,5%, r\u01b0\u1ee3u n\u00e0y h\u1ee9a h\u1eb9n cho m\u1ed9t h\u00e0nh tr\u00ecnh v\u1ecb gi\u00e1c \u0111\u1ed9c \u0111\u00e1o. M\u1ed9t s\u1ef1 pha tr\u1ed9n c\u00e2n b\u1eb1ng gi\u1eefa ch\u1ea5t tannin, tr\u00e1i c\u00e2y, cola anh \u0111\u00e0o v\u00e0 h\u01b0\u01a1ng c\u00e2y \u0103n qu\u1ea3, v\u1edbi ch\u00fat v\u1ecb c\u1ee7a v\u1ecf cam v\u00e0 v\u1ecb cay. Khi n\u1ebfm th\u1eed, c\u00e1c h\u01b0\u01a1ng v\u1ecb h\u1ed9i t\u1ee5 l\u1ea1i: \u0111\u00e0o ch\u00edn, qu\u1ea3 m\u01a1, qu\u1ea3 m\u00e2m x\u00f4i v\u00e0 d\u00e2u t\u1ea7m, \u0111an xen v\u1edbi caramel, s\u00f4 c\u00f4 la v\u00e0 h\u1ed7n h\u1ee3p gia v\u1ecb th\u1ea3o m\u1ed9c. K\u1ebft th\u00fac t\u1ea7ng v\u1ecb mang l\u1ea1i h\u01b0\u01a1ng v\u1ecb tr\u00e1i c\u00e2y kh\u00f4 v\u00e0 h\u01b0\u01a1ng g\u1ed7 s\u1ed3i nh\u1eb9 nh\u00e0ng. H\u00e0nh tr\u00ecnh v\u1ecb gi\u00e1c ph\u1ea3n \u00e1nh khung c\u1ea3nh hoang s\u01a1 c\u1ee7a Kentucky, n\u01a1i \u0111\u1eadm n\u00e9t truy\u1ec1n th\u1ed1ng, chuy\u00ean m\u00f4n cao v\u00e0 th\u1eddi gian c\u00f9ng h\u1ee3p nh\u1ea5t \u0111\u1ec3 t\u1ea1o ra lo\u1ea1i r\u01b0\u1ee3u whisky mang t\u00ednh bi\u1ec3u t\u01b0\u1ee3ng \u0111\u1ee9ng v\u1eefng tr\u01b0\u1edbc th\u1eed th\u00e1ch c\u1ee7a th\u1eddi gian.","og_url":"https:\/\/alchemy-asia.com\/vi\/san-pham\/wild-turkey-aged-12-years\/","og_site_name":"Alchemy Asia","og_image":[{"width":2100,"height":2100,"url":"https:\/\/alchemy-asia.com\/vi\/wp-content\/uploads\/sites\/3\/2024\/07\/Wild-Turkey-whisky-12.png","type":"image\/png"}],"twitter_card":"summary_large_image","twitter_misc":{"\u01af\u1edbc t\u00ednh th\u1eddi gian \u0111\u1ecdc":"1 ph\u00fat"},"schema":{"@context":"https:\/\/schema.org","@graph":[{"@type":"WebPage","@id":"https:\/\/alchemy-asia.com\/vi\/san-pham\/wild-turkey-aged-12-years\/","url":"https:\/\/alchemy-asia.com\/vi\/san-pham\/wild-turkey-aged-12-years\/","name":"Wild Turkey Aged 12 Years - Alchemy Asia","isPartOf":{"@id":"https:\/\/alchemy-asia.com\/vi\/#website"},"primaryImageOfPage":{"@id":"https:\/\/alchemy-asia.com\/vi\/san-pham\/wild-turkey-aged-12-years\/#primaryimage"},"image":{"@id":"https:\/\/alchemy-asia.com\/vi\/san-pham\/wild-turkey-aged-12-years\/#primaryimage"},"thumbnailUrl":"https:\/\/alchemy-asia.com\/vi\/wp-content\/uploads\/sites\/3\/2024\/07\/Wild-Turkey-whisky-12.png","datePublished":"2024-09-10T08:41:38+00:00","dateModified":"2024-09-10T08:41:38+00:00","breadcrumb":{"@id":"https:\/\/alchemy-asia.com\/vi\/san-pham\/wild-turkey-aged-12-years\/#breadcrumb"},"inLanguage":"vi","potentialAction":[{"@type":"ReadAction","target":["https:\/\/alchemy-asia.com\/vi\/san-pham\/wild-turkey-aged-12-years\/"]}]},{"@type":"ImageObject","inLanguage":"vi","@id":"https:\/\/alchemy-asia.com\/vi\/san-pham\/wild-turkey-aged-12-years\/#primaryimage","url":"https:\/\/alchemy-asia.com\/vi\/wp-content\/uploads\/sites\/3\/2024\/07\/Wild-Turkey-whisky-12.png","contentUrl":"https:\/\/alchemy-asia.com\/vi\/wp-content\/uploads\/sites\/3\/2024\/07\/Wild-Turkey-whisky-12.png","width":2100,"height":2100,"caption":"Wild Turkey whisky 12"},{"@type":"BreadcrumbList","@id":"https:\/\/alchemy-asia.com\/vi\/san-pham\/wild-turkey-aged-12-years\/#breadcrumb","itemListElement":[{"@type":"ListItem","position":1,"name":"Home","item":"https:\/\/alchemy-asia.com\/vi\/"},{"@type":"ListItem","position":2,"name":"Wild Turkey Aged 12 Years"}]},{"@type":"WebSite","@id":"https:\/\/alchemy-asia.com\/vi\/#website","url":"https:\/\/alchemy-asia.com\/vi\/","name":"Alchemy Asia","description":"Just another Alchemy Asia Sites site","potentialAction":[{"@type":"SearchAction","target":{"@type":"EntryPoint","urlTemplate":"https:\/\/alchemy-asia.com\/vi\/?s={search_term_string}"},"query-input":"required name=search_term_string"}],"inLanguage":"vi"}]}},"_links":{"self":[{"href":"https:\/\/alchemy-asia.com\/vi\/wp-json\/wp\/v2\/product\/8730","targetHints":{"allow":["GET"]}}],"collection":[{"href":"https:\/\/alchemy-asia.com\/vi\/wp-json\/wp\/v2\/product"}],"about":[{"href":"https:\/\/alchemy-asia.com\/vi\/wp-json\/wp\/v2\/types\/product"}],"replies":[{"embeddable":true,"href":"https:\/\/alchemy-asia.com\/vi\/wp-json\/wp\/v2\/comments?post=8730"}],"wp:featuredmedia":[{"embeddable":true,"href":"https:\/\/alchemy-asia.com\/vi\/wp-json\/wp\/v2\/media\/8732"}],"wp:attachment":[{"href":"https:\/\/alchemy-asia.com\/vi\/wp-json\/wp\/v2\/media?parent=8730"}],"wp:term":[{"taxonomy":"product_cat","embeddable":true,"href":"https:\/\/alchemy-asia.com\/vi\/wp-json\/wp\/v2\/product_cat?post=8730"},{"taxonomy":"product_tag","embeddable":true,"href":"https:\/\/alchemy-asia.com\/vi\/wp-json\/wp\/v2\/product_tag?post=8730"}],"curies":[{"name":"wp","href":"https:\/\/api.w.org\/{rel}","templated":true}]}}