{"id":8731,"date":"2024-09-10T08:41:36","date_gmt":"2024-09-10T08:41:36","guid":{"rendered":"https:\/\/alchemy-asia.com\/vi\/?post_type=product&#038;p=8731"},"modified":"2024-09-10T08:41:36","modified_gmt":"2024-09-10T08:41:36","slug":"the-kraken-black-spiced-rum","status":"publish","type":"product","link":"https:\/\/alchemy-asia.com\/vi\/san-pham\/the-kraken-black-spiced-rum\/","title":{"rendered":"The Kraken Black Spiced Rum"},"content":{"rendered":"","protected":false},"excerpt":{"rendered":"<p>1 lo\u1ea1i black spiced rum v\u1edbi 14 lo\u1ea1i gia v\u1ecb b\u00ed m\u1eadt \u0111\u01b0\u1ee3c tr\u1ed9n v\u1edbi nhau &#8211; h\u1ee9a h\u1eb9n s\u1ebd t\u1ea1o n\u00ean m\u1ed9t s\u1ef1 khu\u1ea5y \u0111\u1ed9ng trong d\u00f2ng rum. Mang t\u00ean lo\u00e0i thu\u1ef7 qu\u00e1i n\u1ed5i ti\u1ebfng m\u1ea1nh m\u1ebd trong truy\u1ec1n thuy\u1ebft v\u00ec mang s\u1ef1 t\u01b0\u01a1ng \u0111\u1ed3ng v\u1ec1 s\u1ef1 \u0111\u1eadm \u0111\u00e0, m\u00e0u \u0111\u00eam s\u1eabm c\u00f9ng s\u1ef1 \u00eam \u00e1i.<\/p>\n","protected":false},"featured_media":8734,"comment_status":"open","ping_status":"closed","template":"","meta":{"_acf_changed":false},"product_cat":[56],"product_tag":[],"class_list":{"0":"post-8731","1":"product","2":"type-product","3":"status-publish","4":"has-post-thumbnail","6":"product_cat-rum","7":"brand-kraken","9":"first","10":"instock","11":"shipping-taxable","12":"product-type-simple"},"acf":[],"yoast_head":"<!-- This site is optimized with the Yoast SEO plugin v23.0 - https:\/\/yoast.com\/wordpress\/plugins\/seo\/ -->\n<title>The Kraken Black Spiced Rum - Alchemy Asia<\/title>\n<meta name=\"robots\" content=\"index, follow, max-snippet:-1, max-image-preview:large, max-video-preview:-1\" \/>\n<link rel=\"canonical\" href=\"https:\/\/alchemy-asia.com\/vi\/san-pham\/the-kraken-black-spiced-rum\/\" \/>\n<meta property=\"og:locale\" content=\"vi_VN\" \/>\n<meta property=\"og:type\" content=\"article\" \/>\n<meta property=\"og:title\" content=\"The Kraken Black Spiced Rum - Alchemy Asia\" \/>\n<meta property=\"og:description\" content=\"1 lo\u1ea1i black spiced rum v\u1edbi 14 lo\u1ea1i gia v\u1ecb b\u00ed m\u1eadt \u0111\u01b0\u1ee3c tr\u1ed9n v\u1edbi nhau - h\u1ee9a h\u1eb9n s\u1ebd t\u1ea1o n\u00ean m\u1ed9t s\u1ef1 khu\u1ea5y \u0111\u1ed9ng trong d\u00f2ng rum. Mang t\u00ean lo\u00e0i thu\u1ef7 qu\u00e1i n\u1ed5i ti\u1ebfng m\u1ea1nh m\u1ebd trong truy\u1ec1n thuy\u1ebft v\u00ec mang s\u1ef1 t\u01b0\u01a1ng \u0111\u1ed3ng v\u1ec1 s\u1ef1 \u0111\u1eadm \u0111\u00e0, m\u00e0u \u0111\u00eam s\u1eabm c\u00f9ng s\u1ef1 \u00eam \u00e1i.\" \/>\n<meta property=\"og:url\" content=\"https:\/\/alchemy-asia.com\/vi\/san-pham\/the-kraken-black-spiced-rum\/\" \/>\n<meta property=\"og:site_name\" content=\"Alchemy Asia\" \/>\n<meta property=\"og:image\" content=\"https:\/\/alchemy-asia.com\/vi\/wp-content\/uploads\/sites\/3\/2024\/07\/Untitled-1-14-1024x1024.png\" \/>\n\t<meta property=\"og:image:width\" content=\"1024\" \/>\n\t<meta property=\"og:image:height\" content=\"1024\" \/>\n\t<meta property=\"og:image:type\" content=\"image\/png\" \/>\n<meta name=\"twitter:card\" content=\"summary_large_image\" \/>\n<meta name=\"twitter:label1\" content=\"\u01af\u1edbc t\u00ednh th\u1eddi gian \u0111\u1ecdc\" \/>\n\t<meta name=\"twitter:data1\" content=\"1 ph\u00fat\" \/>\n<script type=\"application\/ld+json\" class=\"yoast-schema-graph\">{\"@context\":\"https:\/\/schema.org\",\"@graph\":[{\"@type\":\"WebPage\",\"@id\":\"https:\/\/alchemy-asia.com\/vi\/san-pham\/the-kraken-black-spiced-rum\/\",\"url\":\"https:\/\/alchemy-asia.com\/vi\/san-pham\/the-kraken-black-spiced-rum\/\",\"name\":\"The Kraken Black Spiced Rum - Alchemy Asia\",\"isPartOf\":{\"@id\":\"https:\/\/alchemy-asia.com\/vi\/#website\"},\"primaryImageOfPage\":{\"@id\":\"https:\/\/alchemy-asia.com\/vi\/san-pham\/the-kraken-black-spiced-rum\/#primaryimage\"},\"image\":{\"@id\":\"https:\/\/alchemy-asia.com\/vi\/san-pham\/the-kraken-black-spiced-rum\/#primaryimage\"},\"thumbnailUrl\":\"https:\/\/alchemy-asia.com\/vi\/wp-content\/uploads\/sites\/3\/2024\/07\/Untitled-1-14.png\",\"datePublished\":\"2024-09-10T08:41:36+00:00\",\"dateModified\":\"2024-09-10T08:41:36+00:00\",\"breadcrumb\":{\"@id\":\"https:\/\/alchemy-asia.com\/vi\/san-pham\/the-kraken-black-spiced-rum\/#breadcrumb\"},\"inLanguage\":\"vi\",\"potentialAction\":[{\"@type\":\"ReadAction\",\"target\":[\"https:\/\/alchemy-asia.com\/vi\/san-pham\/the-kraken-black-spiced-rum\/\"]}]},{\"@type\":\"ImageObject\",\"inLanguage\":\"vi\",\"@id\":\"https:\/\/alchemy-asia.com\/vi\/san-pham\/the-kraken-black-spiced-rum\/#primaryimage\",\"url\":\"https:\/\/alchemy-asia.com\/vi\/wp-content\/uploads\/sites\/3\/2024\/07\/Untitled-1-14.png\",\"contentUrl\":\"https:\/\/alchemy-asia.com\/vi\/wp-content\/uploads\/sites\/3\/2024\/07\/Untitled-1-14.png\",\"width\":2480,\"height\":2480,\"caption\":\"The Kraken Black Spiced Rum\"},{\"@type\":\"BreadcrumbList\",\"@id\":\"https:\/\/alchemy-asia.com\/vi\/san-pham\/the-kraken-black-spiced-rum\/#breadcrumb\",\"itemListElement\":[{\"@type\":\"ListItem\",\"position\":1,\"name\":\"Home\",\"item\":\"https:\/\/alchemy-asia.com\/vi\/\"},{\"@type\":\"ListItem\",\"position\":2,\"name\":\"The Kraken Black Spiced Rum\"}]},{\"@type\":\"WebSite\",\"@id\":\"https:\/\/alchemy-asia.com\/vi\/#website\",\"url\":\"https:\/\/alchemy-asia.com\/vi\/\",\"name\":\"Alchemy Asia\",\"description\":\"Just another Alchemy Asia Sites site\",\"potentialAction\":[{\"@type\":\"SearchAction\",\"target\":{\"@type\":\"EntryPoint\",\"urlTemplate\":\"https:\/\/alchemy-asia.com\/vi\/?s={search_term_string}\"},\"query-input\":\"required name=search_term_string\"}],\"inLanguage\":\"vi\"}]}<\/script>\n<!-- \/ Yoast SEO plugin. -->","yoast_head_json":{"title":"The Kraken Black Spiced Rum - Alchemy Asia","robots":{"index":"index","follow":"follow","max-snippet":"max-snippet:-1","max-image-preview":"max-image-preview:large","max-video-preview":"max-video-preview:-1"},"canonical":"https:\/\/alchemy-asia.com\/vi\/san-pham\/the-kraken-black-spiced-rum\/","og_locale":"vi_VN","og_type":"article","og_title":"The Kraken Black Spiced Rum - Alchemy Asia","og_description":"1 lo\u1ea1i black spiced rum v\u1edbi 14 lo\u1ea1i gia v\u1ecb b\u00ed m\u1eadt \u0111\u01b0\u1ee3c tr\u1ed9n v\u1edbi nhau - h\u1ee9a h\u1eb9n s\u1ebd t\u1ea1o n\u00ean m\u1ed9t s\u1ef1 khu\u1ea5y \u0111\u1ed9ng trong d\u00f2ng rum. Mang t\u00ean lo\u00e0i thu\u1ef7 qu\u00e1i n\u1ed5i ti\u1ebfng m\u1ea1nh m\u1ebd trong truy\u1ec1n thuy\u1ebft v\u00ec mang s\u1ef1 t\u01b0\u01a1ng \u0111\u1ed3ng v\u1ec1 s\u1ef1 \u0111\u1eadm \u0111\u00e0, m\u00e0u \u0111\u00eam s\u1eabm c\u00f9ng s\u1ef1 \u00eam \u00e1i.","og_url":"https:\/\/alchemy-asia.com\/vi\/san-pham\/the-kraken-black-spiced-rum\/","og_site_name":"Alchemy Asia","og_image":[{"width":1024,"height":1024,"url":"https:\/\/alchemy-asia.com\/vi\/wp-content\/uploads\/sites\/3\/2024\/07\/Untitled-1-14-1024x1024.png","type":"image\/png"}],"twitter_card":"summary_large_image","twitter_misc":{"\u01af\u1edbc t\u00ednh th\u1eddi gian \u0111\u1ecdc":"1 ph\u00fat"},"schema":{"@context":"https:\/\/schema.org","@graph":[{"@type":"WebPage","@id":"https:\/\/alchemy-asia.com\/vi\/san-pham\/the-kraken-black-spiced-rum\/","url":"https:\/\/alchemy-asia.com\/vi\/san-pham\/the-kraken-black-spiced-rum\/","name":"The Kraken Black Spiced Rum - Alchemy Asia","isPartOf":{"@id":"https:\/\/alchemy-asia.com\/vi\/#website"},"primaryImageOfPage":{"@id":"https:\/\/alchemy-asia.com\/vi\/san-pham\/the-kraken-black-spiced-rum\/#primaryimage"},"image":{"@id":"https:\/\/alchemy-asia.com\/vi\/san-pham\/the-kraken-black-spiced-rum\/#primaryimage"},"thumbnailUrl":"https:\/\/alchemy-asia.com\/vi\/wp-content\/uploads\/sites\/3\/2024\/07\/Untitled-1-14.png","datePublished":"2024-09-10T08:41:36+00:00","dateModified":"2024-09-10T08:41:36+00:00","breadcrumb":{"@id":"https:\/\/alchemy-asia.com\/vi\/san-pham\/the-kraken-black-spiced-rum\/#breadcrumb"},"inLanguage":"vi","potentialAction":[{"@type":"ReadAction","target":["https:\/\/alchemy-asia.com\/vi\/san-pham\/the-kraken-black-spiced-rum\/"]}]},{"@type":"ImageObject","inLanguage":"vi","@id":"https:\/\/alchemy-asia.com\/vi\/san-pham\/the-kraken-black-spiced-rum\/#primaryimage","url":"https:\/\/alchemy-asia.com\/vi\/wp-content\/uploads\/sites\/3\/2024\/07\/Untitled-1-14.png","contentUrl":"https:\/\/alchemy-asia.com\/vi\/wp-content\/uploads\/sites\/3\/2024\/07\/Untitled-1-14.png","width":2480,"height":2480,"caption":"The Kraken Black Spiced Rum"},{"@type":"BreadcrumbList","@id":"https:\/\/alchemy-asia.com\/vi\/san-pham\/the-kraken-black-spiced-rum\/#breadcrumb","itemListElement":[{"@type":"ListItem","position":1,"name":"Home","item":"https:\/\/alchemy-asia.com\/vi\/"},{"@type":"ListItem","position":2,"name":"The Kraken Black Spiced Rum"}]},{"@type":"WebSite","@id":"https:\/\/alchemy-asia.com\/vi\/#website","url":"https:\/\/alchemy-asia.com\/vi\/","name":"Alchemy Asia","description":"Just another Alchemy Asia Sites site","potentialAction":[{"@type":"SearchAction","target":{"@type":"EntryPoint","urlTemplate":"https:\/\/alchemy-asia.com\/vi\/?s={search_term_string}"},"query-input":"required name=search_term_string"}],"inLanguage":"vi"}]}},"_links":{"self":[{"href":"https:\/\/alchemy-asia.com\/vi\/wp-json\/wp\/v2\/product\/8731","targetHints":{"allow":["GET"]}}],"collection":[{"href":"https:\/\/alchemy-asia.com\/vi\/wp-json\/wp\/v2\/product"}],"about":[{"href":"https:\/\/alchemy-asia.com\/vi\/wp-json\/wp\/v2\/types\/product"}],"replies":[{"embeddable":true,"href":"https:\/\/alchemy-asia.com\/vi\/wp-json\/wp\/v2\/comments?post=8731"}],"wp:featuredmedia":[{"embeddable":true,"href":"https:\/\/alchemy-asia.com\/vi\/wp-json\/wp\/v2\/media\/8734"}],"wp:attachment":[{"href":"https:\/\/alchemy-asia.com\/vi\/wp-json\/wp\/v2\/media?parent=8731"}],"wp:term":[{"taxonomy":"product_cat","embeddable":true,"href":"https:\/\/alchemy-asia.com\/vi\/wp-json\/wp\/v2\/product_cat?post=8731"},{"taxonomy":"product_tag","embeddable":true,"href":"https:\/\/alchemy-asia.com\/vi\/wp-json\/wp\/v2\/product_tag?post=8731"}],"curies":[{"name":"wp","href":"https:\/\/api.w.org\/{rel}","templated":true}]}}