{"id":8747,"date":"2024-09-10T08:41:24","date_gmt":"2024-09-10T08:41:24","guid":{"rendered":"https:\/\/alchemy-asia.com\/vi\/?post_type=product&#038;p=8747"},"modified":"2024-09-13T04:27:46","modified_gmt":"2024-09-13T04:27:46","slug":"the-sexton-single-malt-irish-whiskey","status":"publish","type":"product","link":"https:\/\/alchemy-asia.com\/vi\/san-pham\/the-sexton-single-malt-irish-whiskey\/","title":{"rendered":"The Sexton Single Malt Irish Whiskey"},"content":{"rendered":"","protected":false},"excerpt":{"rendered":"<p><span data-sheets-root=\"1\">Kh\u1ea9u v\u1ecb l\u00e0 h\u01b0\u01a1ng th\u01a1m c\u1ee7a c\u00e1c lo\u1ea1i h\u1ea1t v\u00e0 s\u00f4 c\u00f4 la \u0111en v\u00e0 sau \u0111\u00f3 l\u00e0 v\u1ecb ng\u1ecdt ng\u00e0o c\u1ee7a b\u00e1nh h\u1ea1nh nh\u00e2n, nhi\u1ec1u lo\u1ea1i gia v\u1ecb v\u00e0 tr\u00e1i c\u00e2y.<br \/>\nH\u1eadu v\u1ecb s\u1ea3ng kho\u00e1i c\u1ea3m th\u1ea5y r\u00f5 r\u1ec7t v\u1ecb m\u1ea1ch nha v\u00e0 d\u1ea7u m\u1eadt ong \u00eam d\u1ecbu, cu\u1ed1i c\u00f9ng l\u00e0 d\u01b0 v\u1ecb g\u1ed7 nh\u1eb9 nh\u00e0ng d\u1ec5 ch\u1ecbu v\u1edbi v\u1ecb ng\u1ecdt nh\u1eb9 d\u1ea7n d\u1ea7n cho \u0111\u1ebfn khi b\u1ea1n mu\u1ed1n n\u1ebfm th\u1eed nhi\u1ec1u h\u01a1n n\u1eefa.<\/span><\/p>\n","protected":false},"featured_media":8913,"comment_status":"open","ping_status":"closed","template":"","meta":{"_acf_changed":false},"product_cat":[68],"product_tag":[],"class_list":{"0":"post-8747","1":"product","2":"type-product","3":"status-publish","4":"has-post-thumbnail","6":"product_cat-irish-whiskey-single-malt","7":"brand-the-sexton","9":"first","10":"instock","11":"shipping-taxable","12":"product-type-simple"},"acf":[],"yoast_head":"<!-- This site is optimized with the Yoast SEO plugin v23.0 - https:\/\/yoast.com\/wordpress\/plugins\/seo\/ -->\n<title>The Sexton Single Malt Irish Whiskey - Alchemy Asia<\/title>\n<meta name=\"robots\" content=\"index, follow, max-snippet:-1, max-image-preview:large, max-video-preview:-1\" \/>\n<link rel=\"canonical\" href=\"https:\/\/alchemy-asia.com\/vi\/san-pham\/the-sexton-single-malt-irish-whiskey\/\" \/>\n<meta property=\"og:locale\" content=\"vi_VN\" \/>\n<meta property=\"og:type\" content=\"article\" \/>\n<meta property=\"og:title\" content=\"The Sexton Single Malt Irish Whiskey - Alchemy Asia\" \/>\n<meta property=\"og:description\" content=\"Kh\u1ea9u v\u1ecb l\u00e0 h\u01b0\u01a1ng th\u01a1m c\u1ee7a c\u00e1c lo\u1ea1i h\u1ea1t v\u00e0 s\u00f4 c\u00f4 la \u0111en v\u00e0 sau \u0111\u00f3 l\u00e0 v\u1ecb ng\u1ecdt ng\u00e0o c\u1ee7a b\u00e1nh h\u1ea1nh nh\u00e2n, nhi\u1ec1u lo\u1ea1i gia v\u1ecb v\u00e0 tr\u00e1i c\u00e2y. H\u1eadu v\u1ecb s\u1ea3ng kho\u00e1i c\u1ea3m th\u1ea5y r\u00f5 r\u1ec7t v\u1ecb m\u1ea1ch nha v\u00e0 d\u1ea7u m\u1eadt ong \u00eam d\u1ecbu, cu\u1ed1i c\u00f9ng l\u00e0 d\u01b0 v\u1ecb g\u1ed7 nh\u1eb9 nh\u00e0ng d\u1ec5 ch\u1ecbu v\u1edbi v\u1ecb ng\u1ecdt nh\u1eb9 d\u1ea7n d\u1ea7n cho \u0111\u1ebfn khi b\u1ea1n mu\u1ed1n n\u1ebfm th\u1eed nhi\u1ec1u h\u01a1n n\u1eefa.\" \/>\n<meta property=\"og:url\" content=\"https:\/\/alchemy-asia.com\/vi\/san-pham\/the-sexton-single-malt-irish-whiskey\/\" \/>\n<meta property=\"og:site_name\" content=\"Alchemy Asia\" \/>\n<meta property=\"article:modified_time\" content=\"2024-09-13T04:27:46+00:00\" \/>\n<meta property=\"og:image\" content=\"https:\/\/alchemy-asia.com\/vi\/wp-content\/uploads\/sites\/3\/2024\/09\/WEBSITE-with-Rulers-3-1024x1024.png\" \/>\n\t<meta property=\"og:image:width\" content=\"1024\" \/>\n\t<meta property=\"og:image:height\" content=\"1024\" \/>\n\t<meta property=\"og:image:type\" content=\"image\/png\" \/>\n<meta name=\"twitter:card\" content=\"summary_large_image\" \/>\n<meta name=\"twitter:label1\" content=\"\u01af\u1edbc t\u00ednh th\u1eddi gian \u0111\u1ecdc\" \/>\n\t<meta name=\"twitter:data1\" content=\"1 ph\u00fat\" \/>\n<script type=\"application\/ld+json\" class=\"yoast-schema-graph\">{\"@context\":\"https:\/\/schema.org\",\"@graph\":[{\"@type\":\"WebPage\",\"@id\":\"https:\/\/alchemy-asia.com\/vi\/san-pham\/the-sexton-single-malt-irish-whiskey\/\",\"url\":\"https:\/\/alchemy-asia.com\/vi\/san-pham\/the-sexton-single-malt-irish-whiskey\/\",\"name\":\"The Sexton Single Malt Irish Whiskey - Alchemy Asia\",\"isPartOf\":{\"@id\":\"https:\/\/alchemy-asia.com\/vi\/#website\"},\"primaryImageOfPage\":{\"@id\":\"https:\/\/alchemy-asia.com\/vi\/san-pham\/the-sexton-single-malt-irish-whiskey\/#primaryimage\"},\"image\":{\"@id\":\"https:\/\/alchemy-asia.com\/vi\/san-pham\/the-sexton-single-malt-irish-whiskey\/#primaryimage\"},\"thumbnailUrl\":\"https:\/\/alchemy-asia.com\/vi\/wp-content\/uploads\/sites\/3\/2024\/09\/WEBSITE-with-Rulers-3.png\",\"datePublished\":\"2024-09-10T08:41:24+00:00\",\"dateModified\":\"2024-09-13T04:27:46+00:00\",\"breadcrumb\":{\"@id\":\"https:\/\/alchemy-asia.com\/vi\/san-pham\/the-sexton-single-malt-irish-whiskey\/#breadcrumb\"},\"inLanguage\":\"vi\",\"potentialAction\":[{\"@type\":\"ReadAction\",\"target\":[\"https:\/\/alchemy-asia.com\/vi\/san-pham\/the-sexton-single-malt-irish-whiskey\/\"]}]},{\"@type\":\"ImageObject\",\"inLanguage\":\"vi\",\"@id\":\"https:\/\/alchemy-asia.com\/vi\/san-pham\/the-sexton-single-malt-irish-whiskey\/#primaryimage\",\"url\":\"https:\/\/alchemy-asia.com\/vi\/wp-content\/uploads\/sites\/3\/2024\/09\/WEBSITE-with-Rulers-3.png\",\"contentUrl\":\"https:\/\/alchemy-asia.com\/vi\/wp-content\/uploads\/sites\/3\/2024\/09\/WEBSITE-with-Rulers-3.png\",\"width\":2480,\"height\":2480,\"caption\":\"The Sexton Single Malt Irish Whiskey\"},{\"@type\":\"BreadcrumbList\",\"@id\":\"https:\/\/alchemy-asia.com\/vi\/san-pham\/the-sexton-single-malt-irish-whiskey\/#breadcrumb\",\"itemListElement\":[{\"@type\":\"ListItem\",\"position\":1,\"name\":\"Home\",\"item\":\"https:\/\/alchemy-asia.com\/vi\/\"},{\"@type\":\"ListItem\",\"position\":2,\"name\":\"The Sexton Single Malt Irish Whiskey\"}]},{\"@type\":\"WebSite\",\"@id\":\"https:\/\/alchemy-asia.com\/vi\/#website\",\"url\":\"https:\/\/alchemy-asia.com\/vi\/\",\"name\":\"Alchemy Asia\",\"description\":\"Just another Alchemy Asia Sites site\",\"potentialAction\":[{\"@type\":\"SearchAction\",\"target\":{\"@type\":\"EntryPoint\",\"urlTemplate\":\"https:\/\/alchemy-asia.com\/vi\/?s={search_term_string}\"},\"query-input\":\"required name=search_term_string\"}],\"inLanguage\":\"vi\"}]}<\/script>\n<!-- \/ Yoast SEO plugin. -->","yoast_head_json":{"title":"The Sexton Single Malt Irish Whiskey - Alchemy Asia","robots":{"index":"index","follow":"follow","max-snippet":"max-snippet:-1","max-image-preview":"max-image-preview:large","max-video-preview":"max-video-preview:-1"},"canonical":"https:\/\/alchemy-asia.com\/vi\/san-pham\/the-sexton-single-malt-irish-whiskey\/","og_locale":"vi_VN","og_type":"article","og_title":"The Sexton Single Malt Irish Whiskey - Alchemy Asia","og_description":"Kh\u1ea9u v\u1ecb l\u00e0 h\u01b0\u01a1ng th\u01a1m c\u1ee7a c\u00e1c lo\u1ea1i h\u1ea1t v\u00e0 s\u00f4 c\u00f4 la \u0111en v\u00e0 sau \u0111\u00f3 l\u00e0 v\u1ecb ng\u1ecdt ng\u00e0o c\u1ee7a b\u00e1nh h\u1ea1nh nh\u00e2n, nhi\u1ec1u lo\u1ea1i gia v\u1ecb v\u00e0 tr\u00e1i c\u00e2y. H\u1eadu v\u1ecb s\u1ea3ng kho\u00e1i c\u1ea3m th\u1ea5y r\u00f5 r\u1ec7t v\u1ecb m\u1ea1ch nha v\u00e0 d\u1ea7u m\u1eadt ong \u00eam d\u1ecbu, cu\u1ed1i c\u00f9ng l\u00e0 d\u01b0 v\u1ecb g\u1ed7 nh\u1eb9 nh\u00e0ng d\u1ec5 ch\u1ecbu v\u1edbi v\u1ecb ng\u1ecdt nh\u1eb9 d\u1ea7n d\u1ea7n cho \u0111\u1ebfn khi b\u1ea1n mu\u1ed1n n\u1ebfm th\u1eed nhi\u1ec1u h\u01a1n n\u1eefa.","og_url":"https:\/\/alchemy-asia.com\/vi\/san-pham\/the-sexton-single-malt-irish-whiskey\/","og_site_name":"Alchemy Asia","article_modified_time":"2024-09-13T04:27:46+00:00","og_image":[{"width":1024,"height":1024,"url":"https:\/\/alchemy-asia.com\/vi\/wp-content\/uploads\/sites\/3\/2024\/09\/WEBSITE-with-Rulers-3-1024x1024.png","type":"image\/png"}],"twitter_card":"summary_large_image","twitter_misc":{"\u01af\u1edbc t\u00ednh th\u1eddi gian \u0111\u1ecdc":"1 ph\u00fat"},"schema":{"@context":"https:\/\/schema.org","@graph":[{"@type":"WebPage","@id":"https:\/\/alchemy-asia.com\/vi\/san-pham\/the-sexton-single-malt-irish-whiskey\/","url":"https:\/\/alchemy-asia.com\/vi\/san-pham\/the-sexton-single-malt-irish-whiskey\/","name":"The Sexton Single Malt Irish Whiskey - Alchemy Asia","isPartOf":{"@id":"https:\/\/alchemy-asia.com\/vi\/#website"},"primaryImageOfPage":{"@id":"https:\/\/alchemy-asia.com\/vi\/san-pham\/the-sexton-single-malt-irish-whiskey\/#primaryimage"},"image":{"@id":"https:\/\/alchemy-asia.com\/vi\/san-pham\/the-sexton-single-malt-irish-whiskey\/#primaryimage"},"thumbnailUrl":"https:\/\/alchemy-asia.com\/vi\/wp-content\/uploads\/sites\/3\/2024\/09\/WEBSITE-with-Rulers-3.png","datePublished":"2024-09-10T08:41:24+00:00","dateModified":"2024-09-13T04:27:46+00:00","breadcrumb":{"@id":"https:\/\/alchemy-asia.com\/vi\/san-pham\/the-sexton-single-malt-irish-whiskey\/#breadcrumb"},"inLanguage":"vi","potentialAction":[{"@type":"ReadAction","target":["https:\/\/alchemy-asia.com\/vi\/san-pham\/the-sexton-single-malt-irish-whiskey\/"]}]},{"@type":"ImageObject","inLanguage":"vi","@id":"https:\/\/alchemy-asia.com\/vi\/san-pham\/the-sexton-single-malt-irish-whiskey\/#primaryimage","url":"https:\/\/alchemy-asia.com\/vi\/wp-content\/uploads\/sites\/3\/2024\/09\/WEBSITE-with-Rulers-3.png","contentUrl":"https:\/\/alchemy-asia.com\/vi\/wp-content\/uploads\/sites\/3\/2024\/09\/WEBSITE-with-Rulers-3.png","width":2480,"height":2480,"caption":"The Sexton Single Malt Irish Whiskey"},{"@type":"BreadcrumbList","@id":"https:\/\/alchemy-asia.com\/vi\/san-pham\/the-sexton-single-malt-irish-whiskey\/#breadcrumb","itemListElement":[{"@type":"ListItem","position":1,"name":"Home","item":"https:\/\/alchemy-asia.com\/vi\/"},{"@type":"ListItem","position":2,"name":"The Sexton Single Malt Irish Whiskey"}]},{"@type":"WebSite","@id":"https:\/\/alchemy-asia.com\/vi\/#website","url":"https:\/\/alchemy-asia.com\/vi\/","name":"Alchemy Asia","description":"Just another Alchemy Asia Sites site","potentialAction":[{"@type":"SearchAction","target":{"@type":"EntryPoint","urlTemplate":"https:\/\/alchemy-asia.com\/vi\/?s={search_term_string}"},"query-input":"required name=search_term_string"}],"inLanguage":"vi"}]}},"_links":{"self":[{"href":"https:\/\/alchemy-asia.com\/vi\/wp-json\/wp\/v2\/product\/8747","targetHints":{"allow":["GET"]}}],"collection":[{"href":"https:\/\/alchemy-asia.com\/vi\/wp-json\/wp\/v2\/product"}],"about":[{"href":"https:\/\/alchemy-asia.com\/vi\/wp-json\/wp\/v2\/types\/product"}],"replies":[{"embeddable":true,"href":"https:\/\/alchemy-asia.com\/vi\/wp-json\/wp\/v2\/comments?post=8747"}],"wp:featuredmedia":[{"embeddable":true,"href":"https:\/\/alchemy-asia.com\/vi\/wp-json\/wp\/v2\/media\/8913"}],"wp:attachment":[{"href":"https:\/\/alchemy-asia.com\/vi\/wp-json\/wp\/v2\/media?parent=8747"}],"wp:term":[{"taxonomy":"product_cat","embeddable":true,"href":"https:\/\/alchemy-asia.com\/vi\/wp-json\/wp\/v2\/product_cat?post=8747"},{"taxonomy":"product_tag","embeddable":true,"href":"https:\/\/alchemy-asia.com\/vi\/wp-json\/wp\/v2\/product_tag?post=8747"}],"curies":[{"name":"wp","href":"https:\/\/api.w.org\/{rel}","templated":true}]}}