{"id":8755,"date":"2024-09-10T08:41:15","date_gmt":"2024-09-10T08:41:15","guid":{"rendered":"https:\/\/alchemy-asia.com\/vi\/?post_type=product&#038;p=8755"},"modified":"2024-09-11T09:37:28","modified_gmt":"2024-09-11T09:37:28","slug":"the-macallan-18-years-old-double-cask","status":"publish","type":"product","link":"https:\/\/alchemy-asia.com\/vi\/san-pham\/the-macallan-18-years-old-double-cask\/","title":{"rendered":"The Macallan 18 Years Old Double Cask"},"content":{"rendered":"","protected":false},"excerpt":{"rendered":"<p>The Macallan n\u1ed5i ti\u1ebfng v\u1edbi quy tr\u00ecnh qu\u1ea3n l\u00fd th\u00f9ng g\u1ed7 h\u1ebft s\u1ee9c \u0111\u1eb7c bi\u1ec7t, \u0111\u1ecbnh h\u00ecnh n\u00ean t\u1eebng kh\u00eda c\u1ea1nh trong qu\u00e1 tr\u00ecnh ch\u01b0ng c\u1ea5t r\u01b0\u1ee3u whisky c\u1ee7a ch\u00fang t\u00f4i. D\u00f2ng r\u01b0\u1ee3u Double Cask \u0111\u01b0\u1ee3c h\u00ecnh th\u00e0nh t\u1eeb s\u1ef1 c\u00e2n b\u1eb1ng ho\u00e0n h\u1ea3o c\u1ee7a r\u01b0\u1ee3u \u0111\u01b0\u1ee3c \u1ee7 trong c\u00e1c th\u00f9ng g\u1ed7 s\u1ed3i Ch\u00e2u M\u1ef9 v\u00e0 Ch\u00e2u u \u0111\u00e3 ph\u01a1i qua sherry v\u00e0 \u0111\u00e3 \u0111\u01b0\u1ee3c tuy\u1ec3n ch\u1ecdn k\u1ef9 l\u01b0\u1ee1ng, D\u00f2ng r\u01b0\u1ee3u Double Cask t\u00f4n vinh s\u1ef1 k\u1ebft h\u1ee3p c\u1ee7a hai phong c\u00e1ch \u0111\u1ec3 t\u1ea1o n\u00ean \u0111\u1eb7c t\u00ednh \u0111\u1ed9c \u0111\u00e1o v\u00e0 n\u1ed5i b\u1eadt, trong khi v\u1eabn l\u01b0u gi\u1eef \u0111\u01b0\u1ee3c h\u01b0\u01a1ng v\u1ecb quen thu\u1ed9c c\u1ee7a r\u01b0\u1ee3u The Macallan.<\/p>\n","protected":false},"featured_media":8758,"comment_status":"open","ping_status":"closed","template":"","meta":{"_acf_changed":false},"product_cat":[58],"product_tag":[],"class_list":{"0":"post-8755","1":"product","2":"type-product","3":"status-publish","4":"has-post-thumbnail","6":"product_cat-scotch-whisky-single-malt","7":"brand-the-macallan","9":"first","10":"instock","11":"shipping-taxable","12":"product-type-simple"},"acf":[],"yoast_head":"<!-- This site is optimized with the Yoast SEO plugin v23.0 - https:\/\/yoast.com\/wordpress\/plugins\/seo\/ -->\n<title>The Macallan 18 Years Old Double Cask - Alchemy Asia<\/title>\n<meta name=\"robots\" content=\"index, follow, max-snippet:-1, max-image-preview:large, max-video-preview:-1\" \/>\n<link rel=\"canonical\" href=\"https:\/\/alchemy-asia.com\/vi\/san-pham\/the-macallan-18-years-old-double-cask\/\" \/>\n<meta property=\"og:locale\" content=\"vi_VN\" \/>\n<meta property=\"og:type\" content=\"article\" \/>\n<meta property=\"og:title\" content=\"The Macallan 18 Years Old Double Cask - Alchemy Asia\" \/>\n<meta property=\"og:description\" content=\"The Macallan n\u1ed5i ti\u1ebfng v\u1edbi quy tr\u00ecnh qu\u1ea3n l\u00fd th\u00f9ng g\u1ed7 h\u1ebft s\u1ee9c \u0111\u1eb7c bi\u1ec7t, \u0111\u1ecbnh h\u00ecnh n\u00ean t\u1eebng kh\u00eda c\u1ea1nh trong qu\u00e1 tr\u00ecnh ch\u01b0ng c\u1ea5t r\u01b0\u1ee3u whisky c\u1ee7a ch\u00fang t\u00f4i. D\u00f2ng r\u01b0\u1ee3u Double Cask \u0111\u01b0\u1ee3c h\u00ecnh th\u00e0nh t\u1eeb s\u1ef1 c\u00e2n b\u1eb1ng ho\u00e0n h\u1ea3o c\u1ee7a r\u01b0\u1ee3u \u0111\u01b0\u1ee3c \u1ee7 trong c\u00e1c th\u00f9ng g\u1ed7 s\u1ed3i Ch\u00e2u M\u1ef9 v\u00e0 Ch\u00e2u u \u0111\u00e3 ph\u01a1i qua sherry v\u00e0 \u0111\u00e3 \u0111\u01b0\u1ee3c tuy\u1ec3n ch\u1ecdn k\u1ef9 l\u01b0\u1ee1ng, D\u00f2ng r\u01b0\u1ee3u Double Cask t\u00f4n vinh s\u1ef1 k\u1ebft h\u1ee3p c\u1ee7a hai phong c\u00e1ch \u0111\u1ec3 t\u1ea1o n\u00ean \u0111\u1eb7c t\u00ednh \u0111\u1ed9c \u0111\u00e1o v\u00e0 n\u1ed5i b\u1eadt, trong khi v\u1eabn l\u01b0u gi\u1eef \u0111\u01b0\u1ee3c h\u01b0\u01a1ng v\u1ecb quen thu\u1ed9c c\u1ee7a r\u01b0\u1ee3u The Macallan.\" \/>\n<meta property=\"og:url\" content=\"https:\/\/alchemy-asia.com\/vi\/san-pham\/the-macallan-18-years-old-double-cask\/\" \/>\n<meta property=\"og:site_name\" content=\"Alchemy Asia\" \/>\n<meta property=\"article:modified_time\" content=\"2024-09-11T09:37:28+00:00\" \/>\n<meta property=\"og:image\" content=\"https:\/\/alchemy-asia.com\/vi\/wp-content\/uploads\/sites\/3\/2024\/07\/The-Macallan-Double-Cask-18YO-1024x1024.png\" \/>\n\t<meta property=\"og:image:width\" content=\"1024\" \/>\n\t<meta property=\"og:image:height\" content=\"1024\" \/>\n\t<meta property=\"og:image:type\" content=\"image\/png\" \/>\n<meta name=\"twitter:card\" content=\"summary_large_image\" \/>\n<meta name=\"twitter:label1\" content=\"\u01af\u1edbc t\u00ednh th\u1eddi gian \u0111\u1ecdc\" \/>\n\t<meta name=\"twitter:data1\" content=\"1 ph\u00fat\" \/>\n<script type=\"application\/ld+json\" class=\"yoast-schema-graph\">{\"@context\":\"https:\/\/schema.org\",\"@graph\":[{\"@type\":\"WebPage\",\"@id\":\"https:\/\/alchemy-asia.com\/vi\/san-pham\/the-macallan-18-years-old-double-cask\/\",\"url\":\"https:\/\/alchemy-asia.com\/vi\/san-pham\/the-macallan-18-years-old-double-cask\/\",\"name\":\"The Macallan 18 Years Old Double Cask - Alchemy Asia\",\"isPartOf\":{\"@id\":\"https:\/\/alchemy-asia.com\/vi\/#website\"},\"primaryImageOfPage\":{\"@id\":\"https:\/\/alchemy-asia.com\/vi\/san-pham\/the-macallan-18-years-old-double-cask\/#primaryimage\"},\"image\":{\"@id\":\"https:\/\/alchemy-asia.com\/vi\/san-pham\/the-macallan-18-years-old-double-cask\/#primaryimage\"},\"thumbnailUrl\":\"https:\/\/alchemy-asia.com\/vi\/wp-content\/uploads\/sites\/3\/2024\/07\/The-Macallan-Double-Cask-18YO.png\",\"datePublished\":\"2024-09-10T08:41:15+00:00\",\"dateModified\":\"2024-09-11T09:37:28+00:00\",\"breadcrumb\":{\"@id\":\"https:\/\/alchemy-asia.com\/vi\/san-pham\/the-macallan-18-years-old-double-cask\/#breadcrumb\"},\"inLanguage\":\"vi\",\"potentialAction\":[{\"@type\":\"ReadAction\",\"target\":[\"https:\/\/alchemy-asia.com\/vi\/san-pham\/the-macallan-18-years-old-double-cask\/\"]}]},{\"@type\":\"ImageObject\",\"inLanguage\":\"vi\",\"@id\":\"https:\/\/alchemy-asia.com\/vi\/san-pham\/the-macallan-18-years-old-double-cask\/#primaryimage\",\"url\":\"https:\/\/alchemy-asia.com\/vi\/wp-content\/uploads\/sites\/3\/2024\/07\/The-Macallan-Double-Cask-18YO.png\",\"contentUrl\":\"https:\/\/alchemy-asia.com\/vi\/wp-content\/uploads\/sites\/3\/2024\/07\/The-Macallan-Double-Cask-18YO.png\",\"width\":5804,\"height\":5803,\"caption\":\"The Macallan 18 Years Old Double Cask\"},{\"@type\":\"BreadcrumbList\",\"@id\":\"https:\/\/alchemy-asia.com\/vi\/san-pham\/the-macallan-18-years-old-double-cask\/#breadcrumb\",\"itemListElement\":[{\"@type\":\"ListItem\",\"position\":1,\"name\":\"Home\",\"item\":\"https:\/\/alchemy-asia.com\/vi\/\"},{\"@type\":\"ListItem\",\"position\":2,\"name\":\"The Macallan 18 Years Old Double Cask\"}]},{\"@type\":\"WebSite\",\"@id\":\"https:\/\/alchemy-asia.com\/vi\/#website\",\"url\":\"https:\/\/alchemy-asia.com\/vi\/\",\"name\":\"Alchemy Asia\",\"description\":\"Just another Alchemy Asia Sites site\",\"potentialAction\":[{\"@type\":\"SearchAction\",\"target\":{\"@type\":\"EntryPoint\",\"urlTemplate\":\"https:\/\/alchemy-asia.com\/vi\/?s={search_term_string}\"},\"query-input\":\"required name=search_term_string\"}],\"inLanguage\":\"vi\"}]}<\/script>\n<!-- \/ Yoast SEO plugin. -->","yoast_head_json":{"title":"The Macallan 18 Years Old Double Cask - Alchemy Asia","robots":{"index":"index","follow":"follow","max-snippet":"max-snippet:-1","max-image-preview":"max-image-preview:large","max-video-preview":"max-video-preview:-1"},"canonical":"https:\/\/alchemy-asia.com\/vi\/san-pham\/the-macallan-18-years-old-double-cask\/","og_locale":"vi_VN","og_type":"article","og_title":"The Macallan 18 Years Old Double Cask - Alchemy Asia","og_description":"The Macallan n\u1ed5i ti\u1ebfng v\u1edbi quy tr\u00ecnh qu\u1ea3n l\u00fd th\u00f9ng g\u1ed7 h\u1ebft s\u1ee9c \u0111\u1eb7c bi\u1ec7t, \u0111\u1ecbnh h\u00ecnh n\u00ean t\u1eebng kh\u00eda c\u1ea1nh trong qu\u00e1 tr\u00ecnh ch\u01b0ng c\u1ea5t r\u01b0\u1ee3u whisky c\u1ee7a ch\u00fang t\u00f4i. D\u00f2ng r\u01b0\u1ee3u Double Cask \u0111\u01b0\u1ee3c h\u00ecnh th\u00e0nh t\u1eeb s\u1ef1 c\u00e2n b\u1eb1ng ho\u00e0n h\u1ea3o c\u1ee7a r\u01b0\u1ee3u \u0111\u01b0\u1ee3c \u1ee7 trong c\u00e1c th\u00f9ng g\u1ed7 s\u1ed3i Ch\u00e2u M\u1ef9 v\u00e0 Ch\u00e2u u \u0111\u00e3 ph\u01a1i qua sherry v\u00e0 \u0111\u00e3 \u0111\u01b0\u1ee3c tuy\u1ec3n ch\u1ecdn k\u1ef9 l\u01b0\u1ee1ng, D\u00f2ng r\u01b0\u1ee3u Double Cask t\u00f4n vinh s\u1ef1 k\u1ebft h\u1ee3p c\u1ee7a hai phong c\u00e1ch \u0111\u1ec3 t\u1ea1o n\u00ean \u0111\u1eb7c t\u00ednh \u0111\u1ed9c \u0111\u00e1o v\u00e0 n\u1ed5i b\u1eadt, trong khi v\u1eabn l\u01b0u gi\u1eef \u0111\u01b0\u1ee3c h\u01b0\u01a1ng v\u1ecb quen thu\u1ed9c c\u1ee7a r\u01b0\u1ee3u The Macallan.","og_url":"https:\/\/alchemy-asia.com\/vi\/san-pham\/the-macallan-18-years-old-double-cask\/","og_site_name":"Alchemy Asia","article_modified_time":"2024-09-11T09:37:28+00:00","og_image":[{"width":1024,"height":1024,"url":"https:\/\/alchemy-asia.com\/vi\/wp-content\/uploads\/sites\/3\/2024\/07\/The-Macallan-Double-Cask-18YO-1024x1024.png","type":"image\/png"}],"twitter_card":"summary_large_image","twitter_misc":{"\u01af\u1edbc t\u00ednh th\u1eddi gian \u0111\u1ecdc":"1 ph\u00fat"},"schema":{"@context":"https:\/\/schema.org","@graph":[{"@type":"WebPage","@id":"https:\/\/alchemy-asia.com\/vi\/san-pham\/the-macallan-18-years-old-double-cask\/","url":"https:\/\/alchemy-asia.com\/vi\/san-pham\/the-macallan-18-years-old-double-cask\/","name":"The Macallan 18 Years Old Double Cask - Alchemy Asia","isPartOf":{"@id":"https:\/\/alchemy-asia.com\/vi\/#website"},"primaryImageOfPage":{"@id":"https:\/\/alchemy-asia.com\/vi\/san-pham\/the-macallan-18-years-old-double-cask\/#primaryimage"},"image":{"@id":"https:\/\/alchemy-asia.com\/vi\/san-pham\/the-macallan-18-years-old-double-cask\/#primaryimage"},"thumbnailUrl":"https:\/\/alchemy-asia.com\/vi\/wp-content\/uploads\/sites\/3\/2024\/07\/The-Macallan-Double-Cask-18YO.png","datePublished":"2024-09-10T08:41:15+00:00","dateModified":"2024-09-11T09:37:28+00:00","breadcrumb":{"@id":"https:\/\/alchemy-asia.com\/vi\/san-pham\/the-macallan-18-years-old-double-cask\/#breadcrumb"},"inLanguage":"vi","potentialAction":[{"@type":"ReadAction","target":["https:\/\/alchemy-asia.com\/vi\/san-pham\/the-macallan-18-years-old-double-cask\/"]}]},{"@type":"ImageObject","inLanguage":"vi","@id":"https:\/\/alchemy-asia.com\/vi\/san-pham\/the-macallan-18-years-old-double-cask\/#primaryimage","url":"https:\/\/alchemy-asia.com\/vi\/wp-content\/uploads\/sites\/3\/2024\/07\/The-Macallan-Double-Cask-18YO.png","contentUrl":"https:\/\/alchemy-asia.com\/vi\/wp-content\/uploads\/sites\/3\/2024\/07\/The-Macallan-Double-Cask-18YO.png","width":5804,"height":5803,"caption":"The Macallan 18 Years Old Double Cask"},{"@type":"BreadcrumbList","@id":"https:\/\/alchemy-asia.com\/vi\/san-pham\/the-macallan-18-years-old-double-cask\/#breadcrumb","itemListElement":[{"@type":"ListItem","position":1,"name":"Home","item":"https:\/\/alchemy-asia.com\/vi\/"},{"@type":"ListItem","position":2,"name":"The Macallan 18 Years Old Double Cask"}]},{"@type":"WebSite","@id":"https:\/\/alchemy-asia.com\/vi\/#website","url":"https:\/\/alchemy-asia.com\/vi\/","name":"Alchemy Asia","description":"Just another Alchemy Asia Sites site","potentialAction":[{"@type":"SearchAction","target":{"@type":"EntryPoint","urlTemplate":"https:\/\/alchemy-asia.com\/vi\/?s={search_term_string}"},"query-input":"required name=search_term_string"}],"inLanguage":"vi"}]}},"_links":{"self":[{"href":"https:\/\/alchemy-asia.com\/vi\/wp-json\/wp\/v2\/product\/8755","targetHints":{"allow":["GET"]}}],"collection":[{"href":"https:\/\/alchemy-asia.com\/vi\/wp-json\/wp\/v2\/product"}],"about":[{"href":"https:\/\/alchemy-asia.com\/vi\/wp-json\/wp\/v2\/types\/product"}],"replies":[{"embeddable":true,"href":"https:\/\/alchemy-asia.com\/vi\/wp-json\/wp\/v2\/comments?post=8755"}],"wp:featuredmedia":[{"embeddable":true,"href":"https:\/\/alchemy-asia.com\/vi\/wp-json\/wp\/v2\/media\/8758"}],"wp:attachment":[{"href":"https:\/\/alchemy-asia.com\/vi\/wp-json\/wp\/v2\/media?parent=8755"}],"wp:term":[{"taxonomy":"product_cat","embeddable":true,"href":"https:\/\/alchemy-asia.com\/vi\/wp-json\/wp\/v2\/product_cat?post=8755"},{"taxonomy":"product_tag","embeddable":true,"href":"https:\/\/alchemy-asia.com\/vi\/wp-json\/wp\/v2\/product_tag?post=8755"}],"curies":[{"name":"wp","href":"https:\/\/api.w.org\/{rel}","templated":true}]}}