{"id":8759,"date":"2024-09-10T08:41:14","date_gmt":"2024-09-10T08:41:14","guid":{"rendered":"https:\/\/alchemy-asia.com\/vi\/?post_type=product&#038;p=8759"},"modified":"2024-09-10T08:41:14","modified_gmt":"2024-09-10T08:41:14","slug":"the-matsui-the-peated","status":"publish","type":"product","link":"https:\/\/alchemy-asia.com\/vi\/san-pham\/the-matsui-the-peated\/","title":{"rendered":"The Matsui The Peated"},"content":{"rendered":"","protected":false},"excerpt":{"rendered":"<p><span data-sheets-root=\"1\">H\u01b0\u01a1ng v\u1ecb c\u1ee7a ng\u0169 c\u1ed1c m\u1ea1ch nha<br \/>\nM\u00f9i g\u1ed7 s\u1ed3i n\u01b0\u1edbng n\u1ebfp<br \/>\n\u0110\u01b0\u1eddng n\u00e2u<br \/>\nVani m\u1ec1m m\u1ea1i<br \/>\nTr\u00e1i c\u00e2y t\u1eeb v\u01b0\u1eddn c\u00e2y \u0103n qu\u1ea3<br \/>\nH\u01b0\u01a1ng m\u00f9n\/ kh\u00f3i tro<br \/>\nH\u01b0\u01a1ng v\u1ecb t\u00e1o t\u01b0\u01a1i d\u00e0i<br \/>\nKh\u00f4ng l\u1ecdc\/ kh\u00f4ng m\u00e0u<br \/>\nTh\u00f9ng: S\u1ed3i tr\u1eafng<br \/>\n<\/span><\/p>\n","protected":false},"featured_media":8761,"comment_status":"open","ping_status":"closed","template":"","meta":{"_acf_changed":false},"product_cat":[125],"product_tag":[],"class_list":{"0":"post-8759","1":"product","2":"type-product","3":"status-publish","4":"has-post-thumbnail","6":"product_cat-japanese-whisky-single-malt","7":"brand-matsui-whisky","9":"first","10":"instock","11":"shipping-taxable","12":"product-type-simple"},"acf":[],"yoast_head":"<!-- This site is optimized with the Yoast SEO plugin v23.0 - https:\/\/yoast.com\/wordpress\/plugins\/seo\/ -->\n<title>The Matsui The Peated - Alchemy Asia<\/title>\n<meta name=\"robots\" content=\"index, follow, max-snippet:-1, max-image-preview:large, max-video-preview:-1\" \/>\n<link rel=\"canonical\" href=\"https:\/\/alchemy-asia.com\/vi\/san-pham\/the-matsui-the-peated\/\" \/>\n<meta property=\"og:locale\" content=\"vi_VN\" \/>\n<meta property=\"og:type\" content=\"article\" \/>\n<meta property=\"og:title\" content=\"The Matsui The Peated - Alchemy Asia\" \/>\n<meta property=\"og:description\" content=\"H\u01b0\u01a1ng v\u1ecb c\u1ee7a ng\u0169 c\u1ed1c m\u1ea1ch nha M\u00f9i g\u1ed7 s\u1ed3i n\u01b0\u1edbng n\u1ebfp \u0110\u01b0\u1eddng n\u00e2u Vani m\u1ec1m m\u1ea1i Tr\u00e1i c\u00e2y t\u1eeb v\u01b0\u1eddn c\u00e2y \u0103n qu\u1ea3 H\u01b0\u01a1ng m\u00f9n\/ kh\u00f3i tro H\u01b0\u01a1ng v\u1ecb t\u00e1o t\u01b0\u01a1i d\u00e0i Kh\u00f4ng l\u1ecdc\/ kh\u00f4ng m\u00e0u Th\u00f9ng: S\u1ed3i tr\u1eafng\" \/>\n<meta property=\"og:url\" content=\"https:\/\/alchemy-asia.com\/vi\/san-pham\/the-matsui-the-peated\/\" \/>\n<meta property=\"og:site_name\" content=\"Alchemy Asia\" \/>\n<meta property=\"og:image\" content=\"https:\/\/alchemy-asia.com\/vi\/wp-content\/uploads\/sites\/3\/2024\/07\/The-Matsui-The-Peated-JAPANESE-WHISKY-PURE-MALT-1024x1024.png\" \/>\n\t<meta property=\"og:image:width\" content=\"1024\" \/>\n\t<meta property=\"og:image:height\" content=\"1024\" \/>\n\t<meta property=\"og:image:type\" content=\"image\/png\" \/>\n<meta name=\"twitter:card\" content=\"summary_large_image\" \/>\n<meta name=\"twitter:label1\" content=\"\u01af\u1edbc t\u00ednh th\u1eddi gian \u0111\u1ecdc\" \/>\n\t<meta name=\"twitter:data1\" content=\"1 ph\u00fat\" \/>\n<script type=\"application\/ld+json\" class=\"yoast-schema-graph\">{\"@context\":\"https:\/\/schema.org\",\"@graph\":[{\"@type\":\"WebPage\",\"@id\":\"https:\/\/alchemy-asia.com\/vi\/san-pham\/the-matsui-the-peated\/\",\"url\":\"https:\/\/alchemy-asia.com\/vi\/san-pham\/the-matsui-the-peated\/\",\"name\":\"The Matsui The Peated - Alchemy Asia\",\"isPartOf\":{\"@id\":\"https:\/\/alchemy-asia.com\/vi\/#website\"},\"primaryImageOfPage\":{\"@id\":\"https:\/\/alchemy-asia.com\/vi\/san-pham\/the-matsui-the-peated\/#primaryimage\"},\"image\":{\"@id\":\"https:\/\/alchemy-asia.com\/vi\/san-pham\/the-matsui-the-peated\/#primaryimage\"},\"thumbnailUrl\":\"https:\/\/alchemy-asia.com\/vi\/wp-content\/uploads\/sites\/3\/2024\/07\/The-Matsui-The-Peated-JAPANESE-WHISKY-PURE-MALT.png\",\"datePublished\":\"2024-09-10T08:41:14+00:00\",\"dateModified\":\"2024-09-10T08:41:14+00:00\",\"breadcrumb\":{\"@id\":\"https:\/\/alchemy-asia.com\/vi\/san-pham\/the-matsui-the-peated\/#breadcrumb\"},\"inLanguage\":\"vi\",\"potentialAction\":[{\"@type\":\"ReadAction\",\"target\":[\"https:\/\/alchemy-asia.com\/vi\/san-pham\/the-matsui-the-peated\/\"]}]},{\"@type\":\"ImageObject\",\"inLanguage\":\"vi\",\"@id\":\"https:\/\/alchemy-asia.com\/vi\/san-pham\/the-matsui-the-peated\/#primaryimage\",\"url\":\"https:\/\/alchemy-asia.com\/vi\/wp-content\/uploads\/sites\/3\/2024\/07\/The-Matsui-The-Peated-JAPANESE-WHISKY-PURE-MALT.png\",\"contentUrl\":\"https:\/\/alchemy-asia.com\/vi\/wp-content\/uploads\/sites\/3\/2024\/07\/The-Matsui-The-Peated-JAPANESE-WHISKY-PURE-MALT.png\",\"width\":5804,\"height\":5803,\"caption\":\"The Matsui The Peated JAPANESE WHISKY PURE MALT\"},{\"@type\":\"BreadcrumbList\",\"@id\":\"https:\/\/alchemy-asia.com\/vi\/san-pham\/the-matsui-the-peated\/#breadcrumb\",\"itemListElement\":[{\"@type\":\"ListItem\",\"position\":1,\"name\":\"Home\",\"item\":\"https:\/\/alchemy-asia.com\/vi\/\"},{\"@type\":\"ListItem\",\"position\":2,\"name\":\"The Matsui The Peated\"}]},{\"@type\":\"WebSite\",\"@id\":\"https:\/\/alchemy-asia.com\/vi\/#website\",\"url\":\"https:\/\/alchemy-asia.com\/vi\/\",\"name\":\"Alchemy Asia\",\"description\":\"Just another Alchemy Asia Sites site\",\"potentialAction\":[{\"@type\":\"SearchAction\",\"target\":{\"@type\":\"EntryPoint\",\"urlTemplate\":\"https:\/\/alchemy-asia.com\/vi\/?s={search_term_string}\"},\"query-input\":\"required name=search_term_string\"}],\"inLanguage\":\"vi\"}]}<\/script>\n<!-- \/ Yoast SEO plugin. -->","yoast_head_json":{"title":"The Matsui The Peated - Alchemy Asia","robots":{"index":"index","follow":"follow","max-snippet":"max-snippet:-1","max-image-preview":"max-image-preview:large","max-video-preview":"max-video-preview:-1"},"canonical":"https:\/\/alchemy-asia.com\/vi\/san-pham\/the-matsui-the-peated\/","og_locale":"vi_VN","og_type":"article","og_title":"The Matsui The Peated - Alchemy Asia","og_description":"H\u01b0\u01a1ng v\u1ecb c\u1ee7a ng\u0169 c\u1ed1c m\u1ea1ch nha M\u00f9i g\u1ed7 s\u1ed3i n\u01b0\u1edbng n\u1ebfp \u0110\u01b0\u1eddng n\u00e2u Vani m\u1ec1m m\u1ea1i Tr\u00e1i c\u00e2y t\u1eeb v\u01b0\u1eddn c\u00e2y \u0103n qu\u1ea3 H\u01b0\u01a1ng m\u00f9n\/ kh\u00f3i tro H\u01b0\u01a1ng v\u1ecb t\u00e1o t\u01b0\u01a1i d\u00e0i Kh\u00f4ng l\u1ecdc\/ kh\u00f4ng m\u00e0u Th\u00f9ng: S\u1ed3i tr\u1eafng","og_url":"https:\/\/alchemy-asia.com\/vi\/san-pham\/the-matsui-the-peated\/","og_site_name":"Alchemy Asia","og_image":[{"width":1024,"height":1024,"url":"https:\/\/alchemy-asia.com\/vi\/wp-content\/uploads\/sites\/3\/2024\/07\/The-Matsui-The-Peated-JAPANESE-WHISKY-PURE-MALT-1024x1024.png","type":"image\/png"}],"twitter_card":"summary_large_image","twitter_misc":{"\u01af\u1edbc t\u00ednh th\u1eddi gian \u0111\u1ecdc":"1 ph\u00fat"},"schema":{"@context":"https:\/\/schema.org","@graph":[{"@type":"WebPage","@id":"https:\/\/alchemy-asia.com\/vi\/san-pham\/the-matsui-the-peated\/","url":"https:\/\/alchemy-asia.com\/vi\/san-pham\/the-matsui-the-peated\/","name":"The Matsui The Peated - Alchemy Asia","isPartOf":{"@id":"https:\/\/alchemy-asia.com\/vi\/#website"},"primaryImageOfPage":{"@id":"https:\/\/alchemy-asia.com\/vi\/san-pham\/the-matsui-the-peated\/#primaryimage"},"image":{"@id":"https:\/\/alchemy-asia.com\/vi\/san-pham\/the-matsui-the-peated\/#primaryimage"},"thumbnailUrl":"https:\/\/alchemy-asia.com\/vi\/wp-content\/uploads\/sites\/3\/2024\/07\/The-Matsui-The-Peated-JAPANESE-WHISKY-PURE-MALT.png","datePublished":"2024-09-10T08:41:14+00:00","dateModified":"2024-09-10T08:41:14+00:00","breadcrumb":{"@id":"https:\/\/alchemy-asia.com\/vi\/san-pham\/the-matsui-the-peated\/#breadcrumb"},"inLanguage":"vi","potentialAction":[{"@type":"ReadAction","target":["https:\/\/alchemy-asia.com\/vi\/san-pham\/the-matsui-the-peated\/"]}]},{"@type":"ImageObject","inLanguage":"vi","@id":"https:\/\/alchemy-asia.com\/vi\/san-pham\/the-matsui-the-peated\/#primaryimage","url":"https:\/\/alchemy-asia.com\/vi\/wp-content\/uploads\/sites\/3\/2024\/07\/The-Matsui-The-Peated-JAPANESE-WHISKY-PURE-MALT.png","contentUrl":"https:\/\/alchemy-asia.com\/vi\/wp-content\/uploads\/sites\/3\/2024\/07\/The-Matsui-The-Peated-JAPANESE-WHISKY-PURE-MALT.png","width":5804,"height":5803,"caption":"The Matsui The Peated JAPANESE WHISKY PURE MALT"},{"@type":"BreadcrumbList","@id":"https:\/\/alchemy-asia.com\/vi\/san-pham\/the-matsui-the-peated\/#breadcrumb","itemListElement":[{"@type":"ListItem","position":1,"name":"Home","item":"https:\/\/alchemy-asia.com\/vi\/"},{"@type":"ListItem","position":2,"name":"The Matsui The Peated"}]},{"@type":"WebSite","@id":"https:\/\/alchemy-asia.com\/vi\/#website","url":"https:\/\/alchemy-asia.com\/vi\/","name":"Alchemy Asia","description":"Just another Alchemy Asia Sites site","potentialAction":[{"@type":"SearchAction","target":{"@type":"EntryPoint","urlTemplate":"https:\/\/alchemy-asia.com\/vi\/?s={search_term_string}"},"query-input":"required name=search_term_string"}],"inLanguage":"vi"}]}},"_links":{"self":[{"href":"https:\/\/alchemy-asia.com\/vi\/wp-json\/wp\/v2\/product\/8759","targetHints":{"allow":["GET"]}}],"collection":[{"href":"https:\/\/alchemy-asia.com\/vi\/wp-json\/wp\/v2\/product"}],"about":[{"href":"https:\/\/alchemy-asia.com\/vi\/wp-json\/wp\/v2\/types\/product"}],"replies":[{"embeddable":true,"href":"https:\/\/alchemy-asia.com\/vi\/wp-json\/wp\/v2\/comments?post=8759"}],"wp:featuredmedia":[{"embeddable":true,"href":"https:\/\/alchemy-asia.com\/vi\/wp-json\/wp\/v2\/media\/8761"}],"wp:attachment":[{"href":"https:\/\/alchemy-asia.com\/vi\/wp-json\/wp\/v2\/media?parent=8759"}],"wp:term":[{"taxonomy":"product_cat","embeddable":true,"href":"https:\/\/alchemy-asia.com\/vi\/wp-json\/wp\/v2\/product_cat?post=8759"},{"taxonomy":"product_tag","embeddable":true,"href":"https:\/\/alchemy-asia.com\/vi\/wp-json\/wp\/v2\/product_tag?post=8759"}],"curies":[{"name":"wp","href":"https:\/\/api.w.org\/{rel}","templated":true}]}}