{"id":8763,"date":"2024-09-10T08:41:11","date_gmt":"2024-09-10T08:41:11","guid":{"rendered":"https:\/\/alchemy-asia.com\/vi\/?post_type=product&#038;p=8763"},"modified":"2024-09-10T08:41:11","modified_gmt":"2024-09-10T08:41:11","slug":"the-matsui-sakura-cask","status":"publish","type":"product","link":"https:\/\/alchemy-asia.com\/vi\/san-pham\/the-matsui-sakura-cask\/","title":{"rendered":"The Matsui Sakura Cask"},"content":{"rendered":"","protected":false},"excerpt":{"rendered":"<p><span data-sheets-root=\"1\">\u0110\u1ed9 gi\u00e0u c\u1ee7a m\u1ea1ch nha, h\u01b0\u01a1ng v\u1ecb c\u1ee7a chanh<br \/>\nCam t\u01b0\u01a1i\/m\u01b0\u1edbp<br \/>\nH\u01b0\u01a1ng v\u1ecb m\u00f9a xu\u00e2n c\u1ee7a hoa anh \u0111\u00e0o gi\u00f2n<br \/>\nM\u00f9i cay c\u1ee7a b\u1ee5i c\u01b0a<br \/>\nK\u1ebft th\u00fac b\u00e1nh b\u00f4ng lan<br \/>\nKh\u00f4ng l\u1ecdc\/l\u00e0m m\u00e0u<br \/>\nTh\u00f9ng: G\u1ed7 anh \u0111\u00e0o<br \/>\nK\u1ebft th\u00fac trong th\u00f9ng: Th\u00f9ng Sakura<\/span><\/p>\n","protected":false},"featured_media":8764,"comment_status":"open","ping_status":"closed","template":"","meta":{"_acf_changed":false},"product_cat":[125],"product_tag":[],"class_list":{"0":"post-8763","1":"product","2":"type-product","3":"status-publish","4":"has-post-thumbnail","6":"product_cat-japanese-whisky-single-malt","7":"brand-matsui-whisky","9":"first","10":"instock","11":"shipping-taxable","12":"product-type-simple"},"acf":[],"yoast_head":"<!-- This site is optimized with the Yoast SEO plugin v23.0 - https:\/\/yoast.com\/wordpress\/plugins\/seo\/ -->\n<title>The Matsui Sakura Cask - Alchemy Asia<\/title>\n<meta name=\"robots\" content=\"index, follow, max-snippet:-1, max-image-preview:large, max-video-preview:-1\" \/>\n<link rel=\"canonical\" href=\"https:\/\/alchemy-asia.com\/vi\/san-pham\/the-matsui-sakura-cask\/\" \/>\n<meta property=\"og:locale\" content=\"vi_VN\" \/>\n<meta property=\"og:type\" content=\"article\" \/>\n<meta property=\"og:title\" content=\"The Matsui Sakura Cask - Alchemy Asia\" \/>\n<meta property=\"og:description\" content=\"\u0110\u1ed9 gi\u00e0u c\u1ee7a m\u1ea1ch nha, h\u01b0\u01a1ng v\u1ecb c\u1ee7a chanh Cam t\u01b0\u01a1i\/m\u01b0\u1edbp H\u01b0\u01a1ng v\u1ecb m\u00f9a xu\u00e2n c\u1ee7a hoa anh \u0111\u00e0o gi\u00f2n M\u00f9i cay c\u1ee7a b\u1ee5i c\u01b0a K\u1ebft th\u00fac b\u00e1nh b\u00f4ng lan Kh\u00f4ng l\u1ecdc\/l\u00e0m m\u00e0u Th\u00f9ng: G\u1ed7 anh \u0111\u00e0o K\u1ebft th\u00fac trong th\u00f9ng: Th\u00f9ng Sakura\" \/>\n<meta property=\"og:url\" content=\"https:\/\/alchemy-asia.com\/vi\/san-pham\/the-matsui-sakura-cask\/\" \/>\n<meta property=\"og:site_name\" content=\"Alchemy Asia\" \/>\n<meta property=\"og:image\" content=\"https:\/\/alchemy-asia.com\/vi\/wp-content\/uploads\/sites\/3\/2024\/07\/The-Matsui-Sakura-Cask-JAPANESE-WHISKY-PURE-MALT-1024x1024.png\" \/>\n\t<meta property=\"og:image:width\" content=\"1024\" \/>\n\t<meta property=\"og:image:height\" content=\"1024\" \/>\n\t<meta property=\"og:image:type\" content=\"image\/png\" \/>\n<meta name=\"twitter:card\" content=\"summary_large_image\" \/>\n<meta name=\"twitter:label1\" content=\"\u01af\u1edbc t\u00ednh th\u1eddi gian \u0111\u1ecdc\" \/>\n\t<meta name=\"twitter:data1\" content=\"1 ph\u00fat\" \/>\n<script type=\"application\/ld+json\" class=\"yoast-schema-graph\">{\"@context\":\"https:\/\/schema.org\",\"@graph\":[{\"@type\":\"WebPage\",\"@id\":\"https:\/\/alchemy-asia.com\/vi\/san-pham\/the-matsui-sakura-cask\/\",\"url\":\"https:\/\/alchemy-asia.com\/vi\/san-pham\/the-matsui-sakura-cask\/\",\"name\":\"The Matsui Sakura Cask - Alchemy Asia\",\"isPartOf\":{\"@id\":\"https:\/\/alchemy-asia.com\/vi\/#website\"},\"primaryImageOfPage\":{\"@id\":\"https:\/\/alchemy-asia.com\/vi\/san-pham\/the-matsui-sakura-cask\/#primaryimage\"},\"image\":{\"@id\":\"https:\/\/alchemy-asia.com\/vi\/san-pham\/the-matsui-sakura-cask\/#primaryimage\"},\"thumbnailUrl\":\"https:\/\/alchemy-asia.com\/vi\/wp-content\/uploads\/sites\/3\/2024\/07\/The-Matsui-Sakura-Cask-JAPANESE-WHISKY-PURE-MALT.png\",\"datePublished\":\"2024-09-10T08:41:11+00:00\",\"dateModified\":\"2024-09-10T08:41:11+00:00\",\"breadcrumb\":{\"@id\":\"https:\/\/alchemy-asia.com\/vi\/san-pham\/the-matsui-sakura-cask\/#breadcrumb\"},\"inLanguage\":\"vi\",\"potentialAction\":[{\"@type\":\"ReadAction\",\"target\":[\"https:\/\/alchemy-asia.com\/vi\/san-pham\/the-matsui-sakura-cask\/\"]}]},{\"@type\":\"ImageObject\",\"inLanguage\":\"vi\",\"@id\":\"https:\/\/alchemy-asia.com\/vi\/san-pham\/the-matsui-sakura-cask\/#primaryimage\",\"url\":\"https:\/\/alchemy-asia.com\/vi\/wp-content\/uploads\/sites\/3\/2024\/07\/The-Matsui-Sakura-Cask-JAPANESE-WHISKY-PURE-MALT.png\",\"contentUrl\":\"https:\/\/alchemy-asia.com\/vi\/wp-content\/uploads\/sites\/3\/2024\/07\/The-Matsui-Sakura-Cask-JAPANESE-WHISKY-PURE-MALT.png\",\"width\":5804,\"height\":5803,\"caption\":\"The Matsui Sakura Cask JAPANESE WHISKY PURE MALT\"},{\"@type\":\"BreadcrumbList\",\"@id\":\"https:\/\/alchemy-asia.com\/vi\/san-pham\/the-matsui-sakura-cask\/#breadcrumb\",\"itemListElement\":[{\"@type\":\"ListItem\",\"position\":1,\"name\":\"Home\",\"item\":\"https:\/\/alchemy-asia.com\/vi\/\"},{\"@type\":\"ListItem\",\"position\":2,\"name\":\"The Matsui Sakura Cask\"}]},{\"@type\":\"WebSite\",\"@id\":\"https:\/\/alchemy-asia.com\/vi\/#website\",\"url\":\"https:\/\/alchemy-asia.com\/vi\/\",\"name\":\"Alchemy Asia\",\"description\":\"Just another Alchemy Asia Sites site\",\"potentialAction\":[{\"@type\":\"SearchAction\",\"target\":{\"@type\":\"EntryPoint\",\"urlTemplate\":\"https:\/\/alchemy-asia.com\/vi\/?s={search_term_string}\"},\"query-input\":\"required name=search_term_string\"}],\"inLanguage\":\"vi\"}]}<\/script>\n<!-- \/ Yoast SEO plugin. -->","yoast_head_json":{"title":"The Matsui Sakura Cask - Alchemy Asia","robots":{"index":"index","follow":"follow","max-snippet":"max-snippet:-1","max-image-preview":"max-image-preview:large","max-video-preview":"max-video-preview:-1"},"canonical":"https:\/\/alchemy-asia.com\/vi\/san-pham\/the-matsui-sakura-cask\/","og_locale":"vi_VN","og_type":"article","og_title":"The Matsui Sakura Cask - Alchemy Asia","og_description":"\u0110\u1ed9 gi\u00e0u c\u1ee7a m\u1ea1ch nha, h\u01b0\u01a1ng v\u1ecb c\u1ee7a chanh Cam t\u01b0\u01a1i\/m\u01b0\u1edbp H\u01b0\u01a1ng v\u1ecb m\u00f9a xu\u00e2n c\u1ee7a hoa anh \u0111\u00e0o gi\u00f2n M\u00f9i cay c\u1ee7a b\u1ee5i c\u01b0a K\u1ebft th\u00fac b\u00e1nh b\u00f4ng lan Kh\u00f4ng l\u1ecdc\/l\u00e0m m\u00e0u Th\u00f9ng: G\u1ed7 anh \u0111\u00e0o K\u1ebft th\u00fac trong th\u00f9ng: Th\u00f9ng Sakura","og_url":"https:\/\/alchemy-asia.com\/vi\/san-pham\/the-matsui-sakura-cask\/","og_site_name":"Alchemy Asia","og_image":[{"width":1024,"height":1024,"url":"https:\/\/alchemy-asia.com\/vi\/wp-content\/uploads\/sites\/3\/2024\/07\/The-Matsui-Sakura-Cask-JAPANESE-WHISKY-PURE-MALT-1024x1024.png","type":"image\/png"}],"twitter_card":"summary_large_image","twitter_misc":{"\u01af\u1edbc t\u00ednh th\u1eddi gian \u0111\u1ecdc":"1 ph\u00fat"},"schema":{"@context":"https:\/\/schema.org","@graph":[{"@type":"WebPage","@id":"https:\/\/alchemy-asia.com\/vi\/san-pham\/the-matsui-sakura-cask\/","url":"https:\/\/alchemy-asia.com\/vi\/san-pham\/the-matsui-sakura-cask\/","name":"The Matsui Sakura Cask - Alchemy Asia","isPartOf":{"@id":"https:\/\/alchemy-asia.com\/vi\/#website"},"primaryImageOfPage":{"@id":"https:\/\/alchemy-asia.com\/vi\/san-pham\/the-matsui-sakura-cask\/#primaryimage"},"image":{"@id":"https:\/\/alchemy-asia.com\/vi\/san-pham\/the-matsui-sakura-cask\/#primaryimage"},"thumbnailUrl":"https:\/\/alchemy-asia.com\/vi\/wp-content\/uploads\/sites\/3\/2024\/07\/The-Matsui-Sakura-Cask-JAPANESE-WHISKY-PURE-MALT.png","datePublished":"2024-09-10T08:41:11+00:00","dateModified":"2024-09-10T08:41:11+00:00","breadcrumb":{"@id":"https:\/\/alchemy-asia.com\/vi\/san-pham\/the-matsui-sakura-cask\/#breadcrumb"},"inLanguage":"vi","potentialAction":[{"@type":"ReadAction","target":["https:\/\/alchemy-asia.com\/vi\/san-pham\/the-matsui-sakura-cask\/"]}]},{"@type":"ImageObject","inLanguage":"vi","@id":"https:\/\/alchemy-asia.com\/vi\/san-pham\/the-matsui-sakura-cask\/#primaryimage","url":"https:\/\/alchemy-asia.com\/vi\/wp-content\/uploads\/sites\/3\/2024\/07\/The-Matsui-Sakura-Cask-JAPANESE-WHISKY-PURE-MALT.png","contentUrl":"https:\/\/alchemy-asia.com\/vi\/wp-content\/uploads\/sites\/3\/2024\/07\/The-Matsui-Sakura-Cask-JAPANESE-WHISKY-PURE-MALT.png","width":5804,"height":5803,"caption":"The Matsui Sakura Cask JAPANESE WHISKY PURE MALT"},{"@type":"BreadcrumbList","@id":"https:\/\/alchemy-asia.com\/vi\/san-pham\/the-matsui-sakura-cask\/#breadcrumb","itemListElement":[{"@type":"ListItem","position":1,"name":"Home","item":"https:\/\/alchemy-asia.com\/vi\/"},{"@type":"ListItem","position":2,"name":"The Matsui Sakura Cask"}]},{"@type":"WebSite","@id":"https:\/\/alchemy-asia.com\/vi\/#website","url":"https:\/\/alchemy-asia.com\/vi\/","name":"Alchemy Asia","description":"Just another Alchemy Asia Sites site","potentialAction":[{"@type":"SearchAction","target":{"@type":"EntryPoint","urlTemplate":"https:\/\/alchemy-asia.com\/vi\/?s={search_term_string}"},"query-input":"required name=search_term_string"}],"inLanguage":"vi"}]}},"_links":{"self":[{"href":"https:\/\/alchemy-asia.com\/vi\/wp-json\/wp\/v2\/product\/8763","targetHints":{"allow":["GET"]}}],"collection":[{"href":"https:\/\/alchemy-asia.com\/vi\/wp-json\/wp\/v2\/product"}],"about":[{"href":"https:\/\/alchemy-asia.com\/vi\/wp-json\/wp\/v2\/types\/product"}],"replies":[{"embeddable":true,"href":"https:\/\/alchemy-asia.com\/vi\/wp-json\/wp\/v2\/comments?post=8763"}],"wp:featuredmedia":[{"embeddable":true,"href":"https:\/\/alchemy-asia.com\/vi\/wp-json\/wp\/v2\/media\/8764"}],"wp:attachment":[{"href":"https:\/\/alchemy-asia.com\/vi\/wp-json\/wp\/v2\/media?parent=8763"}],"wp:term":[{"taxonomy":"product_cat","embeddable":true,"href":"https:\/\/alchemy-asia.com\/vi\/wp-json\/wp\/v2\/product_cat?post=8763"},{"taxonomy":"product_tag","embeddable":true,"href":"https:\/\/alchemy-asia.com\/vi\/wp-json\/wp\/v2\/product_tag?post=8763"}],"curies":[{"name":"wp","href":"https:\/\/api.w.org\/{rel}","templated":true}]}}