{"id":8768,"date":"2024-09-10T08:38:36","date_gmt":"2024-09-10T08:38:36","guid":{"rendered":"https:\/\/alchemy-asia.com\/vi\/?post_type=product&#038;p=8768"},"modified":"2024-09-12T09:44:25","modified_gmt":"2024-09-12T09:44:25","slug":"the-macallan-30-years-old-double-cask","status":"publish","type":"product","link":"https:\/\/alchemy-asia.com\/vi\/san-pham\/the-macallan-30-years-old-double-cask\/","title":{"rendered":"The Macallan 30 Years Old Double Cask"},"content":{"rendered":"","protected":false},"excerpt":{"rendered":"<p>Thu\u1ed9c d\u00f2ng s\u1ea3n ph\u1ea9m Double Cask, The Macallan Double Cask 30 Years Old l\u00e0 m\u1ed9t trong nh\u1eefng s\u1ea3n ph\u1ea9m ch\u1ee7 l\u1ef1c c\u1ee7a nh\u00e3n h\u00e0ng The Macallan v\u00e0 th\u1ec3 hi\u1ec7n h\u01b0\u01a1ng v\u1ecb \u0111\u1eb7c tr\u01b0ng, ch\u1ea5t l\u01b0\u1ee3ng c\u0169ng nh\u01b0 s\u1ef1 c\u1ed1ng hi\u1ebfn c\u1ee7a ch\u00fang t\u00f4i trong vi\u1ec7c t\u1ea1o ra m\u1ed9t lo\u1ea1i r\u01b0\u1ee3u m\u1ea1ch nha \u0111\u01a1n c\u00f3 m\u1ed9t kh\u00f4ng hai.<\/p>\n<p>The Macallan Double Cask 30 Years Old l\u00e0 m\u1ed9t lo\u1ea1i r\u01b0\u1ee3u m\u1ea1ch nha \u0111\u01a1n \u0111\u01b0\u1ee3c ch\u01b0ng c\u1ea5t ho\u00e0n h\u1ea3o, \u0111\u01b0\u1ee3c \u1ee7 trong nh\u1eefng th\u00f9ng r\u01b0\u1ee3u g\u1ed7 s\u1ed3i Ch\u00e2u M\u1ef9 v\u00e0 Ch\u00e2u \u00c2u \u0111\u00e3 ph\u01a1i qua sherry, t\u1ea1o n\u00ean h\u01b0\u01a1ng v\u1ecb h\u00e0i h\u00f2a c\u1ee7a k\u1eb9o b\u01a1 c\u1ee9ng v\u00e0 tr\u00e1i c\u00e2y t\u01b0\u01a1i &#8211; c\u1ee5 th\u1ec3 l\u00e0 vani, qu\u1ebf v\u00e0 c\u00e2y \u0103n qu\u1ea3. &#8221;<br \/>\nM\u1ed9t s\u1ef1 k\u1ebft h\u1ee3p ho\u00e0n h\u1ea3o, g\u1ed7 s\u1ed3i M\u1ef9 Sherry d\u00e0y d\u1eb7n mang \u0111\u1ebfn h\u01b0\u01a1ng v\u1ecb tinh t\u1ebf, ng\u1ecdt ng\u00e0o, trong khi g\u1ed7 s\u1ed3i Ch\u00e2u \u00c2u mang \u0111\u1ebfn phong c\u00e1ch tinh t\u1ebf v\u00e0 c\u1ed5 \u0111i\u1ec3n c\u1ee7a The Macallan. M\u1ed9t lo\u1ea1i whisky r\u1ea5t \u0111\u1eb7c bi\u1ec7t \u0111\u1ec3 th\u01b0\u1edfng th\u1ee9c v\u1edbi h\u01b0\u01a1ng v\u1ecb phong ph\u00fa v\u00e0 ph\u1ee9c h\u01a1\u0323p.<br \/>\nM\u00e0u s\u1eafc: Qu\u1ea3 s\u1ed3i v\u00e0ng v\u00e0 100% t\u1ef1 nhi\u00ean.<br \/>\nH\u01b0\u01a1ng vi\u0323: S\u00e1p ong t\u01b0\u01a1i, k\u1eb9o b\u01a1 c\u1ee9ng ng\u1ecdt, t\u00e1o \u0111\u1ecf, qu\u1ea3 sung \u0111\u01b0\u1ee3c caramel h\u00f3a v\u00e0 vani.<br \/>\nMu\u0300i vi\u0323: M\u1ed9t giai \u0111i\u1ec7u m\u01b0\u1ee3t m\u00e0 c\u1ee7a qu\u1ebf, g\u1eebng v\u00e0 nh\u1ee5c \u0111\u1eadu kh\u1ea5u v\u1edbi vani Madagascan, tr\u00e1i c\u00e2y s\u1ea5y kh\u00f4 v\u00e0 g\u1ed7 s\u1ed3i.<br \/>\nH\u00e2\u0323u vi\u0323: H\u01b0\u01a1ng g\u1ed7 s\u1ed3i ng\u1ecdt ng\u00e0o v\u00e0 ch\u00fat h\u01b0\u01a1ng vani.<\/p>\n","protected":false},"featured_media":8902,"comment_status":"open","ping_status":"closed","template":"","meta":{"_acf_changed":false},"product_cat":[58],"product_tag":[],"class_list":{"0":"post-8768","1":"product","2":"type-product","3":"status-publish","4":"has-post-thumbnail","6":"product_cat-scotch-whisky-single-malt","7":"brand-the-macallan","9":"first","10":"instock","11":"shipping-taxable","12":"product-type-simple"},"acf":[],"yoast_head":"<!-- This site is optimized with the Yoast SEO plugin v23.0 - https:\/\/yoast.com\/wordpress\/plugins\/seo\/ -->\n<title>The Macallan 30 Years Old Double Cask - Alchemy Asia<\/title>\n<meta name=\"robots\" content=\"index, follow, max-snippet:-1, max-image-preview:large, max-video-preview:-1\" \/>\n<link rel=\"canonical\" href=\"https:\/\/alchemy-asia.com\/vi\/san-pham\/the-macallan-30-years-old-double-cask\/\" \/>\n<meta property=\"og:locale\" content=\"vi_VN\" \/>\n<meta property=\"og:type\" content=\"article\" \/>\n<meta property=\"og:title\" content=\"The Macallan 30 Years Old Double Cask - Alchemy Asia\" \/>\n<meta property=\"og:description\" content=\"Thu\u1ed9c d\u00f2ng s\u1ea3n ph\u1ea9m Double Cask, The Macallan Double Cask 30 Years Old l\u00e0 m\u1ed9t trong nh\u1eefng s\u1ea3n ph\u1ea9m ch\u1ee7 l\u1ef1c c\u1ee7a nh\u00e3n h\u00e0ng The Macallan v\u00e0 th\u1ec3 hi\u1ec7n h\u01b0\u01a1ng v\u1ecb \u0111\u1eb7c tr\u01b0ng, ch\u1ea5t l\u01b0\u1ee3ng c\u0169ng nh\u01b0 s\u1ef1 c\u1ed1ng hi\u1ebfn c\u1ee7a ch\u00fang t\u00f4i trong vi\u1ec7c t\u1ea1o ra m\u1ed9t lo\u1ea1i r\u01b0\u1ee3u m\u1ea1ch nha \u0111\u01a1n c\u00f3 m\u1ed9t kh\u00f4ng hai.  The Macallan Double Cask 30 Years Old l\u00e0 m\u1ed9t lo\u1ea1i r\u01b0\u1ee3u m\u1ea1ch nha \u0111\u01a1n \u0111\u01b0\u1ee3c ch\u01b0ng c\u1ea5t ho\u00e0n h\u1ea3o, \u0111\u01b0\u1ee3c \u1ee7 trong nh\u1eefng th\u00f9ng r\u01b0\u1ee3u g\u1ed7 s\u1ed3i Ch\u00e2u M\u1ef9 v\u00e0 Ch\u00e2u \u00c2u \u0111\u00e3 ph\u01a1i qua sherry, t\u1ea1o n\u00ean h\u01b0\u01a1ng v\u1ecb h\u00e0i h\u00f2a c\u1ee7a k\u1eb9o b\u01a1 c\u1ee9ng v\u00e0 tr\u00e1i c\u00e2y t\u01b0\u01a1i - c\u1ee5 th\u1ec3 l\u00e0 vani, qu\u1ebf v\u00e0 c\u00e2y \u0103n qu\u1ea3. &quot; M\u1ed9t s\u1ef1 k\u1ebft h\u1ee3p ho\u00e0n h\u1ea3o, g\u1ed7 s\u1ed3i M\u1ef9 Sherry d\u00e0y d\u1eb7n mang \u0111\u1ebfn h\u01b0\u01a1ng v\u1ecb tinh t\u1ebf, ng\u1ecdt ng\u00e0o, trong khi g\u1ed7 s\u1ed3i Ch\u00e2u \u00c2u mang \u0111\u1ebfn phong c\u00e1ch tinh t\u1ebf v\u00e0 c\u1ed5 \u0111i\u1ec3n c\u1ee7a The Macallan. M\u1ed9t lo\u1ea1i whisky r\u1ea5t \u0111\u1eb7c bi\u1ec7t \u0111\u1ec3 th\u01b0\u1edfng th\u1ee9c v\u1edbi h\u01b0\u01a1ng v\u1ecb phong ph\u00fa v\u00e0 ph\u1ee9c h\u01a1\u0323p. M\u00e0u s\u1eafc: Qu\u1ea3 s\u1ed3i v\u00e0ng v\u00e0 100% t\u1ef1 nhi\u00ean. H\u01b0\u01a1ng vi\u0323: S\u00e1p ong t\u01b0\u01a1i, k\u1eb9o b\u01a1 c\u1ee9ng ng\u1ecdt, t\u00e1o \u0111\u1ecf, qu\u1ea3 sung \u0111\u01b0\u1ee3c caramel h\u00f3a v\u00e0 vani. Mu\u0300i vi\u0323: M\u1ed9t giai \u0111i\u1ec7u m\u01b0\u1ee3t m\u00e0 c\u1ee7a qu\u1ebf, g\u1eebng v\u00e0 nh\u1ee5c \u0111\u1eadu kh\u1ea5u v\u1edbi vani Madagascan, tr\u00e1i c\u00e2y s\u1ea5y kh\u00f4 v\u00e0 g\u1ed7 s\u1ed3i. H\u00e2\u0323u vi\u0323: H\u01b0\u01a1ng g\u1ed7 s\u1ed3i ng\u1ecdt ng\u00e0o v\u00e0 ch\u00fat h\u01b0\u01a1ng vani.\" \/>\n<meta property=\"og:url\" content=\"https:\/\/alchemy-asia.com\/vi\/san-pham\/the-macallan-30-years-old-double-cask\/\" \/>\n<meta property=\"og:site_name\" content=\"Alchemy Asia\" \/>\n<meta property=\"article:modified_time\" content=\"2024-09-12T09:44:25+00:00\" \/>\n<meta property=\"og:image\" content=\"https:\/\/alchemy-asia.com\/vi\/wp-content\/uploads\/sites\/3\/2024\/09\/WEBSITE-6-1024x1024.png\" \/>\n\t<meta property=\"og:image:width\" content=\"1024\" \/>\n\t<meta property=\"og:image:height\" content=\"1024\" \/>\n\t<meta property=\"og:image:type\" content=\"image\/png\" \/>\n<meta name=\"twitter:card\" content=\"summary_large_image\" \/>\n<meta name=\"twitter:label1\" content=\"\u01af\u1edbc t\u00ednh th\u1eddi gian \u0111\u1ecdc\" \/>\n\t<meta name=\"twitter:data1\" content=\"1 ph\u00fat\" \/>\n<script type=\"application\/ld+json\" class=\"yoast-schema-graph\">{\"@context\":\"https:\/\/schema.org\",\"@graph\":[{\"@type\":\"WebPage\",\"@id\":\"https:\/\/alchemy-asia.com\/vi\/san-pham\/the-macallan-30-years-old-double-cask\/\",\"url\":\"https:\/\/alchemy-asia.com\/vi\/san-pham\/the-macallan-30-years-old-double-cask\/\",\"name\":\"The Macallan 30 Years Old Double Cask - Alchemy Asia\",\"isPartOf\":{\"@id\":\"https:\/\/alchemy-asia.com\/vi\/#website\"},\"primaryImageOfPage\":{\"@id\":\"https:\/\/alchemy-asia.com\/vi\/san-pham\/the-macallan-30-years-old-double-cask\/#primaryimage\"},\"image\":{\"@id\":\"https:\/\/alchemy-asia.com\/vi\/san-pham\/the-macallan-30-years-old-double-cask\/#primaryimage\"},\"thumbnailUrl\":\"https:\/\/alchemy-asia.com\/vi\/wp-content\/uploads\/sites\/3\/2024\/09\/WEBSITE-6.png\",\"datePublished\":\"2024-09-10T08:38:36+00:00\",\"dateModified\":\"2024-09-12T09:44:25+00:00\",\"breadcrumb\":{\"@id\":\"https:\/\/alchemy-asia.com\/vi\/san-pham\/the-macallan-30-years-old-double-cask\/#breadcrumb\"},\"inLanguage\":\"vi\",\"potentialAction\":[{\"@type\":\"ReadAction\",\"target\":[\"https:\/\/alchemy-asia.com\/vi\/san-pham\/the-macallan-30-years-old-double-cask\/\"]}]},{\"@type\":\"ImageObject\",\"inLanguage\":\"vi\",\"@id\":\"https:\/\/alchemy-asia.com\/vi\/san-pham\/the-macallan-30-years-old-double-cask\/#primaryimage\",\"url\":\"https:\/\/alchemy-asia.com\/vi\/wp-content\/uploads\/sites\/3\/2024\/09\/WEBSITE-6.png\",\"contentUrl\":\"https:\/\/alchemy-asia.com\/vi\/wp-content\/uploads\/sites\/3\/2024\/09\/WEBSITE-6.png\",\"width\":2480,\"height\":2480,\"caption\":\"The Macallan 30 Years Old Double Cask\"},{\"@type\":\"BreadcrumbList\",\"@id\":\"https:\/\/alchemy-asia.com\/vi\/san-pham\/the-macallan-30-years-old-double-cask\/#breadcrumb\",\"itemListElement\":[{\"@type\":\"ListItem\",\"position\":1,\"name\":\"Home\",\"item\":\"https:\/\/alchemy-asia.com\/vi\/\"},{\"@type\":\"ListItem\",\"position\":2,\"name\":\"The Macallan 30 Years Old Double Cask\"}]},{\"@type\":\"WebSite\",\"@id\":\"https:\/\/alchemy-asia.com\/vi\/#website\",\"url\":\"https:\/\/alchemy-asia.com\/vi\/\",\"name\":\"Alchemy Asia\",\"description\":\"Just another Alchemy Asia Sites site\",\"potentialAction\":[{\"@type\":\"SearchAction\",\"target\":{\"@type\":\"EntryPoint\",\"urlTemplate\":\"https:\/\/alchemy-asia.com\/vi\/?s={search_term_string}\"},\"query-input\":\"required name=search_term_string\"}],\"inLanguage\":\"vi\"}]}<\/script>\n<!-- \/ Yoast SEO plugin. -->","yoast_head_json":{"title":"The Macallan 30 Years Old Double Cask - Alchemy Asia","robots":{"index":"index","follow":"follow","max-snippet":"max-snippet:-1","max-image-preview":"max-image-preview:large","max-video-preview":"max-video-preview:-1"},"canonical":"https:\/\/alchemy-asia.com\/vi\/san-pham\/the-macallan-30-years-old-double-cask\/","og_locale":"vi_VN","og_type":"article","og_title":"The Macallan 30 Years Old Double Cask - Alchemy Asia","og_description":"Thu\u1ed9c d\u00f2ng s\u1ea3n ph\u1ea9m Double Cask, The Macallan Double Cask 30 Years Old l\u00e0 m\u1ed9t trong nh\u1eefng s\u1ea3n ph\u1ea9m ch\u1ee7 l\u1ef1c c\u1ee7a nh\u00e3n h\u00e0ng The Macallan v\u00e0 th\u1ec3 hi\u1ec7n h\u01b0\u01a1ng v\u1ecb \u0111\u1eb7c tr\u01b0ng, ch\u1ea5t l\u01b0\u1ee3ng c\u0169ng nh\u01b0 s\u1ef1 c\u1ed1ng hi\u1ebfn c\u1ee7a ch\u00fang t\u00f4i trong vi\u1ec7c t\u1ea1o ra m\u1ed9t lo\u1ea1i r\u01b0\u1ee3u m\u1ea1ch nha \u0111\u01a1n c\u00f3 m\u1ed9t kh\u00f4ng hai.  The Macallan Double Cask 30 Years Old l\u00e0 m\u1ed9t lo\u1ea1i r\u01b0\u1ee3u m\u1ea1ch nha \u0111\u01a1n \u0111\u01b0\u1ee3c ch\u01b0ng c\u1ea5t ho\u00e0n h\u1ea3o, \u0111\u01b0\u1ee3c \u1ee7 trong nh\u1eefng th\u00f9ng r\u01b0\u1ee3u g\u1ed7 s\u1ed3i Ch\u00e2u M\u1ef9 v\u00e0 Ch\u00e2u \u00c2u \u0111\u00e3 ph\u01a1i qua sherry, t\u1ea1o n\u00ean h\u01b0\u01a1ng v\u1ecb h\u00e0i h\u00f2a c\u1ee7a k\u1eb9o b\u01a1 c\u1ee9ng v\u00e0 tr\u00e1i c\u00e2y t\u01b0\u01a1i - c\u1ee5 th\u1ec3 l\u00e0 vani, qu\u1ebf v\u00e0 c\u00e2y \u0103n qu\u1ea3. \" M\u1ed9t s\u1ef1 k\u1ebft h\u1ee3p ho\u00e0n h\u1ea3o, g\u1ed7 s\u1ed3i M\u1ef9 Sherry d\u00e0y d\u1eb7n mang \u0111\u1ebfn h\u01b0\u01a1ng v\u1ecb tinh t\u1ebf, ng\u1ecdt ng\u00e0o, trong khi g\u1ed7 s\u1ed3i Ch\u00e2u \u00c2u mang \u0111\u1ebfn phong c\u00e1ch tinh t\u1ebf v\u00e0 c\u1ed5 \u0111i\u1ec3n c\u1ee7a The Macallan. M\u1ed9t lo\u1ea1i whisky r\u1ea5t \u0111\u1eb7c bi\u1ec7t \u0111\u1ec3 th\u01b0\u1edfng th\u1ee9c v\u1edbi h\u01b0\u01a1ng v\u1ecb phong ph\u00fa v\u00e0 ph\u1ee9c h\u01a1\u0323p. M\u00e0u s\u1eafc: Qu\u1ea3 s\u1ed3i v\u00e0ng v\u00e0 100% t\u1ef1 nhi\u00ean. H\u01b0\u01a1ng vi\u0323: S\u00e1p ong t\u01b0\u01a1i, k\u1eb9o b\u01a1 c\u1ee9ng ng\u1ecdt, t\u00e1o \u0111\u1ecf, qu\u1ea3 sung \u0111\u01b0\u1ee3c caramel h\u00f3a v\u00e0 vani. Mu\u0300i vi\u0323: M\u1ed9t giai \u0111i\u1ec7u m\u01b0\u1ee3t m\u00e0 c\u1ee7a qu\u1ebf, g\u1eebng v\u00e0 nh\u1ee5c \u0111\u1eadu kh\u1ea5u v\u1edbi vani Madagascan, tr\u00e1i c\u00e2y s\u1ea5y kh\u00f4 v\u00e0 g\u1ed7 s\u1ed3i. H\u00e2\u0323u vi\u0323: H\u01b0\u01a1ng g\u1ed7 s\u1ed3i ng\u1ecdt ng\u00e0o v\u00e0 ch\u00fat h\u01b0\u01a1ng vani.","og_url":"https:\/\/alchemy-asia.com\/vi\/san-pham\/the-macallan-30-years-old-double-cask\/","og_site_name":"Alchemy Asia","article_modified_time":"2024-09-12T09:44:25+00:00","og_image":[{"width":1024,"height":1024,"url":"https:\/\/alchemy-asia.com\/vi\/wp-content\/uploads\/sites\/3\/2024\/09\/WEBSITE-6-1024x1024.png","type":"image\/png"}],"twitter_card":"summary_large_image","twitter_misc":{"\u01af\u1edbc t\u00ednh th\u1eddi gian \u0111\u1ecdc":"1 ph\u00fat"},"schema":{"@context":"https:\/\/schema.org","@graph":[{"@type":"WebPage","@id":"https:\/\/alchemy-asia.com\/vi\/san-pham\/the-macallan-30-years-old-double-cask\/","url":"https:\/\/alchemy-asia.com\/vi\/san-pham\/the-macallan-30-years-old-double-cask\/","name":"The Macallan 30 Years Old Double Cask - Alchemy Asia","isPartOf":{"@id":"https:\/\/alchemy-asia.com\/vi\/#website"},"primaryImageOfPage":{"@id":"https:\/\/alchemy-asia.com\/vi\/san-pham\/the-macallan-30-years-old-double-cask\/#primaryimage"},"image":{"@id":"https:\/\/alchemy-asia.com\/vi\/san-pham\/the-macallan-30-years-old-double-cask\/#primaryimage"},"thumbnailUrl":"https:\/\/alchemy-asia.com\/vi\/wp-content\/uploads\/sites\/3\/2024\/09\/WEBSITE-6.png","datePublished":"2024-09-10T08:38:36+00:00","dateModified":"2024-09-12T09:44:25+00:00","breadcrumb":{"@id":"https:\/\/alchemy-asia.com\/vi\/san-pham\/the-macallan-30-years-old-double-cask\/#breadcrumb"},"inLanguage":"vi","potentialAction":[{"@type":"ReadAction","target":["https:\/\/alchemy-asia.com\/vi\/san-pham\/the-macallan-30-years-old-double-cask\/"]}]},{"@type":"ImageObject","inLanguage":"vi","@id":"https:\/\/alchemy-asia.com\/vi\/san-pham\/the-macallan-30-years-old-double-cask\/#primaryimage","url":"https:\/\/alchemy-asia.com\/vi\/wp-content\/uploads\/sites\/3\/2024\/09\/WEBSITE-6.png","contentUrl":"https:\/\/alchemy-asia.com\/vi\/wp-content\/uploads\/sites\/3\/2024\/09\/WEBSITE-6.png","width":2480,"height":2480,"caption":"The Macallan 30 Years Old Double Cask"},{"@type":"BreadcrumbList","@id":"https:\/\/alchemy-asia.com\/vi\/san-pham\/the-macallan-30-years-old-double-cask\/#breadcrumb","itemListElement":[{"@type":"ListItem","position":1,"name":"Home","item":"https:\/\/alchemy-asia.com\/vi\/"},{"@type":"ListItem","position":2,"name":"The Macallan 30 Years Old Double Cask"}]},{"@type":"WebSite","@id":"https:\/\/alchemy-asia.com\/vi\/#website","url":"https:\/\/alchemy-asia.com\/vi\/","name":"Alchemy Asia","description":"Just another Alchemy Asia Sites site","potentialAction":[{"@type":"SearchAction","target":{"@type":"EntryPoint","urlTemplate":"https:\/\/alchemy-asia.com\/vi\/?s={search_term_string}"},"query-input":"required name=search_term_string"}],"inLanguage":"vi"}]}},"_links":{"self":[{"href":"https:\/\/alchemy-asia.com\/vi\/wp-json\/wp\/v2\/product\/8768","targetHints":{"allow":["GET"]}}],"collection":[{"href":"https:\/\/alchemy-asia.com\/vi\/wp-json\/wp\/v2\/product"}],"about":[{"href":"https:\/\/alchemy-asia.com\/vi\/wp-json\/wp\/v2\/types\/product"}],"replies":[{"embeddable":true,"href":"https:\/\/alchemy-asia.com\/vi\/wp-json\/wp\/v2\/comments?post=8768"}],"wp:featuredmedia":[{"embeddable":true,"href":"https:\/\/alchemy-asia.com\/vi\/wp-json\/wp\/v2\/media\/8902"}],"wp:attachment":[{"href":"https:\/\/alchemy-asia.com\/vi\/wp-json\/wp\/v2\/media?parent=8768"}],"wp:term":[{"taxonomy":"product_cat","embeddable":true,"href":"https:\/\/alchemy-asia.com\/vi\/wp-json\/wp\/v2\/product_cat?post=8768"},{"taxonomy":"product_tag","embeddable":true,"href":"https:\/\/alchemy-asia.com\/vi\/wp-json\/wp\/v2\/product_tag?post=8768"}],"curies":[{"name":"wp","href":"https:\/\/api.w.org\/{rel}","templated":true}]}}