{"id":8771,"date":"2024-09-10T08:38:28","date_gmt":"2024-09-10T08:38:28","guid":{"rendered":"https:\/\/alchemy-asia.com\/vi\/?post_type=product&#038;p=8771"},"modified":"2024-09-10T08:38:28","modified_gmt":"2024-09-10T08:38:28","slug":"the-macallan-a-night-on-earth-2023","status":"publish","type":"product","link":"https:\/\/alchemy-asia.com\/vi\/san-pham\/the-macallan-a-night-on-earth-2023\/","title":{"rendered":"The Macallan A Night On Earth 2023"},"content":{"rendered":"","protected":false},"excerpt":{"rendered":"<p>The Macallan A Night On Earth &#8211; The Journey l\u00e0 phi\u00ean b\u1ea3n gi\u1edbi h\u1ea1n th\u1ee9 hai \u0111\u01b0\u1ee3c t\u1ea1o ra \u0111\u1ec3 t\u01b0\u1ee3ng tr\u01b0ng cho h\u00e0nh tr\u00ecnh \u0111o\u00e0n t\u1ee5 v\u1edbi ng\u01b0\u1eddi th\u00e2n y\u00eau c\u1ee7a ch\u00fang ta trong d\u1ecbp n\u0103m m\u1edbi v\u00e0 nh\u1eefng kho\u1ea3nh kh\u1eafc \u0111\u1ed9c \u0111\u00e1o kh\u00f3 qu\u00ean tr\u00ean kh\u1eafp th\u1ebf gi\u1edbi khi ch\u00fang ta g\u1eb7p g\u1ee1 nhau.<br \/>\nN\u1ed0T H\u01af\u01a0NG V\u1eca<br \/>\nH\u01af\u01a0NG V\u1eca: G\u1ed7 s\u1ed3i n\u01b0\u1edbng, h\u01b0\u01a1ng c\u01a1m khi v\u1eeba ch\u00edn, pudding n\u01b0\u1edbc c\u1ed1t d\u1eeba,<br \/>\ncam\/qu\u00fdt, b\u00e1nh quy vani v\u00e0 y\u1ebfn m\u1ea1ch.<br \/>\nM\u00d9I V\u1eca: S\u1ef1 b\u00f9ng n\u1ed5 c\u1ee7a cam\/qu\u00fdt &#8211; chanh v\u1edbi kem vani ng\u1ecdt ng\u00e0o v\u00e0<br \/>\nd\u1eeba n\u01b0\u1edbng.<br \/>\nH\u1eacU V\u1eca: V\u1ecb ng\u1ecdt v\u1eeba ph\u1ea3i c\u1ee7a g\u1ed7 s\u1ed3i n\u01b0\u1edbng v\u00e0 vani.<br \/>\nABV: 43%<\/p>\n","protected":false},"featured_media":8780,"comment_status":"open","ping_status":"closed","template":"","meta":{"_acf_changed":false},"product_cat":[58],"product_tag":[],"class_list":{"0":"post-8771","1":"product","2":"type-product","3":"status-publish","4":"has-post-thumbnail","6":"product_cat-scotch-whisky-single-malt","7":"brand-the-macallan","9":"first","10":"instock","11":"shipping-taxable","12":"product-type-simple"},"acf":[],"yoast_head":"<!-- This site is optimized with the Yoast SEO plugin v23.0 - https:\/\/yoast.com\/wordpress\/plugins\/seo\/ -->\n<title>The Macallan A Night On Earth 2023 - Alchemy Asia<\/title>\n<meta name=\"robots\" content=\"index, follow, max-snippet:-1, max-image-preview:large, max-video-preview:-1\" \/>\n<link rel=\"canonical\" href=\"https:\/\/alchemy-asia.com\/vi\/san-pham\/the-macallan-a-night-on-earth-2023\/\" \/>\n<meta property=\"og:locale\" content=\"vi_VN\" \/>\n<meta property=\"og:type\" content=\"article\" \/>\n<meta property=\"og:title\" content=\"The Macallan A Night On Earth 2023 - Alchemy Asia\" \/>\n<meta property=\"og:description\" content=\"The Macallan A Night On Earth - The Journey l\u00e0 phi\u00ean b\u1ea3n gi\u1edbi h\u1ea1n th\u1ee9 hai \u0111\u01b0\u1ee3c t\u1ea1o ra \u0111\u1ec3 t\u01b0\u1ee3ng tr\u01b0ng cho h\u00e0nh tr\u00ecnh \u0111o\u00e0n t\u1ee5 v\u1edbi ng\u01b0\u1eddi th\u00e2n y\u00eau c\u1ee7a ch\u00fang ta trong d\u1ecbp n\u0103m m\u1edbi v\u00e0 nh\u1eefng kho\u1ea3nh kh\u1eafc \u0111\u1ed9c \u0111\u00e1o kh\u00f3 qu\u00ean tr\u00ean kh\u1eafp th\u1ebf gi\u1edbi khi ch\u00fang ta g\u1eb7p g\u1ee1 nhau. N\u1ed0T H\u01af\u01a0NG V\u1eca H\u01af\u01a0NG V\u1eca: G\u1ed7 s\u1ed3i n\u01b0\u1edbng, h\u01b0\u01a1ng c\u01a1m khi v\u1eeba ch\u00edn, pudding n\u01b0\u1edbc c\u1ed1t d\u1eeba, cam\/qu\u00fdt, b\u00e1nh quy vani v\u00e0 y\u1ebfn m\u1ea1ch. M\u00d9I V\u1eca: S\u1ef1 b\u00f9ng n\u1ed5 c\u1ee7a cam\/qu\u00fdt - chanh v\u1edbi kem vani ng\u1ecdt ng\u00e0o v\u00e0 d\u1eeba n\u01b0\u1edbng. H\u1eacU V\u1eca: V\u1ecb ng\u1ecdt v\u1eeba ph\u1ea3i c\u1ee7a g\u1ed7 s\u1ed3i n\u01b0\u1edbng v\u00e0 vani. ABV: 43%\" \/>\n<meta property=\"og:url\" content=\"https:\/\/alchemy-asia.com\/vi\/san-pham\/the-macallan-a-night-on-earth-2023\/\" \/>\n<meta property=\"og:site_name\" content=\"Alchemy Asia\" \/>\n<meta property=\"og:image\" content=\"https:\/\/alchemy-asia.com\/vi\/wp-content\/uploads\/sites\/3\/2024\/07\/WEBSITE-3.png\" \/>\n\t<meta property=\"og:image:width\" content=\"2480\" \/>\n\t<meta property=\"og:image:height\" content=\"2480\" \/>\n\t<meta property=\"og:image:type\" content=\"image\/png\" \/>\n<meta name=\"twitter:card\" content=\"summary_large_image\" \/>\n<meta name=\"twitter:label1\" content=\"\u01af\u1edbc t\u00ednh th\u1eddi gian \u0111\u1ecdc\" \/>\n\t<meta name=\"twitter:data1\" content=\"1 ph\u00fat\" \/>\n<script type=\"application\/ld+json\" class=\"yoast-schema-graph\">{\"@context\":\"https:\/\/schema.org\",\"@graph\":[{\"@type\":\"WebPage\",\"@id\":\"https:\/\/alchemy-asia.com\/vi\/san-pham\/the-macallan-a-night-on-earth-2023\/\",\"url\":\"https:\/\/alchemy-asia.com\/vi\/san-pham\/the-macallan-a-night-on-earth-2023\/\",\"name\":\"The Macallan A Night On Earth 2023 - Alchemy Asia\",\"isPartOf\":{\"@id\":\"https:\/\/alchemy-asia.com\/vi\/#website\"},\"primaryImageOfPage\":{\"@id\":\"https:\/\/alchemy-asia.com\/vi\/san-pham\/the-macallan-a-night-on-earth-2023\/#primaryimage\"},\"image\":{\"@id\":\"https:\/\/alchemy-asia.com\/vi\/san-pham\/the-macallan-a-night-on-earth-2023\/#primaryimage\"},\"thumbnailUrl\":\"https:\/\/alchemy-asia.com\/vi\/wp-content\/uploads\/sites\/3\/2024\/07\/WEBSITE-3.png\",\"datePublished\":\"2024-09-10T08:38:28+00:00\",\"dateModified\":\"2024-09-10T08:38:28+00:00\",\"breadcrumb\":{\"@id\":\"https:\/\/alchemy-asia.com\/vi\/san-pham\/the-macallan-a-night-on-earth-2023\/#breadcrumb\"},\"inLanguage\":\"vi\",\"potentialAction\":[{\"@type\":\"ReadAction\",\"target\":[\"https:\/\/alchemy-asia.com\/vi\/san-pham\/the-macallan-a-night-on-earth-2023\/\"]}]},{\"@type\":\"ImageObject\",\"inLanguage\":\"vi\",\"@id\":\"https:\/\/alchemy-asia.com\/vi\/san-pham\/the-macallan-a-night-on-earth-2023\/#primaryimage\",\"url\":\"https:\/\/alchemy-asia.com\/vi\/wp-content\/uploads\/sites\/3\/2024\/07\/WEBSITE-3.png\",\"contentUrl\":\"https:\/\/alchemy-asia.com\/vi\/wp-content\/uploads\/sites\/3\/2024\/07\/WEBSITE-3.png\",\"width\":2480,\"height\":2480,\"caption\":\"The Macallan A Night On Earth 2023\"},{\"@type\":\"BreadcrumbList\",\"@id\":\"https:\/\/alchemy-asia.com\/vi\/san-pham\/the-macallan-a-night-on-earth-2023\/#breadcrumb\",\"itemListElement\":[{\"@type\":\"ListItem\",\"position\":1,\"name\":\"Home\",\"item\":\"https:\/\/alchemy-asia.com\/vi\/\"},{\"@type\":\"ListItem\",\"position\":2,\"name\":\"The Macallan A Night On Earth 2023\"}]},{\"@type\":\"WebSite\",\"@id\":\"https:\/\/alchemy-asia.com\/vi\/#website\",\"url\":\"https:\/\/alchemy-asia.com\/vi\/\",\"name\":\"Alchemy Asia\",\"description\":\"Just another Alchemy Asia Sites site\",\"potentialAction\":[{\"@type\":\"SearchAction\",\"target\":{\"@type\":\"EntryPoint\",\"urlTemplate\":\"https:\/\/alchemy-asia.com\/vi\/?s={search_term_string}\"},\"query-input\":\"required name=search_term_string\"}],\"inLanguage\":\"vi\"}]}<\/script>\n<!-- \/ Yoast SEO plugin. -->","yoast_head_json":{"title":"The Macallan A Night On Earth 2023 - Alchemy Asia","robots":{"index":"index","follow":"follow","max-snippet":"max-snippet:-1","max-image-preview":"max-image-preview:large","max-video-preview":"max-video-preview:-1"},"canonical":"https:\/\/alchemy-asia.com\/vi\/san-pham\/the-macallan-a-night-on-earth-2023\/","og_locale":"vi_VN","og_type":"article","og_title":"The Macallan A Night On Earth 2023 - Alchemy Asia","og_description":"The Macallan A Night On Earth - The Journey l\u00e0 phi\u00ean b\u1ea3n gi\u1edbi h\u1ea1n th\u1ee9 hai \u0111\u01b0\u1ee3c t\u1ea1o ra \u0111\u1ec3 t\u01b0\u1ee3ng tr\u01b0ng cho h\u00e0nh tr\u00ecnh \u0111o\u00e0n t\u1ee5 v\u1edbi ng\u01b0\u1eddi th\u00e2n y\u00eau c\u1ee7a ch\u00fang ta trong d\u1ecbp n\u0103m m\u1edbi v\u00e0 nh\u1eefng kho\u1ea3nh kh\u1eafc \u0111\u1ed9c \u0111\u00e1o kh\u00f3 qu\u00ean tr\u00ean kh\u1eafp th\u1ebf gi\u1edbi khi ch\u00fang ta g\u1eb7p g\u1ee1 nhau. N\u1ed0T H\u01af\u01a0NG V\u1eca H\u01af\u01a0NG V\u1eca: G\u1ed7 s\u1ed3i n\u01b0\u1edbng, h\u01b0\u01a1ng c\u01a1m khi v\u1eeba ch\u00edn, pudding n\u01b0\u1edbc c\u1ed1t d\u1eeba, cam\/qu\u00fdt, b\u00e1nh quy vani v\u00e0 y\u1ebfn m\u1ea1ch. M\u00d9I V\u1eca: S\u1ef1 b\u00f9ng n\u1ed5 c\u1ee7a cam\/qu\u00fdt - chanh v\u1edbi kem vani ng\u1ecdt ng\u00e0o v\u00e0 d\u1eeba n\u01b0\u1edbng. H\u1eacU V\u1eca: V\u1ecb ng\u1ecdt v\u1eeba ph\u1ea3i c\u1ee7a g\u1ed7 s\u1ed3i n\u01b0\u1edbng v\u00e0 vani. ABV: 43%","og_url":"https:\/\/alchemy-asia.com\/vi\/san-pham\/the-macallan-a-night-on-earth-2023\/","og_site_name":"Alchemy Asia","og_image":[{"width":2480,"height":2480,"url":"https:\/\/alchemy-asia.com\/vi\/wp-content\/uploads\/sites\/3\/2024\/07\/WEBSITE-3.png","type":"image\/png"}],"twitter_card":"summary_large_image","twitter_misc":{"\u01af\u1edbc t\u00ednh th\u1eddi gian \u0111\u1ecdc":"1 ph\u00fat"},"schema":{"@context":"https:\/\/schema.org","@graph":[{"@type":"WebPage","@id":"https:\/\/alchemy-asia.com\/vi\/san-pham\/the-macallan-a-night-on-earth-2023\/","url":"https:\/\/alchemy-asia.com\/vi\/san-pham\/the-macallan-a-night-on-earth-2023\/","name":"The Macallan A Night On Earth 2023 - Alchemy Asia","isPartOf":{"@id":"https:\/\/alchemy-asia.com\/vi\/#website"},"primaryImageOfPage":{"@id":"https:\/\/alchemy-asia.com\/vi\/san-pham\/the-macallan-a-night-on-earth-2023\/#primaryimage"},"image":{"@id":"https:\/\/alchemy-asia.com\/vi\/san-pham\/the-macallan-a-night-on-earth-2023\/#primaryimage"},"thumbnailUrl":"https:\/\/alchemy-asia.com\/vi\/wp-content\/uploads\/sites\/3\/2024\/07\/WEBSITE-3.png","datePublished":"2024-09-10T08:38:28+00:00","dateModified":"2024-09-10T08:38:28+00:00","breadcrumb":{"@id":"https:\/\/alchemy-asia.com\/vi\/san-pham\/the-macallan-a-night-on-earth-2023\/#breadcrumb"},"inLanguage":"vi","potentialAction":[{"@type":"ReadAction","target":["https:\/\/alchemy-asia.com\/vi\/san-pham\/the-macallan-a-night-on-earth-2023\/"]}]},{"@type":"ImageObject","inLanguage":"vi","@id":"https:\/\/alchemy-asia.com\/vi\/san-pham\/the-macallan-a-night-on-earth-2023\/#primaryimage","url":"https:\/\/alchemy-asia.com\/vi\/wp-content\/uploads\/sites\/3\/2024\/07\/WEBSITE-3.png","contentUrl":"https:\/\/alchemy-asia.com\/vi\/wp-content\/uploads\/sites\/3\/2024\/07\/WEBSITE-3.png","width":2480,"height":2480,"caption":"The Macallan A Night On Earth 2023"},{"@type":"BreadcrumbList","@id":"https:\/\/alchemy-asia.com\/vi\/san-pham\/the-macallan-a-night-on-earth-2023\/#breadcrumb","itemListElement":[{"@type":"ListItem","position":1,"name":"Home","item":"https:\/\/alchemy-asia.com\/vi\/"},{"@type":"ListItem","position":2,"name":"The Macallan A Night On Earth 2023"}]},{"@type":"WebSite","@id":"https:\/\/alchemy-asia.com\/vi\/#website","url":"https:\/\/alchemy-asia.com\/vi\/","name":"Alchemy Asia","description":"Just another Alchemy Asia Sites site","potentialAction":[{"@type":"SearchAction","target":{"@type":"EntryPoint","urlTemplate":"https:\/\/alchemy-asia.com\/vi\/?s={search_term_string}"},"query-input":"required name=search_term_string"}],"inLanguage":"vi"}]}},"_links":{"self":[{"href":"https:\/\/alchemy-asia.com\/vi\/wp-json\/wp\/v2\/product\/8771","targetHints":{"allow":["GET"]}}],"collection":[{"href":"https:\/\/alchemy-asia.com\/vi\/wp-json\/wp\/v2\/product"}],"about":[{"href":"https:\/\/alchemy-asia.com\/vi\/wp-json\/wp\/v2\/types\/product"}],"replies":[{"embeddable":true,"href":"https:\/\/alchemy-asia.com\/vi\/wp-json\/wp\/v2\/comments?post=8771"}],"wp:featuredmedia":[{"embeddable":true,"href":"https:\/\/alchemy-asia.com\/vi\/wp-json\/wp\/v2\/media\/8780"}],"wp:attachment":[{"href":"https:\/\/alchemy-asia.com\/vi\/wp-json\/wp\/v2\/media?parent=8771"}],"wp:term":[{"taxonomy":"product_cat","embeddable":true,"href":"https:\/\/alchemy-asia.com\/vi\/wp-json\/wp\/v2\/product_cat?post=8771"},{"taxonomy":"product_tag","embeddable":true,"href":"https:\/\/alchemy-asia.com\/vi\/wp-json\/wp\/v2\/product_tag?post=8771"}],"curies":[{"name":"wp","href":"https:\/\/api.w.org\/{rel}","templated":true}]}}