{"id":8774,"date":"2024-09-10T08:38:32","date_gmt":"2024-09-10T08:38:32","guid":{"rendered":"https:\/\/alchemy-asia.com\/vi\/?post_type=product&#038;p=8774"},"modified":"2024-09-10T08:38:32","modified_gmt":"2024-09-10T08:38:32","slug":"the-macallan-harmony-collection-2023","status":"publish","type":"product","link":"https:\/\/alchemy-asia.com\/vi\/san-pham\/the-macallan-harmony-collection-2023\/","title":{"rendered":"The Macallan Harmony Collection 2023"},"content":{"rendered":"","protected":false},"excerpt":{"rendered":"<p><span data-sheets-root=\"1\">M\u00e0u s\u1eafc: V\u00e0ng cam.<br \/>\nH\u01b0\u01a1ng vi\u0323: K\u00ea\u0301t h\u01a1\u0323p cam v\u00e0 chanh, kim ng\u00e2n hoa, vani, d\u1eeba v\u00e0 c\u00e1nh \u0111\u1ed3ng l\u00faa m\u1ea1ch ch\u00edn.<br \/>\nMu\u0300i v\u1ecb: H\u01b0\u01a1ng v\u1ecb \u0111\u1eadm \u0111\u00e0 c\u1ee7a g\u1ed7 s\u1ed3i, chanh, d\u01b0a l\u01b0\u01a1\u0301i, b\u00e1nh n\u01b0\u1edbng c\u1ed5 \u0111i\u1ec3n, h\u1ea1nh nh\u00e2n v\u00e0 tr\u00e0 xanh.<br \/>\nH\u00e2\u0323u vi\u0323: \u0110\u00e2\u0323m \u0111a\u0300, ng\u1ecdt ng\u00e0o, k\u00e9o d\u00e0i v\u00e0 ph\u1ee9c h\u01a1\u0323p.<br \/>\n<\/span><\/p>\n<p><span data-sheets-root=\"1\">L\u00e0 s\u1ea3n ph\u1ea9m k\u1ebft h\u1ee3p c\u00f9ng c\u1eb7p \u0111\u00f4i ch\u1ecb em Stella v\u00e0 Mary McCartney, The Harmony Collection III &#8211; Amber Meadow t\u00f4n vinh s\u1ef1 t\u01b0\u01a1i t\u1ed1t v\u00e0 m\u00e0u m\u1ee1 c\u1ee7a v\u00f9ng \u0111\u1ea5t Scotland &#8211; \u0111i\u1ec1u k\u1ebft n\u1ed1i nh\u1eefng con ng\u01b0\u1eddi c\u1ee7a v\u00f9ng \u0111\u1ea5t n\u00e0y qua nhi\u1ec1u th\u1ebf h\u1ec7.<\/span><span data-sheets-root=\"1\"><br \/>\nThe Macallan Harmony III &#8211; Amber Meadow \u0111\u01b0\u1ee3c \u0111\u1eb7t t\u00ean d\u1ef1a tr\u00ean nh\u1eefng k\u00fd \u1ee9c tu\u1ed5i th\u01a1 c\u1ee7a Stella v\u00e0 Mary McCartney tr\u00ean nh\u1eefng c\u00e1nh \u0111\u1ed3ng nhu\u1ed9m m\u00e0u h\u1ed5 ph\u00e1ch t\u1ea1i trang tr\u1ea1i c\u1ee7a gia \u0111\u00ecnh \u1edf v\u00f9ng n\u00f4ng th\u00f4n Scotland.<\/span><\/p>\n","protected":false},"featured_media":8776,"comment_status":"open","ping_status":"closed","template":"","meta":{"_acf_changed":false},"product_cat":[58],"product_tag":[],"class_list":{"0":"post-8774","1":"product","2":"type-product","3":"status-publish","4":"has-post-thumbnail","6":"product_cat-scotch-whisky-single-malt","7":"brand-the-macallan","9":"first","10":"instock","11":"shipping-taxable","12":"product-type-simple"},"acf":[],"yoast_head":"<!-- This site is optimized with the Yoast SEO plugin v23.0 - https:\/\/yoast.com\/wordpress\/plugins\/seo\/ -->\n<title>The Macallan Harmony Collection 2023 - Alchemy Asia<\/title>\n<meta name=\"robots\" content=\"index, follow, max-snippet:-1, max-image-preview:large, max-video-preview:-1\" \/>\n<link rel=\"canonical\" href=\"https:\/\/alchemy-asia.com\/vi\/san-pham\/the-macallan-harmony-collection-2023\/\" \/>\n<meta property=\"og:locale\" content=\"vi_VN\" \/>\n<meta property=\"og:type\" content=\"article\" \/>\n<meta property=\"og:title\" content=\"The Macallan Harmony Collection 2023 - Alchemy Asia\" \/>\n<meta property=\"og:description\" content=\"M\u00e0u s\u1eafc: V\u00e0ng cam. H\u01b0\u01a1ng vi\u0323: K\u00ea\u0301t h\u01a1\u0323p cam v\u00e0 chanh, kim ng\u00e2n hoa, vani, d\u1eeba v\u00e0 c\u00e1nh \u0111\u1ed3ng l\u00faa m\u1ea1ch ch\u00edn. Mu\u0300i v\u1ecb: H\u01b0\u01a1ng v\u1ecb \u0111\u1eadm \u0111\u00e0 c\u1ee7a g\u1ed7 s\u1ed3i, chanh, d\u01b0a l\u01b0\u01a1\u0301i, b\u00e1nh n\u01b0\u1edbng c\u1ed5 \u0111i\u1ec3n, h\u1ea1nh nh\u00e2n v\u00e0 tr\u00e0 xanh. H\u00e2\u0323u vi\u0323: \u0110\u00e2\u0323m \u0111a\u0300, ng\u1ecdt ng\u00e0o, k\u00e9o d\u00e0i v\u00e0 ph\u1ee9c h\u01a1\u0323p.   L\u00e0 s\u1ea3n ph\u1ea9m k\u1ebft h\u1ee3p c\u00f9ng c\u1eb7p \u0111\u00f4i ch\u1ecb em Stella v\u00e0 Mary McCartney, The Harmony Collection III - Amber Meadow t\u00f4n vinh s\u1ef1 t\u01b0\u01a1i t\u1ed1t v\u00e0 m\u00e0u m\u1ee1 c\u1ee7a v\u00f9ng \u0111\u1ea5t Scotland - \u0111i\u1ec1u k\u1ebft n\u1ed1i nh\u1eefng con ng\u01b0\u1eddi c\u1ee7a v\u00f9ng \u0111\u1ea5t n\u00e0y qua nhi\u1ec1u th\u1ebf h\u1ec7. The Macallan Harmony III - Amber Meadow \u0111\u01b0\u1ee3c \u0111\u1eb7t t\u00ean d\u1ef1a tr\u00ean nh\u1eefng k\u00fd \u1ee9c tu\u1ed5i th\u01a1 c\u1ee7a Stella v\u00e0 Mary McCartney tr\u00ean nh\u1eefng c\u00e1nh \u0111\u1ed3ng nhu\u1ed9m m\u00e0u h\u1ed5 ph\u00e1ch t\u1ea1i trang tr\u1ea1i c\u1ee7a gia \u0111\u00ecnh \u1edf v\u00f9ng n\u00f4ng th\u00f4n Scotland.\" \/>\n<meta property=\"og:url\" content=\"https:\/\/alchemy-asia.com\/vi\/san-pham\/the-macallan-harmony-collection-2023\/\" \/>\n<meta property=\"og:site_name\" content=\"Alchemy Asia\" \/>\n<meta property=\"og:image\" content=\"https:\/\/alchemy-asia.com\/vi\/wp-content\/uploads\/sites\/3\/2024\/07\/The-Macallan-Harmony-III.png\" \/>\n\t<meta property=\"og:image:width\" content=\"2100\" \/>\n\t<meta property=\"og:image:height\" content=\"2100\" \/>\n\t<meta property=\"og:image:type\" content=\"image\/png\" \/>\n<meta name=\"twitter:card\" content=\"summary_large_image\" \/>\n<meta name=\"twitter:label1\" content=\"\u01af\u1edbc t\u00ednh th\u1eddi gian \u0111\u1ecdc\" \/>\n\t<meta name=\"twitter:data1\" content=\"1 ph\u00fat\" \/>\n<script type=\"application\/ld+json\" class=\"yoast-schema-graph\">{\"@context\":\"https:\/\/schema.org\",\"@graph\":[{\"@type\":\"WebPage\",\"@id\":\"https:\/\/alchemy-asia.com\/vi\/san-pham\/the-macallan-harmony-collection-2023\/\",\"url\":\"https:\/\/alchemy-asia.com\/vi\/san-pham\/the-macallan-harmony-collection-2023\/\",\"name\":\"The Macallan Harmony Collection 2023 - Alchemy Asia\",\"isPartOf\":{\"@id\":\"https:\/\/alchemy-asia.com\/vi\/#website\"},\"primaryImageOfPage\":{\"@id\":\"https:\/\/alchemy-asia.com\/vi\/san-pham\/the-macallan-harmony-collection-2023\/#primaryimage\"},\"image\":{\"@id\":\"https:\/\/alchemy-asia.com\/vi\/san-pham\/the-macallan-harmony-collection-2023\/#primaryimage\"},\"thumbnailUrl\":\"https:\/\/alchemy-asia.com\/vi\/wp-content\/uploads\/sites\/3\/2024\/07\/The-Macallan-Harmony-III.png\",\"datePublished\":\"2024-09-10T08:38:32+00:00\",\"dateModified\":\"2024-09-10T08:38:32+00:00\",\"breadcrumb\":{\"@id\":\"https:\/\/alchemy-asia.com\/vi\/san-pham\/the-macallan-harmony-collection-2023\/#breadcrumb\"},\"inLanguage\":\"vi\",\"potentialAction\":[{\"@type\":\"ReadAction\",\"target\":[\"https:\/\/alchemy-asia.com\/vi\/san-pham\/the-macallan-harmony-collection-2023\/\"]}]},{\"@type\":\"ImageObject\",\"inLanguage\":\"vi\",\"@id\":\"https:\/\/alchemy-asia.com\/vi\/san-pham\/the-macallan-harmony-collection-2023\/#primaryimage\",\"url\":\"https:\/\/alchemy-asia.com\/vi\/wp-content\/uploads\/sites\/3\/2024\/07\/The-Macallan-Harmony-III.png\",\"contentUrl\":\"https:\/\/alchemy-asia.com\/vi\/wp-content\/uploads\/sites\/3\/2024\/07\/The-Macallan-Harmony-III.png\",\"width\":2100,\"height\":2100,\"caption\":\"The Macallan Harmony III\"},{\"@type\":\"BreadcrumbList\",\"@id\":\"https:\/\/alchemy-asia.com\/vi\/san-pham\/the-macallan-harmony-collection-2023\/#breadcrumb\",\"itemListElement\":[{\"@type\":\"ListItem\",\"position\":1,\"name\":\"Home\",\"item\":\"https:\/\/alchemy-asia.com\/vi\/\"},{\"@type\":\"ListItem\",\"position\":2,\"name\":\"The Macallan Harmony Collection 2023\"}]},{\"@type\":\"WebSite\",\"@id\":\"https:\/\/alchemy-asia.com\/vi\/#website\",\"url\":\"https:\/\/alchemy-asia.com\/vi\/\",\"name\":\"Alchemy Asia\",\"description\":\"Just another Alchemy Asia Sites site\",\"potentialAction\":[{\"@type\":\"SearchAction\",\"target\":{\"@type\":\"EntryPoint\",\"urlTemplate\":\"https:\/\/alchemy-asia.com\/vi\/?s={search_term_string}\"},\"query-input\":\"required name=search_term_string\"}],\"inLanguage\":\"vi\"}]}<\/script>\n<!-- \/ Yoast SEO plugin. -->","yoast_head_json":{"title":"The Macallan Harmony Collection 2023 - Alchemy Asia","robots":{"index":"index","follow":"follow","max-snippet":"max-snippet:-1","max-image-preview":"max-image-preview:large","max-video-preview":"max-video-preview:-1"},"canonical":"https:\/\/alchemy-asia.com\/vi\/san-pham\/the-macallan-harmony-collection-2023\/","og_locale":"vi_VN","og_type":"article","og_title":"The Macallan Harmony Collection 2023 - Alchemy Asia","og_description":"M\u00e0u s\u1eafc: V\u00e0ng cam. H\u01b0\u01a1ng vi\u0323: K\u00ea\u0301t h\u01a1\u0323p cam v\u00e0 chanh, kim ng\u00e2n hoa, vani, d\u1eeba v\u00e0 c\u00e1nh \u0111\u1ed3ng l\u00faa m\u1ea1ch ch\u00edn. Mu\u0300i v\u1ecb: H\u01b0\u01a1ng v\u1ecb \u0111\u1eadm \u0111\u00e0 c\u1ee7a g\u1ed7 s\u1ed3i, chanh, d\u01b0a l\u01b0\u01a1\u0301i, b\u00e1nh n\u01b0\u1edbng c\u1ed5 \u0111i\u1ec3n, h\u1ea1nh nh\u00e2n v\u00e0 tr\u00e0 xanh. H\u00e2\u0323u vi\u0323: \u0110\u00e2\u0323m \u0111a\u0300, ng\u1ecdt ng\u00e0o, k\u00e9o d\u00e0i v\u00e0 ph\u1ee9c h\u01a1\u0323p.   L\u00e0 s\u1ea3n ph\u1ea9m k\u1ebft h\u1ee3p c\u00f9ng c\u1eb7p \u0111\u00f4i ch\u1ecb em Stella v\u00e0 Mary McCartney, The Harmony Collection III - Amber Meadow t\u00f4n vinh s\u1ef1 t\u01b0\u01a1i t\u1ed1t v\u00e0 m\u00e0u m\u1ee1 c\u1ee7a v\u00f9ng \u0111\u1ea5t Scotland - \u0111i\u1ec1u k\u1ebft n\u1ed1i nh\u1eefng con ng\u01b0\u1eddi c\u1ee7a v\u00f9ng \u0111\u1ea5t n\u00e0y qua nhi\u1ec1u th\u1ebf h\u1ec7. The Macallan Harmony III - Amber Meadow \u0111\u01b0\u1ee3c \u0111\u1eb7t t\u00ean d\u1ef1a tr\u00ean nh\u1eefng k\u00fd \u1ee9c tu\u1ed5i th\u01a1 c\u1ee7a Stella v\u00e0 Mary McCartney tr\u00ean nh\u1eefng c\u00e1nh \u0111\u1ed3ng nhu\u1ed9m m\u00e0u h\u1ed5 ph\u00e1ch t\u1ea1i trang tr\u1ea1i c\u1ee7a gia \u0111\u00ecnh \u1edf v\u00f9ng n\u00f4ng th\u00f4n Scotland.","og_url":"https:\/\/alchemy-asia.com\/vi\/san-pham\/the-macallan-harmony-collection-2023\/","og_site_name":"Alchemy Asia","og_image":[{"width":2100,"height":2100,"url":"https:\/\/alchemy-asia.com\/vi\/wp-content\/uploads\/sites\/3\/2024\/07\/The-Macallan-Harmony-III.png","type":"image\/png"}],"twitter_card":"summary_large_image","twitter_misc":{"\u01af\u1edbc t\u00ednh th\u1eddi gian \u0111\u1ecdc":"1 ph\u00fat"},"schema":{"@context":"https:\/\/schema.org","@graph":[{"@type":"WebPage","@id":"https:\/\/alchemy-asia.com\/vi\/san-pham\/the-macallan-harmony-collection-2023\/","url":"https:\/\/alchemy-asia.com\/vi\/san-pham\/the-macallan-harmony-collection-2023\/","name":"The Macallan Harmony Collection 2023 - Alchemy Asia","isPartOf":{"@id":"https:\/\/alchemy-asia.com\/vi\/#website"},"primaryImageOfPage":{"@id":"https:\/\/alchemy-asia.com\/vi\/san-pham\/the-macallan-harmony-collection-2023\/#primaryimage"},"image":{"@id":"https:\/\/alchemy-asia.com\/vi\/san-pham\/the-macallan-harmony-collection-2023\/#primaryimage"},"thumbnailUrl":"https:\/\/alchemy-asia.com\/vi\/wp-content\/uploads\/sites\/3\/2024\/07\/The-Macallan-Harmony-III.png","datePublished":"2024-09-10T08:38:32+00:00","dateModified":"2024-09-10T08:38:32+00:00","breadcrumb":{"@id":"https:\/\/alchemy-asia.com\/vi\/san-pham\/the-macallan-harmony-collection-2023\/#breadcrumb"},"inLanguage":"vi","potentialAction":[{"@type":"ReadAction","target":["https:\/\/alchemy-asia.com\/vi\/san-pham\/the-macallan-harmony-collection-2023\/"]}]},{"@type":"ImageObject","inLanguage":"vi","@id":"https:\/\/alchemy-asia.com\/vi\/san-pham\/the-macallan-harmony-collection-2023\/#primaryimage","url":"https:\/\/alchemy-asia.com\/vi\/wp-content\/uploads\/sites\/3\/2024\/07\/The-Macallan-Harmony-III.png","contentUrl":"https:\/\/alchemy-asia.com\/vi\/wp-content\/uploads\/sites\/3\/2024\/07\/The-Macallan-Harmony-III.png","width":2100,"height":2100,"caption":"The Macallan Harmony III"},{"@type":"BreadcrumbList","@id":"https:\/\/alchemy-asia.com\/vi\/san-pham\/the-macallan-harmony-collection-2023\/#breadcrumb","itemListElement":[{"@type":"ListItem","position":1,"name":"Home","item":"https:\/\/alchemy-asia.com\/vi\/"},{"@type":"ListItem","position":2,"name":"The Macallan Harmony Collection 2023"}]},{"@type":"WebSite","@id":"https:\/\/alchemy-asia.com\/vi\/#website","url":"https:\/\/alchemy-asia.com\/vi\/","name":"Alchemy Asia","description":"Just another Alchemy Asia Sites site","potentialAction":[{"@type":"SearchAction","target":{"@type":"EntryPoint","urlTemplate":"https:\/\/alchemy-asia.com\/vi\/?s={search_term_string}"},"query-input":"required name=search_term_string"}],"inLanguage":"vi"}]}},"_links":{"self":[{"href":"https:\/\/alchemy-asia.com\/vi\/wp-json\/wp\/v2\/product\/8774","targetHints":{"allow":["GET"]}}],"collection":[{"href":"https:\/\/alchemy-asia.com\/vi\/wp-json\/wp\/v2\/product"}],"about":[{"href":"https:\/\/alchemy-asia.com\/vi\/wp-json\/wp\/v2\/types\/product"}],"replies":[{"embeddable":true,"href":"https:\/\/alchemy-asia.com\/vi\/wp-json\/wp\/v2\/comments?post=8774"}],"wp:featuredmedia":[{"embeddable":true,"href":"https:\/\/alchemy-asia.com\/vi\/wp-json\/wp\/v2\/media\/8776"}],"wp:attachment":[{"href":"https:\/\/alchemy-asia.com\/vi\/wp-json\/wp\/v2\/media?parent=8774"}],"wp:term":[{"taxonomy":"product_cat","embeddable":true,"href":"https:\/\/alchemy-asia.com\/vi\/wp-json\/wp\/v2\/product_cat?post=8774"},{"taxonomy":"product_tag","embeddable":true,"href":"https:\/\/alchemy-asia.com\/vi\/wp-json\/wp\/v2\/product_tag?post=8774"}],"curies":[{"name":"wp","href":"https:\/\/api.w.org\/{rel}","templated":true}]}}