{"id":8777,"date":"2024-09-10T08:38:30","date_gmt":"2024-09-10T08:38:30","guid":{"rendered":"https:\/\/alchemy-asia.com\/vi\/?post_type=product&#038;p=8777"},"modified":"2024-09-10T08:38:30","modified_gmt":"2024-09-10T08:38:30","slug":"the-macallan-harmony-collection-2022","status":"publish","type":"product","link":"https:\/\/alchemy-asia.com\/vi\/san-pham\/the-macallan-harmony-collection-2022\/","title":{"rendered":"The Macallan Harmony Collection 2022"},"content":{"rendered":"","protected":false},"excerpt":{"rendered":"<p><span data-sheets-root=\"1\">M\u00e0u s\u1eafc: Kem.<br \/>\nMu\u0300i vi\u0323: Tiramisu, cappuccino, b\u00e1nh g\u1eebng, nho kh\u00f4, h\u1ea1nh nh\u00e2n, g\u1ed7 s\u1ed3i ng\u1ecdt, vani.<br \/>\nMu\u0300i v\u1ecb: Espresso, s\u00f4 c\u00f4 la \u0111en, nho kh\u00f4, tiramisu, d\u00e2u \u0111en, vani, h\u1ea1t Brazil, g\u1ed7 s\u1ed3i ng\u1ecdt.<br \/>\nH\u00e2\u0323u vi\u0323: C\u00e0 ph\u00ea rang \u0111\u1eadm, dai, c\u00e2n b\u1eb1ng v\u00e0 ng\u1ecdt ng\u00e0o.<br \/>\nCa\u0301ch th\u01b0\u01a1\u0309ng th\u01b0\u0301c: K\u00ea\u0301t h\u01a1\u0323p v\u01a1\u0301i ca\u0300 ph\u00ea.<\/span><\/p>\n<p>H\u1ee3p t\u00e1c c\u00f9ng n\u0103m chuy\u00ean gia h\u00e0ng \u0111\u1ea7u trong l\u0129nh v\u1ef1c c\u00e0 ph\u00ea, The Macallan mang \u0111\u1ebfn s\u1ef1 h\u00f2a h\u1ee3p \u0111\u1eb7c bi\u1ec7t cho th\u1ebf gi\u1edbi whisky. \u0110\u01b0\u1ee3c t\u1ea1o ra b\u1edfi Whisky Maker Steven Bremmer, lo\u1ea1i r\u01b0\u1ee3u whisky m\u1ea1ch nha \u0111\u01a1n n\u00e0y mang \u0111\u1ebfn h\u01b0\u01a1ng v\u1ecb \u0111\u1ed9c \u0111\u00e1o c\u00f9ng tr\u1ea3i nghi\u1ec7m th\u01b0\u1edfng th\u1ee9c th\u00fa v\u1ecb khi k\u1ebft h\u1ee3p r\u01b0\u1ee3u whisky v\u00e0 c\u00e0 ph\u00ea c\u00f9ng nhau.<\/p>\n<p>The Macallan Harmony Collection II &#8211; Intense Arabica c\u0169ng ti\u1ebfp n\u1ed1i h\u00e0nh tr\u00ecnh kh\u00e1m ph\u00e1 v\u00e0 \u0111\u1ed5i m\u1edbi c\u1ee7a th\u01b0\u01a1ng hi\u1ec7u trong vi\u1ec7c s\u1eed d\u1ee5ng c\u00e1c ph\u1ee5 li\u1ec7u h\u1eefu c\u01a1 v\u00e0o bao b\u00ec s\u1ea3n ph\u1ea9m. D\u00f2ng s\u1ea3n ph\u1ea9m The Harmony Collection II &#8211; Intense Arabica \u0111\u01b0\u1ee3c tr\u00ecnh b\u00e0y trong h\u1ed9p \u0111\u1ef1ng c\u00f3 th\u1ec3 t\u00e1i ch\u1ebf 100% l\u00e0m t\u1eeb v\u1ecf h\u1ea1t c\u00e0 ph\u00ea &#8211; m\u1ed9t ph\u1ee5 ph\u1ea9m c\u1ee7a qu\u00e1 tr\u00ecnh pha ch\u1ebf c\u00e0 ph\u00ea.<\/p>\n","protected":false},"featured_media":8778,"comment_status":"open","ping_status":"closed","template":"","meta":{"_acf_changed":false},"product_cat":[58],"product_tag":[],"class_list":{"0":"post-8777","1":"product","2":"type-product","3":"status-publish","4":"has-post-thumbnail","6":"product_cat-scotch-whisky-single-malt","7":"brand-the-macallan","9":"first","10":"instock","11":"shipping-taxable","12":"product-type-simple"},"acf":[],"yoast_head":"<!-- This site is optimized with the Yoast SEO plugin v23.0 - https:\/\/yoast.com\/wordpress\/plugins\/seo\/ -->\n<title>The Macallan Harmony Collection 2022 - Alchemy Asia<\/title>\n<meta name=\"robots\" content=\"index, follow, max-snippet:-1, max-image-preview:large, max-video-preview:-1\" \/>\n<link rel=\"canonical\" href=\"https:\/\/alchemy-asia.com\/vi\/san-pham\/the-macallan-harmony-collection-2022\/\" \/>\n<meta property=\"og:locale\" content=\"vi_VN\" \/>\n<meta property=\"og:type\" content=\"article\" \/>\n<meta property=\"og:title\" content=\"The Macallan Harmony Collection 2022 - Alchemy Asia\" \/>\n<meta property=\"og:description\" content=\"M\u00e0u s\u1eafc: Kem. Mu\u0300i vi\u0323: Tiramisu, cappuccino, b\u00e1nh g\u1eebng, nho kh\u00f4, h\u1ea1nh nh\u00e2n, g\u1ed7 s\u1ed3i ng\u1ecdt, vani. Mu\u0300i v\u1ecb: Espresso, s\u00f4 c\u00f4 la \u0111en, nho kh\u00f4, tiramisu, d\u00e2u \u0111en, vani, h\u1ea1t Brazil, g\u1ed7 s\u1ed3i ng\u1ecdt. H\u00e2\u0323u vi\u0323: C\u00e0 ph\u00ea rang \u0111\u1eadm, dai, c\u00e2n b\u1eb1ng v\u00e0 ng\u1ecdt ng\u00e0o. Ca\u0301ch th\u01b0\u01a1\u0309ng th\u01b0\u0301c: K\u00ea\u0301t h\u01a1\u0323p v\u01a1\u0301i ca\u0300 ph\u00ea.  H\u1ee3p t\u00e1c c\u00f9ng n\u0103m chuy\u00ean gia h\u00e0ng \u0111\u1ea7u trong l\u0129nh v\u1ef1c c\u00e0 ph\u00ea, The Macallan mang \u0111\u1ebfn s\u1ef1 h\u00f2a h\u1ee3p \u0111\u1eb7c bi\u1ec7t cho th\u1ebf gi\u1edbi whisky. \u0110\u01b0\u1ee3c t\u1ea1o ra b\u1edfi Whisky Maker Steven Bremmer, lo\u1ea1i r\u01b0\u1ee3u whisky m\u1ea1ch nha \u0111\u01a1n n\u00e0y mang \u0111\u1ebfn h\u01b0\u01a1ng v\u1ecb \u0111\u1ed9c \u0111\u00e1o c\u00f9ng tr\u1ea3i nghi\u1ec7m th\u01b0\u1edfng th\u1ee9c th\u00fa v\u1ecb khi k\u1ebft h\u1ee3p r\u01b0\u1ee3u whisky v\u00e0 c\u00e0 ph\u00ea c\u00f9ng nhau.  The Macallan Harmony Collection II - Intense Arabica c\u0169ng ti\u1ebfp n\u1ed1i h\u00e0nh tr\u00ecnh kh\u00e1m ph\u00e1 v\u00e0 \u0111\u1ed5i m\u1edbi c\u1ee7a th\u01b0\u01a1ng hi\u1ec7u trong vi\u1ec7c s\u1eed d\u1ee5ng c\u00e1c ph\u1ee5 li\u1ec7u h\u1eefu c\u01a1 v\u00e0o bao b\u00ec s\u1ea3n ph\u1ea9m. D\u00f2ng s\u1ea3n ph\u1ea9m The Harmony Collection II - Intense Arabica \u0111\u01b0\u1ee3c tr\u00ecnh b\u00e0y trong h\u1ed9p \u0111\u1ef1ng c\u00f3 th\u1ec3 t\u00e1i ch\u1ebf 100% l\u00e0m t\u1eeb v\u1ecf h\u1ea1t c\u00e0 ph\u00ea - m\u1ed9t ph\u1ee5 ph\u1ea9m c\u1ee7a qu\u00e1 tr\u00ecnh pha ch\u1ebf c\u00e0 ph\u00ea.\" \/>\n<meta property=\"og:url\" content=\"https:\/\/alchemy-asia.com\/vi\/san-pham\/the-macallan-harmony-collection-2022\/\" \/>\n<meta property=\"og:site_name\" content=\"Alchemy Asia\" \/>\n<meta property=\"og:image\" content=\"https:\/\/alchemy-asia.com\/vi\/wp-content\/uploads\/sites\/3\/2024\/07\/The-Macallan-Harmony-II.png\" \/>\n\t<meta property=\"og:image:width\" content=\"2100\" \/>\n\t<meta property=\"og:image:height\" content=\"2100\" \/>\n\t<meta property=\"og:image:type\" content=\"image\/png\" \/>\n<meta name=\"twitter:card\" content=\"summary_large_image\" \/>\n<meta name=\"twitter:label1\" content=\"\u01af\u1edbc t\u00ednh th\u1eddi gian \u0111\u1ecdc\" \/>\n\t<meta name=\"twitter:data1\" content=\"1 ph\u00fat\" \/>\n<script type=\"application\/ld+json\" class=\"yoast-schema-graph\">{\"@context\":\"https:\/\/schema.org\",\"@graph\":[{\"@type\":\"WebPage\",\"@id\":\"https:\/\/alchemy-asia.com\/vi\/san-pham\/the-macallan-harmony-collection-2022\/\",\"url\":\"https:\/\/alchemy-asia.com\/vi\/san-pham\/the-macallan-harmony-collection-2022\/\",\"name\":\"The Macallan Harmony Collection 2022 - Alchemy Asia\",\"isPartOf\":{\"@id\":\"https:\/\/alchemy-asia.com\/vi\/#website\"},\"primaryImageOfPage\":{\"@id\":\"https:\/\/alchemy-asia.com\/vi\/san-pham\/the-macallan-harmony-collection-2022\/#primaryimage\"},\"image\":{\"@id\":\"https:\/\/alchemy-asia.com\/vi\/san-pham\/the-macallan-harmony-collection-2022\/#primaryimage\"},\"thumbnailUrl\":\"https:\/\/alchemy-asia.com\/vi\/wp-content\/uploads\/sites\/3\/2024\/07\/The-Macallan-Harmony-II.png\",\"datePublished\":\"2024-09-10T08:38:30+00:00\",\"dateModified\":\"2024-09-10T08:38:30+00:00\",\"breadcrumb\":{\"@id\":\"https:\/\/alchemy-asia.com\/vi\/san-pham\/the-macallan-harmony-collection-2022\/#breadcrumb\"},\"inLanguage\":\"vi\",\"potentialAction\":[{\"@type\":\"ReadAction\",\"target\":[\"https:\/\/alchemy-asia.com\/vi\/san-pham\/the-macallan-harmony-collection-2022\/\"]}]},{\"@type\":\"ImageObject\",\"inLanguage\":\"vi\",\"@id\":\"https:\/\/alchemy-asia.com\/vi\/san-pham\/the-macallan-harmony-collection-2022\/#primaryimage\",\"url\":\"https:\/\/alchemy-asia.com\/vi\/wp-content\/uploads\/sites\/3\/2024\/07\/The-Macallan-Harmony-II.png\",\"contentUrl\":\"https:\/\/alchemy-asia.com\/vi\/wp-content\/uploads\/sites\/3\/2024\/07\/The-Macallan-Harmony-II.png\",\"width\":2100,\"height\":2100,\"caption\":\"The Macallan Harmony II\"},{\"@type\":\"BreadcrumbList\",\"@id\":\"https:\/\/alchemy-asia.com\/vi\/san-pham\/the-macallan-harmony-collection-2022\/#breadcrumb\",\"itemListElement\":[{\"@type\":\"ListItem\",\"position\":1,\"name\":\"Home\",\"item\":\"https:\/\/alchemy-asia.com\/vi\/\"},{\"@type\":\"ListItem\",\"position\":2,\"name\":\"The Macallan Harmony Collection 2022\"}]},{\"@type\":\"WebSite\",\"@id\":\"https:\/\/alchemy-asia.com\/vi\/#website\",\"url\":\"https:\/\/alchemy-asia.com\/vi\/\",\"name\":\"Alchemy Asia\",\"description\":\"Just another Alchemy Asia Sites site\",\"potentialAction\":[{\"@type\":\"SearchAction\",\"target\":{\"@type\":\"EntryPoint\",\"urlTemplate\":\"https:\/\/alchemy-asia.com\/vi\/?s={search_term_string}\"},\"query-input\":\"required name=search_term_string\"}],\"inLanguage\":\"vi\"}]}<\/script>\n<!-- \/ Yoast SEO plugin. -->","yoast_head_json":{"title":"The Macallan Harmony Collection 2022 - Alchemy Asia","robots":{"index":"index","follow":"follow","max-snippet":"max-snippet:-1","max-image-preview":"max-image-preview:large","max-video-preview":"max-video-preview:-1"},"canonical":"https:\/\/alchemy-asia.com\/vi\/san-pham\/the-macallan-harmony-collection-2022\/","og_locale":"vi_VN","og_type":"article","og_title":"The Macallan Harmony Collection 2022 - Alchemy Asia","og_description":"M\u00e0u s\u1eafc: Kem. Mu\u0300i vi\u0323: Tiramisu, cappuccino, b\u00e1nh g\u1eebng, nho kh\u00f4, h\u1ea1nh nh\u00e2n, g\u1ed7 s\u1ed3i ng\u1ecdt, vani. Mu\u0300i v\u1ecb: Espresso, s\u00f4 c\u00f4 la \u0111en, nho kh\u00f4, tiramisu, d\u00e2u \u0111en, vani, h\u1ea1t Brazil, g\u1ed7 s\u1ed3i ng\u1ecdt. H\u00e2\u0323u vi\u0323: C\u00e0 ph\u00ea rang \u0111\u1eadm, dai, c\u00e2n b\u1eb1ng v\u00e0 ng\u1ecdt ng\u00e0o. Ca\u0301ch th\u01b0\u01a1\u0309ng th\u01b0\u0301c: K\u00ea\u0301t h\u01a1\u0323p v\u01a1\u0301i ca\u0300 ph\u00ea.  H\u1ee3p t\u00e1c c\u00f9ng n\u0103m chuy\u00ean gia h\u00e0ng \u0111\u1ea7u trong l\u0129nh v\u1ef1c c\u00e0 ph\u00ea, The Macallan mang \u0111\u1ebfn s\u1ef1 h\u00f2a h\u1ee3p \u0111\u1eb7c bi\u1ec7t cho th\u1ebf gi\u1edbi whisky. \u0110\u01b0\u1ee3c t\u1ea1o ra b\u1edfi Whisky Maker Steven Bremmer, lo\u1ea1i r\u01b0\u1ee3u whisky m\u1ea1ch nha \u0111\u01a1n n\u00e0y mang \u0111\u1ebfn h\u01b0\u01a1ng v\u1ecb \u0111\u1ed9c \u0111\u00e1o c\u00f9ng tr\u1ea3i nghi\u1ec7m th\u01b0\u1edfng th\u1ee9c th\u00fa v\u1ecb khi k\u1ebft h\u1ee3p r\u01b0\u1ee3u whisky v\u00e0 c\u00e0 ph\u00ea c\u00f9ng nhau.  The Macallan Harmony Collection II - Intense Arabica c\u0169ng ti\u1ebfp n\u1ed1i h\u00e0nh tr\u00ecnh kh\u00e1m ph\u00e1 v\u00e0 \u0111\u1ed5i m\u1edbi c\u1ee7a th\u01b0\u01a1ng hi\u1ec7u trong vi\u1ec7c s\u1eed d\u1ee5ng c\u00e1c ph\u1ee5 li\u1ec7u h\u1eefu c\u01a1 v\u00e0o bao b\u00ec s\u1ea3n ph\u1ea9m. D\u00f2ng s\u1ea3n ph\u1ea9m The Harmony Collection II - Intense Arabica \u0111\u01b0\u1ee3c tr\u00ecnh b\u00e0y trong h\u1ed9p \u0111\u1ef1ng c\u00f3 th\u1ec3 t\u00e1i ch\u1ebf 100% l\u00e0m t\u1eeb v\u1ecf h\u1ea1t c\u00e0 ph\u00ea - m\u1ed9t ph\u1ee5 ph\u1ea9m c\u1ee7a qu\u00e1 tr\u00ecnh pha ch\u1ebf c\u00e0 ph\u00ea.","og_url":"https:\/\/alchemy-asia.com\/vi\/san-pham\/the-macallan-harmony-collection-2022\/","og_site_name":"Alchemy Asia","og_image":[{"width":2100,"height":2100,"url":"https:\/\/alchemy-asia.com\/vi\/wp-content\/uploads\/sites\/3\/2024\/07\/The-Macallan-Harmony-II.png","type":"image\/png"}],"twitter_card":"summary_large_image","twitter_misc":{"\u01af\u1edbc t\u00ednh th\u1eddi gian \u0111\u1ecdc":"1 ph\u00fat"},"schema":{"@context":"https:\/\/schema.org","@graph":[{"@type":"WebPage","@id":"https:\/\/alchemy-asia.com\/vi\/san-pham\/the-macallan-harmony-collection-2022\/","url":"https:\/\/alchemy-asia.com\/vi\/san-pham\/the-macallan-harmony-collection-2022\/","name":"The Macallan Harmony Collection 2022 - Alchemy Asia","isPartOf":{"@id":"https:\/\/alchemy-asia.com\/vi\/#website"},"primaryImageOfPage":{"@id":"https:\/\/alchemy-asia.com\/vi\/san-pham\/the-macallan-harmony-collection-2022\/#primaryimage"},"image":{"@id":"https:\/\/alchemy-asia.com\/vi\/san-pham\/the-macallan-harmony-collection-2022\/#primaryimage"},"thumbnailUrl":"https:\/\/alchemy-asia.com\/vi\/wp-content\/uploads\/sites\/3\/2024\/07\/The-Macallan-Harmony-II.png","datePublished":"2024-09-10T08:38:30+00:00","dateModified":"2024-09-10T08:38:30+00:00","breadcrumb":{"@id":"https:\/\/alchemy-asia.com\/vi\/san-pham\/the-macallan-harmony-collection-2022\/#breadcrumb"},"inLanguage":"vi","potentialAction":[{"@type":"ReadAction","target":["https:\/\/alchemy-asia.com\/vi\/san-pham\/the-macallan-harmony-collection-2022\/"]}]},{"@type":"ImageObject","inLanguage":"vi","@id":"https:\/\/alchemy-asia.com\/vi\/san-pham\/the-macallan-harmony-collection-2022\/#primaryimage","url":"https:\/\/alchemy-asia.com\/vi\/wp-content\/uploads\/sites\/3\/2024\/07\/The-Macallan-Harmony-II.png","contentUrl":"https:\/\/alchemy-asia.com\/vi\/wp-content\/uploads\/sites\/3\/2024\/07\/The-Macallan-Harmony-II.png","width":2100,"height":2100,"caption":"The Macallan Harmony II"},{"@type":"BreadcrumbList","@id":"https:\/\/alchemy-asia.com\/vi\/san-pham\/the-macallan-harmony-collection-2022\/#breadcrumb","itemListElement":[{"@type":"ListItem","position":1,"name":"Home","item":"https:\/\/alchemy-asia.com\/vi\/"},{"@type":"ListItem","position":2,"name":"The Macallan Harmony Collection 2022"}]},{"@type":"WebSite","@id":"https:\/\/alchemy-asia.com\/vi\/#website","url":"https:\/\/alchemy-asia.com\/vi\/","name":"Alchemy Asia","description":"Just another Alchemy Asia Sites site","potentialAction":[{"@type":"SearchAction","target":{"@type":"EntryPoint","urlTemplate":"https:\/\/alchemy-asia.com\/vi\/?s={search_term_string}"},"query-input":"required name=search_term_string"}],"inLanguage":"vi"}]}},"_links":{"self":[{"href":"https:\/\/alchemy-asia.com\/vi\/wp-json\/wp\/v2\/product\/8777","targetHints":{"allow":["GET"]}}],"collection":[{"href":"https:\/\/alchemy-asia.com\/vi\/wp-json\/wp\/v2\/product"}],"about":[{"href":"https:\/\/alchemy-asia.com\/vi\/wp-json\/wp\/v2\/types\/product"}],"replies":[{"embeddable":true,"href":"https:\/\/alchemy-asia.com\/vi\/wp-json\/wp\/v2\/comments?post=8777"}],"wp:featuredmedia":[{"embeddable":true,"href":"https:\/\/alchemy-asia.com\/vi\/wp-json\/wp\/v2\/media\/8778"}],"wp:attachment":[{"href":"https:\/\/alchemy-asia.com\/vi\/wp-json\/wp\/v2\/media?parent=8777"}],"wp:term":[{"taxonomy":"product_cat","embeddable":true,"href":"https:\/\/alchemy-asia.com\/vi\/wp-json\/wp\/v2\/product_cat?post=8777"},{"taxonomy":"product_tag","embeddable":true,"href":"https:\/\/alchemy-asia.com\/vi\/wp-json\/wp\/v2\/product_tag?post=8777"}],"curies":[{"name":"wp","href":"https:\/\/api.w.org\/{rel}","templated":true}]}}