{"id":8779,"date":"2024-09-10T08:38:26","date_gmt":"2024-09-10T08:38:26","guid":{"rendered":"https:\/\/alchemy-asia.com\/vi\/?post_type=product&#038;p=8779"},"modified":"2024-09-10T08:38:26","modified_gmt":"2024-09-10T08:38:26","slug":"the-macallan-classic-cut","status":"publish","type":"product","link":"https:\/\/alchemy-asia.com\/vi\/san-pham\/the-macallan-classic-cut\/","title":{"rendered":"The Macallan Classic Cut"},"content":{"rendered":"","protected":false},"excerpt":{"rendered":"<p><span data-sheets-root=\"1\">S\u1edf h\u1eefu h\u01b0\u01a1ng v\u1ecb d\u1ecbu ng\u1ecdt h\u00f2a c\u00f9ng ch\u00fat cay \u1ea5m, Classic Cut l\u00e0 lo\u1ea1i whisky nh\u1eb9 nh\u00e0ng nh\u01b0ng c\u00f3 \u0111\u1ed9 ph\u1ee9c h\u1ee3p s\u00e2u s\u1eafc \u0111\u01b0\u1ee3c t\u1ea1o ra th\u00f4ng qua s\u1ef1 k\u1ebft h\u1ee3p gi\u1eefa c\u00e1c th\u00f9ng \u1ee7 r\u01b0\u1ee3u bourbon c\u0169 v\u00e0 c\u00e1c th\u00f9ng \u1ee7 r\u01b0\u1ee3u sherry t\u1eeb g\u1ed7 s\u1ed3i M\u1ef9 n\u1ed5i ti\u1ebfng c\u1ee7a The Macallan. D\u00f2ng s\u1ea3n ph\u1ea9m whisky Classic Cut c\u1ee7a The Macallan th\u1ec3 hi\u1ec7n r\u00f5 h\u01b0\u01a1ng v\u1ecb c\u1ee7a b\u00e1nh g\u1eebng, th\u1ea1ch tr\u00e1i c\u00e2y v\u00e0 b\u00f4t h\u1ea1nh nh\u00e2n d\u1ebbo marzipan, \u0111\u1ed3ng th\u1eddi c\u0169ng l\u00e0 l\u1ef1a ch\u1ecdn r\u01b0\u1ee3u n\u1ec1n ho\u00e0n h\u1ea3o v\u00e0 \u0111\u1ea7y s\u1ea3ng kho\u00e1i cho m\u1ed9t ly cocktail pha ch\u1ebf t\u1eeb whisky.<\/span><\/p>\n<p><span data-sheets-root=\"1\"><br \/>\nM\u00e0u s\u1eafc: G\u1ed7 s\u1ed3i v\u00e0ng v\u00e0 100% t\u1ef1 nhi\u00ean.<br \/>\nH\u01b0\u01a1ng vi\u0323: V\u1ecf v\u00e0 d\u1ea7u cam, vani t\u01b0\u01a1i v\u00e0 g\u1eebng v\u1edbi h\u01b0\u01a1ng v\u1ecb c\u1ee7a th\u1ea1ch tr\u00e1i c\u00e2y v\u00e0 b\u00e1nh h\u1ea1nh nh\u00e2n.<br \/>\nMu\u0300i v\u1ecb: G\u1ed7 s\u1ed3i t\u01b0\u01a1i, b\u00e1nh g\u1eebng, s\u1eefa tr\u1ee9ng vani v\u00e0 qu\u1ebf.<br \/>\nV\u1ecb n\u1ed5i b\u1eadt: G\u1eebng ng\u1ecdt.<br \/>\nH\u00e2\u0323u vi\u0323: V\u1ecb ng\u1ecdt v\u1eeba ph\u1ea3i v\u1edbi tr\u00e1i c\u00e2y c\u00f3 gia v\u1ecb.<br \/>\n<\/span><\/p>\n","protected":false},"featured_media":8781,"comment_status":"open","ping_status":"closed","template":"","meta":{"_acf_changed":false},"product_cat":[58],"product_tag":[],"class_list":{"0":"post-8779","1":"product","2":"type-product","3":"status-publish","4":"has-post-thumbnail","6":"product_cat-scotch-whisky-single-malt","7":"brand-the-macallan","9":"first","10":"instock","11":"shipping-taxable","12":"product-type-simple"},"acf":[],"yoast_head":"<!-- This site is optimized with the Yoast SEO plugin v23.0 - https:\/\/yoast.com\/wordpress\/plugins\/seo\/ -->\n<title>The Macallan Classic Cut - Alchemy Asia<\/title>\n<meta name=\"robots\" content=\"index, follow, max-snippet:-1, max-image-preview:large, max-video-preview:-1\" \/>\n<link rel=\"canonical\" href=\"https:\/\/alchemy-asia.com\/vi\/san-pham\/the-macallan-classic-cut\/\" \/>\n<meta property=\"og:locale\" content=\"vi_VN\" \/>\n<meta property=\"og:type\" content=\"article\" \/>\n<meta property=\"og:title\" content=\"The Macallan Classic Cut - Alchemy Asia\" \/>\n<meta property=\"og:description\" content=\"S\u1edf h\u1eefu h\u01b0\u01a1ng v\u1ecb d\u1ecbu ng\u1ecdt h\u00f2a c\u00f9ng ch\u00fat cay \u1ea5m, Classic Cut l\u00e0 lo\u1ea1i whisky nh\u1eb9 nh\u00e0ng nh\u01b0ng c\u00f3 \u0111\u1ed9 ph\u1ee9c h\u1ee3p s\u00e2u s\u1eafc \u0111\u01b0\u1ee3c t\u1ea1o ra th\u00f4ng qua s\u1ef1 k\u1ebft h\u1ee3p gi\u1eefa c\u00e1c th\u00f9ng \u1ee7 r\u01b0\u1ee3u bourbon c\u0169 v\u00e0 c\u00e1c th\u00f9ng \u1ee7 r\u01b0\u1ee3u sherry t\u1eeb g\u1ed7 s\u1ed3i M\u1ef9 n\u1ed5i ti\u1ebfng c\u1ee7a The Macallan. D\u00f2ng s\u1ea3n ph\u1ea9m whisky Classic Cut c\u1ee7a The Macallan th\u1ec3 hi\u1ec7n r\u00f5 h\u01b0\u01a1ng v\u1ecb c\u1ee7a b\u00e1nh g\u1eebng, th\u1ea1ch tr\u00e1i c\u00e2y v\u00e0 b\u00f4t h\u1ea1nh nh\u00e2n d\u1ebbo marzipan, \u0111\u1ed3ng th\u1eddi c\u0169ng l\u00e0 l\u1ef1a ch\u1ecdn r\u01b0\u1ee3u n\u1ec1n ho\u00e0n h\u1ea3o v\u00e0 \u0111\u1ea7y s\u1ea3ng kho\u00e1i cho m\u1ed9t ly cocktail pha ch\u1ebf t\u1eeb whisky.   M\u00e0u s\u1eafc: G\u1ed7 s\u1ed3i v\u00e0ng v\u00e0 100% t\u1ef1 nhi\u00ean. H\u01b0\u01a1ng vi\u0323: V\u1ecf v\u00e0 d\u1ea7u cam, vani t\u01b0\u01a1i v\u00e0 g\u1eebng v\u1edbi h\u01b0\u01a1ng v\u1ecb c\u1ee7a th\u1ea1ch tr\u00e1i c\u00e2y v\u00e0 b\u00e1nh h\u1ea1nh nh\u00e2n. Mu\u0300i v\u1ecb: G\u1ed7 s\u1ed3i t\u01b0\u01a1i, b\u00e1nh g\u1eebng, s\u1eefa tr\u1ee9ng vani v\u00e0 qu\u1ebf. V\u1ecb n\u1ed5i b\u1eadt: G\u1eebng ng\u1ecdt. H\u00e2\u0323u vi\u0323: V\u1ecb ng\u1ecdt v\u1eeba ph\u1ea3i v\u1edbi tr\u00e1i c\u00e2y c\u00f3 gia v\u1ecb.\" \/>\n<meta property=\"og:url\" content=\"https:\/\/alchemy-asia.com\/vi\/san-pham\/the-macallan-classic-cut\/\" \/>\n<meta property=\"og:site_name\" content=\"Alchemy Asia\" \/>\n<meta property=\"og:image\" content=\"https:\/\/alchemy-asia.com\/vi\/wp-content\/uploads\/sites\/3\/2024\/07\/The-Macallan-Classic-Cut.png\" \/>\n\t<meta property=\"og:image:width\" content=\"2100\" \/>\n\t<meta property=\"og:image:height\" content=\"2100\" \/>\n\t<meta property=\"og:image:type\" content=\"image\/png\" \/>\n<meta name=\"twitter:card\" content=\"summary_large_image\" \/>\n<meta name=\"twitter:label1\" content=\"\u01af\u1edbc t\u00ednh th\u1eddi gian \u0111\u1ecdc\" \/>\n\t<meta name=\"twitter:data1\" content=\"1 ph\u00fat\" \/>\n<script type=\"application\/ld+json\" class=\"yoast-schema-graph\">{\"@context\":\"https:\/\/schema.org\",\"@graph\":[{\"@type\":\"WebPage\",\"@id\":\"https:\/\/alchemy-asia.com\/vi\/san-pham\/the-macallan-classic-cut\/\",\"url\":\"https:\/\/alchemy-asia.com\/vi\/san-pham\/the-macallan-classic-cut\/\",\"name\":\"The Macallan Classic Cut - Alchemy Asia\",\"isPartOf\":{\"@id\":\"https:\/\/alchemy-asia.com\/vi\/#website\"},\"primaryImageOfPage\":{\"@id\":\"https:\/\/alchemy-asia.com\/vi\/san-pham\/the-macallan-classic-cut\/#primaryimage\"},\"image\":{\"@id\":\"https:\/\/alchemy-asia.com\/vi\/san-pham\/the-macallan-classic-cut\/#primaryimage\"},\"thumbnailUrl\":\"https:\/\/alchemy-asia.com\/vi\/wp-content\/uploads\/sites\/3\/2024\/07\/The-Macallan-Classic-Cut.png\",\"datePublished\":\"2024-09-10T08:38:26+00:00\",\"dateModified\":\"2024-09-10T08:38:26+00:00\",\"breadcrumb\":{\"@id\":\"https:\/\/alchemy-asia.com\/vi\/san-pham\/the-macallan-classic-cut\/#breadcrumb\"},\"inLanguage\":\"vi\",\"potentialAction\":[{\"@type\":\"ReadAction\",\"target\":[\"https:\/\/alchemy-asia.com\/vi\/san-pham\/the-macallan-classic-cut\/\"]}]},{\"@type\":\"ImageObject\",\"inLanguage\":\"vi\",\"@id\":\"https:\/\/alchemy-asia.com\/vi\/san-pham\/the-macallan-classic-cut\/#primaryimage\",\"url\":\"https:\/\/alchemy-asia.com\/vi\/wp-content\/uploads\/sites\/3\/2024\/07\/The-Macallan-Classic-Cut.png\",\"contentUrl\":\"https:\/\/alchemy-asia.com\/vi\/wp-content\/uploads\/sites\/3\/2024\/07\/The-Macallan-Classic-Cut.png\",\"width\":2100,\"height\":2100,\"caption\":\"The Macallan Classic Cut\"},{\"@type\":\"BreadcrumbList\",\"@id\":\"https:\/\/alchemy-asia.com\/vi\/san-pham\/the-macallan-classic-cut\/#breadcrumb\",\"itemListElement\":[{\"@type\":\"ListItem\",\"position\":1,\"name\":\"Home\",\"item\":\"https:\/\/alchemy-asia.com\/vi\/\"},{\"@type\":\"ListItem\",\"position\":2,\"name\":\"The Macallan Classic Cut\"}]},{\"@type\":\"WebSite\",\"@id\":\"https:\/\/alchemy-asia.com\/vi\/#website\",\"url\":\"https:\/\/alchemy-asia.com\/vi\/\",\"name\":\"Alchemy Asia\",\"description\":\"Just another Alchemy Asia Sites site\",\"potentialAction\":[{\"@type\":\"SearchAction\",\"target\":{\"@type\":\"EntryPoint\",\"urlTemplate\":\"https:\/\/alchemy-asia.com\/vi\/?s={search_term_string}\"},\"query-input\":\"required name=search_term_string\"}],\"inLanguage\":\"vi\"}]}<\/script>\n<!-- \/ Yoast SEO plugin. -->","yoast_head_json":{"title":"The Macallan Classic Cut - Alchemy Asia","robots":{"index":"index","follow":"follow","max-snippet":"max-snippet:-1","max-image-preview":"max-image-preview:large","max-video-preview":"max-video-preview:-1"},"canonical":"https:\/\/alchemy-asia.com\/vi\/san-pham\/the-macallan-classic-cut\/","og_locale":"vi_VN","og_type":"article","og_title":"The Macallan Classic Cut - Alchemy Asia","og_description":"S\u1edf h\u1eefu h\u01b0\u01a1ng v\u1ecb d\u1ecbu ng\u1ecdt h\u00f2a c\u00f9ng ch\u00fat cay \u1ea5m, Classic Cut l\u00e0 lo\u1ea1i whisky nh\u1eb9 nh\u00e0ng nh\u01b0ng c\u00f3 \u0111\u1ed9 ph\u1ee9c h\u1ee3p s\u00e2u s\u1eafc \u0111\u01b0\u1ee3c t\u1ea1o ra th\u00f4ng qua s\u1ef1 k\u1ebft h\u1ee3p gi\u1eefa c\u00e1c th\u00f9ng \u1ee7 r\u01b0\u1ee3u bourbon c\u0169 v\u00e0 c\u00e1c th\u00f9ng \u1ee7 r\u01b0\u1ee3u sherry t\u1eeb g\u1ed7 s\u1ed3i M\u1ef9 n\u1ed5i ti\u1ebfng c\u1ee7a The Macallan. D\u00f2ng s\u1ea3n ph\u1ea9m whisky Classic Cut c\u1ee7a The Macallan th\u1ec3 hi\u1ec7n r\u00f5 h\u01b0\u01a1ng v\u1ecb c\u1ee7a b\u00e1nh g\u1eebng, th\u1ea1ch tr\u00e1i c\u00e2y v\u00e0 b\u00f4t h\u1ea1nh nh\u00e2n d\u1ebbo marzipan, \u0111\u1ed3ng th\u1eddi c\u0169ng l\u00e0 l\u1ef1a ch\u1ecdn r\u01b0\u1ee3u n\u1ec1n ho\u00e0n h\u1ea3o v\u00e0 \u0111\u1ea7y s\u1ea3ng kho\u00e1i cho m\u1ed9t ly cocktail pha ch\u1ebf t\u1eeb whisky.   M\u00e0u s\u1eafc: G\u1ed7 s\u1ed3i v\u00e0ng v\u00e0 100% t\u1ef1 nhi\u00ean. H\u01b0\u01a1ng vi\u0323: V\u1ecf v\u00e0 d\u1ea7u cam, vani t\u01b0\u01a1i v\u00e0 g\u1eebng v\u1edbi h\u01b0\u01a1ng v\u1ecb c\u1ee7a th\u1ea1ch tr\u00e1i c\u00e2y v\u00e0 b\u00e1nh h\u1ea1nh nh\u00e2n. Mu\u0300i v\u1ecb: G\u1ed7 s\u1ed3i t\u01b0\u01a1i, b\u00e1nh g\u1eebng, s\u1eefa tr\u1ee9ng vani v\u00e0 qu\u1ebf. V\u1ecb n\u1ed5i b\u1eadt: G\u1eebng ng\u1ecdt. H\u00e2\u0323u vi\u0323: V\u1ecb ng\u1ecdt v\u1eeba ph\u1ea3i v\u1edbi tr\u00e1i c\u00e2y c\u00f3 gia v\u1ecb.","og_url":"https:\/\/alchemy-asia.com\/vi\/san-pham\/the-macallan-classic-cut\/","og_site_name":"Alchemy Asia","og_image":[{"width":2100,"height":2100,"url":"https:\/\/alchemy-asia.com\/vi\/wp-content\/uploads\/sites\/3\/2024\/07\/The-Macallan-Classic-Cut.png","type":"image\/png"}],"twitter_card":"summary_large_image","twitter_misc":{"\u01af\u1edbc t\u00ednh th\u1eddi gian \u0111\u1ecdc":"1 ph\u00fat"},"schema":{"@context":"https:\/\/schema.org","@graph":[{"@type":"WebPage","@id":"https:\/\/alchemy-asia.com\/vi\/san-pham\/the-macallan-classic-cut\/","url":"https:\/\/alchemy-asia.com\/vi\/san-pham\/the-macallan-classic-cut\/","name":"The Macallan Classic Cut - Alchemy Asia","isPartOf":{"@id":"https:\/\/alchemy-asia.com\/vi\/#website"},"primaryImageOfPage":{"@id":"https:\/\/alchemy-asia.com\/vi\/san-pham\/the-macallan-classic-cut\/#primaryimage"},"image":{"@id":"https:\/\/alchemy-asia.com\/vi\/san-pham\/the-macallan-classic-cut\/#primaryimage"},"thumbnailUrl":"https:\/\/alchemy-asia.com\/vi\/wp-content\/uploads\/sites\/3\/2024\/07\/The-Macallan-Classic-Cut.png","datePublished":"2024-09-10T08:38:26+00:00","dateModified":"2024-09-10T08:38:26+00:00","breadcrumb":{"@id":"https:\/\/alchemy-asia.com\/vi\/san-pham\/the-macallan-classic-cut\/#breadcrumb"},"inLanguage":"vi","potentialAction":[{"@type":"ReadAction","target":["https:\/\/alchemy-asia.com\/vi\/san-pham\/the-macallan-classic-cut\/"]}]},{"@type":"ImageObject","inLanguage":"vi","@id":"https:\/\/alchemy-asia.com\/vi\/san-pham\/the-macallan-classic-cut\/#primaryimage","url":"https:\/\/alchemy-asia.com\/vi\/wp-content\/uploads\/sites\/3\/2024\/07\/The-Macallan-Classic-Cut.png","contentUrl":"https:\/\/alchemy-asia.com\/vi\/wp-content\/uploads\/sites\/3\/2024\/07\/The-Macallan-Classic-Cut.png","width":2100,"height":2100,"caption":"The Macallan Classic Cut"},{"@type":"BreadcrumbList","@id":"https:\/\/alchemy-asia.com\/vi\/san-pham\/the-macallan-classic-cut\/#breadcrumb","itemListElement":[{"@type":"ListItem","position":1,"name":"Home","item":"https:\/\/alchemy-asia.com\/vi\/"},{"@type":"ListItem","position":2,"name":"The Macallan Classic Cut"}]},{"@type":"WebSite","@id":"https:\/\/alchemy-asia.com\/vi\/#website","url":"https:\/\/alchemy-asia.com\/vi\/","name":"Alchemy Asia","description":"Just another Alchemy Asia Sites site","potentialAction":[{"@type":"SearchAction","target":{"@type":"EntryPoint","urlTemplate":"https:\/\/alchemy-asia.com\/vi\/?s={search_term_string}"},"query-input":"required name=search_term_string"}],"inLanguage":"vi"}]}},"_links":{"self":[{"href":"https:\/\/alchemy-asia.com\/vi\/wp-json\/wp\/v2\/product\/8779","targetHints":{"allow":["GET"]}}],"collection":[{"href":"https:\/\/alchemy-asia.com\/vi\/wp-json\/wp\/v2\/product"}],"about":[{"href":"https:\/\/alchemy-asia.com\/vi\/wp-json\/wp\/v2\/types\/product"}],"replies":[{"embeddable":true,"href":"https:\/\/alchemy-asia.com\/vi\/wp-json\/wp\/v2\/comments?post=8779"}],"wp:featuredmedia":[{"embeddable":true,"href":"https:\/\/alchemy-asia.com\/vi\/wp-json\/wp\/v2\/media\/8781"}],"wp:attachment":[{"href":"https:\/\/alchemy-asia.com\/vi\/wp-json\/wp\/v2\/media?parent=8779"}],"wp:term":[{"taxonomy":"product_cat","embeddable":true,"href":"https:\/\/alchemy-asia.com\/vi\/wp-json\/wp\/v2\/product_cat?post=8779"},{"taxonomy":"product_tag","embeddable":true,"href":"https:\/\/alchemy-asia.com\/vi\/wp-json\/wp\/v2\/product_tag?post=8779"}],"curies":[{"name":"wp","href":"https:\/\/api.w.org\/{rel}","templated":true}]}}