{"id":884,"date":"2017-07-26T03:32:24","date_gmt":"2017-07-26T03:32:24","guid":{"rendered":"http:\/\/alchemy-asia.com\/vi\/?post_type=product&#038;p=884"},"modified":"2024-08-06T02:56:05","modified_gmt":"2024-08-06T02:56:05","slug":"vaccari-sambuca","status":"publish","type":"product","link":"https:\/\/alchemy-asia.com\/vi\/san-pham\/vaccari-sambuca\/","title":{"rendered":"Vaccari Sambuca"},"content":{"rendered":"","protected":false},"excerpt":{"rendered":"<p>Vaccari Sambuca \u0111\u01b0\u1ee3c ra m\u1eaft v\u00e0o n\u0103m 1990 v\u00e0 \u0111\u01b0\u1ee3c \u0111\u1eb7t theo t\u00ean c\u1ee7a ng\u01b0\u1eddi t\u1ea1o ra Galliano, nh\u00e0 ch\u01b0ng c\u1ea5t Arturo Vaccari. \u0110\u01b0\u1ee3c ch\u01b0ng c\u1ea5t \u1edf \u00dd, lo\u1ea1i r\u01b0\u1ee3u n\u00e0y c\u00f3 h\u01b0\u01a1ng v\u1ecb nh\u1eb9 nh\u00e0ng v\u00e0 nguy\u00ean ch\u1ea5t c\u1ee7a hoa h\u1ed3i, ch\u1ea5t nh\u1edd quy tr\u00ecnh ch\u01b0ng c\u1ea5t \u0111\u1ed9c \u0111\u00e1o s\u1eed d\u1ee5ng lo\u1ea1i h\u1ed3i r\u1ea5t qu\u00fd hi\u1ebfm c\u1ee7a Trung Qu\u1ed1c. Vaccari Sambuca c\u00f3 bao b\u00ec \u0111\u1eb7c bi\u1ec7t ph\u1ea3n \u00e1nh ch\u1ea5t l\u01b0\u1ee3ng s\u1ea3n ph\u1ea9m v\u00e0 th\u01b0\u01a1ng hi\u1ec7u.<\/p>\n<p>&nbsp;<\/p>\n<p><strong>Ghi ch\u00fa qua: <\/strong><\/p>\n<p><strong>H\u01b0\u01a1ng th\u01a1m:<\/strong> R\u1ec5 cam th\u1ea3o, h\u1ea1t ti\u00eau v\u00e0 th\u00ec l\u00e0. Th\u1ea3o d\u01b0\u1ee3c.<\/p>\n<p><strong>V\u00f2m mi\u1ec7ng:<\/strong> M\u1ed9t v\u00f2m mi\u1ec7ng ph\u1ee9c t\u1ea1p, bu\u1ed3n vui l\u1eabn l\u1ed9n v\u1edbi h\u01b0\u01a1ng cam th\u1ea3o, hoa h\u1ed3i v\u00e0 h\u1ea1t ti\u00eau.<\/p>\n<p><strong>K\u1ebft th\u00fac:<\/strong> K\u1ebft th\u00fac cay, cay. Caraway k\u00e9o d\u00e0i.<\/p>\n","protected":false},"featured_media":8860,"comment_status":"open","ping_status":"closed","template":"","meta":{"_acf_changed":false},"product_cat":[54],"product_tag":[],"class_list":{"0":"post-884","1":"product","2":"type-product","3":"status-publish","4":"has-post-thumbnail","6":"product_cat-liqueurs","7":"brand-vaccari-sambuca","9":"first","10":"instock","11":"shipping-taxable","12":"product-type-simple"},"acf":[],"yoast_head":"<!-- This site is optimized with the Yoast SEO plugin v23.0 - https:\/\/yoast.com\/wordpress\/plugins\/seo\/ -->\n<title>Vaccari Sambuca - Alchemy Asia<\/title>\n<meta name=\"robots\" content=\"index, follow, max-snippet:-1, max-image-preview:large, max-video-preview:-1\" \/>\n<link rel=\"canonical\" href=\"https:\/\/alchemy-asia.com\/vi\/san-pham\/vaccari-sambuca\/\" \/>\n<meta property=\"og:locale\" content=\"vi_VN\" \/>\n<meta property=\"og:type\" content=\"article\" \/>\n<meta property=\"og:title\" content=\"Vaccari Sambuca - Alchemy Asia\" \/>\n<meta property=\"og:description\" content=\"Vaccari Sambuca \u0111\u01b0\u1ee3c ra m\u1eaft v\u00e0o n\u0103m 1990 v\u00e0 \u0111\u01b0\u1ee3c \u0111\u1eb7t theo t\u00ean c\u1ee7a ng\u01b0\u1eddi t\u1ea1o ra Galliano, nh\u00e0 ch\u01b0ng c\u1ea5t Arturo Vaccari. \u0110\u01b0\u1ee3c ch\u01b0ng c\u1ea5t \u1edf \u00dd, lo\u1ea1i r\u01b0\u1ee3u n\u00e0y c\u00f3 h\u01b0\u01a1ng v\u1ecb nh\u1eb9 nh\u00e0ng v\u00e0 nguy\u00ean ch\u1ea5t c\u1ee7a hoa h\u1ed3i, ch\u1ea5t nh\u1edd quy tr\u00ecnh ch\u01b0ng c\u1ea5t \u0111\u1ed9c \u0111\u00e1o s\u1eed d\u1ee5ng lo\u1ea1i h\u1ed3i r\u1ea5t qu\u00fd hi\u1ebfm c\u1ee7a Trung Qu\u1ed1c. Vaccari Sambuca c\u00f3 bao b\u00ec \u0111\u1eb7c bi\u1ec7t ph\u1ea3n \u00e1nh ch\u1ea5t l\u01b0\u1ee3ng s\u1ea3n ph\u1ea9m v\u00e0 th\u01b0\u01a1ng hi\u1ec7u.  &nbsp;  Ghi ch\u00fa qua:   H\u01b0\u01a1ng th\u01a1m: R\u1ec5 cam th\u1ea3o, h\u1ea1t ti\u00eau v\u00e0 th\u00ec l\u00e0. Th\u1ea3o d\u01b0\u1ee3c.  V\u00f2m mi\u1ec7ng: M\u1ed9t v\u00f2m mi\u1ec7ng ph\u1ee9c t\u1ea1p, bu\u1ed3n vui l\u1eabn l\u1ed9n v\u1edbi h\u01b0\u01a1ng cam th\u1ea3o, hoa h\u1ed3i v\u00e0 h\u1ea1t ti\u00eau.  K\u1ebft th\u00fac: K\u1ebft th\u00fac cay, cay. Caraway k\u00e9o d\u00e0i.\" \/>\n<meta property=\"og:url\" content=\"https:\/\/alchemy-asia.com\/vi\/san-pham\/vaccari-sambuca\/\" \/>\n<meta property=\"og:site_name\" content=\"Alchemy Asia\" \/>\n<meta property=\"article:modified_time\" content=\"2024-08-06T02:56:05+00:00\" \/>\n<meta property=\"og:image\" content=\"https:\/\/alchemy-asia.com\/vi\/wp-content\/uploads\/sites\/3\/2017\/07\/Vaccari-1.png\" \/>\n\t<meta property=\"og:image:width\" content=\"2480\" \/>\n\t<meta property=\"og:image:height\" content=\"2480\" \/>\n\t<meta property=\"og:image:type\" content=\"image\/png\" \/>\n<meta name=\"twitter:card\" content=\"summary_large_image\" \/>\n<meta name=\"twitter:label1\" content=\"\u01af\u1edbc t\u00ednh th\u1eddi gian \u0111\u1ecdc\" \/>\n\t<meta name=\"twitter:data1\" content=\"1 ph\u00fat\" \/>\n<script type=\"application\/ld+json\" class=\"yoast-schema-graph\">{\"@context\":\"https:\/\/schema.org\",\"@graph\":[{\"@type\":\"WebPage\",\"@id\":\"https:\/\/alchemy-asia.com\/vi\/san-pham\/vaccari-sambuca\/\",\"url\":\"https:\/\/alchemy-asia.com\/vi\/san-pham\/vaccari-sambuca\/\",\"name\":\"Vaccari Sambuca - Alchemy Asia\",\"isPartOf\":{\"@id\":\"https:\/\/alchemy-asia.com\/vi\/#website\"},\"primaryImageOfPage\":{\"@id\":\"https:\/\/alchemy-asia.com\/vi\/san-pham\/vaccari-sambuca\/#primaryimage\"},\"image\":{\"@id\":\"https:\/\/alchemy-asia.com\/vi\/san-pham\/vaccari-sambuca\/#primaryimage\"},\"thumbnailUrl\":\"https:\/\/alchemy-asia.com\/vi\/wp-content\/uploads\/sites\/3\/2017\/07\/Vaccari-1.png\",\"datePublished\":\"2017-07-26T03:32:24+00:00\",\"dateModified\":\"2024-08-06T02:56:05+00:00\",\"breadcrumb\":{\"@id\":\"https:\/\/alchemy-asia.com\/vi\/san-pham\/vaccari-sambuca\/#breadcrumb\"},\"inLanguage\":\"vi\",\"potentialAction\":[{\"@type\":\"ReadAction\",\"target\":[\"https:\/\/alchemy-asia.com\/vi\/san-pham\/vaccari-sambuca\/\"]}]},{\"@type\":\"ImageObject\",\"inLanguage\":\"vi\",\"@id\":\"https:\/\/alchemy-asia.com\/vi\/san-pham\/vaccari-sambuca\/#primaryimage\",\"url\":\"https:\/\/alchemy-asia.com\/vi\/wp-content\/uploads\/sites\/3\/2017\/07\/Vaccari-1.png\",\"contentUrl\":\"https:\/\/alchemy-asia.com\/vi\/wp-content\/uploads\/sites\/3\/2017\/07\/Vaccari-1.png\",\"width\":2480,\"height\":2480,\"caption\":\"Vaccari\"},{\"@type\":\"BreadcrumbList\",\"@id\":\"https:\/\/alchemy-asia.com\/vi\/san-pham\/vaccari-sambuca\/#breadcrumb\",\"itemListElement\":[{\"@type\":\"ListItem\",\"position\":1,\"name\":\"Home\",\"item\":\"https:\/\/alchemy-asia.com\/vi\/\"},{\"@type\":\"ListItem\",\"position\":2,\"name\":\"Vaccari Sambuca\"}]},{\"@type\":\"WebSite\",\"@id\":\"https:\/\/alchemy-asia.com\/vi\/#website\",\"url\":\"https:\/\/alchemy-asia.com\/vi\/\",\"name\":\"Alchemy Asia\",\"description\":\"Just another Alchemy Asia Sites site\",\"potentialAction\":[{\"@type\":\"SearchAction\",\"target\":{\"@type\":\"EntryPoint\",\"urlTemplate\":\"https:\/\/alchemy-asia.com\/vi\/?s={search_term_string}\"},\"query-input\":\"required name=search_term_string\"}],\"inLanguage\":\"vi\"}]}<\/script>\n<!-- \/ Yoast SEO plugin. -->","yoast_head_json":{"title":"Vaccari Sambuca - Alchemy Asia","robots":{"index":"index","follow":"follow","max-snippet":"max-snippet:-1","max-image-preview":"max-image-preview:large","max-video-preview":"max-video-preview:-1"},"canonical":"https:\/\/alchemy-asia.com\/vi\/san-pham\/vaccari-sambuca\/","og_locale":"vi_VN","og_type":"article","og_title":"Vaccari Sambuca - Alchemy Asia","og_description":"Vaccari Sambuca \u0111\u01b0\u1ee3c ra m\u1eaft v\u00e0o n\u0103m 1990 v\u00e0 \u0111\u01b0\u1ee3c \u0111\u1eb7t theo t\u00ean c\u1ee7a ng\u01b0\u1eddi t\u1ea1o ra Galliano, nh\u00e0 ch\u01b0ng c\u1ea5t Arturo Vaccari. \u0110\u01b0\u1ee3c ch\u01b0ng c\u1ea5t \u1edf \u00dd, lo\u1ea1i r\u01b0\u1ee3u n\u00e0y c\u00f3 h\u01b0\u01a1ng v\u1ecb nh\u1eb9 nh\u00e0ng v\u00e0 nguy\u00ean ch\u1ea5t c\u1ee7a hoa h\u1ed3i, ch\u1ea5t nh\u1edd quy tr\u00ecnh ch\u01b0ng c\u1ea5t \u0111\u1ed9c \u0111\u00e1o s\u1eed d\u1ee5ng lo\u1ea1i h\u1ed3i r\u1ea5t qu\u00fd hi\u1ebfm c\u1ee7a Trung Qu\u1ed1c. Vaccari Sambuca c\u00f3 bao b\u00ec \u0111\u1eb7c bi\u1ec7t ph\u1ea3n \u00e1nh ch\u1ea5t l\u01b0\u1ee3ng s\u1ea3n ph\u1ea9m v\u00e0 th\u01b0\u01a1ng hi\u1ec7u.  &nbsp;  Ghi ch\u00fa qua:   H\u01b0\u01a1ng th\u01a1m: R\u1ec5 cam th\u1ea3o, h\u1ea1t ti\u00eau v\u00e0 th\u00ec l\u00e0. Th\u1ea3o d\u01b0\u1ee3c.  V\u00f2m mi\u1ec7ng: M\u1ed9t v\u00f2m mi\u1ec7ng ph\u1ee9c t\u1ea1p, bu\u1ed3n vui l\u1eabn l\u1ed9n v\u1edbi h\u01b0\u01a1ng cam th\u1ea3o, hoa h\u1ed3i v\u00e0 h\u1ea1t ti\u00eau.  K\u1ebft th\u00fac: K\u1ebft th\u00fac cay, cay. Caraway k\u00e9o d\u00e0i.","og_url":"https:\/\/alchemy-asia.com\/vi\/san-pham\/vaccari-sambuca\/","og_site_name":"Alchemy Asia","article_modified_time":"2024-08-06T02:56:05+00:00","og_image":[{"width":2480,"height":2480,"url":"https:\/\/alchemy-asia.com\/vi\/wp-content\/uploads\/sites\/3\/2017\/07\/Vaccari-1.png","type":"image\/png"}],"twitter_card":"summary_large_image","twitter_misc":{"\u01af\u1edbc t\u00ednh th\u1eddi gian \u0111\u1ecdc":"1 ph\u00fat"},"schema":{"@context":"https:\/\/schema.org","@graph":[{"@type":"WebPage","@id":"https:\/\/alchemy-asia.com\/vi\/san-pham\/vaccari-sambuca\/","url":"https:\/\/alchemy-asia.com\/vi\/san-pham\/vaccari-sambuca\/","name":"Vaccari Sambuca - Alchemy Asia","isPartOf":{"@id":"https:\/\/alchemy-asia.com\/vi\/#website"},"primaryImageOfPage":{"@id":"https:\/\/alchemy-asia.com\/vi\/san-pham\/vaccari-sambuca\/#primaryimage"},"image":{"@id":"https:\/\/alchemy-asia.com\/vi\/san-pham\/vaccari-sambuca\/#primaryimage"},"thumbnailUrl":"https:\/\/alchemy-asia.com\/vi\/wp-content\/uploads\/sites\/3\/2017\/07\/Vaccari-1.png","datePublished":"2017-07-26T03:32:24+00:00","dateModified":"2024-08-06T02:56:05+00:00","breadcrumb":{"@id":"https:\/\/alchemy-asia.com\/vi\/san-pham\/vaccari-sambuca\/#breadcrumb"},"inLanguage":"vi","potentialAction":[{"@type":"ReadAction","target":["https:\/\/alchemy-asia.com\/vi\/san-pham\/vaccari-sambuca\/"]}]},{"@type":"ImageObject","inLanguage":"vi","@id":"https:\/\/alchemy-asia.com\/vi\/san-pham\/vaccari-sambuca\/#primaryimage","url":"https:\/\/alchemy-asia.com\/vi\/wp-content\/uploads\/sites\/3\/2017\/07\/Vaccari-1.png","contentUrl":"https:\/\/alchemy-asia.com\/vi\/wp-content\/uploads\/sites\/3\/2017\/07\/Vaccari-1.png","width":2480,"height":2480,"caption":"Vaccari"},{"@type":"BreadcrumbList","@id":"https:\/\/alchemy-asia.com\/vi\/san-pham\/vaccari-sambuca\/#breadcrumb","itemListElement":[{"@type":"ListItem","position":1,"name":"Home","item":"https:\/\/alchemy-asia.com\/vi\/"},{"@type":"ListItem","position":2,"name":"Vaccari Sambuca"}]},{"@type":"WebSite","@id":"https:\/\/alchemy-asia.com\/vi\/#website","url":"https:\/\/alchemy-asia.com\/vi\/","name":"Alchemy Asia","description":"Just another Alchemy Asia Sites site","potentialAction":[{"@type":"SearchAction","target":{"@type":"EntryPoint","urlTemplate":"https:\/\/alchemy-asia.com\/vi\/?s={search_term_string}"},"query-input":"required name=search_term_string"}],"inLanguage":"vi"}]}},"_links":{"self":[{"href":"https:\/\/alchemy-asia.com\/vi\/wp-json\/wp\/v2\/product\/884","targetHints":{"allow":["GET"]}}],"collection":[{"href":"https:\/\/alchemy-asia.com\/vi\/wp-json\/wp\/v2\/product"}],"about":[{"href":"https:\/\/alchemy-asia.com\/vi\/wp-json\/wp\/v2\/types\/product"}],"replies":[{"embeddable":true,"href":"https:\/\/alchemy-asia.com\/vi\/wp-json\/wp\/v2\/comments?post=884"}],"wp:featuredmedia":[{"embeddable":true,"href":"https:\/\/alchemy-asia.com\/vi\/wp-json\/wp\/v2\/media\/8860"}],"wp:attachment":[{"href":"https:\/\/alchemy-asia.com\/vi\/wp-json\/wp\/v2\/media?parent=884"}],"wp:term":[{"taxonomy":"product_cat","embeddable":true,"href":"https:\/\/alchemy-asia.com\/vi\/wp-json\/wp\/v2\/product_cat?post=884"},{"taxonomy":"product_tag","embeddable":true,"href":"https:\/\/alchemy-asia.com\/vi\/wp-json\/wp\/v2\/product_tag?post=884"}],"curies":[{"name":"wp","href":"https:\/\/api.w.org\/{rel}","templated":true}]}}