{"id":8865,"date":"2024-09-10T10:34:43","date_gmt":"2024-09-10T10:34:43","guid":{"rendered":"https:\/\/alchemy-asia.com\/vi\/?post_type=product&#038;p=8865"},"modified":"2024-09-10T10:40:33","modified_gmt":"2024-09-10T10:40:33","slug":"lark-seppeltsfield-rare-cask-tokay","status":"publish","type":"product","link":"https:\/\/alchemy-asia.com\/vi\/san-pham\/lark-seppeltsfield-rare-cask-tokay\/","title":{"rendered":"Lark Seppeltsfield Rare Cask Tokay"},"content":{"rendered":"","protected":false},"excerpt":{"rendered":"<p>T\u00e1i \u0111\u1ecbnh ngh\u0129a c\u1ed5 \u0111i\u1ec3n. M\u1ed9t lo\u1ea1i Single Malt \u0111\u01b0\u1ee3c ho\u00e0n thi\u1ec7n trong c\u00e1c th\u00f9ng t\u1eebng ch\u1ee9a m\u1ed9t lo\u1ea1i r\u01b0\u1ee3u qu\u00fd gi\u00e1 t\u1eeb Seppeltsfield, v\u00ec quy \u01b0\u1edbc kh\u00f4ng bao gi\u1edd t\u1ea1o ra s\u1ef1 xu\u1ea5t s\u1eafc.<\/p>\n<p>D\u00f2ng Rare Cask Series c\u1ee7a ch\u00fang t\u00f4i t\u00f4n vinh r\u01b0\u1ee3u whisky Tasmania qua vi\u1ec7c theo \u0111u\u1ed5i kh\u00f4ng ng\u1eebng nh\u1eefng \u0111i\u1ec1u tuy\u1ec7t v\u1eddi b\u1ecb b\u1ecf qu\u00ean, t\u00ecm ki\u1ebfm c\u00e1c th\u00f9ng r\u01b0\u1ee3u v\u1eeba hi\u1ebfm v\u1eeba \u0111\u1eb7c bi\u1ec7t t\u1eeb kh\u1eafp c\u00e1c qu\u1ed1c gia.<\/p>\n<p>H\u01af\u01a0NG TH\u01a0M<\/p>\n<p>M\u1eadt ong Manuka r\u01b0\u1edbi l\u00ean nho kh\u00f4, h\u1ea1nh nh\u00e2n v\u00e0 k\u1eb9o b\u01a1.<\/p>\n<p>H\u01af\u01a0NG V\u1eca<\/p>\n<p>K\u1eb9o c\u00e0 ph\u00ea kem ngay t\u1eeb \u0111\u1ea7u, v\u1edbi m\u1ee9t m\u01a1 v\u00e0 t\u1ed5 ong m\u1eadt ph\u00e1t tri\u1ec3n d\u1ea7n.<\/p>\n<p>H\u1eacU V\u1eca<\/p>\n<p>M\u1ed9t s\u1ef1 k\u1ebft h\u1ee3p ph\u1ee9c t\u1ea1p, \u1ea5m \u00e1p k\u00e9o d\u00e0i v\u1edbi \u0111\u01b0\u1eddng muscovado v\u00e0 tr\u00e0 \u0111\u00e1.<\/p>\n","protected":false},"featured_media":8867,"comment_status":"open","ping_status":"closed","template":"","meta":{"_acf_changed":false},"product_cat":[122],"product_tag":[],"class_list":{"0":"post-8865","1":"product","2":"type-product","3":"status-publish","4":"has-post-thumbnail","6":"product_cat-australian-whisky","7":"brand-lark-whisky","9":"first","10":"instock","11":"shipping-taxable","12":"product-type-simple"},"acf":[],"yoast_head":"<!-- This site is optimized with the Yoast SEO plugin v23.0 - https:\/\/yoast.com\/wordpress\/plugins\/seo\/ -->\n<title>Lark Seppeltsfield Rare Cask Tokay - Alchemy Asia<\/title>\n<meta name=\"robots\" content=\"index, follow, max-snippet:-1, max-image-preview:large, max-video-preview:-1\" \/>\n<link rel=\"canonical\" href=\"https:\/\/alchemy-asia.com\/vi\/san-pham\/lark-seppeltsfield-rare-cask-tokay\/\" \/>\n<meta property=\"og:locale\" content=\"vi_VN\" \/>\n<meta property=\"og:type\" content=\"article\" \/>\n<meta property=\"og:title\" content=\"Lark Seppeltsfield Rare Cask Tokay - Alchemy Asia\" \/>\n<meta property=\"og:description\" content=\"T\u00e1i \u0111\u1ecbnh ngh\u0129a c\u1ed5 \u0111i\u1ec3n. M\u1ed9t lo\u1ea1i Single Malt \u0111\u01b0\u1ee3c ho\u00e0n thi\u1ec7n trong c\u00e1c th\u00f9ng t\u1eebng ch\u1ee9a m\u1ed9t lo\u1ea1i r\u01b0\u1ee3u qu\u00fd gi\u00e1 t\u1eeb Seppeltsfield, v\u00ec quy \u01b0\u1edbc kh\u00f4ng bao gi\u1edd t\u1ea1o ra s\u1ef1 xu\u1ea5t s\u1eafc.  D\u00f2ng Rare Cask Series c\u1ee7a ch\u00fang t\u00f4i t\u00f4n vinh r\u01b0\u1ee3u whisky Tasmania qua vi\u1ec7c theo \u0111u\u1ed5i kh\u00f4ng ng\u1eebng nh\u1eefng \u0111i\u1ec1u tuy\u1ec7t v\u1eddi b\u1ecb b\u1ecf qu\u00ean, t\u00ecm ki\u1ebfm c\u00e1c th\u00f9ng r\u01b0\u1ee3u v\u1eeba hi\u1ebfm v\u1eeba \u0111\u1eb7c bi\u1ec7t t\u1eeb kh\u1eafp c\u00e1c qu\u1ed1c gia.  H\u01af\u01a0NG TH\u01a0M  M\u1eadt ong Manuka r\u01b0\u1edbi l\u00ean nho kh\u00f4, h\u1ea1nh nh\u00e2n v\u00e0 k\u1eb9o b\u01a1.  H\u01af\u01a0NG V\u1eca  K\u1eb9o c\u00e0 ph\u00ea kem ngay t\u1eeb \u0111\u1ea7u, v\u1edbi m\u1ee9t m\u01a1 v\u00e0 t\u1ed5 ong m\u1eadt ph\u00e1t tri\u1ec3n d\u1ea7n.  H\u1eacU V\u1eca  M\u1ed9t s\u1ef1 k\u1ebft h\u1ee3p ph\u1ee9c t\u1ea1p, \u1ea5m \u00e1p k\u00e9o d\u00e0i v\u1edbi \u0111\u01b0\u1eddng muscovado v\u00e0 tr\u00e0 \u0111\u00e1.\" \/>\n<meta property=\"og:url\" content=\"https:\/\/alchemy-asia.com\/vi\/san-pham\/lark-seppeltsfield-rare-cask-tokay\/\" \/>\n<meta property=\"og:site_name\" content=\"Alchemy Asia\" \/>\n<meta property=\"article:modified_time\" content=\"2024-09-10T10:40:33+00:00\" \/>\n<meta property=\"og:image\" content=\"https:\/\/alchemy-asia.com\/vi\/wp-content\/uploads\/sites\/3\/2024\/09\/Lark-Seppeltsfield-Rare-Cask-Tokay-1024x1024.png\" \/>\n\t<meta property=\"og:image:width\" content=\"1024\" \/>\n\t<meta property=\"og:image:height\" content=\"1024\" \/>\n\t<meta property=\"og:image:type\" content=\"image\/png\" \/>\n<meta name=\"twitter:card\" content=\"summary_large_image\" \/>\n<meta name=\"twitter:label1\" content=\"\u01af\u1edbc t\u00ednh th\u1eddi gian \u0111\u1ecdc\" \/>\n\t<meta name=\"twitter:data1\" content=\"1 ph\u00fat\" \/>\n<script type=\"application\/ld+json\" class=\"yoast-schema-graph\">{\"@context\":\"https:\/\/schema.org\",\"@graph\":[{\"@type\":\"WebPage\",\"@id\":\"https:\/\/alchemy-asia.com\/vi\/san-pham\/lark-seppeltsfield-rare-cask-tokay\/\",\"url\":\"https:\/\/alchemy-asia.com\/vi\/san-pham\/lark-seppeltsfield-rare-cask-tokay\/\",\"name\":\"Lark Seppeltsfield Rare Cask Tokay - Alchemy Asia\",\"isPartOf\":{\"@id\":\"https:\/\/alchemy-asia.com\/vi\/#website\"},\"primaryImageOfPage\":{\"@id\":\"https:\/\/alchemy-asia.com\/vi\/san-pham\/lark-seppeltsfield-rare-cask-tokay\/#primaryimage\"},\"image\":{\"@id\":\"https:\/\/alchemy-asia.com\/vi\/san-pham\/lark-seppeltsfield-rare-cask-tokay\/#primaryimage\"},\"thumbnailUrl\":\"https:\/\/alchemy-asia.com\/vi\/wp-content\/uploads\/sites\/3\/2024\/09\/Lark-Seppeltsfield-Rare-Cask-Tokay.png\",\"datePublished\":\"2024-09-10T10:34:43+00:00\",\"dateModified\":\"2024-09-10T10:40:33+00:00\",\"breadcrumb\":{\"@id\":\"https:\/\/alchemy-asia.com\/vi\/san-pham\/lark-seppeltsfield-rare-cask-tokay\/#breadcrumb\"},\"inLanguage\":\"vi\",\"potentialAction\":[{\"@type\":\"ReadAction\",\"target\":[\"https:\/\/alchemy-asia.com\/vi\/san-pham\/lark-seppeltsfield-rare-cask-tokay\/\"]}]},{\"@type\":\"ImageObject\",\"inLanguage\":\"vi\",\"@id\":\"https:\/\/alchemy-asia.com\/vi\/san-pham\/lark-seppeltsfield-rare-cask-tokay\/#primaryimage\",\"url\":\"https:\/\/alchemy-asia.com\/vi\/wp-content\/uploads\/sites\/3\/2024\/09\/Lark-Seppeltsfield-Rare-Cask-Tokay.png\",\"contentUrl\":\"https:\/\/alchemy-asia.com\/vi\/wp-content\/uploads\/sites\/3\/2024\/09\/Lark-Seppeltsfield-Rare-Cask-Tokay.png\",\"width\":5804,\"height\":5803},{\"@type\":\"BreadcrumbList\",\"@id\":\"https:\/\/alchemy-asia.com\/vi\/san-pham\/lark-seppeltsfield-rare-cask-tokay\/#breadcrumb\",\"itemListElement\":[{\"@type\":\"ListItem\",\"position\":1,\"name\":\"Home\",\"item\":\"https:\/\/alchemy-asia.com\/vi\/\"},{\"@type\":\"ListItem\",\"position\":2,\"name\":\"Lark Seppeltsfield Rare Cask Tokay\"}]},{\"@type\":\"WebSite\",\"@id\":\"https:\/\/alchemy-asia.com\/vi\/#website\",\"url\":\"https:\/\/alchemy-asia.com\/vi\/\",\"name\":\"Alchemy Asia\",\"description\":\"Just another Alchemy Asia Sites site\",\"potentialAction\":[{\"@type\":\"SearchAction\",\"target\":{\"@type\":\"EntryPoint\",\"urlTemplate\":\"https:\/\/alchemy-asia.com\/vi\/?s={search_term_string}\"},\"query-input\":\"required name=search_term_string\"}],\"inLanguage\":\"vi\"}]}<\/script>\n<!-- \/ Yoast SEO plugin. -->","yoast_head_json":{"title":"Lark Seppeltsfield Rare Cask Tokay - Alchemy Asia","robots":{"index":"index","follow":"follow","max-snippet":"max-snippet:-1","max-image-preview":"max-image-preview:large","max-video-preview":"max-video-preview:-1"},"canonical":"https:\/\/alchemy-asia.com\/vi\/san-pham\/lark-seppeltsfield-rare-cask-tokay\/","og_locale":"vi_VN","og_type":"article","og_title":"Lark Seppeltsfield Rare Cask Tokay - Alchemy Asia","og_description":"T\u00e1i \u0111\u1ecbnh ngh\u0129a c\u1ed5 \u0111i\u1ec3n. M\u1ed9t lo\u1ea1i Single Malt \u0111\u01b0\u1ee3c ho\u00e0n thi\u1ec7n trong c\u00e1c th\u00f9ng t\u1eebng ch\u1ee9a m\u1ed9t lo\u1ea1i r\u01b0\u1ee3u qu\u00fd gi\u00e1 t\u1eeb Seppeltsfield, v\u00ec quy \u01b0\u1edbc kh\u00f4ng bao gi\u1edd t\u1ea1o ra s\u1ef1 xu\u1ea5t s\u1eafc.  D\u00f2ng Rare Cask Series c\u1ee7a ch\u00fang t\u00f4i t\u00f4n vinh r\u01b0\u1ee3u whisky Tasmania qua vi\u1ec7c theo \u0111u\u1ed5i kh\u00f4ng ng\u1eebng nh\u1eefng \u0111i\u1ec1u tuy\u1ec7t v\u1eddi b\u1ecb b\u1ecf qu\u00ean, t\u00ecm ki\u1ebfm c\u00e1c th\u00f9ng r\u01b0\u1ee3u v\u1eeba hi\u1ebfm v\u1eeba \u0111\u1eb7c bi\u1ec7t t\u1eeb kh\u1eafp c\u00e1c qu\u1ed1c gia.  H\u01af\u01a0NG TH\u01a0M  M\u1eadt ong Manuka r\u01b0\u1edbi l\u00ean nho kh\u00f4, h\u1ea1nh nh\u00e2n v\u00e0 k\u1eb9o b\u01a1.  H\u01af\u01a0NG V\u1eca  K\u1eb9o c\u00e0 ph\u00ea kem ngay t\u1eeb \u0111\u1ea7u, v\u1edbi m\u1ee9t m\u01a1 v\u00e0 t\u1ed5 ong m\u1eadt ph\u00e1t tri\u1ec3n d\u1ea7n.  H\u1eacU V\u1eca  M\u1ed9t s\u1ef1 k\u1ebft h\u1ee3p ph\u1ee9c t\u1ea1p, \u1ea5m \u00e1p k\u00e9o d\u00e0i v\u1edbi \u0111\u01b0\u1eddng muscovado v\u00e0 tr\u00e0 \u0111\u00e1.","og_url":"https:\/\/alchemy-asia.com\/vi\/san-pham\/lark-seppeltsfield-rare-cask-tokay\/","og_site_name":"Alchemy Asia","article_modified_time":"2024-09-10T10:40:33+00:00","og_image":[{"width":1024,"height":1024,"url":"https:\/\/alchemy-asia.com\/vi\/wp-content\/uploads\/sites\/3\/2024\/09\/Lark-Seppeltsfield-Rare-Cask-Tokay-1024x1024.png","type":"image\/png"}],"twitter_card":"summary_large_image","twitter_misc":{"\u01af\u1edbc t\u00ednh th\u1eddi gian \u0111\u1ecdc":"1 ph\u00fat"},"schema":{"@context":"https:\/\/schema.org","@graph":[{"@type":"WebPage","@id":"https:\/\/alchemy-asia.com\/vi\/san-pham\/lark-seppeltsfield-rare-cask-tokay\/","url":"https:\/\/alchemy-asia.com\/vi\/san-pham\/lark-seppeltsfield-rare-cask-tokay\/","name":"Lark Seppeltsfield Rare Cask Tokay - Alchemy Asia","isPartOf":{"@id":"https:\/\/alchemy-asia.com\/vi\/#website"},"primaryImageOfPage":{"@id":"https:\/\/alchemy-asia.com\/vi\/san-pham\/lark-seppeltsfield-rare-cask-tokay\/#primaryimage"},"image":{"@id":"https:\/\/alchemy-asia.com\/vi\/san-pham\/lark-seppeltsfield-rare-cask-tokay\/#primaryimage"},"thumbnailUrl":"https:\/\/alchemy-asia.com\/vi\/wp-content\/uploads\/sites\/3\/2024\/09\/Lark-Seppeltsfield-Rare-Cask-Tokay.png","datePublished":"2024-09-10T10:34:43+00:00","dateModified":"2024-09-10T10:40:33+00:00","breadcrumb":{"@id":"https:\/\/alchemy-asia.com\/vi\/san-pham\/lark-seppeltsfield-rare-cask-tokay\/#breadcrumb"},"inLanguage":"vi","potentialAction":[{"@type":"ReadAction","target":["https:\/\/alchemy-asia.com\/vi\/san-pham\/lark-seppeltsfield-rare-cask-tokay\/"]}]},{"@type":"ImageObject","inLanguage":"vi","@id":"https:\/\/alchemy-asia.com\/vi\/san-pham\/lark-seppeltsfield-rare-cask-tokay\/#primaryimage","url":"https:\/\/alchemy-asia.com\/vi\/wp-content\/uploads\/sites\/3\/2024\/09\/Lark-Seppeltsfield-Rare-Cask-Tokay.png","contentUrl":"https:\/\/alchemy-asia.com\/vi\/wp-content\/uploads\/sites\/3\/2024\/09\/Lark-Seppeltsfield-Rare-Cask-Tokay.png","width":5804,"height":5803},{"@type":"BreadcrumbList","@id":"https:\/\/alchemy-asia.com\/vi\/san-pham\/lark-seppeltsfield-rare-cask-tokay\/#breadcrumb","itemListElement":[{"@type":"ListItem","position":1,"name":"Home","item":"https:\/\/alchemy-asia.com\/vi\/"},{"@type":"ListItem","position":2,"name":"Lark Seppeltsfield Rare Cask Tokay"}]},{"@type":"WebSite","@id":"https:\/\/alchemy-asia.com\/vi\/#website","url":"https:\/\/alchemy-asia.com\/vi\/","name":"Alchemy Asia","description":"Just another Alchemy Asia Sites site","potentialAction":[{"@type":"SearchAction","target":{"@type":"EntryPoint","urlTemplate":"https:\/\/alchemy-asia.com\/vi\/?s={search_term_string}"},"query-input":"required name=search_term_string"}],"inLanguage":"vi"}]}},"_links":{"self":[{"href":"https:\/\/alchemy-asia.com\/vi\/wp-json\/wp\/v2\/product\/8865","targetHints":{"allow":["GET"]}}],"collection":[{"href":"https:\/\/alchemy-asia.com\/vi\/wp-json\/wp\/v2\/product"}],"about":[{"href":"https:\/\/alchemy-asia.com\/vi\/wp-json\/wp\/v2\/types\/product"}],"replies":[{"embeddable":true,"href":"https:\/\/alchemy-asia.com\/vi\/wp-json\/wp\/v2\/comments?post=8865"}],"wp:featuredmedia":[{"embeddable":true,"href":"https:\/\/alchemy-asia.com\/vi\/wp-json\/wp\/v2\/media\/8867"}],"wp:attachment":[{"href":"https:\/\/alchemy-asia.com\/vi\/wp-json\/wp\/v2\/media?parent=8865"}],"wp:term":[{"taxonomy":"product_cat","embeddable":true,"href":"https:\/\/alchemy-asia.com\/vi\/wp-json\/wp\/v2\/product_cat?post=8865"},{"taxonomy":"product_tag","embeddable":true,"href":"https:\/\/alchemy-asia.com\/vi\/wp-json\/wp\/v2\/product_tag?post=8865"}],"curies":[{"name":"wp","href":"https:\/\/api.w.org\/{rel}","templated":true}]}}