{"id":8868,"date":"2024-09-10T10:43:00","date_gmt":"2024-09-10T10:43:00","guid":{"rendered":"https:\/\/alchemy-asia.com\/vi\/?post_type=product&#038;p=8868"},"modified":"2024-09-10T10:43:00","modified_gmt":"2024-09-10T10:43:00","slug":"lark-seppeltsfield-para-1992","status":"publish","type":"product","link":"https:\/\/alchemy-asia.com\/vi\/san-pham\/lark-seppeltsfield-para-1992\/","title":{"rendered":"Lark Seppeltsfield Para 1992"},"content":{"rendered":"","protected":false},"excerpt":{"rendered":"<p>V\u00e0o m\u1ed9t ng\u00e0y \u0111\u1eb9p tr\u1eddi kh\u00e1m ph\u00e1 kho l\u01b0u tr\u1eef c\u1ee7a Seppeltsfield, ng\u01b0\u1eddi \u0111i\u1ec1u ch\u1ebf ch\u00ednh c\u1ee7a ch\u00fang t\u00f4i \u0111\u00e3 ph\u00e1t hi\u1ec7n 16 th\u00f9ng port tawny \u0111\u1eb7c bi\u1ec7t t\u1eeb n\u0103m 1992, sau \u0111\u00f3 \u0111\u01b0\u1ee3c v\u1eadn chuy\u1ec3n c\u1ea9n th\u1eadn \u0111\u1ebfn Tasmania. \u0110\u1eadm \u0111\u00e0, s\u00e2u l\u1eafng v\u00e0 v\u00f4 c\u00f9ng ph\u1ee9c t\u1ea1p, \u0111\u01b0\u1ee3c sinh ra t\u1eeb \u0111\u1eb7c tr\u01b0ng v\u00e0 l\u1ecbch s\u1eed c\u1ee7a c\u00e1c th\u00f9ng r\u01b0\u1ee3u 30 n\u0103m m\u00e0 lo\u1ea1i whisky single malt n\u00e0y \u0111\u01b0\u1ee3c ho\u00e0n thi\u1ec7n trong \u0111\u00f3.<\/p>\n<p>H\u01af\u01a0NG TH\u01a0M<\/p>\n<p>Nh\u1eefng g\u1ee3i \u00fd c\u1ee7a Lapsang Souchong, v\u1edbi kem qu\u1ea3 m\u1ecdng v\u00e0 h\u1ea1t rang ch\u00e1y, ti\u1ebfp theo l\u00e0 da m\u1edbi v\u00e0 thu\u1ed1c l\u00e1 \u1ed1ng.<\/p>\n<p>H\u01af\u01a0NG V\u1eca<\/p>\n<p>Nh\u1eefng n\u00e9t kh\u00f3i nh\u1eb9 xu\u1ea5t hi\u1ec7n, chuy\u1ec3n sang v\u1ee5n qu\u1ea3 l\u00fd chua \u0111en cay, m\u1eadt heather v\u00e0 s\u00f4 c\u00f4 la \u0111en.<\/p>\n<p>H\u1eacU V\u1eca<\/p>\n<p>H\u01b0\u01a1ng \u0111\u1ea5t phong ph\u00fa v\u00e0 m\u1ea1ch nha rang c\u00f2n l\u1ea1i, v\u1edbi v\u1ecb ng\u1ecdt d\u1ebbo l\u00e2u d\u00e0i t\u1eeb c\u00e1c th\u00f9ng PARA 1992.<\/p>\n","protected":false},"featured_media":8869,"comment_status":"open","ping_status":"closed","template":"","meta":{"_acf_changed":false},"product_cat":[122],"product_tag":[],"class_list":{"0":"post-8868","1":"product","2":"type-product","3":"status-publish","4":"has-post-thumbnail","6":"product_cat-australian-whisky","7":"brand-lark-whisky","9":"first","10":"instock","11":"shipping-taxable","12":"product-type-simple"},"acf":[],"yoast_head":"<!-- This site is optimized with the Yoast SEO plugin v23.0 - https:\/\/yoast.com\/wordpress\/plugins\/seo\/ -->\n<title>Lark Seppeltsfield Para 1992 - Alchemy Asia<\/title>\n<meta name=\"robots\" content=\"index, follow, max-snippet:-1, max-image-preview:large, max-video-preview:-1\" \/>\n<link rel=\"canonical\" href=\"https:\/\/alchemy-asia.com\/vi\/san-pham\/lark-seppeltsfield-para-1992\/\" \/>\n<meta property=\"og:locale\" content=\"vi_VN\" \/>\n<meta property=\"og:type\" content=\"article\" \/>\n<meta property=\"og:title\" content=\"Lark Seppeltsfield Para 1992 - Alchemy Asia\" \/>\n<meta property=\"og:description\" content=\"V\u00e0o m\u1ed9t ng\u00e0y \u0111\u1eb9p tr\u1eddi kh\u00e1m ph\u00e1 kho l\u01b0u tr\u1eef c\u1ee7a Seppeltsfield, ng\u01b0\u1eddi \u0111i\u1ec1u ch\u1ebf ch\u00ednh c\u1ee7a ch\u00fang t\u00f4i \u0111\u00e3 ph\u00e1t hi\u1ec7n 16 th\u00f9ng port tawny \u0111\u1eb7c bi\u1ec7t t\u1eeb n\u0103m 1992, sau \u0111\u00f3 \u0111\u01b0\u1ee3c v\u1eadn chuy\u1ec3n c\u1ea9n th\u1eadn \u0111\u1ebfn Tasmania. \u0110\u1eadm \u0111\u00e0, s\u00e2u l\u1eafng v\u00e0 v\u00f4 c\u00f9ng ph\u1ee9c t\u1ea1p, \u0111\u01b0\u1ee3c sinh ra t\u1eeb \u0111\u1eb7c tr\u01b0ng v\u00e0 l\u1ecbch s\u1eed c\u1ee7a c\u00e1c th\u00f9ng r\u01b0\u1ee3u 30 n\u0103m m\u00e0 lo\u1ea1i whisky single malt n\u00e0y \u0111\u01b0\u1ee3c ho\u00e0n thi\u1ec7n trong \u0111\u00f3.  H\u01af\u01a0NG TH\u01a0M  Nh\u1eefng g\u1ee3i \u00fd c\u1ee7a Lapsang Souchong, v\u1edbi kem qu\u1ea3 m\u1ecdng v\u00e0 h\u1ea1t rang ch\u00e1y, ti\u1ebfp theo l\u00e0 da m\u1edbi v\u00e0 thu\u1ed1c l\u00e1 \u1ed1ng.  H\u01af\u01a0NG V\u1eca  Nh\u1eefng n\u00e9t kh\u00f3i nh\u1eb9 xu\u1ea5t hi\u1ec7n, chuy\u1ec3n sang v\u1ee5n qu\u1ea3 l\u00fd chua \u0111en cay, m\u1eadt heather v\u00e0 s\u00f4 c\u00f4 la \u0111en.  H\u1eacU V\u1eca  H\u01b0\u01a1ng \u0111\u1ea5t phong ph\u00fa v\u00e0 m\u1ea1ch nha rang c\u00f2n l\u1ea1i, v\u1edbi v\u1ecb ng\u1ecdt d\u1ebbo l\u00e2u d\u00e0i t\u1eeb c\u00e1c th\u00f9ng PARA 1992.\" \/>\n<meta property=\"og:url\" content=\"https:\/\/alchemy-asia.com\/vi\/san-pham\/lark-seppeltsfield-para-1992\/\" \/>\n<meta property=\"og:site_name\" content=\"Alchemy Asia\" \/>\n<meta property=\"og:image\" content=\"https:\/\/alchemy-asia.com\/vi\/wp-content\/uploads\/sites\/3\/2024\/09\/LARK-SEPPELTSFIELD-PARA-1992-1024x1024.png\" \/>\n\t<meta property=\"og:image:width\" content=\"1024\" \/>\n\t<meta property=\"og:image:height\" content=\"1024\" \/>\n\t<meta property=\"og:image:type\" content=\"image\/png\" \/>\n<meta name=\"twitter:card\" content=\"summary_large_image\" \/>\n<meta name=\"twitter:label1\" content=\"\u01af\u1edbc t\u00ednh th\u1eddi gian \u0111\u1ecdc\" \/>\n\t<meta name=\"twitter:data1\" content=\"1 ph\u00fat\" \/>\n<script type=\"application\/ld+json\" class=\"yoast-schema-graph\">{\"@context\":\"https:\/\/schema.org\",\"@graph\":[{\"@type\":\"WebPage\",\"@id\":\"https:\/\/alchemy-asia.com\/vi\/san-pham\/lark-seppeltsfield-para-1992\/\",\"url\":\"https:\/\/alchemy-asia.com\/vi\/san-pham\/lark-seppeltsfield-para-1992\/\",\"name\":\"Lark Seppeltsfield Para 1992 - Alchemy Asia\",\"isPartOf\":{\"@id\":\"https:\/\/alchemy-asia.com\/vi\/#website\"},\"primaryImageOfPage\":{\"@id\":\"https:\/\/alchemy-asia.com\/vi\/san-pham\/lark-seppeltsfield-para-1992\/#primaryimage\"},\"image\":{\"@id\":\"https:\/\/alchemy-asia.com\/vi\/san-pham\/lark-seppeltsfield-para-1992\/#primaryimage\"},\"thumbnailUrl\":\"https:\/\/alchemy-asia.com\/vi\/wp-content\/uploads\/sites\/3\/2024\/09\/LARK-SEPPELTSFIELD-PARA-1992.png\",\"datePublished\":\"2024-09-10T10:43:00+00:00\",\"dateModified\":\"2024-09-10T10:43:00+00:00\",\"breadcrumb\":{\"@id\":\"https:\/\/alchemy-asia.com\/vi\/san-pham\/lark-seppeltsfield-para-1992\/#breadcrumb\"},\"inLanguage\":\"vi\",\"potentialAction\":[{\"@type\":\"ReadAction\",\"target\":[\"https:\/\/alchemy-asia.com\/vi\/san-pham\/lark-seppeltsfield-para-1992\/\"]}]},{\"@type\":\"ImageObject\",\"inLanguage\":\"vi\",\"@id\":\"https:\/\/alchemy-asia.com\/vi\/san-pham\/lark-seppeltsfield-para-1992\/#primaryimage\",\"url\":\"https:\/\/alchemy-asia.com\/vi\/wp-content\/uploads\/sites\/3\/2024\/09\/LARK-SEPPELTSFIELD-PARA-1992.png\",\"contentUrl\":\"https:\/\/alchemy-asia.com\/vi\/wp-content\/uploads\/sites\/3\/2024\/09\/LARK-SEPPELTSFIELD-PARA-1992.png\",\"width\":5804,\"height\":5803},{\"@type\":\"BreadcrumbList\",\"@id\":\"https:\/\/alchemy-asia.com\/vi\/san-pham\/lark-seppeltsfield-para-1992\/#breadcrumb\",\"itemListElement\":[{\"@type\":\"ListItem\",\"position\":1,\"name\":\"Home\",\"item\":\"https:\/\/alchemy-asia.com\/vi\/\"},{\"@type\":\"ListItem\",\"position\":2,\"name\":\"Lark Seppeltsfield Para 1992\"}]},{\"@type\":\"WebSite\",\"@id\":\"https:\/\/alchemy-asia.com\/vi\/#website\",\"url\":\"https:\/\/alchemy-asia.com\/vi\/\",\"name\":\"Alchemy Asia\",\"description\":\"Just another Alchemy Asia Sites site\",\"potentialAction\":[{\"@type\":\"SearchAction\",\"target\":{\"@type\":\"EntryPoint\",\"urlTemplate\":\"https:\/\/alchemy-asia.com\/vi\/?s={search_term_string}\"},\"query-input\":\"required name=search_term_string\"}],\"inLanguage\":\"vi\"}]}<\/script>\n<!-- \/ Yoast SEO plugin. -->","yoast_head_json":{"title":"Lark Seppeltsfield Para 1992 - Alchemy Asia","robots":{"index":"index","follow":"follow","max-snippet":"max-snippet:-1","max-image-preview":"max-image-preview:large","max-video-preview":"max-video-preview:-1"},"canonical":"https:\/\/alchemy-asia.com\/vi\/san-pham\/lark-seppeltsfield-para-1992\/","og_locale":"vi_VN","og_type":"article","og_title":"Lark Seppeltsfield Para 1992 - Alchemy Asia","og_description":"V\u00e0o m\u1ed9t ng\u00e0y \u0111\u1eb9p tr\u1eddi kh\u00e1m ph\u00e1 kho l\u01b0u tr\u1eef c\u1ee7a Seppeltsfield, ng\u01b0\u1eddi \u0111i\u1ec1u ch\u1ebf ch\u00ednh c\u1ee7a ch\u00fang t\u00f4i \u0111\u00e3 ph\u00e1t hi\u1ec7n 16 th\u00f9ng port tawny \u0111\u1eb7c bi\u1ec7t t\u1eeb n\u0103m 1992, sau \u0111\u00f3 \u0111\u01b0\u1ee3c v\u1eadn chuy\u1ec3n c\u1ea9n th\u1eadn \u0111\u1ebfn Tasmania. \u0110\u1eadm \u0111\u00e0, s\u00e2u l\u1eafng v\u00e0 v\u00f4 c\u00f9ng ph\u1ee9c t\u1ea1p, \u0111\u01b0\u1ee3c sinh ra t\u1eeb \u0111\u1eb7c tr\u01b0ng v\u00e0 l\u1ecbch s\u1eed c\u1ee7a c\u00e1c th\u00f9ng r\u01b0\u1ee3u 30 n\u0103m m\u00e0 lo\u1ea1i whisky single malt n\u00e0y \u0111\u01b0\u1ee3c ho\u00e0n thi\u1ec7n trong \u0111\u00f3.  H\u01af\u01a0NG TH\u01a0M  Nh\u1eefng g\u1ee3i \u00fd c\u1ee7a Lapsang Souchong, v\u1edbi kem qu\u1ea3 m\u1ecdng v\u00e0 h\u1ea1t rang ch\u00e1y, ti\u1ebfp theo l\u00e0 da m\u1edbi v\u00e0 thu\u1ed1c l\u00e1 \u1ed1ng.  H\u01af\u01a0NG V\u1eca  Nh\u1eefng n\u00e9t kh\u00f3i nh\u1eb9 xu\u1ea5t hi\u1ec7n, chuy\u1ec3n sang v\u1ee5n qu\u1ea3 l\u00fd chua \u0111en cay, m\u1eadt heather v\u00e0 s\u00f4 c\u00f4 la \u0111en.  H\u1eacU V\u1eca  H\u01b0\u01a1ng \u0111\u1ea5t phong ph\u00fa v\u00e0 m\u1ea1ch nha rang c\u00f2n l\u1ea1i, v\u1edbi v\u1ecb ng\u1ecdt d\u1ebbo l\u00e2u d\u00e0i t\u1eeb c\u00e1c th\u00f9ng PARA 1992.","og_url":"https:\/\/alchemy-asia.com\/vi\/san-pham\/lark-seppeltsfield-para-1992\/","og_site_name":"Alchemy Asia","og_image":[{"width":1024,"height":1024,"url":"https:\/\/alchemy-asia.com\/vi\/wp-content\/uploads\/sites\/3\/2024\/09\/LARK-SEPPELTSFIELD-PARA-1992-1024x1024.png","type":"image\/png"}],"twitter_card":"summary_large_image","twitter_misc":{"\u01af\u1edbc t\u00ednh th\u1eddi gian \u0111\u1ecdc":"1 ph\u00fat"},"schema":{"@context":"https:\/\/schema.org","@graph":[{"@type":"WebPage","@id":"https:\/\/alchemy-asia.com\/vi\/san-pham\/lark-seppeltsfield-para-1992\/","url":"https:\/\/alchemy-asia.com\/vi\/san-pham\/lark-seppeltsfield-para-1992\/","name":"Lark Seppeltsfield Para 1992 - Alchemy Asia","isPartOf":{"@id":"https:\/\/alchemy-asia.com\/vi\/#website"},"primaryImageOfPage":{"@id":"https:\/\/alchemy-asia.com\/vi\/san-pham\/lark-seppeltsfield-para-1992\/#primaryimage"},"image":{"@id":"https:\/\/alchemy-asia.com\/vi\/san-pham\/lark-seppeltsfield-para-1992\/#primaryimage"},"thumbnailUrl":"https:\/\/alchemy-asia.com\/vi\/wp-content\/uploads\/sites\/3\/2024\/09\/LARK-SEPPELTSFIELD-PARA-1992.png","datePublished":"2024-09-10T10:43:00+00:00","dateModified":"2024-09-10T10:43:00+00:00","breadcrumb":{"@id":"https:\/\/alchemy-asia.com\/vi\/san-pham\/lark-seppeltsfield-para-1992\/#breadcrumb"},"inLanguage":"vi","potentialAction":[{"@type":"ReadAction","target":["https:\/\/alchemy-asia.com\/vi\/san-pham\/lark-seppeltsfield-para-1992\/"]}]},{"@type":"ImageObject","inLanguage":"vi","@id":"https:\/\/alchemy-asia.com\/vi\/san-pham\/lark-seppeltsfield-para-1992\/#primaryimage","url":"https:\/\/alchemy-asia.com\/vi\/wp-content\/uploads\/sites\/3\/2024\/09\/LARK-SEPPELTSFIELD-PARA-1992.png","contentUrl":"https:\/\/alchemy-asia.com\/vi\/wp-content\/uploads\/sites\/3\/2024\/09\/LARK-SEPPELTSFIELD-PARA-1992.png","width":5804,"height":5803},{"@type":"BreadcrumbList","@id":"https:\/\/alchemy-asia.com\/vi\/san-pham\/lark-seppeltsfield-para-1992\/#breadcrumb","itemListElement":[{"@type":"ListItem","position":1,"name":"Home","item":"https:\/\/alchemy-asia.com\/vi\/"},{"@type":"ListItem","position":2,"name":"Lark Seppeltsfield Para 1992"}]},{"@type":"WebSite","@id":"https:\/\/alchemy-asia.com\/vi\/#website","url":"https:\/\/alchemy-asia.com\/vi\/","name":"Alchemy Asia","description":"Just another Alchemy Asia Sites site","potentialAction":[{"@type":"SearchAction","target":{"@type":"EntryPoint","urlTemplate":"https:\/\/alchemy-asia.com\/vi\/?s={search_term_string}"},"query-input":"required name=search_term_string"}],"inLanguage":"vi"}]}},"_links":{"self":[{"href":"https:\/\/alchemy-asia.com\/vi\/wp-json\/wp\/v2\/product\/8868","targetHints":{"allow":["GET"]}}],"collection":[{"href":"https:\/\/alchemy-asia.com\/vi\/wp-json\/wp\/v2\/product"}],"about":[{"href":"https:\/\/alchemy-asia.com\/vi\/wp-json\/wp\/v2\/types\/product"}],"replies":[{"embeddable":true,"href":"https:\/\/alchemy-asia.com\/vi\/wp-json\/wp\/v2\/comments?post=8868"}],"wp:featuredmedia":[{"embeddable":true,"href":"https:\/\/alchemy-asia.com\/vi\/wp-json\/wp\/v2\/media\/8869"}],"wp:attachment":[{"href":"https:\/\/alchemy-asia.com\/vi\/wp-json\/wp\/v2\/media?parent=8868"}],"wp:term":[{"taxonomy":"product_cat","embeddable":true,"href":"https:\/\/alchemy-asia.com\/vi\/wp-json\/wp\/v2\/product_cat?post=8868"},{"taxonomy":"product_tag","embeddable":true,"href":"https:\/\/alchemy-asia.com\/vi\/wp-json\/wp\/v2\/product_tag?post=8868"}],"curies":[{"name":"wp","href":"https:\/\/api.w.org\/{rel}","templated":true}]}}