{"id":8877,"date":"2024-09-12T04:34:37","date_gmt":"2024-09-12T04:34:37","guid":{"rendered":"https:\/\/alchemy-asia.com\/vi\/?post_type=product&#038;p=8877"},"modified":"2024-09-12T04:36:28","modified_gmt":"2024-09-12T04:36:28","slug":"jose-cuervo-reserva-de-la-familia-tequila-2","status":"publish","type":"product","link":"https:\/\/alchemy-asia.com\/vi\/san-pham\/jose-cuervo-reserva-de-la-familia-tequila-2\/","title":{"rendered":"Jose Cuervo Reserva de la Familia Tequila"},"content":{"rendered":"","protected":false},"excerpt":{"rendered":"<p><span data-sheets-root=\"1\">Reserva de la Familia l\u00e0 m\u1ed9t b\u00ed m\u1eadt gia t\u1ed9c d\u00f9ng \u0111\u1ec3 chi\u00eau \u0111\u00e3i nh\u1eefng ng\u01b0\u1eddi th\u00e2n c\u1eadn nh\u1ea5t. Trong n\u0103m 1995, nh\u1eb1m k\u1ef7 ni\u1ec7m 200 n\u0103m l\u1ecbch s\u1eed, gia t\u1ed9c Jose Cuervo \u0111\u00e3 quy\u1ebft \u0111\u1ecbnh chia s\u1ebb d\u00f2ng Tequila \u0111\u1eb7c bi\u1ec7t n\u00e0y v\u1edbi nh\u1eefng kh\u00e1ch h\u00e0ng \u0111ang t\u00ecm ki\u1ebfm m\u1ed9t \u0111\u1eb3ng c\u1ea5p h\u01b0\u01a1ng v\u1ecb ho\u00e0n to\u00e0n kh\u00e1c.<\/span><\/p>\n","protected":false},"featured_media":8878,"comment_status":"open","ping_status":"closed","template":"","meta":{"_acf_changed":false},"product_cat":[60],"product_tag":[],"class_list":{"0":"post-8877","1":"product","2":"type-product","3":"status-publish","4":"has-post-thumbnail","6":"product_cat-tequila","7":"brand-jose-cuervo","9":"first","10":"instock","11":"shipping-taxable","12":"product-type-simple"},"acf":[],"yoast_head":"<!-- This site is optimized with the Yoast SEO plugin v23.0 - https:\/\/yoast.com\/wordpress\/plugins\/seo\/ -->\n<title>Jose Cuervo Reserva de la Familia Tequila - Alchemy Asia<\/title>\n<meta name=\"robots\" content=\"index, follow, max-snippet:-1, max-image-preview:large, max-video-preview:-1\" \/>\n<link rel=\"canonical\" href=\"https:\/\/alchemy-asia.com\/vi\/san-pham\/jose-cuervo-reserva-de-la-familia-tequila-2\/\" \/>\n<meta property=\"og:locale\" content=\"vi_VN\" \/>\n<meta property=\"og:type\" content=\"article\" \/>\n<meta property=\"og:title\" content=\"Jose Cuervo Reserva de la Familia Tequila - Alchemy Asia\" \/>\n<meta property=\"og:description\" content=\"Reserva de la Familia l\u00e0 m\u1ed9t b\u00ed m\u1eadt gia t\u1ed9c d\u00f9ng \u0111\u1ec3 chi\u00eau \u0111\u00e3i nh\u1eefng ng\u01b0\u1eddi th\u00e2n c\u1eadn nh\u1ea5t. Trong n\u0103m 1995, nh\u1eb1m k\u1ef7 ni\u1ec7m 200 n\u0103m l\u1ecbch s\u1eed, gia t\u1ed9c Jose Cuervo \u0111\u00e3 quy\u1ebft \u0111\u1ecbnh chia s\u1ebb d\u00f2ng Tequila \u0111\u1eb7c bi\u1ec7t n\u00e0y v\u1edbi nh\u1eefng kh\u00e1ch h\u00e0ng \u0111ang t\u00ecm ki\u1ebfm m\u1ed9t \u0111\u1eb3ng c\u1ea5p h\u01b0\u01a1ng v\u1ecb ho\u00e0n to\u00e0n kh\u00e1c.\" \/>\n<meta property=\"og:url\" content=\"https:\/\/alchemy-asia.com\/vi\/san-pham\/jose-cuervo-reserva-de-la-familia-tequila-2\/\" \/>\n<meta property=\"og:site_name\" content=\"Alchemy Asia\" \/>\n<meta property=\"article:modified_time\" content=\"2024-09-12T04:36:28+00:00\" \/>\n<meta property=\"og:image\" content=\"https:\/\/alchemy-asia.com\/vi\/wp-content\/uploads\/sites\/3\/2024\/09\/Jose-Cuervo-Reserva-de-la-Familia-Extra-Anejo-75cl-Bottle-Shot-1024x1024.png\" \/>\n\t<meta property=\"og:image:width\" content=\"1024\" \/>\n\t<meta property=\"og:image:height\" content=\"1024\" \/>\n\t<meta property=\"og:image:type\" content=\"image\/png\" \/>\n<meta name=\"twitter:card\" content=\"summary_large_image\" \/>\n<meta name=\"twitter:label1\" content=\"\u01af\u1edbc t\u00ednh th\u1eddi gian \u0111\u1ecdc\" \/>\n\t<meta name=\"twitter:data1\" content=\"1 ph\u00fat\" \/>\n<script type=\"application\/ld+json\" class=\"yoast-schema-graph\">{\"@context\":\"https:\/\/schema.org\",\"@graph\":[{\"@type\":\"WebPage\",\"@id\":\"https:\/\/alchemy-asia.com\/vi\/san-pham\/jose-cuervo-reserva-de-la-familia-tequila-2\/\",\"url\":\"https:\/\/alchemy-asia.com\/vi\/san-pham\/jose-cuervo-reserva-de-la-familia-tequila-2\/\",\"name\":\"Jose Cuervo Reserva de la Familia Tequila - Alchemy Asia\",\"isPartOf\":{\"@id\":\"https:\/\/alchemy-asia.com\/vi\/#website\"},\"primaryImageOfPage\":{\"@id\":\"https:\/\/alchemy-asia.com\/vi\/san-pham\/jose-cuervo-reserva-de-la-familia-tequila-2\/#primaryimage\"},\"image\":{\"@id\":\"https:\/\/alchemy-asia.com\/vi\/san-pham\/jose-cuervo-reserva-de-la-familia-tequila-2\/#primaryimage\"},\"thumbnailUrl\":\"https:\/\/alchemy-asia.com\/vi\/wp-content\/uploads\/sites\/3\/2024\/09\/Jose-Cuervo-Reserva-de-la-Familia-Extra-Anejo-75cl-Bottle-Shot.png\",\"datePublished\":\"2024-09-12T04:34:37+00:00\",\"dateModified\":\"2024-09-12T04:36:28+00:00\",\"breadcrumb\":{\"@id\":\"https:\/\/alchemy-asia.com\/vi\/san-pham\/jose-cuervo-reserva-de-la-familia-tequila-2\/#breadcrumb\"},\"inLanguage\":\"vi\",\"potentialAction\":[{\"@type\":\"ReadAction\",\"target\":[\"https:\/\/alchemy-asia.com\/vi\/san-pham\/jose-cuervo-reserva-de-la-familia-tequila-2\/\"]}]},{\"@type\":\"ImageObject\",\"inLanguage\":\"vi\",\"@id\":\"https:\/\/alchemy-asia.com\/vi\/san-pham\/jose-cuervo-reserva-de-la-familia-tequila-2\/#primaryimage\",\"url\":\"https:\/\/alchemy-asia.com\/vi\/wp-content\/uploads\/sites\/3\/2024\/09\/Jose-Cuervo-Reserva-de-la-Familia-Extra-Anejo-75cl-Bottle-Shot.png\",\"contentUrl\":\"https:\/\/alchemy-asia.com\/vi\/wp-content\/uploads\/sites\/3\/2024\/09\/Jose-Cuervo-Reserva-de-la-Familia-Extra-Anejo-75cl-Bottle-Shot.png\",\"width\":5804,\"height\":5803,\"caption\":\"JOSE CUERVO RESERVA DE LA FAMILIA EXTRA ANEJO\"},{\"@type\":\"BreadcrumbList\",\"@id\":\"https:\/\/alchemy-asia.com\/vi\/san-pham\/jose-cuervo-reserva-de-la-familia-tequila-2\/#breadcrumb\",\"itemListElement\":[{\"@type\":\"ListItem\",\"position\":1,\"name\":\"Home\",\"item\":\"https:\/\/alchemy-asia.com\/vi\/\"},{\"@type\":\"ListItem\",\"position\":2,\"name\":\"Jose Cuervo Reserva de la Familia Tequila\"}]},{\"@type\":\"WebSite\",\"@id\":\"https:\/\/alchemy-asia.com\/vi\/#website\",\"url\":\"https:\/\/alchemy-asia.com\/vi\/\",\"name\":\"Alchemy Asia\",\"description\":\"Just another Alchemy Asia Sites site\",\"potentialAction\":[{\"@type\":\"SearchAction\",\"target\":{\"@type\":\"EntryPoint\",\"urlTemplate\":\"https:\/\/alchemy-asia.com\/vi\/?s={search_term_string}\"},\"query-input\":\"required name=search_term_string\"}],\"inLanguage\":\"vi\"}]}<\/script>\n<!-- \/ Yoast SEO plugin. -->","yoast_head_json":{"title":"Jose Cuervo Reserva de la Familia Tequila - Alchemy Asia","robots":{"index":"index","follow":"follow","max-snippet":"max-snippet:-1","max-image-preview":"max-image-preview:large","max-video-preview":"max-video-preview:-1"},"canonical":"https:\/\/alchemy-asia.com\/vi\/san-pham\/jose-cuervo-reserva-de-la-familia-tequila-2\/","og_locale":"vi_VN","og_type":"article","og_title":"Jose Cuervo Reserva de la Familia Tequila - Alchemy Asia","og_description":"Reserva de la Familia l\u00e0 m\u1ed9t b\u00ed m\u1eadt gia t\u1ed9c d\u00f9ng \u0111\u1ec3 chi\u00eau \u0111\u00e3i nh\u1eefng ng\u01b0\u1eddi th\u00e2n c\u1eadn nh\u1ea5t. Trong n\u0103m 1995, nh\u1eb1m k\u1ef7 ni\u1ec7m 200 n\u0103m l\u1ecbch s\u1eed, gia t\u1ed9c Jose Cuervo \u0111\u00e3 quy\u1ebft \u0111\u1ecbnh chia s\u1ebb d\u00f2ng Tequila \u0111\u1eb7c bi\u1ec7t n\u00e0y v\u1edbi nh\u1eefng kh\u00e1ch h\u00e0ng \u0111ang t\u00ecm ki\u1ebfm m\u1ed9t \u0111\u1eb3ng c\u1ea5p h\u01b0\u01a1ng v\u1ecb ho\u00e0n to\u00e0n kh\u00e1c.","og_url":"https:\/\/alchemy-asia.com\/vi\/san-pham\/jose-cuervo-reserva-de-la-familia-tequila-2\/","og_site_name":"Alchemy Asia","article_modified_time":"2024-09-12T04:36:28+00:00","og_image":[{"width":1024,"height":1024,"url":"https:\/\/alchemy-asia.com\/vi\/wp-content\/uploads\/sites\/3\/2024\/09\/Jose-Cuervo-Reserva-de-la-Familia-Extra-Anejo-75cl-Bottle-Shot-1024x1024.png","type":"image\/png"}],"twitter_card":"summary_large_image","twitter_misc":{"\u01af\u1edbc t\u00ednh th\u1eddi gian \u0111\u1ecdc":"1 ph\u00fat"},"schema":{"@context":"https:\/\/schema.org","@graph":[{"@type":"WebPage","@id":"https:\/\/alchemy-asia.com\/vi\/san-pham\/jose-cuervo-reserva-de-la-familia-tequila-2\/","url":"https:\/\/alchemy-asia.com\/vi\/san-pham\/jose-cuervo-reserva-de-la-familia-tequila-2\/","name":"Jose Cuervo Reserva de la Familia Tequila - Alchemy Asia","isPartOf":{"@id":"https:\/\/alchemy-asia.com\/vi\/#website"},"primaryImageOfPage":{"@id":"https:\/\/alchemy-asia.com\/vi\/san-pham\/jose-cuervo-reserva-de-la-familia-tequila-2\/#primaryimage"},"image":{"@id":"https:\/\/alchemy-asia.com\/vi\/san-pham\/jose-cuervo-reserva-de-la-familia-tequila-2\/#primaryimage"},"thumbnailUrl":"https:\/\/alchemy-asia.com\/vi\/wp-content\/uploads\/sites\/3\/2024\/09\/Jose-Cuervo-Reserva-de-la-Familia-Extra-Anejo-75cl-Bottle-Shot.png","datePublished":"2024-09-12T04:34:37+00:00","dateModified":"2024-09-12T04:36:28+00:00","breadcrumb":{"@id":"https:\/\/alchemy-asia.com\/vi\/san-pham\/jose-cuervo-reserva-de-la-familia-tequila-2\/#breadcrumb"},"inLanguage":"vi","potentialAction":[{"@type":"ReadAction","target":["https:\/\/alchemy-asia.com\/vi\/san-pham\/jose-cuervo-reserva-de-la-familia-tequila-2\/"]}]},{"@type":"ImageObject","inLanguage":"vi","@id":"https:\/\/alchemy-asia.com\/vi\/san-pham\/jose-cuervo-reserva-de-la-familia-tequila-2\/#primaryimage","url":"https:\/\/alchemy-asia.com\/vi\/wp-content\/uploads\/sites\/3\/2024\/09\/Jose-Cuervo-Reserva-de-la-Familia-Extra-Anejo-75cl-Bottle-Shot.png","contentUrl":"https:\/\/alchemy-asia.com\/vi\/wp-content\/uploads\/sites\/3\/2024\/09\/Jose-Cuervo-Reserva-de-la-Familia-Extra-Anejo-75cl-Bottle-Shot.png","width":5804,"height":5803,"caption":"JOSE CUERVO RESERVA DE LA FAMILIA EXTRA ANEJO"},{"@type":"BreadcrumbList","@id":"https:\/\/alchemy-asia.com\/vi\/san-pham\/jose-cuervo-reserva-de-la-familia-tequila-2\/#breadcrumb","itemListElement":[{"@type":"ListItem","position":1,"name":"Home","item":"https:\/\/alchemy-asia.com\/vi\/"},{"@type":"ListItem","position":2,"name":"Jose Cuervo Reserva de la Familia Tequila"}]},{"@type":"WebSite","@id":"https:\/\/alchemy-asia.com\/vi\/#website","url":"https:\/\/alchemy-asia.com\/vi\/","name":"Alchemy Asia","description":"Just another Alchemy Asia Sites site","potentialAction":[{"@type":"SearchAction","target":{"@type":"EntryPoint","urlTemplate":"https:\/\/alchemy-asia.com\/vi\/?s={search_term_string}"},"query-input":"required name=search_term_string"}],"inLanguage":"vi"}]}},"_links":{"self":[{"href":"https:\/\/alchemy-asia.com\/vi\/wp-json\/wp\/v2\/product\/8877","targetHints":{"allow":["GET"]}}],"collection":[{"href":"https:\/\/alchemy-asia.com\/vi\/wp-json\/wp\/v2\/product"}],"about":[{"href":"https:\/\/alchemy-asia.com\/vi\/wp-json\/wp\/v2\/types\/product"}],"replies":[{"embeddable":true,"href":"https:\/\/alchemy-asia.com\/vi\/wp-json\/wp\/v2\/comments?post=8877"}],"wp:featuredmedia":[{"embeddable":true,"href":"https:\/\/alchemy-asia.com\/vi\/wp-json\/wp\/v2\/media\/8878"}],"wp:attachment":[{"href":"https:\/\/alchemy-asia.com\/vi\/wp-json\/wp\/v2\/media?parent=8877"}],"wp:term":[{"taxonomy":"product_cat","embeddable":true,"href":"https:\/\/alchemy-asia.com\/vi\/wp-json\/wp\/v2\/product_cat?post=8877"},{"taxonomy":"product_tag","embeddable":true,"href":"https:\/\/alchemy-asia.com\/vi\/wp-json\/wp\/v2\/product_tag?post=8877"}],"curies":[{"name":"wp","href":"https:\/\/api.w.org\/{rel}","templated":true}]}}