{"id":8892,"date":"2024-09-12T09:07:15","date_gmt":"2024-09-12T09:07:15","guid":{"rendered":"https:\/\/alchemy-asia.com\/vi\/?post_type=product&#038;p=8892"},"modified":"2024-09-12T09:07:15","modified_gmt":"2024-09-12T09:07:15","slug":"galliano-vanilla-liqueur","status":"publish","type":"product","link":"https:\/\/alchemy-asia.com\/vi\/san-pham\/galliano-vanilla-liqueur\/","title":{"rendered":"Galliano Vanilla Liqueur"},"content":{"rendered":"","protected":false},"excerpt":{"rendered":"<p><span data-sheets-root=\"1\">Galliano Vanilla ch\u1ee9a \u0111\u1ef1ng tr\u00e1i tim c\u1ee7a Galliano L&#8217;Autentico, v\u1edbi h\u01b0\u01a1ng v\u1ecb vani m\u1ec1m m\u1ea1i b\u1eb1ng c\u00e1ch th\u00eam h\u01b0\u01a1ng th\u01a1m vani ch\u01b0ng c\u1ea5t c\u00f3 ch\u1ea5t l\u01b0\u1ee3ng cao nh\u1ea5t.<\/p>\n<p>Tasting Notes:<\/p>\n<p>Galliano Vanilla c\u00f3 h\u01b0\u01a1ng vani tr\u00f2n tr\u1ecba, th\u01a1m v\u00e0 ng\u1ecdt ng\u00e0o. \u0110i\u1ec1u n\u00e0y ph\u00f9 h\u1ee3p rong nhi\u1ec1u lo\u1ea1i cocktail, ch\u1eb3ng h\u1ea1n nh\u01b0 Original Hot Shot, c\u00f3 t\u1ed5ng c\u1ed9ng ba l\u1edbp, trong \u0111\u00f3 c\u00f3 bao g\u1ed3m Galliano, c\u00e0 ph\u00ea n\u00f3ng v\u00e0 kem t\u01b0\u01a1i. B\u1eb1ng c\u00e1ch u\u1ed1ng Galliano Hot Shot, b\u1ea1n s\u1ebd c\u00f3 \u0111\u01b0\u1ee3c s\u1ef1 k\u1ebft h\u1ee3p gi\u1eefa c\u00e1c t\u00f4ng m\u00e0u vani tr\u00f2n tr\u1ecba \u0111\u01b0\u1ee3c l\u00e0m phong ph\u00fa th\u00eam b\u1edfi c\u00e0 ph\u00ea \u1ea5m v\u00e0 kem, mang l\u1ea1i cho th\u1ee9c u\u1ed1ng m\u1ed9t c\u1ea3m gi\u00e1c s\u1ea3ng kho\u00e1i trong mi\u1ec7ng. M\u1ed9t tr\u1ea3i nghi\u1ec7m ngon mi\u1ec7ng sau b\u1eefa t\u1ed1i ho\u1eb7c \u0111\u00eam khuya. Ho\u1eb7c th\u1eed k\u1ebft h\u1ee3p n\u00f3 v\u1edbi bia g\u1eebng v\u00e0 n\u01b0\u1edbc c\u1ed1t chanh t\u01b0\u01a1i \u0111\u1ec3 c\u00f3 m\u1ed9t c\u1ea3m gi\u00e1c gi\u1ea3i kh\u00e1t cay n\u1ed3ng trong kho\u1ea3nh kh\u1eafc &#8216;Aperitivo&#8217;<\/span><\/p>\n","protected":false},"featured_media":8894,"comment_status":"open","ping_status":"closed","template":"","meta":{"_acf_changed":false},"product_cat":[54],"product_tag":[],"class_list":{"0":"post-8892","1":"product","2":"type-product","3":"status-publish","4":"has-post-thumbnail","6":"product_cat-liqueurs","7":"brand-galliano-liqueur","9":"first","10":"instock","11":"shipping-taxable","12":"product-type-simple"},"acf":[],"yoast_head":"<!-- This site is optimized with the Yoast SEO plugin v23.0 - https:\/\/yoast.com\/wordpress\/plugins\/seo\/ -->\n<title>Galliano Vanilla Liqueur - Alchemy Asia<\/title>\n<meta name=\"robots\" content=\"index, follow, max-snippet:-1, max-image-preview:large, max-video-preview:-1\" \/>\n<link rel=\"canonical\" href=\"https:\/\/alchemy-asia.com\/vi\/san-pham\/galliano-vanilla-liqueur\/\" \/>\n<meta property=\"og:locale\" content=\"vi_VN\" \/>\n<meta property=\"og:type\" content=\"article\" \/>\n<meta property=\"og:title\" content=\"Galliano Vanilla Liqueur - Alchemy Asia\" \/>\n<meta property=\"og:description\" content=\"Galliano Vanilla ch\u1ee9a \u0111\u1ef1ng tr\u00e1i tim c\u1ee7a Galliano L&#039;Autentico, v\u1edbi h\u01b0\u01a1ng v\u1ecb vani m\u1ec1m m\u1ea1i b\u1eb1ng c\u00e1ch th\u00eam h\u01b0\u01a1ng th\u01a1m vani ch\u01b0ng c\u1ea5t c\u00f3 ch\u1ea5t l\u01b0\u1ee3ng cao nh\u1ea5t.  Tasting Notes:  Galliano Vanilla c\u00f3 h\u01b0\u01a1ng vani tr\u00f2n tr\u1ecba, th\u01a1m v\u00e0 ng\u1ecdt ng\u00e0o. \u0110i\u1ec1u n\u00e0y ph\u00f9 h\u1ee3p rong nhi\u1ec1u lo\u1ea1i cocktail, ch\u1eb3ng h\u1ea1n nh\u01b0 Original Hot Shot, c\u00f3 t\u1ed5ng c\u1ed9ng ba l\u1edbp, trong \u0111\u00f3 c\u00f3 bao g\u1ed3m Galliano, c\u00e0 ph\u00ea n\u00f3ng v\u00e0 kem t\u01b0\u01a1i. B\u1eb1ng c\u00e1ch u\u1ed1ng Galliano Hot Shot, b\u1ea1n s\u1ebd c\u00f3 \u0111\u01b0\u1ee3c s\u1ef1 k\u1ebft h\u1ee3p gi\u1eefa c\u00e1c t\u00f4ng m\u00e0u vani tr\u00f2n tr\u1ecba \u0111\u01b0\u1ee3c l\u00e0m phong ph\u00fa th\u00eam b\u1edfi c\u00e0 ph\u00ea \u1ea5m v\u00e0 kem, mang l\u1ea1i cho th\u1ee9c u\u1ed1ng m\u1ed9t c\u1ea3m gi\u00e1c s\u1ea3ng kho\u00e1i trong mi\u1ec7ng. M\u1ed9t tr\u1ea3i nghi\u1ec7m ngon mi\u1ec7ng sau b\u1eefa t\u1ed1i ho\u1eb7c \u0111\u00eam khuya. Ho\u1eb7c th\u1eed k\u1ebft h\u1ee3p n\u00f3 v\u1edbi bia g\u1eebng v\u00e0 n\u01b0\u1edbc c\u1ed1t chanh t\u01b0\u01a1i \u0111\u1ec3 c\u00f3 m\u1ed9t c\u1ea3m gi\u00e1c gi\u1ea3i kh\u00e1t cay n\u1ed3ng trong kho\u1ea3nh kh\u1eafc &#039;Aperitivo&#039;\" \/>\n<meta property=\"og:url\" content=\"https:\/\/alchemy-asia.com\/vi\/san-pham\/galliano-vanilla-liqueur\/\" \/>\n<meta property=\"og:site_name\" content=\"Alchemy Asia\" \/>\n<meta property=\"og:image\" content=\"https:\/\/alchemy-asia.com\/vi\/wp-content\/uploads\/sites\/3\/2024\/09\/Galliano-Vanilla.png\" \/>\n\t<meta property=\"og:image:width\" content=\"1080\" \/>\n\t<meta property=\"og:image:height\" content=\"1080\" \/>\n\t<meta property=\"og:image:type\" content=\"image\/png\" \/>\n<meta name=\"twitter:card\" content=\"summary_large_image\" \/>\n<meta name=\"twitter:label1\" content=\"\u01af\u1edbc t\u00ednh th\u1eddi gian \u0111\u1ecdc\" \/>\n\t<meta name=\"twitter:data1\" content=\"1 ph\u00fat\" \/>\n<script type=\"application\/ld+json\" class=\"yoast-schema-graph\">{\"@context\":\"https:\/\/schema.org\",\"@graph\":[{\"@type\":\"WebPage\",\"@id\":\"https:\/\/alchemy-asia.com\/vi\/san-pham\/galliano-vanilla-liqueur\/\",\"url\":\"https:\/\/alchemy-asia.com\/vi\/san-pham\/galliano-vanilla-liqueur\/\",\"name\":\"Galliano Vanilla Liqueur - Alchemy Asia\",\"isPartOf\":{\"@id\":\"https:\/\/alchemy-asia.com\/vi\/#website\"},\"primaryImageOfPage\":{\"@id\":\"https:\/\/alchemy-asia.com\/vi\/san-pham\/galliano-vanilla-liqueur\/#primaryimage\"},\"image\":{\"@id\":\"https:\/\/alchemy-asia.com\/vi\/san-pham\/galliano-vanilla-liqueur\/#primaryimage\"},\"thumbnailUrl\":\"https:\/\/alchemy-asia.com\/vi\/wp-content\/uploads\/sites\/3\/2024\/09\/Galliano-Vanilla.png\",\"datePublished\":\"2024-09-12T09:07:15+00:00\",\"dateModified\":\"2024-09-12T09:07:15+00:00\",\"breadcrumb\":{\"@id\":\"https:\/\/alchemy-asia.com\/vi\/san-pham\/galliano-vanilla-liqueur\/#breadcrumb\"},\"inLanguage\":\"vi\",\"potentialAction\":[{\"@type\":\"ReadAction\",\"target\":[\"https:\/\/alchemy-asia.com\/vi\/san-pham\/galliano-vanilla-liqueur\/\"]}]},{\"@type\":\"ImageObject\",\"inLanguage\":\"vi\",\"@id\":\"https:\/\/alchemy-asia.com\/vi\/san-pham\/galliano-vanilla-liqueur\/#primaryimage\",\"url\":\"https:\/\/alchemy-asia.com\/vi\/wp-content\/uploads\/sites\/3\/2024\/09\/Galliano-Vanilla.png\",\"contentUrl\":\"https:\/\/alchemy-asia.com\/vi\/wp-content\/uploads\/sites\/3\/2024\/09\/Galliano-Vanilla.png\",\"width\":1080,\"height\":1080,\"caption\":\"Galliano Vanilla\"},{\"@type\":\"BreadcrumbList\",\"@id\":\"https:\/\/alchemy-asia.com\/vi\/san-pham\/galliano-vanilla-liqueur\/#breadcrumb\",\"itemListElement\":[{\"@type\":\"ListItem\",\"position\":1,\"name\":\"Home\",\"item\":\"https:\/\/alchemy-asia.com\/vi\/\"},{\"@type\":\"ListItem\",\"position\":2,\"name\":\"Galliano Vanilla Liqueur\"}]},{\"@type\":\"WebSite\",\"@id\":\"https:\/\/alchemy-asia.com\/vi\/#website\",\"url\":\"https:\/\/alchemy-asia.com\/vi\/\",\"name\":\"Alchemy Asia\",\"description\":\"Just another Alchemy Asia Sites site\",\"potentialAction\":[{\"@type\":\"SearchAction\",\"target\":{\"@type\":\"EntryPoint\",\"urlTemplate\":\"https:\/\/alchemy-asia.com\/vi\/?s={search_term_string}\"},\"query-input\":\"required name=search_term_string\"}],\"inLanguage\":\"vi\"}]}<\/script>\n<!-- \/ Yoast SEO plugin. -->","yoast_head_json":{"title":"Galliano Vanilla Liqueur - Alchemy Asia","robots":{"index":"index","follow":"follow","max-snippet":"max-snippet:-1","max-image-preview":"max-image-preview:large","max-video-preview":"max-video-preview:-1"},"canonical":"https:\/\/alchemy-asia.com\/vi\/san-pham\/galliano-vanilla-liqueur\/","og_locale":"vi_VN","og_type":"article","og_title":"Galliano Vanilla Liqueur - Alchemy Asia","og_description":"Galliano Vanilla ch\u1ee9a \u0111\u1ef1ng tr\u00e1i tim c\u1ee7a Galliano L'Autentico, v\u1edbi h\u01b0\u01a1ng v\u1ecb vani m\u1ec1m m\u1ea1i b\u1eb1ng c\u00e1ch th\u00eam h\u01b0\u01a1ng th\u01a1m vani ch\u01b0ng c\u1ea5t c\u00f3 ch\u1ea5t l\u01b0\u1ee3ng cao nh\u1ea5t.  Tasting Notes:  Galliano Vanilla c\u00f3 h\u01b0\u01a1ng vani tr\u00f2n tr\u1ecba, th\u01a1m v\u00e0 ng\u1ecdt ng\u00e0o. \u0110i\u1ec1u n\u00e0y ph\u00f9 h\u1ee3p rong nhi\u1ec1u lo\u1ea1i cocktail, ch\u1eb3ng h\u1ea1n nh\u01b0 Original Hot Shot, c\u00f3 t\u1ed5ng c\u1ed9ng ba l\u1edbp, trong \u0111\u00f3 c\u00f3 bao g\u1ed3m Galliano, c\u00e0 ph\u00ea n\u00f3ng v\u00e0 kem t\u01b0\u01a1i. B\u1eb1ng c\u00e1ch u\u1ed1ng Galliano Hot Shot, b\u1ea1n s\u1ebd c\u00f3 \u0111\u01b0\u1ee3c s\u1ef1 k\u1ebft h\u1ee3p gi\u1eefa c\u00e1c t\u00f4ng m\u00e0u vani tr\u00f2n tr\u1ecba \u0111\u01b0\u1ee3c l\u00e0m phong ph\u00fa th\u00eam b\u1edfi c\u00e0 ph\u00ea \u1ea5m v\u00e0 kem, mang l\u1ea1i cho th\u1ee9c u\u1ed1ng m\u1ed9t c\u1ea3m gi\u00e1c s\u1ea3ng kho\u00e1i trong mi\u1ec7ng. M\u1ed9t tr\u1ea3i nghi\u1ec7m ngon mi\u1ec7ng sau b\u1eefa t\u1ed1i ho\u1eb7c \u0111\u00eam khuya. Ho\u1eb7c th\u1eed k\u1ebft h\u1ee3p n\u00f3 v\u1edbi bia g\u1eebng v\u00e0 n\u01b0\u1edbc c\u1ed1t chanh t\u01b0\u01a1i \u0111\u1ec3 c\u00f3 m\u1ed9t c\u1ea3m gi\u00e1c gi\u1ea3i kh\u00e1t cay n\u1ed3ng trong kho\u1ea3nh kh\u1eafc 'Aperitivo'","og_url":"https:\/\/alchemy-asia.com\/vi\/san-pham\/galliano-vanilla-liqueur\/","og_site_name":"Alchemy Asia","og_image":[{"width":1080,"height":1080,"url":"https:\/\/alchemy-asia.com\/vi\/wp-content\/uploads\/sites\/3\/2024\/09\/Galliano-Vanilla.png","type":"image\/png"}],"twitter_card":"summary_large_image","twitter_misc":{"\u01af\u1edbc t\u00ednh th\u1eddi gian \u0111\u1ecdc":"1 ph\u00fat"},"schema":{"@context":"https:\/\/schema.org","@graph":[{"@type":"WebPage","@id":"https:\/\/alchemy-asia.com\/vi\/san-pham\/galliano-vanilla-liqueur\/","url":"https:\/\/alchemy-asia.com\/vi\/san-pham\/galliano-vanilla-liqueur\/","name":"Galliano Vanilla Liqueur - Alchemy Asia","isPartOf":{"@id":"https:\/\/alchemy-asia.com\/vi\/#website"},"primaryImageOfPage":{"@id":"https:\/\/alchemy-asia.com\/vi\/san-pham\/galliano-vanilla-liqueur\/#primaryimage"},"image":{"@id":"https:\/\/alchemy-asia.com\/vi\/san-pham\/galliano-vanilla-liqueur\/#primaryimage"},"thumbnailUrl":"https:\/\/alchemy-asia.com\/vi\/wp-content\/uploads\/sites\/3\/2024\/09\/Galliano-Vanilla.png","datePublished":"2024-09-12T09:07:15+00:00","dateModified":"2024-09-12T09:07:15+00:00","breadcrumb":{"@id":"https:\/\/alchemy-asia.com\/vi\/san-pham\/galliano-vanilla-liqueur\/#breadcrumb"},"inLanguage":"vi","potentialAction":[{"@type":"ReadAction","target":["https:\/\/alchemy-asia.com\/vi\/san-pham\/galliano-vanilla-liqueur\/"]}]},{"@type":"ImageObject","inLanguage":"vi","@id":"https:\/\/alchemy-asia.com\/vi\/san-pham\/galliano-vanilla-liqueur\/#primaryimage","url":"https:\/\/alchemy-asia.com\/vi\/wp-content\/uploads\/sites\/3\/2024\/09\/Galliano-Vanilla.png","contentUrl":"https:\/\/alchemy-asia.com\/vi\/wp-content\/uploads\/sites\/3\/2024\/09\/Galliano-Vanilla.png","width":1080,"height":1080,"caption":"Galliano Vanilla"},{"@type":"BreadcrumbList","@id":"https:\/\/alchemy-asia.com\/vi\/san-pham\/galliano-vanilla-liqueur\/#breadcrumb","itemListElement":[{"@type":"ListItem","position":1,"name":"Home","item":"https:\/\/alchemy-asia.com\/vi\/"},{"@type":"ListItem","position":2,"name":"Galliano Vanilla Liqueur"}]},{"@type":"WebSite","@id":"https:\/\/alchemy-asia.com\/vi\/#website","url":"https:\/\/alchemy-asia.com\/vi\/","name":"Alchemy Asia","description":"Just another Alchemy Asia Sites site","potentialAction":[{"@type":"SearchAction","target":{"@type":"EntryPoint","urlTemplate":"https:\/\/alchemy-asia.com\/vi\/?s={search_term_string}"},"query-input":"required name=search_term_string"}],"inLanguage":"vi"}]}},"_links":{"self":[{"href":"https:\/\/alchemy-asia.com\/vi\/wp-json\/wp\/v2\/product\/8892","targetHints":{"allow":["GET"]}}],"collection":[{"href":"https:\/\/alchemy-asia.com\/vi\/wp-json\/wp\/v2\/product"}],"about":[{"href":"https:\/\/alchemy-asia.com\/vi\/wp-json\/wp\/v2\/types\/product"}],"replies":[{"embeddable":true,"href":"https:\/\/alchemy-asia.com\/vi\/wp-json\/wp\/v2\/comments?post=8892"}],"wp:featuredmedia":[{"embeddable":true,"href":"https:\/\/alchemy-asia.com\/vi\/wp-json\/wp\/v2\/media\/8894"}],"wp:attachment":[{"href":"https:\/\/alchemy-asia.com\/vi\/wp-json\/wp\/v2\/media?parent=8892"}],"wp:term":[{"taxonomy":"product_cat","embeddable":true,"href":"https:\/\/alchemy-asia.com\/vi\/wp-json\/wp\/v2\/product_cat?post=8892"},{"taxonomy":"product_tag","embeddable":true,"href":"https:\/\/alchemy-asia.com\/vi\/wp-json\/wp\/v2\/product_tag?post=8892"}],"curies":[{"name":"wp","href":"https:\/\/api.w.org\/{rel}","templated":true}]}}