{"id":914,"date":"2017-07-26T03:49:57","date_gmt":"2017-07-26T03:49:57","guid":{"rendered":"http:\/\/alchemy-asia.com\/vi\/?post_type=product&#038;p=914"},"modified":"2024-08-05T07:08:41","modified_gmt":"2024-08-05T07:08:41","slug":"jose-cuervo-especial-silver","status":"publish","type":"product","link":"https:\/\/alchemy-asia.com\/vi\/san-pham\/jose-cuervo-especial-silver\/","title":{"rendered":"Jose Cuervo Especial Silver"},"content":{"rendered":"","protected":false},"excerpt":{"rendered":"<p><span data-sheets-root=\"1\">N\u1ed5i ti\u1ebfng c\u00f9ng m\u00e0u trong su\u1ed1t v\u1edbi h\u01b0\u01a1ng v\u1ecb \u0111\u1eb7c tr\u01b0ng c\u1ee7a c\u00e2y th\u00f9a gai t\u01b0\u01a1i v\u00e0 tinh khi\u1ebft, v\u1edbi h\u1eadu v\u1ecb \u1ea5m \u00e1p \u0111\u1ea7y m\u1ecbn m\u00e0ng. Nh\u1eefng nh\u00e0 pha ch\u1ebf b\u1eadc th\u1ea7y t\u1ea1i La Rojena \u0111\u00e3 t\u1ea1o n\u00ean m\u1ed9t s\u1ef1 k\u1ebft h\u1ee3p c\u00e2n b\u1eb1ng gi\u1eefa c\u00e2y th\u00f9a gai, caramel v\u00e0 c\u00e1c lo\u1ea1i th\u1ea3o m\u1ed9c t\u01b0\u01a1i \u0111\u1ec3 l\u00e0m n\u1ed5i b\u1eadt h\u01b0\u01a1ng v\u1ecb \u0111\u1eb7c tr\u01b0ng c\u1ee7a s\u1ea3n ph\u1ea9m.<\/span><\/p>\n","protected":false},"featured_media":8806,"comment_status":"open","ping_status":"closed","template":"","meta":{"_acf_changed":false},"product_cat":[60],"product_tag":[],"class_list":{"0":"post-914","1":"product","2":"type-product","3":"status-publish","4":"has-post-thumbnail","6":"product_cat-tequila","7":"brand-jose-cuervo","9":"first","10":"instock","11":"shipping-taxable","12":"product-type-simple"},"acf":[],"yoast_head":"<!-- This site is optimized with the Yoast SEO plugin v23.0 - https:\/\/yoast.com\/wordpress\/plugins\/seo\/ -->\n<title>Jose Cuervo Especial Silver - Alchemy Asia<\/title>\n<meta name=\"robots\" content=\"index, follow, max-snippet:-1, max-image-preview:large, max-video-preview:-1\" \/>\n<link rel=\"canonical\" href=\"https:\/\/alchemy-asia.com\/vi\/san-pham\/jose-cuervo-especial-silver\/\" \/>\n<meta property=\"og:locale\" content=\"vi_VN\" \/>\n<meta property=\"og:type\" content=\"article\" \/>\n<meta property=\"og:title\" content=\"Jose Cuervo Especial Silver - Alchemy Asia\" \/>\n<meta property=\"og:description\" content=\"N\u1ed5i ti\u1ebfng c\u00f9ng m\u00e0u trong su\u1ed1t v\u1edbi h\u01b0\u01a1ng v\u1ecb \u0111\u1eb7c tr\u01b0ng c\u1ee7a c\u00e2y th\u00f9a gai t\u01b0\u01a1i v\u00e0 tinh khi\u1ebft, v\u1edbi h\u1eadu v\u1ecb \u1ea5m \u00e1p \u0111\u1ea7y m\u1ecbn m\u00e0ng. Nh\u1eefng nh\u00e0 pha ch\u1ebf b\u1eadc th\u1ea7y t\u1ea1i La Rojena \u0111\u00e3 t\u1ea1o n\u00ean m\u1ed9t s\u1ef1 k\u1ebft h\u1ee3p c\u00e2n b\u1eb1ng gi\u1eefa c\u00e2y th\u00f9a gai, caramel v\u00e0 c\u00e1c lo\u1ea1i th\u1ea3o m\u1ed9c t\u01b0\u01a1i \u0111\u1ec3 l\u00e0m n\u1ed5i b\u1eadt h\u01b0\u01a1ng v\u1ecb \u0111\u1eb7c tr\u01b0ng c\u1ee7a s\u1ea3n ph\u1ea9m.\" \/>\n<meta property=\"og:url\" content=\"https:\/\/alchemy-asia.com\/vi\/san-pham\/jose-cuervo-especial-silver\/\" \/>\n<meta property=\"og:site_name\" content=\"Alchemy Asia\" \/>\n<meta property=\"article:modified_time\" content=\"2024-08-05T07:08:41+00:00\" \/>\n<meta property=\"og:image\" content=\"https:\/\/alchemy-asia.com\/vi\/wp-content\/uploads\/sites\/3\/2017\/07\/Jose-Cuervo-Especial-Silver-Agave.png\" \/>\n\t<meta property=\"og:image:width\" content=\"2480\" \/>\n\t<meta property=\"og:image:height\" content=\"2480\" \/>\n\t<meta property=\"og:image:type\" content=\"image\/png\" \/>\n<meta name=\"twitter:card\" content=\"summary_large_image\" \/>\n<meta name=\"twitter:label1\" content=\"\u01af\u1edbc t\u00ednh th\u1eddi gian \u0111\u1ecdc\" \/>\n\t<meta name=\"twitter:data1\" content=\"1 ph\u00fat\" \/>\n<script type=\"application\/ld+json\" class=\"yoast-schema-graph\">{\"@context\":\"https:\/\/schema.org\",\"@graph\":[{\"@type\":\"WebPage\",\"@id\":\"https:\/\/alchemy-asia.com\/vi\/san-pham\/jose-cuervo-especial-silver\/\",\"url\":\"https:\/\/alchemy-asia.com\/vi\/san-pham\/jose-cuervo-especial-silver\/\",\"name\":\"Jose Cuervo Especial Silver - Alchemy Asia\",\"isPartOf\":{\"@id\":\"https:\/\/alchemy-asia.com\/vi\/#website\"},\"primaryImageOfPage\":{\"@id\":\"https:\/\/alchemy-asia.com\/vi\/san-pham\/jose-cuervo-especial-silver\/#primaryimage\"},\"image\":{\"@id\":\"https:\/\/alchemy-asia.com\/vi\/san-pham\/jose-cuervo-especial-silver\/#primaryimage\"},\"thumbnailUrl\":\"https:\/\/alchemy-asia.com\/vi\/wp-content\/uploads\/sites\/3\/2017\/07\/Jose-Cuervo-Especial-Silver-Agave.png\",\"datePublished\":\"2017-07-26T03:49:57+00:00\",\"dateModified\":\"2024-08-05T07:08:41+00:00\",\"breadcrumb\":{\"@id\":\"https:\/\/alchemy-asia.com\/vi\/san-pham\/jose-cuervo-especial-silver\/#breadcrumb\"},\"inLanguage\":\"vi\",\"potentialAction\":[{\"@type\":\"ReadAction\",\"target\":[\"https:\/\/alchemy-asia.com\/vi\/san-pham\/jose-cuervo-especial-silver\/\"]}]},{\"@type\":\"ImageObject\",\"inLanguage\":\"vi\",\"@id\":\"https:\/\/alchemy-asia.com\/vi\/san-pham\/jose-cuervo-especial-silver\/#primaryimage\",\"url\":\"https:\/\/alchemy-asia.com\/vi\/wp-content\/uploads\/sites\/3\/2017\/07\/Jose-Cuervo-Especial-Silver-Agave.png\",\"contentUrl\":\"https:\/\/alchemy-asia.com\/vi\/wp-content\/uploads\/sites\/3\/2017\/07\/Jose-Cuervo-Especial-Silver-Agave.png\",\"width\":2480,\"height\":2480,\"caption\":\"Jose Cuervo Especial Silver Agave\"},{\"@type\":\"BreadcrumbList\",\"@id\":\"https:\/\/alchemy-asia.com\/vi\/san-pham\/jose-cuervo-especial-silver\/#breadcrumb\",\"itemListElement\":[{\"@type\":\"ListItem\",\"position\":1,\"name\":\"Home\",\"item\":\"https:\/\/alchemy-asia.com\/vi\/\"},{\"@type\":\"ListItem\",\"position\":2,\"name\":\"Jose Cuervo Especial Silver\"}]},{\"@type\":\"WebSite\",\"@id\":\"https:\/\/alchemy-asia.com\/vi\/#website\",\"url\":\"https:\/\/alchemy-asia.com\/vi\/\",\"name\":\"Alchemy Asia\",\"description\":\"Just another Alchemy Asia Sites site\",\"potentialAction\":[{\"@type\":\"SearchAction\",\"target\":{\"@type\":\"EntryPoint\",\"urlTemplate\":\"https:\/\/alchemy-asia.com\/vi\/?s={search_term_string}\"},\"query-input\":\"required name=search_term_string\"}],\"inLanguage\":\"vi\"}]}<\/script>\n<!-- \/ Yoast SEO plugin. -->","yoast_head_json":{"title":"Jose Cuervo Especial Silver - Alchemy Asia","robots":{"index":"index","follow":"follow","max-snippet":"max-snippet:-1","max-image-preview":"max-image-preview:large","max-video-preview":"max-video-preview:-1"},"canonical":"https:\/\/alchemy-asia.com\/vi\/san-pham\/jose-cuervo-especial-silver\/","og_locale":"vi_VN","og_type":"article","og_title":"Jose Cuervo Especial Silver - Alchemy Asia","og_description":"N\u1ed5i ti\u1ebfng c\u00f9ng m\u00e0u trong su\u1ed1t v\u1edbi h\u01b0\u01a1ng v\u1ecb \u0111\u1eb7c tr\u01b0ng c\u1ee7a c\u00e2y th\u00f9a gai t\u01b0\u01a1i v\u00e0 tinh khi\u1ebft, v\u1edbi h\u1eadu v\u1ecb \u1ea5m \u00e1p \u0111\u1ea7y m\u1ecbn m\u00e0ng. Nh\u1eefng nh\u00e0 pha ch\u1ebf b\u1eadc th\u1ea7y t\u1ea1i La Rojena \u0111\u00e3 t\u1ea1o n\u00ean m\u1ed9t s\u1ef1 k\u1ebft h\u1ee3p c\u00e2n b\u1eb1ng gi\u1eefa c\u00e2y th\u00f9a gai, caramel v\u00e0 c\u00e1c lo\u1ea1i th\u1ea3o m\u1ed9c t\u01b0\u01a1i \u0111\u1ec3 l\u00e0m n\u1ed5i b\u1eadt h\u01b0\u01a1ng v\u1ecb \u0111\u1eb7c tr\u01b0ng c\u1ee7a s\u1ea3n ph\u1ea9m.","og_url":"https:\/\/alchemy-asia.com\/vi\/san-pham\/jose-cuervo-especial-silver\/","og_site_name":"Alchemy Asia","article_modified_time":"2024-08-05T07:08:41+00:00","og_image":[{"width":2480,"height":2480,"url":"https:\/\/alchemy-asia.com\/vi\/wp-content\/uploads\/sites\/3\/2017\/07\/Jose-Cuervo-Especial-Silver-Agave.png","type":"image\/png"}],"twitter_card":"summary_large_image","twitter_misc":{"\u01af\u1edbc t\u00ednh th\u1eddi gian \u0111\u1ecdc":"1 ph\u00fat"},"schema":{"@context":"https:\/\/schema.org","@graph":[{"@type":"WebPage","@id":"https:\/\/alchemy-asia.com\/vi\/san-pham\/jose-cuervo-especial-silver\/","url":"https:\/\/alchemy-asia.com\/vi\/san-pham\/jose-cuervo-especial-silver\/","name":"Jose Cuervo Especial Silver - Alchemy Asia","isPartOf":{"@id":"https:\/\/alchemy-asia.com\/vi\/#website"},"primaryImageOfPage":{"@id":"https:\/\/alchemy-asia.com\/vi\/san-pham\/jose-cuervo-especial-silver\/#primaryimage"},"image":{"@id":"https:\/\/alchemy-asia.com\/vi\/san-pham\/jose-cuervo-especial-silver\/#primaryimage"},"thumbnailUrl":"https:\/\/alchemy-asia.com\/vi\/wp-content\/uploads\/sites\/3\/2017\/07\/Jose-Cuervo-Especial-Silver-Agave.png","datePublished":"2017-07-26T03:49:57+00:00","dateModified":"2024-08-05T07:08:41+00:00","breadcrumb":{"@id":"https:\/\/alchemy-asia.com\/vi\/san-pham\/jose-cuervo-especial-silver\/#breadcrumb"},"inLanguage":"vi","potentialAction":[{"@type":"ReadAction","target":["https:\/\/alchemy-asia.com\/vi\/san-pham\/jose-cuervo-especial-silver\/"]}]},{"@type":"ImageObject","inLanguage":"vi","@id":"https:\/\/alchemy-asia.com\/vi\/san-pham\/jose-cuervo-especial-silver\/#primaryimage","url":"https:\/\/alchemy-asia.com\/vi\/wp-content\/uploads\/sites\/3\/2017\/07\/Jose-Cuervo-Especial-Silver-Agave.png","contentUrl":"https:\/\/alchemy-asia.com\/vi\/wp-content\/uploads\/sites\/3\/2017\/07\/Jose-Cuervo-Especial-Silver-Agave.png","width":2480,"height":2480,"caption":"Jose Cuervo Especial Silver Agave"},{"@type":"BreadcrumbList","@id":"https:\/\/alchemy-asia.com\/vi\/san-pham\/jose-cuervo-especial-silver\/#breadcrumb","itemListElement":[{"@type":"ListItem","position":1,"name":"Home","item":"https:\/\/alchemy-asia.com\/vi\/"},{"@type":"ListItem","position":2,"name":"Jose Cuervo Especial Silver"}]},{"@type":"WebSite","@id":"https:\/\/alchemy-asia.com\/vi\/#website","url":"https:\/\/alchemy-asia.com\/vi\/","name":"Alchemy Asia","description":"Just another Alchemy Asia Sites site","potentialAction":[{"@type":"SearchAction","target":{"@type":"EntryPoint","urlTemplate":"https:\/\/alchemy-asia.com\/vi\/?s={search_term_string}"},"query-input":"required name=search_term_string"}],"inLanguage":"vi"}]}},"_links":{"self":[{"href":"https:\/\/alchemy-asia.com\/vi\/wp-json\/wp\/v2\/product\/914","targetHints":{"allow":["GET"]}}],"collection":[{"href":"https:\/\/alchemy-asia.com\/vi\/wp-json\/wp\/v2\/product"}],"about":[{"href":"https:\/\/alchemy-asia.com\/vi\/wp-json\/wp\/v2\/types\/product"}],"replies":[{"embeddable":true,"href":"https:\/\/alchemy-asia.com\/vi\/wp-json\/wp\/v2\/comments?post=914"}],"wp:featuredmedia":[{"embeddable":true,"href":"https:\/\/alchemy-asia.com\/vi\/wp-json\/wp\/v2\/media\/8806"}],"wp:attachment":[{"href":"https:\/\/alchemy-asia.com\/vi\/wp-json\/wp\/v2\/media?parent=914"}],"wp:term":[{"taxonomy":"product_cat","embeddable":true,"href":"https:\/\/alchemy-asia.com\/vi\/wp-json\/wp\/v2\/product_cat?post=914"},{"taxonomy":"product_tag","embeddable":true,"href":"https:\/\/alchemy-asia.com\/vi\/wp-json\/wp\/v2\/product_tag?post=914"}],"curies":[{"name":"wp","href":"https:\/\/api.w.org\/{rel}","templated":true}]}}