{"id":948,"date":"2017-07-26T04:24:02","date_gmt":"2017-07-26T04:24:02","guid":{"rendered":"http:\/\/alchemy-asia.com\/vi\/?post_type=product&#038;p=948"},"modified":"2024-08-05T07:25:14","modified_gmt":"2024-08-05T07:25:14","slug":"bols-amaretto","status":"publish","type":"product","link":"https:\/\/alchemy-asia.com\/vi\/san-pham\/bols-amaretto\/","title":{"rendered":"Bols Amaretto"},"content":{"rendered":"","protected":false},"excerpt":{"rendered":"<p><span data-sheets-root=\"1\" data-sheets-value=\"{&quot;1&quot;:2,&quot;2&quot;:&quot;Lo\u1ea1i r\u01b0\u1ee3u m\u00f9i m\u00e0u n\u00e2u v\u00e0ng n\u00e0y c\u00f3 ngu\u1ed3n g\u1ed1c s\u00e2u xa t\u1eeb truy\u1ec1n th\u1ed1ng \u00dd, n\u1ed5i b\u1eady v\u1edbi lo\u1ea1t h\u01b0\u01a1ng h\u1ea1nh nh\u00e2n n\u01b0\u1edbng. R\u01b0\u1ee3u m\u00f9i Bols Amaretto s\u1ebd t\u1ea1o th\u00eam l\u1edbp h\u01b0\u01a1ng caramel \u1ea5m \u00e1p cho c\u1ea3 nh\u1eefng lo\u1ea1i cocktail pha ch\u1ebf \u0111\u01a1n gi\u1ea3n v\u00e0 pha ch\u1ebf th\u1ee7 c\u00f4ng.&quot;}\" data-sheets-userformat=\"{&quot;2&quot;:7165,&quot;3&quot;:{&quot;1&quot;:0},&quot;5&quot;:{&quot;1&quot;:[{&quot;1&quot;:2,&quot;2&quot;:0,&quot;5&quot;:{&quot;1&quot;:2,&quot;2&quot;:0}},{&quot;1&quot;:0,&quot;2&quot;:0,&quot;3&quot;:3},{&quot;1&quot;:1,&quot;2&quot;:0,&quot;4&quot;:1}]},&quot;6&quot;:{&quot;1&quot;:[{&quot;1&quot;:2,&quot;2&quot;:0,&quot;5&quot;:{&quot;1&quot;:2,&quot;2&quot;:0}},{&quot;1&quot;:0,&quot;2&quot;:0,&quot;3&quot;:3},{&quot;1&quot;:1,&quot;2&quot;:0,&quot;4&quot;:1}]},&quot;7&quot;:{&quot;1&quot;:[{&quot;1&quot;:2,&quot;2&quot;:0,&quot;5&quot;:{&quot;1&quot;:2,&quot;2&quot;:0}},{&quot;1&quot;:0,&quot;2&quot;:0,&quot;3&quot;:3},{&quot;1&quot;:1,&quot;2&quot;:0,&quot;4&quot;:1}]},&quot;8&quot;:{&quot;1&quot;:[{&quot;1&quot;:2,&quot;2&quot;:0,&quot;5&quot;:{&quot;1&quot;:2,&quot;2&quot;:0}},{&quot;1&quot;:0,&quot;2&quot;:0,&quot;3&quot;:3},{&quot;1&quot;:1,&quot;2&quot;:0,&quot;4&quot;:1}]},&quot;9&quot;:0,&quot;10&quot;:1,&quot;11&quot;:4,&quot;12&quot;:0,&quot;14&quot;:{&quot;1&quot;:2,&quot;2&quot;:0},&quot;15&quot;:&quot;Arial, sans-serif&quot;}\">Lo\u1ea1i r\u01b0\u1ee3u m\u00f9i m\u00e0u n\u00e2u v\u00e0ng n\u00e0y c\u00f3 ngu\u1ed3n g\u1ed1c s\u00e2u xa t\u1eeb truy\u1ec1n th\u1ed1ng \u00dd, n\u1ed5i b\u1eady v\u1edbi lo\u1ea1t h\u01b0\u01a1ng h\u1ea1nh nh\u00e2n n\u01b0\u1edbng. R\u01b0\u1ee3u m\u00f9i Bols Amaretto s\u1ebd t\u1ea1o th\u00eam l\u1edbp h\u01b0\u01a1ng caramel \u1ea5m \u00e1p cho c\u1ea3 nh\u1eefng lo\u1ea1i cocktail pha ch\u1ebf \u0111\u01a1n gi\u1ea3n v\u00e0 pha ch\u1ebf th\u1ee7 c\u00f4ng.<\/span><\/p>\n","protected":false},"featured_media":8809,"comment_status":"open","ping_status":"closed","template":"","meta":{"_acf_changed":false},"product_cat":[54],"product_tag":[],"class_list":{"0":"post-948","1":"product","2":"type-product","3":"status-publish","4":"has-post-thumbnail","6":"product_cat-liqueurs","7":"brand-lucas-bols","9":"first","10":"instock","11":"shipping-taxable","12":"product-type-simple"},"acf":[],"yoast_head":"<!-- This site is optimized with the Yoast SEO plugin v23.0 - https:\/\/yoast.com\/wordpress\/plugins\/seo\/ -->\n<title>Bols Amaretto - Alchemy Asia<\/title>\n<meta name=\"robots\" content=\"index, follow, max-snippet:-1, max-image-preview:large, max-video-preview:-1\" \/>\n<link rel=\"canonical\" href=\"https:\/\/alchemy-asia.com\/vi\/san-pham\/bols-amaretto\/\" \/>\n<meta property=\"og:locale\" content=\"vi_VN\" \/>\n<meta property=\"og:type\" content=\"article\" \/>\n<meta property=\"og:title\" content=\"Bols Amaretto - Alchemy Asia\" \/>\n<meta property=\"og:description\" content=\"Lo\u1ea1i r\u01b0\u1ee3u m\u00f9i m\u00e0u n\u00e2u v\u00e0ng n\u00e0y c\u00f3 ngu\u1ed3n g\u1ed1c s\u00e2u xa t\u1eeb truy\u1ec1n th\u1ed1ng \u00dd, n\u1ed5i b\u1eady v\u1edbi lo\u1ea1t h\u01b0\u01a1ng h\u1ea1nh nh\u00e2n n\u01b0\u1edbng. R\u01b0\u1ee3u m\u00f9i Bols Amaretto s\u1ebd t\u1ea1o th\u00eam l\u1edbp h\u01b0\u01a1ng caramel \u1ea5m \u00e1p cho c\u1ea3 nh\u1eefng lo\u1ea1i cocktail pha ch\u1ebf \u0111\u01a1n gi\u1ea3n v\u00e0 pha ch\u1ebf th\u1ee7 c\u00f4ng.\" \/>\n<meta property=\"og:url\" content=\"https:\/\/alchemy-asia.com\/vi\/san-pham\/bols-amaretto\/\" \/>\n<meta property=\"og:site_name\" content=\"Alchemy Asia\" \/>\n<meta property=\"article:modified_time\" content=\"2024-08-05T07:25:14+00:00\" \/>\n<meta property=\"og:image\" content=\"https:\/\/alchemy-asia.com\/vi\/wp-content\/uploads\/sites\/3\/2017\/07\/WEBSITE-1024x1024.png\" \/>\n\t<meta property=\"og:image:width\" content=\"1024\" \/>\n\t<meta property=\"og:image:height\" content=\"1024\" \/>\n\t<meta property=\"og:image:type\" content=\"image\/png\" \/>\n<meta name=\"twitter:card\" content=\"summary_large_image\" \/>\n<meta name=\"twitter:label1\" content=\"\u01af\u1edbc t\u00ednh th\u1eddi gian \u0111\u1ecdc\" \/>\n\t<meta name=\"twitter:data1\" content=\"1 ph\u00fat\" \/>\n<script type=\"application\/ld+json\" class=\"yoast-schema-graph\">{\"@context\":\"https:\/\/schema.org\",\"@graph\":[{\"@type\":\"WebPage\",\"@id\":\"https:\/\/alchemy-asia.com\/vi\/san-pham\/bols-amaretto\/\",\"url\":\"https:\/\/alchemy-asia.com\/vi\/san-pham\/bols-amaretto\/\",\"name\":\"Bols Amaretto - Alchemy Asia\",\"isPartOf\":{\"@id\":\"https:\/\/alchemy-asia.com\/vi\/#website\"},\"primaryImageOfPage\":{\"@id\":\"https:\/\/alchemy-asia.com\/vi\/san-pham\/bols-amaretto\/#primaryimage\"},\"image\":{\"@id\":\"https:\/\/alchemy-asia.com\/vi\/san-pham\/bols-amaretto\/#primaryimage\"},\"thumbnailUrl\":\"https:\/\/alchemy-asia.com\/vi\/wp-content\/uploads\/sites\/3\/2017\/07\/WEBSITE.png\",\"datePublished\":\"2017-07-26T04:24:02+00:00\",\"dateModified\":\"2024-08-05T07:25:14+00:00\",\"breadcrumb\":{\"@id\":\"https:\/\/alchemy-asia.com\/vi\/san-pham\/bols-amaretto\/#breadcrumb\"},\"inLanguage\":\"vi\",\"potentialAction\":[{\"@type\":\"ReadAction\",\"target\":[\"https:\/\/alchemy-asia.com\/vi\/san-pham\/bols-amaretto\/\"]}]},{\"@type\":\"ImageObject\",\"inLanguage\":\"vi\",\"@id\":\"https:\/\/alchemy-asia.com\/vi\/san-pham\/bols-amaretto\/#primaryimage\",\"url\":\"https:\/\/alchemy-asia.com\/vi\/wp-content\/uploads\/sites\/3\/2017\/07\/WEBSITE.png\",\"contentUrl\":\"https:\/\/alchemy-asia.com\/vi\/wp-content\/uploads\/sites\/3\/2017\/07\/WEBSITE.png\",\"width\":2480,\"height\":2480,\"caption\":\"Bols Amaretto\"},{\"@type\":\"BreadcrumbList\",\"@id\":\"https:\/\/alchemy-asia.com\/vi\/san-pham\/bols-amaretto\/#breadcrumb\",\"itemListElement\":[{\"@type\":\"ListItem\",\"position\":1,\"name\":\"Home\",\"item\":\"https:\/\/alchemy-asia.com\/vi\/\"},{\"@type\":\"ListItem\",\"position\":2,\"name\":\"Bols Amaretto\"}]},{\"@type\":\"WebSite\",\"@id\":\"https:\/\/alchemy-asia.com\/vi\/#website\",\"url\":\"https:\/\/alchemy-asia.com\/vi\/\",\"name\":\"Alchemy Asia\",\"description\":\"Just another Alchemy Asia Sites site\",\"potentialAction\":[{\"@type\":\"SearchAction\",\"target\":{\"@type\":\"EntryPoint\",\"urlTemplate\":\"https:\/\/alchemy-asia.com\/vi\/?s={search_term_string}\"},\"query-input\":\"required name=search_term_string\"}],\"inLanguage\":\"vi\"}]}<\/script>\n<!-- \/ Yoast SEO plugin. -->","yoast_head_json":{"title":"Bols Amaretto - Alchemy Asia","robots":{"index":"index","follow":"follow","max-snippet":"max-snippet:-1","max-image-preview":"max-image-preview:large","max-video-preview":"max-video-preview:-1"},"canonical":"https:\/\/alchemy-asia.com\/vi\/san-pham\/bols-amaretto\/","og_locale":"vi_VN","og_type":"article","og_title":"Bols Amaretto - Alchemy Asia","og_description":"Lo\u1ea1i r\u01b0\u1ee3u m\u00f9i m\u00e0u n\u00e2u v\u00e0ng n\u00e0y c\u00f3 ngu\u1ed3n g\u1ed1c s\u00e2u xa t\u1eeb truy\u1ec1n th\u1ed1ng \u00dd, n\u1ed5i b\u1eady v\u1edbi lo\u1ea1t h\u01b0\u01a1ng h\u1ea1nh nh\u00e2n n\u01b0\u1edbng. R\u01b0\u1ee3u m\u00f9i Bols Amaretto s\u1ebd t\u1ea1o th\u00eam l\u1edbp h\u01b0\u01a1ng caramel \u1ea5m \u00e1p cho c\u1ea3 nh\u1eefng lo\u1ea1i cocktail pha ch\u1ebf \u0111\u01a1n gi\u1ea3n v\u00e0 pha ch\u1ebf th\u1ee7 c\u00f4ng.","og_url":"https:\/\/alchemy-asia.com\/vi\/san-pham\/bols-amaretto\/","og_site_name":"Alchemy Asia","article_modified_time":"2024-08-05T07:25:14+00:00","og_image":[{"width":1024,"height":1024,"url":"https:\/\/alchemy-asia.com\/vi\/wp-content\/uploads\/sites\/3\/2017\/07\/WEBSITE-1024x1024.png","type":"image\/png"}],"twitter_card":"summary_large_image","twitter_misc":{"\u01af\u1edbc t\u00ednh th\u1eddi gian \u0111\u1ecdc":"1 ph\u00fat"},"schema":{"@context":"https:\/\/schema.org","@graph":[{"@type":"WebPage","@id":"https:\/\/alchemy-asia.com\/vi\/san-pham\/bols-amaretto\/","url":"https:\/\/alchemy-asia.com\/vi\/san-pham\/bols-amaretto\/","name":"Bols Amaretto - Alchemy Asia","isPartOf":{"@id":"https:\/\/alchemy-asia.com\/vi\/#website"},"primaryImageOfPage":{"@id":"https:\/\/alchemy-asia.com\/vi\/san-pham\/bols-amaretto\/#primaryimage"},"image":{"@id":"https:\/\/alchemy-asia.com\/vi\/san-pham\/bols-amaretto\/#primaryimage"},"thumbnailUrl":"https:\/\/alchemy-asia.com\/vi\/wp-content\/uploads\/sites\/3\/2017\/07\/WEBSITE.png","datePublished":"2017-07-26T04:24:02+00:00","dateModified":"2024-08-05T07:25:14+00:00","breadcrumb":{"@id":"https:\/\/alchemy-asia.com\/vi\/san-pham\/bols-amaretto\/#breadcrumb"},"inLanguage":"vi","potentialAction":[{"@type":"ReadAction","target":["https:\/\/alchemy-asia.com\/vi\/san-pham\/bols-amaretto\/"]}]},{"@type":"ImageObject","inLanguage":"vi","@id":"https:\/\/alchemy-asia.com\/vi\/san-pham\/bols-amaretto\/#primaryimage","url":"https:\/\/alchemy-asia.com\/vi\/wp-content\/uploads\/sites\/3\/2017\/07\/WEBSITE.png","contentUrl":"https:\/\/alchemy-asia.com\/vi\/wp-content\/uploads\/sites\/3\/2017\/07\/WEBSITE.png","width":2480,"height":2480,"caption":"Bols Amaretto"},{"@type":"BreadcrumbList","@id":"https:\/\/alchemy-asia.com\/vi\/san-pham\/bols-amaretto\/#breadcrumb","itemListElement":[{"@type":"ListItem","position":1,"name":"Home","item":"https:\/\/alchemy-asia.com\/vi\/"},{"@type":"ListItem","position":2,"name":"Bols Amaretto"}]},{"@type":"WebSite","@id":"https:\/\/alchemy-asia.com\/vi\/#website","url":"https:\/\/alchemy-asia.com\/vi\/","name":"Alchemy Asia","description":"Just another Alchemy Asia Sites site","potentialAction":[{"@type":"SearchAction","target":{"@type":"EntryPoint","urlTemplate":"https:\/\/alchemy-asia.com\/vi\/?s={search_term_string}"},"query-input":"required name=search_term_string"}],"inLanguage":"vi"}]}},"_links":{"self":[{"href":"https:\/\/alchemy-asia.com\/vi\/wp-json\/wp\/v2\/product\/948","targetHints":{"allow":["GET"]}}],"collection":[{"href":"https:\/\/alchemy-asia.com\/vi\/wp-json\/wp\/v2\/product"}],"about":[{"href":"https:\/\/alchemy-asia.com\/vi\/wp-json\/wp\/v2\/types\/product"}],"replies":[{"embeddable":true,"href":"https:\/\/alchemy-asia.com\/vi\/wp-json\/wp\/v2\/comments?post=948"}],"wp:featuredmedia":[{"embeddable":true,"href":"https:\/\/alchemy-asia.com\/vi\/wp-json\/wp\/v2\/media\/8809"}],"wp:attachment":[{"href":"https:\/\/alchemy-asia.com\/vi\/wp-json\/wp\/v2\/media?parent=948"}],"wp:term":[{"taxonomy":"product_cat","embeddable":true,"href":"https:\/\/alchemy-asia.com\/vi\/wp-json\/wp\/v2\/product_cat?post=948"},{"taxonomy":"product_tag","embeddable":true,"href":"https:\/\/alchemy-asia.com\/vi\/wp-json\/wp\/v2\/product_tag?post=948"}],"curies":[{"name":"wp","href":"https:\/\/api.w.org\/{rel}","templated":true}]}}