{"id":952,"date":"2017-07-26T04:25:17","date_gmt":"2017-07-26T04:25:17","guid":{"rendered":"http:\/\/alchemy-asia.com\/vi\/?post_type=product&#038;p=952"},"modified":"2024-08-05T07:33:29","modified_gmt":"2024-08-05T07:33:29","slug":"bols-apricot-brandy","status":"publish","type":"product","link":"https:\/\/alchemy-asia.com\/vi\/san-pham\/bols-apricot-brandy\/","title":{"rendered":"Bols Apricot Brandy"},"content":{"rendered":"","protected":false},"excerpt":{"rendered":"<p><span data-sheets-root=\"1\" data-sheets-value=\"{&quot;1&quot;:2,&quot;2&quot;:&quot;Lo\u1ea1i r\u01b0\u1ee3u m\u00f9i m\u00e0u h\u1ed5 ph\u00e1ch n\u00e0y c\u00f3 h\u01b0\u01a1ng v\u1ecb \u0111\u1eadm \u0111\u00e0 v\u00e0 h\u1ea5p d\u1eabn nh\u1edd s\u1ef1 pha tr\u1ed9n c\u1ea9n th\u1eadn c\u1ee7a h\u1ea1t m\u01a1 nghi\u1ec1n, n\u01b0\u1edbc \u00e9p m\u01a1 t\u01b0\u01a1i v\u00e0 brandy. Mang ch\u00fat v\u1ecb c\u1ee7a r\u01b0\u1ee3u cognac v\u00e0 h\u1ea1nh nh\u00e2n, tr\u00ean n\u1ec1n l\u00e0 m\u01a1 ch\u00edn m\u1ecdng n\u01b0\u1edbc, Bols Apricot Brandy Liqueur c\u00f3 h\u01b0\u01a1ng v\u1ecb tuy\u1ec7t v\u1eddi trong nhi\u1ec1u lo\u1ea1i cocktail kh\u00e1c nhau \u0111\u1ec3 pha t\u1ea1i nh\u00e0.&quot;}\" data-sheets-userformat=\"{&quot;2&quot;:7165,&quot;3&quot;:{&quot;1&quot;:0},&quot;5&quot;:{&quot;1&quot;:[{&quot;1&quot;:2,&quot;2&quot;:0,&quot;5&quot;:{&quot;1&quot;:2,&quot;2&quot;:0}},{&quot;1&quot;:0,&quot;2&quot;:0,&quot;3&quot;:3},{&quot;1&quot;:1,&quot;2&quot;:0,&quot;4&quot;:1}]},&quot;6&quot;:{&quot;1&quot;:[{&quot;1&quot;:2,&quot;2&quot;:0,&quot;5&quot;:{&quot;1&quot;:2,&quot;2&quot;:0}},{&quot;1&quot;:0,&quot;2&quot;:0,&quot;3&quot;:3},{&quot;1&quot;:1,&quot;2&quot;:0,&quot;4&quot;:1}]},&quot;7&quot;:{&quot;1&quot;:[{&quot;1&quot;:2,&quot;2&quot;:0,&quot;5&quot;:{&quot;1&quot;:2,&quot;2&quot;:0}},{&quot;1&quot;:0,&quot;2&quot;:0,&quot;3&quot;:3},{&quot;1&quot;:1,&quot;2&quot;:0,&quot;4&quot;:1}]},&quot;8&quot;:{&quot;1&quot;:[{&quot;1&quot;:2,&quot;2&quot;:0,&quot;5&quot;:{&quot;1&quot;:2,&quot;2&quot;:0}},{&quot;1&quot;:0,&quot;2&quot;:0,&quot;3&quot;:3},{&quot;1&quot;:1,&quot;2&quot;:0,&quot;4&quot;:1}]},&quot;9&quot;:0,&quot;10&quot;:1,&quot;11&quot;:4,&quot;12&quot;:0,&quot;14&quot;:{&quot;1&quot;:2,&quot;2&quot;:0},&quot;15&quot;:&quot;Arial, sans-serif&quot;}\">Lo\u1ea1i r\u01b0\u1ee3u m\u00f9i m\u00e0u h\u1ed5 ph\u00e1ch n\u00e0y c\u00f3 h\u01b0\u01a1ng v\u1ecb \u0111\u1eadm \u0111\u00e0 v\u00e0 h\u1ea5p d\u1eabn nh\u1edd s\u1ef1 pha tr\u1ed9n c\u1ea9n th\u1eadn c\u1ee7a h\u1ea1t m\u01a1 nghi\u1ec1n, n\u01b0\u1edbc \u00e9p m\u01a1 t\u01b0\u01a1i v\u00e0 brandy. Mang ch\u00fat v\u1ecb c\u1ee7a r\u01b0\u1ee3u cognac v\u00e0 h\u1ea1nh nh\u00e2n, tr\u00ean n\u1ec1n l\u00e0 m\u01a1 ch\u00edn m\u1ecdng n\u01b0\u1edbc, Bols Apricot Brandy Liqueur c\u00f3 h\u01b0\u01a1ng v\u1ecb tuy\u1ec7t v\u1eddi trong nhi\u1ec1u lo\u1ea1i cocktail kh\u00e1c nhau \u0111\u1ec3 pha t\u1ea1i nh\u00e0.<\/span><\/p>\n","protected":false},"featured_media":8812,"comment_status":"open","ping_status":"closed","template":"","meta":{"_acf_changed":false},"product_cat":[54],"product_tag":[],"class_list":{"0":"post-952","1":"product","2":"type-product","3":"status-publish","4":"has-post-thumbnail","6":"product_cat-liqueurs","7":"brand-lucas-bols","9":"first","10":"instock","11":"shipping-taxable","12":"product-type-simple"},"acf":[],"yoast_head":"<!-- This site is optimized with the Yoast SEO plugin v23.0 - https:\/\/yoast.com\/wordpress\/plugins\/seo\/ -->\n<title>Bols Apricot Brandy - Alchemy Asia<\/title>\n<meta name=\"robots\" content=\"index, follow, max-snippet:-1, max-image-preview:large, max-video-preview:-1\" \/>\n<link rel=\"canonical\" href=\"https:\/\/alchemy-asia.com\/vi\/san-pham\/bols-apricot-brandy\/\" \/>\n<meta property=\"og:locale\" content=\"vi_VN\" \/>\n<meta property=\"og:type\" content=\"article\" \/>\n<meta property=\"og:title\" content=\"Bols Apricot Brandy - Alchemy Asia\" \/>\n<meta property=\"og:description\" content=\"Lo\u1ea1i r\u01b0\u1ee3u m\u00f9i m\u00e0u h\u1ed5 ph\u00e1ch n\u00e0y c\u00f3 h\u01b0\u01a1ng v\u1ecb \u0111\u1eadm \u0111\u00e0 v\u00e0 h\u1ea5p d\u1eabn nh\u1edd s\u1ef1 pha tr\u1ed9n c\u1ea9n th\u1eadn c\u1ee7a h\u1ea1t m\u01a1 nghi\u1ec1n, n\u01b0\u1edbc \u00e9p m\u01a1 t\u01b0\u01a1i v\u00e0 brandy. Mang ch\u00fat v\u1ecb c\u1ee7a r\u01b0\u1ee3u cognac v\u00e0 h\u1ea1nh nh\u00e2n, tr\u00ean n\u1ec1n l\u00e0 m\u01a1 ch\u00edn m\u1ecdng n\u01b0\u1edbc, Bols Apricot Brandy Liqueur c\u00f3 h\u01b0\u01a1ng v\u1ecb tuy\u1ec7t v\u1eddi trong nhi\u1ec1u lo\u1ea1i cocktail kh\u00e1c nhau \u0111\u1ec3 pha t\u1ea1i nh\u00e0.\" \/>\n<meta property=\"og:url\" content=\"https:\/\/alchemy-asia.com\/vi\/san-pham\/bols-apricot-brandy\/\" \/>\n<meta property=\"og:site_name\" content=\"Alchemy Asia\" \/>\n<meta property=\"article:modified_time\" content=\"2024-08-05T07:33:29+00:00\" \/>\n<meta property=\"og:image\" content=\"https:\/\/alchemy-asia.com\/vi\/wp-content\/uploads\/sites\/3\/2017\/07\/WEBSITE-1-1024x1024.png\" \/>\n\t<meta property=\"og:image:width\" content=\"1024\" \/>\n\t<meta property=\"og:image:height\" content=\"1024\" \/>\n\t<meta property=\"og:image:type\" content=\"image\/png\" \/>\n<meta name=\"twitter:card\" content=\"summary_large_image\" \/>\n<meta name=\"twitter:label1\" content=\"\u01af\u1edbc t\u00ednh th\u1eddi gian \u0111\u1ecdc\" \/>\n\t<meta name=\"twitter:data1\" content=\"1 ph\u00fat\" \/>\n<script type=\"application\/ld+json\" class=\"yoast-schema-graph\">{\"@context\":\"https:\/\/schema.org\",\"@graph\":[{\"@type\":\"WebPage\",\"@id\":\"https:\/\/alchemy-asia.com\/vi\/san-pham\/bols-apricot-brandy\/\",\"url\":\"https:\/\/alchemy-asia.com\/vi\/san-pham\/bols-apricot-brandy\/\",\"name\":\"Bols Apricot Brandy - Alchemy Asia\",\"isPartOf\":{\"@id\":\"https:\/\/alchemy-asia.com\/vi\/#website\"},\"primaryImageOfPage\":{\"@id\":\"https:\/\/alchemy-asia.com\/vi\/san-pham\/bols-apricot-brandy\/#primaryimage\"},\"image\":{\"@id\":\"https:\/\/alchemy-asia.com\/vi\/san-pham\/bols-apricot-brandy\/#primaryimage\"},\"thumbnailUrl\":\"https:\/\/alchemy-asia.com\/vi\/wp-content\/uploads\/sites\/3\/2017\/07\/WEBSITE-1.png\",\"datePublished\":\"2017-07-26T04:25:17+00:00\",\"dateModified\":\"2024-08-05T07:33:29+00:00\",\"breadcrumb\":{\"@id\":\"https:\/\/alchemy-asia.com\/vi\/san-pham\/bols-apricot-brandy\/#breadcrumb\"},\"inLanguage\":\"vi\",\"potentialAction\":[{\"@type\":\"ReadAction\",\"target\":[\"https:\/\/alchemy-asia.com\/vi\/san-pham\/bols-apricot-brandy\/\"]}]},{\"@type\":\"ImageObject\",\"inLanguage\":\"vi\",\"@id\":\"https:\/\/alchemy-asia.com\/vi\/san-pham\/bols-apricot-brandy\/#primaryimage\",\"url\":\"https:\/\/alchemy-asia.com\/vi\/wp-content\/uploads\/sites\/3\/2017\/07\/WEBSITE-1.png\",\"contentUrl\":\"https:\/\/alchemy-asia.com\/vi\/wp-content\/uploads\/sites\/3\/2017\/07\/WEBSITE-1.png\",\"width\":2480,\"height\":2480,\"caption\":\"Bols Apricot Brandy\"},{\"@type\":\"BreadcrumbList\",\"@id\":\"https:\/\/alchemy-asia.com\/vi\/san-pham\/bols-apricot-brandy\/#breadcrumb\",\"itemListElement\":[{\"@type\":\"ListItem\",\"position\":1,\"name\":\"Home\",\"item\":\"https:\/\/alchemy-asia.com\/vi\/\"},{\"@type\":\"ListItem\",\"position\":2,\"name\":\"Bols Apricot Brandy\"}]},{\"@type\":\"WebSite\",\"@id\":\"https:\/\/alchemy-asia.com\/vi\/#website\",\"url\":\"https:\/\/alchemy-asia.com\/vi\/\",\"name\":\"Alchemy Asia\",\"description\":\"Just another Alchemy Asia Sites site\",\"potentialAction\":[{\"@type\":\"SearchAction\",\"target\":{\"@type\":\"EntryPoint\",\"urlTemplate\":\"https:\/\/alchemy-asia.com\/vi\/?s={search_term_string}\"},\"query-input\":\"required name=search_term_string\"}],\"inLanguage\":\"vi\"}]}<\/script>\n<!-- \/ Yoast SEO plugin. -->","yoast_head_json":{"title":"Bols Apricot Brandy - Alchemy Asia","robots":{"index":"index","follow":"follow","max-snippet":"max-snippet:-1","max-image-preview":"max-image-preview:large","max-video-preview":"max-video-preview:-1"},"canonical":"https:\/\/alchemy-asia.com\/vi\/san-pham\/bols-apricot-brandy\/","og_locale":"vi_VN","og_type":"article","og_title":"Bols Apricot Brandy - Alchemy Asia","og_description":"Lo\u1ea1i r\u01b0\u1ee3u m\u00f9i m\u00e0u h\u1ed5 ph\u00e1ch n\u00e0y c\u00f3 h\u01b0\u01a1ng v\u1ecb \u0111\u1eadm \u0111\u00e0 v\u00e0 h\u1ea5p d\u1eabn nh\u1edd s\u1ef1 pha tr\u1ed9n c\u1ea9n th\u1eadn c\u1ee7a h\u1ea1t m\u01a1 nghi\u1ec1n, n\u01b0\u1edbc \u00e9p m\u01a1 t\u01b0\u01a1i v\u00e0 brandy. Mang ch\u00fat v\u1ecb c\u1ee7a r\u01b0\u1ee3u cognac v\u00e0 h\u1ea1nh nh\u00e2n, tr\u00ean n\u1ec1n l\u00e0 m\u01a1 ch\u00edn m\u1ecdng n\u01b0\u1edbc, Bols Apricot Brandy Liqueur c\u00f3 h\u01b0\u01a1ng v\u1ecb tuy\u1ec7t v\u1eddi trong nhi\u1ec1u lo\u1ea1i cocktail kh\u00e1c nhau \u0111\u1ec3 pha t\u1ea1i nh\u00e0.","og_url":"https:\/\/alchemy-asia.com\/vi\/san-pham\/bols-apricot-brandy\/","og_site_name":"Alchemy Asia","article_modified_time":"2024-08-05T07:33:29+00:00","og_image":[{"width":1024,"height":1024,"url":"https:\/\/alchemy-asia.com\/vi\/wp-content\/uploads\/sites\/3\/2017\/07\/WEBSITE-1-1024x1024.png","type":"image\/png"}],"twitter_card":"summary_large_image","twitter_misc":{"\u01af\u1edbc t\u00ednh th\u1eddi gian \u0111\u1ecdc":"1 ph\u00fat"},"schema":{"@context":"https:\/\/schema.org","@graph":[{"@type":"WebPage","@id":"https:\/\/alchemy-asia.com\/vi\/san-pham\/bols-apricot-brandy\/","url":"https:\/\/alchemy-asia.com\/vi\/san-pham\/bols-apricot-brandy\/","name":"Bols Apricot Brandy - Alchemy Asia","isPartOf":{"@id":"https:\/\/alchemy-asia.com\/vi\/#website"},"primaryImageOfPage":{"@id":"https:\/\/alchemy-asia.com\/vi\/san-pham\/bols-apricot-brandy\/#primaryimage"},"image":{"@id":"https:\/\/alchemy-asia.com\/vi\/san-pham\/bols-apricot-brandy\/#primaryimage"},"thumbnailUrl":"https:\/\/alchemy-asia.com\/vi\/wp-content\/uploads\/sites\/3\/2017\/07\/WEBSITE-1.png","datePublished":"2017-07-26T04:25:17+00:00","dateModified":"2024-08-05T07:33:29+00:00","breadcrumb":{"@id":"https:\/\/alchemy-asia.com\/vi\/san-pham\/bols-apricot-brandy\/#breadcrumb"},"inLanguage":"vi","potentialAction":[{"@type":"ReadAction","target":["https:\/\/alchemy-asia.com\/vi\/san-pham\/bols-apricot-brandy\/"]}]},{"@type":"ImageObject","inLanguage":"vi","@id":"https:\/\/alchemy-asia.com\/vi\/san-pham\/bols-apricot-brandy\/#primaryimage","url":"https:\/\/alchemy-asia.com\/vi\/wp-content\/uploads\/sites\/3\/2017\/07\/WEBSITE-1.png","contentUrl":"https:\/\/alchemy-asia.com\/vi\/wp-content\/uploads\/sites\/3\/2017\/07\/WEBSITE-1.png","width":2480,"height":2480,"caption":"Bols Apricot Brandy"},{"@type":"BreadcrumbList","@id":"https:\/\/alchemy-asia.com\/vi\/san-pham\/bols-apricot-brandy\/#breadcrumb","itemListElement":[{"@type":"ListItem","position":1,"name":"Home","item":"https:\/\/alchemy-asia.com\/vi\/"},{"@type":"ListItem","position":2,"name":"Bols Apricot Brandy"}]},{"@type":"WebSite","@id":"https:\/\/alchemy-asia.com\/vi\/#website","url":"https:\/\/alchemy-asia.com\/vi\/","name":"Alchemy Asia","description":"Just another Alchemy Asia Sites site","potentialAction":[{"@type":"SearchAction","target":{"@type":"EntryPoint","urlTemplate":"https:\/\/alchemy-asia.com\/vi\/?s={search_term_string}"},"query-input":"required name=search_term_string"}],"inLanguage":"vi"}]}},"_links":{"self":[{"href":"https:\/\/alchemy-asia.com\/vi\/wp-json\/wp\/v2\/product\/952","targetHints":{"allow":["GET"]}}],"collection":[{"href":"https:\/\/alchemy-asia.com\/vi\/wp-json\/wp\/v2\/product"}],"about":[{"href":"https:\/\/alchemy-asia.com\/vi\/wp-json\/wp\/v2\/types\/product"}],"replies":[{"embeddable":true,"href":"https:\/\/alchemy-asia.com\/vi\/wp-json\/wp\/v2\/comments?post=952"}],"wp:featuredmedia":[{"embeddable":true,"href":"https:\/\/alchemy-asia.com\/vi\/wp-json\/wp\/v2\/media\/8812"}],"wp:attachment":[{"href":"https:\/\/alchemy-asia.com\/vi\/wp-json\/wp\/v2\/media?parent=952"}],"wp:term":[{"taxonomy":"product_cat","embeddable":true,"href":"https:\/\/alchemy-asia.com\/vi\/wp-json\/wp\/v2\/product_cat?post=952"},{"taxonomy":"product_tag","embeddable":true,"href":"https:\/\/alchemy-asia.com\/vi\/wp-json\/wp\/v2\/product_tag?post=952"}],"curies":[{"name":"wp","href":"https:\/\/api.w.org\/{rel}","templated":true}]}}