{"id":954,"date":"2017-07-26T04:26:15","date_gmt":"2017-07-26T04:26:15","guid":{"rendered":"http:\/\/alchemy-asia.com\/vi\/?post_type=product&#038;p=954"},"modified":"2024-08-05T07:41:11","modified_gmt":"2024-08-05T07:41:11","slug":"bols-banana","status":"publish","type":"product","link":"https:\/\/alchemy-asia.com\/vi\/san-pham\/bols-banana\/","title":{"rendered":"Bols Banana"},"content":{"rendered":"","protected":false},"excerpt":{"rendered":"<p>\u0110\u01b0\u1ee3c l\u00e0m ho\u00e0n to\u00e0n b\u1eb1ng c\u00e1ch chi\u1ebft xu\u1ea5t chu\u1ed1i t\u1ef1 nhi\u00ean v\u00e0 r\u01b0\u1ee3u rum h\u1ea3o h\u1ea1ng nh\u1ea5t, r\u01b0\u1ee3u m\u00f9i Bols Banana mang h\u01b0\u01a1ng v\u1ecb c\u1ee7a chu\u1ed1i ch\u00edn. M\u1ed9t ch\u00fat h\u1ea1nh nh\u00e2n v\u00e0 vani t\u1ea1o th\u00eam v\u1ecb ng\u1ecdt d\u1ecbu cho v\u00f2m mi\u1ec7ng, t\u1ea1o ra m\u1ed9t lo\u1ea1i r\u01b0\u1ee3u m\u00f9i \u0111\u1eadm \u0111\u00e0 tuy\u1ec7t v\u1eddi, ho\u00e0n h\u1ea3o \u0111\u1ec3 pha nhi\u1ec1u lo\u1ea1i cocktail kh\u00e1c nhau t\u1ea1i nh\u00e0!<\/p>\n","protected":false},"featured_media":8815,"comment_status":"open","ping_status":"closed","template":"","meta":{"_acf_changed":false},"product_cat":[54],"product_tag":[],"class_list":{"0":"post-954","1":"product","2":"type-product","3":"status-publish","4":"has-post-thumbnail","6":"product_cat-liqueurs","7":"brand-lucas-bols","9":"first","10":"instock","11":"shipping-taxable","12":"product-type-simple"},"acf":[],"yoast_head":"<!-- This site is optimized with the Yoast SEO plugin v23.0 - https:\/\/yoast.com\/wordpress\/plugins\/seo\/ -->\n<title>Bols Banana - Alchemy Asia<\/title>\n<meta name=\"robots\" content=\"index, follow, max-snippet:-1, max-image-preview:large, max-video-preview:-1\" \/>\n<link rel=\"canonical\" href=\"https:\/\/alchemy-asia.com\/vi\/san-pham\/bols-banana\/\" \/>\n<meta property=\"og:locale\" content=\"vi_VN\" \/>\n<meta property=\"og:type\" content=\"article\" \/>\n<meta property=\"og:title\" content=\"Bols Banana - Alchemy Asia\" \/>\n<meta property=\"og:description\" content=\"\u0110\u01b0\u1ee3c l\u00e0m ho\u00e0n to\u00e0n b\u1eb1ng c\u00e1ch chi\u1ebft xu\u1ea5t chu\u1ed1i t\u1ef1 nhi\u00ean v\u00e0 r\u01b0\u1ee3u rum h\u1ea3o h\u1ea1ng nh\u1ea5t, r\u01b0\u1ee3u m\u00f9i Bols Banana mang h\u01b0\u01a1ng v\u1ecb c\u1ee7a chu\u1ed1i ch\u00edn. M\u1ed9t ch\u00fat h\u1ea1nh nh\u00e2n v\u00e0 vani t\u1ea1o th\u00eam v\u1ecb ng\u1ecdt d\u1ecbu cho v\u00f2m mi\u1ec7ng, t\u1ea1o ra m\u1ed9t lo\u1ea1i r\u01b0\u1ee3u m\u00f9i \u0111\u1eadm \u0111\u00e0 tuy\u1ec7t v\u1eddi, ho\u00e0n h\u1ea3o \u0111\u1ec3 pha nhi\u1ec1u lo\u1ea1i cocktail kh\u00e1c nhau t\u1ea1i nh\u00e0!\" \/>\n<meta property=\"og:url\" content=\"https:\/\/alchemy-asia.com\/vi\/san-pham\/bols-banana\/\" \/>\n<meta property=\"og:site_name\" content=\"Alchemy Asia\" \/>\n<meta property=\"article:modified_time\" content=\"2024-08-05T07:41:11+00:00\" \/>\n<meta property=\"og:image\" content=\"https:\/\/alchemy-asia.com\/vi\/wp-content\/uploads\/sites\/3\/2017\/07\/WEBSITE-2-1024x1024.png\" \/>\n\t<meta property=\"og:image:width\" content=\"1024\" \/>\n\t<meta property=\"og:image:height\" content=\"1024\" \/>\n\t<meta property=\"og:image:type\" content=\"image\/png\" \/>\n<meta name=\"twitter:card\" content=\"summary_large_image\" \/>\n<meta name=\"twitter:label1\" content=\"\u01af\u1edbc t\u00ednh th\u1eddi gian \u0111\u1ecdc\" \/>\n\t<meta name=\"twitter:data1\" content=\"1 ph\u00fat\" \/>\n<script type=\"application\/ld+json\" class=\"yoast-schema-graph\">{\"@context\":\"https:\/\/schema.org\",\"@graph\":[{\"@type\":\"WebPage\",\"@id\":\"https:\/\/alchemy-asia.com\/vi\/san-pham\/bols-banana\/\",\"url\":\"https:\/\/alchemy-asia.com\/vi\/san-pham\/bols-banana\/\",\"name\":\"Bols Banana - Alchemy Asia\",\"isPartOf\":{\"@id\":\"https:\/\/alchemy-asia.com\/vi\/#website\"},\"primaryImageOfPage\":{\"@id\":\"https:\/\/alchemy-asia.com\/vi\/san-pham\/bols-banana\/#primaryimage\"},\"image\":{\"@id\":\"https:\/\/alchemy-asia.com\/vi\/san-pham\/bols-banana\/#primaryimage\"},\"thumbnailUrl\":\"https:\/\/alchemy-asia.com\/vi\/wp-content\/uploads\/sites\/3\/2017\/07\/WEBSITE-2.png\",\"datePublished\":\"2017-07-26T04:26:15+00:00\",\"dateModified\":\"2024-08-05T07:41:11+00:00\",\"breadcrumb\":{\"@id\":\"https:\/\/alchemy-asia.com\/vi\/san-pham\/bols-banana\/#breadcrumb\"},\"inLanguage\":\"vi\",\"potentialAction\":[{\"@type\":\"ReadAction\",\"target\":[\"https:\/\/alchemy-asia.com\/vi\/san-pham\/bols-banana\/\"]}]},{\"@type\":\"ImageObject\",\"inLanguage\":\"vi\",\"@id\":\"https:\/\/alchemy-asia.com\/vi\/san-pham\/bols-banana\/#primaryimage\",\"url\":\"https:\/\/alchemy-asia.com\/vi\/wp-content\/uploads\/sites\/3\/2017\/07\/WEBSITE-2.png\",\"contentUrl\":\"https:\/\/alchemy-asia.com\/vi\/wp-content\/uploads\/sites\/3\/2017\/07\/WEBSITE-2.png\",\"width\":2480,\"height\":2480,\"caption\":\"Bols Banana\"},{\"@type\":\"BreadcrumbList\",\"@id\":\"https:\/\/alchemy-asia.com\/vi\/san-pham\/bols-banana\/#breadcrumb\",\"itemListElement\":[{\"@type\":\"ListItem\",\"position\":1,\"name\":\"Home\",\"item\":\"https:\/\/alchemy-asia.com\/vi\/\"},{\"@type\":\"ListItem\",\"position\":2,\"name\":\"Bols Banana\"}]},{\"@type\":\"WebSite\",\"@id\":\"https:\/\/alchemy-asia.com\/vi\/#website\",\"url\":\"https:\/\/alchemy-asia.com\/vi\/\",\"name\":\"Alchemy Asia\",\"description\":\"Just another Alchemy Asia Sites site\",\"potentialAction\":[{\"@type\":\"SearchAction\",\"target\":{\"@type\":\"EntryPoint\",\"urlTemplate\":\"https:\/\/alchemy-asia.com\/vi\/?s={search_term_string}\"},\"query-input\":\"required name=search_term_string\"}],\"inLanguage\":\"vi\"}]}<\/script>\n<!-- \/ Yoast SEO plugin. -->","yoast_head_json":{"title":"Bols Banana - Alchemy Asia","robots":{"index":"index","follow":"follow","max-snippet":"max-snippet:-1","max-image-preview":"max-image-preview:large","max-video-preview":"max-video-preview:-1"},"canonical":"https:\/\/alchemy-asia.com\/vi\/san-pham\/bols-banana\/","og_locale":"vi_VN","og_type":"article","og_title":"Bols Banana - Alchemy Asia","og_description":"\u0110\u01b0\u1ee3c l\u00e0m ho\u00e0n to\u00e0n b\u1eb1ng c\u00e1ch chi\u1ebft xu\u1ea5t chu\u1ed1i t\u1ef1 nhi\u00ean v\u00e0 r\u01b0\u1ee3u rum h\u1ea3o h\u1ea1ng nh\u1ea5t, r\u01b0\u1ee3u m\u00f9i Bols Banana mang h\u01b0\u01a1ng v\u1ecb c\u1ee7a chu\u1ed1i ch\u00edn. M\u1ed9t ch\u00fat h\u1ea1nh nh\u00e2n v\u00e0 vani t\u1ea1o th\u00eam v\u1ecb ng\u1ecdt d\u1ecbu cho v\u00f2m mi\u1ec7ng, t\u1ea1o ra m\u1ed9t lo\u1ea1i r\u01b0\u1ee3u m\u00f9i \u0111\u1eadm \u0111\u00e0 tuy\u1ec7t v\u1eddi, ho\u00e0n h\u1ea3o \u0111\u1ec3 pha nhi\u1ec1u lo\u1ea1i cocktail kh\u00e1c nhau t\u1ea1i nh\u00e0!","og_url":"https:\/\/alchemy-asia.com\/vi\/san-pham\/bols-banana\/","og_site_name":"Alchemy Asia","article_modified_time":"2024-08-05T07:41:11+00:00","og_image":[{"width":1024,"height":1024,"url":"https:\/\/alchemy-asia.com\/vi\/wp-content\/uploads\/sites\/3\/2017\/07\/WEBSITE-2-1024x1024.png","type":"image\/png"}],"twitter_card":"summary_large_image","twitter_misc":{"\u01af\u1edbc t\u00ednh th\u1eddi gian \u0111\u1ecdc":"1 ph\u00fat"},"schema":{"@context":"https:\/\/schema.org","@graph":[{"@type":"WebPage","@id":"https:\/\/alchemy-asia.com\/vi\/san-pham\/bols-banana\/","url":"https:\/\/alchemy-asia.com\/vi\/san-pham\/bols-banana\/","name":"Bols Banana - Alchemy Asia","isPartOf":{"@id":"https:\/\/alchemy-asia.com\/vi\/#website"},"primaryImageOfPage":{"@id":"https:\/\/alchemy-asia.com\/vi\/san-pham\/bols-banana\/#primaryimage"},"image":{"@id":"https:\/\/alchemy-asia.com\/vi\/san-pham\/bols-banana\/#primaryimage"},"thumbnailUrl":"https:\/\/alchemy-asia.com\/vi\/wp-content\/uploads\/sites\/3\/2017\/07\/WEBSITE-2.png","datePublished":"2017-07-26T04:26:15+00:00","dateModified":"2024-08-05T07:41:11+00:00","breadcrumb":{"@id":"https:\/\/alchemy-asia.com\/vi\/san-pham\/bols-banana\/#breadcrumb"},"inLanguage":"vi","potentialAction":[{"@type":"ReadAction","target":["https:\/\/alchemy-asia.com\/vi\/san-pham\/bols-banana\/"]}]},{"@type":"ImageObject","inLanguage":"vi","@id":"https:\/\/alchemy-asia.com\/vi\/san-pham\/bols-banana\/#primaryimage","url":"https:\/\/alchemy-asia.com\/vi\/wp-content\/uploads\/sites\/3\/2017\/07\/WEBSITE-2.png","contentUrl":"https:\/\/alchemy-asia.com\/vi\/wp-content\/uploads\/sites\/3\/2017\/07\/WEBSITE-2.png","width":2480,"height":2480,"caption":"Bols Banana"},{"@type":"BreadcrumbList","@id":"https:\/\/alchemy-asia.com\/vi\/san-pham\/bols-banana\/#breadcrumb","itemListElement":[{"@type":"ListItem","position":1,"name":"Home","item":"https:\/\/alchemy-asia.com\/vi\/"},{"@type":"ListItem","position":2,"name":"Bols Banana"}]},{"@type":"WebSite","@id":"https:\/\/alchemy-asia.com\/vi\/#website","url":"https:\/\/alchemy-asia.com\/vi\/","name":"Alchemy Asia","description":"Just another Alchemy Asia Sites site","potentialAction":[{"@type":"SearchAction","target":{"@type":"EntryPoint","urlTemplate":"https:\/\/alchemy-asia.com\/vi\/?s={search_term_string}"},"query-input":"required name=search_term_string"}],"inLanguage":"vi"}]}},"_links":{"self":[{"href":"https:\/\/alchemy-asia.com\/vi\/wp-json\/wp\/v2\/product\/954","targetHints":{"allow":["GET"]}}],"collection":[{"href":"https:\/\/alchemy-asia.com\/vi\/wp-json\/wp\/v2\/product"}],"about":[{"href":"https:\/\/alchemy-asia.com\/vi\/wp-json\/wp\/v2\/types\/product"}],"replies":[{"embeddable":true,"href":"https:\/\/alchemy-asia.com\/vi\/wp-json\/wp\/v2\/comments?post=954"}],"wp:featuredmedia":[{"embeddable":true,"href":"https:\/\/alchemy-asia.com\/vi\/wp-json\/wp\/v2\/media\/8815"}],"wp:attachment":[{"href":"https:\/\/alchemy-asia.com\/vi\/wp-json\/wp\/v2\/media?parent=954"}],"wp:term":[{"taxonomy":"product_cat","embeddable":true,"href":"https:\/\/alchemy-asia.com\/vi\/wp-json\/wp\/v2\/product_cat?post=954"},{"taxonomy":"product_tag","embeddable":true,"href":"https:\/\/alchemy-asia.com\/vi\/wp-json\/wp\/v2\/product_tag?post=954"}],"curies":[{"name":"wp","href":"https:\/\/api.w.org\/{rel}","templated":true}]}}