{"id":956,"date":"2017-07-26T04:27:08","date_gmt":"2017-07-26T04:27:08","guid":{"rendered":"http:\/\/alchemy-asia.com\/vi\/?post_type=product&#038;p=956"},"modified":"2024-08-05T07:49:24","modified_gmt":"2024-08-05T07:49:24","slug":"bols-blue-curacao","status":"publish","type":"product","link":"https:\/\/alchemy-asia.com\/vi\/san-pham\/bols-blue-curacao\/","title":{"rendered":"Bols Blue Curacao"},"content":{"rendered":"","protected":false},"excerpt":{"rendered":"<p>L\u00e0 lo\u1ea1i r\u01b0\u1ee3u m\u00f9i huy\u1ec1n tho\u1ea1i thu\u1ed9c lo\u1ea1i c\u00f3 m\u00e0u s\u1eafc b\u1eaft m\u1eaft nh\u1ea5t, Bols Blue Cura\u00e7ao c\u00f3 h\u01b0\u01a1ng v\u1ecb cam t\u01b0\u01a1i. T\u1eebng \u0111\u01b0\u1ee3c bi\u1ebft \u0111\u1ebfn v\u1edbi c\u00e1i t\u00ean Cr\u00e8me de Ciel, lo\u1ea1i r\u01b0\u1ee3u m\u00f9i n\u00e0y l\u00e0 m\u1ed9t trong nh\u1eefng lo\u1ea1i r\u01b0\u1ee3u l\u00e2u \u0111\u1eddi nh\u1ea5t v\u00e0 n\u1ed5i ti\u1ebfng nh\u1ea5t c\u1ee7a ch\u00fang t\u00f4i v\u00e0 tuy\u1ec7t v\u1eddi \u0111\u1ec3 mang \u0111\u1ebfn cho ly cocktail c\u1ee7a b\u1ea1n m\u1ed9t m\u00e0u s\u1eafc v\u00e0 h\u01b0\u01a1ng v\u1ecb tuy\u1ec7t v\u1eddi.<\/p>\n<p>&nbsp;<\/p>\n<p><strong>Tasting notes:<\/strong><\/p>\n<p>V\u1edbi h\u01b0\u01a1ng v\u1ecb cam m\u1ea1nh m\u1ebd, Bols Blue Cura\u00e7ao \u0111\u1eb7c bi\u1ec7t ph\u00f9 h\u1ee3p v\u1edbi c\u00e1c lo\u1ea1i cocktail m\u00f9a h\u00e8 nh\u01b0 Margarita Azul v\u00e0 Blue Hawaii. R\u01b0\u1ee3u m\u00f9i cam xanh n\u00e0y \u0111\u01b0\u1ee3c l\u00e0m t\u1eeb m\u1ed9t lo\u1ea1i v\u1ecf cam \u0111\u1ed9c \u0111\u00e1o v\u00e0 m\u1ed9t lo\u1ea1i th\u1ea3o m\u1ed9c \u0111\u1ed9c \u0111\u00e1o. Khi ng\u1eedi, b\u1ea1n s\u1ebd th\u1ea5y h\u01b0\u01a1ng cam th\u01a1m n\u1ed3ng n\u00e0n, v\u1edbi m\u1ed9t ch\u00fat h\u01b0\u01a1ng qu\u00fdt.<\/p>\n","protected":false},"featured_media":8816,"comment_status":"open","ping_status":"closed","template":"","meta":{"_acf_changed":false},"product_cat":[54],"product_tag":[],"class_list":{"0":"post-956","1":"product","2":"type-product","3":"status-publish","4":"has-post-thumbnail","6":"product_cat-liqueurs","7":"brand-lucas-bols","9":"first","10":"instock","11":"shipping-taxable","12":"product-type-simple"},"acf":[],"yoast_head":"<!-- This site is optimized with the Yoast SEO plugin v23.0 - https:\/\/yoast.com\/wordpress\/plugins\/seo\/ -->\n<title>Bols Blue Curacao - Alchemy Asia<\/title>\n<meta name=\"robots\" content=\"index, follow, max-snippet:-1, max-image-preview:large, max-video-preview:-1\" \/>\n<link rel=\"canonical\" href=\"https:\/\/alchemy-asia.com\/vi\/san-pham\/bols-blue-curacao\/\" \/>\n<meta property=\"og:locale\" content=\"vi_VN\" \/>\n<meta property=\"og:type\" content=\"article\" \/>\n<meta property=\"og:title\" content=\"Bols Blue Curacao - Alchemy Asia\" \/>\n<meta property=\"og:description\" content=\"L\u00e0 lo\u1ea1i r\u01b0\u1ee3u m\u00f9i huy\u1ec1n tho\u1ea1i thu\u1ed9c lo\u1ea1i c\u00f3 m\u00e0u s\u1eafc b\u1eaft m\u1eaft nh\u1ea5t, Bols Blue Cura\u00e7ao c\u00f3 h\u01b0\u01a1ng v\u1ecb cam t\u01b0\u01a1i. T\u1eebng \u0111\u01b0\u1ee3c bi\u1ebft \u0111\u1ebfn v\u1edbi c\u00e1i t\u00ean Cr\u00e8me de Ciel, lo\u1ea1i r\u01b0\u1ee3u m\u00f9i n\u00e0y l\u00e0 m\u1ed9t trong nh\u1eefng lo\u1ea1i r\u01b0\u1ee3u l\u00e2u \u0111\u1eddi nh\u1ea5t v\u00e0 n\u1ed5i ti\u1ebfng nh\u1ea5t c\u1ee7a ch\u00fang t\u00f4i v\u00e0 tuy\u1ec7t v\u1eddi \u0111\u1ec3 mang \u0111\u1ebfn cho ly cocktail c\u1ee7a b\u1ea1n m\u1ed9t m\u00e0u s\u1eafc v\u00e0 h\u01b0\u01a1ng v\u1ecb tuy\u1ec7t v\u1eddi.  &nbsp;  Tasting notes:  V\u1edbi h\u01b0\u01a1ng v\u1ecb cam m\u1ea1nh m\u1ebd, Bols Blue Cura\u00e7ao \u0111\u1eb7c bi\u1ec7t ph\u00f9 h\u1ee3p v\u1edbi c\u00e1c lo\u1ea1i cocktail m\u00f9a h\u00e8 nh\u01b0 Margarita Azul v\u00e0 Blue Hawaii. R\u01b0\u1ee3u m\u00f9i cam xanh n\u00e0y \u0111\u01b0\u1ee3c l\u00e0m t\u1eeb m\u1ed9t lo\u1ea1i v\u1ecf cam \u0111\u1ed9c \u0111\u00e1o v\u00e0 m\u1ed9t lo\u1ea1i th\u1ea3o m\u1ed9c \u0111\u1ed9c \u0111\u00e1o. Khi ng\u1eedi, b\u1ea1n s\u1ebd th\u1ea5y h\u01b0\u01a1ng cam th\u01a1m n\u1ed3ng n\u00e0n, v\u1edbi m\u1ed9t ch\u00fat h\u01b0\u01a1ng qu\u00fdt.\" \/>\n<meta property=\"og:url\" content=\"https:\/\/alchemy-asia.com\/vi\/san-pham\/bols-blue-curacao\/\" \/>\n<meta property=\"og:site_name\" content=\"Alchemy Asia\" \/>\n<meta property=\"article:modified_time\" content=\"2024-08-05T07:49:24+00:00\" \/>\n<meta property=\"og:image\" content=\"https:\/\/alchemy-asia.com\/vi\/wp-content\/uploads\/sites\/3\/2017\/07\/WEBSITE-3-1024x1024.png\" \/>\n\t<meta property=\"og:image:width\" content=\"1024\" \/>\n\t<meta property=\"og:image:height\" content=\"1024\" \/>\n\t<meta property=\"og:image:type\" content=\"image\/png\" \/>\n<meta name=\"twitter:card\" content=\"summary_large_image\" \/>\n<meta name=\"twitter:label1\" content=\"\u01af\u1edbc t\u00ednh th\u1eddi gian \u0111\u1ecdc\" \/>\n\t<meta name=\"twitter:data1\" content=\"1 ph\u00fat\" \/>\n<script type=\"application\/ld+json\" class=\"yoast-schema-graph\">{\"@context\":\"https:\/\/schema.org\",\"@graph\":[{\"@type\":\"WebPage\",\"@id\":\"https:\/\/alchemy-asia.com\/vi\/san-pham\/bols-blue-curacao\/\",\"url\":\"https:\/\/alchemy-asia.com\/vi\/san-pham\/bols-blue-curacao\/\",\"name\":\"Bols Blue Curacao - Alchemy Asia\",\"isPartOf\":{\"@id\":\"https:\/\/alchemy-asia.com\/vi\/#website\"},\"primaryImageOfPage\":{\"@id\":\"https:\/\/alchemy-asia.com\/vi\/san-pham\/bols-blue-curacao\/#primaryimage\"},\"image\":{\"@id\":\"https:\/\/alchemy-asia.com\/vi\/san-pham\/bols-blue-curacao\/#primaryimage\"},\"thumbnailUrl\":\"https:\/\/alchemy-asia.com\/vi\/wp-content\/uploads\/sites\/3\/2017\/07\/WEBSITE-3.png\",\"datePublished\":\"2017-07-26T04:27:08+00:00\",\"dateModified\":\"2024-08-05T07:49:24+00:00\",\"breadcrumb\":{\"@id\":\"https:\/\/alchemy-asia.com\/vi\/san-pham\/bols-blue-curacao\/#breadcrumb\"},\"inLanguage\":\"vi\",\"potentialAction\":[{\"@type\":\"ReadAction\",\"target\":[\"https:\/\/alchemy-asia.com\/vi\/san-pham\/bols-blue-curacao\/\"]}]},{\"@type\":\"ImageObject\",\"inLanguage\":\"vi\",\"@id\":\"https:\/\/alchemy-asia.com\/vi\/san-pham\/bols-blue-curacao\/#primaryimage\",\"url\":\"https:\/\/alchemy-asia.com\/vi\/wp-content\/uploads\/sites\/3\/2017\/07\/WEBSITE-3.png\",\"contentUrl\":\"https:\/\/alchemy-asia.com\/vi\/wp-content\/uploads\/sites\/3\/2017\/07\/WEBSITE-3.png\",\"width\":2480,\"height\":2480,\"caption\":\"Bols Blue Curacao\"},{\"@type\":\"BreadcrumbList\",\"@id\":\"https:\/\/alchemy-asia.com\/vi\/san-pham\/bols-blue-curacao\/#breadcrumb\",\"itemListElement\":[{\"@type\":\"ListItem\",\"position\":1,\"name\":\"Home\",\"item\":\"https:\/\/alchemy-asia.com\/vi\/\"},{\"@type\":\"ListItem\",\"position\":2,\"name\":\"Bols Blue Curacao\"}]},{\"@type\":\"WebSite\",\"@id\":\"https:\/\/alchemy-asia.com\/vi\/#website\",\"url\":\"https:\/\/alchemy-asia.com\/vi\/\",\"name\":\"Alchemy Asia\",\"description\":\"Just another Alchemy Asia Sites site\",\"potentialAction\":[{\"@type\":\"SearchAction\",\"target\":{\"@type\":\"EntryPoint\",\"urlTemplate\":\"https:\/\/alchemy-asia.com\/vi\/?s={search_term_string}\"},\"query-input\":\"required name=search_term_string\"}],\"inLanguage\":\"vi\"}]}<\/script>\n<!-- \/ Yoast SEO plugin. -->","yoast_head_json":{"title":"Bols Blue Curacao - Alchemy Asia","robots":{"index":"index","follow":"follow","max-snippet":"max-snippet:-1","max-image-preview":"max-image-preview:large","max-video-preview":"max-video-preview:-1"},"canonical":"https:\/\/alchemy-asia.com\/vi\/san-pham\/bols-blue-curacao\/","og_locale":"vi_VN","og_type":"article","og_title":"Bols Blue Curacao - Alchemy Asia","og_description":"L\u00e0 lo\u1ea1i r\u01b0\u1ee3u m\u00f9i huy\u1ec1n tho\u1ea1i thu\u1ed9c lo\u1ea1i c\u00f3 m\u00e0u s\u1eafc b\u1eaft m\u1eaft nh\u1ea5t, Bols Blue Cura\u00e7ao c\u00f3 h\u01b0\u01a1ng v\u1ecb cam t\u01b0\u01a1i. T\u1eebng \u0111\u01b0\u1ee3c bi\u1ebft \u0111\u1ebfn v\u1edbi c\u00e1i t\u00ean Cr\u00e8me de Ciel, lo\u1ea1i r\u01b0\u1ee3u m\u00f9i n\u00e0y l\u00e0 m\u1ed9t trong nh\u1eefng lo\u1ea1i r\u01b0\u1ee3u l\u00e2u \u0111\u1eddi nh\u1ea5t v\u00e0 n\u1ed5i ti\u1ebfng nh\u1ea5t c\u1ee7a ch\u00fang t\u00f4i v\u00e0 tuy\u1ec7t v\u1eddi \u0111\u1ec3 mang \u0111\u1ebfn cho ly cocktail c\u1ee7a b\u1ea1n m\u1ed9t m\u00e0u s\u1eafc v\u00e0 h\u01b0\u01a1ng v\u1ecb tuy\u1ec7t v\u1eddi.  &nbsp;  Tasting notes:  V\u1edbi h\u01b0\u01a1ng v\u1ecb cam m\u1ea1nh m\u1ebd, Bols Blue Cura\u00e7ao \u0111\u1eb7c bi\u1ec7t ph\u00f9 h\u1ee3p v\u1edbi c\u00e1c lo\u1ea1i cocktail m\u00f9a h\u00e8 nh\u01b0 Margarita Azul v\u00e0 Blue Hawaii. R\u01b0\u1ee3u m\u00f9i cam xanh n\u00e0y \u0111\u01b0\u1ee3c l\u00e0m t\u1eeb m\u1ed9t lo\u1ea1i v\u1ecf cam \u0111\u1ed9c \u0111\u00e1o v\u00e0 m\u1ed9t lo\u1ea1i th\u1ea3o m\u1ed9c \u0111\u1ed9c \u0111\u00e1o. Khi ng\u1eedi, b\u1ea1n s\u1ebd th\u1ea5y h\u01b0\u01a1ng cam th\u01a1m n\u1ed3ng n\u00e0n, v\u1edbi m\u1ed9t ch\u00fat h\u01b0\u01a1ng qu\u00fdt.","og_url":"https:\/\/alchemy-asia.com\/vi\/san-pham\/bols-blue-curacao\/","og_site_name":"Alchemy Asia","article_modified_time":"2024-08-05T07:49:24+00:00","og_image":[{"width":1024,"height":1024,"url":"https:\/\/alchemy-asia.com\/vi\/wp-content\/uploads\/sites\/3\/2017\/07\/WEBSITE-3-1024x1024.png","type":"image\/png"}],"twitter_card":"summary_large_image","twitter_misc":{"\u01af\u1edbc t\u00ednh th\u1eddi gian \u0111\u1ecdc":"1 ph\u00fat"},"schema":{"@context":"https:\/\/schema.org","@graph":[{"@type":"WebPage","@id":"https:\/\/alchemy-asia.com\/vi\/san-pham\/bols-blue-curacao\/","url":"https:\/\/alchemy-asia.com\/vi\/san-pham\/bols-blue-curacao\/","name":"Bols Blue Curacao - Alchemy Asia","isPartOf":{"@id":"https:\/\/alchemy-asia.com\/vi\/#website"},"primaryImageOfPage":{"@id":"https:\/\/alchemy-asia.com\/vi\/san-pham\/bols-blue-curacao\/#primaryimage"},"image":{"@id":"https:\/\/alchemy-asia.com\/vi\/san-pham\/bols-blue-curacao\/#primaryimage"},"thumbnailUrl":"https:\/\/alchemy-asia.com\/vi\/wp-content\/uploads\/sites\/3\/2017\/07\/WEBSITE-3.png","datePublished":"2017-07-26T04:27:08+00:00","dateModified":"2024-08-05T07:49:24+00:00","breadcrumb":{"@id":"https:\/\/alchemy-asia.com\/vi\/san-pham\/bols-blue-curacao\/#breadcrumb"},"inLanguage":"vi","potentialAction":[{"@type":"ReadAction","target":["https:\/\/alchemy-asia.com\/vi\/san-pham\/bols-blue-curacao\/"]}]},{"@type":"ImageObject","inLanguage":"vi","@id":"https:\/\/alchemy-asia.com\/vi\/san-pham\/bols-blue-curacao\/#primaryimage","url":"https:\/\/alchemy-asia.com\/vi\/wp-content\/uploads\/sites\/3\/2017\/07\/WEBSITE-3.png","contentUrl":"https:\/\/alchemy-asia.com\/vi\/wp-content\/uploads\/sites\/3\/2017\/07\/WEBSITE-3.png","width":2480,"height":2480,"caption":"Bols Blue Curacao"},{"@type":"BreadcrumbList","@id":"https:\/\/alchemy-asia.com\/vi\/san-pham\/bols-blue-curacao\/#breadcrumb","itemListElement":[{"@type":"ListItem","position":1,"name":"Home","item":"https:\/\/alchemy-asia.com\/vi\/"},{"@type":"ListItem","position":2,"name":"Bols Blue Curacao"}]},{"@type":"WebSite","@id":"https:\/\/alchemy-asia.com\/vi\/#website","url":"https:\/\/alchemy-asia.com\/vi\/","name":"Alchemy Asia","description":"Just another Alchemy Asia Sites site","potentialAction":[{"@type":"SearchAction","target":{"@type":"EntryPoint","urlTemplate":"https:\/\/alchemy-asia.com\/vi\/?s={search_term_string}"},"query-input":"required name=search_term_string"}],"inLanguage":"vi"}]}},"_links":{"self":[{"href":"https:\/\/alchemy-asia.com\/vi\/wp-json\/wp\/v2\/product\/956","targetHints":{"allow":["GET"]}}],"collection":[{"href":"https:\/\/alchemy-asia.com\/vi\/wp-json\/wp\/v2\/product"}],"about":[{"href":"https:\/\/alchemy-asia.com\/vi\/wp-json\/wp\/v2\/types\/product"}],"replies":[{"embeddable":true,"href":"https:\/\/alchemy-asia.com\/vi\/wp-json\/wp\/v2\/comments?post=956"}],"wp:featuredmedia":[{"embeddable":true,"href":"https:\/\/alchemy-asia.com\/vi\/wp-json\/wp\/v2\/media\/8816"}],"wp:attachment":[{"href":"https:\/\/alchemy-asia.com\/vi\/wp-json\/wp\/v2\/media?parent=956"}],"wp:term":[{"taxonomy":"product_cat","embeddable":true,"href":"https:\/\/alchemy-asia.com\/vi\/wp-json\/wp\/v2\/product_cat?post=956"},{"taxonomy":"product_tag","embeddable":true,"href":"https:\/\/alchemy-asia.com\/vi\/wp-json\/wp\/v2\/product_tag?post=956"}],"curies":[{"name":"wp","href":"https:\/\/api.w.org\/{rel}","templated":true}]}}