{"id":958,"date":"2017-07-26T04:28:07","date_gmt":"2017-07-26T04:28:07","guid":{"rendered":"http:\/\/alchemy-asia.com\/vi\/?post_type=product&#038;p=958"},"modified":"2024-08-05T08:00:09","modified_gmt":"2024-08-05T08:00:09","slug":"bols-cherry-brandy","status":"publish","type":"product","link":"https:\/\/alchemy-asia.com\/vi\/san-pham\/bols-cherry-brandy\/","title":{"rendered":"Bols Cherry Brandy"},"content":{"rendered":"","protected":false},"excerpt":{"rendered":"<p>Lo\u1ea1i r\u01b0\u1ee3u m\u00f9i m\u00e0u \u0111\u1ecf ruby c\u00f3 h\u01b0\u01a1ng anh \u0111\u00e0o t\u01b0\u01a1i v\u00e0 m\u1ed9t ch\u00fat h\u1ea1nh nh\u00e2n nh\u1eb9. C\u00f4ng th\u1ee9c c\u1ee7a n\u00f3 c\u00f3 th\u1ec3 b\u1eaft ngu\u1ed3n t\u1eeb truy\u1ec1n th\u1ed1ng \u0110\u00f4ng \u00c2u c\u0169, nh\u01b0ng lo\u1ea1i r\u01b0\u1ee3u m\u00f9i Bols Cherry Brandy n\u00e0y ho\u00e0n to\u00e0n ph\u00f9 h\u1ee3p v\u1edbi kh\u1ea9u v\u1ecb hi\u1ec7n \u0111\u1ea1i. C\u00e1c nguy\u00ean li\u1ec7u t\u01b0\u01a1u \u0111\u01b0\u1ee3c tr\u1ed9n l\u1ea1i, gi\u1eef \u0111\u01b0\u1ee3c h\u01b0\u01a1ng th\u1ea3o m\u1ed9c trong m\u1ed9t lo\u1ea1i cocktail \u0111\u01b0\u1ee3c pha ch\u1ebf.<\/p>\n","protected":false},"featured_media":8818,"comment_status":"open","ping_status":"closed","template":"","meta":{"_acf_changed":false},"product_cat":[54],"product_tag":[],"class_list":{"0":"post-958","1":"product","2":"type-product","3":"status-publish","4":"has-post-thumbnail","6":"product_cat-liqueurs","7":"brand-lucas-bols","9":"first","10":"instock","11":"shipping-taxable","12":"product-type-simple"},"acf":[],"yoast_head":"<!-- This site is optimized with the Yoast SEO plugin v23.0 - https:\/\/yoast.com\/wordpress\/plugins\/seo\/ -->\n<title>Bols Cherry Brandy - Alchemy Asia<\/title>\n<meta name=\"robots\" content=\"index, follow, max-snippet:-1, max-image-preview:large, max-video-preview:-1\" \/>\n<link rel=\"canonical\" href=\"https:\/\/alchemy-asia.com\/vi\/san-pham\/bols-cherry-brandy\/\" \/>\n<meta property=\"og:locale\" content=\"vi_VN\" \/>\n<meta property=\"og:type\" content=\"article\" \/>\n<meta property=\"og:title\" content=\"Bols Cherry Brandy - Alchemy Asia\" \/>\n<meta property=\"og:description\" content=\"Lo\u1ea1i r\u01b0\u1ee3u m\u00f9i m\u00e0u \u0111\u1ecf ruby c\u00f3 h\u01b0\u01a1ng anh \u0111\u00e0o t\u01b0\u01a1i v\u00e0 m\u1ed9t ch\u00fat h\u1ea1nh nh\u00e2n nh\u1eb9. C\u00f4ng th\u1ee9c c\u1ee7a n\u00f3 c\u00f3 th\u1ec3 b\u1eaft ngu\u1ed3n t\u1eeb truy\u1ec1n th\u1ed1ng \u0110\u00f4ng \u00c2u c\u0169, nh\u01b0ng lo\u1ea1i r\u01b0\u1ee3u m\u00f9i Bols Cherry Brandy n\u00e0y ho\u00e0n to\u00e0n ph\u00f9 h\u1ee3p v\u1edbi kh\u1ea9u v\u1ecb hi\u1ec7n \u0111\u1ea1i. C\u00e1c nguy\u00ean li\u1ec7u t\u01b0\u01a1u \u0111\u01b0\u1ee3c tr\u1ed9n l\u1ea1i, gi\u1eef \u0111\u01b0\u1ee3c h\u01b0\u01a1ng th\u1ea3o m\u1ed9c trong m\u1ed9t lo\u1ea1i cocktail \u0111\u01b0\u1ee3c pha ch\u1ebf.\" \/>\n<meta property=\"og:url\" content=\"https:\/\/alchemy-asia.com\/vi\/san-pham\/bols-cherry-brandy\/\" \/>\n<meta property=\"og:site_name\" content=\"Alchemy Asia\" \/>\n<meta property=\"article:modified_time\" content=\"2024-08-05T08:00:09+00:00\" \/>\n<meta property=\"og:image\" content=\"https:\/\/alchemy-asia.com\/vi\/wp-content\/uploads\/sites\/3\/2017\/07\/WEBSITE-4-1024x1024.png\" \/>\n\t<meta property=\"og:image:width\" content=\"1024\" \/>\n\t<meta property=\"og:image:height\" content=\"1024\" \/>\n\t<meta property=\"og:image:type\" content=\"image\/png\" \/>\n<meta name=\"twitter:card\" content=\"summary_large_image\" \/>\n<meta name=\"twitter:label1\" content=\"\u01af\u1edbc t\u00ednh th\u1eddi gian \u0111\u1ecdc\" \/>\n\t<meta name=\"twitter:data1\" content=\"1 ph\u00fat\" \/>\n<script type=\"application\/ld+json\" class=\"yoast-schema-graph\">{\"@context\":\"https:\/\/schema.org\",\"@graph\":[{\"@type\":\"WebPage\",\"@id\":\"https:\/\/alchemy-asia.com\/vi\/san-pham\/bols-cherry-brandy\/\",\"url\":\"https:\/\/alchemy-asia.com\/vi\/san-pham\/bols-cherry-brandy\/\",\"name\":\"Bols Cherry Brandy - Alchemy Asia\",\"isPartOf\":{\"@id\":\"https:\/\/alchemy-asia.com\/vi\/#website\"},\"primaryImageOfPage\":{\"@id\":\"https:\/\/alchemy-asia.com\/vi\/san-pham\/bols-cherry-brandy\/#primaryimage\"},\"image\":{\"@id\":\"https:\/\/alchemy-asia.com\/vi\/san-pham\/bols-cherry-brandy\/#primaryimage\"},\"thumbnailUrl\":\"https:\/\/alchemy-asia.com\/vi\/wp-content\/uploads\/sites\/3\/2017\/07\/WEBSITE-4.png\",\"datePublished\":\"2017-07-26T04:28:07+00:00\",\"dateModified\":\"2024-08-05T08:00:09+00:00\",\"breadcrumb\":{\"@id\":\"https:\/\/alchemy-asia.com\/vi\/san-pham\/bols-cherry-brandy\/#breadcrumb\"},\"inLanguage\":\"vi\",\"potentialAction\":[{\"@type\":\"ReadAction\",\"target\":[\"https:\/\/alchemy-asia.com\/vi\/san-pham\/bols-cherry-brandy\/\"]}]},{\"@type\":\"ImageObject\",\"inLanguage\":\"vi\",\"@id\":\"https:\/\/alchemy-asia.com\/vi\/san-pham\/bols-cherry-brandy\/#primaryimage\",\"url\":\"https:\/\/alchemy-asia.com\/vi\/wp-content\/uploads\/sites\/3\/2017\/07\/WEBSITE-4.png\",\"contentUrl\":\"https:\/\/alchemy-asia.com\/vi\/wp-content\/uploads\/sites\/3\/2017\/07\/WEBSITE-4.png\",\"width\":2480,\"height\":2480,\"caption\":\"Bols Cherry Brandy\"},{\"@type\":\"BreadcrumbList\",\"@id\":\"https:\/\/alchemy-asia.com\/vi\/san-pham\/bols-cherry-brandy\/#breadcrumb\",\"itemListElement\":[{\"@type\":\"ListItem\",\"position\":1,\"name\":\"Home\",\"item\":\"https:\/\/alchemy-asia.com\/vi\/\"},{\"@type\":\"ListItem\",\"position\":2,\"name\":\"Bols Cherry Brandy\"}]},{\"@type\":\"WebSite\",\"@id\":\"https:\/\/alchemy-asia.com\/vi\/#website\",\"url\":\"https:\/\/alchemy-asia.com\/vi\/\",\"name\":\"Alchemy Asia\",\"description\":\"Just another Alchemy Asia Sites site\",\"potentialAction\":[{\"@type\":\"SearchAction\",\"target\":{\"@type\":\"EntryPoint\",\"urlTemplate\":\"https:\/\/alchemy-asia.com\/vi\/?s={search_term_string}\"},\"query-input\":\"required name=search_term_string\"}],\"inLanguage\":\"vi\"}]}<\/script>\n<!-- \/ Yoast SEO plugin. -->","yoast_head_json":{"title":"Bols Cherry Brandy - Alchemy Asia","robots":{"index":"index","follow":"follow","max-snippet":"max-snippet:-1","max-image-preview":"max-image-preview:large","max-video-preview":"max-video-preview:-1"},"canonical":"https:\/\/alchemy-asia.com\/vi\/san-pham\/bols-cherry-brandy\/","og_locale":"vi_VN","og_type":"article","og_title":"Bols Cherry Brandy - Alchemy Asia","og_description":"Lo\u1ea1i r\u01b0\u1ee3u m\u00f9i m\u00e0u \u0111\u1ecf ruby c\u00f3 h\u01b0\u01a1ng anh \u0111\u00e0o t\u01b0\u01a1i v\u00e0 m\u1ed9t ch\u00fat h\u1ea1nh nh\u00e2n nh\u1eb9. C\u00f4ng th\u1ee9c c\u1ee7a n\u00f3 c\u00f3 th\u1ec3 b\u1eaft ngu\u1ed3n t\u1eeb truy\u1ec1n th\u1ed1ng \u0110\u00f4ng \u00c2u c\u0169, nh\u01b0ng lo\u1ea1i r\u01b0\u1ee3u m\u00f9i Bols Cherry Brandy n\u00e0y ho\u00e0n to\u00e0n ph\u00f9 h\u1ee3p v\u1edbi kh\u1ea9u v\u1ecb hi\u1ec7n \u0111\u1ea1i. C\u00e1c nguy\u00ean li\u1ec7u t\u01b0\u01a1u \u0111\u01b0\u1ee3c tr\u1ed9n l\u1ea1i, gi\u1eef \u0111\u01b0\u1ee3c h\u01b0\u01a1ng th\u1ea3o m\u1ed9c trong m\u1ed9t lo\u1ea1i cocktail \u0111\u01b0\u1ee3c pha ch\u1ebf.","og_url":"https:\/\/alchemy-asia.com\/vi\/san-pham\/bols-cherry-brandy\/","og_site_name":"Alchemy Asia","article_modified_time":"2024-08-05T08:00:09+00:00","og_image":[{"width":1024,"height":1024,"url":"https:\/\/alchemy-asia.com\/vi\/wp-content\/uploads\/sites\/3\/2017\/07\/WEBSITE-4-1024x1024.png","type":"image\/png"}],"twitter_card":"summary_large_image","twitter_misc":{"\u01af\u1edbc t\u00ednh th\u1eddi gian \u0111\u1ecdc":"1 ph\u00fat"},"schema":{"@context":"https:\/\/schema.org","@graph":[{"@type":"WebPage","@id":"https:\/\/alchemy-asia.com\/vi\/san-pham\/bols-cherry-brandy\/","url":"https:\/\/alchemy-asia.com\/vi\/san-pham\/bols-cherry-brandy\/","name":"Bols Cherry Brandy - Alchemy Asia","isPartOf":{"@id":"https:\/\/alchemy-asia.com\/vi\/#website"},"primaryImageOfPage":{"@id":"https:\/\/alchemy-asia.com\/vi\/san-pham\/bols-cherry-brandy\/#primaryimage"},"image":{"@id":"https:\/\/alchemy-asia.com\/vi\/san-pham\/bols-cherry-brandy\/#primaryimage"},"thumbnailUrl":"https:\/\/alchemy-asia.com\/vi\/wp-content\/uploads\/sites\/3\/2017\/07\/WEBSITE-4.png","datePublished":"2017-07-26T04:28:07+00:00","dateModified":"2024-08-05T08:00:09+00:00","breadcrumb":{"@id":"https:\/\/alchemy-asia.com\/vi\/san-pham\/bols-cherry-brandy\/#breadcrumb"},"inLanguage":"vi","potentialAction":[{"@type":"ReadAction","target":["https:\/\/alchemy-asia.com\/vi\/san-pham\/bols-cherry-brandy\/"]}]},{"@type":"ImageObject","inLanguage":"vi","@id":"https:\/\/alchemy-asia.com\/vi\/san-pham\/bols-cherry-brandy\/#primaryimage","url":"https:\/\/alchemy-asia.com\/vi\/wp-content\/uploads\/sites\/3\/2017\/07\/WEBSITE-4.png","contentUrl":"https:\/\/alchemy-asia.com\/vi\/wp-content\/uploads\/sites\/3\/2017\/07\/WEBSITE-4.png","width":2480,"height":2480,"caption":"Bols Cherry Brandy"},{"@type":"BreadcrumbList","@id":"https:\/\/alchemy-asia.com\/vi\/san-pham\/bols-cherry-brandy\/#breadcrumb","itemListElement":[{"@type":"ListItem","position":1,"name":"Home","item":"https:\/\/alchemy-asia.com\/vi\/"},{"@type":"ListItem","position":2,"name":"Bols Cherry Brandy"}]},{"@type":"WebSite","@id":"https:\/\/alchemy-asia.com\/vi\/#website","url":"https:\/\/alchemy-asia.com\/vi\/","name":"Alchemy Asia","description":"Just another Alchemy Asia Sites site","potentialAction":[{"@type":"SearchAction","target":{"@type":"EntryPoint","urlTemplate":"https:\/\/alchemy-asia.com\/vi\/?s={search_term_string}"},"query-input":"required name=search_term_string"}],"inLanguage":"vi"}]}},"_links":{"self":[{"href":"https:\/\/alchemy-asia.com\/vi\/wp-json\/wp\/v2\/product\/958","targetHints":{"allow":["GET"]}}],"collection":[{"href":"https:\/\/alchemy-asia.com\/vi\/wp-json\/wp\/v2\/product"}],"about":[{"href":"https:\/\/alchemy-asia.com\/vi\/wp-json\/wp\/v2\/types\/product"}],"replies":[{"embeddable":true,"href":"https:\/\/alchemy-asia.com\/vi\/wp-json\/wp\/v2\/comments?post=958"}],"wp:featuredmedia":[{"embeddable":true,"href":"https:\/\/alchemy-asia.com\/vi\/wp-json\/wp\/v2\/media\/8818"}],"wp:attachment":[{"href":"https:\/\/alchemy-asia.com\/vi\/wp-json\/wp\/v2\/media?parent=958"}],"wp:term":[{"taxonomy":"product_cat","embeddable":true,"href":"https:\/\/alchemy-asia.com\/vi\/wp-json\/wp\/v2\/product_cat?post=958"},{"taxonomy":"product_tag","embeddable":true,"href":"https:\/\/alchemy-asia.com\/vi\/wp-json\/wp\/v2\/product_tag?post=958"}],"curies":[{"name":"wp","href":"https:\/\/api.w.org\/{rel}","templated":true}]}}