{"id":966,"date":"2017-07-26T04:32:25","date_gmt":"2017-07-26T04:32:25","guid":{"rendered":"http:\/\/alchemy-asia.com\/vi\/?post_type=product&#038;p=966"},"modified":"2024-09-12T08:48:21","modified_gmt":"2024-09-12T08:48:21","slug":"bols-creme-de-cassis","status":"publish","type":"product","link":"https:\/\/alchemy-asia.com\/vi\/san-pham\/bols-creme-de-cassis\/","title":{"rendered":"Bols Cr\u00e8me De Cassis"},"content":{"rendered":"","protected":false},"excerpt":{"rendered":"<p>Lo\u1ea1i r\u01b0\u1ee3u m\u00f9i tr\u00e1i c\u00e2y n\u1ed5i ti\u1ebfng n\u00e0y \u0111\u01b0\u1ee3c s\u1eed d\u1ee5ng trong c\u00e1c lo\u1ea1i cocktail v\u00e0 \u0111\u1ed3 pha ch\u1ebf tr\u00ean kh\u1eafp th\u1ebf gi\u1edbi v\u00e0 c\u00f3 nh\u1eefng n\u1ed1t h\u01b0\u01a1ng nho \u0111en \u0111\u1eadm \u0111\u00e0 v\u1edbi d\u01b0 v\u1ecb chua ng\u1ecdt k\u00e9o d\u00e0i. \u0110\u01b0\u1ee3c l\u00e0m ho\u00e0n to\u00e0n t\u1eeb c\u00e1c nguy\u00ean li\u1ec7u t\u1ef1 nhi\u00ean, r\u01b0\u1ee3u m\u00f9i Bols Cr\u00e8me de Cassis \u0111\u1eb7c bi\u1ec7t hi\u1ec7u qu\u1ea3 trong c\u00e1c lo\u1ea1i cocktail c\u00f3 v\u1ecb cam qu\u00fdt.<\/p>\n","protected":false},"featured_media":8819,"comment_status":"open","ping_status":"closed","template":"","meta":{"_acf_changed":false},"product_cat":[54],"product_tag":[],"class_list":{"0":"post-966","1":"product","2":"type-product","3":"status-publish","4":"has-post-thumbnail","6":"product_cat-liqueurs","7":"brand-lucas-bols","9":"first","10":"instock","11":"shipping-taxable","12":"product-type-simple"},"acf":[],"yoast_head":"<!-- This site is optimized with the Yoast SEO plugin v23.0 - https:\/\/yoast.com\/wordpress\/plugins\/seo\/ -->\n<title>Bols Cr\u00e8me De Cassis - Alchemy Asia<\/title>\n<meta name=\"robots\" content=\"index, follow, max-snippet:-1, max-image-preview:large, max-video-preview:-1\" \/>\n<link rel=\"canonical\" href=\"https:\/\/alchemy-asia.com\/vi\/san-pham\/bols-creme-de-cassis\/\" \/>\n<meta property=\"og:locale\" content=\"vi_VN\" \/>\n<meta property=\"og:type\" content=\"article\" \/>\n<meta property=\"og:title\" content=\"Bols Cr\u00e8me De Cassis - Alchemy Asia\" \/>\n<meta property=\"og:description\" content=\"Lo\u1ea1i r\u01b0\u1ee3u m\u00f9i tr\u00e1i c\u00e2y n\u1ed5i ti\u1ebfng n\u00e0y \u0111\u01b0\u1ee3c s\u1eed d\u1ee5ng trong c\u00e1c lo\u1ea1i cocktail v\u00e0 \u0111\u1ed3 pha ch\u1ebf tr\u00ean kh\u1eafp th\u1ebf gi\u1edbi v\u00e0 c\u00f3 nh\u1eefng n\u1ed1t h\u01b0\u01a1ng nho \u0111en \u0111\u1eadm \u0111\u00e0 v\u1edbi d\u01b0 v\u1ecb chua ng\u1ecdt k\u00e9o d\u00e0i. \u0110\u01b0\u1ee3c l\u00e0m ho\u00e0n to\u00e0n t\u1eeb c\u00e1c nguy\u00ean li\u1ec7u t\u1ef1 nhi\u00ean, r\u01b0\u1ee3u m\u00f9i Bols Cr\u00e8me de Cassis \u0111\u1eb7c bi\u1ec7t hi\u1ec7u qu\u1ea3 trong c\u00e1c lo\u1ea1i cocktail c\u00f3 v\u1ecb cam qu\u00fdt.\" \/>\n<meta property=\"og:url\" content=\"https:\/\/alchemy-asia.com\/vi\/san-pham\/bols-creme-de-cassis\/\" \/>\n<meta property=\"og:site_name\" content=\"Alchemy Asia\" \/>\n<meta property=\"article:modified_time\" content=\"2024-09-12T08:48:21+00:00\" \/>\n<meta property=\"og:image\" content=\"https:\/\/alchemy-asia.com\/vi\/wp-content\/uploads\/sites\/3\/2017\/07\/WEBSITE-5-1024x1024.png\" \/>\n\t<meta property=\"og:image:width\" content=\"1024\" \/>\n\t<meta property=\"og:image:height\" content=\"1024\" \/>\n\t<meta property=\"og:image:type\" content=\"image\/png\" \/>\n<meta name=\"twitter:card\" content=\"summary_large_image\" \/>\n<meta name=\"twitter:label1\" content=\"\u01af\u1edbc t\u00ednh th\u1eddi gian \u0111\u1ecdc\" \/>\n\t<meta name=\"twitter:data1\" content=\"1 ph\u00fat\" \/>\n<script type=\"application\/ld+json\" class=\"yoast-schema-graph\">{\"@context\":\"https:\/\/schema.org\",\"@graph\":[{\"@type\":\"WebPage\",\"@id\":\"https:\/\/alchemy-asia.com\/vi\/san-pham\/bols-creme-de-cassis\/\",\"url\":\"https:\/\/alchemy-asia.com\/vi\/san-pham\/bols-creme-de-cassis\/\",\"name\":\"Bols Cr\u00e8me De Cassis - Alchemy Asia\",\"isPartOf\":{\"@id\":\"https:\/\/alchemy-asia.com\/vi\/#website\"},\"primaryImageOfPage\":{\"@id\":\"https:\/\/alchemy-asia.com\/vi\/san-pham\/bols-creme-de-cassis\/#primaryimage\"},\"image\":{\"@id\":\"https:\/\/alchemy-asia.com\/vi\/san-pham\/bols-creme-de-cassis\/#primaryimage\"},\"thumbnailUrl\":\"https:\/\/alchemy-asia.com\/vi\/wp-content\/uploads\/sites\/3\/2017\/07\/WEBSITE-5.png\",\"datePublished\":\"2017-07-26T04:32:25+00:00\",\"dateModified\":\"2024-09-12T08:48:21+00:00\",\"breadcrumb\":{\"@id\":\"https:\/\/alchemy-asia.com\/vi\/san-pham\/bols-creme-de-cassis\/#breadcrumb\"},\"inLanguage\":\"vi\",\"potentialAction\":[{\"@type\":\"ReadAction\",\"target\":[\"https:\/\/alchemy-asia.com\/vi\/san-pham\/bols-creme-de-cassis\/\"]}]},{\"@type\":\"ImageObject\",\"inLanguage\":\"vi\",\"@id\":\"https:\/\/alchemy-asia.com\/vi\/san-pham\/bols-creme-de-cassis\/#primaryimage\",\"url\":\"https:\/\/alchemy-asia.com\/vi\/wp-content\/uploads\/sites\/3\/2017\/07\/WEBSITE-5.png\",\"contentUrl\":\"https:\/\/alchemy-asia.com\/vi\/wp-content\/uploads\/sites\/3\/2017\/07\/WEBSITE-5.png\",\"width\":2480,\"height\":2480,\"caption\":\"Bols Cr\u00e8me De Cassis\"},{\"@type\":\"BreadcrumbList\",\"@id\":\"https:\/\/alchemy-asia.com\/vi\/san-pham\/bols-creme-de-cassis\/#breadcrumb\",\"itemListElement\":[{\"@type\":\"ListItem\",\"position\":1,\"name\":\"Home\",\"item\":\"https:\/\/alchemy-asia.com\/vi\/\"},{\"@type\":\"ListItem\",\"position\":2,\"name\":\"Bols Cr\u00e8me De Cassis\"}]},{\"@type\":\"WebSite\",\"@id\":\"https:\/\/alchemy-asia.com\/vi\/#website\",\"url\":\"https:\/\/alchemy-asia.com\/vi\/\",\"name\":\"Alchemy Asia\",\"description\":\"Just another Alchemy Asia Sites site\",\"potentialAction\":[{\"@type\":\"SearchAction\",\"target\":{\"@type\":\"EntryPoint\",\"urlTemplate\":\"https:\/\/alchemy-asia.com\/vi\/?s={search_term_string}\"},\"query-input\":\"required name=search_term_string\"}],\"inLanguage\":\"vi\"}]}<\/script>\n<!-- \/ Yoast SEO plugin. -->","yoast_head_json":{"title":"Bols Cr\u00e8me De Cassis - Alchemy Asia","robots":{"index":"index","follow":"follow","max-snippet":"max-snippet:-1","max-image-preview":"max-image-preview:large","max-video-preview":"max-video-preview:-1"},"canonical":"https:\/\/alchemy-asia.com\/vi\/san-pham\/bols-creme-de-cassis\/","og_locale":"vi_VN","og_type":"article","og_title":"Bols Cr\u00e8me De Cassis - Alchemy Asia","og_description":"Lo\u1ea1i r\u01b0\u1ee3u m\u00f9i tr\u00e1i c\u00e2y n\u1ed5i ti\u1ebfng n\u00e0y \u0111\u01b0\u1ee3c s\u1eed d\u1ee5ng trong c\u00e1c lo\u1ea1i cocktail v\u00e0 \u0111\u1ed3 pha ch\u1ebf tr\u00ean kh\u1eafp th\u1ebf gi\u1edbi v\u00e0 c\u00f3 nh\u1eefng n\u1ed1t h\u01b0\u01a1ng nho \u0111en \u0111\u1eadm \u0111\u00e0 v\u1edbi d\u01b0 v\u1ecb chua ng\u1ecdt k\u00e9o d\u00e0i. \u0110\u01b0\u1ee3c l\u00e0m ho\u00e0n to\u00e0n t\u1eeb c\u00e1c nguy\u00ean li\u1ec7u t\u1ef1 nhi\u00ean, r\u01b0\u1ee3u m\u00f9i Bols Cr\u00e8me de Cassis \u0111\u1eb7c bi\u1ec7t hi\u1ec7u qu\u1ea3 trong c\u00e1c lo\u1ea1i cocktail c\u00f3 v\u1ecb cam qu\u00fdt.","og_url":"https:\/\/alchemy-asia.com\/vi\/san-pham\/bols-creme-de-cassis\/","og_site_name":"Alchemy Asia","article_modified_time":"2024-09-12T08:48:21+00:00","og_image":[{"width":1024,"height":1024,"url":"https:\/\/alchemy-asia.com\/vi\/wp-content\/uploads\/sites\/3\/2017\/07\/WEBSITE-5-1024x1024.png","type":"image\/png"}],"twitter_card":"summary_large_image","twitter_misc":{"\u01af\u1edbc t\u00ednh th\u1eddi gian \u0111\u1ecdc":"1 ph\u00fat"},"schema":{"@context":"https:\/\/schema.org","@graph":[{"@type":"WebPage","@id":"https:\/\/alchemy-asia.com\/vi\/san-pham\/bols-creme-de-cassis\/","url":"https:\/\/alchemy-asia.com\/vi\/san-pham\/bols-creme-de-cassis\/","name":"Bols Cr\u00e8me De Cassis - Alchemy Asia","isPartOf":{"@id":"https:\/\/alchemy-asia.com\/vi\/#website"},"primaryImageOfPage":{"@id":"https:\/\/alchemy-asia.com\/vi\/san-pham\/bols-creme-de-cassis\/#primaryimage"},"image":{"@id":"https:\/\/alchemy-asia.com\/vi\/san-pham\/bols-creme-de-cassis\/#primaryimage"},"thumbnailUrl":"https:\/\/alchemy-asia.com\/vi\/wp-content\/uploads\/sites\/3\/2017\/07\/WEBSITE-5.png","datePublished":"2017-07-26T04:32:25+00:00","dateModified":"2024-09-12T08:48:21+00:00","breadcrumb":{"@id":"https:\/\/alchemy-asia.com\/vi\/san-pham\/bols-creme-de-cassis\/#breadcrumb"},"inLanguage":"vi","potentialAction":[{"@type":"ReadAction","target":["https:\/\/alchemy-asia.com\/vi\/san-pham\/bols-creme-de-cassis\/"]}]},{"@type":"ImageObject","inLanguage":"vi","@id":"https:\/\/alchemy-asia.com\/vi\/san-pham\/bols-creme-de-cassis\/#primaryimage","url":"https:\/\/alchemy-asia.com\/vi\/wp-content\/uploads\/sites\/3\/2017\/07\/WEBSITE-5.png","contentUrl":"https:\/\/alchemy-asia.com\/vi\/wp-content\/uploads\/sites\/3\/2017\/07\/WEBSITE-5.png","width":2480,"height":2480,"caption":"Bols Cr\u00e8me De Cassis"},{"@type":"BreadcrumbList","@id":"https:\/\/alchemy-asia.com\/vi\/san-pham\/bols-creme-de-cassis\/#breadcrumb","itemListElement":[{"@type":"ListItem","position":1,"name":"Home","item":"https:\/\/alchemy-asia.com\/vi\/"},{"@type":"ListItem","position":2,"name":"Bols Cr\u00e8me De Cassis"}]},{"@type":"WebSite","@id":"https:\/\/alchemy-asia.com\/vi\/#website","url":"https:\/\/alchemy-asia.com\/vi\/","name":"Alchemy Asia","description":"Just another Alchemy Asia Sites site","potentialAction":[{"@type":"SearchAction","target":{"@type":"EntryPoint","urlTemplate":"https:\/\/alchemy-asia.com\/vi\/?s={search_term_string}"},"query-input":"required name=search_term_string"}],"inLanguage":"vi"}]}},"_links":{"self":[{"href":"https:\/\/alchemy-asia.com\/vi\/wp-json\/wp\/v2\/product\/966","targetHints":{"allow":["GET"]}}],"collection":[{"href":"https:\/\/alchemy-asia.com\/vi\/wp-json\/wp\/v2\/product"}],"about":[{"href":"https:\/\/alchemy-asia.com\/vi\/wp-json\/wp\/v2\/types\/product"}],"replies":[{"embeddable":true,"href":"https:\/\/alchemy-asia.com\/vi\/wp-json\/wp\/v2\/comments?post=966"}],"wp:featuredmedia":[{"embeddable":true,"href":"https:\/\/alchemy-asia.com\/vi\/wp-json\/wp\/v2\/media\/8819"}],"wp:attachment":[{"href":"https:\/\/alchemy-asia.com\/vi\/wp-json\/wp\/v2\/media?parent=966"}],"wp:term":[{"taxonomy":"product_cat","embeddable":true,"href":"https:\/\/alchemy-asia.com\/vi\/wp-json\/wp\/v2\/product_cat?post=966"},{"taxonomy":"product_tag","embeddable":true,"href":"https:\/\/alchemy-asia.com\/vi\/wp-json\/wp\/v2\/product_tag?post=966"}],"curies":[{"name":"wp","href":"https:\/\/api.w.org\/{rel}","templated":true}]}}