{"id":975,"date":"2017-07-26T04:36:34","date_gmt":"2017-07-26T04:36:34","guid":{"rendered":"http:\/\/alchemy-asia.com\/vi\/?post_type=product&#038;p=975"},"modified":"2024-09-12T08:54:22","modified_gmt":"2024-09-12T08:54:22","slug":"bols-lychee","status":"publish","type":"product","link":"https:\/\/alchemy-asia.com\/vi\/san-pham\/bols-lychee\/","title":{"rendered":"Bols Lychee"},"content":{"rendered":"","protected":false},"excerpt":{"rendered":"<p>Bols Lychee n\u1eafm b\u1eaft tr\u1ecdn v\u1eb9n h\u01b0\u01a1ng v\u1ecb tr\u00e1i c\u00e2y \u0111\u1eadm \u0111\u00e0 c\u1ee7a tr\u00e1i v\u1ea3i thi\u1ec1u t\u01b0\u01a1i. Lo\u1ea1i r\u01b0\u1ee3u m\u00f9i v\u1ea3i n\u00e0y c\u00f3 m\u00f9i th\u01a1m v\u1ea3i m\u1ea1nh m\u1ebd pha ch\u00fat h\u01b0\u01a1ng hoa h\u1ed3ng, r\u1ea5t ph\u00f9 h\u1ee3p khi d\u00f9ng trong c\u00e1c lo\u1ea1i cocktail. H\u00e3y th\u1eed n\u00f3 \u1edf nh\u00e0 v\u1edbi ly cocktail Lychee Martini.<\/p>\n","protected":false},"featured_media":8827,"comment_status":"open","ping_status":"closed","template":"","meta":{"_acf_changed":false},"product_cat":[54],"product_tag":[],"class_list":{"0":"post-975","1":"product","2":"type-product","3":"status-publish","4":"has-post-thumbnail","6":"product_cat-liqueurs","7":"brand-lucas-bols","9":"first","10":"instock","11":"shipping-taxable","12":"product-type-simple"},"acf":[],"yoast_head":"<!-- This site is optimized with the Yoast SEO plugin v23.0 - https:\/\/yoast.com\/wordpress\/plugins\/seo\/ -->\n<title>Bols Lychee - Alchemy Asia<\/title>\n<meta name=\"robots\" content=\"index, follow, max-snippet:-1, max-image-preview:large, max-video-preview:-1\" \/>\n<link rel=\"canonical\" href=\"https:\/\/alchemy-asia.com\/vi\/san-pham\/bols-lychee\/\" \/>\n<meta property=\"og:locale\" content=\"vi_VN\" \/>\n<meta property=\"og:type\" content=\"article\" \/>\n<meta property=\"og:title\" content=\"Bols Lychee - Alchemy Asia\" \/>\n<meta property=\"og:description\" content=\"Bols Lychee n\u1eafm b\u1eaft tr\u1ecdn v\u1eb9n h\u01b0\u01a1ng v\u1ecb tr\u00e1i c\u00e2y \u0111\u1eadm \u0111\u00e0 c\u1ee7a tr\u00e1i v\u1ea3i thi\u1ec1u t\u01b0\u01a1i. Lo\u1ea1i r\u01b0\u1ee3u m\u00f9i v\u1ea3i n\u00e0y c\u00f3 m\u00f9i th\u01a1m v\u1ea3i m\u1ea1nh m\u1ebd pha ch\u00fat h\u01b0\u01a1ng hoa h\u1ed3ng, r\u1ea5t ph\u00f9 h\u1ee3p khi d\u00f9ng trong c\u00e1c lo\u1ea1i cocktail. H\u00e3y th\u1eed n\u00f3 \u1edf nh\u00e0 v\u1edbi ly cocktail Lychee Martini.\" \/>\n<meta property=\"og:url\" content=\"https:\/\/alchemy-asia.com\/vi\/san-pham\/bols-lychee\/\" \/>\n<meta property=\"og:site_name\" content=\"Alchemy Asia\" \/>\n<meta property=\"article:modified_time\" content=\"2024-09-12T08:54:22+00:00\" \/>\n<meta property=\"og:image\" content=\"https:\/\/alchemy-asia.com\/vi\/wp-content\/uploads\/sites\/3\/2017\/07\/WEBSITE-6-1024x1024.png\" \/>\n\t<meta property=\"og:image:width\" content=\"1024\" \/>\n\t<meta property=\"og:image:height\" content=\"1024\" \/>\n\t<meta property=\"og:image:type\" content=\"image\/png\" \/>\n<meta name=\"twitter:card\" content=\"summary_large_image\" \/>\n<meta name=\"twitter:label1\" content=\"\u01af\u1edbc t\u00ednh th\u1eddi gian \u0111\u1ecdc\" \/>\n\t<meta name=\"twitter:data1\" content=\"1 ph\u00fat\" \/>\n<script type=\"application\/ld+json\" class=\"yoast-schema-graph\">{\"@context\":\"https:\/\/schema.org\",\"@graph\":[{\"@type\":\"WebPage\",\"@id\":\"https:\/\/alchemy-asia.com\/vi\/san-pham\/bols-lychee\/\",\"url\":\"https:\/\/alchemy-asia.com\/vi\/san-pham\/bols-lychee\/\",\"name\":\"Bols Lychee - Alchemy Asia\",\"isPartOf\":{\"@id\":\"https:\/\/alchemy-asia.com\/vi\/#website\"},\"primaryImageOfPage\":{\"@id\":\"https:\/\/alchemy-asia.com\/vi\/san-pham\/bols-lychee\/#primaryimage\"},\"image\":{\"@id\":\"https:\/\/alchemy-asia.com\/vi\/san-pham\/bols-lychee\/#primaryimage\"},\"thumbnailUrl\":\"https:\/\/alchemy-asia.com\/vi\/wp-content\/uploads\/sites\/3\/2017\/07\/WEBSITE-6.png\",\"datePublished\":\"2017-07-26T04:36:34+00:00\",\"dateModified\":\"2024-09-12T08:54:22+00:00\",\"breadcrumb\":{\"@id\":\"https:\/\/alchemy-asia.com\/vi\/san-pham\/bols-lychee\/#breadcrumb\"},\"inLanguage\":\"vi\",\"potentialAction\":[{\"@type\":\"ReadAction\",\"target\":[\"https:\/\/alchemy-asia.com\/vi\/san-pham\/bols-lychee\/\"]}]},{\"@type\":\"ImageObject\",\"inLanguage\":\"vi\",\"@id\":\"https:\/\/alchemy-asia.com\/vi\/san-pham\/bols-lychee\/#primaryimage\",\"url\":\"https:\/\/alchemy-asia.com\/vi\/wp-content\/uploads\/sites\/3\/2017\/07\/WEBSITE-6.png\",\"contentUrl\":\"https:\/\/alchemy-asia.com\/vi\/wp-content\/uploads\/sites\/3\/2017\/07\/WEBSITE-6.png\",\"width\":2480,\"height\":2480,\"caption\":\"Bols Lychee\"},{\"@type\":\"BreadcrumbList\",\"@id\":\"https:\/\/alchemy-asia.com\/vi\/san-pham\/bols-lychee\/#breadcrumb\",\"itemListElement\":[{\"@type\":\"ListItem\",\"position\":1,\"name\":\"Home\",\"item\":\"https:\/\/alchemy-asia.com\/vi\/\"},{\"@type\":\"ListItem\",\"position\":2,\"name\":\"Bols Lychee\"}]},{\"@type\":\"WebSite\",\"@id\":\"https:\/\/alchemy-asia.com\/vi\/#website\",\"url\":\"https:\/\/alchemy-asia.com\/vi\/\",\"name\":\"Alchemy Asia\",\"description\":\"Just another Alchemy Asia Sites site\",\"potentialAction\":[{\"@type\":\"SearchAction\",\"target\":{\"@type\":\"EntryPoint\",\"urlTemplate\":\"https:\/\/alchemy-asia.com\/vi\/?s={search_term_string}\"},\"query-input\":\"required name=search_term_string\"}],\"inLanguage\":\"vi\"}]}<\/script>\n<!-- \/ Yoast SEO plugin. -->","yoast_head_json":{"title":"Bols Lychee - Alchemy Asia","robots":{"index":"index","follow":"follow","max-snippet":"max-snippet:-1","max-image-preview":"max-image-preview:large","max-video-preview":"max-video-preview:-1"},"canonical":"https:\/\/alchemy-asia.com\/vi\/san-pham\/bols-lychee\/","og_locale":"vi_VN","og_type":"article","og_title":"Bols Lychee - Alchemy Asia","og_description":"Bols Lychee n\u1eafm b\u1eaft tr\u1ecdn v\u1eb9n h\u01b0\u01a1ng v\u1ecb tr\u00e1i c\u00e2y \u0111\u1eadm \u0111\u00e0 c\u1ee7a tr\u00e1i v\u1ea3i thi\u1ec1u t\u01b0\u01a1i. Lo\u1ea1i r\u01b0\u1ee3u m\u00f9i v\u1ea3i n\u00e0y c\u00f3 m\u00f9i th\u01a1m v\u1ea3i m\u1ea1nh m\u1ebd pha ch\u00fat h\u01b0\u01a1ng hoa h\u1ed3ng, r\u1ea5t ph\u00f9 h\u1ee3p khi d\u00f9ng trong c\u00e1c lo\u1ea1i cocktail. H\u00e3y th\u1eed n\u00f3 \u1edf nh\u00e0 v\u1edbi ly cocktail Lychee Martini.","og_url":"https:\/\/alchemy-asia.com\/vi\/san-pham\/bols-lychee\/","og_site_name":"Alchemy Asia","article_modified_time":"2024-09-12T08:54:22+00:00","og_image":[{"width":1024,"height":1024,"url":"https:\/\/alchemy-asia.com\/vi\/wp-content\/uploads\/sites\/3\/2017\/07\/WEBSITE-6-1024x1024.png","type":"image\/png"}],"twitter_card":"summary_large_image","twitter_misc":{"\u01af\u1edbc t\u00ednh th\u1eddi gian \u0111\u1ecdc":"1 ph\u00fat"},"schema":{"@context":"https:\/\/schema.org","@graph":[{"@type":"WebPage","@id":"https:\/\/alchemy-asia.com\/vi\/san-pham\/bols-lychee\/","url":"https:\/\/alchemy-asia.com\/vi\/san-pham\/bols-lychee\/","name":"Bols Lychee - Alchemy Asia","isPartOf":{"@id":"https:\/\/alchemy-asia.com\/vi\/#website"},"primaryImageOfPage":{"@id":"https:\/\/alchemy-asia.com\/vi\/san-pham\/bols-lychee\/#primaryimage"},"image":{"@id":"https:\/\/alchemy-asia.com\/vi\/san-pham\/bols-lychee\/#primaryimage"},"thumbnailUrl":"https:\/\/alchemy-asia.com\/vi\/wp-content\/uploads\/sites\/3\/2017\/07\/WEBSITE-6.png","datePublished":"2017-07-26T04:36:34+00:00","dateModified":"2024-09-12T08:54:22+00:00","breadcrumb":{"@id":"https:\/\/alchemy-asia.com\/vi\/san-pham\/bols-lychee\/#breadcrumb"},"inLanguage":"vi","potentialAction":[{"@type":"ReadAction","target":["https:\/\/alchemy-asia.com\/vi\/san-pham\/bols-lychee\/"]}]},{"@type":"ImageObject","inLanguage":"vi","@id":"https:\/\/alchemy-asia.com\/vi\/san-pham\/bols-lychee\/#primaryimage","url":"https:\/\/alchemy-asia.com\/vi\/wp-content\/uploads\/sites\/3\/2017\/07\/WEBSITE-6.png","contentUrl":"https:\/\/alchemy-asia.com\/vi\/wp-content\/uploads\/sites\/3\/2017\/07\/WEBSITE-6.png","width":2480,"height":2480,"caption":"Bols Lychee"},{"@type":"BreadcrumbList","@id":"https:\/\/alchemy-asia.com\/vi\/san-pham\/bols-lychee\/#breadcrumb","itemListElement":[{"@type":"ListItem","position":1,"name":"Home","item":"https:\/\/alchemy-asia.com\/vi\/"},{"@type":"ListItem","position":2,"name":"Bols Lychee"}]},{"@type":"WebSite","@id":"https:\/\/alchemy-asia.com\/vi\/#website","url":"https:\/\/alchemy-asia.com\/vi\/","name":"Alchemy Asia","description":"Just another Alchemy Asia Sites site","potentialAction":[{"@type":"SearchAction","target":{"@type":"EntryPoint","urlTemplate":"https:\/\/alchemy-asia.com\/vi\/?s={search_term_string}"},"query-input":"required name=search_term_string"}],"inLanguage":"vi"}]}},"_links":{"self":[{"href":"https:\/\/alchemy-asia.com\/vi\/wp-json\/wp\/v2\/product\/975","targetHints":{"allow":["GET"]}}],"collection":[{"href":"https:\/\/alchemy-asia.com\/vi\/wp-json\/wp\/v2\/product"}],"about":[{"href":"https:\/\/alchemy-asia.com\/vi\/wp-json\/wp\/v2\/types\/product"}],"replies":[{"embeddable":true,"href":"https:\/\/alchemy-asia.com\/vi\/wp-json\/wp\/v2\/comments?post=975"}],"wp:featuredmedia":[{"embeddable":true,"href":"https:\/\/alchemy-asia.com\/vi\/wp-json\/wp\/v2\/media\/8827"}],"wp:attachment":[{"href":"https:\/\/alchemy-asia.com\/vi\/wp-json\/wp\/v2\/media?parent=975"}],"wp:term":[{"taxonomy":"product_cat","embeddable":true,"href":"https:\/\/alchemy-asia.com\/vi\/wp-json\/wp\/v2\/product_cat?post=975"},{"taxonomy":"product_tag","embeddable":true,"href":"https:\/\/alchemy-asia.com\/vi\/wp-json\/wp\/v2\/product_tag?post=975"}],"curies":[{"name":"wp","href":"https:\/\/api.w.org\/{rel}","templated":true}]}}