{"id":978,"date":"2017-07-26T04:38:29","date_gmt":"2017-07-26T04:38:29","guid":{"rendered":"http:\/\/alchemy-asia.com\/vi\/?post_type=product&#038;p=978"},"modified":"2024-09-12T08:52:13","modified_gmt":"2024-09-12T08:52:13","slug":"bols-melon","status":"publish","type":"product","link":"https:\/\/alchemy-asia.com\/vi\/san-pham\/bols-melon\/","title":{"rendered":"Bols Melon"},"content":{"rendered":"","protected":false},"excerpt":{"rendered":"<p>Lo\u1ea1i r\u01b0\u1ee3u m\u00f9i m\u00e0u xanh ng\u1ecdc l\u1ee5c b\u1ea3o n\u00e0y mang h\u01b0\u01a1ng v\u1ecb c\u1ee7a d\u01b0a t\u01b0\u01a1i. N\u00f3 mang l\u1ea1i h\u01b0\u01a1ng d\u01b0a, v\u1edbi v\u1ecb ng\u1ecdt d\u1ec5 ch\u1ecbu v\u00e0 d\u01b0 v\u1ecb tr\u00e1i c\u00e2y tuy\u1ec7t v\u1eddi. \u0110\u01b0\u1ee3c t\u00f4n vinh b\u1edfi nh\u1eefng ng\u01b0\u1eddi y\u00eau th\u00edch cocktail tr\u00ean to\u00e0n c\u1ea7u v\u00e0 th\u1eadt tuy\u1ec7t v\u1eddi khi pha ch\u1ebf cocktail t\u1ea1i nh\u00e0.<\/p>\n","protected":false},"featured_media":8831,"comment_status":"open","ping_status":"closed","template":"","meta":{"_acf_changed":false},"product_cat":[54],"product_tag":[],"class_list":{"0":"post-978","1":"product","2":"type-product","3":"status-publish","4":"has-post-thumbnail","6":"product_cat-liqueurs","7":"brand-lucas-bols","9":"first","10":"instock","11":"shipping-taxable","12":"product-type-simple"},"acf":[],"yoast_head":"<!-- This site is optimized with the Yoast SEO plugin v23.0 - https:\/\/yoast.com\/wordpress\/plugins\/seo\/ -->\n<title>Bols Melon - Alchemy Asia<\/title>\n<meta name=\"robots\" content=\"index, follow, max-snippet:-1, max-image-preview:large, max-video-preview:-1\" \/>\n<link rel=\"canonical\" href=\"https:\/\/alchemy-asia.com\/vi\/san-pham\/bols-melon\/\" \/>\n<meta property=\"og:locale\" content=\"vi_VN\" \/>\n<meta property=\"og:type\" content=\"article\" \/>\n<meta property=\"og:title\" content=\"Bols Melon - Alchemy Asia\" \/>\n<meta property=\"og:description\" content=\"Lo\u1ea1i r\u01b0\u1ee3u m\u00f9i m\u00e0u xanh ng\u1ecdc l\u1ee5c b\u1ea3o n\u00e0y mang h\u01b0\u01a1ng v\u1ecb c\u1ee7a d\u01b0a t\u01b0\u01a1i. N\u00f3 mang l\u1ea1i h\u01b0\u01a1ng d\u01b0a, v\u1edbi v\u1ecb ng\u1ecdt d\u1ec5 ch\u1ecbu v\u00e0 d\u01b0 v\u1ecb tr\u00e1i c\u00e2y tuy\u1ec7t v\u1eddi. \u0110\u01b0\u1ee3c t\u00f4n vinh b\u1edfi nh\u1eefng ng\u01b0\u1eddi y\u00eau th\u00edch cocktail tr\u00ean to\u00e0n c\u1ea7u v\u00e0 th\u1eadt tuy\u1ec7t v\u1eddi khi pha ch\u1ebf cocktail t\u1ea1i nh\u00e0.\" \/>\n<meta property=\"og:url\" content=\"https:\/\/alchemy-asia.com\/vi\/san-pham\/bols-melon\/\" \/>\n<meta property=\"og:site_name\" content=\"Alchemy Asia\" \/>\n<meta property=\"article:modified_time\" content=\"2024-09-12T08:52:13+00:00\" \/>\n<meta property=\"og:image\" content=\"https:\/\/alchemy-asia.com\/vi\/wp-content\/uploads\/sites\/3\/2017\/07\/WEBSITE-7-1024x1024.png\" \/>\n\t<meta property=\"og:image:width\" content=\"1024\" \/>\n\t<meta property=\"og:image:height\" content=\"1024\" \/>\n\t<meta property=\"og:image:type\" content=\"image\/png\" \/>\n<meta name=\"twitter:card\" content=\"summary_large_image\" \/>\n<meta name=\"twitter:label1\" content=\"\u01af\u1edbc t\u00ednh th\u1eddi gian \u0111\u1ecdc\" \/>\n\t<meta name=\"twitter:data1\" content=\"1 ph\u00fat\" \/>\n<script type=\"application\/ld+json\" class=\"yoast-schema-graph\">{\"@context\":\"https:\/\/schema.org\",\"@graph\":[{\"@type\":\"WebPage\",\"@id\":\"https:\/\/alchemy-asia.com\/vi\/san-pham\/bols-melon\/\",\"url\":\"https:\/\/alchemy-asia.com\/vi\/san-pham\/bols-melon\/\",\"name\":\"Bols Melon - Alchemy Asia\",\"isPartOf\":{\"@id\":\"https:\/\/alchemy-asia.com\/vi\/#website\"},\"primaryImageOfPage\":{\"@id\":\"https:\/\/alchemy-asia.com\/vi\/san-pham\/bols-melon\/#primaryimage\"},\"image\":{\"@id\":\"https:\/\/alchemy-asia.com\/vi\/san-pham\/bols-melon\/#primaryimage\"},\"thumbnailUrl\":\"https:\/\/alchemy-asia.com\/vi\/wp-content\/uploads\/sites\/3\/2017\/07\/WEBSITE-7.png\",\"datePublished\":\"2017-07-26T04:38:29+00:00\",\"dateModified\":\"2024-09-12T08:52:13+00:00\",\"breadcrumb\":{\"@id\":\"https:\/\/alchemy-asia.com\/vi\/san-pham\/bols-melon\/#breadcrumb\"},\"inLanguage\":\"vi\",\"potentialAction\":[{\"@type\":\"ReadAction\",\"target\":[\"https:\/\/alchemy-asia.com\/vi\/san-pham\/bols-melon\/\"]}]},{\"@type\":\"ImageObject\",\"inLanguage\":\"vi\",\"@id\":\"https:\/\/alchemy-asia.com\/vi\/san-pham\/bols-melon\/#primaryimage\",\"url\":\"https:\/\/alchemy-asia.com\/vi\/wp-content\/uploads\/sites\/3\/2017\/07\/WEBSITE-7.png\",\"contentUrl\":\"https:\/\/alchemy-asia.com\/vi\/wp-content\/uploads\/sites\/3\/2017\/07\/WEBSITE-7.png\",\"width\":2480,\"height\":2480,\"caption\":\"Bols Melon\"},{\"@type\":\"BreadcrumbList\",\"@id\":\"https:\/\/alchemy-asia.com\/vi\/san-pham\/bols-melon\/#breadcrumb\",\"itemListElement\":[{\"@type\":\"ListItem\",\"position\":1,\"name\":\"Home\",\"item\":\"https:\/\/alchemy-asia.com\/vi\/\"},{\"@type\":\"ListItem\",\"position\":2,\"name\":\"Bols Melon\"}]},{\"@type\":\"WebSite\",\"@id\":\"https:\/\/alchemy-asia.com\/vi\/#website\",\"url\":\"https:\/\/alchemy-asia.com\/vi\/\",\"name\":\"Alchemy Asia\",\"description\":\"Just another Alchemy Asia Sites site\",\"potentialAction\":[{\"@type\":\"SearchAction\",\"target\":{\"@type\":\"EntryPoint\",\"urlTemplate\":\"https:\/\/alchemy-asia.com\/vi\/?s={search_term_string}\"},\"query-input\":\"required name=search_term_string\"}],\"inLanguage\":\"vi\"}]}<\/script>\n<!-- \/ Yoast SEO plugin. -->","yoast_head_json":{"title":"Bols Melon - Alchemy Asia","robots":{"index":"index","follow":"follow","max-snippet":"max-snippet:-1","max-image-preview":"max-image-preview:large","max-video-preview":"max-video-preview:-1"},"canonical":"https:\/\/alchemy-asia.com\/vi\/san-pham\/bols-melon\/","og_locale":"vi_VN","og_type":"article","og_title":"Bols Melon - Alchemy Asia","og_description":"Lo\u1ea1i r\u01b0\u1ee3u m\u00f9i m\u00e0u xanh ng\u1ecdc l\u1ee5c b\u1ea3o n\u00e0y mang h\u01b0\u01a1ng v\u1ecb c\u1ee7a d\u01b0a t\u01b0\u01a1i. N\u00f3 mang l\u1ea1i h\u01b0\u01a1ng d\u01b0a, v\u1edbi v\u1ecb ng\u1ecdt d\u1ec5 ch\u1ecbu v\u00e0 d\u01b0 v\u1ecb tr\u00e1i c\u00e2y tuy\u1ec7t v\u1eddi. \u0110\u01b0\u1ee3c t\u00f4n vinh b\u1edfi nh\u1eefng ng\u01b0\u1eddi y\u00eau th\u00edch cocktail tr\u00ean to\u00e0n c\u1ea7u v\u00e0 th\u1eadt tuy\u1ec7t v\u1eddi khi pha ch\u1ebf cocktail t\u1ea1i nh\u00e0.","og_url":"https:\/\/alchemy-asia.com\/vi\/san-pham\/bols-melon\/","og_site_name":"Alchemy Asia","article_modified_time":"2024-09-12T08:52:13+00:00","og_image":[{"width":1024,"height":1024,"url":"https:\/\/alchemy-asia.com\/vi\/wp-content\/uploads\/sites\/3\/2017\/07\/WEBSITE-7-1024x1024.png","type":"image\/png"}],"twitter_card":"summary_large_image","twitter_misc":{"\u01af\u1edbc t\u00ednh th\u1eddi gian \u0111\u1ecdc":"1 ph\u00fat"},"schema":{"@context":"https:\/\/schema.org","@graph":[{"@type":"WebPage","@id":"https:\/\/alchemy-asia.com\/vi\/san-pham\/bols-melon\/","url":"https:\/\/alchemy-asia.com\/vi\/san-pham\/bols-melon\/","name":"Bols Melon - Alchemy Asia","isPartOf":{"@id":"https:\/\/alchemy-asia.com\/vi\/#website"},"primaryImageOfPage":{"@id":"https:\/\/alchemy-asia.com\/vi\/san-pham\/bols-melon\/#primaryimage"},"image":{"@id":"https:\/\/alchemy-asia.com\/vi\/san-pham\/bols-melon\/#primaryimage"},"thumbnailUrl":"https:\/\/alchemy-asia.com\/vi\/wp-content\/uploads\/sites\/3\/2017\/07\/WEBSITE-7.png","datePublished":"2017-07-26T04:38:29+00:00","dateModified":"2024-09-12T08:52:13+00:00","breadcrumb":{"@id":"https:\/\/alchemy-asia.com\/vi\/san-pham\/bols-melon\/#breadcrumb"},"inLanguage":"vi","potentialAction":[{"@type":"ReadAction","target":["https:\/\/alchemy-asia.com\/vi\/san-pham\/bols-melon\/"]}]},{"@type":"ImageObject","inLanguage":"vi","@id":"https:\/\/alchemy-asia.com\/vi\/san-pham\/bols-melon\/#primaryimage","url":"https:\/\/alchemy-asia.com\/vi\/wp-content\/uploads\/sites\/3\/2017\/07\/WEBSITE-7.png","contentUrl":"https:\/\/alchemy-asia.com\/vi\/wp-content\/uploads\/sites\/3\/2017\/07\/WEBSITE-7.png","width":2480,"height":2480,"caption":"Bols Melon"},{"@type":"BreadcrumbList","@id":"https:\/\/alchemy-asia.com\/vi\/san-pham\/bols-melon\/#breadcrumb","itemListElement":[{"@type":"ListItem","position":1,"name":"Home","item":"https:\/\/alchemy-asia.com\/vi\/"},{"@type":"ListItem","position":2,"name":"Bols Melon"}]},{"@type":"WebSite","@id":"https:\/\/alchemy-asia.com\/vi\/#website","url":"https:\/\/alchemy-asia.com\/vi\/","name":"Alchemy Asia","description":"Just another Alchemy Asia Sites site","potentialAction":[{"@type":"SearchAction","target":{"@type":"EntryPoint","urlTemplate":"https:\/\/alchemy-asia.com\/vi\/?s={search_term_string}"},"query-input":"required name=search_term_string"}],"inLanguage":"vi"}]}},"_links":{"self":[{"href":"https:\/\/alchemy-asia.com\/vi\/wp-json\/wp\/v2\/product\/978","targetHints":{"allow":["GET"]}}],"collection":[{"href":"https:\/\/alchemy-asia.com\/vi\/wp-json\/wp\/v2\/product"}],"about":[{"href":"https:\/\/alchemy-asia.com\/vi\/wp-json\/wp\/v2\/types\/product"}],"replies":[{"embeddable":true,"href":"https:\/\/alchemy-asia.com\/vi\/wp-json\/wp\/v2\/comments?post=978"}],"wp:featuredmedia":[{"embeddable":true,"href":"https:\/\/alchemy-asia.com\/vi\/wp-json\/wp\/v2\/media\/8831"}],"wp:attachment":[{"href":"https:\/\/alchemy-asia.com\/vi\/wp-json\/wp\/v2\/media?parent=978"}],"wp:term":[{"taxonomy":"product_cat","embeddable":true,"href":"https:\/\/alchemy-asia.com\/vi\/wp-json\/wp\/v2\/product_cat?post=978"},{"taxonomy":"product_tag","embeddable":true,"href":"https:\/\/alchemy-asia.com\/vi\/wp-json\/wp\/v2\/product_tag?post=978"}],"curies":[{"name":"wp","href":"https:\/\/api.w.org\/{rel}","templated":true}]}}