{"id":981,"date":"2017-07-26T04:40:17","date_gmt":"2017-07-26T04:40:17","guid":{"rendered":"http:\/\/alchemy-asia.com\/vi\/?post_type=product&#038;p=981"},"modified":"2024-09-12T08:51:42","modified_gmt":"2024-09-12T08:51:42","slug":"bols-peach","status":"publish","type":"product","link":"https:\/\/alchemy-asia.com\/vi\/san-pham\/bols-peach\/","title":{"rendered":"Bols Peach"},"content":{"rendered":"","protected":false},"excerpt":{"rendered":"<p><span data-sheets-root=\"1\" data-sheets-value=\"{&quot;1&quot;:2,&quot;2&quot;:&quot;Lo\u1ea1i r\u01b0\u1ee3u m\u00f9i \u0111\u00e0o t\u01b0\u01a1i m\u00e1t, n\u1ed5i b\u1eadt \u0111\u01b0\u1ee3c h\u01b0\u01a1ng th\u01a1m n\u1ed3ng n\u00e0n c\u1ee7a nh\u1eefng tr\u00e1i \u0111\u00e0o ch\u00edn m\u1ecdng. Gi\u1ed1ng nh\u01b0 c\u1eafn m\u1ed9t mi\u1ebfng tr\u00e1i c\u00e2y ch\u00edn m\u1ecdng, m\u1ecdng n\u01b0\u1edbc. R\u01b0\u1ee3u m\u00f9i Bols Peach c\u00f3 m\u00e0u trong su\u1ed1t s\u1ea1ch s\u1ebd v\u00e0 \u0111\u01b0\u1ee3c l\u00e0m ho\u00e0n to\u00e0n t\u1eeb nh\u1eefng nguy\u00ean li\u1ec7u t\u1ef1 nhi\u00ean t\u1ed1t nh\u1ea5t. &quot;}\" data-sheets-userformat=\"{&quot;2&quot;:7165,&quot;3&quot;:{&quot;1&quot;:0},&quot;5&quot;:{&quot;1&quot;:[{&quot;1&quot;:2,&quot;2&quot;:0,&quot;5&quot;:{&quot;1&quot;:2,&quot;2&quot;:0}},{&quot;1&quot;:0,&quot;2&quot;:0,&quot;3&quot;:3},{&quot;1&quot;:1,&quot;2&quot;:0,&quot;4&quot;:1}]},&quot;6&quot;:{&quot;1&quot;:[{&quot;1&quot;:2,&quot;2&quot;:0,&quot;5&quot;:{&quot;1&quot;:2,&quot;2&quot;:0}},{&quot;1&quot;:0,&quot;2&quot;:0,&quot;3&quot;:3},{&quot;1&quot;:1,&quot;2&quot;:0,&quot;4&quot;:1}]},&quot;7&quot;:{&quot;1&quot;:[{&quot;1&quot;:2,&quot;2&quot;:0,&quot;5&quot;:{&quot;1&quot;:2,&quot;2&quot;:0}},{&quot;1&quot;:0,&quot;2&quot;:0,&quot;3&quot;:3},{&quot;1&quot;:1,&quot;2&quot;:0,&quot;4&quot;:1}]},&quot;8&quot;:{&quot;1&quot;:[{&quot;1&quot;:2,&quot;2&quot;:0,&quot;5&quot;:{&quot;1&quot;:2,&quot;2&quot;:0}},{&quot;1&quot;:0,&quot;2&quot;:0,&quot;3&quot;:3},{&quot;1&quot;:1,&quot;2&quot;:0,&quot;4&quot;:1}]},&quot;9&quot;:0,&quot;10&quot;:1,&quot;11&quot;:4,&quot;12&quot;:0,&quot;14&quot;:{&quot;1&quot;:2,&quot;2&quot;:0},&quot;15&quot;:&quot;Arial, sans-serif&quot;}\">Lo\u1ea1i r\u01b0\u1ee3u m\u00f9i \u0111\u00e0o t\u01b0\u01a1i m\u00e1t, n\u1ed5i b\u1eadt \u0111\u01b0\u1ee3c h\u01b0\u01a1ng th\u01a1m n\u1ed3ng n\u00e0n c\u1ee7a nh\u1eefng tr\u00e1i \u0111\u00e0o ch\u00edn m\u1ecdng. Gi\u1ed1ng nh\u01b0 c\u1eafn m\u1ed9t mi\u1ebfng tr\u00e1i c\u00e2y ch\u00edn m\u1ecdng, m\u1ecdng n\u01b0\u1edbc. R\u01b0\u1ee3u m\u00f9i Bols Peach c\u00f3 m\u00e0u trong su\u1ed1t s\u1ea1ch s\u1ebd v\u00e0 \u0111\u01b0\u1ee3c l\u00e0m ho\u00e0n to\u00e0n t\u1eeb nh\u1eefng nguy\u00ean li\u1ec7u t\u1ef1 nhi\u00ean t\u1ed1t nh\u1ea5t. <\/span><\/p>\n","protected":false},"featured_media":8832,"comment_status":"open","ping_status":"closed","template":"","meta":{"_acf_changed":false},"product_cat":[54],"product_tag":[],"class_list":{"0":"post-981","1":"product","2":"type-product","3":"status-publish","4":"has-post-thumbnail","6":"product_cat-liqueurs","7":"brand-lucas-bols","9":"first","10":"instock","11":"shipping-taxable","12":"product-type-simple"},"acf":[],"yoast_head":"<!-- This site is optimized with the Yoast SEO plugin v23.0 - https:\/\/yoast.com\/wordpress\/plugins\/seo\/ -->\n<title>Bols Peach - Alchemy Asia<\/title>\n<meta name=\"robots\" content=\"index, follow, max-snippet:-1, max-image-preview:large, max-video-preview:-1\" \/>\n<link rel=\"canonical\" href=\"https:\/\/alchemy-asia.com\/vi\/san-pham\/bols-peach\/\" \/>\n<meta property=\"og:locale\" content=\"vi_VN\" \/>\n<meta property=\"og:type\" content=\"article\" \/>\n<meta property=\"og:title\" content=\"Bols Peach - Alchemy Asia\" \/>\n<meta property=\"og:description\" content=\"Lo\u1ea1i r\u01b0\u1ee3u m\u00f9i \u0111\u00e0o t\u01b0\u01a1i m\u00e1t, n\u1ed5i b\u1eadt \u0111\u01b0\u1ee3c h\u01b0\u01a1ng th\u01a1m n\u1ed3ng n\u00e0n c\u1ee7a nh\u1eefng tr\u00e1i \u0111\u00e0o ch\u00edn m\u1ecdng. Gi\u1ed1ng nh\u01b0 c\u1eafn m\u1ed9t mi\u1ebfng tr\u00e1i c\u00e2y ch\u00edn m\u1ecdng, m\u1ecdng n\u01b0\u1edbc. R\u01b0\u1ee3u m\u00f9i Bols Peach c\u00f3 m\u00e0u trong su\u1ed1t s\u1ea1ch s\u1ebd v\u00e0 \u0111\u01b0\u1ee3c l\u00e0m ho\u00e0n to\u00e0n t\u1eeb nh\u1eefng nguy\u00ean li\u1ec7u t\u1ef1 nhi\u00ean t\u1ed1t nh\u1ea5t.\" \/>\n<meta property=\"og:url\" content=\"https:\/\/alchemy-asia.com\/vi\/san-pham\/bols-peach\/\" \/>\n<meta property=\"og:site_name\" content=\"Alchemy Asia\" \/>\n<meta property=\"article:modified_time\" content=\"2024-09-12T08:51:42+00:00\" \/>\n<meta property=\"og:image\" content=\"https:\/\/alchemy-asia.com\/vi\/wp-content\/uploads\/sites\/3\/2017\/07\/WEBSITE-8-1024x1024.png\" \/>\n\t<meta property=\"og:image:width\" content=\"1024\" \/>\n\t<meta property=\"og:image:height\" content=\"1024\" \/>\n\t<meta property=\"og:image:type\" content=\"image\/png\" \/>\n<meta name=\"twitter:card\" content=\"summary_large_image\" \/>\n<meta name=\"twitter:label1\" content=\"\u01af\u1edbc t\u00ednh th\u1eddi gian \u0111\u1ecdc\" \/>\n\t<meta name=\"twitter:data1\" content=\"1 ph\u00fat\" \/>\n<script type=\"application\/ld+json\" class=\"yoast-schema-graph\">{\"@context\":\"https:\/\/schema.org\",\"@graph\":[{\"@type\":\"WebPage\",\"@id\":\"https:\/\/alchemy-asia.com\/vi\/san-pham\/bols-peach\/\",\"url\":\"https:\/\/alchemy-asia.com\/vi\/san-pham\/bols-peach\/\",\"name\":\"Bols Peach - Alchemy Asia\",\"isPartOf\":{\"@id\":\"https:\/\/alchemy-asia.com\/vi\/#website\"},\"primaryImageOfPage\":{\"@id\":\"https:\/\/alchemy-asia.com\/vi\/san-pham\/bols-peach\/#primaryimage\"},\"image\":{\"@id\":\"https:\/\/alchemy-asia.com\/vi\/san-pham\/bols-peach\/#primaryimage\"},\"thumbnailUrl\":\"https:\/\/alchemy-asia.com\/vi\/wp-content\/uploads\/sites\/3\/2017\/07\/WEBSITE-8.png\",\"datePublished\":\"2017-07-26T04:40:17+00:00\",\"dateModified\":\"2024-09-12T08:51:42+00:00\",\"breadcrumb\":{\"@id\":\"https:\/\/alchemy-asia.com\/vi\/san-pham\/bols-peach\/#breadcrumb\"},\"inLanguage\":\"vi\",\"potentialAction\":[{\"@type\":\"ReadAction\",\"target\":[\"https:\/\/alchemy-asia.com\/vi\/san-pham\/bols-peach\/\"]}]},{\"@type\":\"ImageObject\",\"inLanguage\":\"vi\",\"@id\":\"https:\/\/alchemy-asia.com\/vi\/san-pham\/bols-peach\/#primaryimage\",\"url\":\"https:\/\/alchemy-asia.com\/vi\/wp-content\/uploads\/sites\/3\/2017\/07\/WEBSITE-8.png\",\"contentUrl\":\"https:\/\/alchemy-asia.com\/vi\/wp-content\/uploads\/sites\/3\/2017\/07\/WEBSITE-8.png\",\"width\":2480,\"height\":2480,\"caption\":\"Bols Peach\"},{\"@type\":\"BreadcrumbList\",\"@id\":\"https:\/\/alchemy-asia.com\/vi\/san-pham\/bols-peach\/#breadcrumb\",\"itemListElement\":[{\"@type\":\"ListItem\",\"position\":1,\"name\":\"Home\",\"item\":\"https:\/\/alchemy-asia.com\/vi\/\"},{\"@type\":\"ListItem\",\"position\":2,\"name\":\"Bols Peach\"}]},{\"@type\":\"WebSite\",\"@id\":\"https:\/\/alchemy-asia.com\/vi\/#website\",\"url\":\"https:\/\/alchemy-asia.com\/vi\/\",\"name\":\"Alchemy Asia\",\"description\":\"Just another Alchemy Asia Sites site\",\"potentialAction\":[{\"@type\":\"SearchAction\",\"target\":{\"@type\":\"EntryPoint\",\"urlTemplate\":\"https:\/\/alchemy-asia.com\/vi\/?s={search_term_string}\"},\"query-input\":\"required name=search_term_string\"}],\"inLanguage\":\"vi\"}]}<\/script>\n<!-- \/ Yoast SEO plugin. -->","yoast_head_json":{"title":"Bols Peach - Alchemy Asia","robots":{"index":"index","follow":"follow","max-snippet":"max-snippet:-1","max-image-preview":"max-image-preview:large","max-video-preview":"max-video-preview:-1"},"canonical":"https:\/\/alchemy-asia.com\/vi\/san-pham\/bols-peach\/","og_locale":"vi_VN","og_type":"article","og_title":"Bols Peach - Alchemy Asia","og_description":"Lo\u1ea1i r\u01b0\u1ee3u m\u00f9i \u0111\u00e0o t\u01b0\u01a1i m\u00e1t, n\u1ed5i b\u1eadt \u0111\u01b0\u1ee3c h\u01b0\u01a1ng th\u01a1m n\u1ed3ng n\u00e0n c\u1ee7a nh\u1eefng tr\u00e1i \u0111\u00e0o ch\u00edn m\u1ecdng. Gi\u1ed1ng nh\u01b0 c\u1eafn m\u1ed9t mi\u1ebfng tr\u00e1i c\u00e2y ch\u00edn m\u1ecdng, m\u1ecdng n\u01b0\u1edbc. R\u01b0\u1ee3u m\u00f9i Bols Peach c\u00f3 m\u00e0u trong su\u1ed1t s\u1ea1ch s\u1ebd v\u00e0 \u0111\u01b0\u1ee3c l\u00e0m ho\u00e0n to\u00e0n t\u1eeb nh\u1eefng nguy\u00ean li\u1ec7u t\u1ef1 nhi\u00ean t\u1ed1t nh\u1ea5t.","og_url":"https:\/\/alchemy-asia.com\/vi\/san-pham\/bols-peach\/","og_site_name":"Alchemy Asia","article_modified_time":"2024-09-12T08:51:42+00:00","og_image":[{"width":1024,"height":1024,"url":"https:\/\/alchemy-asia.com\/vi\/wp-content\/uploads\/sites\/3\/2017\/07\/WEBSITE-8-1024x1024.png","type":"image\/png"}],"twitter_card":"summary_large_image","twitter_misc":{"\u01af\u1edbc t\u00ednh th\u1eddi gian \u0111\u1ecdc":"1 ph\u00fat"},"schema":{"@context":"https:\/\/schema.org","@graph":[{"@type":"WebPage","@id":"https:\/\/alchemy-asia.com\/vi\/san-pham\/bols-peach\/","url":"https:\/\/alchemy-asia.com\/vi\/san-pham\/bols-peach\/","name":"Bols Peach - Alchemy Asia","isPartOf":{"@id":"https:\/\/alchemy-asia.com\/vi\/#website"},"primaryImageOfPage":{"@id":"https:\/\/alchemy-asia.com\/vi\/san-pham\/bols-peach\/#primaryimage"},"image":{"@id":"https:\/\/alchemy-asia.com\/vi\/san-pham\/bols-peach\/#primaryimage"},"thumbnailUrl":"https:\/\/alchemy-asia.com\/vi\/wp-content\/uploads\/sites\/3\/2017\/07\/WEBSITE-8.png","datePublished":"2017-07-26T04:40:17+00:00","dateModified":"2024-09-12T08:51:42+00:00","breadcrumb":{"@id":"https:\/\/alchemy-asia.com\/vi\/san-pham\/bols-peach\/#breadcrumb"},"inLanguage":"vi","potentialAction":[{"@type":"ReadAction","target":["https:\/\/alchemy-asia.com\/vi\/san-pham\/bols-peach\/"]}]},{"@type":"ImageObject","inLanguage":"vi","@id":"https:\/\/alchemy-asia.com\/vi\/san-pham\/bols-peach\/#primaryimage","url":"https:\/\/alchemy-asia.com\/vi\/wp-content\/uploads\/sites\/3\/2017\/07\/WEBSITE-8.png","contentUrl":"https:\/\/alchemy-asia.com\/vi\/wp-content\/uploads\/sites\/3\/2017\/07\/WEBSITE-8.png","width":2480,"height":2480,"caption":"Bols Peach"},{"@type":"BreadcrumbList","@id":"https:\/\/alchemy-asia.com\/vi\/san-pham\/bols-peach\/#breadcrumb","itemListElement":[{"@type":"ListItem","position":1,"name":"Home","item":"https:\/\/alchemy-asia.com\/vi\/"},{"@type":"ListItem","position":2,"name":"Bols Peach"}]},{"@type":"WebSite","@id":"https:\/\/alchemy-asia.com\/vi\/#website","url":"https:\/\/alchemy-asia.com\/vi\/","name":"Alchemy Asia","description":"Just another Alchemy Asia Sites site","potentialAction":[{"@type":"SearchAction","target":{"@type":"EntryPoint","urlTemplate":"https:\/\/alchemy-asia.com\/vi\/?s={search_term_string}"},"query-input":"required name=search_term_string"}],"inLanguage":"vi"}]}},"_links":{"self":[{"href":"https:\/\/alchemy-asia.com\/vi\/wp-json\/wp\/v2\/product\/981","targetHints":{"allow":["GET"]}}],"collection":[{"href":"https:\/\/alchemy-asia.com\/vi\/wp-json\/wp\/v2\/product"}],"about":[{"href":"https:\/\/alchemy-asia.com\/vi\/wp-json\/wp\/v2\/types\/product"}],"replies":[{"embeddable":true,"href":"https:\/\/alchemy-asia.com\/vi\/wp-json\/wp\/v2\/comments?post=981"}],"wp:featuredmedia":[{"embeddable":true,"href":"https:\/\/alchemy-asia.com\/vi\/wp-json\/wp\/v2\/media\/8832"}],"wp:attachment":[{"href":"https:\/\/alchemy-asia.com\/vi\/wp-json\/wp\/v2\/media?parent=981"}],"wp:term":[{"taxonomy":"product_cat","embeddable":true,"href":"https:\/\/alchemy-asia.com\/vi\/wp-json\/wp\/v2\/product_cat?post=981"},{"taxonomy":"product_tag","embeddable":true,"href":"https:\/\/alchemy-asia.com\/vi\/wp-json\/wp\/v2\/product_tag?post=981"}],"curies":[{"name":"wp","href":"https:\/\/api.w.org\/{rel}","templated":true}]}}