{"id":984,"date":"2017-07-26T04:41:51","date_gmt":"2017-07-26T04:41:51","guid":{"rendered":"http:\/\/alchemy-asia.com\/vi\/?post_type=product&#038;p=984"},"modified":"2024-09-12T08:50:54","modified_gmt":"2024-09-12T08:50:54","slug":"bols-peppermint-green","status":"publish","type":"product","link":"https:\/\/alchemy-asia.com\/vi\/san-pham\/bols-peppermint-green\/","title":{"rendered":"Bols Peppermint Green"},"content":{"rendered":"","protected":false},"excerpt":{"rendered":"<p>Bols Peppermint White l\u00e0 lo\u1ea1i r\u01b0\u1ee3u m\u00f9i b\u1ea1c h\u00e0 trong su\u1ed1t, h\u01b0\u01a1ng v\u1ecb \u0111\u01b0\u1ee3c chi\u1ebft xu\u1ea5t tr\u1ef1c ti\u1ebfp t\u1eeb l\u00e1 b\u1ea1c h\u00e0 t\u01b0\u01a1i. Lo\u1ea1i r\u01b0\u1ee3u m\u00f9i b\u1ea1c h\u00e0 n\u00e0y \u0111\u01b0\u1ee3c ch\u1ebf bi\u1ebfn b\u1eb1ng c\u00e1c lo\u1ea1i th\u1ef1c v\u1eadt t\u1ef1 nhi\u00ean v\u00e0 c\u00f3 h\u01b0\u01a1ng v\u1ecb b\u1ea1c h\u00e0 t\u01b0\u01a1i m\u00e1t kh\u00f4ng th\u1ec3 nh\u1ea7m l\u1eabn, th\u01a1m ngon \u0111\u1ec3 pha ch\u1ebf cocktail t\u1ea1i nh\u00e0.<\/p>\n","protected":false},"featured_media":8835,"comment_status":"open","ping_status":"closed","template":"","meta":{"_acf_changed":false},"product_cat":[54],"product_tag":[],"class_list":{"0":"post-984","1":"product","2":"type-product","3":"status-publish","4":"has-post-thumbnail","6":"product_cat-liqueurs","7":"brand-lucas-bols","9":"first","10":"instock","11":"shipping-taxable","12":"product-type-simple"},"acf":[],"yoast_head":"<!-- This site is optimized with the Yoast SEO plugin v23.0 - https:\/\/yoast.com\/wordpress\/plugins\/seo\/ -->\n<title>Bols Peppermint Green - Alchemy Asia<\/title>\n<meta name=\"robots\" content=\"index, follow, max-snippet:-1, max-image-preview:large, max-video-preview:-1\" \/>\n<link rel=\"canonical\" href=\"https:\/\/alchemy-asia.com\/vi\/san-pham\/bols-peppermint-green\/\" \/>\n<meta property=\"og:locale\" content=\"vi_VN\" \/>\n<meta property=\"og:type\" content=\"article\" \/>\n<meta property=\"og:title\" content=\"Bols Peppermint Green - Alchemy Asia\" \/>\n<meta property=\"og:description\" content=\"Bols Peppermint White l\u00e0 lo\u1ea1i r\u01b0\u1ee3u m\u00f9i b\u1ea1c h\u00e0 trong su\u1ed1t, h\u01b0\u01a1ng v\u1ecb \u0111\u01b0\u1ee3c chi\u1ebft xu\u1ea5t tr\u1ef1c ti\u1ebfp t\u1eeb l\u00e1 b\u1ea1c h\u00e0 t\u01b0\u01a1i. Lo\u1ea1i r\u01b0\u1ee3u m\u00f9i b\u1ea1c h\u00e0 n\u00e0y \u0111\u01b0\u1ee3c ch\u1ebf bi\u1ebfn b\u1eb1ng c\u00e1c lo\u1ea1i th\u1ef1c v\u1eadt t\u1ef1 nhi\u00ean v\u00e0 c\u00f3 h\u01b0\u01a1ng v\u1ecb b\u1ea1c h\u00e0 t\u01b0\u01a1i m\u00e1t kh\u00f4ng th\u1ec3 nh\u1ea7m l\u1eabn, th\u01a1m ngon \u0111\u1ec3 pha ch\u1ebf cocktail t\u1ea1i nh\u00e0.\" \/>\n<meta property=\"og:url\" content=\"https:\/\/alchemy-asia.com\/vi\/san-pham\/bols-peppermint-green\/\" \/>\n<meta property=\"og:site_name\" content=\"Alchemy Asia\" \/>\n<meta property=\"article:modified_time\" content=\"2024-09-12T08:50:54+00:00\" \/>\n<meta property=\"og:image\" content=\"https:\/\/alchemy-asia.com\/vi\/wp-content\/uploads\/sites\/3\/2017\/07\/WEBSITE-9-1024x1024.png\" \/>\n\t<meta property=\"og:image:width\" content=\"1024\" \/>\n\t<meta property=\"og:image:height\" content=\"1024\" \/>\n\t<meta property=\"og:image:type\" content=\"image\/png\" \/>\n<meta name=\"twitter:card\" content=\"summary_large_image\" \/>\n<meta name=\"twitter:label1\" content=\"\u01af\u1edbc t\u00ednh th\u1eddi gian \u0111\u1ecdc\" \/>\n\t<meta name=\"twitter:data1\" content=\"1 ph\u00fat\" \/>\n<script type=\"application\/ld+json\" class=\"yoast-schema-graph\">{\"@context\":\"https:\/\/schema.org\",\"@graph\":[{\"@type\":\"WebPage\",\"@id\":\"https:\/\/alchemy-asia.com\/vi\/san-pham\/bols-peppermint-green\/\",\"url\":\"https:\/\/alchemy-asia.com\/vi\/san-pham\/bols-peppermint-green\/\",\"name\":\"Bols Peppermint Green - Alchemy Asia\",\"isPartOf\":{\"@id\":\"https:\/\/alchemy-asia.com\/vi\/#website\"},\"primaryImageOfPage\":{\"@id\":\"https:\/\/alchemy-asia.com\/vi\/san-pham\/bols-peppermint-green\/#primaryimage\"},\"image\":{\"@id\":\"https:\/\/alchemy-asia.com\/vi\/san-pham\/bols-peppermint-green\/#primaryimage\"},\"thumbnailUrl\":\"https:\/\/alchemy-asia.com\/vi\/wp-content\/uploads\/sites\/3\/2017\/07\/WEBSITE-9.png\",\"datePublished\":\"2017-07-26T04:41:51+00:00\",\"dateModified\":\"2024-09-12T08:50:54+00:00\",\"breadcrumb\":{\"@id\":\"https:\/\/alchemy-asia.com\/vi\/san-pham\/bols-peppermint-green\/#breadcrumb\"},\"inLanguage\":\"vi\",\"potentialAction\":[{\"@type\":\"ReadAction\",\"target\":[\"https:\/\/alchemy-asia.com\/vi\/san-pham\/bols-peppermint-green\/\"]}]},{\"@type\":\"ImageObject\",\"inLanguage\":\"vi\",\"@id\":\"https:\/\/alchemy-asia.com\/vi\/san-pham\/bols-peppermint-green\/#primaryimage\",\"url\":\"https:\/\/alchemy-asia.com\/vi\/wp-content\/uploads\/sites\/3\/2017\/07\/WEBSITE-9.png\",\"contentUrl\":\"https:\/\/alchemy-asia.com\/vi\/wp-content\/uploads\/sites\/3\/2017\/07\/WEBSITE-9.png\",\"width\":2480,\"height\":2480,\"caption\":\"Bols Pepper Mint Green\"},{\"@type\":\"BreadcrumbList\",\"@id\":\"https:\/\/alchemy-asia.com\/vi\/san-pham\/bols-peppermint-green\/#breadcrumb\",\"itemListElement\":[{\"@type\":\"ListItem\",\"position\":1,\"name\":\"Home\",\"item\":\"https:\/\/alchemy-asia.com\/vi\/\"},{\"@type\":\"ListItem\",\"position\":2,\"name\":\"Bols Peppermint Green\"}]},{\"@type\":\"WebSite\",\"@id\":\"https:\/\/alchemy-asia.com\/vi\/#website\",\"url\":\"https:\/\/alchemy-asia.com\/vi\/\",\"name\":\"Alchemy Asia\",\"description\":\"Just another Alchemy Asia Sites site\",\"potentialAction\":[{\"@type\":\"SearchAction\",\"target\":{\"@type\":\"EntryPoint\",\"urlTemplate\":\"https:\/\/alchemy-asia.com\/vi\/?s={search_term_string}\"},\"query-input\":\"required name=search_term_string\"}],\"inLanguage\":\"vi\"}]}<\/script>\n<!-- \/ Yoast SEO plugin. -->","yoast_head_json":{"title":"Bols Peppermint Green - Alchemy Asia","robots":{"index":"index","follow":"follow","max-snippet":"max-snippet:-1","max-image-preview":"max-image-preview:large","max-video-preview":"max-video-preview:-1"},"canonical":"https:\/\/alchemy-asia.com\/vi\/san-pham\/bols-peppermint-green\/","og_locale":"vi_VN","og_type":"article","og_title":"Bols Peppermint Green - Alchemy Asia","og_description":"Bols Peppermint White l\u00e0 lo\u1ea1i r\u01b0\u1ee3u m\u00f9i b\u1ea1c h\u00e0 trong su\u1ed1t, h\u01b0\u01a1ng v\u1ecb \u0111\u01b0\u1ee3c chi\u1ebft xu\u1ea5t tr\u1ef1c ti\u1ebfp t\u1eeb l\u00e1 b\u1ea1c h\u00e0 t\u01b0\u01a1i. Lo\u1ea1i r\u01b0\u1ee3u m\u00f9i b\u1ea1c h\u00e0 n\u00e0y \u0111\u01b0\u1ee3c ch\u1ebf bi\u1ebfn b\u1eb1ng c\u00e1c lo\u1ea1i th\u1ef1c v\u1eadt t\u1ef1 nhi\u00ean v\u00e0 c\u00f3 h\u01b0\u01a1ng v\u1ecb b\u1ea1c h\u00e0 t\u01b0\u01a1i m\u00e1t kh\u00f4ng th\u1ec3 nh\u1ea7m l\u1eabn, th\u01a1m ngon \u0111\u1ec3 pha ch\u1ebf cocktail t\u1ea1i nh\u00e0.","og_url":"https:\/\/alchemy-asia.com\/vi\/san-pham\/bols-peppermint-green\/","og_site_name":"Alchemy Asia","article_modified_time":"2024-09-12T08:50:54+00:00","og_image":[{"width":1024,"height":1024,"url":"https:\/\/alchemy-asia.com\/vi\/wp-content\/uploads\/sites\/3\/2017\/07\/WEBSITE-9-1024x1024.png","type":"image\/png"}],"twitter_card":"summary_large_image","twitter_misc":{"\u01af\u1edbc t\u00ednh th\u1eddi gian \u0111\u1ecdc":"1 ph\u00fat"},"schema":{"@context":"https:\/\/schema.org","@graph":[{"@type":"WebPage","@id":"https:\/\/alchemy-asia.com\/vi\/san-pham\/bols-peppermint-green\/","url":"https:\/\/alchemy-asia.com\/vi\/san-pham\/bols-peppermint-green\/","name":"Bols Peppermint Green - Alchemy Asia","isPartOf":{"@id":"https:\/\/alchemy-asia.com\/vi\/#website"},"primaryImageOfPage":{"@id":"https:\/\/alchemy-asia.com\/vi\/san-pham\/bols-peppermint-green\/#primaryimage"},"image":{"@id":"https:\/\/alchemy-asia.com\/vi\/san-pham\/bols-peppermint-green\/#primaryimage"},"thumbnailUrl":"https:\/\/alchemy-asia.com\/vi\/wp-content\/uploads\/sites\/3\/2017\/07\/WEBSITE-9.png","datePublished":"2017-07-26T04:41:51+00:00","dateModified":"2024-09-12T08:50:54+00:00","breadcrumb":{"@id":"https:\/\/alchemy-asia.com\/vi\/san-pham\/bols-peppermint-green\/#breadcrumb"},"inLanguage":"vi","potentialAction":[{"@type":"ReadAction","target":["https:\/\/alchemy-asia.com\/vi\/san-pham\/bols-peppermint-green\/"]}]},{"@type":"ImageObject","inLanguage":"vi","@id":"https:\/\/alchemy-asia.com\/vi\/san-pham\/bols-peppermint-green\/#primaryimage","url":"https:\/\/alchemy-asia.com\/vi\/wp-content\/uploads\/sites\/3\/2017\/07\/WEBSITE-9.png","contentUrl":"https:\/\/alchemy-asia.com\/vi\/wp-content\/uploads\/sites\/3\/2017\/07\/WEBSITE-9.png","width":2480,"height":2480,"caption":"Bols Pepper Mint Green"},{"@type":"BreadcrumbList","@id":"https:\/\/alchemy-asia.com\/vi\/san-pham\/bols-peppermint-green\/#breadcrumb","itemListElement":[{"@type":"ListItem","position":1,"name":"Home","item":"https:\/\/alchemy-asia.com\/vi\/"},{"@type":"ListItem","position":2,"name":"Bols Peppermint Green"}]},{"@type":"WebSite","@id":"https:\/\/alchemy-asia.com\/vi\/#website","url":"https:\/\/alchemy-asia.com\/vi\/","name":"Alchemy Asia","description":"Just another Alchemy Asia Sites site","potentialAction":[{"@type":"SearchAction","target":{"@type":"EntryPoint","urlTemplate":"https:\/\/alchemy-asia.com\/vi\/?s={search_term_string}"},"query-input":"required name=search_term_string"}],"inLanguage":"vi"}]}},"_links":{"self":[{"href":"https:\/\/alchemy-asia.com\/vi\/wp-json\/wp\/v2\/product\/984","targetHints":{"allow":["GET"]}}],"collection":[{"href":"https:\/\/alchemy-asia.com\/vi\/wp-json\/wp\/v2\/product"}],"about":[{"href":"https:\/\/alchemy-asia.com\/vi\/wp-json\/wp\/v2\/types\/product"}],"replies":[{"embeddable":true,"href":"https:\/\/alchemy-asia.com\/vi\/wp-json\/wp\/v2\/comments?post=984"}],"wp:featuredmedia":[{"embeddable":true,"href":"https:\/\/alchemy-asia.com\/vi\/wp-json\/wp\/v2\/media\/8835"}],"wp:attachment":[{"href":"https:\/\/alchemy-asia.com\/vi\/wp-json\/wp\/v2\/media?parent=984"}],"wp:term":[{"taxonomy":"product_cat","embeddable":true,"href":"https:\/\/alchemy-asia.com\/vi\/wp-json\/wp\/v2\/product_cat?post=984"},{"taxonomy":"product_tag","embeddable":true,"href":"https:\/\/alchemy-asia.com\/vi\/wp-json\/wp\/v2\/product_tag?post=984"}],"curies":[{"name":"wp","href":"https:\/\/api.w.org\/{rel}","templated":true}]}}