{"id":987,"date":"2017-07-26T04:43:07","date_gmt":"2017-07-26T04:43:07","guid":{"rendered":"http:\/\/alchemy-asia.com\/vi\/?post_type=product&#038;p=987"},"modified":"2024-08-05T09:26:03","modified_gmt":"2024-08-05T09:26:03","slug":"bols-strawberry","status":"publish","type":"product","link":"https:\/\/alchemy-asia.com\/vi\/san-pham\/bols-strawberry\/","title":{"rendered":"Bols Strawberry"},"content":{"rendered":"","protected":false},"excerpt":{"rendered":"<p><span data-sheets-root=\"1\" data-sheets-value=\"{&quot;1&quot;:2,&quot;2&quot;:&quot;Bols Strawberry l\u00e0 m\u1ed9t lo\u1ea1i r\u01b0\u1ee3u m\u00f9i m\u00e0u \u0111\u1ecf n\u1ed5i b\u1eadt, c\u00f3 h\u01b0\u01a1ng d\u00e2u t\u00e2y r\u00f5 r\u00e0ng nh\u01b0ng kh\u00f4ng qu\u00e1 ng\u1ecdt, pha ch\u00fat v\u1ecb cam qu\u00fdt nh\u1eb9. N\u00f3 c\u0169ng th\u01a1m h\u01b0\u01a1ng d\u00e2u t\u00e2y v\u00e0 tr\u00e1i c\u00e2y ch\u00edn. Lo\u1ea1i r\u01b0\u1ee3u m\u00f9i d\u00e2u t\u00e2y n\u00e0y \u0111\u01b0\u1ee3c t\u1ea1o ra b\u1eb1ng c\u00e1c nguy\u00ean li\u1ec7u t\u1ef1 nhi\u00ean, t\u1ea1o th\u00eam h\u01b0\u01a1ng v\u1ecb ng\u1ecdt ng\u00e0o v\u00e0 tr\u00e1i c\u00e2y cho nhi\u1ec1u lo\u1ea1i cocktail m\u00e0 b\u1ea1n c\u00f3 th\u1ec3 pha t\u1ea1i nh\u00e0.&quot;}\" data-sheets-userformat=\"{&quot;2&quot;:7165,&quot;3&quot;:{&quot;1&quot;:0},&quot;5&quot;:{&quot;1&quot;:[{&quot;1&quot;:2,&quot;2&quot;:0,&quot;5&quot;:{&quot;1&quot;:2,&quot;2&quot;:0}},{&quot;1&quot;:0,&quot;2&quot;:0,&quot;3&quot;:3},{&quot;1&quot;:1,&quot;2&quot;:0,&quot;4&quot;:1}]},&quot;6&quot;:{&quot;1&quot;:[{&quot;1&quot;:2,&quot;2&quot;:0,&quot;5&quot;:{&quot;1&quot;:2,&quot;2&quot;:0}},{&quot;1&quot;:0,&quot;2&quot;:0,&quot;3&quot;:3},{&quot;1&quot;:1,&quot;2&quot;:0,&quot;4&quot;:1}]},&quot;7&quot;:{&quot;1&quot;:[{&quot;1&quot;:2,&quot;2&quot;:0,&quot;5&quot;:{&quot;1&quot;:2,&quot;2&quot;:0}},{&quot;1&quot;:0,&quot;2&quot;:0,&quot;3&quot;:3},{&quot;1&quot;:1,&quot;2&quot;:0,&quot;4&quot;:1}]},&quot;8&quot;:{&quot;1&quot;:[{&quot;1&quot;:2,&quot;2&quot;:0,&quot;5&quot;:{&quot;1&quot;:2,&quot;2&quot;:0}},{&quot;1&quot;:0,&quot;2&quot;:0,&quot;3&quot;:3},{&quot;1&quot;:1,&quot;2&quot;:0,&quot;4&quot;:1}]},&quot;9&quot;:0,&quot;10&quot;:1,&quot;11&quot;:4,&quot;12&quot;:0,&quot;14&quot;:{&quot;1&quot;:2,&quot;2&quot;:0},&quot;15&quot;:&quot;Arial, sans-serif&quot;}\">Bols Strawberry l\u00e0 m\u1ed9t lo\u1ea1i r\u01b0\u1ee3u m\u00f9i m\u00e0u \u0111\u1ecf n\u1ed5i b\u1eadt, c\u00f3 h\u01b0\u01a1ng d\u00e2u t\u00e2y r\u00f5 r\u00e0ng nh\u01b0ng kh\u00f4ng qu\u00e1 ng\u1ecdt, pha ch\u00fat v\u1ecb cam qu\u00fdt nh\u1eb9. N\u00f3 c\u0169ng th\u01a1m h\u01b0\u01a1ng d\u00e2u t\u00e2y v\u00e0 tr\u00e1i c\u00e2y ch\u00edn. Lo\u1ea1i r\u01b0\u1ee3u m\u00f9i d\u00e2u t\u00e2y n\u00e0y \u0111\u01b0\u1ee3c t\u1ea1o ra b\u1eb1ng c\u00e1c nguy\u00ean li\u1ec7u t\u1ef1 nhi\u00ean, t\u1ea1o th\u00eam h\u01b0\u01a1ng v\u1ecb ng\u1ecdt ng\u00e0o v\u00e0 tr\u00e1i c\u00e2y cho nhi\u1ec1u lo\u1ea1i cocktail m\u00e0 b\u1ea1n c\u00f3 th\u1ec3 pha t\u1ea1i nh\u00e0.<\/span><\/p>\n","protected":false},"featured_media":8836,"comment_status":"open","ping_status":"closed","template":"","meta":{"_acf_changed":false},"product_cat":[54],"product_tag":[],"class_list":{"0":"post-987","1":"product","2":"type-product","3":"status-publish","4":"has-post-thumbnail","6":"product_cat-liqueurs","7":"brand-lucas-bols","9":"first","10":"instock","11":"shipping-taxable","12":"product-type-simple"},"acf":[],"yoast_head":"<!-- This site is optimized with the Yoast SEO plugin v23.0 - https:\/\/yoast.com\/wordpress\/plugins\/seo\/ -->\n<title>Bols Strawberry - Alchemy Asia<\/title>\n<meta name=\"robots\" content=\"index, follow, max-snippet:-1, max-image-preview:large, max-video-preview:-1\" \/>\n<link rel=\"canonical\" href=\"https:\/\/alchemy-asia.com\/vi\/san-pham\/bols-strawberry\/\" \/>\n<meta property=\"og:locale\" content=\"vi_VN\" \/>\n<meta property=\"og:type\" content=\"article\" \/>\n<meta property=\"og:title\" content=\"Bols Strawberry - Alchemy Asia\" \/>\n<meta property=\"og:description\" content=\"Bols Strawberry l\u00e0 m\u1ed9t lo\u1ea1i r\u01b0\u1ee3u m\u00f9i m\u00e0u \u0111\u1ecf n\u1ed5i b\u1eadt, c\u00f3 h\u01b0\u01a1ng d\u00e2u t\u00e2y r\u00f5 r\u00e0ng nh\u01b0ng kh\u00f4ng qu\u00e1 ng\u1ecdt, pha ch\u00fat v\u1ecb cam qu\u00fdt nh\u1eb9. N\u00f3 c\u0169ng th\u01a1m h\u01b0\u01a1ng d\u00e2u t\u00e2y v\u00e0 tr\u00e1i c\u00e2y ch\u00edn. Lo\u1ea1i r\u01b0\u1ee3u m\u00f9i d\u00e2u t\u00e2y n\u00e0y \u0111\u01b0\u1ee3c t\u1ea1o ra b\u1eb1ng c\u00e1c nguy\u00ean li\u1ec7u t\u1ef1 nhi\u00ean, t\u1ea1o th\u00eam h\u01b0\u01a1ng v\u1ecb ng\u1ecdt ng\u00e0o v\u00e0 tr\u00e1i c\u00e2y cho nhi\u1ec1u lo\u1ea1i cocktail m\u00e0 b\u1ea1n c\u00f3 th\u1ec3 pha t\u1ea1i nh\u00e0.\" \/>\n<meta property=\"og:url\" content=\"https:\/\/alchemy-asia.com\/vi\/san-pham\/bols-strawberry\/\" \/>\n<meta property=\"og:site_name\" content=\"Alchemy Asia\" \/>\n<meta property=\"article:modified_time\" content=\"2024-08-05T09:26:03+00:00\" \/>\n<meta property=\"og:image\" content=\"https:\/\/alchemy-asia.com\/vi\/wp-content\/uploads\/sites\/3\/2017\/07\/WEBSITE-10-1024x1024.png\" \/>\n\t<meta property=\"og:image:width\" content=\"1024\" \/>\n\t<meta property=\"og:image:height\" content=\"1024\" \/>\n\t<meta property=\"og:image:type\" content=\"image\/png\" \/>\n<meta name=\"twitter:card\" content=\"summary_large_image\" \/>\n<meta name=\"twitter:label1\" content=\"\u01af\u1edbc t\u00ednh th\u1eddi gian \u0111\u1ecdc\" \/>\n\t<meta name=\"twitter:data1\" content=\"1 ph\u00fat\" \/>\n<script type=\"application\/ld+json\" class=\"yoast-schema-graph\">{\"@context\":\"https:\/\/schema.org\",\"@graph\":[{\"@type\":\"WebPage\",\"@id\":\"https:\/\/alchemy-asia.com\/vi\/san-pham\/bols-strawberry\/\",\"url\":\"https:\/\/alchemy-asia.com\/vi\/san-pham\/bols-strawberry\/\",\"name\":\"Bols Strawberry - Alchemy Asia\",\"isPartOf\":{\"@id\":\"https:\/\/alchemy-asia.com\/vi\/#website\"},\"primaryImageOfPage\":{\"@id\":\"https:\/\/alchemy-asia.com\/vi\/san-pham\/bols-strawberry\/#primaryimage\"},\"image\":{\"@id\":\"https:\/\/alchemy-asia.com\/vi\/san-pham\/bols-strawberry\/#primaryimage\"},\"thumbnailUrl\":\"https:\/\/alchemy-asia.com\/vi\/wp-content\/uploads\/sites\/3\/2017\/07\/WEBSITE-10.png\",\"datePublished\":\"2017-07-26T04:43:07+00:00\",\"dateModified\":\"2024-08-05T09:26:03+00:00\",\"breadcrumb\":{\"@id\":\"https:\/\/alchemy-asia.com\/vi\/san-pham\/bols-strawberry\/#breadcrumb\"},\"inLanguage\":\"vi\",\"potentialAction\":[{\"@type\":\"ReadAction\",\"target\":[\"https:\/\/alchemy-asia.com\/vi\/san-pham\/bols-strawberry\/\"]}]},{\"@type\":\"ImageObject\",\"inLanguage\":\"vi\",\"@id\":\"https:\/\/alchemy-asia.com\/vi\/san-pham\/bols-strawberry\/#primaryimage\",\"url\":\"https:\/\/alchemy-asia.com\/vi\/wp-content\/uploads\/sites\/3\/2017\/07\/WEBSITE-10.png\",\"contentUrl\":\"https:\/\/alchemy-asia.com\/vi\/wp-content\/uploads\/sites\/3\/2017\/07\/WEBSITE-10.png\",\"width\":2480,\"height\":2480,\"caption\":\"Bols Strawberry\"},{\"@type\":\"BreadcrumbList\",\"@id\":\"https:\/\/alchemy-asia.com\/vi\/san-pham\/bols-strawberry\/#breadcrumb\",\"itemListElement\":[{\"@type\":\"ListItem\",\"position\":1,\"name\":\"Home\",\"item\":\"https:\/\/alchemy-asia.com\/vi\/\"},{\"@type\":\"ListItem\",\"position\":2,\"name\":\"Bols Strawberry\"}]},{\"@type\":\"WebSite\",\"@id\":\"https:\/\/alchemy-asia.com\/vi\/#website\",\"url\":\"https:\/\/alchemy-asia.com\/vi\/\",\"name\":\"Alchemy Asia\",\"description\":\"Just another Alchemy Asia Sites site\",\"potentialAction\":[{\"@type\":\"SearchAction\",\"target\":{\"@type\":\"EntryPoint\",\"urlTemplate\":\"https:\/\/alchemy-asia.com\/vi\/?s={search_term_string}\"},\"query-input\":\"required name=search_term_string\"}],\"inLanguage\":\"vi\"}]}<\/script>\n<!-- \/ Yoast SEO plugin. -->","yoast_head_json":{"title":"Bols Strawberry - Alchemy Asia","robots":{"index":"index","follow":"follow","max-snippet":"max-snippet:-1","max-image-preview":"max-image-preview:large","max-video-preview":"max-video-preview:-1"},"canonical":"https:\/\/alchemy-asia.com\/vi\/san-pham\/bols-strawberry\/","og_locale":"vi_VN","og_type":"article","og_title":"Bols Strawberry - Alchemy Asia","og_description":"Bols Strawberry l\u00e0 m\u1ed9t lo\u1ea1i r\u01b0\u1ee3u m\u00f9i m\u00e0u \u0111\u1ecf n\u1ed5i b\u1eadt, c\u00f3 h\u01b0\u01a1ng d\u00e2u t\u00e2y r\u00f5 r\u00e0ng nh\u01b0ng kh\u00f4ng qu\u00e1 ng\u1ecdt, pha ch\u00fat v\u1ecb cam qu\u00fdt nh\u1eb9. N\u00f3 c\u0169ng th\u01a1m h\u01b0\u01a1ng d\u00e2u t\u00e2y v\u00e0 tr\u00e1i c\u00e2y ch\u00edn. Lo\u1ea1i r\u01b0\u1ee3u m\u00f9i d\u00e2u t\u00e2y n\u00e0y \u0111\u01b0\u1ee3c t\u1ea1o ra b\u1eb1ng c\u00e1c nguy\u00ean li\u1ec7u t\u1ef1 nhi\u00ean, t\u1ea1o th\u00eam h\u01b0\u01a1ng v\u1ecb ng\u1ecdt ng\u00e0o v\u00e0 tr\u00e1i c\u00e2y cho nhi\u1ec1u lo\u1ea1i cocktail m\u00e0 b\u1ea1n c\u00f3 th\u1ec3 pha t\u1ea1i nh\u00e0.","og_url":"https:\/\/alchemy-asia.com\/vi\/san-pham\/bols-strawberry\/","og_site_name":"Alchemy Asia","article_modified_time":"2024-08-05T09:26:03+00:00","og_image":[{"width":1024,"height":1024,"url":"https:\/\/alchemy-asia.com\/vi\/wp-content\/uploads\/sites\/3\/2017\/07\/WEBSITE-10-1024x1024.png","type":"image\/png"}],"twitter_card":"summary_large_image","twitter_misc":{"\u01af\u1edbc t\u00ednh th\u1eddi gian \u0111\u1ecdc":"1 ph\u00fat"},"schema":{"@context":"https:\/\/schema.org","@graph":[{"@type":"WebPage","@id":"https:\/\/alchemy-asia.com\/vi\/san-pham\/bols-strawberry\/","url":"https:\/\/alchemy-asia.com\/vi\/san-pham\/bols-strawberry\/","name":"Bols Strawberry - Alchemy Asia","isPartOf":{"@id":"https:\/\/alchemy-asia.com\/vi\/#website"},"primaryImageOfPage":{"@id":"https:\/\/alchemy-asia.com\/vi\/san-pham\/bols-strawberry\/#primaryimage"},"image":{"@id":"https:\/\/alchemy-asia.com\/vi\/san-pham\/bols-strawberry\/#primaryimage"},"thumbnailUrl":"https:\/\/alchemy-asia.com\/vi\/wp-content\/uploads\/sites\/3\/2017\/07\/WEBSITE-10.png","datePublished":"2017-07-26T04:43:07+00:00","dateModified":"2024-08-05T09:26:03+00:00","breadcrumb":{"@id":"https:\/\/alchemy-asia.com\/vi\/san-pham\/bols-strawberry\/#breadcrumb"},"inLanguage":"vi","potentialAction":[{"@type":"ReadAction","target":["https:\/\/alchemy-asia.com\/vi\/san-pham\/bols-strawberry\/"]}]},{"@type":"ImageObject","inLanguage":"vi","@id":"https:\/\/alchemy-asia.com\/vi\/san-pham\/bols-strawberry\/#primaryimage","url":"https:\/\/alchemy-asia.com\/vi\/wp-content\/uploads\/sites\/3\/2017\/07\/WEBSITE-10.png","contentUrl":"https:\/\/alchemy-asia.com\/vi\/wp-content\/uploads\/sites\/3\/2017\/07\/WEBSITE-10.png","width":2480,"height":2480,"caption":"Bols Strawberry"},{"@type":"BreadcrumbList","@id":"https:\/\/alchemy-asia.com\/vi\/san-pham\/bols-strawberry\/#breadcrumb","itemListElement":[{"@type":"ListItem","position":1,"name":"Home","item":"https:\/\/alchemy-asia.com\/vi\/"},{"@type":"ListItem","position":2,"name":"Bols Strawberry"}]},{"@type":"WebSite","@id":"https:\/\/alchemy-asia.com\/vi\/#website","url":"https:\/\/alchemy-asia.com\/vi\/","name":"Alchemy Asia","description":"Just another Alchemy Asia Sites site","potentialAction":[{"@type":"SearchAction","target":{"@type":"EntryPoint","urlTemplate":"https:\/\/alchemy-asia.com\/vi\/?s={search_term_string}"},"query-input":"required name=search_term_string"}],"inLanguage":"vi"}]}},"_links":{"self":[{"href":"https:\/\/alchemy-asia.com\/vi\/wp-json\/wp\/v2\/product\/987","targetHints":{"allow":["GET"]}}],"collection":[{"href":"https:\/\/alchemy-asia.com\/vi\/wp-json\/wp\/v2\/product"}],"about":[{"href":"https:\/\/alchemy-asia.com\/vi\/wp-json\/wp\/v2\/types\/product"}],"replies":[{"embeddable":true,"href":"https:\/\/alchemy-asia.com\/vi\/wp-json\/wp\/v2\/comments?post=987"}],"wp:featuredmedia":[{"embeddable":true,"href":"https:\/\/alchemy-asia.com\/vi\/wp-json\/wp\/v2\/media\/8836"}],"wp:attachment":[{"href":"https:\/\/alchemy-asia.com\/vi\/wp-json\/wp\/v2\/media?parent=987"}],"wp:term":[{"taxonomy":"product_cat","embeddable":true,"href":"https:\/\/alchemy-asia.com\/vi\/wp-json\/wp\/v2\/product_cat?post=987"},{"taxonomy":"product_tag","embeddable":true,"href":"https:\/\/alchemy-asia.com\/vi\/wp-json\/wp\/v2\/product_tag?post=987"}],"curies":[{"name":"wp","href":"https:\/\/api.w.org\/{rel}","templated":true}]}}