{"id":989,"date":"2017-07-26T04:44:29","date_gmt":"2017-07-26T04:44:29","guid":{"rendered":"http:\/\/alchemy-asia.com\/vi\/?post_type=product&#038;p=989"},"modified":"2024-09-12T08:50:16","modified_gmt":"2024-09-12T08:50:16","slug":"bols-triple-sec","status":"publish","type":"product","link":"https:\/\/alchemy-asia.com\/vi\/san-pham\/bols-triple-sec\/","title":{"rendered":"Bols Triple Sec"},"content":{"rendered":"","protected":false},"excerpt":{"rendered":"<p><span data-sheets-root=\"1\" data-sheets-value=\"{&quot;1&quot;:2,&quot;2&quot;:&quot;Bols Triple Sec l\u00e0 m\u1ed9t lo\u1ea1i r\u01b0\u1ee3u m\u00f9i c\u00f3 m\u00e0u trong su\u1ed1t, c\u00f3 h\u01b0\u01a1ng v\u1ecb v\u1ecf cam Cura\u00e7ao th\u01a1m v\u00e0 ch\u00fat cam qu\u00fdt. \u0110\u00e2y l\u00e0 m\u1ed9t trong nh\u1eefng lo\u1ea1i r\u01b0\u1ee3u m\u00f9i cam c\u1ea7n thi\u1ebft nh\u1ea5t trong qu\u00e1n bar hi\u1ec7n \u0111\u1ea1i ho\u1eb7c \u1edf nh\u00e0. \u00cdt nh\u1ea5t m\u1ed9t n\u1eeda s\u1ed1 \u0111\u1ed3 u\u1ed1ng c\u1ed5 \u0111i\u1ec3n v\u00e0 hi\u1ec7n \u0111\u1ea1i \u0111\u01b0\u1ee3c pha ch\u1ebf b\u1eb1ng Triple Sec ho\u1eb7c m\u1ed9t bi\u1ebfn th\u1ec3, nh\u01b0 Dry Orange Cura\u00e7ao.&quot;}\" data-sheets-userformat=\"{&quot;2&quot;:7165,&quot;3&quot;:{&quot;1&quot;:0},&quot;5&quot;:{&quot;1&quot;:[{&quot;1&quot;:2,&quot;2&quot;:0,&quot;5&quot;:{&quot;1&quot;:2,&quot;2&quot;:0}},{&quot;1&quot;:0,&quot;2&quot;:0,&quot;3&quot;:3},{&quot;1&quot;:1,&quot;2&quot;:0,&quot;4&quot;:1}]},&quot;6&quot;:{&quot;1&quot;:[{&quot;1&quot;:2,&quot;2&quot;:0,&quot;5&quot;:{&quot;1&quot;:2,&quot;2&quot;:0}},{&quot;1&quot;:0,&quot;2&quot;:0,&quot;3&quot;:3},{&quot;1&quot;:1,&quot;2&quot;:0,&quot;4&quot;:1}]},&quot;7&quot;:{&quot;1&quot;:[{&quot;1&quot;:2,&quot;2&quot;:0,&quot;5&quot;:{&quot;1&quot;:2,&quot;2&quot;:0}},{&quot;1&quot;:0,&quot;2&quot;:0,&quot;3&quot;:3},{&quot;1&quot;:1,&quot;2&quot;:0,&quot;4&quot;:1}]},&quot;8&quot;:{&quot;1&quot;:[{&quot;1&quot;:2,&quot;2&quot;:0,&quot;5&quot;:{&quot;1&quot;:2,&quot;2&quot;:0}},{&quot;1&quot;:0,&quot;2&quot;:0,&quot;3&quot;:3},{&quot;1&quot;:1,&quot;2&quot;:0,&quot;4&quot;:1}]},&quot;9&quot;:0,&quot;10&quot;:1,&quot;11&quot;:4,&quot;12&quot;:0,&quot;14&quot;:{&quot;1&quot;:2,&quot;2&quot;:0},&quot;15&quot;:&quot;Arial, sans-serif&quot;}\">Bols Triple Sec l\u00e0 m\u1ed9t lo\u1ea1i r\u01b0\u1ee3u m\u00f9i c\u00f3 m\u00e0u trong su\u1ed1t, c\u00f3 h\u01b0\u01a1ng v\u1ecb v\u1ecf cam Cura\u00e7ao th\u01a1m v\u00e0 ch\u00fat cam qu\u00fdt. \u0110\u00e2y l\u00e0 m\u1ed9t trong nh\u1eefng lo\u1ea1i r\u01b0\u1ee3u m\u00f9i cam c\u1ea7n thi\u1ebft nh\u1ea5t trong qu\u00e1n bar hi\u1ec7n \u0111\u1ea1i ho\u1eb7c \u1edf nh\u00e0. \u00cdt nh\u1ea5t m\u1ed9t n\u1eeda s\u1ed1 \u0111\u1ed3 u\u1ed1ng c\u1ed5 \u0111i\u1ec3n v\u00e0 hi\u1ec7n \u0111\u1ea1i \u0111\u01b0\u1ee3c pha ch\u1ebf b\u1eb1ng Triple Sec ho\u1eb7c m\u1ed9t bi\u1ebfn th\u1ec3, nh\u01b0 Dry Orange Cura\u00e7ao.<\/span><\/p>\n","protected":false},"featured_media":8837,"comment_status":"open","ping_status":"closed","template":"","meta":{"_acf_changed":false},"product_cat":[54],"product_tag":[],"class_list":{"0":"post-989","1":"product","2":"type-product","3":"status-publish","4":"has-post-thumbnail","6":"product_cat-liqueurs","7":"brand-lucas-bols","9":"first","10":"instock","11":"shipping-taxable","12":"product-type-simple"},"acf":[],"yoast_head":"<!-- This site is optimized with the Yoast SEO plugin v23.0 - https:\/\/yoast.com\/wordpress\/plugins\/seo\/ -->\n<title>Bols Triple Sec - Alchemy Asia<\/title>\n<meta name=\"robots\" content=\"index, follow, max-snippet:-1, max-image-preview:large, max-video-preview:-1\" \/>\n<link rel=\"canonical\" href=\"https:\/\/alchemy-asia.com\/vi\/san-pham\/bols-triple-sec\/\" \/>\n<meta property=\"og:locale\" content=\"vi_VN\" \/>\n<meta property=\"og:type\" content=\"article\" \/>\n<meta property=\"og:title\" content=\"Bols Triple Sec - Alchemy Asia\" \/>\n<meta property=\"og:description\" content=\"Bols Triple Sec l\u00e0 m\u1ed9t lo\u1ea1i r\u01b0\u1ee3u m\u00f9i c\u00f3 m\u00e0u trong su\u1ed1t, c\u00f3 h\u01b0\u01a1ng v\u1ecb v\u1ecf cam Cura\u00e7ao th\u01a1m v\u00e0 ch\u00fat cam qu\u00fdt. \u0110\u00e2y l\u00e0 m\u1ed9t trong nh\u1eefng lo\u1ea1i r\u01b0\u1ee3u m\u00f9i cam c\u1ea7n thi\u1ebft nh\u1ea5t trong qu\u00e1n bar hi\u1ec7n \u0111\u1ea1i ho\u1eb7c \u1edf nh\u00e0. \u00cdt nh\u1ea5t m\u1ed9t n\u1eeda s\u1ed1 \u0111\u1ed3 u\u1ed1ng c\u1ed5 \u0111i\u1ec3n v\u00e0 hi\u1ec7n \u0111\u1ea1i \u0111\u01b0\u1ee3c pha ch\u1ebf b\u1eb1ng Triple Sec ho\u1eb7c m\u1ed9t bi\u1ebfn th\u1ec3, nh\u01b0 Dry Orange Cura\u00e7ao.\" \/>\n<meta property=\"og:url\" content=\"https:\/\/alchemy-asia.com\/vi\/san-pham\/bols-triple-sec\/\" \/>\n<meta property=\"og:site_name\" content=\"Alchemy Asia\" \/>\n<meta property=\"article:modified_time\" content=\"2024-09-12T08:50:16+00:00\" \/>\n<meta property=\"og:image\" content=\"https:\/\/alchemy-asia.com\/vi\/wp-content\/uploads\/sites\/3\/2017\/07\/WEBSITE-11-1024x1024.png\" \/>\n\t<meta property=\"og:image:width\" content=\"1024\" \/>\n\t<meta property=\"og:image:height\" content=\"1024\" \/>\n\t<meta property=\"og:image:type\" content=\"image\/png\" \/>\n<meta name=\"twitter:card\" content=\"summary_large_image\" \/>\n<meta name=\"twitter:label1\" content=\"\u01af\u1edbc t\u00ednh th\u1eddi gian \u0111\u1ecdc\" \/>\n\t<meta name=\"twitter:data1\" content=\"1 ph\u00fat\" \/>\n<script type=\"application\/ld+json\" class=\"yoast-schema-graph\">{\"@context\":\"https:\/\/schema.org\",\"@graph\":[{\"@type\":\"WebPage\",\"@id\":\"https:\/\/alchemy-asia.com\/vi\/san-pham\/bols-triple-sec\/\",\"url\":\"https:\/\/alchemy-asia.com\/vi\/san-pham\/bols-triple-sec\/\",\"name\":\"Bols Triple Sec - Alchemy Asia\",\"isPartOf\":{\"@id\":\"https:\/\/alchemy-asia.com\/vi\/#website\"},\"primaryImageOfPage\":{\"@id\":\"https:\/\/alchemy-asia.com\/vi\/san-pham\/bols-triple-sec\/#primaryimage\"},\"image\":{\"@id\":\"https:\/\/alchemy-asia.com\/vi\/san-pham\/bols-triple-sec\/#primaryimage\"},\"thumbnailUrl\":\"https:\/\/alchemy-asia.com\/vi\/wp-content\/uploads\/sites\/3\/2017\/07\/WEBSITE-11.png\",\"datePublished\":\"2017-07-26T04:44:29+00:00\",\"dateModified\":\"2024-09-12T08:50:16+00:00\",\"breadcrumb\":{\"@id\":\"https:\/\/alchemy-asia.com\/vi\/san-pham\/bols-triple-sec\/#breadcrumb\"},\"inLanguage\":\"vi\",\"potentialAction\":[{\"@type\":\"ReadAction\",\"target\":[\"https:\/\/alchemy-asia.com\/vi\/san-pham\/bols-triple-sec\/\"]}]},{\"@type\":\"ImageObject\",\"inLanguage\":\"vi\",\"@id\":\"https:\/\/alchemy-asia.com\/vi\/san-pham\/bols-triple-sec\/#primaryimage\",\"url\":\"https:\/\/alchemy-asia.com\/vi\/wp-content\/uploads\/sites\/3\/2017\/07\/WEBSITE-11.png\",\"contentUrl\":\"https:\/\/alchemy-asia.com\/vi\/wp-content\/uploads\/sites\/3\/2017\/07\/WEBSITE-11.png\",\"width\":2480,\"height\":2480,\"caption\":\"Bols Triple Sec\"},{\"@type\":\"BreadcrumbList\",\"@id\":\"https:\/\/alchemy-asia.com\/vi\/san-pham\/bols-triple-sec\/#breadcrumb\",\"itemListElement\":[{\"@type\":\"ListItem\",\"position\":1,\"name\":\"Home\",\"item\":\"https:\/\/alchemy-asia.com\/vi\/\"},{\"@type\":\"ListItem\",\"position\":2,\"name\":\"Bols Triple Sec\"}]},{\"@type\":\"WebSite\",\"@id\":\"https:\/\/alchemy-asia.com\/vi\/#website\",\"url\":\"https:\/\/alchemy-asia.com\/vi\/\",\"name\":\"Alchemy Asia\",\"description\":\"Just another Alchemy Asia Sites site\",\"potentialAction\":[{\"@type\":\"SearchAction\",\"target\":{\"@type\":\"EntryPoint\",\"urlTemplate\":\"https:\/\/alchemy-asia.com\/vi\/?s={search_term_string}\"},\"query-input\":\"required name=search_term_string\"}],\"inLanguage\":\"vi\"}]}<\/script>\n<!-- \/ Yoast SEO plugin. -->","yoast_head_json":{"title":"Bols Triple Sec - Alchemy Asia","robots":{"index":"index","follow":"follow","max-snippet":"max-snippet:-1","max-image-preview":"max-image-preview:large","max-video-preview":"max-video-preview:-1"},"canonical":"https:\/\/alchemy-asia.com\/vi\/san-pham\/bols-triple-sec\/","og_locale":"vi_VN","og_type":"article","og_title":"Bols Triple Sec - Alchemy Asia","og_description":"Bols Triple Sec l\u00e0 m\u1ed9t lo\u1ea1i r\u01b0\u1ee3u m\u00f9i c\u00f3 m\u00e0u trong su\u1ed1t, c\u00f3 h\u01b0\u01a1ng v\u1ecb v\u1ecf cam Cura\u00e7ao th\u01a1m v\u00e0 ch\u00fat cam qu\u00fdt. \u0110\u00e2y l\u00e0 m\u1ed9t trong nh\u1eefng lo\u1ea1i r\u01b0\u1ee3u m\u00f9i cam c\u1ea7n thi\u1ebft nh\u1ea5t trong qu\u00e1n bar hi\u1ec7n \u0111\u1ea1i ho\u1eb7c \u1edf nh\u00e0. \u00cdt nh\u1ea5t m\u1ed9t n\u1eeda s\u1ed1 \u0111\u1ed3 u\u1ed1ng c\u1ed5 \u0111i\u1ec3n v\u00e0 hi\u1ec7n \u0111\u1ea1i \u0111\u01b0\u1ee3c pha ch\u1ebf b\u1eb1ng Triple Sec ho\u1eb7c m\u1ed9t bi\u1ebfn th\u1ec3, nh\u01b0 Dry Orange Cura\u00e7ao.","og_url":"https:\/\/alchemy-asia.com\/vi\/san-pham\/bols-triple-sec\/","og_site_name":"Alchemy Asia","article_modified_time":"2024-09-12T08:50:16+00:00","og_image":[{"width":1024,"height":1024,"url":"https:\/\/alchemy-asia.com\/vi\/wp-content\/uploads\/sites\/3\/2017\/07\/WEBSITE-11-1024x1024.png","type":"image\/png"}],"twitter_card":"summary_large_image","twitter_misc":{"\u01af\u1edbc t\u00ednh th\u1eddi gian \u0111\u1ecdc":"1 ph\u00fat"},"schema":{"@context":"https:\/\/schema.org","@graph":[{"@type":"WebPage","@id":"https:\/\/alchemy-asia.com\/vi\/san-pham\/bols-triple-sec\/","url":"https:\/\/alchemy-asia.com\/vi\/san-pham\/bols-triple-sec\/","name":"Bols Triple Sec - Alchemy Asia","isPartOf":{"@id":"https:\/\/alchemy-asia.com\/vi\/#website"},"primaryImageOfPage":{"@id":"https:\/\/alchemy-asia.com\/vi\/san-pham\/bols-triple-sec\/#primaryimage"},"image":{"@id":"https:\/\/alchemy-asia.com\/vi\/san-pham\/bols-triple-sec\/#primaryimage"},"thumbnailUrl":"https:\/\/alchemy-asia.com\/vi\/wp-content\/uploads\/sites\/3\/2017\/07\/WEBSITE-11.png","datePublished":"2017-07-26T04:44:29+00:00","dateModified":"2024-09-12T08:50:16+00:00","breadcrumb":{"@id":"https:\/\/alchemy-asia.com\/vi\/san-pham\/bols-triple-sec\/#breadcrumb"},"inLanguage":"vi","potentialAction":[{"@type":"ReadAction","target":["https:\/\/alchemy-asia.com\/vi\/san-pham\/bols-triple-sec\/"]}]},{"@type":"ImageObject","inLanguage":"vi","@id":"https:\/\/alchemy-asia.com\/vi\/san-pham\/bols-triple-sec\/#primaryimage","url":"https:\/\/alchemy-asia.com\/vi\/wp-content\/uploads\/sites\/3\/2017\/07\/WEBSITE-11.png","contentUrl":"https:\/\/alchemy-asia.com\/vi\/wp-content\/uploads\/sites\/3\/2017\/07\/WEBSITE-11.png","width":2480,"height":2480,"caption":"Bols Triple Sec"},{"@type":"BreadcrumbList","@id":"https:\/\/alchemy-asia.com\/vi\/san-pham\/bols-triple-sec\/#breadcrumb","itemListElement":[{"@type":"ListItem","position":1,"name":"Home","item":"https:\/\/alchemy-asia.com\/vi\/"},{"@type":"ListItem","position":2,"name":"Bols Triple Sec"}]},{"@type":"WebSite","@id":"https:\/\/alchemy-asia.com\/vi\/#website","url":"https:\/\/alchemy-asia.com\/vi\/","name":"Alchemy Asia","description":"Just another Alchemy Asia Sites site","potentialAction":[{"@type":"SearchAction","target":{"@type":"EntryPoint","urlTemplate":"https:\/\/alchemy-asia.com\/vi\/?s={search_term_string}"},"query-input":"required name=search_term_string"}],"inLanguage":"vi"}]}},"_links":{"self":[{"href":"https:\/\/alchemy-asia.com\/vi\/wp-json\/wp\/v2\/product\/989","targetHints":{"allow":["GET"]}}],"collection":[{"href":"https:\/\/alchemy-asia.com\/vi\/wp-json\/wp\/v2\/product"}],"about":[{"href":"https:\/\/alchemy-asia.com\/vi\/wp-json\/wp\/v2\/types\/product"}],"replies":[{"embeddable":true,"href":"https:\/\/alchemy-asia.com\/vi\/wp-json\/wp\/v2\/comments?post=989"}],"wp:featuredmedia":[{"embeddable":true,"href":"https:\/\/alchemy-asia.com\/vi\/wp-json\/wp\/v2\/media\/8837"}],"wp:attachment":[{"href":"https:\/\/alchemy-asia.com\/vi\/wp-json\/wp\/v2\/media?parent=989"}],"wp:term":[{"taxonomy":"product_cat","embeddable":true,"href":"https:\/\/alchemy-asia.com\/vi\/wp-json\/wp\/v2\/product_cat?post=989"},{"taxonomy":"product_tag","embeddable":true,"href":"https:\/\/alchemy-asia.com\/vi\/wp-json\/wp\/v2\/product_tag?post=989"}],"curies":[{"name":"wp","href":"https:\/\/api.w.org\/{rel}","templated":true}]}}