{"id":999,"date":"2017-07-26T04:48:42","date_gmt":"2017-07-26T04:48:42","guid":{"rendered":"http:\/\/alchemy-asia.com\/vi\/?post_type=product&#038;p=999"},"modified":"2024-08-06T02:42:58","modified_gmt":"2024-08-06T02:42:58","slug":"jose-cuervo-tradicional-silver","status":"publish","type":"product","link":"https:\/\/alchemy-asia.com\/vi\/san-pham\/jose-cuervo-tradicional-silver\/","title":{"rendered":"Jose Cuervo Tradicional Silver"},"content":{"rendered":"","protected":false},"excerpt":{"rendered":"<p><span data-sheets-root=\"1\">Jose Cuervo Tradicional Silver \u0111\u01b0\u1ee3c l\u00e0m t\u1eeb 100% qu\u1ea3 th\u00f9a gai xanh theo \u0111\u00fang c\u00f4ng th\u1ee9c truy\u1ec1n th\u1ed1ng c\u0169ng nh\u01b0 c\u00e1ch th\u1ee9c \u0111\u01b0\u1ee3c Jose Cuervo s\u00e1ng ch\u1ebf v\u00e0o n\u0103m 1795. \u0110\u01b0\u1ee3c ch\u01b0ng c\u1ea5t 2 l\u1ea7n \u0111\u1ec3 tequila th\u00eam m\u01b0\u1ee3t m\u00e0 v\u00e0 l\u00e0m l\u1ea1nh \u0111\u1ebfn 0 \u0111\u1ed9 C.<\/span><\/p>\n","protected":false},"featured_media":8808,"comment_status":"open","ping_status":"closed","template":"","meta":{"_acf_changed":false},"product_cat":[60],"product_tag":[],"class_list":{"0":"post-999","1":"product","2":"type-product","3":"status-publish","4":"has-post-thumbnail","6":"product_cat-tequila","7":"brand-jose-cuervo","9":"first","10":"instock","11":"shipping-taxable","12":"product-type-simple"},"acf":[],"yoast_head":"<!-- This site is optimized with the Yoast SEO plugin v23.0 - https:\/\/yoast.com\/wordpress\/plugins\/seo\/ -->\n<title>Jose Cuervo Tradicional Silver - Alchemy Asia<\/title>\n<meta name=\"robots\" content=\"index, follow, max-snippet:-1, max-image-preview:large, max-video-preview:-1\" \/>\n<link rel=\"canonical\" href=\"https:\/\/alchemy-asia.com\/vi\/san-pham\/jose-cuervo-tradicional-silver\/\" \/>\n<meta property=\"og:locale\" content=\"vi_VN\" \/>\n<meta property=\"og:type\" content=\"article\" \/>\n<meta property=\"og:title\" content=\"Jose Cuervo Tradicional Silver - Alchemy Asia\" \/>\n<meta property=\"og:description\" content=\"Jose Cuervo Tradicional Silver \u0111\u01b0\u1ee3c l\u00e0m t\u1eeb 100% qu\u1ea3 th\u00f9a gai xanh theo \u0111\u00fang c\u00f4ng th\u1ee9c truy\u1ec1n th\u1ed1ng c\u0169ng nh\u01b0 c\u00e1ch th\u1ee9c \u0111\u01b0\u1ee3c Jose Cuervo s\u00e1ng ch\u1ebf v\u00e0o n\u0103m 1795. \u0110\u01b0\u1ee3c ch\u01b0ng c\u1ea5t 2 l\u1ea7n \u0111\u1ec3 tequila th\u00eam m\u01b0\u1ee3t m\u00e0 v\u00e0 l\u00e0m l\u1ea1nh \u0111\u1ebfn 0 \u0111\u1ed9 C.\" \/>\n<meta property=\"og:url\" content=\"https:\/\/alchemy-asia.com\/vi\/san-pham\/jose-cuervo-tradicional-silver\/\" \/>\n<meta property=\"og:site_name\" content=\"Alchemy Asia\" \/>\n<meta property=\"article:modified_time\" content=\"2024-08-06T02:42:58+00:00\" \/>\n<meta property=\"og:image\" content=\"https:\/\/alchemy-asia.com\/vi\/wp-content\/uploads\/sites\/3\/2017\/07\/Jose-Cuervo-Tradicional-Tequila.png\" \/>\n\t<meta property=\"og:image:width\" content=\"2480\" \/>\n\t<meta property=\"og:image:height\" content=\"2480\" \/>\n\t<meta property=\"og:image:type\" content=\"image\/png\" \/>\n<meta name=\"twitter:card\" content=\"summary_large_image\" \/>\n<meta name=\"twitter:label1\" content=\"\u01af\u1edbc t\u00ednh th\u1eddi gian \u0111\u1ecdc\" \/>\n\t<meta name=\"twitter:data1\" content=\"1 ph\u00fat\" \/>\n<script type=\"application\/ld+json\" class=\"yoast-schema-graph\">{\"@context\":\"https:\/\/schema.org\",\"@graph\":[{\"@type\":\"WebPage\",\"@id\":\"https:\/\/alchemy-asia.com\/vi\/san-pham\/jose-cuervo-tradicional-silver\/\",\"url\":\"https:\/\/alchemy-asia.com\/vi\/san-pham\/jose-cuervo-tradicional-silver\/\",\"name\":\"Jose Cuervo Tradicional Silver - Alchemy Asia\",\"isPartOf\":{\"@id\":\"https:\/\/alchemy-asia.com\/vi\/#website\"},\"primaryImageOfPage\":{\"@id\":\"https:\/\/alchemy-asia.com\/vi\/san-pham\/jose-cuervo-tradicional-silver\/#primaryimage\"},\"image\":{\"@id\":\"https:\/\/alchemy-asia.com\/vi\/san-pham\/jose-cuervo-tradicional-silver\/#primaryimage\"},\"thumbnailUrl\":\"https:\/\/alchemy-asia.com\/vi\/wp-content\/uploads\/sites\/3\/2017\/07\/Jose-Cuervo-Tradicional-Tequila.png\",\"datePublished\":\"2017-07-26T04:48:42+00:00\",\"dateModified\":\"2024-08-06T02:42:58+00:00\",\"breadcrumb\":{\"@id\":\"https:\/\/alchemy-asia.com\/vi\/san-pham\/jose-cuervo-tradicional-silver\/#breadcrumb\"},\"inLanguage\":\"vi\",\"potentialAction\":[{\"@type\":\"ReadAction\",\"target\":[\"https:\/\/alchemy-asia.com\/vi\/san-pham\/jose-cuervo-tradicional-silver\/\"]}]},{\"@type\":\"ImageObject\",\"inLanguage\":\"vi\",\"@id\":\"https:\/\/alchemy-asia.com\/vi\/san-pham\/jose-cuervo-tradicional-silver\/#primaryimage\",\"url\":\"https:\/\/alchemy-asia.com\/vi\/wp-content\/uploads\/sites\/3\/2017\/07\/Jose-Cuervo-Tradicional-Tequila.png\",\"contentUrl\":\"https:\/\/alchemy-asia.com\/vi\/wp-content\/uploads\/sites\/3\/2017\/07\/Jose-Cuervo-Tradicional-Tequila.png\",\"width\":2480,\"height\":2480,\"caption\":\"Jose Cuervo Tradicional Tequila\"},{\"@type\":\"BreadcrumbList\",\"@id\":\"https:\/\/alchemy-asia.com\/vi\/san-pham\/jose-cuervo-tradicional-silver\/#breadcrumb\",\"itemListElement\":[{\"@type\":\"ListItem\",\"position\":1,\"name\":\"Home\",\"item\":\"https:\/\/alchemy-asia.com\/vi\/\"},{\"@type\":\"ListItem\",\"position\":2,\"name\":\"Jose Cuervo Tradicional Silver\"}]},{\"@type\":\"WebSite\",\"@id\":\"https:\/\/alchemy-asia.com\/vi\/#website\",\"url\":\"https:\/\/alchemy-asia.com\/vi\/\",\"name\":\"Alchemy Asia\",\"description\":\"Just another Alchemy Asia Sites site\",\"potentialAction\":[{\"@type\":\"SearchAction\",\"target\":{\"@type\":\"EntryPoint\",\"urlTemplate\":\"https:\/\/alchemy-asia.com\/vi\/?s={search_term_string}\"},\"query-input\":\"required name=search_term_string\"}],\"inLanguage\":\"vi\"}]}<\/script>\n<!-- \/ Yoast SEO plugin. -->","yoast_head_json":{"title":"Jose Cuervo Tradicional Silver - Alchemy Asia","robots":{"index":"index","follow":"follow","max-snippet":"max-snippet:-1","max-image-preview":"max-image-preview:large","max-video-preview":"max-video-preview:-1"},"canonical":"https:\/\/alchemy-asia.com\/vi\/san-pham\/jose-cuervo-tradicional-silver\/","og_locale":"vi_VN","og_type":"article","og_title":"Jose Cuervo Tradicional Silver - Alchemy Asia","og_description":"Jose Cuervo Tradicional Silver \u0111\u01b0\u1ee3c l\u00e0m t\u1eeb 100% qu\u1ea3 th\u00f9a gai xanh theo \u0111\u00fang c\u00f4ng th\u1ee9c truy\u1ec1n th\u1ed1ng c\u0169ng nh\u01b0 c\u00e1ch th\u1ee9c \u0111\u01b0\u1ee3c Jose Cuervo s\u00e1ng ch\u1ebf v\u00e0o n\u0103m 1795. \u0110\u01b0\u1ee3c ch\u01b0ng c\u1ea5t 2 l\u1ea7n \u0111\u1ec3 tequila th\u00eam m\u01b0\u1ee3t m\u00e0 v\u00e0 l\u00e0m l\u1ea1nh \u0111\u1ebfn 0 \u0111\u1ed9 C.","og_url":"https:\/\/alchemy-asia.com\/vi\/san-pham\/jose-cuervo-tradicional-silver\/","og_site_name":"Alchemy Asia","article_modified_time":"2024-08-06T02:42:58+00:00","og_image":[{"width":2480,"height":2480,"url":"https:\/\/alchemy-asia.com\/vi\/wp-content\/uploads\/sites\/3\/2017\/07\/Jose-Cuervo-Tradicional-Tequila.png","type":"image\/png"}],"twitter_card":"summary_large_image","twitter_misc":{"\u01af\u1edbc t\u00ednh th\u1eddi gian \u0111\u1ecdc":"1 ph\u00fat"},"schema":{"@context":"https:\/\/schema.org","@graph":[{"@type":"WebPage","@id":"https:\/\/alchemy-asia.com\/vi\/san-pham\/jose-cuervo-tradicional-silver\/","url":"https:\/\/alchemy-asia.com\/vi\/san-pham\/jose-cuervo-tradicional-silver\/","name":"Jose Cuervo Tradicional Silver - Alchemy Asia","isPartOf":{"@id":"https:\/\/alchemy-asia.com\/vi\/#website"},"primaryImageOfPage":{"@id":"https:\/\/alchemy-asia.com\/vi\/san-pham\/jose-cuervo-tradicional-silver\/#primaryimage"},"image":{"@id":"https:\/\/alchemy-asia.com\/vi\/san-pham\/jose-cuervo-tradicional-silver\/#primaryimage"},"thumbnailUrl":"https:\/\/alchemy-asia.com\/vi\/wp-content\/uploads\/sites\/3\/2017\/07\/Jose-Cuervo-Tradicional-Tequila.png","datePublished":"2017-07-26T04:48:42+00:00","dateModified":"2024-08-06T02:42:58+00:00","breadcrumb":{"@id":"https:\/\/alchemy-asia.com\/vi\/san-pham\/jose-cuervo-tradicional-silver\/#breadcrumb"},"inLanguage":"vi","potentialAction":[{"@type":"ReadAction","target":["https:\/\/alchemy-asia.com\/vi\/san-pham\/jose-cuervo-tradicional-silver\/"]}]},{"@type":"ImageObject","inLanguage":"vi","@id":"https:\/\/alchemy-asia.com\/vi\/san-pham\/jose-cuervo-tradicional-silver\/#primaryimage","url":"https:\/\/alchemy-asia.com\/vi\/wp-content\/uploads\/sites\/3\/2017\/07\/Jose-Cuervo-Tradicional-Tequila.png","contentUrl":"https:\/\/alchemy-asia.com\/vi\/wp-content\/uploads\/sites\/3\/2017\/07\/Jose-Cuervo-Tradicional-Tequila.png","width":2480,"height":2480,"caption":"Jose Cuervo Tradicional Tequila"},{"@type":"BreadcrumbList","@id":"https:\/\/alchemy-asia.com\/vi\/san-pham\/jose-cuervo-tradicional-silver\/#breadcrumb","itemListElement":[{"@type":"ListItem","position":1,"name":"Home","item":"https:\/\/alchemy-asia.com\/vi\/"},{"@type":"ListItem","position":2,"name":"Jose Cuervo Tradicional Silver"}]},{"@type":"WebSite","@id":"https:\/\/alchemy-asia.com\/vi\/#website","url":"https:\/\/alchemy-asia.com\/vi\/","name":"Alchemy Asia","description":"Just another Alchemy Asia Sites site","potentialAction":[{"@type":"SearchAction","target":{"@type":"EntryPoint","urlTemplate":"https:\/\/alchemy-asia.com\/vi\/?s={search_term_string}"},"query-input":"required name=search_term_string"}],"inLanguage":"vi"}]}},"_links":{"self":[{"href":"https:\/\/alchemy-asia.com\/vi\/wp-json\/wp\/v2\/product\/999","targetHints":{"allow":["GET"]}}],"collection":[{"href":"https:\/\/alchemy-asia.com\/vi\/wp-json\/wp\/v2\/product"}],"about":[{"href":"https:\/\/alchemy-asia.com\/vi\/wp-json\/wp\/v2\/types\/product"}],"replies":[{"embeddable":true,"href":"https:\/\/alchemy-asia.com\/vi\/wp-json\/wp\/v2\/comments?post=999"}],"wp:featuredmedia":[{"embeddable":true,"href":"https:\/\/alchemy-asia.com\/vi\/wp-json\/wp\/v2\/media\/8808"}],"wp:attachment":[{"href":"https:\/\/alchemy-asia.com\/vi\/wp-json\/wp\/v2\/media?parent=999"}],"wp:term":[{"taxonomy":"product_cat","embeddable":true,"href":"https:\/\/alchemy-asia.com\/vi\/wp-json\/wp\/v2\/product_cat?post=999"},{"taxonomy":"product_tag","embeddable":true,"href":"https:\/\/alchemy-asia.com\/vi\/wp-json\/wp\/v2\/product_tag?post=999"}],"curies":[{"name":"wp","href":"https:\/\/api.w.org\/{rel}","templated":true}]}}